{"id":75054,"date":"2024-03-11T19:27:38","date_gmt":"2024-03-11T19:27:38","guid":{"rendered":"https:\/\/www.accuratereviews.com\/?page_id=75054"},"modified":"2024-03-12T11:14:53","modified_gmt":"2024-03-12T11:14:53","slug":"bookingtimes-recensione","status":"publish","type":"page","link":"https:\/\/www.accuratereviews.com\/it\/gestionale-per-parrucchieri\/bookingtimes-recensione\/","title":{"rendered":"BookingTimes"},"content":{"rendered":"<p><strong>BookingTimes<\/strong> \u00e8 una <strong>soluzione di gestione aziendale<\/strong> e delle prenotazioni per cliniche sanitarie, massaggiatori, parrucchieri e spa, che supporta qualsiasi aspetto: dalla gestione dei pazienti alle segnalazioni e al marketing. Il programma aiuta gli utenti ad acquisire nuovi clienti, a semplificare i processi della struttura e a gestire il personale attraverso il proprio sito web.<br \/>\nIl sito web creato con questa soluzione \u00e8 ottimizzato per i dispositivi mobili e consente agli utenti di gestire gli orari dei propri professionisti, le prenotazioni online, i buoni regalo, i promemoria degli appuntamenti (sms ed email), la cronologia completa dei clienti, le note, la fatturazione, i report, il marketing e altro ancora.<\/p>\n<h2>BOOKINGTIMES &#8211; TUTORIAL<\/h2>\n<div id=\"fluid-wrapper-counter-1\" class=\"g1-fluid-wrapper \" style=\"width:686px;\">\n<div style=\"padding-bottom:56.268221574344%;\"><iframe loading=\"lazy\" title=\"BookingTimes Introduction - Business Management Platform\" width=\"686\" height=\"386\" src=\"https:\/\/www.youtube.com\/embed\/prsdDjtnybI?feature=oembed&amp;wmode=transparent&amp;autohide=1&amp;autoplay=0&amp;disablekb=0&amp;fs=1&amp;loop=0&amp;enablejsapi=1&amp;rel=0&amp;controls=2&amp;showinfo=0&amp;wmode=transparent&amp;autohide=2&amp;autoplay=0&amp;disablekb=0&amp;fs=1&amp;loop=0&amp;enablejsapi=1&amp;rel=0&amp;controls=2&amp;showinfo=1\" frameborder=\"0\" allow=\"accelerometer; autoplay; clipboard-write; encrypted-media; gyroscope; picture-in-picture; web-share\" allowfullscreen><\/iframe><\/div>\n<\/div>\n<h3>BOOKINGTIMES &#8211; CARATTERISTICHE<\/h3>\n<ul>\n<li><strong>Gestione dei clienti<\/strong>: conoscere il tuo cliente e raggiungerlo \u00e8 una cosa che ha reso la tua vita molto pi\u00f9 semplice.<\/li>\n<li><strong>Operare in modo efficiente<\/strong>: monitorare i tuoi sforzi insieme alla variazione delle entrate \u00e8 un ottimo modo per iniziare a costruire abilmente la tua attivit\u00e0 e scoprire dove troverai il rendimento pi\u00f9 elevato.<\/li>\n<li><strong>Funzionalit\u00e0 estese di automazione<\/strong>: convenienza, disponibilit\u00e0, trasparenza e controllo.<\/li>\n<li><strong>Sistema LMS integrato<\/strong>: la vasta gamma di servizi include un sistema di gestione dell&#8217;apprendimento online facile da usare e facile da vendere.<\/li>\n<li><strong>Un prodotto efficiente<\/strong>: l&#8217;efficienza del prodotto nel business basato sui servizi significa capire qual \u00e8 la propria capacit\u00e0 di produrre tempo sufficiente per coprire la responsabilit\u00e0. Operare in modo efficiente \u00e8 fondamentale.<\/li>\n<li><strong>Spendi meno per prendere di pi\u00f9:<\/strong> gli investimenti saggi nella tua azienda avranno sempre un ritorno. Automazione, affidabilit\u00e0 e branding sono un ottimo punto di partenza.<\/li>\n<li><strong>Scegli il design del tuo sito web:<\/strong> scegli uno dei fantastici modelli di sito web, porta un designer, diventa creativo con l&#8217;editor di siti web drag &amp; drop facile da usare o richiedi un design personalizzato al team di progettazione interno.<\/li>\n<li><strong>Raccontaci della tua attivit\u00e0<\/strong>: una volta scelto il modello, completa un semplice modulo che descrive la tua attivit\u00e0, i servizi che offri e quanto ti viene addebitato. Carica il tuo logo e guarda la magia accadere. Il sistema inizier\u00e0 a compilare il tuo sito web per adattarlo al tuo marchio e a configurare il backend per adattarlo alla tua offerta.<\/li>\n<li><strong>Andare in diretta<\/strong>: quando sei pronto per avviare la tua attivit\u00e0, domunicalo tramite la dashboard. Siediti e goditi le vendite automatizzate, la fatturazione, i promemoria e il follow-up: abbiamo tutto coperto.<\/li>\n<\/ul>\n<h4>LE RECENSIONI DEGLI UTENTI<\/h4>\n<p><strong>Maggie &#8220;Maggie Nolan- Massaggiatore correttivo&#8221;<\/strong><br \/>\n<strong>Commenti<\/strong>: Eccellente, posso contattare il mio sviluppatore ogni volta che ho un problema con qualsiasi cosa e la risposta \u00e8 stata molto rapida e risolta molto rapidamente.<br \/>\n<strong>Pro<\/strong>: La facilit\u00e0 del sito web, la configurazione, la facilit\u00e0 di poter modificare le cose da solo. La facilit\u00e0 con cui i clienti possono prenotare. Ho ricevuto molto lavoro grazie al sito web.<br \/>\n<strong>Contro<\/strong>: Mi \u00e8 piaciuto tutto di questo servizio web.<\/p>\n<p><strong>Kristine &#8220;Aiuta quando necessario&#8221;<\/strong><br \/>\n<strong>Commenti<\/strong>: \u00c8 stato facile da usare e il servizio clienti \u00e8 stato rapido e utile.<br \/>\n<strong>Pro<\/strong>: Quando non ho potuto lavorare a causa di un problema medico, BookingTimes era l\u00ec per aiutarmi ed \u00e8 stato molto gentile e comprensivo della mia situazione.<br \/>\n<strong>Contro<\/strong>: Solo l&#8217;elaborazione dei rimborsi e la modifica dei saldi.<\/p>\n<p><strong>Jana &#8220;Fornitore di servizi di prima classe&#8221;<\/strong><br \/>\n<strong>Pro<\/strong>: Ogni aspetto di questo prodotto \u00e8 un servizio completo! Il supporto del back office e il team dedicato sono i migliori del settore! Soddisfazione al 100%!!!<br \/>\n<strong>Contro<\/strong>: Non ho trovato nessun contro!<\/p>\n","protected":false},"excerpt":{"rendered":"<p>BookingTimes \u00e8 una soluzione di gestione aziendale e delle prenotazioni per cliniche sanitarie, massaggiatori, parrucchieri e spa, che supporta qualsiasi aspetto: dalla gestione dei pazienti alle segnalazioni e al marketing. Il programma aiuta gli utenti ad acquisire nuovi clienti, a semplificare i processi della struttura e a gestire il personale attraverso il proprio sito web.<\/p>\n","protected":false},"author":19,"featured_media":75062,"parent":33071,"menu_order":0,"comment_status":"open","ping_status":"closed","template":"g1_template_page_review_new.php","meta":{"_acf_changed":false,"cwp_meta_box_check":"No","cwp_rev_product_name":"","cwp_rev_product_image":"","wppr_links":[],"cwp_rev_price":"","wppr_options":[],"wppr_pros":[],"wppr_cons":[],"_monsterinsights_skip_tracking":false,"_monsterinsights_sitenote_active":false,"_monsterinsights_sitenote_note":"","_monsterinsights_sitenote_category":0,"footnotes":""},"categories":[4186],"tags":[14987,14947,4267,14950,14949,14948],"features":[],"class_list":{"0":"post-75054","1":"page","2":"type-page","3":"status-publish","4":"has-post-thumbnail","6":"category-gestionali-per-parrucchieri","7":"tag-bookingtimes","8":"tag-gestionale-parrucchieri","9":"tag-piattaforma-gestionale-parrucchieri","10":"tag-programma-gestionale-parrucchieri","11":"tag-software-gestionale-parrucchieri","12":"tag-soluzione-gestionale-parrucchieri"},"wppr_data":{"cwp_meta_box_check":"No"},"acf":[],"yoast_head":"<!-- This site is optimized with the Yoast SEO plugin v27.4 - https:\/\/yoast.com\/product\/yoast-seo-wordpress\/ -->\n<title>BookingTimes: recensione software gestionale parrucchieri - Accurate Reviews<\/title>\n<meta name=\"description\" content=\"BookingTimes: recensione software gestionale parrucchieri che supporta qualsiasi aspetto di gestione aziendale e delle prenotazioni.\" \/>\n<meta name=\"robots\" content=\"index, follow, max-snippet:-1, max-image-preview:large, max-video-preview:-1\" \/>\n<link rel=\"canonical\" href=\"https:\/\/www.accuratereviews.com\/it\/gestionale-per-parrucchieri\/bookingtimes-recensione\/\" \/>\n<meta property=\"og:locale\" content=\"it_IT\" \/>\n<meta property=\"og:type\" content=\"article\" \/>\n<meta property=\"og:title\" content=\"BookingTimes: recensione software gestionale parrucchieri - Accurate Reviews\" \/>\n<meta property=\"og:description\" content=\"BookingTimes: recensione software gestionale parrucchieri che supporta qualsiasi aspetto di gestione aziendale e delle prenotazioni.\" \/>\n<meta property=\"og:url\" content=\"https:\/\/www.accuratereviews.com\/it\/gestionale-per-parrucchieri\/bookingtimes-recensione\/\" \/>\n<meta property=\"og:site_name\" content=\"Accurate Reviews\" \/>\n<meta property=\"article:modified_time\" content=\"2024-03-12T11:14:53+00:00\" \/>\n<meta property=\"og:image\" content=\"https:\/\/www.accuratereviews.com\/wp-content\/uploads\/2024\/03\/BookingTimes.jpeg\" \/>\n\t<meta property=\"og:image:width\" content=\"225\" \/>\n\t<meta property=\"og:image:height\" content=\"225\" \/>\n\t<meta property=\"og:image:type\" content=\"image\/jpeg\" \/>\n<meta name=\"twitter:card\" content=\"summary_large_image\" \/>\n<meta name=\"twitter:label1\" content=\"Tempo di lettura stimato\" \/>\n\t<meta name=\"twitter:data1\" content=\"4 minuti\" \/>\n<script type=\"application\/ld+json\" class=\"yoast-schema-graph\">{\"@context\":\"https:\\\/\\\/schema.org\",\"@graph\":[{\"@type\":\"WebPage\",\"@id\":\"https:\\\/\\\/www.accuratereviews.com\\\/it\\\/gestionale-per-parrucchieri\\\/bookingtimes-recensione\\\/\",\"url\":\"https:\\\/\\\/www.accuratereviews.com\\\/it\\\/gestionale-per-parrucchieri\\\/bookingtimes-recensione\\\/\",\"name\":\"BookingTimes: recensione software gestionale parrucchieri - Accurate Reviews\",\"isPartOf\":{\"@id\":\"https:\\\/\\\/www.accuratereviews.com\\\/it\\\/#website\"},\"primaryImageOfPage\":{\"@id\":\"https:\\\/\\\/www.accuratereviews.com\\\/it\\\/gestionale-per-parrucchieri\\\/bookingtimes-recensione\\\/#primaryimage\"},\"image\":{\"@id\":\"https:\\\/\\\/www.accuratereviews.com\\\/it\\\/gestionale-per-parrucchieri\\\/bookingtimes-recensione\\\/#primaryimage\"},\"thumbnailUrl\":\"https:\\\/\\\/www.accuratereviews.com\\\/wp-content\\\/uploads\\\/2024\\\/03\\\/BookingTimes.jpeg\",\"datePublished\":\"2024-03-11T19:27:38+00:00\",\"dateModified\":\"2024-03-12T11:14:53+00:00\",\"description\":\"BookingTimes: recensione software gestionale parrucchieri che supporta qualsiasi aspetto di gestione aziendale e delle prenotazioni.\",\"breadcrumb\":{\"@id\":\"https:\\\/\\\/www.accuratereviews.com\\\/it\\\/gestionale-per-parrucchieri\\\/bookingtimes-recensione\\\/#breadcrumb\"},\"inLanguage\":\"it-IT\",\"potentialAction\":[{\"@type\":\"ReadAction\",\"target\":[\"https:\\\/\\\/www.accuratereviews.com\\\/it\\\/gestionale-per-parrucchieri\\\/bookingtimes-recensione\\\/\"]}]},{\"@type\":\"ImageObject\",\"inLanguage\":\"it-IT\",\"@id\":\"https:\\\/\\\/www.accuratereviews.com\\\/it\\\/gestionale-per-parrucchieri\\\/bookingtimes-recensione\\\/#primaryimage\",\"url\":\"https:\\\/\\\/www.accuratereviews.com\\\/wp-content\\\/uploads\\\/2024\\\/03\\\/BookingTimes.jpeg\",\"contentUrl\":\"https:\\\/\\\/www.accuratereviews.com\\\/wp-content\\\/uploads\\\/2024\\\/03\\\/BookingTimes.jpeg\",\"width\":225,\"height\":225},{\"@type\":\"BreadcrumbList\",\"@id\":\"https:\\\/\\\/www.accuratereviews.com\\\/it\\\/gestionale-per-parrucchieri\\\/bookingtimes-recensione\\\/#breadcrumb\",\"itemListElement\":[{\"@type\":\"ListItem\",\"position\":1,\"name\":\"Home\",\"item\":\"https:\\\/\\\/www.accuratereviews.com\\\/it\\\/\"},{\"@type\":\"ListItem\",\"position\":2,\"name\":\"Gestionale per parrucchieri\",\"item\":\"https:\\\/\\\/www.accuratereviews.com\\\/it\\\/gestionale-per-parrucchieri\\\/\"},{\"@type\":\"ListItem\",\"position\":3,\"name\":\"BookingTimes\"}]},{\"@type\":\"WebSite\",\"@id\":\"https:\\\/\\\/www.accuratereviews.com\\\/it\\\/#website\",\"url\":\"https:\\\/\\\/www.accuratereviews.com\\\/it\\\/\",\"name\":\"Accurate Reviews\",\"description\":\"\",\"potentialAction\":[{\"@type\":\"SearchAction\",\"target\":{\"@type\":\"EntryPoint\",\"urlTemplate\":\"https:\\\/\\\/www.accuratereviews.com\\\/it\\\/?s={search_term_string}\"},\"query-input\":{\"@type\":\"PropertyValueSpecification\",\"valueRequired\":true,\"valueName\":\"search_term_string\"}}],\"inLanguage\":\"it-IT\"}]}<\/script>\n<!-- \/ Yoast SEO plugin. -->","yoast_head_json":{"title":"BookingTimes: recensione software gestionale parrucchieri - Accurate Reviews","description":"BookingTimes: recensione software gestionale parrucchieri che supporta qualsiasi aspetto di gestione aziendale e delle prenotazioni.","robots":{"index":"index","follow":"follow","max-snippet":"max-snippet:-1","max-image-preview":"max-image-preview:large","max-video-preview":"max-video-preview:-1"},"canonical":"https:\/\/www.accuratereviews.com\/it\/gestionale-per-parrucchieri\/bookingtimes-recensione\/","og_locale":"it_IT","og_type":"article","og_title":"BookingTimes: recensione software gestionale parrucchieri - Accurate Reviews","og_description":"BookingTimes: recensione software gestionale parrucchieri che supporta qualsiasi aspetto di gestione aziendale e delle prenotazioni.","og_url":"https:\/\/www.accuratereviews.com\/it\/gestionale-per-parrucchieri\/bookingtimes-recensione\/","og_site_name":"Accurate Reviews","article_modified_time":"2024-03-12T11:14:53+00:00","og_image":[{"width":225,"height":225,"url":"https:\/\/www.accuratereviews.com\/wp-content\/uploads\/2024\/03\/BookingTimes.jpeg","type":"image\/jpeg"}],"twitter_card":"summary_large_image","twitter_misc":{"Tempo di lettura stimato":"4 minuti"},"schema":{"@context":"https:\/\/schema.org","@graph":[{"@type":"WebPage","@id":"https:\/\/www.accuratereviews.com\/it\/gestionale-per-parrucchieri\/bookingtimes-recensione\/","url":"https:\/\/www.accuratereviews.com\/it\/gestionale-per-parrucchieri\/bookingtimes-recensione\/","name":"BookingTimes: recensione software gestionale parrucchieri - Accurate Reviews","isPartOf":{"@id":"https:\/\/www.accuratereviews.com\/it\/#website"},"primaryImageOfPage":{"@id":"https:\/\/www.accuratereviews.com\/it\/gestionale-per-parrucchieri\/bookingtimes-recensione\/#primaryimage"},"image":{"@id":"https:\/\/www.accuratereviews.com\/it\/gestionale-per-parrucchieri\/bookingtimes-recensione\/#primaryimage"},"thumbnailUrl":"https:\/\/www.accuratereviews.com\/wp-content\/uploads\/2024\/03\/BookingTimes.jpeg","datePublished":"2024-03-11T19:27:38+00:00","dateModified":"2024-03-12T11:14:53+00:00","description":"BookingTimes: recensione software gestionale parrucchieri che supporta qualsiasi aspetto di gestione aziendale e delle prenotazioni.","breadcrumb":{"@id":"https:\/\/www.accuratereviews.com\/it\/gestionale-per-parrucchieri\/bookingtimes-recensione\/#breadcrumb"},"inLanguage":"it-IT","potentialAction":[{"@type":"ReadAction","target":["https:\/\/www.accuratereviews.com\/it\/gestionale-per-parrucchieri\/bookingtimes-recensione\/"]}]},{"@type":"ImageObject","inLanguage":"it-IT","@id":"https:\/\/www.accuratereviews.com\/it\/gestionale-per-parrucchieri\/bookingtimes-recensione\/#primaryimage","url":"https:\/\/www.accuratereviews.com\/wp-content\/uploads\/2024\/03\/BookingTimes.jpeg","contentUrl":"https:\/\/www.accuratereviews.com\/wp-content\/uploads\/2024\/03\/BookingTimes.jpeg","width":225,"height":225},{"@type":"BreadcrumbList","@id":"https:\/\/www.accuratereviews.com\/it\/gestionale-per-parrucchieri\/bookingtimes-recensione\/#breadcrumb","itemListElement":[{"@type":"ListItem","position":1,"name":"Home","item":"https:\/\/www.accuratereviews.com\/it\/"},{"@type":"ListItem","position":2,"name":"Gestionale per parrucchieri","item":"https:\/\/www.accuratereviews.com\/it\/gestionale-per-parrucchieri\/"},{"@type":"ListItem","position":3,"name":"BookingTimes"}]},{"@type":"WebSite","@id":"https:\/\/www.accuratereviews.com\/it\/#website","url":"https:\/\/www.accuratereviews.com\/it\/","name":"Accurate Reviews","description":"","potentialAction":[{"@type":"SearchAction","target":{"@type":"EntryPoint","urlTemplate":"https:\/\/www.accuratereviews.com\/it\/?s={search_term_string}"},"query-input":{"@type":"PropertyValueSpecification","valueRequired":true,"valueName":"search_term_string"}}],"inLanguage":"it-IT"}]}},"_links":{"self":[{"href":"https:\/\/www.accuratereviews.com\/it\/wp-json\/wp\/v2\/pages\/75054","targetHints":{"allow":["GET"]}}],"collection":[{"href":"https:\/\/www.accuratereviews.com\/it\/wp-json\/wp\/v2\/pages"}],"about":[{"href":"https:\/\/www.accuratereviews.com\/it\/wp-json\/wp\/v2\/types\/page"}],"author":[{"embeddable":true,"href":"https:\/\/www.accuratereviews.com\/it\/wp-json\/wp\/v2\/users\/19"}],"replies":[{"embeddable":true,"href":"https:\/\/www.accuratereviews.com\/it\/wp-json\/wp\/v2\/comments?post=75054"}],"version-history":[{"count":9,"href":"https:\/\/www.accuratereviews.com\/it\/wp-json\/wp\/v2\/pages\/75054\/revisions"}],"predecessor-version":[{"id":75141,"href":"https:\/\/www.accuratereviews.com\/it\/wp-json\/wp\/v2\/pages\/75054\/revisions\/75141"}],"up":[{"embeddable":true,"href":"https:\/\/www.accuratereviews.com\/it\/wp-json\/wp\/v2\/pages\/33071"}],"wp:featuredmedia":[{"embeddable":true,"href":"https:\/\/www.accuratereviews.com\/it\/wp-json\/wp\/v2\/media\/75062"}],"wp:attachment":[{"href":"https:\/\/www.accuratereviews.com\/it\/wp-json\/wp\/v2\/media?parent=75054"}],"wp:term":[{"taxonomy":"category","embeddable":true,"href":"https:\/\/www.accuratereviews.com\/it\/wp-json\/wp\/v2\/categories?post=75054"},{"taxonomy":"post_tag","embeddable":true,"href":"https:\/\/www.accuratereviews.com\/it\/wp-json\/wp\/v2\/tags?post=75054"},{"taxonomy":"features","embeddable":true,"href":"https:\/\/www.accuratereviews.com\/it\/wp-json\/wp\/v2\/features?post=75054"}],"curies":[{"name":"wp","href":"https:\/\/api.w.org\/{rel}","templated":true}]}}