{"id":75126,"date":"2024-03-12T15:25:40","date_gmt":"2024-03-12T15:25:40","guid":{"rendered":"https:\/\/www.accuratereviews.com\/?page_id=75126"},"modified":"2024-03-13T11:13:28","modified_gmt":"2024-03-13T11:13:28","slug":"salonist-recensione","status":"publish","type":"page","link":"https:\/\/www.accuratereviews.com\/it\/gestionale-per-parrucchieri\/salonist-recensione\/","title":{"rendered":"Salonist"},"content":{"rendered":"<p><strong>Salonist<\/strong> \u00e8 un<strong> software di prenotazione e pianificazione<\/strong> che offre un&#8217;esperienza di gestione di saloni e spa, senza soluzione di continuit\u00e0, in grado di continuare a far tornare i tuoi clienti. Al centro di <strong>Salonist<\/strong> c&#8217;\u00e8 uno straordinario calendario personalizzabile che ti consente di gestire facilmente la tua attivit\u00e0 di <strong>parrucchiere o estetista<\/strong>\u00a0da qualsiasi luogo.<br \/>\nI tuoi clienti possono prenotare comodamente gli appuntamenti online in qualsiasi momento, ponendo le basi per un&#8217;esperienza cliente dinamica. Fornisce anche una suite di strumenti realizzati per migliorare la soddisfazione del cliente, aumentare le entrate e facilitare la gestione della tua attivit\u00e0. Scopri funzionalit\u00e0 intelligenti che automatizzano le tue attivit\u00e0 amministrative, facendoti risparmiare tempo prezioso e permettendoti di essere pi\u00f9 presente con i tuoi clienti, team e familiari.<\/p>\n<h2>SALONIST &#8211; TUTORIAL<\/h2>\n<div id=\"fluid-wrapper-counter-1\" class=\"g1-fluid-wrapper \" style=\"width:686px;\">\n<div style=\"padding-bottom:56.268221574344%;\"><iframe loading=\"lazy\" title=\"An Overview Of Salonist Software\" width=\"686\" height=\"386\" src=\"https:\/\/www.youtube.com\/embed\/SY32hIXZiRk?feature=oembed&amp;wmode=transparent&amp;autohide=1&amp;autoplay=0&amp;disablekb=0&amp;fs=1&amp;loop=0&amp;enablejsapi=1&amp;rel=0&amp;controls=2&amp;showinfo=0&amp;wmode=transparent&amp;autohide=2&amp;autoplay=0&amp;disablekb=0&amp;fs=1&amp;loop=0&amp;enablejsapi=1&amp;rel=0&amp;controls=2&amp;showinfo=1\" frameborder=\"0\" allow=\"accelerometer; autoplay; clipboard-write; encrypted-media; gyroscope; picture-in-picture; web-share\" allowfullscreen><\/iframe><\/div>\n<\/div>\n<h3>SALONIST &#8211; CARATTERISTICHE<\/h3>\n<ul>\n<li><strong>Prenotazione online<\/strong>: semplifica la gestione del salone, consentendo ai clienti di prenotare e cancellare appuntamenti online. Genera un link di prenotazione univoco per te. Pertanto, i clienti del tuo salone possono accedere alla pagina di prenotazione del servizio tramite i social media o il sito web, garantendo prenotazioni facili e convenienti.<\/li>\n<li><strong>Blocco degli slot<\/strong>: risolvi la confusione dei clienti evidenziando la disponibilit\u00e0 del personale attraverso la funzione di blocco degli slot nel sistema di gestione del salone evita cos\u00ec le doppie prenotazioni.<\/li>\n<li><strong>Prenotazione fuori orario<\/strong>: consenti ai clienti del tuo salone di prenotare appuntamenti dopo l&#8217;orario lavorativo, garantendo prenotazioni continue anche quando il salone \u00e8 chiuso. Questo gestore del salone basato sulle funzionalit\u00e0 migliora la crescita del business e i ricavi e offre ai clienti del salone la libert\u00e0 di programmare i servizi a loro piacimento.<\/li>\n<li><strong>Inventario centralizzato<\/strong>: gestisci l&#8217;inventario centralizzato per saloni multi-filiale. Tieni traccia delle quantit\u00e0 di prodotti di bellezza, previeni le carenze e garantisci una disponibilit\u00e0 continua.<\/li>\n<li><strong>Prenotazione adesione<\/strong>: la piattaforma ti consente di gestire gli abbonamenti dei clienti del tuo salone, garantendo vantaggi e incentivi speciali durante le prenotazioni dei servizi. Ci\u00f2 favorisce relazioni a lungo termine con i clienti, avvantaggiando in definitiva l\u2019attivit\u00e0 del salone.<\/li>\n<li><strong>Rapporti di audit<\/strong>: semplifica gli audit per ottenere report finanziari e di inventario privi di errori. Con le funzionalit\u00e0 intuitive dei migliori software di gestione del salone, accedi facilmente ai record di audit sull&#8217;app mobile, garantendo un&#8217;attivit\u00e0 di bellezza organizzata senza molto tempo e fatica.<\/li>\n<li><strong>Trasparenza<\/strong>: il software di pianificazione dei saloni garantisce trasparenza nella gestione dell&#8217;inventario, consentendo ai proprietari di verificare informazioni accurate sul conteggio degli articoli e sui requisiti per acquisti di prodotti efficaci.<br \/>\ntrasferimento<\/li>\n<li><strong>Marketing via email<\/strong>: semplifica le email promozionali per migliorare la fidelizzazione dei clienti. Personalizza le esperienze con auguri di compleanno, auguri di anniversario e offerte festive.<\/li>\n<li><strong>Ottieni pi\u00f9 recensioni<\/strong>: migliora la reputazione del tuo salone raccogliendo informazioni dettagliate sul tuo salone o sui servizi della spa. Valuta gli aspetti dalla prenotazione al pagamento, migliorando l&#8217;esperienza del cliente in base al feedback. Migliora aree specifiche per aumentare la soddisfazione generale.<\/li>\n<li><strong>Carte regalo<\/strong>: consenti ai clienti del tuo salone di acquistare buoni regalo di servizi come tagli di capelli e trattamenti per il viso per i loro cari. L&#8217;interfaccia intuitiva ti consente di creare ed elencare nuove carte regalo e promuovere i servizi del salone senza ulteriori sforzi.<\/li>\n<li><strong>Campagne SMS<\/strong>: potenzia il marketing del tuo salone con i servizi sms. Configura sms automatizzati per avvisare i tuoi clienti di prenotazioni e pagamenti, ridurre le mancate presentazioni e promuovere le ultime offerte.<\/li>\n<li><strong>Gestisci le transazioni<\/strong>: la soluzione offre un&#8217;interfaccia POS intuitiva per pagamenti e fatturazione senza interruzioni. Gestisci le transazioni senza sforzo, dagli sconti automatici per i clienti al monitoraggio delle commissioni per i dipendenti.<\/li>\n<li><strong>Integrazione del gateway di pagamento<\/strong>: integra gateway di pagamento come Paypal, Authorize.Net, Stripe e altri con il sistema per saloni. Semplifica le transazioni, migliora la flessibilit\u00e0 e offri un&#8217;esperienza di pagamento fluida ai tuoi clienti.<\/li>\n<li><strong>Pagamento in blocco<\/strong>: gestisci in modo sicuro le transazioni di massa. Semplifica il processo per transazioni rapide ed efficienti, migliorando le tue operazioni aziendali.<\/li>\n<li><strong>Rapporti di pagamento<\/strong>: fornisce report dettagliati sui pagamenti e approfondimenti sulle transazioni finanziarie. Tiene registri, monitora le entrate e ottiene una chiara panoramica delle prestazioni finanziarie del tuo salone per un processo decisionale informato.<\/li>\n<\/ul>\n<h4>LE RECENSIONI DEGLI UTENTI<\/h4>\n<p><strong>Kriti &#8220;Grazie Salonist della Amantran Beauty Clinic, Raipur, Chhattisgarh&#8221;<\/strong><br \/>\n<strong>Commenti<\/strong>: Promettente finora e non vedo l&#8217;ora di ricevere ulteriori aggiornamenti<br \/>\n<strong>Pro<\/strong>: Reporting: variet\u00e0 di opzioni di reporting Supporto rapido da parte del team di supporto tecnico<br \/>\n<strong>Contro<\/strong>: rimosso il collegamento da Biometric Dopo aver apportato modifiche all&#8217;elenco dei servizi, diventa complicato farlo manualmente poich\u00e9 non posso semplicemente digitare la ricerca e raggiungere l&#8217;elenco dei servizi in base al gruppo&#8230;<\/p>\n<p><strong>Sneha&#8221;Il miglior software per saloni e spa&#8221;<\/strong><br \/>\n<strong>Commenti<\/strong>: Ci\u00f2 ha reso la mia attivit\u00e0 sulla buona strada. Dalla fatturazione alla gestione dei clienti, alla gestione delle scorte, alle presenze dei dipendenti, alla gestione e alle buste paga, si \u00e8 occupata di tutto. Adoro questo software.<br \/>\n<strong>Pro<\/strong>: \u00c8 davvero facile da usare e l&#8217;interfaccia \u00e8 pulita e facile da capire. Rende davvero l&#8217;intero processo semplice ma professionale<br \/>\n<strong>Contro<\/strong>: Finora il software mi \u00e8 piaciuto e non c&#8217;\u00e8 nulla che non mi piaccia o che vorrei cambiare<\/p>\n<p><strong>Alejandro &#8220;Ottimo software e soluzione per il nostro personale&#8221;<\/strong><br \/>\n<strong>Commenti<\/strong>: adoro il software<br \/>\n<strong>Pro<\/strong>: \u00c8 uno strumento completo per la gestione di tutte le attivit\u00e0 della nostra spa<br \/>\n<strong>Contro<\/strong>: forse la traduzione in altre lingue deve essere fatta con attenzione.<\/p>\n","protected":false},"excerpt":{"rendered":"<p>Salonist \u00e8 un software di prenotazione e pianificazione che offre un&#8217;esperienza di gestione di saloni e spa senza soluzione di continuit\u00e0, in grado di continuare a far tornare i tuoi clienti. Al centro di Salonist c&#8217;\u00e8 uno straordinario calendario personalizzabile che ti consente di gestire facilmente la tua attivit\u00e0 di parrucchiere o estetista\u00a0da qualsiasi luogo.<\/p>\n","protected":false},"author":19,"featured_media":75127,"parent":33071,"menu_order":0,"comment_status":"open","ping_status":"closed","template":"g1_template_page_review_new.php","meta":{"_acf_changed":false,"cwp_meta_box_check":"No","cwp_rev_product_name":"","cwp_rev_product_image":"","wppr_links":[],"cwp_rev_price":"","wppr_options":[],"wppr_pros":[],"wppr_cons":[],"_monsterinsights_skip_tracking":false,"_monsterinsights_sitenote_active":false,"_monsterinsights_sitenote_note":"","_monsterinsights_sitenote_category":0,"footnotes":""},"categories":[4186],"tags":[14947,4267,14950,14988,14949,14948],"features":[],"class_list":{"0":"post-75126","1":"page","2":"type-page","3":"status-publish","4":"has-post-thumbnail","6":"category-gestionali-per-parrucchieri","7":"tag-gestionale-parrucchieri","8":"tag-piattaforma-gestionale-parrucchieri","9":"tag-programma-gestionale-parrucchieri","10":"tag-salonist","11":"tag-software-gestionale-parrucchieri","12":"tag-soluzione-gestionale-parrucchieri"},"wppr_data":{"cwp_meta_box_check":"No"},"acf":[],"yoast_head":"<!-- This site is optimized with the Yoast SEO plugin v27.4 - https:\/\/yoast.com\/product\/yoast-seo-wordpress\/ -->\n<title>Salonist: recensione software gestionale parrucchieri - Accurate Reviews<\/title>\n<meta name=\"description\" content=\"Salonist: recensione software di prenotazione e pianificazione che offre un&#039;esperienza di gestione di saloni senza soluzione di continuit\u00e0.\" \/>\n<meta name=\"robots\" content=\"index, follow, max-snippet:-1, max-image-preview:large, max-video-preview:-1\" \/>\n<link rel=\"canonical\" href=\"https:\/\/www.accuratereviews.com\/it\/gestionale-per-parrucchieri\/salonist-recensione\/\" \/>\n<meta property=\"og:locale\" content=\"it_IT\" \/>\n<meta property=\"og:type\" content=\"article\" \/>\n<meta property=\"og:title\" content=\"Salonist: recensione software gestionale parrucchieri - Accurate Reviews\" \/>\n<meta property=\"og:description\" content=\"Salonist: recensione software di prenotazione e pianificazione che offre un&#039;esperienza di gestione di saloni senza soluzione di continuit\u00e0.\" \/>\n<meta property=\"og:url\" content=\"https:\/\/www.accuratereviews.com\/it\/gestionale-per-parrucchieri\/salonist-recensione\/\" \/>\n<meta property=\"og:site_name\" content=\"Accurate Reviews\" \/>\n<meta property=\"article:modified_time\" content=\"2024-03-13T11:13:28+00:00\" \/>\n<meta property=\"og:image\" content=\"https:\/\/www.accuratereviews.com\/wp-content\/uploads\/2024\/03\/Salonist.png\" \/>\n\t<meta property=\"og:image:width\" content=\"364\" \/>\n\t<meta property=\"og:image:height\" content=\"364\" \/>\n\t<meta property=\"og:image:type\" content=\"image\/png\" \/>\n<meta name=\"twitter:card\" content=\"summary_large_image\" \/>\n<meta name=\"twitter:label1\" content=\"Tempo di lettura stimato\" \/>\n\t<meta name=\"twitter:data1\" content=\"6 minuti\" \/>\n<script type=\"application\/ld+json\" class=\"yoast-schema-graph\">{\"@context\":\"https:\\\/\\\/schema.org\",\"@graph\":[{\"@type\":\"WebPage\",\"@id\":\"https:\\\/\\\/www.accuratereviews.com\\\/it\\\/gestionale-per-parrucchieri\\\/salonist-recensione\\\/\",\"url\":\"https:\\\/\\\/www.accuratereviews.com\\\/it\\\/gestionale-per-parrucchieri\\\/salonist-recensione\\\/\",\"name\":\"Salonist: recensione software gestionale parrucchieri - Accurate Reviews\",\"isPartOf\":{\"@id\":\"https:\\\/\\\/www.accuratereviews.com\\\/it\\\/#website\"},\"primaryImageOfPage\":{\"@id\":\"https:\\\/\\\/www.accuratereviews.com\\\/it\\\/gestionale-per-parrucchieri\\\/salonist-recensione\\\/#primaryimage\"},\"image\":{\"@id\":\"https:\\\/\\\/www.accuratereviews.com\\\/it\\\/gestionale-per-parrucchieri\\\/salonist-recensione\\\/#primaryimage\"},\"thumbnailUrl\":\"https:\\\/\\\/www.accuratereviews.com\\\/wp-content\\\/uploads\\\/2024\\\/03\\\/Salonist.png\",\"datePublished\":\"2024-03-12T15:25:40+00:00\",\"dateModified\":\"2024-03-13T11:13:28+00:00\",\"description\":\"Salonist: recensione software di prenotazione e pianificazione che offre un'esperienza di gestione di saloni senza soluzione di continuit\u00e0.\",\"breadcrumb\":{\"@id\":\"https:\\\/\\\/www.accuratereviews.com\\\/it\\\/gestionale-per-parrucchieri\\\/salonist-recensione\\\/#breadcrumb\"},\"inLanguage\":\"it-IT\",\"potentialAction\":[{\"@type\":\"ReadAction\",\"target\":[\"https:\\\/\\\/www.accuratereviews.com\\\/it\\\/gestionale-per-parrucchieri\\\/salonist-recensione\\\/\"]}]},{\"@type\":\"ImageObject\",\"inLanguage\":\"it-IT\",\"@id\":\"https:\\\/\\\/www.accuratereviews.com\\\/it\\\/gestionale-per-parrucchieri\\\/salonist-recensione\\\/#primaryimage\",\"url\":\"https:\\\/\\\/www.accuratereviews.com\\\/wp-content\\\/uploads\\\/2024\\\/03\\\/Salonist.png\",\"contentUrl\":\"https:\\\/\\\/www.accuratereviews.com\\\/wp-content\\\/uploads\\\/2024\\\/03\\\/Salonist.png\",\"width\":364,\"height\":364},{\"@type\":\"BreadcrumbList\",\"@id\":\"https:\\\/\\\/www.accuratereviews.com\\\/it\\\/gestionale-per-parrucchieri\\\/salonist-recensione\\\/#breadcrumb\",\"itemListElement\":[{\"@type\":\"ListItem\",\"position\":1,\"name\":\"Home\",\"item\":\"https:\\\/\\\/www.accuratereviews.com\\\/it\\\/\"},{\"@type\":\"ListItem\",\"position\":2,\"name\":\"Gestionale per parrucchieri\",\"item\":\"https:\\\/\\\/www.accuratereviews.com\\\/it\\\/gestionale-per-parrucchieri\\\/\"},{\"@type\":\"ListItem\",\"position\":3,\"name\":\"Salonist\"}]},{\"@type\":\"WebSite\",\"@id\":\"https:\\\/\\\/www.accuratereviews.com\\\/it\\\/#website\",\"url\":\"https:\\\/\\\/www.accuratereviews.com\\\/it\\\/\",\"name\":\"Accurate Reviews\",\"description\":\"\",\"potentialAction\":[{\"@type\":\"SearchAction\",\"target\":{\"@type\":\"EntryPoint\",\"urlTemplate\":\"https:\\\/\\\/www.accuratereviews.com\\\/it\\\/?s={search_term_string}\"},\"query-input\":{\"@type\":\"PropertyValueSpecification\",\"valueRequired\":true,\"valueName\":\"search_term_string\"}}],\"inLanguage\":\"it-IT\"}]}<\/script>\n<!-- \/ Yoast SEO plugin. -->","yoast_head_json":{"title":"Salonist: recensione software gestionale parrucchieri - Accurate Reviews","description":"Salonist: recensione software di prenotazione e pianificazione che offre un'esperienza di gestione di saloni senza soluzione di continuit\u00e0.","robots":{"index":"index","follow":"follow","max-snippet":"max-snippet:-1","max-image-preview":"max-image-preview:large","max-video-preview":"max-video-preview:-1"},"canonical":"https:\/\/www.accuratereviews.com\/it\/gestionale-per-parrucchieri\/salonist-recensione\/","og_locale":"it_IT","og_type":"article","og_title":"Salonist: recensione software gestionale parrucchieri - Accurate Reviews","og_description":"Salonist: recensione software di prenotazione e pianificazione che offre un'esperienza di gestione di saloni senza soluzione di continuit\u00e0.","og_url":"https:\/\/www.accuratereviews.com\/it\/gestionale-per-parrucchieri\/salonist-recensione\/","og_site_name":"Accurate Reviews","article_modified_time":"2024-03-13T11:13:28+00:00","og_image":[{"width":364,"height":364,"url":"https:\/\/www.accuratereviews.com\/wp-content\/uploads\/2024\/03\/Salonist.png","type":"image\/png"}],"twitter_card":"summary_large_image","twitter_misc":{"Tempo di lettura stimato":"6 minuti"},"schema":{"@context":"https:\/\/schema.org","@graph":[{"@type":"WebPage","@id":"https:\/\/www.accuratereviews.com\/it\/gestionale-per-parrucchieri\/salonist-recensione\/","url":"https:\/\/www.accuratereviews.com\/it\/gestionale-per-parrucchieri\/salonist-recensione\/","name":"Salonist: recensione software gestionale parrucchieri - Accurate Reviews","isPartOf":{"@id":"https:\/\/www.accuratereviews.com\/it\/#website"},"primaryImageOfPage":{"@id":"https:\/\/www.accuratereviews.com\/it\/gestionale-per-parrucchieri\/salonist-recensione\/#primaryimage"},"image":{"@id":"https:\/\/www.accuratereviews.com\/it\/gestionale-per-parrucchieri\/salonist-recensione\/#primaryimage"},"thumbnailUrl":"https:\/\/www.accuratereviews.com\/wp-content\/uploads\/2024\/03\/Salonist.png","datePublished":"2024-03-12T15:25:40+00:00","dateModified":"2024-03-13T11:13:28+00:00","description":"Salonist: recensione software di prenotazione e pianificazione che offre un'esperienza di gestione di saloni senza soluzione di continuit\u00e0.","breadcrumb":{"@id":"https:\/\/www.accuratereviews.com\/it\/gestionale-per-parrucchieri\/salonist-recensione\/#breadcrumb"},"inLanguage":"it-IT","potentialAction":[{"@type":"ReadAction","target":["https:\/\/www.accuratereviews.com\/it\/gestionale-per-parrucchieri\/salonist-recensione\/"]}]},{"@type":"ImageObject","inLanguage":"it-IT","@id":"https:\/\/www.accuratereviews.com\/it\/gestionale-per-parrucchieri\/salonist-recensione\/#primaryimage","url":"https:\/\/www.accuratereviews.com\/wp-content\/uploads\/2024\/03\/Salonist.png","contentUrl":"https:\/\/www.accuratereviews.com\/wp-content\/uploads\/2024\/03\/Salonist.png","width":364,"height":364},{"@type":"BreadcrumbList","@id":"https:\/\/www.accuratereviews.com\/it\/gestionale-per-parrucchieri\/salonist-recensione\/#breadcrumb","itemListElement":[{"@type":"ListItem","position":1,"name":"Home","item":"https:\/\/www.accuratereviews.com\/it\/"},{"@type":"ListItem","position":2,"name":"Gestionale per parrucchieri","item":"https:\/\/www.accuratereviews.com\/it\/gestionale-per-parrucchieri\/"},{"@type":"ListItem","position":3,"name":"Salonist"}]},{"@type":"WebSite","@id":"https:\/\/www.accuratereviews.com\/it\/#website","url":"https:\/\/www.accuratereviews.com\/it\/","name":"Accurate Reviews","description":"","potentialAction":[{"@type":"SearchAction","target":{"@type":"EntryPoint","urlTemplate":"https:\/\/www.accuratereviews.com\/it\/?s={search_term_string}"},"query-input":{"@type":"PropertyValueSpecification","valueRequired":true,"valueName":"search_term_string"}}],"inLanguage":"it-IT"}]}},"_links":{"self":[{"href":"https:\/\/www.accuratereviews.com\/it\/wp-json\/wp\/v2\/pages\/75126","targetHints":{"allow":["GET"]}}],"collection":[{"href":"https:\/\/www.accuratereviews.com\/it\/wp-json\/wp\/v2\/pages"}],"about":[{"href":"https:\/\/www.accuratereviews.com\/it\/wp-json\/wp\/v2\/types\/page"}],"author":[{"embeddable":true,"href":"https:\/\/www.accuratereviews.com\/it\/wp-json\/wp\/v2\/users\/19"}],"replies":[{"embeddable":true,"href":"https:\/\/www.accuratereviews.com\/it\/wp-json\/wp\/v2\/comments?post=75126"}],"version-history":[{"count":12,"href":"https:\/\/www.accuratereviews.com\/it\/wp-json\/wp\/v2\/pages\/75126\/revisions"}],"predecessor-version":[{"id":75159,"href":"https:\/\/www.accuratereviews.com\/it\/wp-json\/wp\/v2\/pages\/75126\/revisions\/75159"}],"up":[{"embeddable":true,"href":"https:\/\/www.accuratereviews.com\/it\/wp-json\/wp\/v2\/pages\/33071"}],"wp:featuredmedia":[{"embeddable":true,"href":"https:\/\/www.accuratereviews.com\/it\/wp-json\/wp\/v2\/media\/75127"}],"wp:attachment":[{"href":"https:\/\/www.accuratereviews.com\/it\/wp-json\/wp\/v2\/media?parent=75126"}],"wp:term":[{"taxonomy":"category","embeddable":true,"href":"https:\/\/www.accuratereviews.com\/it\/wp-json\/wp\/v2\/categories?post=75126"},{"taxonomy":"post_tag","embeddable":true,"href":"https:\/\/www.accuratereviews.com\/it\/wp-json\/wp\/v2\/tags?post=75126"},{"taxonomy":"features","embeddable":true,"href":"https:\/\/www.accuratereviews.com\/it\/wp-json\/wp\/v2\/features?post=75126"}],"curies":[{"name":"wp","href":"https:\/\/api.w.org\/{rel}","templated":true}]}}