{"id":75167,"date":"2024-03-14T17:10:18","date_gmt":"2024-03-14T17:10:18","guid":{"rendered":"https:\/\/www.accuratereviews.com\/?page_id=75167"},"modified":"2024-03-20T21:12:42","modified_gmt":"2024-03-20T21:12:42","slug":"chidesk-recensione","status":"publish","type":"page","link":"https:\/\/www.accuratereviews.com\/it\/gestionale-per-parrucchieri\/chidesk-recensione\/","title":{"rendered":"ChiDesk"},"content":{"rendered":"<p><strong>ChiDesk<\/strong> \u00e8 una soluzione basata su <strong>cloud<\/strong>\u00a0che fornisce funzionalit\u00e0 di <strong>pianificazione degli appuntamenti,<\/strong> prenotazione online, gestione dei dipendenti, punto vendita e marketing in un&#8217;unica piattaforma. Fornisce fatturazione integrata per registrare le vendite, tenere traccia delle commissioni dei dipendenti, nonch\u00e9 automatizzare il controllo delle scorte e permette agli utenti di semplificare le vendite con uno scanner di codici a barre e una stampante per ricevute opzionali.<br \/>\nLe organizzazioni possono anche gestire tutti gli orari, i turni e i giorni liberi dei dipendenti e tenere traccia delle ore di lavoro utilizzando la funzione di timbratura, inoltre i dipendenti possono visualizzare e modificare i propri orari da qualsiasi luogo. Gli strumenti di marketing e CRM di <strong>ChiDesk<\/strong> consentono agli utenti di filtrare i contatti dei clienti, nonch\u00e9 di inviare sms o campagne email ai clienti. Attraverso la messaggistica programmata automatizzata, ai clienti vengono automaticamente ricordati i loro appuntamenti.<\/p>\n<h2><a href=\"https:\/\/www.accuratereviews.com\/wp-content\/uploads\/2024\/03\/chidesk-2.png\"><img loading=\"lazy\" decoding=\"async\" class=\"aligncenter wp-image-75173 size-full\" src=\"https:\/\/www.accuratereviews.com\/wp-content\/uploads\/2024\/03\/chidesk-2.png\" alt=\"\" width=\"960\" height=\"468\" srcset=\"https:\/\/www.accuratereviews.com\/wp-content\/uploads\/2024\/03\/chidesk-2.png 960w, https:\/\/www.accuratereviews.com\/wp-content\/uploads\/2024\/03\/chidesk-2-300x146.png 300w, https:\/\/www.accuratereviews.com\/wp-content\/uploads\/2024\/03\/chidesk-2-768x374.png 768w, https:\/\/www.accuratereviews.com\/wp-content\/uploads\/2024\/03\/chidesk-2-50x24.png 50w, https:\/\/www.accuratereviews.com\/wp-content\/uploads\/2024\/03\/chidesk-2-256x125.png 256w, https:\/\/www.accuratereviews.com\/wp-content\/uploads\/2024\/03\/chidesk-2-636x310.png 636w, https:\/\/www.accuratereviews.com\/wp-content\/uploads\/2024\/03\/chidesk-2-320x156.png 320w, https:\/\/www.accuratereviews.com\/wp-content\/uploads\/2024\/03\/chidesk-2-239x117.png 239w\" sizes=\"auto, (max-width: 960px) 100vw, 960px\" \/><\/a><\/h2>\n<h2>CHIDESK &#8211; CARATTERISTICHE<\/h2>\n<ul>\n<li><strong>Pianificazione degli appuntamenti:<\/strong> trascina e rilascia gli appuntamenti, assegna stati e colori personalizzati e visualizza il tuo calendario in pi\u00f9 visualizzazioni.<\/li>\n<li><strong>Prenotazioni di gruppo<\/strong>: aggiungi pi\u00f9 servizi e clienti in un unico appuntamento per prenotazioni di gruppo e check-out semplificato.<\/li>\n<li><strong>Convalida dell&#8217;appuntamento:<\/strong> la convalida degli appuntamenti e gli avvisi prevengono le doppie prenotazioni e garantiscono le preferenze del cliente.<\/li>\n<li><strong>Registrazione elettronica:<\/strong> consenti ai tuoi clienti di inviare i loro dati e di accettare i tuoi termini e condizioni tramite un modulo di registrazione elettronico.<\/li>\n<li><strong>Appuntamenti ricorrenti:<\/strong> imposta appuntamenti ricorrenti per visite ripetute da parte di clienti abituali. Copia per data, giorno, settimana o mese.<\/li>\n<li><strong>Calendario:<\/strong> visualizza l&#8217;intero giorno, settimana o mese e controlla facilmente la disponibilit\u00e0 dei dipendenti, tutto su un unico calendario.<\/li>\n<li><strong>Applicazione web mobile:<\/strong> accetta prenotazioni e pagamenti online utilizzando l&#8217;app Web mobile. Puoi anche incorporare un widget direttamente nel tuo sito.<\/li>\n<li><strong>Soddisfazione del cliente<\/strong>: invita i tuoi clienti a valutare la loro visita e tenere traccia di queste informazioni per dipendente.<\/li>\n<li><strong>Punto vendita:<\/strong> tieni traccia facilmente delle vendite di servizi, pacchetti, prodotti, voucher, corsi e abbonamenti.<\/li>\n<li><strong>Carte regalo<\/strong>: controlla le vendite di voucher o buoni regalo e monitora facilmente l&#8217;utilizzo e i valori eccezionali.<\/li>\n<li><strong>Commissione dei dipendenti:<\/strong> calcola le commissioni guadagnate e le mance ricevute per dipendente.<\/li>\n<li><strong>Controllo delle scorte<\/strong>: il controllo automatizzato delle scorte gestisce i livelli delle scorte di prodotti al dettaglio e professionali.<\/li>\n<li><strong>Fatture ricorrenti<\/strong>: la fatturazione e la ricezione ricorrenti automatizzano la gestione di abbonamenti e contratti.<\/li>\n<li><strong>Pianificazione dei dipendenti<\/strong>: pianifica facilmente i turni dei dipendenti, i periodi di riposo e le ferie tramite il programmatore drag-and-drop.<\/li>\n<li><strong>Monitoraggio del lavoro<\/strong>: crea report su turni, ferie, giorni di malattia e altri tipi di periodi di assenza dei dipendenti.<\/li>\n<li><strong>Ruoli di sicurezza<\/strong>: limita l&#8217;accesso alle funzionalit\u00e0 dell&#8217;applicazione assegnando ai dipendenti ruoli di sicurezza personalizzati.<\/li>\n<li><strong>Monitorare le prestazioni<\/strong>: Monitora le prestazioni dei dipendenti in base alla fidelizzazione dei clienti, alle loro richieste, alle ore di lavoro e alle valutazioni di soddisfazione dei clienti.<\/li>\n<li><strong>Prenotazioni on-line<\/strong>: consenti ai tuoi clienti di effettuare prenotazioni di appuntamenti online in base alla disponibilit\u00e0 effettiva dal tuo pianificatore.<\/li>\n<li><strong>Automazione dei messaggi<\/strong>: automatizza l&#8217;invio di promemoria di appuntamenti, auguri di compleanno, follow-up o messaggi di ringraziamento ai tuoi clienti.<\/li>\n<li><strong>Messaggistica SMS<\/strong>: invia messaggi SMS bidirezionali ai tuoi clienti per promemoria o campagne di marketing.<\/li>\n<li><strong>Integrazione con MailChimp<\/strong>: esporta elenchi di contatti direttamente in MailChimp per una gestione pi\u00f9 avanzata delle campagne email.<\/li>\n<li><strong>Oltre 60 modelli report<\/strong>: una serie completa di report ti aiuta a monitorare e gestire tutti gli aspetti della tua attivit\u00e0.<\/li>\n<li><strong>Segnalazione visiva<\/strong>: grafici e diagrammi ti offrono rappresentazioni visive facili da seguire dell&#8217;andamento della tua attivit\u00e0.<\/li>\n<li><strong>Obiettivi di vendita<\/strong>: imposta e monitora vari obiettivi di vendita per la tua azienda e i tuoi dipendenti.<\/li>\n<\/ul>\n<h3>LE RECENSIONI DEGLI UTENTI<\/h3>\n<p><strong>Vvjay &#8220;Buono ma pu\u00f2 essere migliorato&#8221;<\/strong><br \/>\nPro: Sembra abbastanza dettagliato &#8230; i flussi di lavoro sono standard. molte opzioni di pagamento.<br \/>\nContro: Costoso e un po&#8217; opprimente. Ha bisogno di migliorare UX e UI.<\/p>\n<p><strong>Vicky &#8220;Commento su Spa guru&#8221;<\/strong><br \/>\nCommenti: Spa Guru \u00e8 un software facile da usare per qualsiasi ente che abbia bisogno di controllare le scorte, le prenotazioni e le ore di lavoro dei dipendenti.<\/p>\n<p><strong>Harrison &#8220;Un software fantastico e potente!&#8221;<\/strong><br \/>\nPro: Sviluppatore e team di supporto molto amichevoli, sono molto disposti a fare il possibile per i loro utenti.<br \/>\nContro: L&#8217;unica cosa negativa che ho da dire \u00e8 che il design dello scheduler pu\u00f2 diventare molto angusto quando si aggiungono pi\u00f9 di 30 terapisti.<\/p>\n","protected":false},"excerpt":{"rendered":"<p>ChiDesk \u00e8 una soluzione basata su cloud che fornisce funzionalit\u00e0 di pianificazione degli appuntamenti, prenotazione online, gestione dei dipendenti, punto vendita e marketing in un&#8217;unica piattaforma. Fornisce fatturazione integrata per registrare le vendite, tenere traccia delle commissioni dei dipendenti, nonch\u00e9 automatizzare il controllo delle scorte e permette agli utenti di semplificare le vendite con uno scanner di codici a barre e una stampante per ricevute opzionali.<\/p>\n","protected":false},"author":19,"featured_media":75168,"parent":33071,"menu_order":0,"comment_status":"open","ping_status":"closed","template":"g1_template_page_review_new.php","meta":{"_acf_changed":false,"cwp_meta_box_check":"Yes","cwp_rev_product_name":"","cwp_rev_product_image":"","wppr_links":[],"cwp_rev_price":"0.00","wppr_options":[{"name":"Usability","value":"0"},{"name":"Speed","value":"0"},{"name":"Features","value":"0"},{"name":"Support","value":"0"},{"name":"Pricing","value":"0"}],"wppr_pros":["","","","",""],"wppr_cons":["","","","",""],"_monsterinsights_skip_tracking":false,"_monsterinsights_sitenote_active":false,"_monsterinsights_sitenote_note":"","_monsterinsights_sitenote_category":0,"footnotes":""},"categories":[4186],"tags":[14991,14947,4267,14950,14949,14948],"features":[],"class_list":{"0":"post-75167","1":"page","2":"type-page","3":"status-publish","4":"has-post-thumbnail","6":"category-gestionali-per-parrucchieri","7":"tag-chidesk","8":"tag-gestionale-parrucchieri","9":"tag-piattaforma-gestionale-parrucchieri","10":"tag-programma-gestionale-parrucchieri","11":"tag-software-gestionale-parrucchieri","12":"tag-soluzione-gestionale-parrucchieri"},"wppr_data":{"cwp_meta_box_check":"Yes","_wppr_review_template":"default","cwp_rev_product_image":"","cwp_image_link":"image","wppr_links":[],"cwp_rev_price":"0.00","wppr_pros":["","","","",""],"wppr_cons":["","","","",""],"wppr_rating":"0.00","wppr_options":{"1":{"name":"Usability","value":"0"},"2":{"name":"Speed","value":"0"},"3":{"name":"Features","value":"0"},"4":{"name":"Support","value":"0"},"5":{"name":"Pricing","value":"0"}},"wppr_review_type":"Product","wppr_review_custom_fields":{"additionalProperty":"","additionalType":"","aggregateRating":"","alternateName":"","audience":"","award":"","awards":"","brand":"","color":"","depth":"","description":"","disambiguatingDescription":"","gtin12":"","gtin13":"","gtin14":"","gtin8":"","height":"","identifier":"","image":"","isAccessoryOrSparePartFor":"","isConsumableFor":"","isRelatedTo":"","isSimilarTo":"","itemCondition":"","logo":"","mainEntityOfPage":"","manufacturer":"","material":"","model":"","mpn":"","name":"","offers":"","potentialAction":"","productID":"","productionDate":"","purchaseDate":"","releaseDate":"","review":"","reviews":"","sameAs":"","sku":"","slogan":"","subjectOf":"","url":"","weight":"","width":""}},"acf":[],"yoast_head":"<!-- This site is optimized with the Yoast SEO plugin v27.4 - https:\/\/yoast.com\/product\/yoast-seo-wordpress\/ -->\n<title>ChiDesk: recensione software gestionale parrucchieri - Accurate Reviews<\/title>\n<meta name=\"description\" content=\"ChiDesk: recensione software che fornisce funzionalit\u00e0 di pianificazione degli appuntamenti, prenotazione online e molto altro.\" \/>\n<meta name=\"robots\" content=\"index, follow, max-snippet:-1, max-image-preview:large, max-video-preview:-1\" \/>\n<link rel=\"canonical\" href=\"https:\/\/www.accuratereviews.com\/it\/gestionale-per-parrucchieri\/chidesk-recensione\/\" \/>\n<meta property=\"og:locale\" content=\"it_IT\" \/>\n<meta property=\"og:type\" content=\"article\" \/>\n<meta property=\"og:title\" content=\"ChiDesk: recensione software gestionale parrucchieri - Accurate Reviews\" \/>\n<meta property=\"og:description\" content=\"ChiDesk: recensione software che fornisce funzionalit\u00e0 di pianificazione degli appuntamenti, prenotazione online e molto altro.\" \/>\n<meta property=\"og:url\" content=\"https:\/\/www.accuratereviews.com\/it\/gestionale-per-parrucchieri\/chidesk-recensione\/\" \/>\n<meta property=\"og:site_name\" content=\"Accurate Reviews\" \/>\n<meta property=\"article:modified_time\" content=\"2024-03-20T21:12:42+00:00\" \/>\n<meta property=\"og:image\" content=\"https:\/\/www.accuratereviews.com\/wp-content\/uploads\/2024\/03\/ChiDesk.png\" \/>\n\t<meta property=\"og:image:width\" content=\"225\" \/>\n\t<meta property=\"og:image:height\" content=\"225\" \/>\n\t<meta property=\"og:image:type\" content=\"image\/png\" \/>\n<meta name=\"twitter:card\" content=\"summary_large_image\" \/>\n<meta name=\"twitter:label1\" content=\"Tempo di lettura stimato\" \/>\n\t<meta name=\"twitter:data1\" content=\"6 minuti\" \/>\n<script type=\"application\/ld+json\" class=\"yoast-schema-graph\">{\"@context\":\"https:\\\/\\\/schema.org\",\"@graph\":[{\"@type\":\"WebPage\",\"@id\":\"https:\\\/\\\/www.accuratereviews.com\\\/it\\\/gestionale-per-parrucchieri\\\/chidesk-recensione\\\/\",\"url\":\"https:\\\/\\\/www.accuratereviews.com\\\/it\\\/gestionale-per-parrucchieri\\\/chidesk-recensione\\\/\",\"name\":\"ChiDesk: recensione software gestionale parrucchieri - Accurate Reviews\",\"isPartOf\":{\"@id\":\"https:\\\/\\\/www.accuratereviews.com\\\/it\\\/#website\"},\"primaryImageOfPage\":{\"@id\":\"https:\\\/\\\/www.accuratereviews.com\\\/it\\\/gestionale-per-parrucchieri\\\/chidesk-recensione\\\/#primaryimage\"},\"image\":{\"@id\":\"https:\\\/\\\/www.accuratereviews.com\\\/it\\\/gestionale-per-parrucchieri\\\/chidesk-recensione\\\/#primaryimage\"},\"thumbnailUrl\":\"https:\\\/\\\/www.accuratereviews.com\\\/wp-content\\\/uploads\\\/2024\\\/03\\\/ChiDesk.png\",\"datePublished\":\"2024-03-14T17:10:18+00:00\",\"dateModified\":\"2024-03-20T21:12:42+00:00\",\"description\":\"ChiDesk: recensione software che fornisce funzionalit\u00e0 di pianificazione degli appuntamenti, prenotazione online e molto altro.\",\"breadcrumb\":{\"@id\":\"https:\\\/\\\/www.accuratereviews.com\\\/it\\\/gestionale-per-parrucchieri\\\/chidesk-recensione\\\/#breadcrumb\"},\"inLanguage\":\"it-IT\",\"potentialAction\":[{\"@type\":\"ReadAction\",\"target\":[\"https:\\\/\\\/www.accuratereviews.com\\\/it\\\/gestionale-per-parrucchieri\\\/chidesk-recensione\\\/\"]}]},{\"@type\":\"ImageObject\",\"inLanguage\":\"it-IT\",\"@id\":\"https:\\\/\\\/www.accuratereviews.com\\\/it\\\/gestionale-per-parrucchieri\\\/chidesk-recensione\\\/#primaryimage\",\"url\":\"https:\\\/\\\/www.accuratereviews.com\\\/wp-content\\\/uploads\\\/2024\\\/03\\\/ChiDesk.png\",\"contentUrl\":\"https:\\\/\\\/www.accuratereviews.com\\\/wp-content\\\/uploads\\\/2024\\\/03\\\/ChiDesk.png\",\"width\":225,\"height\":225},{\"@type\":\"BreadcrumbList\",\"@id\":\"https:\\\/\\\/www.accuratereviews.com\\\/it\\\/gestionale-per-parrucchieri\\\/chidesk-recensione\\\/#breadcrumb\",\"itemListElement\":[{\"@type\":\"ListItem\",\"position\":1,\"name\":\"Home\",\"item\":\"https:\\\/\\\/www.accuratereviews.com\\\/it\\\/\"},{\"@type\":\"ListItem\",\"position\":2,\"name\":\"Gestionale per parrucchieri\",\"item\":\"https:\\\/\\\/www.accuratereviews.com\\\/it\\\/gestionale-per-parrucchieri\\\/\"},{\"@type\":\"ListItem\",\"position\":3,\"name\":\"ChiDesk\"}]},{\"@type\":\"WebSite\",\"@id\":\"https:\\\/\\\/www.accuratereviews.com\\\/it\\\/#website\",\"url\":\"https:\\\/\\\/www.accuratereviews.com\\\/it\\\/\",\"name\":\"Accurate Reviews\",\"description\":\"\",\"potentialAction\":[{\"@type\":\"SearchAction\",\"target\":{\"@type\":\"EntryPoint\",\"urlTemplate\":\"https:\\\/\\\/www.accuratereviews.com\\\/it\\\/?s={search_term_string}\"},\"query-input\":{\"@type\":\"PropertyValueSpecification\",\"valueRequired\":true,\"valueName\":\"search_term_string\"}}],\"inLanguage\":\"it-IT\"}]}<\/script>\n<!-- \/ Yoast SEO plugin. -->","yoast_head_json":{"title":"ChiDesk: recensione software gestionale parrucchieri - Accurate Reviews","description":"ChiDesk: recensione software che fornisce funzionalit\u00e0 di pianificazione degli appuntamenti, prenotazione online e molto altro.","robots":{"index":"index","follow":"follow","max-snippet":"max-snippet:-1","max-image-preview":"max-image-preview:large","max-video-preview":"max-video-preview:-1"},"canonical":"https:\/\/www.accuratereviews.com\/it\/gestionale-per-parrucchieri\/chidesk-recensione\/","og_locale":"it_IT","og_type":"article","og_title":"ChiDesk: recensione software gestionale parrucchieri - Accurate Reviews","og_description":"ChiDesk: recensione software che fornisce funzionalit\u00e0 di pianificazione degli appuntamenti, prenotazione online e molto altro.","og_url":"https:\/\/www.accuratereviews.com\/it\/gestionale-per-parrucchieri\/chidesk-recensione\/","og_site_name":"Accurate Reviews","article_modified_time":"2024-03-20T21:12:42+00:00","og_image":[{"width":225,"height":225,"url":"https:\/\/www.accuratereviews.com\/wp-content\/uploads\/2024\/03\/ChiDesk.png","type":"image\/png"}],"twitter_card":"summary_large_image","twitter_misc":{"Tempo di lettura stimato":"6 minuti"},"schema":{"@context":"https:\/\/schema.org","@graph":[{"@type":"WebPage","@id":"https:\/\/www.accuratereviews.com\/it\/gestionale-per-parrucchieri\/chidesk-recensione\/","url":"https:\/\/www.accuratereviews.com\/it\/gestionale-per-parrucchieri\/chidesk-recensione\/","name":"ChiDesk: recensione software gestionale parrucchieri - Accurate Reviews","isPartOf":{"@id":"https:\/\/www.accuratereviews.com\/it\/#website"},"primaryImageOfPage":{"@id":"https:\/\/www.accuratereviews.com\/it\/gestionale-per-parrucchieri\/chidesk-recensione\/#primaryimage"},"image":{"@id":"https:\/\/www.accuratereviews.com\/it\/gestionale-per-parrucchieri\/chidesk-recensione\/#primaryimage"},"thumbnailUrl":"https:\/\/www.accuratereviews.com\/wp-content\/uploads\/2024\/03\/ChiDesk.png","datePublished":"2024-03-14T17:10:18+00:00","dateModified":"2024-03-20T21:12:42+00:00","description":"ChiDesk: recensione software che fornisce funzionalit\u00e0 di pianificazione degli appuntamenti, prenotazione online e molto altro.","breadcrumb":{"@id":"https:\/\/www.accuratereviews.com\/it\/gestionale-per-parrucchieri\/chidesk-recensione\/#breadcrumb"},"inLanguage":"it-IT","potentialAction":[{"@type":"ReadAction","target":["https:\/\/www.accuratereviews.com\/it\/gestionale-per-parrucchieri\/chidesk-recensione\/"]}]},{"@type":"ImageObject","inLanguage":"it-IT","@id":"https:\/\/www.accuratereviews.com\/it\/gestionale-per-parrucchieri\/chidesk-recensione\/#primaryimage","url":"https:\/\/www.accuratereviews.com\/wp-content\/uploads\/2024\/03\/ChiDesk.png","contentUrl":"https:\/\/www.accuratereviews.com\/wp-content\/uploads\/2024\/03\/ChiDesk.png","width":225,"height":225},{"@type":"BreadcrumbList","@id":"https:\/\/www.accuratereviews.com\/it\/gestionale-per-parrucchieri\/chidesk-recensione\/#breadcrumb","itemListElement":[{"@type":"ListItem","position":1,"name":"Home","item":"https:\/\/www.accuratereviews.com\/it\/"},{"@type":"ListItem","position":2,"name":"Gestionale per parrucchieri","item":"https:\/\/www.accuratereviews.com\/it\/gestionale-per-parrucchieri\/"},{"@type":"ListItem","position":3,"name":"ChiDesk"}]},{"@type":"WebSite","@id":"https:\/\/www.accuratereviews.com\/it\/#website","url":"https:\/\/www.accuratereviews.com\/it\/","name":"Accurate Reviews","description":"","potentialAction":[{"@type":"SearchAction","target":{"@type":"EntryPoint","urlTemplate":"https:\/\/www.accuratereviews.com\/it\/?s={search_term_string}"},"query-input":{"@type":"PropertyValueSpecification","valueRequired":true,"valueName":"search_term_string"}}],"inLanguage":"it-IT"}]}},"_links":{"self":[{"href":"https:\/\/www.accuratereviews.com\/it\/wp-json\/wp\/v2\/pages\/75167","targetHints":{"allow":["GET"]}}],"collection":[{"href":"https:\/\/www.accuratereviews.com\/it\/wp-json\/wp\/v2\/pages"}],"about":[{"href":"https:\/\/www.accuratereviews.com\/it\/wp-json\/wp\/v2\/types\/page"}],"author":[{"embeddable":true,"href":"https:\/\/www.accuratereviews.com\/it\/wp-json\/wp\/v2\/users\/19"}],"replies":[{"embeddable":true,"href":"https:\/\/www.accuratereviews.com\/it\/wp-json\/wp\/v2\/comments?post=75167"}],"version-history":[{"count":12,"href":"https:\/\/www.accuratereviews.com\/it\/wp-json\/wp\/v2\/pages\/75167\/revisions"}],"predecessor-version":[{"id":75298,"href":"https:\/\/www.accuratereviews.com\/it\/wp-json\/wp\/v2\/pages\/75167\/revisions\/75298"}],"up":[{"embeddable":true,"href":"https:\/\/www.accuratereviews.com\/it\/wp-json\/wp\/v2\/pages\/33071"}],"wp:featuredmedia":[{"embeddable":true,"href":"https:\/\/www.accuratereviews.com\/it\/wp-json\/wp\/v2\/media\/75168"}],"wp:attachment":[{"href":"https:\/\/www.accuratereviews.com\/it\/wp-json\/wp\/v2\/media?parent=75167"}],"wp:term":[{"taxonomy":"category","embeddable":true,"href":"https:\/\/www.accuratereviews.com\/it\/wp-json\/wp\/v2\/categories?post=75167"},{"taxonomy":"post_tag","embeddable":true,"href":"https:\/\/www.accuratereviews.com\/it\/wp-json\/wp\/v2\/tags?post=75167"},{"taxonomy":"features","embeddable":true,"href":"https:\/\/www.accuratereviews.com\/it\/wp-json\/wp\/v2\/features?post=75167"}],"curies":[{"name":"wp","href":"https:\/\/api.w.org\/{rel}","templated":true}]}}