{"id":75190,"date":"2024-03-15T15:19:52","date_gmt":"2024-03-15T15:19:52","guid":{"rendered":"https:\/\/www.accuratereviews.com\/?page_id=75190"},"modified":"2024-03-15T15:19:52","modified_gmt":"2024-03-15T15:19:52","slug":"squire-recensione","status":"publish","type":"page","link":"https:\/\/www.accuratereviews.com\/it\/gestionale-per-parrucchieri\/squire-recensione\/","title":{"rendered":"Squire"},"content":{"rendered":"<p><strong>Squire<\/strong> \u00e8 un <strong>sistema di gestione dei barbieri,<\/strong> disponibile in versione desktop e mobile, che offre funzionalit\u00e0 per la pianificazione degli appuntamenti e del personale, promemoria, reporting e app mobili native che consentono ai clienti di scoprire barbieri in qualsiasi citt\u00e0. Utilizzando la piattaforma, i proprietari possono gestire qualsiasi cosa, dalla prenotazione online alle buste paga, e gestire pi\u00f9 sedi da desktop o tablet.<br \/>\nUlteriori caratteristiche includono notifiche sms\/push illimitate, liste d&#8217;attesa, supporto concierge, accessi separati per il personale e widget di prenotazione da incorporare per le prenotazioni sul sito web. Le funzionalit\u00e0 di pianificazione includono opzioni di prenotazione avanzate, che consentono ai clienti di selezionare il barbiere e i servizi preferiti, nonch\u00e9 l&#8217;orario e data che meglio si adatta al loro programma. Ad ogni barbiere viene fornito un proprio profilo, completo di foto e dettagli, in cui pu\u00f2 selezionare le modalit\u00e0 di notifica e visualizzare i prossimi appuntamenti.<\/p>\n<h2>SQUIRE &#8211; TUTORIAL<\/h2>\n<div id=\"fluid-wrapper-counter-1\" class=\"g1-fluid-wrapper \" style=\"width:686px;\">\n<div style=\"padding-bottom:56.268221574344%;\"><iframe loading=\"lazy\" title=\"Squire. Custom Branded Barbershop App.\" width=\"686\" height=\"386\" src=\"https:\/\/www.youtube.com\/embed\/Obca7R66vRc?feature=oembed&amp;wmode=transparent&amp;autohide=1&amp;autoplay=0&amp;disablekb=0&amp;fs=1&amp;loop=0&amp;enablejsapi=1&amp;rel=0&amp;controls=2&amp;showinfo=0&amp;wmode=transparent&amp;autohide=2&amp;autoplay=0&amp;disablekb=0&amp;fs=1&amp;loop=0&amp;enablejsapi=1&amp;rel=0&amp;controls=2&amp;showinfo=1\" frameborder=\"0\" allow=\"accelerometer; autoplay; clipboard-write; encrypted-media; gyroscope; picture-in-picture; web-share\" allowfullscreen><\/iframe><\/div>\n<\/div>\n<h3>SQUIRE &#8211; CARATTERISTICHE<\/h3>\n<ul>\n<li>Avvia programmi di abbonamento e fidelizzazione per migliorare le vendite<\/li>\n<li>Gestisci appuntamenti, servizi e transazioni in un unico posto<\/li>\n<li>Accedi a report facili da usare per scoprire i servizi e i prodotti pi\u00f9 redditizi<\/li>\n<li>Raccogli automaticamente i pagamenti. Visualizza le attivit\u00e0 dei tuoi barbieri e paga le commissioni in un clic<br \/>\nI clienti non devono mai lasciare il tuo sito web, Google o IG per fissare gli appuntamenti<\/li>\n<li>Invia promemoria automatici tramite sms e addebita automaticamente le mancate presentazioni<\/li>\n<li>Pubblicizza nuove offerte e fai s\u00ec che i clienti ritornino con l&#8217;email marketing<br \/>\nSistemi di punti vendita online o di persona: chip, tap, swipe<\/li>\n<li>Tieni traccia facilmente dei tuoi fondi quotidianamente e nel tempo con la dashboard interattiva<br \/>\nGestisci gli appuntamenti, blocca gli orari e visualizza le informazioni sui clienti<\/li>\n<li>Prenotazione diretta tramite Instagram e Google<\/li>\n<li>Link di prenotazione individuali per ogni barbiere<\/li>\n<li>Le opzioni di pagamento online o di persona includono Tap to Pay per pagare su iPhone o Android<\/li>\n<\/ul>\n<h4>LE RECENSIONI DEGLI UTENTI<\/h4>\n<p><strong>Tariq &#8220;POV del proprietario di un negozio di Atlanta\/barbiere famoso&#8221;<\/strong><br \/>\n<strong>Commenti<\/strong>: In un periodo come questo (Covid-19), avere un software gestionale che permetta di monitorare facilmente la produttivit\u00e0 aziendale \u00e8 fondamentale per trovare finanziamenti. Ogni giorno mi \u00e8 stato concesso il lusso di concentrarmi sul marketing e sullo sviluppo del mio team poich\u00e9 le operazioni di gestione stipendi giornaliere\/settimanali sono molto semplici.<br \/>\n<strong>Pro<\/strong>: \u00c8 semplicemente facile da usare individualmente o per un intero negozio. Pianificazione, buste paga, marketing, comunicazione di massa con i tuoi clienti e molto altro ancora. \u00c8 davvero il sistema operativo da sogno di un barbiere.<br \/>\n<strong>Contro<\/strong>: Inizialmente (nel 2017) mancavano molte funzionalit\u00e0. Ci\u00f2 ha comportato alcune sfide con la comunicazione con il cliente, ma il problema \u00e8 stato risolto da tempo. Nessun vero svantaggio adesso.<\/p>\n<p><strong>Jordan &#8220;Il modo pi\u00f9 semplice per impostare e monitorare gli appuntamenti&#8221;<\/strong><br \/>\n<strong>Pro<\/strong>: Per quanto riguarda l&#8217;impostazione degli appuntamenti e il loro monitoraggio, questa applicazione fa miracoli! La navigazione attraverso l&#8217;app \u00e8 semplice e veloce. Nessun passaggio aggiuntivo, nessuna sciocchezza<br \/>\n<strong>Contro<\/strong>: Richiede l&#8217;accesso ogni volta che accedi all&#8217;app, ma \u00e8 sicuro!<\/p>\n<p><strong>Diego &#8220;Grato&#8221;<\/strong><br \/>\n<strong>Commenti<\/strong>: Ottima esperienza da parte dei membri del software.<br \/>\n<strong>Pro<\/strong>: Rende conveniente per me e per il cliente prenotare app e il POS \u00e8 facile da usare, il team di supporto \u00e8 sempre pronto per qualsiasi cosa.<br \/>\n<strong>Contro<\/strong>: Nessuno in questo particolare momento. Fin qui tutto bene.<\/p>\n","protected":false},"excerpt":{"rendered":"<p>Squire \u00e8 un sistema di gestione dei barbieri, disponibile in versione desktop e mobile, che offre funzionalit\u00e0 per la pianificazione degli appuntamenti e del personale, promemoria, reporting e app mobili native che consentono ai clienti di scoprire barbieri in qualsiasi citt\u00e0.<\/p>\n","protected":false},"author":19,"featured_media":75194,"parent":33071,"menu_order":0,"comment_status":"open","ping_status":"closed","template":"g1_template_page_review_new.php","meta":{"_acf_changed":false,"cwp_meta_box_check":"Yes","cwp_rev_product_name":"","cwp_rev_product_image":"","wppr_links":[],"cwp_rev_price":"0.00","wppr_options":[{"name":"Usability","value":"0"},{"name":"Speed","value":"0"},{"name":"Features","value":"0"},{"name":"Support","value":"0"},{"name":"Pricing","value":"0"}],"wppr_pros":["","","","",""],"wppr_cons":["","","","",""],"_monsterinsights_skip_tracking":false,"_monsterinsights_sitenote_active":false,"_monsterinsights_sitenote_note":"","_monsterinsights_sitenote_category":0,"footnotes":""},"categories":[4186],"tags":[14947,4267,14950,14949,14948,14992],"features":[],"class_list":{"0":"post-75190","1":"page","2":"type-page","3":"status-publish","4":"has-post-thumbnail","6":"category-gestionali-per-parrucchieri","7":"tag-gestionale-parrucchieri","8":"tag-piattaforma-gestionale-parrucchieri","9":"tag-programma-gestionale-parrucchieri","10":"tag-software-gestionale-parrucchieri","11":"tag-soluzione-gestionale-parrucchieri","12":"tag-squire"},"wppr_data":{"cwp_meta_box_check":"Yes","_wppr_review_template":"default","cwp_rev_product_image":"","cwp_image_link":"image","wppr_links":[],"cwp_rev_price":"0.00","wppr_pros":["","","","",""],"wppr_cons":["","","","",""],"wppr_rating":"0.00","wppr_options":{"1":{"name":"Usability","value":"0"},"2":{"name":"Speed","value":"0"},"3":{"name":"Features","value":"0"},"4":{"name":"Support","value":"0"},"5":{"name":"Pricing","value":"0"}},"wppr_review_type":"Product","wppr_review_custom_fields":{"additionalProperty":"","additionalType":"","aggregateRating":"","alternateName":"","audience":"","award":"","awards":"","brand":"","color":"","depth":"","description":"","disambiguatingDescription":"","gtin12":"","gtin13":"","gtin14":"","gtin8":"","height":"","identifier":"","image":"","isAccessoryOrSparePartFor":"","isConsumableFor":"","isRelatedTo":"","isSimilarTo":"","itemCondition":"","logo":"","mainEntityOfPage":"","manufacturer":"","material":"","model":"","mpn":"","name":"","offers":"","potentialAction":"","productID":"","productionDate":"","purchaseDate":"","releaseDate":"","review":"","reviews":"","sameAs":"","sku":"","slogan":"","subjectOf":"","url":"","weight":"","width":""}},"acf":[],"yoast_head":"<!-- This site is optimized with the Yoast SEO plugin v27.4 - https:\/\/yoast.com\/product\/yoast-seo-wordpress\/ -->\n<title>Squire: recensione software gestionale parrucchieri - Accurate Reviews<\/title>\n<meta name=\"description\" content=\"Squire: recensione sistema di gestione dei barbieri che offre strumenti per la pianificazione degli appuntamenti e di molto altro.\" \/>\n<meta name=\"robots\" content=\"index, follow, max-snippet:-1, max-image-preview:large, max-video-preview:-1\" \/>\n<link rel=\"canonical\" href=\"https:\/\/www.accuratereviews.com\/it\/gestionale-per-parrucchieri\/squire-recensione\/\" \/>\n<meta property=\"og:locale\" content=\"it_IT\" \/>\n<meta property=\"og:type\" content=\"article\" \/>\n<meta property=\"og:title\" content=\"Squire: recensione software gestionale parrucchieri - Accurate Reviews\" \/>\n<meta property=\"og:description\" content=\"Squire: recensione sistema di gestione dei barbieri che offre strumenti per la pianificazione degli appuntamenti e di molto altro.\" \/>\n<meta property=\"og:url\" content=\"https:\/\/www.accuratereviews.com\/it\/gestionale-per-parrucchieri\/squire-recensione\/\" \/>\n<meta property=\"og:site_name\" content=\"Accurate Reviews\" \/>\n<meta property=\"og:image\" content=\"https:\/\/www.accuratereviews.com\/wp-content\/uploads\/2024\/03\/Squire.jpeg\" \/>\n\t<meta property=\"og:image:width\" content=\"512\" \/>\n\t<meta property=\"og:image:height\" content=\"512\" \/>\n\t<meta property=\"og:image:type\" content=\"image\/jpeg\" \/>\n<meta name=\"twitter:card\" content=\"summary_large_image\" \/>\n<meta name=\"twitter:label1\" content=\"Tempo di lettura stimato\" \/>\n\t<meta name=\"twitter:data1\" content=\"4 minuti\" \/>\n<script type=\"application\/ld+json\" class=\"yoast-schema-graph\">{\"@context\":\"https:\\\/\\\/schema.org\",\"@graph\":[{\"@type\":\"WebPage\",\"@id\":\"https:\\\/\\\/www.accuratereviews.com\\\/it\\\/gestionale-per-parrucchieri\\\/squire-recensione\\\/\",\"url\":\"https:\\\/\\\/www.accuratereviews.com\\\/it\\\/gestionale-per-parrucchieri\\\/squire-recensione\\\/\",\"name\":\"Squire: recensione software gestionale parrucchieri - Accurate Reviews\",\"isPartOf\":{\"@id\":\"https:\\\/\\\/www.accuratereviews.com\\\/it\\\/#website\"},\"primaryImageOfPage\":{\"@id\":\"https:\\\/\\\/www.accuratereviews.com\\\/it\\\/gestionale-per-parrucchieri\\\/squire-recensione\\\/#primaryimage\"},\"image\":{\"@id\":\"https:\\\/\\\/www.accuratereviews.com\\\/it\\\/gestionale-per-parrucchieri\\\/squire-recensione\\\/#primaryimage\"},\"thumbnailUrl\":\"https:\\\/\\\/www.accuratereviews.com\\\/wp-content\\\/uploads\\\/2024\\\/03\\\/Squire.jpeg\",\"datePublished\":\"2024-03-15T15:19:52+00:00\",\"description\":\"Squire: recensione sistema di gestione dei barbieri che offre strumenti per la pianificazione degli appuntamenti e di molto altro.\",\"breadcrumb\":{\"@id\":\"https:\\\/\\\/www.accuratereviews.com\\\/it\\\/gestionale-per-parrucchieri\\\/squire-recensione\\\/#breadcrumb\"},\"inLanguage\":\"it-IT\",\"potentialAction\":[{\"@type\":\"ReadAction\",\"target\":[\"https:\\\/\\\/www.accuratereviews.com\\\/it\\\/gestionale-per-parrucchieri\\\/squire-recensione\\\/\"]}]},{\"@type\":\"ImageObject\",\"inLanguage\":\"it-IT\",\"@id\":\"https:\\\/\\\/www.accuratereviews.com\\\/it\\\/gestionale-per-parrucchieri\\\/squire-recensione\\\/#primaryimage\",\"url\":\"https:\\\/\\\/www.accuratereviews.com\\\/wp-content\\\/uploads\\\/2024\\\/03\\\/Squire.jpeg\",\"contentUrl\":\"https:\\\/\\\/www.accuratereviews.com\\\/wp-content\\\/uploads\\\/2024\\\/03\\\/Squire.jpeg\",\"width\":512,\"height\":512},{\"@type\":\"BreadcrumbList\",\"@id\":\"https:\\\/\\\/www.accuratereviews.com\\\/it\\\/gestionale-per-parrucchieri\\\/squire-recensione\\\/#breadcrumb\",\"itemListElement\":[{\"@type\":\"ListItem\",\"position\":1,\"name\":\"Home\",\"item\":\"https:\\\/\\\/www.accuratereviews.com\\\/it\\\/\"},{\"@type\":\"ListItem\",\"position\":2,\"name\":\"Gestionale per parrucchieri\",\"item\":\"https:\\\/\\\/www.accuratereviews.com\\\/it\\\/gestionale-per-parrucchieri\\\/\"},{\"@type\":\"ListItem\",\"position\":3,\"name\":\"Squire\"}]},{\"@type\":\"WebSite\",\"@id\":\"https:\\\/\\\/www.accuratereviews.com\\\/it\\\/#website\",\"url\":\"https:\\\/\\\/www.accuratereviews.com\\\/it\\\/\",\"name\":\"Accurate Reviews\",\"description\":\"\",\"potentialAction\":[{\"@type\":\"SearchAction\",\"target\":{\"@type\":\"EntryPoint\",\"urlTemplate\":\"https:\\\/\\\/www.accuratereviews.com\\\/it\\\/?s={search_term_string}\"},\"query-input\":{\"@type\":\"PropertyValueSpecification\",\"valueRequired\":true,\"valueName\":\"search_term_string\"}}],\"inLanguage\":\"it-IT\"}]}<\/script>\n<!-- \/ Yoast SEO plugin. -->","yoast_head_json":{"title":"Squire: recensione software gestionale parrucchieri - Accurate Reviews","description":"Squire: recensione sistema di gestione dei barbieri che offre strumenti per la pianificazione degli appuntamenti e di molto altro.","robots":{"index":"index","follow":"follow","max-snippet":"max-snippet:-1","max-image-preview":"max-image-preview:large","max-video-preview":"max-video-preview:-1"},"canonical":"https:\/\/www.accuratereviews.com\/it\/gestionale-per-parrucchieri\/squire-recensione\/","og_locale":"it_IT","og_type":"article","og_title":"Squire: recensione software gestionale parrucchieri - Accurate Reviews","og_description":"Squire: recensione sistema di gestione dei barbieri che offre strumenti per la pianificazione degli appuntamenti e di molto altro.","og_url":"https:\/\/www.accuratereviews.com\/it\/gestionale-per-parrucchieri\/squire-recensione\/","og_site_name":"Accurate Reviews","og_image":[{"width":512,"height":512,"url":"https:\/\/www.accuratereviews.com\/wp-content\/uploads\/2024\/03\/Squire.jpeg","type":"image\/jpeg"}],"twitter_card":"summary_large_image","twitter_misc":{"Tempo di lettura stimato":"4 minuti"},"schema":{"@context":"https:\/\/schema.org","@graph":[{"@type":"WebPage","@id":"https:\/\/www.accuratereviews.com\/it\/gestionale-per-parrucchieri\/squire-recensione\/","url":"https:\/\/www.accuratereviews.com\/it\/gestionale-per-parrucchieri\/squire-recensione\/","name":"Squire: recensione software gestionale parrucchieri - Accurate Reviews","isPartOf":{"@id":"https:\/\/www.accuratereviews.com\/it\/#website"},"primaryImageOfPage":{"@id":"https:\/\/www.accuratereviews.com\/it\/gestionale-per-parrucchieri\/squire-recensione\/#primaryimage"},"image":{"@id":"https:\/\/www.accuratereviews.com\/it\/gestionale-per-parrucchieri\/squire-recensione\/#primaryimage"},"thumbnailUrl":"https:\/\/www.accuratereviews.com\/wp-content\/uploads\/2024\/03\/Squire.jpeg","datePublished":"2024-03-15T15:19:52+00:00","description":"Squire: recensione sistema di gestione dei barbieri che offre strumenti per la pianificazione degli appuntamenti e di molto altro.","breadcrumb":{"@id":"https:\/\/www.accuratereviews.com\/it\/gestionale-per-parrucchieri\/squire-recensione\/#breadcrumb"},"inLanguage":"it-IT","potentialAction":[{"@type":"ReadAction","target":["https:\/\/www.accuratereviews.com\/it\/gestionale-per-parrucchieri\/squire-recensione\/"]}]},{"@type":"ImageObject","inLanguage":"it-IT","@id":"https:\/\/www.accuratereviews.com\/it\/gestionale-per-parrucchieri\/squire-recensione\/#primaryimage","url":"https:\/\/www.accuratereviews.com\/wp-content\/uploads\/2024\/03\/Squire.jpeg","contentUrl":"https:\/\/www.accuratereviews.com\/wp-content\/uploads\/2024\/03\/Squire.jpeg","width":512,"height":512},{"@type":"BreadcrumbList","@id":"https:\/\/www.accuratereviews.com\/it\/gestionale-per-parrucchieri\/squire-recensione\/#breadcrumb","itemListElement":[{"@type":"ListItem","position":1,"name":"Home","item":"https:\/\/www.accuratereviews.com\/it\/"},{"@type":"ListItem","position":2,"name":"Gestionale per parrucchieri","item":"https:\/\/www.accuratereviews.com\/it\/gestionale-per-parrucchieri\/"},{"@type":"ListItem","position":3,"name":"Squire"}]},{"@type":"WebSite","@id":"https:\/\/www.accuratereviews.com\/it\/#website","url":"https:\/\/www.accuratereviews.com\/it\/","name":"Accurate Reviews","description":"","potentialAction":[{"@type":"SearchAction","target":{"@type":"EntryPoint","urlTemplate":"https:\/\/www.accuratereviews.com\/it\/?s={search_term_string}"},"query-input":{"@type":"PropertyValueSpecification","valueRequired":true,"valueName":"search_term_string"}}],"inLanguage":"it-IT"}]}},"_links":{"self":[{"href":"https:\/\/www.accuratereviews.com\/it\/wp-json\/wp\/v2\/pages\/75190","targetHints":{"allow":["GET"]}}],"collection":[{"href":"https:\/\/www.accuratereviews.com\/it\/wp-json\/wp\/v2\/pages"}],"about":[{"href":"https:\/\/www.accuratereviews.com\/it\/wp-json\/wp\/v2\/types\/page"}],"author":[{"embeddable":true,"href":"https:\/\/www.accuratereviews.com\/it\/wp-json\/wp\/v2\/users\/19"}],"replies":[{"embeddable":true,"href":"https:\/\/www.accuratereviews.com\/it\/wp-json\/wp\/v2\/comments?post=75190"}],"version-history":[{"count":12,"href":"https:\/\/www.accuratereviews.com\/it\/wp-json\/wp\/v2\/pages\/75190\/revisions"}],"predecessor-version":[{"id":75211,"href":"https:\/\/www.accuratereviews.com\/it\/wp-json\/wp\/v2\/pages\/75190\/revisions\/75211"}],"up":[{"embeddable":true,"href":"https:\/\/www.accuratereviews.com\/it\/wp-json\/wp\/v2\/pages\/33071"}],"wp:featuredmedia":[{"embeddable":true,"href":"https:\/\/www.accuratereviews.com\/it\/wp-json\/wp\/v2\/media\/75194"}],"wp:attachment":[{"href":"https:\/\/www.accuratereviews.com\/it\/wp-json\/wp\/v2\/media?parent=75190"}],"wp:term":[{"taxonomy":"category","embeddable":true,"href":"https:\/\/www.accuratereviews.com\/it\/wp-json\/wp\/v2\/categories?post=75190"},{"taxonomy":"post_tag","embeddable":true,"href":"https:\/\/www.accuratereviews.com\/it\/wp-json\/wp\/v2\/tags?post=75190"},{"taxonomy":"features","embeddable":true,"href":"https:\/\/www.accuratereviews.com\/it\/wp-json\/wp\/v2\/features?post=75190"}],"curies":[{"name":"wp","href":"https:\/\/api.w.org\/{rel}","templated":true}]}}