{"id":75225,"date":"2024-03-18T11:10:56","date_gmt":"2024-03-18T11:10:56","guid":{"rendered":"https:\/\/www.accuratereviews.com\/?page_id=75225"},"modified":"2024-03-19T11:11:47","modified_gmt":"2024-03-19T11:11:47","slug":"myappointments-recensione","status":"publish","type":"page","link":"https:\/\/www.accuratereviews.com\/it\/gestionale-per-parrucchieri\/myappointments-recensione\/","title":{"rendered":"MyAppointments"},"content":{"rendered":"<p><strong>MyAppointments<\/strong> \u00e8 un<strong> software di pianificazione degli appuntamenti<\/strong> <strong>online<\/strong> che offre un&#8217;unica piattaforma da cui gestire i clienti.\u00a0Utilizzando il calendario di pianificazione intuitivo, il programma consente agli utenti di modificare, confermare e visualizzare facilmente i dettagli dell&#8217;appuntamento. Inoltre per aumentare ulteriormente l&#8217;efficienza, <strong>MyAppointments<\/strong> include promemoria e conferme automatici degli appuntamenti. Con promemoria automatici via email e sms i quali serve a ridurre il numero delle mancate presentazioni. Supporta la tecnologia di reporting e pubblicit\u00e0 esportando report come foglio di calcolo, fornendo cos\u00ec agli utenti informazioni preziose sulle prestazioni aziendali. Nel frattempo, per facilitare una pubblicit\u00e0 efficace, utilizza una funzione di ricerca che aiuta i nuovi clienti a scoprire l&#8217;attivit\u00e0 che presente \u00a0nella loro zona.<\/p>\n<h2>MYAPPOINTMENTS &#8211; TUTORIAL<\/h2>\n<div id=\"fluid-wrapper-counter-1\" class=\"g1-fluid-wrapper \" style=\"width:686px;\">\n<div style=\"padding-bottom:56.268221574344%;\"><iframe loading=\"lazy\" title=\"Introduction to MyAppointments\" width=\"686\" height=\"386\" src=\"https:\/\/www.youtube.com\/embed\/CeYqDek_seg?feature=oembed&amp;wmode=transparent&amp;autohide=1&amp;autoplay=0&amp;disablekb=0&amp;fs=1&amp;loop=0&amp;enablejsapi=1&amp;rel=0&amp;controls=2&amp;showinfo=0&amp;wmode=transparent&amp;autohide=2&amp;autoplay=0&amp;disablekb=0&amp;fs=1&amp;loop=0&amp;enablejsapi=1&amp;rel=0&amp;controls=2&amp;showinfo=1\" frameborder=\"0\" allow=\"accelerometer; autoplay; clipboard-write; encrypted-media; gyroscope; picture-in-picture; web-share\" allowfullscreen><\/iframe><\/div>\n<\/div>\n<h3>MYAPPOINTMENTS &#8211; CARATTERISTICHE<\/h3>\n<ul>\n<li>Include un calendario di pianificazione online, che consente agli utenti e ai loro clienti di prenotare appuntamenti in modo rapido e conveniente da qualsiasi dispositivo abilitato a Internet.<\/li>\n<li>\u00a0Funziona come un software basato su cloud, offrendo agli utenti la flessibilit\u00e0 di gestire la propria agenda in movimento in qualsiasi momento.<\/li>\n<li>La tecnologia di gestione dei clienti della piattaforma consente agli utenti di tenere traccia facilmente degli appuntamenti imminenti, delle note dei clienti e delle cancellazioni.<\/li>\n<li>I promemoria e le conferme automatici degli appuntamenti riducono il numero di appuntamenti per mancata presentazione.<\/li>\n<li>Facilita l&#8217;esportazione dei dati, consentendo agli utenti di esportare report ed elenchi come foglio di calcolo per ottenere informazioni preziose sulle prestazioni aziendali.<\/li>\n<\/ul>\n<h4>LE RECENSIONI DEGLI UTENTI<\/h4>\n<p><strong>Danielle&#8221;Scelta eccellente&#8221;<\/strong><br \/>\n<strong>Commenti<\/strong>: Tutto sommato il programma funziona bene.<br \/>\n<strong>Pro<\/strong>: Mi piace la facilit\u00e0 di prenotare appuntamenti da dispositivi mobili. Gli schermi sono facili da navigare e soddisfano le esigenze del nostro salone. La parte MIGLIORE di questo programma \u00e8 lo staff di supporto che chiami quando hai bisogno di aiuto. Sono favolosi!!!!!<br \/>\n<strong>Contro<\/strong>: Penso che l&#8217;unica cosa che sarebbe da aggiungere la possibilit\u00e0 di modificare una transazione di registro dopo che \u00e8 stata chiusa come il vecchio software Elite.<\/p>\n<p><strong>Jed&#8221;Facile da usare ed efficiente utilizzo del tempo&#8221;<\/strong><br \/>\n<strong>Pro<\/strong>: \u00c8 estremamente facile da configurare e partire con slancio. Il prezzo \u00e8 pi\u00f9 che giusto e mi piace il fatto che non ci sia alcun contratto. Il prodotto \u00e8 facile da personalizzare e l&#8217;interfaccia \u00e8 intuitiva. Gli utenti possono prenotare facilmente e pianificare i loro appuntamenti.<br \/>\n<strong>Contro<\/strong>: A volte il software funziona lentamente, tuttavia il supporto tecnico \u00e8 sempre prontamente disponibile per assistere in qualsiasi conflitto.<\/p>\n<p><strong>Valerie&#8221;Pink Hair&#8221;<\/strong><br \/>\n<strong>Pro<\/strong>: \u00c8 molto facile collaborare e se ho una domanda \u00e8 molto semplice contattare un rappresentante.<br \/>\n<strong>Contro<\/strong>: A volte, quando sono di fretta, i passaggi da compiere sono troppi per fissare un appuntamento o rivedere un appuntamento precedente del cliente<\/p>\n","protected":false},"excerpt":{"rendered":"<p>MyAppointments \u00e8 un software di pianificazione degli appuntamenti online che offre un&#8217;unica piattaforma da cui gestire i clienti.\u00a0Utilizzando il calendario di pianificazione intuitivo, il programma consente agli utenti di modificare, confermare e visualizzare facilmente i dettagli dell&#8217;appuntamento. Inoltre per aumentare ulteriormente l&#8217;efficienza, MyAppointments include promemoria e conferme automatici degli appuntamenti.<\/p>\n","protected":false},"author":19,"featured_media":75226,"parent":33071,"menu_order":0,"comment_status":"open","ping_status":"closed","template":"g1_template_page_review_new.php","meta":{"_acf_changed":false,"cwp_meta_box_check":"Yes","cwp_rev_product_name":"","cwp_rev_product_image":"","wppr_links":[],"cwp_rev_price":"0.00","wppr_options":[{"name":"Usability","value":"0"},{"name":"Speed","value":"0"},{"name":"Features","value":"0"},{"name":"Support","value":"0"},{"name":"Pricing","value":"0"}],"wppr_pros":["","","","",""],"wppr_cons":["","","","",""],"_monsterinsights_skip_tracking":false,"_monsterinsights_sitenote_active":false,"_monsterinsights_sitenote_note":"","_monsterinsights_sitenote_category":0,"footnotes":""},"categories":[4186],"tags":[14947,14993,4267,14950,14949,14948],"features":[],"class_list":{"0":"post-75225","1":"page","2":"type-page","3":"status-publish","4":"has-post-thumbnail","6":"category-gestionali-per-parrucchieri","7":"tag-gestionale-parrucchieri","8":"tag-myappointments","9":"tag-piattaforma-gestionale-parrucchieri","10":"tag-programma-gestionale-parrucchieri","11":"tag-software-gestionale-parrucchieri","12":"tag-soluzione-gestionale-parrucchieri"},"wppr_data":{"cwp_meta_box_check":"Yes","_wppr_review_template":"default","cwp_rev_product_image":"","cwp_image_link":"image","wppr_links":[],"cwp_rev_price":"0.00","wppr_pros":["","","","",""],"wppr_cons":["","","","",""],"wppr_rating":"0.00","wppr_options":{"1":{"name":"Usability","value":"0"},"2":{"name":"Speed","value":"0"},"3":{"name":"Features","value":"0"},"4":{"name":"Support","value":"0"},"5":{"name":"Pricing","value":"0"}},"wppr_review_type":"Product","wppr_review_custom_fields":{"additionalProperty":"","additionalType":"","aggregateRating":"","alternateName":"","audience":"","award":"","awards":"","brand":"","color":"","depth":"","description":"","disambiguatingDescription":"","gtin12":"","gtin13":"","gtin14":"","gtin8":"","height":"","identifier":"","image":"","isAccessoryOrSparePartFor":"","isConsumableFor":"","isRelatedTo":"","isSimilarTo":"","itemCondition":"","logo":"","mainEntityOfPage":"","manufacturer":"","material":"","model":"","mpn":"","name":"","offers":"","potentialAction":"","productID":"","productionDate":"","purchaseDate":"","releaseDate":"","review":"","reviews":"","sameAs":"","sku":"","slogan":"","subjectOf":"","url":"","weight":"","width":""}},"acf":[],"yoast_head":"<!-- This site is optimized with the Yoast SEO plugin v27.4 - https:\/\/yoast.com\/product\/yoast-seo-wordpress\/ -->\n<title>MyAppointments: recensione software gestionale parrucchieri - Accurate Reviews<\/title>\n<meta name=\"description\" content=\"MyAppointments: recensione software di pianificazione degli appuntamenti online che offre un&#039;unica piattaforma da cui gestire i clienti.\" \/>\n<meta name=\"robots\" content=\"index, follow, max-snippet:-1, max-image-preview:large, max-video-preview:-1\" \/>\n<link rel=\"canonical\" href=\"https:\/\/www.accuratereviews.com\/it\/gestionale-per-parrucchieri\/myappointments-recensione\/\" \/>\n<meta property=\"og:locale\" content=\"it_IT\" \/>\n<meta property=\"og:type\" content=\"article\" \/>\n<meta property=\"og:title\" content=\"MyAppointments: recensione software gestionale parrucchieri - Accurate Reviews\" \/>\n<meta property=\"og:description\" content=\"MyAppointments: recensione software di pianificazione degli appuntamenti online che offre un&#039;unica piattaforma da cui gestire i clienti.\" \/>\n<meta property=\"og:url\" content=\"https:\/\/www.accuratereviews.com\/it\/gestionale-per-parrucchieri\/myappointments-recensione\/\" \/>\n<meta property=\"og:site_name\" content=\"Accurate Reviews\" \/>\n<meta property=\"article:modified_time\" content=\"2024-03-19T11:11:47+00:00\" \/>\n<meta property=\"og:image\" content=\"https:\/\/www.accuratereviews.com\/wp-content\/uploads\/2024\/03\/MyAppointments.jpeg\" \/>\n\t<meta property=\"og:image:width\" content=\"271\" \/>\n\t<meta property=\"og:image:height\" content=\"271\" \/>\n\t<meta property=\"og:image:type\" content=\"image\/jpeg\" \/>\n<meta name=\"twitter:card\" content=\"summary_large_image\" \/>\n<meta name=\"twitter:label1\" content=\"Tempo di lettura stimato\" \/>\n\t<meta name=\"twitter:data1\" content=\"4 minuti\" \/>\n<script type=\"application\/ld+json\" class=\"yoast-schema-graph\">{\"@context\":\"https:\\\/\\\/schema.org\",\"@graph\":[{\"@type\":\"WebPage\",\"@id\":\"https:\\\/\\\/www.accuratereviews.com\\\/it\\\/gestionale-per-parrucchieri\\\/myappointments-recensione\\\/\",\"url\":\"https:\\\/\\\/www.accuratereviews.com\\\/it\\\/gestionale-per-parrucchieri\\\/myappointments-recensione\\\/\",\"name\":\"MyAppointments: recensione software gestionale parrucchieri - Accurate Reviews\",\"isPartOf\":{\"@id\":\"https:\\\/\\\/www.accuratereviews.com\\\/it\\\/#website\"},\"primaryImageOfPage\":{\"@id\":\"https:\\\/\\\/www.accuratereviews.com\\\/it\\\/gestionale-per-parrucchieri\\\/myappointments-recensione\\\/#primaryimage\"},\"image\":{\"@id\":\"https:\\\/\\\/www.accuratereviews.com\\\/it\\\/gestionale-per-parrucchieri\\\/myappointments-recensione\\\/#primaryimage\"},\"thumbnailUrl\":\"https:\\\/\\\/www.accuratereviews.com\\\/wp-content\\\/uploads\\\/2024\\\/03\\\/MyAppointments.jpeg\",\"datePublished\":\"2024-03-18T11:10:56+00:00\",\"dateModified\":\"2024-03-19T11:11:47+00:00\",\"description\":\"MyAppointments: recensione software di pianificazione degli appuntamenti online che offre un'unica piattaforma da cui gestire i clienti.\",\"breadcrumb\":{\"@id\":\"https:\\\/\\\/www.accuratereviews.com\\\/it\\\/gestionale-per-parrucchieri\\\/myappointments-recensione\\\/#breadcrumb\"},\"inLanguage\":\"it-IT\",\"potentialAction\":[{\"@type\":\"ReadAction\",\"target\":[\"https:\\\/\\\/www.accuratereviews.com\\\/it\\\/gestionale-per-parrucchieri\\\/myappointments-recensione\\\/\"]}]},{\"@type\":\"ImageObject\",\"inLanguage\":\"it-IT\",\"@id\":\"https:\\\/\\\/www.accuratereviews.com\\\/it\\\/gestionale-per-parrucchieri\\\/myappointments-recensione\\\/#primaryimage\",\"url\":\"https:\\\/\\\/www.accuratereviews.com\\\/wp-content\\\/uploads\\\/2024\\\/03\\\/MyAppointments.jpeg\",\"contentUrl\":\"https:\\\/\\\/www.accuratereviews.com\\\/wp-content\\\/uploads\\\/2024\\\/03\\\/MyAppointments.jpeg\",\"width\":271,\"height\":271},{\"@type\":\"BreadcrumbList\",\"@id\":\"https:\\\/\\\/www.accuratereviews.com\\\/it\\\/gestionale-per-parrucchieri\\\/myappointments-recensione\\\/#breadcrumb\",\"itemListElement\":[{\"@type\":\"ListItem\",\"position\":1,\"name\":\"Home\",\"item\":\"https:\\\/\\\/www.accuratereviews.com\\\/it\\\/\"},{\"@type\":\"ListItem\",\"position\":2,\"name\":\"Gestionale per parrucchieri\",\"item\":\"https:\\\/\\\/www.accuratereviews.com\\\/it\\\/gestionale-per-parrucchieri\\\/\"},{\"@type\":\"ListItem\",\"position\":3,\"name\":\"MyAppointments\"}]},{\"@type\":\"WebSite\",\"@id\":\"https:\\\/\\\/www.accuratereviews.com\\\/it\\\/#website\",\"url\":\"https:\\\/\\\/www.accuratereviews.com\\\/it\\\/\",\"name\":\"Accurate Reviews\",\"description\":\"\",\"potentialAction\":[{\"@type\":\"SearchAction\",\"target\":{\"@type\":\"EntryPoint\",\"urlTemplate\":\"https:\\\/\\\/www.accuratereviews.com\\\/it\\\/?s={search_term_string}\"},\"query-input\":{\"@type\":\"PropertyValueSpecification\",\"valueRequired\":true,\"valueName\":\"search_term_string\"}}],\"inLanguage\":\"it-IT\"}]}<\/script>\n<!-- \/ Yoast SEO plugin. -->","yoast_head_json":{"title":"MyAppointments: recensione software gestionale parrucchieri - Accurate Reviews","description":"MyAppointments: recensione software di pianificazione degli appuntamenti online che offre un'unica piattaforma da cui gestire i clienti.","robots":{"index":"index","follow":"follow","max-snippet":"max-snippet:-1","max-image-preview":"max-image-preview:large","max-video-preview":"max-video-preview:-1"},"canonical":"https:\/\/www.accuratereviews.com\/it\/gestionale-per-parrucchieri\/myappointments-recensione\/","og_locale":"it_IT","og_type":"article","og_title":"MyAppointments: recensione software gestionale parrucchieri - Accurate Reviews","og_description":"MyAppointments: recensione software di pianificazione degli appuntamenti online che offre un'unica piattaforma da cui gestire i clienti.","og_url":"https:\/\/www.accuratereviews.com\/it\/gestionale-per-parrucchieri\/myappointments-recensione\/","og_site_name":"Accurate Reviews","article_modified_time":"2024-03-19T11:11:47+00:00","og_image":[{"width":271,"height":271,"url":"https:\/\/www.accuratereviews.com\/wp-content\/uploads\/2024\/03\/MyAppointments.jpeg","type":"image\/jpeg"}],"twitter_card":"summary_large_image","twitter_misc":{"Tempo di lettura stimato":"4 minuti"},"schema":{"@context":"https:\/\/schema.org","@graph":[{"@type":"WebPage","@id":"https:\/\/www.accuratereviews.com\/it\/gestionale-per-parrucchieri\/myappointments-recensione\/","url":"https:\/\/www.accuratereviews.com\/it\/gestionale-per-parrucchieri\/myappointments-recensione\/","name":"MyAppointments: recensione software gestionale parrucchieri - Accurate Reviews","isPartOf":{"@id":"https:\/\/www.accuratereviews.com\/it\/#website"},"primaryImageOfPage":{"@id":"https:\/\/www.accuratereviews.com\/it\/gestionale-per-parrucchieri\/myappointments-recensione\/#primaryimage"},"image":{"@id":"https:\/\/www.accuratereviews.com\/it\/gestionale-per-parrucchieri\/myappointments-recensione\/#primaryimage"},"thumbnailUrl":"https:\/\/www.accuratereviews.com\/wp-content\/uploads\/2024\/03\/MyAppointments.jpeg","datePublished":"2024-03-18T11:10:56+00:00","dateModified":"2024-03-19T11:11:47+00:00","description":"MyAppointments: recensione software di pianificazione degli appuntamenti online che offre un'unica piattaforma da cui gestire i clienti.","breadcrumb":{"@id":"https:\/\/www.accuratereviews.com\/it\/gestionale-per-parrucchieri\/myappointments-recensione\/#breadcrumb"},"inLanguage":"it-IT","potentialAction":[{"@type":"ReadAction","target":["https:\/\/www.accuratereviews.com\/it\/gestionale-per-parrucchieri\/myappointments-recensione\/"]}]},{"@type":"ImageObject","inLanguage":"it-IT","@id":"https:\/\/www.accuratereviews.com\/it\/gestionale-per-parrucchieri\/myappointments-recensione\/#primaryimage","url":"https:\/\/www.accuratereviews.com\/wp-content\/uploads\/2024\/03\/MyAppointments.jpeg","contentUrl":"https:\/\/www.accuratereviews.com\/wp-content\/uploads\/2024\/03\/MyAppointments.jpeg","width":271,"height":271},{"@type":"BreadcrumbList","@id":"https:\/\/www.accuratereviews.com\/it\/gestionale-per-parrucchieri\/myappointments-recensione\/#breadcrumb","itemListElement":[{"@type":"ListItem","position":1,"name":"Home","item":"https:\/\/www.accuratereviews.com\/it\/"},{"@type":"ListItem","position":2,"name":"Gestionale per parrucchieri","item":"https:\/\/www.accuratereviews.com\/it\/gestionale-per-parrucchieri\/"},{"@type":"ListItem","position":3,"name":"MyAppointments"}]},{"@type":"WebSite","@id":"https:\/\/www.accuratereviews.com\/it\/#website","url":"https:\/\/www.accuratereviews.com\/it\/","name":"Accurate Reviews","description":"","potentialAction":[{"@type":"SearchAction","target":{"@type":"EntryPoint","urlTemplate":"https:\/\/www.accuratereviews.com\/it\/?s={search_term_string}"},"query-input":{"@type":"PropertyValueSpecification","valueRequired":true,"valueName":"search_term_string"}}],"inLanguage":"it-IT"}]}},"_links":{"self":[{"href":"https:\/\/www.accuratereviews.com\/it\/wp-json\/wp\/v2\/pages\/75225","targetHints":{"allow":["GET"]}}],"collection":[{"href":"https:\/\/www.accuratereviews.com\/it\/wp-json\/wp\/v2\/pages"}],"about":[{"href":"https:\/\/www.accuratereviews.com\/it\/wp-json\/wp\/v2\/types\/page"}],"author":[{"embeddable":true,"href":"https:\/\/www.accuratereviews.com\/it\/wp-json\/wp\/v2\/users\/19"}],"replies":[{"embeddable":true,"href":"https:\/\/www.accuratereviews.com\/it\/wp-json\/wp\/v2\/comments?post=75225"}],"version-history":[{"count":8,"href":"https:\/\/www.accuratereviews.com\/it\/wp-json\/wp\/v2\/pages\/75225\/revisions"}],"predecessor-version":[{"id":75270,"href":"https:\/\/www.accuratereviews.com\/it\/wp-json\/wp\/v2\/pages\/75225\/revisions\/75270"}],"up":[{"embeddable":true,"href":"https:\/\/www.accuratereviews.com\/it\/wp-json\/wp\/v2\/pages\/33071"}],"wp:featuredmedia":[{"embeddable":true,"href":"https:\/\/www.accuratereviews.com\/it\/wp-json\/wp\/v2\/media\/75226"}],"wp:attachment":[{"href":"https:\/\/www.accuratereviews.com\/it\/wp-json\/wp\/v2\/media?parent=75225"}],"wp:term":[{"taxonomy":"category","embeddable":true,"href":"https:\/\/www.accuratereviews.com\/it\/wp-json\/wp\/v2\/categories?post=75225"},{"taxonomy":"post_tag","embeddable":true,"href":"https:\/\/www.accuratereviews.com\/it\/wp-json\/wp\/v2\/tags?post=75225"},{"taxonomy":"features","embeddable":true,"href":"https:\/\/www.accuratereviews.com\/it\/wp-json\/wp\/v2\/features?post=75225"}],"curies":[{"name":"wp","href":"https:\/\/api.w.org\/{rel}","templated":true}]}}