{"id":75244,"date":"2024-03-20T16:59:42","date_gmt":"2024-03-20T16:59:42","guid":{"rendered":"https:\/\/www.accuratereviews.com\/?page_id=75244"},"modified":"2024-03-20T21:56:56","modified_gmt":"2024-03-20T21:56:56","slug":"youreontime-recensione","status":"publish","type":"page","link":"https:\/\/www.accuratereviews.com\/it\/gestionale-per-parrucchieri\/youreontime-recensione\/","title":{"rendered":"You&#8217;reOnTime"},"content":{"rendered":"<p><strong>You&#8217;reOnTime<\/strong> \u00e8 uno <strong>strumento di gestione<\/strong> tutto in uno. La piattaforma, basata su <strong>cloud<\/strong>, offre strumenti per la gestione di appuntamenti, vendite, marketing, prenotazione online, reportistica e altro ancora e presenta funzionalit\u00e0 uniche come moduli di check-in, un costruttore di siti web personalizzabile, integrazione con <strong>Facebook<\/strong>, marketing tramite sms ed email, programmi di fidelizzazione, e altro ancora.<br \/>\nLa piattaforma \u00e8 integrata con strumenti di terze parti come <strong>Facebook<\/strong> per la prenotazione online e<strong> Apriva, Stripe e Authorize.Net<\/strong> per l&#8217;elaborazione dei pagamenti online. Pu\u00f2 essere adattato a qualsiasi tipo di esigenza aziendale, con strumenti per la gestione di saloni walk-in, check-in automatico o prenotazioni online. I dipendenti possono visualizzare il calendario del team per vedere i loro prossimi appuntamenti, nonch\u00e9 monitorare la disponibilit\u00e0 del proprio team per effettuare prenotazioni.<\/p>\n<h2>YOU&#8217;REONTIME &#8211; TUTORIAL<\/h2>\n<div id=\"fluid-wrapper-counter-1\" class=\"g1-fluid-wrapper \" style=\"width:686px;\">\n<div style=\"padding-bottom:56.268221574344%;\"><iframe loading=\"lazy\" title=\"You\u2019reOnTime | The Complete Salon Booking System\" width=\"686\" height=\"386\" src=\"https:\/\/www.youtube.com\/embed\/kL6QZ7_S_kY?feature=oembed&amp;wmode=transparent&amp;autohide=1&amp;autoplay=0&amp;disablekb=0&amp;fs=1&amp;loop=0&amp;enablejsapi=1&amp;rel=0&amp;controls=2&amp;showinfo=0&amp;wmode=transparent&amp;autohide=2&amp;autoplay=0&amp;disablekb=0&amp;fs=1&amp;loop=0&amp;enablejsapi=1&amp;rel=0&amp;controls=2&amp;showinfo=1\" frameborder=\"0\" allow=\"accelerometer; autoplay; clipboard-write; encrypted-media; gyroscope; picture-in-picture; web-share\" allowfullscreen><\/iframe><\/div>\n<\/div>\n<h3>YOU&#8217;REONTIME &#8211; CARATTERISTICHE<\/h3>\n<div class=\"OlSOob\">\n<div class=\"ccvoYb\">\n<div class=\"AxqVh\">\n<div class=\"OPPzxe\">\n<div class=\"QcsUad BDJ8fb BLojaf sMVRZe wneUed\">\n<div class=\"usGWQd\">\n<div class=\"KkbLmb\">\n<ul>\n<li class=\"lRu31\" dir=\"ltr\"><span class=\"HwtZe\" lang=\"it\"><span class=\"jCAhz ChMk0b\"><span class=\"ryNqvb\"><strong>Pianificazione semplificata<\/strong>: migliora la gestione degli appuntamenti con il software di prenotazione all&#8217;avanguardia progettato specificamente per i saloni.<\/span><\/span> <span class=\"jCAhz ChMk0b\"><span class=\"ryNqvb\">Gestisci facilmente le pianificazioni giornaliere o settimanali, blocca gli orari e gestisci le risorse senza sforzo.<\/span><\/span> <span class=\"jCAhz ChMk0b\"><span class=\"ryNqvb\">Utilizza il sistema per ripetizioni rapide, ricerca di fasce orarie disponibili e recupero istantaneo della cronologia dei clienti.<\/span><\/span> <\/span><\/li>\n<li class=\"lRu31\" dir=\"ltr\"><span class=\"HwtZe\" lang=\"it\"><strong><span class=\"jCAhz ChMk0b\"><span class=\"ryNqvb\">Promemoria<\/span><\/span><\/strong><span class=\"jCAhz ChMk0b\"><span class=\"ryNqvb\"><strong> automatizzata<\/strong>: d\u00ec addio alle opportunit\u00e0 mancate con il sistema intelligente di promemoria e conferma via sms.<\/span><\/span> <span class=\"jCAhz ChMk0b\"><span class=\"ryNqvb\">Guarda come questa funzionalit\u00e0 diventa non solo una comodit\u00e0, ma una risorsa in termini di risparmio sui costi per le tue operazioni aziendali.<\/span><\/span> <\/span><\/li>\n<li class=\"lRu31\" dir=\"ltr\"><span class=\"HwtZe\" lang=\"it\"><span class=\"jCAhz ChMk0b\"><span class=\"ryNqvb\"><strong>Transazioni senza interruzioni<\/strong>: sperimenta la funzionalit\u00e0 integrata di punto vendita, dove convergono fatturazione, vendite di prodotti e monitoraggio promozionale.<\/span><\/span> <span class=\"jCAhz ChMk0b\"><span class=\"ryNqvb\">Offrendo molteplici metodi di pagamento, comprese opzioni terminali e gestione immediata delle ricevute, \u00e8 il sofisticato sistema POS che il tuo salone merita.<\/span><\/span> <\/span><\/li>\n<li class=\"lRu31\" dir=\"ltr\"><span class=\"HwtZe\" lang=\"it\"><span class=\"jCAhz ChMk0b\"><span class=\"ryNqvb\"><strong>Perfezionamento della fidelizzazione dei clienti<\/strong>: utilizza gli strumenti sms ed email personalizzabili per massimizzare il coinvolgimento dei clienti.<\/span><\/span> <span class=\"jCAhz ChMk0b\"><span class=\"ryNqvb\">Personalizza ogni messaggio per adattarlo al tuo marchio e al tuo pubblico e sfrutta i vantaggi dei programmi fedelt\u00e0 e delle promozioni, assicurandoti che i tuoi clienti continuino a tornare per saperne di pi\u00f9.<\/span><\/span> <\/span><\/li>\n<li class=\"lRu31\" dir=\"ltr\"><span class=\"HwtZe\" lang=\"it\"><span class=\"jCAhz ChMk0b\"><span class=\"ryNqvb\"><strong>Assistenza clienti<\/strong>: il sistema di gestione clienti offre una rapida occhiata alla storia, alle preferenze e alle note speciali dei clienti.<\/span><\/span> <span class=\"jCAhz ChMk0b\"><span class=\"ryNqvb\">Dettagli come la bevanda preferita o le tendenze del servizio non solo personalizzano la loro esperienza, ma distinguono anche il tuo salone dagli altri.<\/span><\/span> <\/span><\/li>\n<li class=\"lRu31\" dir=\"ltr\"><span class=\"HwtZe\" lang=\"it\"><span class=\"jCAhz ChMk0b\"><span class=\"ryNqvb\"><strong>Connessione mobile<\/strong>: regala al tuo marchio un&#8217;app mobile progettata per soddisfare ed estendere le tue esigenze specifiche.<\/span><\/span> <span class=\"jCAhz ChMk0b\"><span class=\"ryNqvb\">Offri alla tua clientela la comodit\u00e0 di prenotare e gestire gli appuntamenti in movimento.<\/span><\/span> <\/span><\/li>\n<li class=\"lRu31\" dir=\"ltr\"><span class=\"HwtZe\" lang=\"it\"><span class=\"jCAhz ChMk0b\"><span class=\"ryNqvb\"><strong>Controllo dell&#8217;inventario<\/strong>: tieni il passo con i prodotti e i servizi venduti, gestisci il monitoraggio delle scorte e gestisci i fornitori, tutto da un&#8217;unica posizione completa.<\/span><\/span> <span class=\"jCAhz ChMk0b\"><span class=\"ryNqvb\">Il robusto sistema apporta efficienza e controllo al processo di inventario.<\/span><\/span> <\/span><\/li>\n<li class=\"lRu31\" dir=\"ltr\"><span class=\"HwtZe\" lang=\"it\"><span class=\"jCAhz ChMk0b\"><span class=\"ryNqvb\"><strong>Potenziamento dell&#8217;analisi<\/strong>: gli strumenti di reporting avanzati offrono approfondimenti sulle prestazioni aziendali.<\/span><\/span> <span class=\"jCAhz ChMk0b\"><span class=\"ryNqvb\">Dagli articoli pi\u00f9 venduti alle valutazioni del personale, fornisce i dati critici di cui hai bisogno per prendere decisioni strategiche e informate per il futuro del tuo salone.<\/span><\/span> <\/span><\/li>\n<li class=\"lRu31\" dir=\"ltr\"><span class=\"HwtZe\" lang=\"it\"><span class=\"jCAhz ChMk0b\"><span class=\"ryNqvb\"><strong>Pianificazione dinamica del team:<\/strong> configura gli orari del personale per adattarli al flusso di lavoro unico della tua azienda, comprese le pause e i giorni liberi.<\/span><\/span> <span class=\"jCAhz ChMk0b\"><span class=\"ryNqvb\">Gestisci in modo efficiente il tuo team con la semplice tecnologia di pianificazione, garantendo operazioni ottimali.<\/span><\/span> <\/span><\/li>\n<li class=\"lRu31\" dir=\"ltr\"><span class=\"HwtZe\" lang=\"it\"><span class=\"jCAhz ChMk0b\"><span class=\"ryNqvb\"><strong>Innovativo servizio walk-in<\/strong>: offri un servizio eccezionale ai clienti walk-in con la funzione di check-in automatico, completa di stima del tempo di attesa.<\/span><\/span> <span class=\"jCAhz ChMk0b\"><span class=\"ryNqvb\">Migliora l&#8217;esperienza del cliente con un sistema progettato per mantenere le cose senza intoppi sia per i clienti che per il personale.<\/span><\/span><\/span><\/li>\n<li class=\"lRu31\" dir=\"ltr\"><span class=\"HwtZe\" lang=\"it\"><span class=\"jCAhz ChMk0b\"><span class=\"ryNqvb\"><strong>Moduli cliente personalizzati<\/strong>: personalizza l&#8217;esperienza del cliente con moduli elettronici che soddisfano le tue esigenze specifiche.<\/span><\/span> <span class=\"jCAhz ChMk0b\"><span class=\"ryNqvb\">Crea moduli e deroghe con le tue domande e le firme richieste per effettuare check-in e appuntamenti senza problemi.<\/span><\/span> <\/span><\/li>\n<li class=\"lRu31\" dir=\"ltr\"><span class=\"HwtZe\" lang=\"it\"><span class=\"jCAhz ChMk0b\"><span class=\"ryNqvb\"><strong>Fedelt\u00e0 semplificata<\/strong>: gestisci un sistema di fidelizzazione che tiene traccia accuratamente dei punti per i premi e il riscatto durante le transazioni, promuovendo un ambiente che valorizza l&#8217;impegno dei tuoi clienti.<\/span><\/span> <\/span><\/li>\n<li class=\"lRu31\" dir=\"ltr\"><span class=\"HwtZe\" lang=\"it\"><span class=\"jCAhz ChMk0b\"><span class=\"ryNqvb\"><strong>Rimani connesso ovunque<\/strong>: partecipa al programma del tuo salone da qualsiasi smartphone, offrendo una flessibilit\u00e0 senza pari per adattare le prenotazioni e soddisfare le esigenze dei clienti, indipendentemente da dove ti trovi.<\/span><\/span><\/span><\/li>\n<\/ul>\n<h4>LE RECENSIONI DEGLI UTENTI<\/h4>\n<p><strong>Helene &#8220;Il miglior software per la mia attivit\u00e0 in crescita&#8221;<\/strong><br \/>\n<strong>Commenti<\/strong>: Adoro i report e la dashboard, sono in grado di pianificare in anticipo le vendite e il marketing. Mi piace anche poter gestire tutti gli aspetti della mia attivit\u00e0, marketing, vendita di prodotti, personale, appuntamenti\u2026.tutto<br \/>\n<strong>Pro<\/strong>: Mi piace il fatto che questo software funzioni alla grande per il mio salone come &#8220;one man shop&#8221; e funzioner\u00e0 perfettamente quando la mia attivit\u00e0 crescer\u00e0.<br \/>\n<strong>Contro<\/strong>: Non sono un fan dei modelli di email, sono molto semplici e non personalizzabili per l&#8217;immagine della mia azienda e dei miei clienti, inoltre gli shortcode non funzionano esattamente.<\/p>\n<p><strong>Lauri &#8220;Non posso funzionare senza You&#8217;re On Time&#8221;<\/strong><br \/>\n<strong>Commenti<\/strong>: Grande! Sono stato cos\u00ec felice con You&#8217;re On Tine. Non so cosa farei senza di esso. sarei perduto. Tutto \u00e8 proprio dove ne ho bisogno.<br \/>\n<strong>Pro<\/strong>: Tutto ci\u00f2 di cui ho bisogno per gestire l&#8217;attivit\u00e0 del mio salone \u00e8 in un unico posto. I miei clienti adorano ricevere promemoria via sms e via email.<br \/>\n<strong>Contro<\/strong>: La \u201cchiusura\u201d di fine giornata dovrebbe essere meno complicata. A volte devo modificare gli appuntamenti riprogrammati perch\u00e9 non riesco a programmare un altro appuntamento.<\/p>\n<p><strong>Ben &#8220;Supporto buono&#8221;<\/strong><br \/>\n<strong>Commenti<\/strong>: \u00c8 stato fantastico provarlo, i ragazzi hanno risposto davvero a tutte le domande, erano molto ben informati sul software ed sono stati in grado di personalizzarlo in base alle nostre esigenze.<br \/>\n<strong>Pro<\/strong>: Ho utilizzato questo prodotto solo nelle ultime due settimane e non vedo l&#8217;ora di integrare completamente il software al 100% nelle prossime settimane. Il problema attuale con ci\u00f2 che utilizzavo in precedenza \u00e8 la corruzione della voce del software e finora tutto bene con You&#8217;re on Time. Non vedo l&#8217;ora di utilizzare pi\u00f9 funzionalit\u00e0.<br \/>\n<strong>Contro<\/strong>: Facilit\u00e0 d&#8217;uso per il caricamento di immagini. Un&#8217;app per Android e iPhone potrebbe semplificarne l&#8217;utilizzo.<\/p>\n<\/div>\n<\/div>\n<\/div>\n<\/div>\n<\/div>\n<\/div>\n<\/div>\n","protected":false},"excerpt":{"rendered":"<p>You&#8217;reOnTime \u00e8 uno strumento di gestione tutto in uno. La piattaforma basata su cloud offre strumenti per la gestione di appuntamenti, vendite, marketing, prenotazione online, reportistica e altro ancora e presenta funzionalit\u00e0 uniche come moduli di check-in, un costruttore di siti web personalizzabile, integrazione con Facebook, marketing tramite sms ed email, programmi di fidelizzazione, e altro ancora.<\/p>\n","protected":false},"author":19,"featured_media":75246,"parent":33071,"menu_order":0,"comment_status":"open","ping_status":"closed","template":"g1_template_page_review_new.php","meta":{"_acf_changed":false,"cwp_meta_box_check":"No","cwp_rev_product_name":"","cwp_rev_product_image":"","wppr_links":[],"cwp_rev_price":"","wppr_options":[],"wppr_pros":[],"wppr_cons":[],"_monsterinsights_skip_tracking":false,"_monsterinsights_sitenote_active":false,"_monsterinsights_sitenote_note":"","_monsterinsights_sitenote_category":0,"footnotes":""},"categories":[4186],"tags":[14947,4267,14950,14949,14948,14998],"features":[],"class_list":{"0":"post-75244","1":"page","2":"type-page","3":"status-publish","4":"has-post-thumbnail","6":"category-gestionali-per-parrucchieri","7":"tag-gestionale-parrucchieri","8":"tag-piattaforma-gestionale-parrucchieri","9":"tag-programma-gestionale-parrucchieri","10":"tag-software-gestionale-parrucchieri","11":"tag-soluzione-gestionale-parrucchieri","12":"tag-youreontime"},"wppr_data":{"cwp_meta_box_check":"No"},"acf":[],"yoast_head":"<!-- This site is optimized with the Yoast SEO plugin v27.4 - https:\/\/yoast.com\/product\/yoast-seo-wordpress\/ -->\n<title>You&#039;reOnTime: recensione software gestionale parrucchieri - Accurate Reviews<\/title>\n<meta name=\"description\" content=\"You&#039;reOnTime: recensione software gestionale per parrucchieri strumento di gestione tutto in uno basato su cloud.\" \/>\n<meta name=\"robots\" content=\"index, follow, max-snippet:-1, max-image-preview:large, max-video-preview:-1\" \/>\n<link rel=\"canonical\" href=\"https:\/\/www.accuratereviews.com\/it\/gestionale-per-parrucchieri\/youreontime-recensione\/\" \/>\n<meta property=\"og:locale\" content=\"it_IT\" \/>\n<meta property=\"og:type\" content=\"article\" \/>\n<meta property=\"og:title\" content=\"You&#039;reOnTime: recensione software gestionale parrucchieri - Accurate Reviews\" \/>\n<meta property=\"og:description\" content=\"You&#039;reOnTime: recensione software gestionale per parrucchieri strumento di gestione tutto in uno basato su cloud.\" \/>\n<meta property=\"og:url\" content=\"https:\/\/www.accuratereviews.com\/it\/gestionale-per-parrucchieri\/youreontime-recensione\/\" \/>\n<meta property=\"og:site_name\" content=\"Accurate Reviews\" \/>\n<meta property=\"article:modified_time\" content=\"2024-03-20T21:56:56+00:00\" \/>\n<meta property=\"og:image\" content=\"https:\/\/www.accuratereviews.com\/wp-content\/uploads\/2024\/03\/YoureOnTime.webp\" \/>\n\t<meta property=\"og:image:width\" content=\"456\" \/>\n\t<meta property=\"og:image:height\" content=\"456\" \/>\n\t<meta property=\"og:image:type\" content=\"image\/webp\" \/>\n<meta name=\"twitter:card\" content=\"summary_large_image\" \/>\n<meta name=\"twitter:label1\" content=\"Tempo di lettura stimato\" \/>\n\t<meta name=\"twitter:data1\" content=\"6 minuti\" \/>\n<script type=\"application\/ld+json\" class=\"yoast-schema-graph\">{\"@context\":\"https:\\\/\\\/schema.org\",\"@graph\":[{\"@type\":\"WebPage\",\"@id\":\"https:\\\/\\\/www.accuratereviews.com\\\/it\\\/gestionale-per-parrucchieri\\\/youreontime-recensione\\\/\",\"url\":\"https:\\\/\\\/www.accuratereviews.com\\\/it\\\/gestionale-per-parrucchieri\\\/youreontime-recensione\\\/\",\"name\":\"You'reOnTime: recensione software gestionale parrucchieri - Accurate Reviews\",\"isPartOf\":{\"@id\":\"https:\\\/\\\/www.accuratereviews.com\\\/it\\\/#website\"},\"primaryImageOfPage\":{\"@id\":\"https:\\\/\\\/www.accuratereviews.com\\\/it\\\/gestionale-per-parrucchieri\\\/youreontime-recensione\\\/#primaryimage\"},\"image\":{\"@id\":\"https:\\\/\\\/www.accuratereviews.com\\\/it\\\/gestionale-per-parrucchieri\\\/youreontime-recensione\\\/#primaryimage\"},\"thumbnailUrl\":\"https:\\\/\\\/www.accuratereviews.com\\\/wp-content\\\/uploads\\\/2024\\\/03\\\/YoureOnTime.webp\",\"datePublished\":\"2024-03-20T16:59:42+00:00\",\"dateModified\":\"2024-03-20T21:56:56+00:00\",\"description\":\"You'reOnTime: recensione software gestionale per parrucchieri strumento di gestione tutto in uno basato su cloud.\",\"breadcrumb\":{\"@id\":\"https:\\\/\\\/www.accuratereviews.com\\\/it\\\/gestionale-per-parrucchieri\\\/youreontime-recensione\\\/#breadcrumb\"},\"inLanguage\":\"it-IT\",\"potentialAction\":[{\"@type\":\"ReadAction\",\"target\":[\"https:\\\/\\\/www.accuratereviews.com\\\/it\\\/gestionale-per-parrucchieri\\\/youreontime-recensione\\\/\"]}]},{\"@type\":\"ImageObject\",\"inLanguage\":\"it-IT\",\"@id\":\"https:\\\/\\\/www.accuratereviews.com\\\/it\\\/gestionale-per-parrucchieri\\\/youreontime-recensione\\\/#primaryimage\",\"url\":\"https:\\\/\\\/www.accuratereviews.com\\\/wp-content\\\/uploads\\\/2024\\\/03\\\/YoureOnTime.webp\",\"contentUrl\":\"https:\\\/\\\/www.accuratereviews.com\\\/wp-content\\\/uploads\\\/2024\\\/03\\\/YoureOnTime.webp\",\"width\":456,\"height\":456},{\"@type\":\"BreadcrumbList\",\"@id\":\"https:\\\/\\\/www.accuratereviews.com\\\/it\\\/gestionale-per-parrucchieri\\\/youreontime-recensione\\\/#breadcrumb\",\"itemListElement\":[{\"@type\":\"ListItem\",\"position\":1,\"name\":\"Home\",\"item\":\"https:\\\/\\\/www.accuratereviews.com\\\/it\\\/\"},{\"@type\":\"ListItem\",\"position\":2,\"name\":\"Gestionale per parrucchieri\",\"item\":\"https:\\\/\\\/www.accuratereviews.com\\\/it\\\/gestionale-per-parrucchieri\\\/\"},{\"@type\":\"ListItem\",\"position\":3,\"name\":\"You&#8217;reOnTime\"}]},{\"@type\":\"WebSite\",\"@id\":\"https:\\\/\\\/www.accuratereviews.com\\\/it\\\/#website\",\"url\":\"https:\\\/\\\/www.accuratereviews.com\\\/it\\\/\",\"name\":\"Accurate Reviews\",\"description\":\"\",\"potentialAction\":[{\"@type\":\"SearchAction\",\"target\":{\"@type\":\"EntryPoint\",\"urlTemplate\":\"https:\\\/\\\/www.accuratereviews.com\\\/it\\\/?s={search_term_string}\"},\"query-input\":{\"@type\":\"PropertyValueSpecification\",\"valueRequired\":true,\"valueName\":\"search_term_string\"}}],\"inLanguage\":\"it-IT\"}]}<\/script>\n<!-- \/ Yoast SEO plugin. -->","yoast_head_json":{"title":"You'reOnTime: recensione software gestionale parrucchieri - Accurate Reviews","description":"You'reOnTime: recensione software gestionale per parrucchieri strumento di gestione tutto in uno basato su cloud.","robots":{"index":"index","follow":"follow","max-snippet":"max-snippet:-1","max-image-preview":"max-image-preview:large","max-video-preview":"max-video-preview:-1"},"canonical":"https:\/\/www.accuratereviews.com\/it\/gestionale-per-parrucchieri\/youreontime-recensione\/","og_locale":"it_IT","og_type":"article","og_title":"You'reOnTime: recensione software gestionale parrucchieri - Accurate Reviews","og_description":"You'reOnTime: recensione software gestionale per parrucchieri strumento di gestione tutto in uno basato su cloud.","og_url":"https:\/\/www.accuratereviews.com\/it\/gestionale-per-parrucchieri\/youreontime-recensione\/","og_site_name":"Accurate Reviews","article_modified_time":"2024-03-20T21:56:56+00:00","og_image":[{"width":456,"height":456,"url":"https:\/\/www.accuratereviews.com\/wp-content\/uploads\/2024\/03\/YoureOnTime.webp","type":"image\/webp"}],"twitter_card":"summary_large_image","twitter_misc":{"Tempo di lettura stimato":"6 minuti"},"schema":{"@context":"https:\/\/schema.org","@graph":[{"@type":"WebPage","@id":"https:\/\/www.accuratereviews.com\/it\/gestionale-per-parrucchieri\/youreontime-recensione\/","url":"https:\/\/www.accuratereviews.com\/it\/gestionale-per-parrucchieri\/youreontime-recensione\/","name":"You'reOnTime: recensione software gestionale parrucchieri - Accurate Reviews","isPartOf":{"@id":"https:\/\/www.accuratereviews.com\/it\/#website"},"primaryImageOfPage":{"@id":"https:\/\/www.accuratereviews.com\/it\/gestionale-per-parrucchieri\/youreontime-recensione\/#primaryimage"},"image":{"@id":"https:\/\/www.accuratereviews.com\/it\/gestionale-per-parrucchieri\/youreontime-recensione\/#primaryimage"},"thumbnailUrl":"https:\/\/www.accuratereviews.com\/wp-content\/uploads\/2024\/03\/YoureOnTime.webp","datePublished":"2024-03-20T16:59:42+00:00","dateModified":"2024-03-20T21:56:56+00:00","description":"You'reOnTime: recensione software gestionale per parrucchieri strumento di gestione tutto in uno basato su cloud.","breadcrumb":{"@id":"https:\/\/www.accuratereviews.com\/it\/gestionale-per-parrucchieri\/youreontime-recensione\/#breadcrumb"},"inLanguage":"it-IT","potentialAction":[{"@type":"ReadAction","target":["https:\/\/www.accuratereviews.com\/it\/gestionale-per-parrucchieri\/youreontime-recensione\/"]}]},{"@type":"ImageObject","inLanguage":"it-IT","@id":"https:\/\/www.accuratereviews.com\/it\/gestionale-per-parrucchieri\/youreontime-recensione\/#primaryimage","url":"https:\/\/www.accuratereviews.com\/wp-content\/uploads\/2024\/03\/YoureOnTime.webp","contentUrl":"https:\/\/www.accuratereviews.com\/wp-content\/uploads\/2024\/03\/YoureOnTime.webp","width":456,"height":456},{"@type":"BreadcrumbList","@id":"https:\/\/www.accuratereviews.com\/it\/gestionale-per-parrucchieri\/youreontime-recensione\/#breadcrumb","itemListElement":[{"@type":"ListItem","position":1,"name":"Home","item":"https:\/\/www.accuratereviews.com\/it\/"},{"@type":"ListItem","position":2,"name":"Gestionale per parrucchieri","item":"https:\/\/www.accuratereviews.com\/it\/gestionale-per-parrucchieri\/"},{"@type":"ListItem","position":3,"name":"You&#8217;reOnTime"}]},{"@type":"WebSite","@id":"https:\/\/www.accuratereviews.com\/it\/#website","url":"https:\/\/www.accuratereviews.com\/it\/","name":"Accurate Reviews","description":"","potentialAction":[{"@type":"SearchAction","target":{"@type":"EntryPoint","urlTemplate":"https:\/\/www.accuratereviews.com\/it\/?s={search_term_string}"},"query-input":{"@type":"PropertyValueSpecification","valueRequired":true,"valueName":"search_term_string"}}],"inLanguage":"it-IT"}]}},"_links":{"self":[{"href":"https:\/\/www.accuratereviews.com\/it\/wp-json\/wp\/v2\/pages\/75244","targetHints":{"allow":["GET"]}}],"collection":[{"href":"https:\/\/www.accuratereviews.com\/it\/wp-json\/wp\/v2\/pages"}],"about":[{"href":"https:\/\/www.accuratereviews.com\/it\/wp-json\/wp\/v2\/types\/page"}],"author":[{"embeddable":true,"href":"https:\/\/www.accuratereviews.com\/it\/wp-json\/wp\/v2\/users\/19"}],"replies":[{"embeddable":true,"href":"https:\/\/www.accuratereviews.com\/it\/wp-json\/wp\/v2\/comments?post=75244"}],"version-history":[{"count":11,"href":"https:\/\/www.accuratereviews.com\/it\/wp-json\/wp\/v2\/pages\/75244\/revisions"}],"predecessor-version":[{"id":75309,"href":"https:\/\/www.accuratereviews.com\/it\/wp-json\/wp\/v2\/pages\/75244\/revisions\/75309"}],"up":[{"embeddable":true,"href":"https:\/\/www.accuratereviews.com\/it\/wp-json\/wp\/v2\/pages\/33071"}],"wp:featuredmedia":[{"embeddable":true,"href":"https:\/\/www.accuratereviews.com\/it\/wp-json\/wp\/v2\/media\/75246"}],"wp:attachment":[{"href":"https:\/\/www.accuratereviews.com\/it\/wp-json\/wp\/v2\/media?parent=75244"}],"wp:term":[{"taxonomy":"category","embeddable":true,"href":"https:\/\/www.accuratereviews.com\/it\/wp-json\/wp\/v2\/categories?post=75244"},{"taxonomy":"post_tag","embeddable":true,"href":"https:\/\/www.accuratereviews.com\/it\/wp-json\/wp\/v2\/tags?post=75244"},{"taxonomy":"features","embeddable":true,"href":"https:\/\/www.accuratereviews.com\/it\/wp-json\/wp\/v2\/features?post=75244"}],"curies":[{"name":"wp","href":"https:\/\/api.w.org\/{rel}","templated":true}]}}