{"id":75321,"date":"2024-03-22T09:04:02","date_gmt":"2024-03-22T09:04:02","guid":{"rendered":"https:\/\/www.accuratereviews.com\/?page_id=75321"},"modified":"2024-03-25T10:05:22","modified_gmt":"2024-03-25T10:05:22","slug":"booxi-recensione","status":"publish","type":"page","link":"https:\/\/www.accuratereviews.com\/it\/gestionale-per-parrucchieri\/booxi-recensione\/","title":{"rendered":"Booxi"},"content":{"rendered":"<p><strong>Booxi<\/strong> \u00e8 il <strong>software di pianificazione degli appuntamenti<\/strong> preferito dai rivenditori che desiderano offrire esperienze clienti eccezionali. Offre servizi personalizzati su larga scala, aiutando i marchi a creare un percorso del cliente unico e senza soluzione di continuit\u00e0 che porta a tassi di conversione pi\u00f9 elevati, dimensioni del carrello pi\u00f9 grandi e una maggiore frequenza di acquisto.<br \/>\nLa piattaforma consente la fornitura di personal shopping, consulenze di esperti, vendita a distanza, live shopping, eventi e servizi a pagamento. Le integrazioni avanzate con i sistemi CRM, CDP e POS consentono ai rivenditori di esplorare informazioni approfondite come le intenzioni di acquisto e le conversioni offline per ottimizzare il percorso del cliente durante l&#8217;intero ciclo di vita. <strong>Booxi<\/strong> aiuta le aziende a sviluppare relazioni significative con i clienti attraverso un approccio su misura per le esigenze di ogni individuo.<\/p>\n<h2>BOOXI &#8211; TUTORIAL<\/h2>\n<div id=\"fluid-wrapper-counter-1\" class=\"g1-fluid-wrapper \" style=\"width:686px;\">\n<div style=\"padding-bottom:56.268221574344%;\"><iframe loading=\"lazy\" title=\"Booxi Services Simple Survey\" width=\"686\" height=\"386\" src=\"https:\/\/www.youtube.com\/embed\/1RFUgcW0GEs?feature=oembed&amp;wmode=transparent&amp;autohide=1&amp;autoplay=0&amp;disablekb=0&amp;fs=1&amp;loop=0&amp;enablejsapi=1&amp;rel=0&amp;controls=2&amp;showinfo=0&amp;wmode=transparent&amp;autohide=2&amp;autoplay=0&amp;disablekb=0&amp;fs=1&amp;loop=0&amp;enablejsapi=1&amp;rel=0&amp;controls=2&amp;showinfo=1\" frameborder=\"0\" allow=\"accelerometer; autoplay; clipboard-write; encrypted-media; gyroscope; picture-in-picture; web-share\" allowfullscreen><\/iframe><\/div>\n<\/div>\n<h3>BOOXI &#8211; CARATTERISTICHE<\/h3>\n<ul>\n<li>Pianificazione immediata degli appuntamenti disponibile attraverso vari canali come siti web, app mobili, social media, sms e in negozio, in qualsiasi momento.<\/li>\n<li>Visualizzazione rapida degli slot del personale\/risorse per la prenotazione immediata.<\/li>\n<li>Gestisci pi\u00f9 partecipanti a workshop o lezioni con pianificazione, limiti e promemoria automatizzati per un&#8217;esperienza di gruppo fluida.<\/li>\n<li>Pianificazione del personale e delle risorse<\/li>\n<li>Allocazione semplice per ottimizzare le operazioni.<\/li>\n<li>Assegnazione intelligente degli appuntamenti<\/li>\n<li>Programmazione automatica in base alle competenze del personale per un servizio ottimale.<\/li>\n<li>Prenotazioni basate su regole<\/li>\n<li>Gestione flessibile degli appuntamenti per le diverse esigenze.<\/li>\n<li>Coinvolgimento e comunicazione del cliente<\/li>\n<li>Avvisi via email o sms per ridurre le mancate presentazioni e tenere informati i clienti.<\/li>\n<li>Messaggistica su misura tramite l&#8217;integrazione API per un&#8217;esperienza personalizzata.<\/li>\n<li>Monitoraggio centralizzato delle interazioni dei clienti per un servizio migliore.<\/li>\n<li>Integra riunioni virtuali per sessioni individuali o di gruppo, facilitando gli appuntamenti remoti.<\/li>\n<li>Centralizza la supervisione dei tuoi negozi in tutto il mondo e distribuisci nuovi servizi in pochi minuti per una gestione agile.<\/li>\n<li>Gestisci in modo efficiente e autonomo negozi, servizi, team e risorse dalla nostra piattaforma cloud, caratterizzata da facilit\u00e0 d&#8217;uso in negozio con un&#8217;esperienza utente intuitiva per una forte adozione.<\/li>\n<li>Cresci con una soluzione agile che si adatta e si allinea facilmente alla tua strategia di espansione geografica e organizzativa, senza richiedere alcun intervento IT per aggiustamenti e sviluppi.<\/li>\n<li>Strumenti completi per le operazioni in negozio e il servizio clienti, disponibili su tutti i dispositivi, che forniscono un&#8217;interfaccia utente semplificata per una rapida adozione.<\/li>\n<li>Lancia facilmente nuovi servizi in tutti i tuoi negozi grazie alla soluzione di rapida implementazione.<\/li>\n<li>Importazione semplice di pianificazioni e altri dati operativi, semplificando la gestione quotidiana.<\/li>\n<li>Utilizza l&#8217;API per integrazioni personalizzate e webhook per semplificare i flussi di lavoro, aumentando l&#8217;efficienza operativa attraverso l&#8217;automazione.<\/li>\n<li>Widget di prenotazione facilmente personalizzabile per un&#8217;integrazione perfetta sul tuo sito web, che offre opzioni personalizzabili in linea con il tuo marchio per un&#8217;esperienza completa in white label.<\/li>\n<li>Facilita l&#8217;aggiunta di servizi di terze parti, accelerando l&#8217;implementazione e riducendo i costi, arricchendo al contempo la tua offerta senza complessit\u00e0.<\/li>\n<li>Monitora e analizza il comportamento dei clienti e le prestazioni di prenotazione.<\/li>\n<li>Ricevi report dettagliati per guidare le tue decisioni strategiche sulla base di dati affidabili, disponibili anche in formato CSV per una facile analisi.<\/li>\n<\/ul>\n<h4>LA RECENSIONE DEGLI UTENTI<\/h4>\n<p><strong>Jean-Pierre &#8220;Ottimo strumento per le imprese di servizi&#8221;<\/strong><br \/>\n<strong>Commenti<\/strong>: Lo uso ormai da 5 anni<br \/>\n<strong>Pro<\/strong>: Facilit\u00e0 di servire profili e servizi a tutti i livelli Azienda Personale<br \/>\n<strong>Contro<\/strong>: niente finora. Forse alcuni strumenti potrebbero essere aggiunti in futuro; cartella sanitaria di calce per i clienti<\/p>\n<p><strong>Emilie &#8220;Servizio eccellente&#8221;<\/strong><br \/>\n<strong>Commenti<\/strong>: Molto soddisfatto<br \/>\n<strong>Pro<\/strong>: Software facile da usare Servizio clienti eccellente. Sempre una rapida chiamata di ritorno e follow-up. Durante il primo ricovero sono stato contattato telefonicamente dicendomi che ero cliente da diversi anni e che Booxi aveva deciso di non addebitarmi il canone mensile mentre la clinica era chiusa.<br \/>\n<strong>Contro<\/strong>: Occasionalmente il sistema rallentava leggermente<\/p>\n<p><strong>Robert &#8220;Molto buono in generale&#8221;<\/strong><br \/>\n<strong>Commenti<\/strong>: In generale la mia esperienza con il software \u00e8 molto buona.<br \/>\n<strong>Pro<\/strong>: Apprezzo davvero la facilit\u00e0 d&#8217;uso del software.<br \/>\n<strong>Contro<\/strong>: Penso che si potrebbero aggiungere pi\u00f9 funzionalit\u00e0 per una migliore esperienza aziendale, ma quello che c&#8217;\u00e8 ora \u00e8 molto buono.<\/p>\n","protected":false},"excerpt":{"rendered":"<p>Booxi \u00e8 il software di pianificazione degli appuntamenti preferito dai rivenditori che desiderano offrire esperienze clienti eccezionali. Offre servizi personalizzati su larga scala, aiutando i marchi a creare un percorso del cliente unico e senza soluzione di continuit\u00e0 che porta a tassi di conversione pi\u00f9 elevati, dimensioni del carrello pi\u00f9 grandi e una maggiore frequenza di acquisto.<\/p>\n","protected":false},"author":19,"featured_media":75323,"parent":33071,"menu_order":0,"comment_status":"open","ping_status":"closed","template":"g1_template_page_review_new.php","meta":{"_acf_changed":false,"cwp_meta_box_check":"No","cwp_rev_product_name":"","cwp_rev_product_image":"","wppr_links":[],"cwp_rev_price":"","wppr_options":[],"wppr_pros":[],"wppr_cons":[],"_monsterinsights_skip_tracking":false,"_monsterinsights_sitenote_active":false,"_monsterinsights_sitenote_note":"","_monsterinsights_sitenote_category":0,"footnotes":""},"categories":[4186],"tags":[15007,14947,4267,14950,14949,14948],"features":[],"class_list":{"0":"post-75321","1":"page","2":"type-page","3":"status-publish","4":"has-post-thumbnail","6":"category-gestionali-per-parrucchieri","7":"tag-booxi","8":"tag-gestionale-parrucchieri","9":"tag-piattaforma-gestionale-parrucchieri","10":"tag-programma-gestionale-parrucchieri","11":"tag-software-gestionale-parrucchieri","12":"tag-soluzione-gestionale-parrucchieri"},"wppr_data":{"cwp_meta_box_check":"No"},"acf":[],"yoast_head":"<!-- This site is optimized with the Yoast SEO plugin v27.4 - https:\/\/yoast.com\/product\/yoast-seo-wordpress\/ -->\n<title>Booxi: recensione software gestionale parrucchieri - Accurate Reviews<\/title>\n<meta name=\"description\" content=\"Booxi: recensione software di pianificazione degli appuntamenti per rivenditori che desiderano offrire esperienze clienti eccezionali.\" \/>\n<meta name=\"robots\" content=\"index, follow, max-snippet:-1, max-image-preview:large, max-video-preview:-1\" \/>\n<link rel=\"canonical\" href=\"https:\/\/www.accuratereviews.com\/it\/gestionale-per-parrucchieri\/booxi-recensione\/\" \/>\n<meta property=\"og:locale\" content=\"it_IT\" \/>\n<meta property=\"og:type\" content=\"article\" \/>\n<meta property=\"og:title\" content=\"Booxi: recensione software gestionale parrucchieri - Accurate Reviews\" \/>\n<meta property=\"og:description\" content=\"Booxi: recensione software di pianificazione degli appuntamenti per rivenditori che desiderano offrire esperienze clienti eccezionali.\" \/>\n<meta property=\"og:url\" content=\"https:\/\/www.accuratereviews.com\/it\/gestionale-per-parrucchieri\/booxi-recensione\/\" \/>\n<meta property=\"og:site_name\" content=\"Accurate Reviews\" \/>\n<meta property=\"article:modified_time\" content=\"2024-03-25T10:05:22+00:00\" \/>\n<meta property=\"og:image\" content=\"https:\/\/www.accuratereviews.com\/wp-content\/uploads\/2024\/03\/Booxi.jpeg\" \/>\n\t<meta property=\"og:image:width\" content=\"225\" \/>\n\t<meta property=\"og:image:height\" content=\"225\" \/>\n\t<meta property=\"og:image:type\" content=\"image\/jpeg\" \/>\n<meta name=\"twitter:card\" content=\"summary_large_image\" \/>\n<meta name=\"twitter:label1\" content=\"Tempo di lettura stimato\" \/>\n\t<meta name=\"twitter:data1\" content=\"5 minuti\" \/>\n<script type=\"application\/ld+json\" class=\"yoast-schema-graph\">{\"@context\":\"https:\\\/\\\/schema.org\",\"@graph\":[{\"@type\":\"WebPage\",\"@id\":\"https:\\\/\\\/www.accuratereviews.com\\\/it\\\/gestionale-per-parrucchieri\\\/booxi-recensione\\\/\",\"url\":\"https:\\\/\\\/www.accuratereviews.com\\\/it\\\/gestionale-per-parrucchieri\\\/booxi-recensione\\\/\",\"name\":\"Booxi: recensione software gestionale parrucchieri - Accurate Reviews\",\"isPartOf\":{\"@id\":\"https:\\\/\\\/www.accuratereviews.com\\\/it\\\/#website\"},\"primaryImageOfPage\":{\"@id\":\"https:\\\/\\\/www.accuratereviews.com\\\/it\\\/gestionale-per-parrucchieri\\\/booxi-recensione\\\/#primaryimage\"},\"image\":{\"@id\":\"https:\\\/\\\/www.accuratereviews.com\\\/it\\\/gestionale-per-parrucchieri\\\/booxi-recensione\\\/#primaryimage\"},\"thumbnailUrl\":\"https:\\\/\\\/www.accuratereviews.com\\\/wp-content\\\/uploads\\\/2024\\\/03\\\/Booxi.jpeg\",\"datePublished\":\"2024-03-22T09:04:02+00:00\",\"dateModified\":\"2024-03-25T10:05:22+00:00\",\"description\":\"Booxi: recensione software di pianificazione degli appuntamenti per rivenditori che desiderano offrire esperienze clienti eccezionali.\",\"breadcrumb\":{\"@id\":\"https:\\\/\\\/www.accuratereviews.com\\\/it\\\/gestionale-per-parrucchieri\\\/booxi-recensione\\\/#breadcrumb\"},\"inLanguage\":\"it-IT\",\"potentialAction\":[{\"@type\":\"ReadAction\",\"target\":[\"https:\\\/\\\/www.accuratereviews.com\\\/it\\\/gestionale-per-parrucchieri\\\/booxi-recensione\\\/\"]}]},{\"@type\":\"ImageObject\",\"inLanguage\":\"it-IT\",\"@id\":\"https:\\\/\\\/www.accuratereviews.com\\\/it\\\/gestionale-per-parrucchieri\\\/booxi-recensione\\\/#primaryimage\",\"url\":\"https:\\\/\\\/www.accuratereviews.com\\\/wp-content\\\/uploads\\\/2024\\\/03\\\/Booxi.jpeg\",\"contentUrl\":\"https:\\\/\\\/www.accuratereviews.com\\\/wp-content\\\/uploads\\\/2024\\\/03\\\/Booxi.jpeg\",\"width\":225,\"height\":225},{\"@type\":\"BreadcrumbList\",\"@id\":\"https:\\\/\\\/www.accuratereviews.com\\\/it\\\/gestionale-per-parrucchieri\\\/booxi-recensione\\\/#breadcrumb\",\"itemListElement\":[{\"@type\":\"ListItem\",\"position\":1,\"name\":\"Home\",\"item\":\"https:\\\/\\\/www.accuratereviews.com\\\/it\\\/\"},{\"@type\":\"ListItem\",\"position\":2,\"name\":\"Gestionale per parrucchieri\",\"item\":\"https:\\\/\\\/www.accuratereviews.com\\\/it\\\/gestionale-per-parrucchieri\\\/\"},{\"@type\":\"ListItem\",\"position\":3,\"name\":\"Booxi\"}]},{\"@type\":\"WebSite\",\"@id\":\"https:\\\/\\\/www.accuratereviews.com\\\/it\\\/#website\",\"url\":\"https:\\\/\\\/www.accuratereviews.com\\\/it\\\/\",\"name\":\"Accurate Reviews\",\"description\":\"\",\"potentialAction\":[{\"@type\":\"SearchAction\",\"target\":{\"@type\":\"EntryPoint\",\"urlTemplate\":\"https:\\\/\\\/www.accuratereviews.com\\\/it\\\/?s={search_term_string}\"},\"query-input\":{\"@type\":\"PropertyValueSpecification\",\"valueRequired\":true,\"valueName\":\"search_term_string\"}}],\"inLanguage\":\"it-IT\"}]}<\/script>\n<!-- \/ Yoast SEO plugin. -->","yoast_head_json":{"title":"Booxi: recensione software gestionale parrucchieri - Accurate Reviews","description":"Booxi: recensione software di pianificazione degli appuntamenti per rivenditori che desiderano offrire esperienze clienti eccezionali.","robots":{"index":"index","follow":"follow","max-snippet":"max-snippet:-1","max-image-preview":"max-image-preview:large","max-video-preview":"max-video-preview:-1"},"canonical":"https:\/\/www.accuratereviews.com\/it\/gestionale-per-parrucchieri\/booxi-recensione\/","og_locale":"it_IT","og_type":"article","og_title":"Booxi: recensione software gestionale parrucchieri - Accurate Reviews","og_description":"Booxi: recensione software di pianificazione degli appuntamenti per rivenditori che desiderano offrire esperienze clienti eccezionali.","og_url":"https:\/\/www.accuratereviews.com\/it\/gestionale-per-parrucchieri\/booxi-recensione\/","og_site_name":"Accurate Reviews","article_modified_time":"2024-03-25T10:05:22+00:00","og_image":[{"width":225,"height":225,"url":"https:\/\/www.accuratereviews.com\/wp-content\/uploads\/2024\/03\/Booxi.jpeg","type":"image\/jpeg"}],"twitter_card":"summary_large_image","twitter_misc":{"Tempo di lettura stimato":"5 minuti"},"schema":{"@context":"https:\/\/schema.org","@graph":[{"@type":"WebPage","@id":"https:\/\/www.accuratereviews.com\/it\/gestionale-per-parrucchieri\/booxi-recensione\/","url":"https:\/\/www.accuratereviews.com\/it\/gestionale-per-parrucchieri\/booxi-recensione\/","name":"Booxi: recensione software gestionale parrucchieri - Accurate Reviews","isPartOf":{"@id":"https:\/\/www.accuratereviews.com\/it\/#website"},"primaryImageOfPage":{"@id":"https:\/\/www.accuratereviews.com\/it\/gestionale-per-parrucchieri\/booxi-recensione\/#primaryimage"},"image":{"@id":"https:\/\/www.accuratereviews.com\/it\/gestionale-per-parrucchieri\/booxi-recensione\/#primaryimage"},"thumbnailUrl":"https:\/\/www.accuratereviews.com\/wp-content\/uploads\/2024\/03\/Booxi.jpeg","datePublished":"2024-03-22T09:04:02+00:00","dateModified":"2024-03-25T10:05:22+00:00","description":"Booxi: recensione software di pianificazione degli appuntamenti per rivenditori che desiderano offrire esperienze clienti eccezionali.","breadcrumb":{"@id":"https:\/\/www.accuratereviews.com\/it\/gestionale-per-parrucchieri\/booxi-recensione\/#breadcrumb"},"inLanguage":"it-IT","potentialAction":[{"@type":"ReadAction","target":["https:\/\/www.accuratereviews.com\/it\/gestionale-per-parrucchieri\/booxi-recensione\/"]}]},{"@type":"ImageObject","inLanguage":"it-IT","@id":"https:\/\/www.accuratereviews.com\/it\/gestionale-per-parrucchieri\/booxi-recensione\/#primaryimage","url":"https:\/\/www.accuratereviews.com\/wp-content\/uploads\/2024\/03\/Booxi.jpeg","contentUrl":"https:\/\/www.accuratereviews.com\/wp-content\/uploads\/2024\/03\/Booxi.jpeg","width":225,"height":225},{"@type":"BreadcrumbList","@id":"https:\/\/www.accuratereviews.com\/it\/gestionale-per-parrucchieri\/booxi-recensione\/#breadcrumb","itemListElement":[{"@type":"ListItem","position":1,"name":"Home","item":"https:\/\/www.accuratereviews.com\/it\/"},{"@type":"ListItem","position":2,"name":"Gestionale per parrucchieri","item":"https:\/\/www.accuratereviews.com\/it\/gestionale-per-parrucchieri\/"},{"@type":"ListItem","position":3,"name":"Booxi"}]},{"@type":"WebSite","@id":"https:\/\/www.accuratereviews.com\/it\/#website","url":"https:\/\/www.accuratereviews.com\/it\/","name":"Accurate Reviews","description":"","potentialAction":[{"@type":"SearchAction","target":{"@type":"EntryPoint","urlTemplate":"https:\/\/www.accuratereviews.com\/it\/?s={search_term_string}"},"query-input":{"@type":"PropertyValueSpecification","valueRequired":true,"valueName":"search_term_string"}}],"inLanguage":"it-IT"}]}},"_links":{"self":[{"href":"https:\/\/www.accuratereviews.com\/it\/wp-json\/wp\/v2\/pages\/75321","targetHints":{"allow":["GET"]}}],"collection":[{"href":"https:\/\/www.accuratereviews.com\/it\/wp-json\/wp\/v2\/pages"}],"about":[{"href":"https:\/\/www.accuratereviews.com\/it\/wp-json\/wp\/v2\/types\/page"}],"author":[{"embeddable":true,"href":"https:\/\/www.accuratereviews.com\/it\/wp-json\/wp\/v2\/users\/19"}],"replies":[{"embeddable":true,"href":"https:\/\/www.accuratereviews.com\/it\/wp-json\/wp\/v2\/comments?post=75321"}],"version-history":[{"count":14,"href":"https:\/\/www.accuratereviews.com\/it\/wp-json\/wp\/v2\/pages\/75321\/revisions"}],"predecessor-version":[{"id":75442,"href":"https:\/\/www.accuratereviews.com\/it\/wp-json\/wp\/v2\/pages\/75321\/revisions\/75442"}],"up":[{"embeddable":true,"href":"https:\/\/www.accuratereviews.com\/it\/wp-json\/wp\/v2\/pages\/33071"}],"wp:featuredmedia":[{"embeddable":true,"href":"https:\/\/www.accuratereviews.com\/it\/wp-json\/wp\/v2\/media\/75323"}],"wp:attachment":[{"href":"https:\/\/www.accuratereviews.com\/it\/wp-json\/wp\/v2\/media?parent=75321"}],"wp:term":[{"taxonomy":"category","embeddable":true,"href":"https:\/\/www.accuratereviews.com\/it\/wp-json\/wp\/v2\/categories?post=75321"},{"taxonomy":"post_tag","embeddable":true,"href":"https:\/\/www.accuratereviews.com\/it\/wp-json\/wp\/v2\/tags?post=75321"},{"taxonomy":"features","embeddable":true,"href":"https:\/\/www.accuratereviews.com\/it\/wp-json\/wp\/v2\/features?post=75321"}],"curies":[{"name":"wp","href":"https:\/\/api.w.org\/{rel}","templated":true}]}}