{"id":75351,"date":"2024-03-22T16:57:24","date_gmt":"2024-03-22T16:57:24","guid":{"rendered":"https:\/\/www.accuratereviews.com\/?page_id=75351"},"modified":"2024-03-25T16:31:59","modified_gmt":"2024-03-25T16:31:59","slug":"regiondo-recensione","status":"publish","type":"page","link":"https:\/\/www.accuratereviews.com\/it\/gestionale-per-parrucchieri\/regiondo-recensione\/","title":{"rendered":"Regiondo"},"content":{"rendered":"<p><strong>Regiondo<\/strong> \u00e8 un software di <strong>prenotazione B2B<\/strong> all-in-one che ti consente di vendere biglietti online, gestire le prenotazioni, mostrare la tua disponibilit\u00e0 e far crescere la tua attivit\u00e0. La soluzione pu\u00f2 essere facilmente integrata nel tuo sito web per consentire ai tuoi clienti di prenotare online le tue offerte in pochi clic. La soluzione \u00e8 davvero semplice e intuitiva, quindi puoi creare e personalizzare istantaneamente le tue offerte di prodotti unici senza l&#8217;aiuto di sviluppatori IT.<br \/>\nGrazie ad un&#8217;ampia rete di distribuzione, <strong>Regiondo<\/strong> ti consente di elencare automaticamente le tue offerte attraverso il tuo sito web, rivenditori locali e agenzie di viaggio popolari come Viator e GetYourGuide. La piattaforma accetta opzioni di pagamento standard, inclusi bonifico bancario, PayPal e carta di credito. Fornisce report e analisi che aiutano gli utenti a monitorare il traffico del sito Web e il coinvolgimento dei clienti.<\/p>\n<h2>REGIONDO &#8211; TUTORIAL<\/h2>\n<div id=\"fluid-wrapper-counter-1\" class=\"g1-fluid-wrapper \" style=\"width:686px;\">\n<div style=\"padding-bottom:56.268221574344%;\"><iframe loading=\"lazy\" title=\"Regiondo Training: Dashboard Calendar\" width=\"686\" height=\"386\" src=\"https:\/\/www.youtube.com\/embed\/_E2paz-Mo0c?feature=oembed&amp;wmode=transparent&amp;autohide=1&amp;autoplay=0&amp;disablekb=0&amp;fs=1&amp;loop=0&amp;enablejsapi=1&amp;rel=0&amp;controls=2&amp;showinfo=0&amp;wmode=transparent&amp;autohide=2&amp;autoplay=0&amp;disablekb=0&amp;fs=1&amp;loop=0&amp;enablejsapi=1&amp;rel=0&amp;controls=2&amp;showinfo=1\" frameborder=\"0\" allow=\"accelerometer; autoplay; clipboard-write; encrypted-media; gyroscope; picture-in-picture; web-share\" allowfullscreen><\/iframe><\/div>\n<\/div>\n<h3>REGIONDO &#8211; CARATTERISTICHE<\/h3>\n<ul>\n<li>Visualizza le prenotazioni e i partecipanti, personalizza la dashboard, filtra o cerca le prenotazioni importanti, effettua rapidamente il check-in di tutti i partecipanti e invia email di notifica automatica, il tutto dalla stessa pagina.<\/li>\n<li>Attira pi\u00f9 clienti accettando pagamenti sia online che in loco. Supporta bancomat, carte di credito, PayPal, SOFORT, Giropay, iDEAL, Bancontact Invoice e AliPay.<\/li>\n<li>Crea la tua biglietteria digitale con un widget white-label da inserire all&#8217;interno del tuo sito. Grazie alle avanzate opzioni di personalizzazione, puoi rendere la tua piattaforma di prenotazione perfettamente in linea con il tuo brand.<\/li>\n<li>Quando si offrono tour, attivit\u00e0 o attrazioni, \u00e8 fondamentale gestire correttamente la disponibilit\u00e0 delle proprie attrezzature, come ad esempio biciclette, autobus, segway, stanze, ecc. Con il programma \u00e8 possibile collegare le tue risorse a molteplici offerte per mostrare ai clienti le tue effettive disponibilit\u00e0 ed evitare l&#8217;overbooking.<\/li>\n<li>Vendi le tue esperienze e ricevi prenotazioni da diversi canali di vendita come GetYourGuide, Viator e Klook. Regiondo supporta oltre 200 canali di distribuzione.<\/li>\n<li>I buoni regalo sono uno dei doni pi\u00f9 richiesti nel periodo delle festivit\u00e0. Crea un&#8217;esperienza indimenticabile per i tuoi clienti consentendo loro di acquistare voucher e codici sconto.<\/li>\n<li>Incrementa il fatturato offrendo altre esperienze o articoli di merchandising durante il processo di pagamento.<\/li>\n<li>Personalizza il tuo widget di prenotazione e sfrutta al massimo l&#8217;integrazione grazie alle API aperte.<\/li>\n<li>Definisci i meta tag per migliorare il tuo posizionamento SEO, connetti il tuo ticket shop a Google Ads e Facebook Ads per monitorare facilmente la performance dei tuoi annunci, chiedi ai clienti di iscriversi alla tua newsletter di marketing al momento del pagamento.<\/li>\n<li>Monitora lo storico delle vendite, il traffico sul tuo sito, il fatturato e le prenotazioni; scegli quali filtri adottare per visualizzare esclusivamente i dati del tuo interesse.<\/li>\n<li>I dati dei tuoi clienti vengono automaticamente conservati e protetti nel tuo account. Se necessario, puoi aggiungere i clienti manualmente oppure importarli in blocco dal tuo database preesistente.<\/li>\n<li>L&#8217;app consente di scansionare i biglietti in loco e di gestire i partecipanti in movimento, indipendentemente dal fatto che ci si trovi online o offline.<\/li>\n<li>Integra il tuo calendario con Outlook, Google Calendar e altri servizi utilizzando iCal Calendar Feed.<\/li>\n<li>Aggiungi il widget delle Recensioni di Tripadvisor sul tuo sito! Invia email automatiche di richiesta di recensioni ai tuoi clienti tramite e migliora il tuo posizionamento sulla celebre piattaforma.<\/li>\n<li>Conferma prenotazioni, cancellazioni e altre transazioni via sms ed email: puoi personalizzare i messaggi e tracciare tutte le notifiche inviate.<\/li>\n<\/ul>\n<h4>LE RECENSIONI DEGLI UTENTI<\/h4>\n<p><strong>Silvia &#8220;Esperienza con Regiondo&#8221;<\/strong><br \/>\n<strong>Pro<\/strong>: &#8211; Facilit\u00e0 nell&#8217;utilizzarlo e nelle diverse funzioni &#8211; Assistenza del team support<br \/>\n<strong>Contro<\/strong>: Ci sono sicuramente delle impostazioni da migliorare come la chiusura vendita dei prodotti pi\u00f9 immediata, l&#8217;impostazione delle offerte \/ sconti per determinati periodi ed alcuni bug con i collegamenti api<\/p>\n<p><strong>Jura &#8220;Software da 5 stelle&#8221;<\/strong><br \/>\n<strong>Commenti<\/strong>: Al momento Regiondo si adatta perfettamente al nostro modello di business poich\u00e9 ha risposte per tutte le sfide che abbiamo avuto: disponibilit\u00e0 dal vivo, le guide possono usarlo dai loro cellulari e avere tutte le informazioni necessarie, utilizzato come gateway di pagamento anche per tour personalizzati.<br \/>\n<strong>Pro<\/strong>: Ha tutte le funzionalit\u00e0 di cui ho bisogno come fornitore di tour di circa 30 diversi tour della citt\u00e0 e gite di un giorno per piccoli gruppi (widget di prenotazione del sito web regolabile, channel manager con tutti i plug-in OTA essenziali, automazione della posta elettronica, ecc.). Facile da usare e intuitivo.<br \/>\n<strong>Contro<\/strong>: Potrebbe essere migliorato dal punto di vista del design, anche se alcuni aspetti sono stati aggiornati di recente e sembra molto pi\u00f9 bello di prima.<\/p>\n<p><strong>Miquel \u00c0ngel &#8220;Un grande aiuto per la vendita!&#8221;<\/strong><br \/>\n<strong>Commenti<\/strong>: La nostra esperienza \u00e8 buona, facile da usare e possiamo vendere i nostri prodotti con altri tour operator<br \/>\n<strong>Pro<\/strong>: Il servizio clienti \u00e8 ottimo, ti rispondono molto velocemente e sono molto gentili.<br \/>\n<strong>Contro<\/strong>: Vorremmo trovare pi\u00f9 lingue, come il catalano.<\/p>\n","protected":false},"excerpt":{"rendered":"<p>Regiondo \u00e8 un software di prenotazione B2B all-in-one che ti consente di vendere biglietti online, gestire le prenotazioni, mostrare la tua disponibilit\u00e0 e far crescere la tua attivit\u00e0. La soluzione pu\u00f2 essere facilmente integrata nel tuo sito web per consentire ai tuoi clienti di prenotare online le tue offerte in pochi clic. La soluzione \u00e8 davvero semplice e intuitiva, quindi puoi creare e personalizzare istantaneamente le tue offerte di prodotti unici senza l&#8217;aiuto di sviluppatori IT.<\/p>\n","protected":false},"author":19,"featured_media":75356,"parent":33071,"menu_order":0,"comment_status":"open","ping_status":"closed","template":"g1_template_page_review_new.php","meta":{"_acf_changed":false,"cwp_meta_box_check":"No","cwp_rev_product_name":"","cwp_rev_product_image":"","wppr_links":[],"cwp_rev_price":"","wppr_options":[],"wppr_pros":[],"wppr_cons":[],"_monsterinsights_skip_tracking":false,"_monsterinsights_sitenote_active":false,"_monsterinsights_sitenote_note":"","_monsterinsights_sitenote_category":0,"footnotes":""},"categories":[4186],"tags":[14947,4267,14950,15010,14949,14948],"features":[],"class_list":{"0":"post-75351","1":"page","2":"type-page","3":"status-publish","4":"has-post-thumbnail","6":"category-gestionali-per-parrucchieri","7":"tag-gestionale-parrucchieri","8":"tag-piattaforma-gestionale-parrucchieri","9":"tag-programma-gestionale-parrucchieri","10":"tag-regiondo","11":"tag-software-gestionale-parrucchieri","12":"tag-soluzione-gestionale-parrucchieri"},"wppr_data":{"cwp_meta_box_check":"No"},"acf":[],"yoast_head":"<!-- This site is optimized with the Yoast SEO plugin v27.4 - https:\/\/yoast.com\/product\/yoast-seo-wordpress\/ -->\n<title>Regiondo: recensione software gestionale parrucchieri - Accurate Reviews<\/title>\n<meta name=\"description\" content=\"Regiondo: recensione software di prenotazione B2B all-in-one che ti consente di far crescere al meglio la tua attivit\u00e0.\" \/>\n<meta name=\"robots\" content=\"index, follow, max-snippet:-1, max-image-preview:large, max-video-preview:-1\" \/>\n<link rel=\"canonical\" href=\"https:\/\/www.accuratereviews.com\/it\/gestionale-per-parrucchieri\/regiondo-recensione\/\" \/>\n<meta property=\"og:locale\" content=\"it_IT\" \/>\n<meta property=\"og:type\" content=\"article\" \/>\n<meta property=\"og:title\" content=\"Regiondo: recensione software gestionale parrucchieri - Accurate Reviews\" \/>\n<meta property=\"og:description\" content=\"Regiondo: recensione software di prenotazione B2B all-in-one che ti consente di far crescere al meglio la tua attivit\u00e0.\" \/>\n<meta property=\"og:url\" content=\"https:\/\/www.accuratereviews.com\/it\/gestionale-per-parrucchieri\/regiondo-recensione\/\" \/>\n<meta property=\"og:site_name\" content=\"Accurate Reviews\" \/>\n<meta property=\"article:modified_time\" content=\"2024-03-25T16:31:59+00:00\" \/>\n<meta property=\"og:image\" content=\"https:\/\/www.accuratereviews.com\/wp-content\/uploads\/2024\/03\/Regiondo.jpeg\" \/>\n\t<meta property=\"og:image:width\" content=\"780\" \/>\n\t<meta property=\"og:image:height\" content=\"440\" \/>\n\t<meta property=\"og:image:type\" content=\"image\/jpeg\" \/>\n<meta name=\"twitter:card\" content=\"summary_large_image\" \/>\n<meta name=\"twitter:label1\" content=\"Tempo di lettura stimato\" \/>\n\t<meta name=\"twitter:data1\" content=\"6 minuti\" \/>\n<script type=\"application\/ld+json\" class=\"yoast-schema-graph\">{\"@context\":\"https:\\\/\\\/schema.org\",\"@graph\":[{\"@type\":\"WebPage\",\"@id\":\"https:\\\/\\\/www.accuratereviews.com\\\/it\\\/gestionale-per-parrucchieri\\\/regiondo-recensione\\\/\",\"url\":\"https:\\\/\\\/www.accuratereviews.com\\\/it\\\/gestionale-per-parrucchieri\\\/regiondo-recensione\\\/\",\"name\":\"Regiondo: recensione software gestionale parrucchieri - Accurate Reviews\",\"isPartOf\":{\"@id\":\"https:\\\/\\\/www.accuratereviews.com\\\/it\\\/#website\"},\"primaryImageOfPage\":{\"@id\":\"https:\\\/\\\/www.accuratereviews.com\\\/it\\\/gestionale-per-parrucchieri\\\/regiondo-recensione\\\/#primaryimage\"},\"image\":{\"@id\":\"https:\\\/\\\/www.accuratereviews.com\\\/it\\\/gestionale-per-parrucchieri\\\/regiondo-recensione\\\/#primaryimage\"},\"thumbnailUrl\":\"https:\\\/\\\/www.accuratereviews.com\\\/wp-content\\\/uploads\\\/2024\\\/03\\\/Regiondo.jpeg\",\"datePublished\":\"2024-03-22T16:57:24+00:00\",\"dateModified\":\"2024-03-25T16:31:59+00:00\",\"description\":\"Regiondo: recensione software di prenotazione B2B all-in-one che ti consente di far crescere al meglio la tua attivit\u00e0.\",\"breadcrumb\":{\"@id\":\"https:\\\/\\\/www.accuratereviews.com\\\/it\\\/gestionale-per-parrucchieri\\\/regiondo-recensione\\\/#breadcrumb\"},\"inLanguage\":\"it-IT\",\"potentialAction\":[{\"@type\":\"ReadAction\",\"target\":[\"https:\\\/\\\/www.accuratereviews.com\\\/it\\\/gestionale-per-parrucchieri\\\/regiondo-recensione\\\/\"]}]},{\"@type\":\"ImageObject\",\"inLanguage\":\"it-IT\",\"@id\":\"https:\\\/\\\/www.accuratereviews.com\\\/it\\\/gestionale-per-parrucchieri\\\/regiondo-recensione\\\/#primaryimage\",\"url\":\"https:\\\/\\\/www.accuratereviews.com\\\/wp-content\\\/uploads\\\/2024\\\/03\\\/Regiondo.jpeg\",\"contentUrl\":\"https:\\\/\\\/www.accuratereviews.com\\\/wp-content\\\/uploads\\\/2024\\\/03\\\/Regiondo.jpeg\",\"width\":780,\"height\":440},{\"@type\":\"BreadcrumbList\",\"@id\":\"https:\\\/\\\/www.accuratereviews.com\\\/it\\\/gestionale-per-parrucchieri\\\/regiondo-recensione\\\/#breadcrumb\",\"itemListElement\":[{\"@type\":\"ListItem\",\"position\":1,\"name\":\"Home\",\"item\":\"https:\\\/\\\/www.accuratereviews.com\\\/it\\\/\"},{\"@type\":\"ListItem\",\"position\":2,\"name\":\"Gestionale per parrucchieri\",\"item\":\"https:\\\/\\\/www.accuratereviews.com\\\/it\\\/gestionale-per-parrucchieri\\\/\"},{\"@type\":\"ListItem\",\"position\":3,\"name\":\"Regiondo\"}]},{\"@type\":\"WebSite\",\"@id\":\"https:\\\/\\\/www.accuratereviews.com\\\/it\\\/#website\",\"url\":\"https:\\\/\\\/www.accuratereviews.com\\\/it\\\/\",\"name\":\"Accurate Reviews\",\"description\":\"\",\"potentialAction\":[{\"@type\":\"SearchAction\",\"target\":{\"@type\":\"EntryPoint\",\"urlTemplate\":\"https:\\\/\\\/www.accuratereviews.com\\\/it\\\/?s={search_term_string}\"},\"query-input\":{\"@type\":\"PropertyValueSpecification\",\"valueRequired\":true,\"valueName\":\"search_term_string\"}}],\"inLanguage\":\"it-IT\"}]}<\/script>\n<!-- \/ Yoast SEO plugin. -->","yoast_head_json":{"title":"Regiondo: recensione software gestionale parrucchieri - Accurate Reviews","description":"Regiondo: recensione software di prenotazione B2B all-in-one che ti consente di far crescere al meglio la tua attivit\u00e0.","robots":{"index":"index","follow":"follow","max-snippet":"max-snippet:-1","max-image-preview":"max-image-preview:large","max-video-preview":"max-video-preview:-1"},"canonical":"https:\/\/www.accuratereviews.com\/it\/gestionale-per-parrucchieri\/regiondo-recensione\/","og_locale":"it_IT","og_type":"article","og_title":"Regiondo: recensione software gestionale parrucchieri - Accurate Reviews","og_description":"Regiondo: recensione software di prenotazione B2B all-in-one che ti consente di far crescere al meglio la tua attivit\u00e0.","og_url":"https:\/\/www.accuratereviews.com\/it\/gestionale-per-parrucchieri\/regiondo-recensione\/","og_site_name":"Accurate Reviews","article_modified_time":"2024-03-25T16:31:59+00:00","og_image":[{"width":780,"height":440,"url":"https:\/\/www.accuratereviews.com\/wp-content\/uploads\/2024\/03\/Regiondo.jpeg","type":"image\/jpeg"}],"twitter_card":"summary_large_image","twitter_misc":{"Tempo di lettura stimato":"6 minuti"},"schema":{"@context":"https:\/\/schema.org","@graph":[{"@type":"WebPage","@id":"https:\/\/www.accuratereviews.com\/it\/gestionale-per-parrucchieri\/regiondo-recensione\/","url":"https:\/\/www.accuratereviews.com\/it\/gestionale-per-parrucchieri\/regiondo-recensione\/","name":"Regiondo: recensione software gestionale parrucchieri - Accurate Reviews","isPartOf":{"@id":"https:\/\/www.accuratereviews.com\/it\/#website"},"primaryImageOfPage":{"@id":"https:\/\/www.accuratereviews.com\/it\/gestionale-per-parrucchieri\/regiondo-recensione\/#primaryimage"},"image":{"@id":"https:\/\/www.accuratereviews.com\/it\/gestionale-per-parrucchieri\/regiondo-recensione\/#primaryimage"},"thumbnailUrl":"https:\/\/www.accuratereviews.com\/wp-content\/uploads\/2024\/03\/Regiondo.jpeg","datePublished":"2024-03-22T16:57:24+00:00","dateModified":"2024-03-25T16:31:59+00:00","description":"Regiondo: recensione software di prenotazione B2B all-in-one che ti consente di far crescere al meglio la tua attivit\u00e0.","breadcrumb":{"@id":"https:\/\/www.accuratereviews.com\/it\/gestionale-per-parrucchieri\/regiondo-recensione\/#breadcrumb"},"inLanguage":"it-IT","potentialAction":[{"@type":"ReadAction","target":["https:\/\/www.accuratereviews.com\/it\/gestionale-per-parrucchieri\/regiondo-recensione\/"]}]},{"@type":"ImageObject","inLanguage":"it-IT","@id":"https:\/\/www.accuratereviews.com\/it\/gestionale-per-parrucchieri\/regiondo-recensione\/#primaryimage","url":"https:\/\/www.accuratereviews.com\/wp-content\/uploads\/2024\/03\/Regiondo.jpeg","contentUrl":"https:\/\/www.accuratereviews.com\/wp-content\/uploads\/2024\/03\/Regiondo.jpeg","width":780,"height":440},{"@type":"BreadcrumbList","@id":"https:\/\/www.accuratereviews.com\/it\/gestionale-per-parrucchieri\/regiondo-recensione\/#breadcrumb","itemListElement":[{"@type":"ListItem","position":1,"name":"Home","item":"https:\/\/www.accuratereviews.com\/it\/"},{"@type":"ListItem","position":2,"name":"Gestionale per parrucchieri","item":"https:\/\/www.accuratereviews.com\/it\/gestionale-per-parrucchieri\/"},{"@type":"ListItem","position":3,"name":"Regiondo"}]},{"@type":"WebSite","@id":"https:\/\/www.accuratereviews.com\/it\/#website","url":"https:\/\/www.accuratereviews.com\/it\/","name":"Accurate Reviews","description":"","potentialAction":[{"@type":"SearchAction","target":{"@type":"EntryPoint","urlTemplate":"https:\/\/www.accuratereviews.com\/it\/?s={search_term_string}"},"query-input":{"@type":"PropertyValueSpecification","valueRequired":true,"valueName":"search_term_string"}}],"inLanguage":"it-IT"}]}},"_links":{"self":[{"href":"https:\/\/www.accuratereviews.com\/it\/wp-json\/wp\/v2\/pages\/75351","targetHints":{"allow":["GET"]}}],"collection":[{"href":"https:\/\/www.accuratereviews.com\/it\/wp-json\/wp\/v2\/pages"}],"about":[{"href":"https:\/\/www.accuratereviews.com\/it\/wp-json\/wp\/v2\/types\/page"}],"author":[{"embeddable":true,"href":"https:\/\/www.accuratereviews.com\/it\/wp-json\/wp\/v2\/users\/19"}],"replies":[{"embeddable":true,"href":"https:\/\/www.accuratereviews.com\/it\/wp-json\/wp\/v2\/comments?post=75351"}],"version-history":[{"count":10,"href":"https:\/\/www.accuratereviews.com\/it\/wp-json\/wp\/v2\/pages\/75351\/revisions"}],"predecessor-version":[{"id":75414,"href":"https:\/\/www.accuratereviews.com\/it\/wp-json\/wp\/v2\/pages\/75351\/revisions\/75414"}],"up":[{"embeddable":true,"href":"https:\/\/www.accuratereviews.com\/it\/wp-json\/wp\/v2\/pages\/33071"}],"wp:featuredmedia":[{"embeddable":true,"href":"https:\/\/www.accuratereviews.com\/it\/wp-json\/wp\/v2\/media\/75356"}],"wp:attachment":[{"href":"https:\/\/www.accuratereviews.com\/it\/wp-json\/wp\/v2\/media?parent=75351"}],"wp:term":[{"taxonomy":"category","embeddable":true,"href":"https:\/\/www.accuratereviews.com\/it\/wp-json\/wp\/v2\/categories?post=75351"},{"taxonomy":"post_tag","embeddable":true,"href":"https:\/\/www.accuratereviews.com\/it\/wp-json\/wp\/v2\/tags?post=75351"},{"taxonomy":"features","embeddable":true,"href":"https:\/\/www.accuratereviews.com\/it\/wp-json\/wp\/v2\/features?post=75351"}],"curies":[{"name":"wp","href":"https:\/\/api.w.org\/{rel}","templated":true}]}}