{"id":75511,"date":"2024-03-26T18:50:55","date_gmt":"2024-03-26T18:50:55","guid":{"rendered":"https:\/\/www.accuratereviews.com\/?page_id=75511"},"modified":"2024-03-28T09:11:25","modified_gmt":"2024-03-28T09:11:25","slug":"goreminders-recensione","status":"publish","type":"page","link":"https:\/\/www.accuratereviews.com\/it\/gestionale-per-parrucchieri\/goreminders-recensione\/","title":{"rendered":"GoReminders"},"content":{"rendered":"<p><strong>GoReminders<\/strong> \u00e8 un servizio di pianificazione sms e promemoria degli appuntamenti multilingue basato sul <strong>cloud<\/strong> per aziende di tutte le dimensioni. Lo strumento promemoria e conferme pu\u00f2 essere utilizzato per programmare sms ed email da inviare ai clienti per ridurre il numero di mancate presentazioni e confermare gli appuntamenti. Include strumenti come la sincronizzazione automatica del calendario, testi di promemoria personalizzabili, appuntamenti ricorrenti e altro ancora. <strong>GoReminders<\/strong> aiuta a garantire che i clienti rispondano ai promemoria e confermino la data e l&#8217;ora dell&#8217;appuntamento. I clienti possono rispondere con una &#8220;C&#8221; per &#8220;confermare&#8221; o rispondere con una &#8220;R&#8221;, che sta per &#8220;riprogrammare&#8221;. Le risposte vengono aggiornate automaticamente nel calendario del sistema.<\/p>\n<h2>GOREMINDERS &#8211; TUTORIAL<\/h2>\n<div id=\"fluid-wrapper-counter-1\" class=\"g1-fluid-wrapper \" style=\"width:686px;\">\n<div style=\"padding-bottom:56.268221574344%;\"><iframe loading=\"lazy\" title=\"GoReminders Quick Tutorial\" width=\"515\" height=\"386\" src=\"https:\/\/www.youtube.com\/embed\/z1rdsJtSdGo?feature=oembed&amp;wmode=transparent&amp;autohide=1&amp;autoplay=0&amp;disablekb=0&amp;fs=1&amp;loop=0&amp;enablejsapi=1&amp;rel=0&amp;controls=2&amp;showinfo=0&amp;wmode=transparent&amp;autohide=2&amp;autoplay=0&amp;disablekb=0&amp;fs=1&amp;loop=0&amp;enablejsapi=1&amp;rel=0&amp;controls=2&amp;showinfo=1\" frameborder=\"0\" allow=\"accelerometer; autoplay; clipboard-write; encrypted-media; gyroscope; picture-in-picture; web-share\" referrerpolicy=\"strict-origin-when-cross-origin\" allowfullscreen><\/iframe><\/div>\n<\/div>\n<h3>GOREMINDERS &#8211; CARATTERISTICHE<\/h3>\n<ul>\n<li>Pianifica appuntamenti di qualsiasi tipo all&#8217;interno della soluzione definendo il tipo di appuntamento, nome del cliente, servizio, ora, data, durata e qualsiasi altra informazione rilevante. \u00c8 inoltre possibile impostare appuntamenti ricorrenti per i clienti abituali.<\/li>\n<li>Invia promemoria degli appuntamenti ai clienti nel periodo che precede la riunione pianificata. Il testo del promemoria dell&#8217;appuntamento pu\u00f2 essere personalizzato ed \u00e8 possibile creare pi\u00f9 modelli per soddisfare le esigenze aziendali.<\/li>\n<li>Consenti ai clienti di confermare o riprogrammare il loro appuntamento rispondendo all&#8217;email o all&#8217;SMS di promemoria. I clienti possono rispondere &#8220;C&#8221; ad esempio, per confermare la loro presenza, o &#8220;R&#8221; se desiderano riprogrammare.<\/li>\n<li>Importa i contatti nel database integrato per pianificare appuntamenti e inviare promemoria direttamente dal sistema. La funzionalit\u00e0 di ricerca di riempimento automatico mira a semplificare la ricerca dei contatti dall&#8217;elenco.<\/li>\n<li>Crea promemoria in pi\u00f9 lingue per soddisfare tutti i clienti, ovunque si trovino nel mondo, con messaggi di testo completamente personalizzabili.<\/li>\n<\/ul>\n<h4>LE RECENSIONI DEGLI UTENTI<\/h4>\n<p><strong>Robin &#8220;La migliore app per appuntamenti che abbiamo trovato&#8221;<\/strong><br \/>\n<strong>Commenti<\/strong>: La nostra esperienza \u00e8 stata eccellente; comunicazione rapida quando abbiamo domande, sempre cortese ed educato. Spiegare le cose al meglio non ci fa sentire come se dovessimo provare a interpretare le risposte.<br \/>\n<strong>Pro<\/strong>: Facile da usare per una persona non esperta di tecnologia, il prezzo \u00e8 molto ragionevole. Aiuta a essere competenti al 100% nella gestione della nostra attivit\u00e0<br \/>\n<strong>Contro<\/strong>: Vorrei solo che si integrasse con il software che utilizziamo<\/p>\n<p><strong>Jennifer &#8220;Non potrei fare affari in modo sano senza GfoReminders&#8221;<\/strong><br \/>\n<strong>Commenti<\/strong>: Non ho mai avuto una brutta esperienza. Il team del servizio clienti \u00e8 sempre molto rapido nel rispondere a qualsiasi dubbio o domanda. Sono stato molto soddisfatto e ho intenzione di cambiare,<br \/>\n<strong>Pro<\/strong>: Mi piace la facilit\u00e0 della pianificazione. La mia caratteristica preferita \u00e8 che il cliente risponde tramite SMS per confermare, riprogrammare e annullare. Possiamo a nostra volta, tramite l&#8217;app numero di telefono, rispondere e corrispondere senza che abbiano il nostro numero personale.<br \/>\n<strong>Contro<\/strong>: Mi piace tutto e non ho niente con cui paragonarlo<\/p>\n<p><strong>Allison &#8220;GoReminders&#8221;<\/strong><br \/>\n<strong>Commenti<\/strong>: ho avuto un&#8217;ottima esperienza con i promemoria Go, quando non sapevo come utilizzare la funzione di revisione di Google ho appena chiamato e Jocelle mi ha aiutato passo dopo passo a sentirmi a mio agio nell&#8217;usarlo ed \u00e8 stata cos\u00ec disponibile che in seguito mi ha anche controllato assicurati di averlo utilizzato correttamente senza problemi<br \/>\n<strong>Pro<\/strong>: Adoro tutte le funzionalit\u00e0 che hanno, lo uso principalmente per programmare gli appuntamenti con i medici dei clienti, una volta inserito il nome del cliente e le informazioni di contatto, vengono archiviati, quindi non devo continuare a inserirli. Lo uso anche per inviare ai clienti una richiesta di lasciarci una recensione su Google e i promemoria hanno reso tutto pi\u00f9 semplice con i loro suggerimenti, in questo modo possiamo eliminare le recensioni negative se mai ne ricevessimo una.<br \/>\n<strong>Contro<\/strong>: Mi piace tutto, mi semplifica la vita<\/p>\n","protected":false},"excerpt":{"rendered":"<p>GoReminders \u00e8 un servizio di pianificazione sms e promemoria degli appuntamenti multilingue basato sul cloud per aziende di tutte le dimensioni. Lo strumento promemoria e conferme pu\u00f2 essere utilizzato per programmare sms ed email da inviare ai clienti per ridurre il numero di mancate presentazioni e confermare gli appuntamenti.<\/p>\n","protected":false},"author":19,"featured_media":75512,"parent":33071,"menu_order":0,"comment_status":"open","ping_status":"closed","template":"g1_template_page_review_new.php","meta":{"_acf_changed":false,"cwp_meta_box_check":"Yes","cwp_rev_product_name":"","cwp_rev_product_image":"","wppr_links":[],"cwp_rev_price":"0.00","wppr_options":[{"name":"Usability","value":"0"},{"name":"Speed","value":"0"},{"name":"Features","value":"0"},{"name":"Support","value":"0"},{"name":"Pricing","value":"0"}],"wppr_pros":["","","","",""],"wppr_cons":["","","","",""],"_monsterinsights_skip_tracking":false,"_monsterinsights_sitenote_active":false,"_monsterinsights_sitenote_note":"","_monsterinsights_sitenote_category":0,"footnotes":""},"categories":[4186],"tags":[14947,15014,4267,14950,14949,14948],"features":[],"class_list":{"0":"post-75511","1":"page","2":"type-page","3":"status-publish","4":"has-post-thumbnail","6":"category-gestionali-per-parrucchieri","7":"tag-gestionale-parrucchieri","8":"tag-goreminders","9":"tag-piattaforma-gestionale-parrucchieri","10":"tag-programma-gestionale-parrucchieri","11":"tag-software-gestionale-parrucchieri","12":"tag-soluzione-gestionale-parrucchieri"},"wppr_data":{"cwp_meta_box_check":"Yes","_wppr_review_template":"default","cwp_rev_product_image":"","cwp_image_link":"image","wppr_links":[],"cwp_rev_price":"0.00","wppr_pros":["","","","",""],"wppr_cons":["","","","",""],"wppr_rating":"0.00","wppr_options":{"1":{"name":"Usability","value":"0"},"2":{"name":"Speed","value":"0"},"3":{"name":"Features","value":"0"},"4":{"name":"Support","value":"0"},"5":{"name":"Pricing","value":"0"}},"wppr_review_type":"Product","wppr_review_custom_fields":{"additionalProperty":"","additionalType":"","aggregateRating":"","alternateName":"","audience":"","award":"","awards":"","brand":"","color":"","depth":"","description":"","disambiguatingDescription":"","gtin12":"","gtin13":"","gtin14":"","gtin8":"","height":"","identifier":"","image":"","isAccessoryOrSparePartFor":"","isConsumableFor":"","isRelatedTo":"","isSimilarTo":"","itemCondition":"","logo":"","mainEntityOfPage":"","manufacturer":"","material":"","model":"","mpn":"","name":"","offers":"","potentialAction":"","productID":"","productionDate":"","purchaseDate":"","releaseDate":"","review":"","reviews":"","sameAs":"","sku":"","slogan":"","subjectOf":"","url":"","weight":"","width":""}},"acf":[],"yoast_head":"<!-- This site is optimized with the Yoast SEO plugin v27.4 - https:\/\/yoast.com\/product\/yoast-seo-wordpress\/ -->\n<title>GoReminders: recensione software gestionale parrucchieri - Accurate Reviews<\/title>\n<meta name=\"description\" content=\"GoReminders: recensione servizio di pianificazione sms e promemoria degli appuntamenti basato sul cloud per aziende di tutte le dimensioni.\" \/>\n<meta name=\"robots\" content=\"index, follow, max-snippet:-1, max-image-preview:large, max-video-preview:-1\" \/>\n<link rel=\"canonical\" href=\"https:\/\/www.accuratereviews.com\/it\/gestionale-per-parrucchieri\/goreminders-recensione\/\" \/>\n<meta property=\"og:locale\" content=\"it_IT\" \/>\n<meta property=\"og:type\" content=\"article\" \/>\n<meta property=\"og:title\" content=\"GoReminders: recensione software gestionale parrucchieri - Accurate Reviews\" \/>\n<meta property=\"og:description\" content=\"GoReminders: recensione servizio di pianificazione sms e promemoria degli appuntamenti basato sul cloud per aziende di tutte le dimensioni.\" \/>\n<meta property=\"og:url\" content=\"https:\/\/www.accuratereviews.com\/it\/gestionale-per-parrucchieri\/goreminders-recensione\/\" \/>\n<meta property=\"og:site_name\" content=\"Accurate Reviews\" \/>\n<meta property=\"article:modified_time\" content=\"2024-03-28T09:11:25+00:00\" \/>\n<meta property=\"og:image\" content=\"https:\/\/www.accuratereviews.com\/wp-content\/uploads\/2024\/03\/GoReminders.jpeg\" \/>\n\t<meta property=\"og:image:width\" content=\"1153\" \/>\n\t<meta property=\"og:image:height\" content=\"240\" \/>\n\t<meta property=\"og:image:type\" content=\"image\/jpeg\" \/>\n<meta name=\"twitter:card\" content=\"summary_large_image\" \/>\n<meta name=\"twitter:label1\" content=\"Tempo di lettura stimato\" \/>\n\t<meta name=\"twitter:data1\" content=\"4 minuti\" \/>\n<script type=\"application\/ld+json\" class=\"yoast-schema-graph\">{\"@context\":\"https:\\\/\\\/schema.org\",\"@graph\":[{\"@type\":\"WebPage\",\"@id\":\"https:\\\/\\\/www.accuratereviews.com\\\/it\\\/gestionale-per-parrucchieri\\\/goreminders-recensione\\\/\",\"url\":\"https:\\\/\\\/www.accuratereviews.com\\\/it\\\/gestionale-per-parrucchieri\\\/goreminders-recensione\\\/\",\"name\":\"GoReminders: recensione software gestionale parrucchieri - Accurate Reviews\",\"isPartOf\":{\"@id\":\"https:\\\/\\\/www.accuratereviews.com\\\/it\\\/#website\"},\"primaryImageOfPage\":{\"@id\":\"https:\\\/\\\/www.accuratereviews.com\\\/it\\\/gestionale-per-parrucchieri\\\/goreminders-recensione\\\/#primaryimage\"},\"image\":{\"@id\":\"https:\\\/\\\/www.accuratereviews.com\\\/it\\\/gestionale-per-parrucchieri\\\/goreminders-recensione\\\/#primaryimage\"},\"thumbnailUrl\":\"https:\\\/\\\/www.accuratereviews.com\\\/wp-content\\\/uploads\\\/2024\\\/03\\\/GoReminders.jpeg\",\"datePublished\":\"2024-03-26T18:50:55+00:00\",\"dateModified\":\"2024-03-28T09:11:25+00:00\",\"description\":\"GoReminders: recensione servizio di pianificazione sms e promemoria degli appuntamenti basato sul cloud per aziende di tutte le dimensioni.\",\"breadcrumb\":{\"@id\":\"https:\\\/\\\/www.accuratereviews.com\\\/it\\\/gestionale-per-parrucchieri\\\/goreminders-recensione\\\/#breadcrumb\"},\"inLanguage\":\"it-IT\",\"potentialAction\":[{\"@type\":\"ReadAction\",\"target\":[\"https:\\\/\\\/www.accuratereviews.com\\\/it\\\/gestionale-per-parrucchieri\\\/goreminders-recensione\\\/\"]}]},{\"@type\":\"ImageObject\",\"inLanguage\":\"it-IT\",\"@id\":\"https:\\\/\\\/www.accuratereviews.com\\\/it\\\/gestionale-per-parrucchieri\\\/goreminders-recensione\\\/#primaryimage\",\"url\":\"https:\\\/\\\/www.accuratereviews.com\\\/wp-content\\\/uploads\\\/2024\\\/03\\\/GoReminders.jpeg\",\"contentUrl\":\"https:\\\/\\\/www.accuratereviews.com\\\/wp-content\\\/uploads\\\/2024\\\/03\\\/GoReminders.jpeg\",\"width\":1153,\"height\":240},{\"@type\":\"BreadcrumbList\",\"@id\":\"https:\\\/\\\/www.accuratereviews.com\\\/it\\\/gestionale-per-parrucchieri\\\/goreminders-recensione\\\/#breadcrumb\",\"itemListElement\":[{\"@type\":\"ListItem\",\"position\":1,\"name\":\"Home\",\"item\":\"https:\\\/\\\/www.accuratereviews.com\\\/it\\\/\"},{\"@type\":\"ListItem\",\"position\":2,\"name\":\"Gestionale per parrucchieri\",\"item\":\"https:\\\/\\\/www.accuratereviews.com\\\/it\\\/gestionale-per-parrucchieri\\\/\"},{\"@type\":\"ListItem\",\"position\":3,\"name\":\"GoReminders\"}]},{\"@type\":\"WebSite\",\"@id\":\"https:\\\/\\\/www.accuratereviews.com\\\/it\\\/#website\",\"url\":\"https:\\\/\\\/www.accuratereviews.com\\\/it\\\/\",\"name\":\"Accurate Reviews\",\"description\":\"\",\"potentialAction\":[{\"@type\":\"SearchAction\",\"target\":{\"@type\":\"EntryPoint\",\"urlTemplate\":\"https:\\\/\\\/www.accuratereviews.com\\\/it\\\/?s={search_term_string}\"},\"query-input\":{\"@type\":\"PropertyValueSpecification\",\"valueRequired\":true,\"valueName\":\"search_term_string\"}}],\"inLanguage\":\"it-IT\"}]}<\/script>\n<!-- \/ Yoast SEO plugin. -->","yoast_head_json":{"title":"GoReminders: recensione software gestionale parrucchieri - Accurate Reviews","description":"GoReminders: recensione servizio di pianificazione sms e promemoria degli appuntamenti basato sul cloud per aziende di tutte le dimensioni.","robots":{"index":"index","follow":"follow","max-snippet":"max-snippet:-1","max-image-preview":"max-image-preview:large","max-video-preview":"max-video-preview:-1"},"canonical":"https:\/\/www.accuratereviews.com\/it\/gestionale-per-parrucchieri\/goreminders-recensione\/","og_locale":"it_IT","og_type":"article","og_title":"GoReminders: recensione software gestionale parrucchieri - Accurate Reviews","og_description":"GoReminders: recensione servizio di pianificazione sms e promemoria degli appuntamenti basato sul cloud per aziende di tutte le dimensioni.","og_url":"https:\/\/www.accuratereviews.com\/it\/gestionale-per-parrucchieri\/goreminders-recensione\/","og_site_name":"Accurate Reviews","article_modified_time":"2024-03-28T09:11:25+00:00","og_image":[{"width":1153,"height":240,"url":"https:\/\/www.accuratereviews.com\/wp-content\/uploads\/2024\/03\/GoReminders.jpeg","type":"image\/jpeg"}],"twitter_card":"summary_large_image","twitter_misc":{"Tempo di lettura stimato":"4 minuti"},"schema":{"@context":"https:\/\/schema.org","@graph":[{"@type":"WebPage","@id":"https:\/\/www.accuratereviews.com\/it\/gestionale-per-parrucchieri\/goreminders-recensione\/","url":"https:\/\/www.accuratereviews.com\/it\/gestionale-per-parrucchieri\/goreminders-recensione\/","name":"GoReminders: recensione software gestionale parrucchieri - Accurate Reviews","isPartOf":{"@id":"https:\/\/www.accuratereviews.com\/it\/#website"},"primaryImageOfPage":{"@id":"https:\/\/www.accuratereviews.com\/it\/gestionale-per-parrucchieri\/goreminders-recensione\/#primaryimage"},"image":{"@id":"https:\/\/www.accuratereviews.com\/it\/gestionale-per-parrucchieri\/goreminders-recensione\/#primaryimage"},"thumbnailUrl":"https:\/\/www.accuratereviews.com\/wp-content\/uploads\/2024\/03\/GoReminders.jpeg","datePublished":"2024-03-26T18:50:55+00:00","dateModified":"2024-03-28T09:11:25+00:00","description":"GoReminders: recensione servizio di pianificazione sms e promemoria degli appuntamenti basato sul cloud per aziende di tutte le dimensioni.","breadcrumb":{"@id":"https:\/\/www.accuratereviews.com\/it\/gestionale-per-parrucchieri\/goreminders-recensione\/#breadcrumb"},"inLanguage":"it-IT","potentialAction":[{"@type":"ReadAction","target":["https:\/\/www.accuratereviews.com\/it\/gestionale-per-parrucchieri\/goreminders-recensione\/"]}]},{"@type":"ImageObject","inLanguage":"it-IT","@id":"https:\/\/www.accuratereviews.com\/it\/gestionale-per-parrucchieri\/goreminders-recensione\/#primaryimage","url":"https:\/\/www.accuratereviews.com\/wp-content\/uploads\/2024\/03\/GoReminders.jpeg","contentUrl":"https:\/\/www.accuratereviews.com\/wp-content\/uploads\/2024\/03\/GoReminders.jpeg","width":1153,"height":240},{"@type":"BreadcrumbList","@id":"https:\/\/www.accuratereviews.com\/it\/gestionale-per-parrucchieri\/goreminders-recensione\/#breadcrumb","itemListElement":[{"@type":"ListItem","position":1,"name":"Home","item":"https:\/\/www.accuratereviews.com\/it\/"},{"@type":"ListItem","position":2,"name":"Gestionale per parrucchieri","item":"https:\/\/www.accuratereviews.com\/it\/gestionale-per-parrucchieri\/"},{"@type":"ListItem","position":3,"name":"GoReminders"}]},{"@type":"WebSite","@id":"https:\/\/www.accuratereviews.com\/it\/#website","url":"https:\/\/www.accuratereviews.com\/it\/","name":"Accurate Reviews","description":"","potentialAction":[{"@type":"SearchAction","target":{"@type":"EntryPoint","urlTemplate":"https:\/\/www.accuratereviews.com\/it\/?s={search_term_string}"},"query-input":{"@type":"PropertyValueSpecification","valueRequired":true,"valueName":"search_term_string"}}],"inLanguage":"it-IT"}]}},"_links":{"self":[{"href":"https:\/\/www.accuratereviews.com\/it\/wp-json\/wp\/v2\/pages\/75511","targetHints":{"allow":["GET"]}}],"collection":[{"href":"https:\/\/www.accuratereviews.com\/it\/wp-json\/wp\/v2\/pages"}],"about":[{"href":"https:\/\/www.accuratereviews.com\/it\/wp-json\/wp\/v2\/types\/page"}],"author":[{"embeddable":true,"href":"https:\/\/www.accuratereviews.com\/it\/wp-json\/wp\/v2\/users\/19"}],"replies":[{"embeddable":true,"href":"https:\/\/www.accuratereviews.com\/it\/wp-json\/wp\/v2\/comments?post=75511"}],"version-history":[{"count":10,"href":"https:\/\/www.accuratereviews.com\/it\/wp-json\/wp\/v2\/pages\/75511\/revisions"}],"predecessor-version":[{"id":75590,"href":"https:\/\/www.accuratereviews.com\/it\/wp-json\/wp\/v2\/pages\/75511\/revisions\/75590"}],"up":[{"embeddable":true,"href":"https:\/\/www.accuratereviews.com\/it\/wp-json\/wp\/v2\/pages\/33071"}],"wp:featuredmedia":[{"embeddable":true,"href":"https:\/\/www.accuratereviews.com\/it\/wp-json\/wp\/v2\/media\/75512"}],"wp:attachment":[{"href":"https:\/\/www.accuratereviews.com\/it\/wp-json\/wp\/v2\/media?parent=75511"}],"wp:term":[{"taxonomy":"category","embeddable":true,"href":"https:\/\/www.accuratereviews.com\/it\/wp-json\/wp\/v2\/categories?post=75511"},{"taxonomy":"post_tag","embeddable":true,"href":"https:\/\/www.accuratereviews.com\/it\/wp-json\/wp\/v2\/tags?post=75511"},{"taxonomy":"features","embeddable":true,"href":"https:\/\/www.accuratereviews.com\/it\/wp-json\/wp\/v2\/features?post=75511"}],"curies":[{"name":"wp","href":"https:\/\/api.w.org\/{rel}","templated":true}]}}