{"id":75537,"date":"2024-03-27T16:31:26","date_gmt":"2024-03-27T16:31:26","guid":{"rendered":"https:\/\/www.accuratereviews.com\/?page_id=75537"},"modified":"2024-03-28T09:14:50","modified_gmt":"2024-03-28T09:14:50","slug":"daysmart-spa-recensione","status":"publish","type":"page","link":"https:\/\/www.accuratereviews.com\/it\/gestionale-per-parrucchieri\/daysmart-spa-recensione\/","title":{"rendered":"DaySmart Spa"},"content":{"rendered":"<p><strong>DaySmart Spa<\/strong> \u00e8 una <strong>soluzione di gestione aziendale<\/strong> specializzata per le spa, saloni e operazioni correlate. Offre prezzi di abbonamento convenienti e aggiornamenti continui a un costo incredibili. Funzionalit\u00e0 facili da usare gestiscono registri degli appuntamenti, risorse come sale o attrezzature per trattamenti, pianificazione del personale e dei clienti, buste paga, elaborazione dei pagamenti, report aziendali, azioni di marketing automatizzati e dashboard delle prestazioni. L&#8217;agenda degli appuntamenti online completamente personalizzabile pu\u00f2 essere configurata per modificare gli orari codificati a colori e gestita con un&#8217;intuitiva modifica drag-and-drop. Invia promemoria automatici degli appuntamenti tramite email o sms e visualizza a colpo d&#8217;occhio gli appuntamenti confermati.\u00a0Gli oltre 200 report aziendali e dashboard integrati di <strong>DaySmart Spa<\/strong> tengono traccia continua delle metriche relative a referenze, vendite, profitti e perdite e fidelizzazione dei clienti.<\/p>\n<h2>DAYSMART SPA &#8211; TUTORIAL<\/h2>\n<div id=\"fluid-wrapper-counter-1\" class=\"g1-fluid-wrapper \" style=\"width:686px;\">\n<div style=\"padding-bottom:56.268221574344%;\"><iframe loading=\"lazy\" title=\"DaySmart Spa Getting Started\" width=\"686\" height=\"386\" src=\"https:\/\/www.youtube.com\/embed\/KHYE5x5AazI?feature=oembed&amp;wmode=transparent&amp;autohide=1&amp;autoplay=0&amp;disablekb=0&amp;fs=1&amp;loop=0&amp;enablejsapi=1&amp;rel=0&amp;controls=2&amp;showinfo=0&amp;wmode=transparent&amp;autohide=2&amp;autoplay=0&amp;disablekb=0&amp;fs=1&amp;loop=0&amp;enablejsapi=1&amp;rel=0&amp;controls=2&amp;showinfo=1\" frameborder=\"0\" allow=\"accelerometer; autoplay; clipboard-write; encrypted-media; gyroscope; picture-in-picture; web-share\" referrerpolicy=\"strict-origin-when-cross-origin\" allowfullscreen><\/iframe><\/div>\n<\/div>\n<h3>DAYSMART SPA &#8211; CARATTERISTICHE<\/h3>\n<ul>\n<li>L&#8217;agenda degli appuntamenti personalizzabile con codice colore pianifica sessioni ricorrenti, automatizza i promemoria e conferma gli appuntamenti.<\/li>\n<li>Proteggi le storie dei clienti e le foto di riferimento per fornire un tocco personale quando si tratta di riconoscere le preferenze di cura o le specifiche del trattamento.<\/li>\n<li>I manager possono amministrare le buste paga, programmare il personale, eseguire report e tenere traccia degli inventari dei prodotti con notifiche di riordino.<\/li>\n<li>Il marketing automatizzato include un sito web gratuito con prenotazione di appuntamenti, campagne email ricorrenti, integrazione con i social media e reporting dei referral.<\/li>\n<li>L&#8217;accesso remoto si sincronizza con i computer aziendali per fornire un accesso online sicuro alle funzioni di prenotazione e ai report in tempo reale da qualsiasi dispositivo abilitato a Internet.<\/li>\n<li>Le app complementari per Android e iOS estendono l&#8217;accesso mobile ottimizzato 24 ore su 24, 7 giorni su 7, la pianificazione immediata degli appuntamenti, la visualizzazione dei contatti dei clienti, la reportistica e altro ancora.<\/li>\n<\/ul>\n<h4>LE RECENSIONI DEGLI UTENTI<\/h4>\n<p><strong>Dan &#8220;Software affidabile con margini di miglioramento&#8221;<\/strong><br \/>\n<strong>Pro<\/strong>: DaySmart Spa \u00e8 facile da configurare e implementare. Per la maggior parte delle organizzazioni, il software \u00e8 sostanzialmente pronto per l&#8217;uso senza troppi ritocchi. Sono disponibili numerose funzionalit\u00e0 nell&#8217;applicazione desktop completa. Anche il team di assistenza clienti \u00e8 estremamente reattivo e disponibile.<br \/>\n<strong>Contro<\/strong>: &#8211; Le licenze di accesso remoto rappresentano una spesa mensile elevata a seconda del numero di dipendenti. &#8211; Il software cloud non dispone di alcune funzionalit\u00e0 del software desktop, inclusi i report personalizzati. &#8211; Il software desktop \u00e8 disponibile solo su Windows, sebbene siano presenti istruzioni per eseguirlo su una macchina virtuale in Mac OS.<\/p>\n<p><strong>Tamie &#8220;Ottimo software di pianificazione&#8221;<\/strong><br \/>\n<strong>Pro<\/strong>: \u00c8 facile da usare e non presenta troppi problemi. Mi piace anche il fatto che non sia necessario eseguire il backup per mantenere protetto il nostro programma<br \/>\n<strong>Contro<\/strong>: Non \u00e8 possibile riaprire un ticket chiuso, a volte lo staff chiude accidentalmente il ticket sbagliato quando riprogramma un cliente.<\/p>\n<p><strong>Darcy &#8220;Ottimo software per la nostra Medspa&#8221;<\/strong><br \/>\n<strong>Commenti<\/strong>: Lo usiamo da cinque anni e non l&#8217;abbiamo mai cambiato, per noi funziona bene!<br \/>\n<strong>Pro<\/strong>: \u00c8 affidabile, c&#8217;\u00e8 un&#8217;app per la pianificazione fuori sede, il servizio clienti \u00e8 fantastico!<br \/>\n<strong>Contro<\/strong>: Non ho nulla con cui paragonarlo, ma soprattutto ne siamo soddisfatti!<\/p>\n","protected":false},"excerpt":{"rendered":"<p>DaySmart Spa \u00e8 una soluzione di gestione aziendale specializzata per le spa, saloni e operazioni correlate. Offre prezzi di abbonamento convenienti e aggiornamenti continui a un costo incredibili. Funzionalit\u00e0 facili da usare gestiscono registri degli appuntamenti, risorse come sale o attrezzature per trattamenti, pianificazione del personale e dei clienti, buste paga, elaborazione dei pagamenti, report aziendali, azioni di marketing automatizzati e dashboard delle prestazioni.<\/p>\n","protected":false},"author":19,"featured_media":75546,"parent":33071,"menu_order":0,"comment_status":"open","ping_status":"closed","template":"g1_template_page_review_new.php","meta":{"_acf_changed":false,"cwp_meta_box_check":"Yes","cwp_rev_product_name":"","cwp_rev_product_image":"","wppr_links":[],"cwp_rev_price":"0.00","wppr_options":[{"name":"Usability","value":"0"},{"name":"Speed","value":"0"},{"name":"Features","value":"0"},{"name":"Support","value":"0"},{"name":"Pricing","value":"0"}],"wppr_pros":["","","","",""],"wppr_cons":["","","","",""],"_monsterinsights_skip_tracking":false,"_monsterinsights_sitenote_active":false,"_monsterinsights_sitenote_note":"","_monsterinsights_sitenote_category":0,"footnotes":""},"categories":[4186],"tags":[15016,14947,4267,14950,14949,14948],"features":[],"class_list":{"0":"post-75537","1":"page","2":"type-page","3":"status-publish","4":"has-post-thumbnail","6":"category-gestionali-per-parrucchieri","7":"tag-daysmart-spa","8":"tag-gestionale-parrucchieri","9":"tag-piattaforma-gestionale-parrucchieri","10":"tag-programma-gestionale-parrucchieri","11":"tag-software-gestionale-parrucchieri","12":"tag-soluzione-gestionale-parrucchieri"},"wppr_data":{"cwp_meta_box_check":"Yes","_wppr_review_template":"default","cwp_rev_product_image":"","cwp_image_link":"image","wppr_links":[],"cwp_rev_price":"0.00","wppr_pros":["","","","",""],"wppr_cons":["","","","",""],"wppr_rating":"0.00","wppr_options":{"1":{"name":"Usability","value":"0"},"2":{"name":"Speed","value":"0"},"3":{"name":"Features","value":"0"},"4":{"name":"Support","value":"0"},"5":{"name":"Pricing","value":"0"}},"wppr_review_type":"Product","wppr_review_custom_fields":{"additionalProperty":"","additionalType":"","aggregateRating":"","alternateName":"","audience":"","award":"","awards":"","brand":"","color":"","depth":"","description":"","disambiguatingDescription":"","gtin12":"","gtin13":"","gtin14":"","gtin8":"","height":"","identifier":"","image":"","isAccessoryOrSparePartFor":"","isConsumableFor":"","isRelatedTo":"","isSimilarTo":"","itemCondition":"","logo":"","mainEntityOfPage":"","manufacturer":"","material":"","model":"","mpn":"","name":"","offers":"","potentialAction":"","productID":"","productionDate":"","purchaseDate":"","releaseDate":"","review":"","reviews":"","sameAs":"","sku":"","slogan":"","subjectOf":"","url":"","weight":"","width":""}},"acf":[],"yoast_head":"<!-- This site is optimized with the Yoast SEO plugin v27.4 - https:\/\/yoast.com\/product\/yoast-seo-wordpress\/ -->\n<title>DaySmart Spa: recensione software gestionale parrucchieri - Accurate Reviews<\/title>\n<meta name=\"description\" content=\"DaySmart Spa: recensione soluzione di gestione aziendale specializzata per le spa, saloni e operazioni correlate.\" \/>\n<meta name=\"robots\" content=\"index, follow, max-snippet:-1, max-image-preview:large, max-video-preview:-1\" \/>\n<link rel=\"canonical\" href=\"https:\/\/www.accuratereviews.com\/it\/gestionale-per-parrucchieri\/daysmart-spa-recensione\/\" \/>\n<meta property=\"og:locale\" content=\"it_IT\" \/>\n<meta property=\"og:type\" content=\"article\" \/>\n<meta property=\"og:title\" content=\"DaySmart Spa: recensione software gestionale parrucchieri - Accurate Reviews\" \/>\n<meta property=\"og:description\" content=\"DaySmart Spa: recensione soluzione di gestione aziendale specializzata per le spa, saloni e operazioni correlate.\" \/>\n<meta property=\"og:url\" content=\"https:\/\/www.accuratereviews.com\/it\/gestionale-per-parrucchieri\/daysmart-spa-recensione\/\" \/>\n<meta property=\"og:site_name\" content=\"Accurate Reviews\" \/>\n<meta property=\"article:modified_time\" content=\"2024-03-28T09:14:50+00:00\" \/>\n<meta property=\"og:image\" content=\"https:\/\/www.accuratereviews.com\/wp-content\/uploads\/2024\/03\/daysmart.png\" \/>\n\t<meta property=\"og:image:width\" content=\"600\" \/>\n\t<meta property=\"og:image:height\" content=\"315\" \/>\n\t<meta property=\"og:image:type\" content=\"image\/png\" \/>\n<meta name=\"twitter:card\" content=\"summary_large_image\" \/>\n<meta name=\"twitter:label1\" content=\"Tempo di lettura stimato\" \/>\n\t<meta name=\"twitter:data1\" content=\"4 minuti\" \/>\n<script type=\"application\/ld+json\" class=\"yoast-schema-graph\">{\"@context\":\"https:\\\/\\\/schema.org\",\"@graph\":[{\"@type\":\"WebPage\",\"@id\":\"https:\\\/\\\/www.accuratereviews.com\\\/it\\\/gestionale-per-parrucchieri\\\/daysmart-spa-recensione\\\/\",\"url\":\"https:\\\/\\\/www.accuratereviews.com\\\/it\\\/gestionale-per-parrucchieri\\\/daysmart-spa-recensione\\\/\",\"name\":\"DaySmart Spa: recensione software gestionale parrucchieri - Accurate Reviews\",\"isPartOf\":{\"@id\":\"https:\\\/\\\/www.accuratereviews.com\\\/it\\\/#website\"},\"primaryImageOfPage\":{\"@id\":\"https:\\\/\\\/www.accuratereviews.com\\\/it\\\/gestionale-per-parrucchieri\\\/daysmart-spa-recensione\\\/#primaryimage\"},\"image\":{\"@id\":\"https:\\\/\\\/www.accuratereviews.com\\\/it\\\/gestionale-per-parrucchieri\\\/daysmart-spa-recensione\\\/#primaryimage\"},\"thumbnailUrl\":\"https:\\\/\\\/www.accuratereviews.com\\\/wp-content\\\/uploads\\\/2024\\\/03\\\/daysmart.png\",\"datePublished\":\"2024-03-27T16:31:26+00:00\",\"dateModified\":\"2024-03-28T09:14:50+00:00\",\"description\":\"DaySmart Spa: recensione soluzione di gestione aziendale specializzata per le spa, saloni e operazioni correlate.\",\"breadcrumb\":{\"@id\":\"https:\\\/\\\/www.accuratereviews.com\\\/it\\\/gestionale-per-parrucchieri\\\/daysmart-spa-recensione\\\/#breadcrumb\"},\"inLanguage\":\"it-IT\",\"potentialAction\":[{\"@type\":\"ReadAction\",\"target\":[\"https:\\\/\\\/www.accuratereviews.com\\\/it\\\/gestionale-per-parrucchieri\\\/daysmart-spa-recensione\\\/\"]}]},{\"@type\":\"ImageObject\",\"inLanguage\":\"it-IT\",\"@id\":\"https:\\\/\\\/www.accuratereviews.com\\\/it\\\/gestionale-per-parrucchieri\\\/daysmart-spa-recensione\\\/#primaryimage\",\"url\":\"https:\\\/\\\/www.accuratereviews.com\\\/wp-content\\\/uploads\\\/2024\\\/03\\\/daysmart.png\",\"contentUrl\":\"https:\\\/\\\/www.accuratereviews.com\\\/wp-content\\\/uploads\\\/2024\\\/03\\\/daysmart.png\",\"width\":600,\"height\":315},{\"@type\":\"BreadcrumbList\",\"@id\":\"https:\\\/\\\/www.accuratereviews.com\\\/it\\\/gestionale-per-parrucchieri\\\/daysmart-spa-recensione\\\/#breadcrumb\",\"itemListElement\":[{\"@type\":\"ListItem\",\"position\":1,\"name\":\"Home\",\"item\":\"https:\\\/\\\/www.accuratereviews.com\\\/it\\\/\"},{\"@type\":\"ListItem\",\"position\":2,\"name\":\"Gestionale per parrucchieri\",\"item\":\"https:\\\/\\\/www.accuratereviews.com\\\/it\\\/gestionale-per-parrucchieri\\\/\"},{\"@type\":\"ListItem\",\"position\":3,\"name\":\"DaySmart Spa\"}]},{\"@type\":\"WebSite\",\"@id\":\"https:\\\/\\\/www.accuratereviews.com\\\/it\\\/#website\",\"url\":\"https:\\\/\\\/www.accuratereviews.com\\\/it\\\/\",\"name\":\"Accurate Reviews\",\"description\":\"\",\"potentialAction\":[{\"@type\":\"SearchAction\",\"target\":{\"@type\":\"EntryPoint\",\"urlTemplate\":\"https:\\\/\\\/www.accuratereviews.com\\\/it\\\/?s={search_term_string}\"},\"query-input\":{\"@type\":\"PropertyValueSpecification\",\"valueRequired\":true,\"valueName\":\"search_term_string\"}}],\"inLanguage\":\"it-IT\"}]}<\/script>\n<!-- \/ Yoast SEO plugin. -->","yoast_head_json":{"title":"DaySmart Spa: recensione software gestionale parrucchieri - Accurate Reviews","description":"DaySmart Spa: recensione soluzione di gestione aziendale specializzata per le spa, saloni e operazioni correlate.","robots":{"index":"index","follow":"follow","max-snippet":"max-snippet:-1","max-image-preview":"max-image-preview:large","max-video-preview":"max-video-preview:-1"},"canonical":"https:\/\/www.accuratereviews.com\/it\/gestionale-per-parrucchieri\/daysmart-spa-recensione\/","og_locale":"it_IT","og_type":"article","og_title":"DaySmart Spa: recensione software gestionale parrucchieri - Accurate Reviews","og_description":"DaySmart Spa: recensione soluzione di gestione aziendale specializzata per le spa, saloni e operazioni correlate.","og_url":"https:\/\/www.accuratereviews.com\/it\/gestionale-per-parrucchieri\/daysmart-spa-recensione\/","og_site_name":"Accurate Reviews","article_modified_time":"2024-03-28T09:14:50+00:00","og_image":[{"width":600,"height":315,"url":"https:\/\/www.accuratereviews.com\/wp-content\/uploads\/2024\/03\/daysmart.png","type":"image\/png"}],"twitter_card":"summary_large_image","twitter_misc":{"Tempo di lettura stimato":"4 minuti"},"schema":{"@context":"https:\/\/schema.org","@graph":[{"@type":"WebPage","@id":"https:\/\/www.accuratereviews.com\/it\/gestionale-per-parrucchieri\/daysmart-spa-recensione\/","url":"https:\/\/www.accuratereviews.com\/it\/gestionale-per-parrucchieri\/daysmart-spa-recensione\/","name":"DaySmart Spa: recensione software gestionale parrucchieri - Accurate Reviews","isPartOf":{"@id":"https:\/\/www.accuratereviews.com\/it\/#website"},"primaryImageOfPage":{"@id":"https:\/\/www.accuratereviews.com\/it\/gestionale-per-parrucchieri\/daysmart-spa-recensione\/#primaryimage"},"image":{"@id":"https:\/\/www.accuratereviews.com\/it\/gestionale-per-parrucchieri\/daysmart-spa-recensione\/#primaryimage"},"thumbnailUrl":"https:\/\/www.accuratereviews.com\/wp-content\/uploads\/2024\/03\/daysmart.png","datePublished":"2024-03-27T16:31:26+00:00","dateModified":"2024-03-28T09:14:50+00:00","description":"DaySmart Spa: recensione soluzione di gestione aziendale specializzata per le spa, saloni e operazioni correlate.","breadcrumb":{"@id":"https:\/\/www.accuratereviews.com\/it\/gestionale-per-parrucchieri\/daysmart-spa-recensione\/#breadcrumb"},"inLanguage":"it-IT","potentialAction":[{"@type":"ReadAction","target":["https:\/\/www.accuratereviews.com\/it\/gestionale-per-parrucchieri\/daysmart-spa-recensione\/"]}]},{"@type":"ImageObject","inLanguage":"it-IT","@id":"https:\/\/www.accuratereviews.com\/it\/gestionale-per-parrucchieri\/daysmart-spa-recensione\/#primaryimage","url":"https:\/\/www.accuratereviews.com\/wp-content\/uploads\/2024\/03\/daysmart.png","contentUrl":"https:\/\/www.accuratereviews.com\/wp-content\/uploads\/2024\/03\/daysmart.png","width":600,"height":315},{"@type":"BreadcrumbList","@id":"https:\/\/www.accuratereviews.com\/it\/gestionale-per-parrucchieri\/daysmart-spa-recensione\/#breadcrumb","itemListElement":[{"@type":"ListItem","position":1,"name":"Home","item":"https:\/\/www.accuratereviews.com\/it\/"},{"@type":"ListItem","position":2,"name":"Gestionale per parrucchieri","item":"https:\/\/www.accuratereviews.com\/it\/gestionale-per-parrucchieri\/"},{"@type":"ListItem","position":3,"name":"DaySmart Spa"}]},{"@type":"WebSite","@id":"https:\/\/www.accuratereviews.com\/it\/#website","url":"https:\/\/www.accuratereviews.com\/it\/","name":"Accurate Reviews","description":"","potentialAction":[{"@type":"SearchAction","target":{"@type":"EntryPoint","urlTemplate":"https:\/\/www.accuratereviews.com\/it\/?s={search_term_string}"},"query-input":{"@type":"PropertyValueSpecification","valueRequired":true,"valueName":"search_term_string"}}],"inLanguage":"it-IT"}]}},"_links":{"self":[{"href":"https:\/\/www.accuratereviews.com\/it\/wp-json\/wp\/v2\/pages\/75537","targetHints":{"allow":["GET"]}}],"collection":[{"href":"https:\/\/www.accuratereviews.com\/it\/wp-json\/wp\/v2\/pages"}],"about":[{"href":"https:\/\/www.accuratereviews.com\/it\/wp-json\/wp\/v2\/types\/page"}],"author":[{"embeddable":true,"href":"https:\/\/www.accuratereviews.com\/it\/wp-json\/wp\/v2\/users\/19"}],"replies":[{"embeddable":true,"href":"https:\/\/www.accuratereviews.com\/it\/wp-json\/wp\/v2\/comments?post=75537"}],"version-history":[{"count":11,"href":"https:\/\/www.accuratereviews.com\/it\/wp-json\/wp\/v2\/pages\/75537\/revisions"}],"predecessor-version":[{"id":75591,"href":"https:\/\/www.accuratereviews.com\/it\/wp-json\/wp\/v2\/pages\/75537\/revisions\/75591"}],"up":[{"embeddable":true,"href":"https:\/\/www.accuratereviews.com\/it\/wp-json\/wp\/v2\/pages\/33071"}],"wp:featuredmedia":[{"embeddable":true,"href":"https:\/\/www.accuratereviews.com\/it\/wp-json\/wp\/v2\/media\/75546"}],"wp:attachment":[{"href":"https:\/\/www.accuratereviews.com\/it\/wp-json\/wp\/v2\/media?parent=75537"}],"wp:term":[{"taxonomy":"category","embeddable":true,"href":"https:\/\/www.accuratereviews.com\/it\/wp-json\/wp\/v2\/categories?post=75537"},{"taxonomy":"post_tag","embeddable":true,"href":"https:\/\/www.accuratereviews.com\/it\/wp-json\/wp\/v2\/tags?post=75537"},{"taxonomy":"features","embeddable":true,"href":"https:\/\/www.accuratereviews.com\/it\/wp-json\/wp\/v2\/features?post=75537"}],"curies":[{"name":"wp","href":"https:\/\/api.w.org\/{rel}","templated":true}]}}