{"id":75601,"date":"2024-03-28T10:13:47","date_gmt":"2024-03-28T10:13:47","guid":{"rendered":"https:\/\/www.accuratereviews.com\/?page_id=75601"},"modified":"2024-03-29T10:41:14","modified_gmt":"2024-03-29T10:41:14","slug":"simplero-recensione","status":"publish","type":"page","link":"https:\/\/www.accuratereviews.com\/it\/software-creare-landing-page\/simplero-recensione\/","title":{"rendered":"Simplero"},"content":{"rendered":"<p><strong>Simplero<\/strong> \u00e8 una soluzione completa per la <strong>creazione di landing page<\/strong> e per la gestione di business online, che si distingue per la sua versatilit\u00e0, facilit\u00e0 d&#8217;uso e potenti funzionalit\u00e0 di automazione. \u00c8 progettato per aiutare imprenditori, coach, consulenti e creatori di contenuti a gestire facilmente ogni aspetto del loro business online, inclusi corsi online, marketing via email, vendite di prodotti digitali e altro ancora.<br \/>\n<strong>Simplero<\/strong> offre un&#8217;ampia gamma di strumenti integrati per gestire tutti gli aspetti del business online, inclusi corsi online, email marketing, vendite di prodotti digitali, webinar, membri della community e altro ancora.<\/p>\n<h2>SIMPLERO &#8211; TUTORIAL<\/h2>\n<div id=\"fluid-wrapper-counter-1\" class=\"g1-fluid-wrapper \" style=\"width:686px;\">\n<div style=\"padding-bottom:56.268221574344%;\"><iframe loading=\"lazy\" title=\"How to Automate things in Simplero - Working with emails in automations\" width=\"686\" height=\"386\" src=\"https:\/\/www.youtube.com\/embed\/Rw0lWW6RIKQ?feature=oembed&amp;wmode=transparent&amp;autohide=1&amp;autoplay=0&amp;disablekb=0&amp;fs=1&amp;loop=0&amp;enablejsapi=1&amp;rel=0&amp;controls=2&amp;showinfo=0&amp;wmode=transparent&amp;autohide=2&amp;autoplay=0&amp;disablekb=0&amp;fs=1&amp;loop=0&amp;enablejsapi=1&amp;rel=0&amp;controls=2&amp;showinfo=1\" frameborder=\"0\" allow=\"accelerometer; autoplay; clipboard-write; encrypted-media; gyroscope; picture-in-picture; web-share\" referrerpolicy=\"strict-origin-when-cross-origin\" allowfullscreen><\/iframe><\/div>\n<\/div>\n<h3>SIMPLERO &#8211; CARATTERISTICHE<\/h3>\n<ul>\n<li>Gestione completa del ciclo di vita del cliente<\/li>\n<li>Strumenti avanzati di segmentazione del pubblico<\/li>\n<li>Integrazione con strumenti di pagamento online<\/li>\n<li>Creazione e gestione di corsi online<\/li>\n<li>Dashboard personalizzabili per monitorare le prestazioni del business<\/li>\n<li>Hosting affidabile e sicuro per i dati dei clienti<\/li>\n<li>Automazione dei processi di vendita e marketing<\/li>\n<li>Monitoraggio delle metriche chiave del business<\/li>\n<li>Creazione e gestione di campagne di email marketing<\/li>\n<li>Supporto per la creazione di landing page e siti web professionali<\/li>\n<\/ul>\n<h4>LE RECENSIONI DEGLI UTENTI<\/h4>\n<p><strong>Bente &#8220;Simplero \u00e8 fantastico, ma troppo caro per i miei gusti&#8221;.<\/strong><br \/>\nCommenti: Ottima piattaforma, ottimo supporto, ma troppo costoso.<br \/>\nPro: Il supporto tecnico Ma ho dovuto iscrivermi a una membership con un utente professionale di Simplero per imparare e capire davvero Simplero<br \/>\nContro: Era troppo tecnico per i miei gusti, dato che avevo gi\u00e0 realizzato un sito web su WordPress, prima di acquistare Simplero.<\/p>\n<p><strong>Rebecca &#8220;Tutto ci\u00f2 di cui ho bisogno in un unico posto e un servizio clienti superbo!&#8221;<\/strong><br \/>\nCommenti: Non andrei da nessun&#8217;altra parte!<br \/>\nPro: Tutti gli elementi della mia attivit\u00e0 sono integrati e in un unico luogo.<br \/>\nContro: Poich\u00e9 tutto \u00e8 in un unico posto, ci \u00e8 voluto un po&#8217; di tempo per prendere confidenza con l&#8217;uso, ma il materiale di supporto e l&#8217;assistenza clienti hanno reso l&#8217;operazione agevole.<\/p>\n<p><strong>Julia &#8220;Simplero rende le cose semplici!&#8221;.<\/strong><br \/>\nCommenti: Lo adoro!<br \/>\nPro: Tutto in uno! Prima di Simplero usavo 8 software diversi che erano costosi e richiedevano molto tempo. Ora le cose sono molto pi\u00f9 facili e veloci :)<br \/>\nContro: Sta crescendo rapidamente e ogni tanto ci sono piccoli bug, ma il team \u00e8 molto reattivo.<\/p>\n","protected":false},"excerpt":{"rendered":"<p>Simplero \u00e8 una soluzione completa per la creazione di landing page e per la gestione di business online, che si distingue per la sua versatilit\u00e0, facilit\u00e0 d&#8217;uso e potenti funzionalit\u00e0 di automazione. \u00c8 progettato per aiutare imprenditori, coach, consulenti e creatori di contenuti a gestire facilmente ogni aspetto del loro business online, inclusi corsi online, marketing via email, vendite di prodotti digitali e altro ancora.<\/p>\n","protected":false},"author":17,"featured_media":75603,"parent":58467,"menu_order":0,"comment_status":"open","ping_status":"closed","template":"g1_template_page_review_new.php","meta":{"_acf_changed":false,"cwp_meta_box_check":"No","cwp_rev_product_name":"","cwp_rev_product_image":"","wppr_links":[],"cwp_rev_price":"","wppr_options":[],"wppr_pros":[],"wppr_cons":[],"_monsterinsights_skip_tracking":false,"_monsterinsights_sitenote_active":false,"_monsterinsights_sitenote_note":"","_monsterinsights_sitenote_category":0,"footnotes":""},"categories":[12754],"tags":[12813,12756,12758],"features":[],"class_list":{"0":"post-75601","1":"page","2":"type-page","3":"status-publish","4":"has-post-thumbnail","6":"category-software-per-creare-landing-page-cat","7":"tag-programma-creazione-landing-page","8":"tag-software-per-creare-landing-page","9":"tag-soluzione-per-creare-landing-page"},"wppr_data":{"cwp_meta_box_check":"No"},"acf":[],"yoast_head":"<!-- This site is optimized with the Yoast SEO plugin v27.4 - https:\/\/yoast.com\/product\/yoast-seo-wordpress\/ -->\n<title>Simplero: recensione software creazione landing page - Accurate Reviews<\/title>\n<meta name=\"description\" content=\"Simplero: software per la creazione di landing page che si distingue per la sua versatilit\u00e0, facilit\u00e0 d&#039;uso e funzionalit\u00e0 di automazione.\" \/>\n<meta name=\"robots\" content=\"index, follow, max-snippet:-1, max-image-preview:large, max-video-preview:-1\" \/>\n<link rel=\"canonical\" href=\"https:\/\/www.accuratereviews.com\/it\/software-creare-landing-page\/simplero-recensione\/\" \/>\n<meta property=\"og:locale\" content=\"it_IT\" \/>\n<meta property=\"og:type\" content=\"article\" \/>\n<meta property=\"og:title\" content=\"Simplero: recensione software creazione landing page - Accurate Reviews\" \/>\n<meta property=\"og:description\" content=\"Simplero: software per la creazione di landing page che si distingue per la sua versatilit\u00e0, facilit\u00e0 d&#039;uso e funzionalit\u00e0 di automazione.\" \/>\n<meta property=\"og:url\" content=\"https:\/\/www.accuratereviews.com\/it\/software-creare-landing-page\/simplero-recensione\/\" \/>\n<meta property=\"og:site_name\" content=\"Accurate Reviews\" \/>\n<meta property=\"article:modified_time\" content=\"2024-03-29T10:41:14+00:00\" \/>\n<meta property=\"og:image\" content=\"https:\/\/www.accuratereviews.com\/wp-content\/uploads\/2024\/03\/simplero.png\" \/>\n\t<meta property=\"og:image:width\" content=\"600\" \/>\n\t<meta property=\"og:image:height\" content=\"315\" \/>\n\t<meta property=\"og:image:type\" content=\"image\/png\" \/>\n<meta name=\"twitter:card\" content=\"summary_large_image\" \/>\n<meta name=\"twitter:label1\" content=\"Tempo di lettura stimato\" \/>\n\t<meta name=\"twitter:data1\" content=\"4 minuti\" \/>\n<script type=\"application\/ld+json\" class=\"yoast-schema-graph\">{\"@context\":\"https:\\\/\\\/schema.org\",\"@graph\":[{\"@type\":\"WebPage\",\"@id\":\"https:\\\/\\\/www.accuratereviews.com\\\/it\\\/software-creare-landing-page\\\/simplero-recensione\\\/\",\"url\":\"https:\\\/\\\/www.accuratereviews.com\\\/it\\\/software-creare-landing-page\\\/simplero-recensione\\\/\",\"name\":\"Simplero: recensione software creazione landing page - Accurate Reviews\",\"isPartOf\":{\"@id\":\"https:\\\/\\\/www.accuratereviews.com\\\/it\\\/#website\"},\"primaryImageOfPage\":{\"@id\":\"https:\\\/\\\/www.accuratereviews.com\\\/it\\\/software-creare-landing-page\\\/simplero-recensione\\\/#primaryimage\"},\"image\":{\"@id\":\"https:\\\/\\\/www.accuratereviews.com\\\/it\\\/software-creare-landing-page\\\/simplero-recensione\\\/#primaryimage\"},\"thumbnailUrl\":\"https:\\\/\\\/www.accuratereviews.com\\\/wp-content\\\/uploads\\\/2024\\\/03\\\/simplero.png\",\"datePublished\":\"2024-03-28T10:13:47+00:00\",\"dateModified\":\"2024-03-29T10:41:14+00:00\",\"description\":\"Simplero: software per la creazione di landing page che si distingue per la sua versatilit\u00e0, facilit\u00e0 d'uso e funzionalit\u00e0 di automazione.\",\"breadcrumb\":{\"@id\":\"https:\\\/\\\/www.accuratereviews.com\\\/it\\\/software-creare-landing-page\\\/simplero-recensione\\\/#breadcrumb\"},\"inLanguage\":\"it-IT\",\"potentialAction\":[{\"@type\":\"ReadAction\",\"target\":[\"https:\\\/\\\/www.accuratereviews.com\\\/it\\\/software-creare-landing-page\\\/simplero-recensione\\\/\"]}]},{\"@type\":\"ImageObject\",\"inLanguage\":\"it-IT\",\"@id\":\"https:\\\/\\\/www.accuratereviews.com\\\/it\\\/software-creare-landing-page\\\/simplero-recensione\\\/#primaryimage\",\"url\":\"https:\\\/\\\/www.accuratereviews.com\\\/wp-content\\\/uploads\\\/2024\\\/03\\\/simplero.png\",\"contentUrl\":\"https:\\\/\\\/www.accuratereviews.com\\\/wp-content\\\/uploads\\\/2024\\\/03\\\/simplero.png\",\"width\":600,\"height\":315},{\"@type\":\"BreadcrumbList\",\"@id\":\"https:\\\/\\\/www.accuratereviews.com\\\/it\\\/software-creare-landing-page\\\/simplero-recensione\\\/#breadcrumb\",\"itemListElement\":[{\"@type\":\"ListItem\",\"position\":1,\"name\":\"Home\",\"item\":\"https:\\\/\\\/www.accuratereviews.com\\\/it\\\/\"},{\"@type\":\"ListItem\",\"position\":2,\"name\":\"Software per creare landing page\",\"item\":\"https:\\\/\\\/www.accuratereviews.com\\\/it\\\/software-creare-landing-page\\\/\"},{\"@type\":\"ListItem\",\"position\":3,\"name\":\"Simplero\"}]},{\"@type\":\"WebSite\",\"@id\":\"https:\\\/\\\/www.accuratereviews.com\\\/it\\\/#website\",\"url\":\"https:\\\/\\\/www.accuratereviews.com\\\/it\\\/\",\"name\":\"Accurate Reviews\",\"description\":\"\",\"potentialAction\":[{\"@type\":\"SearchAction\",\"target\":{\"@type\":\"EntryPoint\",\"urlTemplate\":\"https:\\\/\\\/www.accuratereviews.com\\\/it\\\/?s={search_term_string}\"},\"query-input\":{\"@type\":\"PropertyValueSpecification\",\"valueRequired\":true,\"valueName\":\"search_term_string\"}}],\"inLanguage\":\"it-IT\"}]}<\/script>\n<!-- \/ Yoast SEO plugin. -->","yoast_head_json":{"title":"Simplero: recensione software creazione landing page - Accurate Reviews","description":"Simplero: software per la creazione di landing page che si distingue per la sua versatilit\u00e0, facilit\u00e0 d'uso e funzionalit\u00e0 di automazione.","robots":{"index":"index","follow":"follow","max-snippet":"max-snippet:-1","max-image-preview":"max-image-preview:large","max-video-preview":"max-video-preview:-1"},"canonical":"https:\/\/www.accuratereviews.com\/it\/software-creare-landing-page\/simplero-recensione\/","og_locale":"it_IT","og_type":"article","og_title":"Simplero: recensione software creazione landing page - Accurate Reviews","og_description":"Simplero: software per la creazione di landing page che si distingue per la sua versatilit\u00e0, facilit\u00e0 d'uso e funzionalit\u00e0 di automazione.","og_url":"https:\/\/www.accuratereviews.com\/it\/software-creare-landing-page\/simplero-recensione\/","og_site_name":"Accurate Reviews","article_modified_time":"2024-03-29T10:41:14+00:00","og_image":[{"width":600,"height":315,"url":"https:\/\/www.accuratereviews.com\/wp-content\/uploads\/2024\/03\/simplero.png","type":"image\/png"}],"twitter_card":"summary_large_image","twitter_misc":{"Tempo di lettura stimato":"4 minuti"},"schema":{"@context":"https:\/\/schema.org","@graph":[{"@type":"WebPage","@id":"https:\/\/www.accuratereviews.com\/it\/software-creare-landing-page\/simplero-recensione\/","url":"https:\/\/www.accuratereviews.com\/it\/software-creare-landing-page\/simplero-recensione\/","name":"Simplero: recensione software creazione landing page - Accurate Reviews","isPartOf":{"@id":"https:\/\/www.accuratereviews.com\/it\/#website"},"primaryImageOfPage":{"@id":"https:\/\/www.accuratereviews.com\/it\/software-creare-landing-page\/simplero-recensione\/#primaryimage"},"image":{"@id":"https:\/\/www.accuratereviews.com\/it\/software-creare-landing-page\/simplero-recensione\/#primaryimage"},"thumbnailUrl":"https:\/\/www.accuratereviews.com\/wp-content\/uploads\/2024\/03\/simplero.png","datePublished":"2024-03-28T10:13:47+00:00","dateModified":"2024-03-29T10:41:14+00:00","description":"Simplero: software per la creazione di landing page che si distingue per la sua versatilit\u00e0, facilit\u00e0 d'uso e funzionalit\u00e0 di automazione.","breadcrumb":{"@id":"https:\/\/www.accuratereviews.com\/it\/software-creare-landing-page\/simplero-recensione\/#breadcrumb"},"inLanguage":"it-IT","potentialAction":[{"@type":"ReadAction","target":["https:\/\/www.accuratereviews.com\/it\/software-creare-landing-page\/simplero-recensione\/"]}]},{"@type":"ImageObject","inLanguage":"it-IT","@id":"https:\/\/www.accuratereviews.com\/it\/software-creare-landing-page\/simplero-recensione\/#primaryimage","url":"https:\/\/www.accuratereviews.com\/wp-content\/uploads\/2024\/03\/simplero.png","contentUrl":"https:\/\/www.accuratereviews.com\/wp-content\/uploads\/2024\/03\/simplero.png","width":600,"height":315},{"@type":"BreadcrumbList","@id":"https:\/\/www.accuratereviews.com\/it\/software-creare-landing-page\/simplero-recensione\/#breadcrumb","itemListElement":[{"@type":"ListItem","position":1,"name":"Home","item":"https:\/\/www.accuratereviews.com\/it\/"},{"@type":"ListItem","position":2,"name":"Software per creare landing page","item":"https:\/\/www.accuratereviews.com\/it\/software-creare-landing-page\/"},{"@type":"ListItem","position":3,"name":"Simplero"}]},{"@type":"WebSite","@id":"https:\/\/www.accuratereviews.com\/it\/#website","url":"https:\/\/www.accuratereviews.com\/it\/","name":"Accurate Reviews","description":"","potentialAction":[{"@type":"SearchAction","target":{"@type":"EntryPoint","urlTemplate":"https:\/\/www.accuratereviews.com\/it\/?s={search_term_string}"},"query-input":{"@type":"PropertyValueSpecification","valueRequired":true,"valueName":"search_term_string"}}],"inLanguage":"it-IT"}]}},"_links":{"self":[{"href":"https:\/\/www.accuratereviews.com\/it\/wp-json\/wp\/v2\/pages\/75601","targetHints":{"allow":["GET"]}}],"collection":[{"href":"https:\/\/www.accuratereviews.com\/it\/wp-json\/wp\/v2\/pages"}],"about":[{"href":"https:\/\/www.accuratereviews.com\/it\/wp-json\/wp\/v2\/types\/page"}],"author":[{"embeddable":true,"href":"https:\/\/www.accuratereviews.com\/it\/wp-json\/wp\/v2\/users\/17"}],"replies":[{"embeddable":true,"href":"https:\/\/www.accuratereviews.com\/it\/wp-json\/wp\/v2\/comments?post=75601"}],"version-history":[{"count":4,"href":"https:\/\/www.accuratereviews.com\/it\/wp-json\/wp\/v2\/pages\/75601\/revisions"}],"predecessor-version":[{"id":75780,"href":"https:\/\/www.accuratereviews.com\/it\/wp-json\/wp\/v2\/pages\/75601\/revisions\/75780"}],"up":[{"embeddable":true,"href":"https:\/\/www.accuratereviews.com\/it\/wp-json\/wp\/v2\/pages\/58467"}],"wp:featuredmedia":[{"embeddable":true,"href":"https:\/\/www.accuratereviews.com\/it\/wp-json\/wp\/v2\/media\/75603"}],"wp:attachment":[{"href":"https:\/\/www.accuratereviews.com\/it\/wp-json\/wp\/v2\/media?parent=75601"}],"wp:term":[{"taxonomy":"category","embeddable":true,"href":"https:\/\/www.accuratereviews.com\/it\/wp-json\/wp\/v2\/categories?post=75601"},{"taxonomy":"post_tag","embeddable":true,"href":"https:\/\/www.accuratereviews.com\/it\/wp-json\/wp\/v2\/tags?post=75601"},{"taxonomy":"features","embeddable":true,"href":"https:\/\/www.accuratereviews.com\/it\/wp-json\/wp\/v2\/features?post=75601"}],"curies":[{"name":"wp","href":"https:\/\/api.w.org\/{rel}","templated":true}]}}