{"id":7567,"date":"2017-01-25T11:01:49","date_gmt":"2017-01-25T11:01:49","guid":{"rendered":"http:\/\/www.accuratereviews.com\/?page_id=7567\/"},"modified":"2017-01-25T14:08:50","modified_gmt":"2017-01-25T14:08:50","slug":"bb-flashback","status":"publish","type":"page","link":"https:\/\/www.accuratereviews.com\/it\/video-editing-lista-software\/bb-flashback\/","title":{"rendered":"BB FlashBack"},"content":{"rendered":"<p><img loading=\"lazy\" decoding=\"async\" class=\"alignnone size-full wp-image-717\" src=\"http:\/\/www.accuratereviews.com\/wp-content\/uploads\/2015\/06\/bb-flashback-35.png\" alt=\"bb-flashback-35\" width=\"480\" height=\"330\" srcset=\"https:\/\/www.accuratereviews.com\/wp-content\/uploads\/2015\/06\/bb-flashback-35.png 480w, https:\/\/www.accuratereviews.com\/wp-content\/uploads\/2015\/06\/bb-flashback-35-300x206.png 300w, https:\/\/www.accuratereviews.com\/wp-content\/uploads\/2015\/06\/bb-flashback-35-320x220.png 320w, https:\/\/www.accuratereviews.com\/wp-content\/uploads\/2015\/06\/bb-flashback-35-239x164.png 239w\" sizes=\"auto, (max-width: 480px) 100vw, 480px\" \/><\/p>\n<p><strong>BB FlashBack potrebbe essere la scelta giusta se state cercando un software di video editing in grado di realizzare un breve screencast<\/strong>, ma al programma mancano tante funzioni che uno strumento serio dovrebbe avere.<\/p>\n<h2>Usabilit\u00e0<\/h2>\n<p>Se avete mai usato un software per il montaggio video, <strong>riconoscerete nell\u2019interfaccia di BB FlashBack una composizione piuttosto standard<\/strong>: sulla pannello di sinistra effetti, titoli e altro; il pannello destro mostra il video che state ottenendo; in basso la timeline del vostro video. \u00c8 un miglioramento notevole dalle versioni precedenti, perch\u00e9 BB prima aveva la timeline sulla parte superiore dello schermo (ed era piuttosto inutile). <strong>FlashBack mostra tutte le funzioni che vi potrebbero servire in primo piano<\/strong>, cercando di minimizzare il tempo che potreste sprecare nel cercare lo strumento giusto al momento giusto, e questa scelta paga. Come gi\u00e0 Camtasia Studio Pro, <strong>BB FlashBack \u00e8 di fatto due distinti prodotti, uno per la registrazione dello schermo<\/strong> (con opzioni specifiche a seconda delle necessit\u00e0) <strong>e la parte di montaggio<\/strong>. Per fortuna Blueberry Software ha aggiornato il sito web, che fino all\u2019anno scorso era un drammatico promemoria dei siti di dieci anni fa, e influiva in maniera negativa sulla percezione del software.<\/p>\n<h2>Funzioni<\/h2>\n<p>Per quel che riguada la facilit\u00e0 d\u2019uso, BB <strong>FlashBack \u00e8 in competizione diretta con Camtasia come screen recorder di fiducia<\/strong>. Potete selezionare l\u2019intero schermo o, se vi interessa, una finestra soltanto, o un\u2019area che selezionerete. Sono disponibili degli strumenti per amplificare alcune aree di registrazione, o rendere pi\u00f9 fluido il movimento del cursore (se l\u2019avete mosso freneticamente, questa funzione pu\u00f2 salvare il vostro screencast). Come software per montare video, <strong>BB FlashBack ha un editor di precisione fotogramma per fotogramma che ci \u00e8 piaciuto molto<\/strong>: potete lavorare con la precisione del singolo frame, ed \u00e8 una funzione molto potente. A parte questo, per\u00f2, <strong>BB FlashBack \u00e8 piuttosto indietro a livello di strumenti di editing rispetto altri software<\/strong> (come per esempio Camtasia, per dirne uno). Per esempio: avete la possibilit\u00e0 di mettere clip audio o video su una traccia sola, senza poterle sovrapporre per vedere i diversi risultati, cosa piuttosto sconcertante. <strong>Scarseggia anche a livello di transizioni<\/strong>, rispetto ad altri software pi\u00f9 ricchi di scelte. Per\u00f2 BB FlashBack possiede altre funzioni che potrebbero aiutarvi, come la protezione dei video attraverso una password, testi interattivi, la possibilit\u00e0 di localizzare i testi con facilit\u00e0, e altro ancora.<\/p>\n<h2>Supporto<\/h2>\n<p><strong>Il supporto di BB FlashBack comprende una sezione di domande frequenti<\/strong> (piuttosto esaustive), e video tutorial per spiegare come usare il software. Tutte cose abbastanza comuni, ma <strong>mostrate in una maniera molto chiara e comprensibile<\/strong> che abbiamo apprezzato molto. I video tutorial sono pensati per mostrarvi l\u2019utilizzo del software e tutte le sue caratteristiche (i testi interattivi abbondano), che \u00e8 una cosa molto intelligente anche se hanno perso un po\u2019 il controllo.<\/p>\n<h2>Prezzo<\/h2>\n<p><strong>BB FlashBack \u00e8 disponibile in tre versioni: Express, Standard, Pro<\/strong>. Non fa molto altro che lo screen recording, nella versione Express, ma <strong>se avete bisogno di condividere un veloce screencast pu\u00f2 essere sufficiente<\/strong> (lo potete caricare direttamente su YouTube oppure esportarlo in AVI o Flash). La versione Standard aggiunge un po\u2019 di funzioni, soprattutto alla voce \u201cesportare\u201d e \u201cannotare\u201d, ma se avete bisogno di un software di video editing vero e proprio dovrete comprare la versione Pro. <strong>Costa molto meno di Camtasia<\/strong>, quindi se avete un budget ristretto potrebbe fare al caso vostro. Date una bella occhiata alla lista di funzionalit\u00e0 per trovare quello che vi serve tra le tre edizioni, per non fare errori.<\/p>\n","protected":false},"excerpt":{"rendered":"<p>BB FlashBack potrebbe essere la scelta giusta se state cercando un software di video editing in grado di realizzare un breve screencast, ma al programma mancano tante funzioni che uno strumento serio dovrebbe avere.<\/p>\n","protected":false},"author":16,"featured_media":0,"parent":7571,"menu_order":4,"comment_status":"open","ping_status":"closed","template":"g1_template_page_review_new.php","meta":{"_acf_changed":false,"cwp_meta_box_check":"Yes","cwp_rev_product_name":"BB FlashBack Express","cwp_rev_product_image":"http:\/\/www.accuratereviews.com\/wp-content\/uploads\/2015\/06\/FBBox-Name2.jpg","wppr_links":[],"cwp_rev_price":"","wppr_options":[],"wppr_pros":[],"wppr_cons":[],"_monsterinsights_skip_tracking":false,"_monsterinsights_sitenote_active":false,"_monsterinsights_sitenote_note":"","_monsterinsights_sitenote_category":0,"footnotes":""},"categories":[169],"tags":[],"features":[],"class_list":{"0":"post-7567","1":"page","2":"type-page","3":"status-publish","5":"category-video-editing-software-it"},"wppr_data":{"cwp_meta_box_check":"Yes","cwp_rev_product_name":"BB FlashBack Express","cwp_rev_product_image":"http:\/\/www.accuratereviews.com\/wp-content\/uploads\/2015\/06\/FBBox-Name2.jpg","cwp_image_link":"image","cwp_rev_price":"","wppr_rating":"0.00"},"acf":[],"yoast_head":"<!-- This site is optimized with the Yoast SEO plugin v27.4 - https:\/\/yoast.com\/product\/yoast-seo-wordpress\/ -->\n<title>BB FlashBack recensione miglior software per lo screencast | Accurate Reviews<\/title>\n<meta name=\"description\" content=\"BB FlashBack \u00e8 un software essenziale per uno screencast, mentre difetta di funzioni serie per il video editing: vale comunque la pena dargli un&#039;occhiata.\" \/>\n<meta name=\"robots\" content=\"index, follow, max-snippet:-1, max-image-preview:large, max-video-preview:-1\" \/>\n<link rel=\"canonical\" href=\"https:\/\/www.accuratereviews.com\/it\/video-editing-lista-software\/bb-flashback\/\" \/>\n<meta property=\"og:locale\" content=\"it_IT\" \/>\n<meta property=\"og:type\" content=\"article\" \/>\n<meta property=\"og:title\" content=\"BB FlashBack recensione miglior software per lo screencast | Accurate Reviews\" \/>\n<meta property=\"og:description\" content=\"BB FlashBack \u00e8 un software essenziale per uno screencast, mentre difetta di funzioni serie per il video editing: vale comunque la pena dargli un&#039;occhiata.\" \/>\n<meta property=\"og:url\" content=\"https:\/\/www.accuratereviews.com\/it\/video-editing-lista-software\/bb-flashback\/\" \/>\n<meta property=\"og:site_name\" content=\"Accurate Reviews\" \/>\n<meta property=\"article:modified_time\" content=\"2017-01-25T14:08:50+00:00\" \/>\n<meta property=\"og:image\" content=\"http:\/\/www.accuratereviews.com\/wp-content\/uploads\/2015\/06\/bb-flashback-35.png\" \/>\n<meta name=\"twitter:card\" content=\"summary_large_image\" \/>\n<meta name=\"twitter:label1\" content=\"Tempo di lettura stimato\" \/>\n\t<meta name=\"twitter:data1\" content=\"3 minuti\" \/>\n<script type=\"application\/ld+json\" class=\"yoast-schema-graph\">{\"@context\":\"https:\\\/\\\/schema.org\",\"@graph\":[{\"@type\":\"WebPage\",\"@id\":\"https:\\\/\\\/www.accuratereviews.com\\\/it\\\/video-editing-lista-software\\\/bb-flashback\\\/\",\"url\":\"https:\\\/\\\/www.accuratereviews.com\\\/it\\\/video-editing-lista-software\\\/bb-flashback\\\/\",\"name\":\"BB FlashBack recensione miglior software per lo screencast | Accurate Reviews\",\"isPartOf\":{\"@id\":\"https:\\\/\\\/www.accuratereviews.com\\\/it\\\/#website\"},\"primaryImageOfPage\":{\"@id\":\"https:\\\/\\\/www.accuratereviews.com\\\/it\\\/video-editing-lista-software\\\/bb-flashback\\\/#primaryimage\"},\"image\":{\"@id\":\"https:\\\/\\\/www.accuratereviews.com\\\/it\\\/video-editing-lista-software\\\/bb-flashback\\\/#primaryimage\"},\"thumbnailUrl\":\"http:\\\/\\\/www.accuratereviews.com\\\/wp-content\\\/uploads\\\/2015\\\/06\\\/bb-flashback-35.png\",\"datePublished\":\"2017-01-25T11:01:49+00:00\",\"dateModified\":\"2017-01-25T14:08:50+00:00\",\"description\":\"BB FlashBack \u00e8 un software essenziale per uno screencast, mentre difetta di funzioni serie per il video editing: vale comunque la pena dargli un'occhiata.\",\"breadcrumb\":{\"@id\":\"https:\\\/\\\/www.accuratereviews.com\\\/it\\\/video-editing-lista-software\\\/bb-flashback\\\/#breadcrumb\"},\"inLanguage\":\"it-IT\",\"potentialAction\":[{\"@type\":\"ReadAction\",\"target\":[\"https:\\\/\\\/www.accuratereviews.com\\\/it\\\/video-editing-lista-software\\\/bb-flashback\\\/\"]}]},{\"@type\":\"ImageObject\",\"inLanguage\":\"it-IT\",\"@id\":\"https:\\\/\\\/www.accuratereviews.com\\\/it\\\/video-editing-lista-software\\\/bb-flashback\\\/#primaryimage\",\"url\":\"http:\\\/\\\/www.accuratereviews.com\\\/wp-content\\\/uploads\\\/2015\\\/06\\\/bb-flashback-35.png\",\"contentUrl\":\"http:\\\/\\\/www.accuratereviews.com\\\/wp-content\\\/uploads\\\/2015\\\/06\\\/bb-flashback-35.png\"},{\"@type\":\"BreadcrumbList\",\"@id\":\"https:\\\/\\\/www.accuratereviews.com\\\/it\\\/video-editing-lista-software\\\/bb-flashback\\\/#breadcrumb\",\"itemListElement\":[{\"@type\":\"ListItem\",\"position\":1,\"name\":\"Home\",\"item\":\"https:\\\/\\\/www.accuratereviews.com\\\/it\\\/\"},{\"@type\":\"ListItem\",\"position\":2,\"name\":\"Software per il video editing\",\"item\":\"https:\\\/\\\/www.accuratereviews.com\\\/it\\\/video-editing-lista-software\\\/\"},{\"@type\":\"ListItem\",\"position\":3,\"name\":\"BB FlashBack\"}]},{\"@type\":\"WebSite\",\"@id\":\"https:\\\/\\\/www.accuratereviews.com\\\/it\\\/#website\",\"url\":\"https:\\\/\\\/www.accuratereviews.com\\\/it\\\/\",\"name\":\"Accurate Reviews\",\"description\":\"\",\"potentialAction\":[{\"@type\":\"SearchAction\",\"target\":{\"@type\":\"EntryPoint\",\"urlTemplate\":\"https:\\\/\\\/www.accuratereviews.com\\\/it\\\/?s={search_term_string}\"},\"query-input\":{\"@type\":\"PropertyValueSpecification\",\"valueRequired\":true,\"valueName\":\"search_term_string\"}}],\"inLanguage\":\"it-IT\"}]}<\/script>\n<!-- \/ Yoast SEO plugin. -->","yoast_head_json":{"title":"BB FlashBack recensione miglior software per lo screencast | Accurate Reviews","description":"BB FlashBack \u00e8 un software essenziale per uno screencast, mentre difetta di funzioni serie per il video editing: vale comunque la pena dargli un'occhiata.","robots":{"index":"index","follow":"follow","max-snippet":"max-snippet:-1","max-image-preview":"max-image-preview:large","max-video-preview":"max-video-preview:-1"},"canonical":"https:\/\/www.accuratereviews.com\/it\/video-editing-lista-software\/bb-flashback\/","og_locale":"it_IT","og_type":"article","og_title":"BB FlashBack recensione miglior software per lo screencast | Accurate Reviews","og_description":"BB FlashBack \u00e8 un software essenziale per uno screencast, mentre difetta di funzioni serie per il video editing: vale comunque la pena dargli un'occhiata.","og_url":"https:\/\/www.accuratereviews.com\/it\/video-editing-lista-software\/bb-flashback\/","og_site_name":"Accurate Reviews","article_modified_time":"2017-01-25T14:08:50+00:00","og_image":[{"url":"http:\/\/www.accuratereviews.com\/wp-content\/uploads\/2015\/06\/bb-flashback-35.png","type":"","width":"","height":""}],"twitter_card":"summary_large_image","twitter_misc":{"Tempo di lettura stimato":"3 minuti"},"schema":{"@context":"https:\/\/schema.org","@graph":[{"@type":"WebPage","@id":"https:\/\/www.accuratereviews.com\/it\/video-editing-lista-software\/bb-flashback\/","url":"https:\/\/www.accuratereviews.com\/it\/video-editing-lista-software\/bb-flashback\/","name":"BB FlashBack recensione miglior software per lo screencast | Accurate Reviews","isPartOf":{"@id":"https:\/\/www.accuratereviews.com\/it\/#website"},"primaryImageOfPage":{"@id":"https:\/\/www.accuratereviews.com\/it\/video-editing-lista-software\/bb-flashback\/#primaryimage"},"image":{"@id":"https:\/\/www.accuratereviews.com\/it\/video-editing-lista-software\/bb-flashback\/#primaryimage"},"thumbnailUrl":"http:\/\/www.accuratereviews.com\/wp-content\/uploads\/2015\/06\/bb-flashback-35.png","datePublished":"2017-01-25T11:01:49+00:00","dateModified":"2017-01-25T14:08:50+00:00","description":"BB FlashBack \u00e8 un software essenziale per uno screencast, mentre difetta di funzioni serie per il video editing: vale comunque la pena dargli un'occhiata.","breadcrumb":{"@id":"https:\/\/www.accuratereviews.com\/it\/video-editing-lista-software\/bb-flashback\/#breadcrumb"},"inLanguage":"it-IT","potentialAction":[{"@type":"ReadAction","target":["https:\/\/www.accuratereviews.com\/it\/video-editing-lista-software\/bb-flashback\/"]}]},{"@type":"ImageObject","inLanguage":"it-IT","@id":"https:\/\/www.accuratereviews.com\/it\/video-editing-lista-software\/bb-flashback\/#primaryimage","url":"http:\/\/www.accuratereviews.com\/wp-content\/uploads\/2015\/06\/bb-flashback-35.png","contentUrl":"http:\/\/www.accuratereviews.com\/wp-content\/uploads\/2015\/06\/bb-flashback-35.png"},{"@type":"BreadcrumbList","@id":"https:\/\/www.accuratereviews.com\/it\/video-editing-lista-software\/bb-flashback\/#breadcrumb","itemListElement":[{"@type":"ListItem","position":1,"name":"Home","item":"https:\/\/www.accuratereviews.com\/it\/"},{"@type":"ListItem","position":2,"name":"Software per il video editing","item":"https:\/\/www.accuratereviews.com\/it\/video-editing-lista-software\/"},{"@type":"ListItem","position":3,"name":"BB FlashBack"}]},{"@type":"WebSite","@id":"https:\/\/www.accuratereviews.com\/it\/#website","url":"https:\/\/www.accuratereviews.com\/it\/","name":"Accurate Reviews","description":"","potentialAction":[{"@type":"SearchAction","target":{"@type":"EntryPoint","urlTemplate":"https:\/\/www.accuratereviews.com\/it\/?s={search_term_string}"},"query-input":{"@type":"PropertyValueSpecification","valueRequired":true,"valueName":"search_term_string"}}],"inLanguage":"it-IT"}]}},"_links":{"self":[{"href":"https:\/\/www.accuratereviews.com\/it\/wp-json\/wp\/v2\/pages\/7567","targetHints":{"allow":["GET"]}}],"collection":[{"href":"https:\/\/www.accuratereviews.com\/it\/wp-json\/wp\/v2\/pages"}],"about":[{"href":"https:\/\/www.accuratereviews.com\/it\/wp-json\/wp\/v2\/types\/page"}],"author":[{"embeddable":true,"href":"https:\/\/www.accuratereviews.com\/it\/wp-json\/wp\/v2\/users\/16"}],"replies":[{"embeddable":true,"href":"https:\/\/www.accuratereviews.com\/it\/wp-json\/wp\/v2\/comments?post=7567"}],"version-history":[{"count":4,"href":"https:\/\/www.accuratereviews.com\/it\/wp-json\/wp\/v2\/pages\/7567\/revisions"}],"predecessor-version":[{"id":7582,"href":"https:\/\/www.accuratereviews.com\/it\/wp-json\/wp\/v2\/pages\/7567\/revisions\/7582"}],"up":[{"embeddable":true,"href":"https:\/\/www.accuratereviews.com\/it\/wp-json\/wp\/v2\/pages\/7571"}],"wp:attachment":[{"href":"https:\/\/www.accuratereviews.com\/it\/wp-json\/wp\/v2\/media?parent=7567"}],"wp:term":[{"taxonomy":"category","embeddable":true,"href":"https:\/\/www.accuratereviews.com\/it\/wp-json\/wp\/v2\/categories?post=7567"},{"taxonomy":"post_tag","embeddable":true,"href":"https:\/\/www.accuratereviews.com\/it\/wp-json\/wp\/v2\/tags?post=7567"},{"taxonomy":"features","embeddable":true,"href":"https:\/\/www.accuratereviews.com\/it\/wp-json\/wp\/v2\/features?post=7567"}],"curies":[{"name":"wp","href":"https:\/\/api.w.org\/{rel}","templated":true}]}}