{"id":75695,"date":"2024-04-02T18:45:31","date_gmt":"2024-04-02T18:45:31","guid":{"rendered":"https:\/\/www.accuratereviews.com\/?page_id=75695"},"modified":"2024-04-03T10:12:49","modified_gmt":"2024-04-03T10:12:49","slug":"bookeo-recensione","status":"publish","type":"page","link":"https:\/\/www.accuratereviews.com\/it\/gestionale-per-parrucchieri\/bookeo-recensione\/","title":{"rendered":"Bookeo"},"content":{"rendered":"<p><strong>Bookeo<\/strong> \u00e8 una<strong> soluzione di prenotazione<\/strong>\u00a0basata su <strong>cloud<\/strong> che include funzionalit\u00e0 come: calendario degli appuntamenti, database clienti, gestione pagamenti, pianificazione online e strumenti di marketing. Consente, inoltre, agli utenti di personalizzare i propri widget di prenotazione, tenere traccia delle prenotazioni, inviare notifiche via email e sms, gestire i carrelli di prenotazione, pianificare attivit\u00e0, mantenere un database dei clienti e generare report avanzati.<br \/>\n<strong>Bookeo<\/strong> aiuta gli utenti a gestire il proprio flusso di lavoro e ad analizzare le prestazioni aziendali. Offre integrazione con portali di pagamento, calendari, siti web di acquisti e applicazioni per la creazione di siti web. Alcuni di questi includono: Stripe, Authorize.net, PayPal, Sage Pay, Google Sites, Tumblr, WordPress, Xero, QuickBooks, Shopify, Google Calendar, iCal, Office 365 e Outlook.<\/p>\n<h2>BOOKEO &#8211; TUTORIAL<\/h2>\n<div id=\"fluid-wrapper-counter-1\" class=\"g1-fluid-wrapper \" style=\"width:686px;\">\n<div style=\"padding-bottom:56.268221574344%;\"><iframe loading=\"lazy\" title=\"Bookeo training video\" width=\"686\" height=\"386\" src=\"https:\/\/www.youtube.com\/embed\/LqyLu0omY0g?feature=oembed&amp;wmode=transparent&amp;autohide=1&amp;autoplay=0&amp;disablekb=0&amp;fs=1&amp;loop=0&amp;enablejsapi=1&amp;rel=0&amp;controls=2&amp;showinfo=0&amp;wmode=transparent&amp;autohide=2&amp;autoplay=0&amp;disablekb=0&amp;fs=1&amp;loop=0&amp;enablejsapi=1&amp;rel=0&amp;controls=2&amp;showinfo=1\" frameborder=\"0\" allow=\"accelerometer; autoplay; clipboard-write; encrypted-media; gyroscope; picture-in-picture; web-share\" referrerpolicy=\"strict-origin-when-cross-origin\" allowfullscreen><\/iframe><\/div>\n<\/div>\n<h3>BOOKEO &#8211; CARATTERISTICHE<\/h3>\n<ul>\n<li><strong>Accesso 24 ore su 24, 7 giorni su 7, per te e per il tuo staff<\/strong>: accedi alla tua agenda web dovunque e in qualsiasi momento. Verifica la dolorettizzazione dei tuoi appuntamenti, i turni delle sessioni e i pagamenti aggiornati in tempo reale. Configura facilmente le informazioni che ciascun membro dello staff pu\u00f2 vedere.<\/li>\n<li><strong>Passa a un sistema di prenotazione mobile<\/strong>: visualizza e gestisci la tua agenda web degli appuntamenti da qualsiasi dispositivo mobile. Non c&#8217;\u00e8 bisogno di scaricare un&#8217;altra appo \u00a0ottimizza automaticamente la visualizzazione in base alla forma e alle dimensioni dello schermo di qualunque dispositivo, tuo o dei tuoi clienti.<\/li>\n<li><strong>Invia notifiche e promemoria automatici:<\/strong> invia un&#8217;email automatica di conferma delle prenotazioni ai tuoi clienti. Inoltre, ti aiuta a ridurre i costi degli appuntamenti saltati senza disdetta: ricorda automaticamente ai clienti le loro prenotazioni, via email o SMS.<\/li>\n<li><strong>Resta aggiornato via email\/sms<\/strong>: mantieni il tuo staff sempre aggiornato grazie alle notifiche via email e sms, in modo che sia immediatamente informato di appuntamenti nuovi, spostati o annullati.<\/li>\n<li><strong>Personalizza la tua agenda degli appuntamenti<\/strong>: assegna una codifica di colori ai tuoi servizi per vedere a colpo d&#8217;occhio cosa \u00e8 stato prenotato. Imposta gli orari di apertura, orari specifici per determinati membri dello staff e durata degli appuntamenti.<\/li>\n<li><strong>Stampa la pianificazione dettagliata dell&#8217;agenda<\/strong>: stampa la tua pianificazione e i turni con i dati dei clienti, gli importi pagati e dovuti, pi\u00f9 eventuali opzioni aggiuntive selezionate all&#8217;atto della prenotazione.<\/li>\n<li><strong>Registra ogni fase della prenotazione<\/strong>: ricevi aggiornamenti immediati su nuove prenotazioni, spostamenti o cancellazioni: vedi da chi e quando sono stati fatti. Registra automaticamente l&#8217;utilizzo dei voucher regalo, dei crediti prepagati e degli sconti promozionali.<\/li>\n<li><strong>Monitora le presenze agli appuntamenti<\/strong>: basta con le continue ricopiature, controlli e verifiche. Monitora la presenza, gli appuntanti saltati senza disdetta e quelli annullati, visualizzandoli nei tuoi resoconti.<\/li>\n<li><strong>Integrazione perfetta con il tuo sito<\/strong>: dai ai tuoi clienti la possibilit\u00e0 di prenotare direttamente sul tuo sito, in modo perfettamente integrato. Il widget si integra perfettamente con qualunque sito HTML, compresi siti WordPress, Wix e Weebly.<\/li>\n<li><strong>Personalizzazione grafica avanzata<\/strong>: personalizza facilmente la grafica del tuo widget di prenotazione per abbinarla perfettamente all&#8217;aspetto del tuo sito web: tutto compreso nella modica tariffa mensile.<\/li>\n<li><strong>Passa alle prenotazioni social<\/strong>: accetta le prenotazioni online direttamente dalla tua pagina Facebook con l&#8217;apposita app senza ulteriori costi.<\/li>\n<li><strong>Convinci i clienti con video e foto<\/strong>: mostra ai tuoi clienti i tuoi servizi per mezzo di immagini, gallerie di foto e video, accanto alle descrizioni dei servizi e ai curricula dei consulenti.<\/li>\n<li><strong>Comunica direttamente in 30 lingue<\/strong> <strong>diverse<\/strong>: fai sentire a proprio agio tutti i tuoi clienti, italiani o meno, consentendo loro di prenotare e pagare nella propria lingua e valuta, senza dover assumere personale poliglotta.<\/li>\n<li><strong>Pianificazione flessibile e completa<\/strong>: imposta facilmente le tue regole di prenotazione per appuntamenti e sessioni. Crea una navigazione personalizzata per la prenotazione, in modo che i tuoi clienti possano scegliere l&#8217;operatore che preferiscono e vedere solo gli orari disponibili, invece dell&#8217;intero programma.<\/li>\n<\/ul>\n<h4>LE RECENSIONI DEGLI UTENTI<\/h4>\n<p><strong>Bruno &#8220;Sicuramente il miglior sistema di prenotazione sul mercato&#8221;<\/strong><br \/>\n<strong>Commenti<\/strong>: Quasi perfetto<br \/>\n<strong>Pro<\/strong>: Facile da usare e implementare, completamente personalizzabile, ECCELLENTE supporto clienti. Di gran lunga il miglior valore sul mercato.<br \/>\n<strong>Contro<\/strong>: Forse il design dovrebbe essere migliorato. Ma a parte questo, sto ancora cercando, ;-)<\/p>\n<p><strong>Christina &#8220;Ottimo per programmare lezioni di sport&#8221;<\/strong><br \/>\n<strong>Commenti<\/strong>: Esperienza molto positiva La sua capacit\u00e0 di personalizzare tutto lo ha reso molto utile e i clienti hanno trovato facile programmare e gestire le lezioni.<br \/>\n<strong>Pro<\/strong>: L&#8217;abbiamo usato per programmare lezioni di tiro con l&#8217;arco. \u00c8 stato molto facile da usare e mi \u00e8 piaciuto quanto tutto fosse personalizzabile. Poter creare lezioni private e inviare il link per il pagamento \u00e8 stato molto bello. Mi \u00e8 piaciuta anche la possibilit\u00e0 di chiedere al cliente se desidera acquistare componenti aggiuntivi al momento della registrazione.<br \/>\n<strong>Contro<\/strong>: Bookeo \u00e8 fantastico come pianificatore online ma un po&#8217; pi\u00f9 difficile da usare in negozio. Vorrei che ci fosse un&#8217;opzione per aggiungere deroghe.<\/p>\n<p><strong>Leanne &#8220;Assistenza clienti!&#8221;<\/strong><br \/>\n<strong>Commenti<\/strong>: Voglio ringraziare in particolare [contenuti sensibili nascosti] . Per favore, riconoscetela per tutti i suoi sforzi.<br \/>\n<strong>Pro<\/strong>: Ogni volta che ho una domanda, ricevo una risposta dettagliata alla mia domanda insieme a maggiori dettagli sui potenziali passaggi che potrei intraprendere.<br \/>\n<strong>Contro<\/strong>: Sento che i tutorial potrebbero essere pi\u00f9 dettagliati e forse in forma video.<\/p>\n","protected":false},"excerpt":{"rendered":"<p>Bookeo \u00e8 una soluzione di prenotazione\u00a0basata su cloud che include funzionalit\u00e0 come: calendario degli appuntamenti, database clienti, gestione pagamenti, pianificazione online e strumenti di marketing. Consente, inoltre, agli utenti di personalizzare i propri widget di prenotazione, tenere traccia delle prenotazioni, inviare notifiche via email e sms, gestire i carrelli di prenotazione, pianificare attivit\u00e0, mantenere un database dei clienti e generare report avanzati.<\/p>\n","protected":false},"author":19,"featured_media":75696,"parent":33071,"menu_order":0,"comment_status":"open","ping_status":"closed","template":"g1_template_page_review_new.php","meta":{"_acf_changed":false,"cwp_meta_box_check":"No","cwp_rev_product_name":"","cwp_rev_product_image":"","wppr_links":[],"cwp_rev_price":"","wppr_options":[],"wppr_pros":[],"wppr_cons":[],"_monsterinsights_skip_tracking":false,"_monsterinsights_sitenote_active":false,"_monsterinsights_sitenote_note":"","_monsterinsights_sitenote_category":0,"footnotes":""},"categories":[4186],"tags":[15027,14947,4267,14950,14949,14948],"features":[],"class_list":{"0":"post-75695","1":"page","2":"type-page","3":"status-publish","4":"has-post-thumbnail","6":"category-gestionali-per-parrucchieri","7":"tag-bookeo","8":"tag-gestionale-parrucchieri","9":"tag-piattaforma-gestionale-parrucchieri","10":"tag-programma-gestionale-parrucchieri","11":"tag-software-gestionale-parrucchieri","12":"tag-soluzione-gestionale-parrucchieri"},"wppr_data":{"cwp_meta_box_check":"No"},"acf":[],"yoast_head":"<!-- This site is optimized with the Yoast SEO plugin v27.4 - https:\/\/yoast.com\/product\/yoast-seo-wordpress\/ -->\n<title>Bookeo: recensione software gestionale parrucchieri - Accurate Reviews<\/title>\n<meta name=\"description\" content=\"Bookeo: recensione software per parrucchieri che include funzionalit\u00e0 come \u00a0calendario, database clienti, pagamenti e pianificazione online.\" \/>\n<meta name=\"robots\" content=\"index, follow, max-snippet:-1, max-image-preview:large, max-video-preview:-1\" \/>\n<link rel=\"canonical\" href=\"https:\/\/www.accuratereviews.com\/it\/gestionale-per-parrucchieri\/bookeo-recensione\/\" \/>\n<meta property=\"og:locale\" content=\"it_IT\" \/>\n<meta property=\"og:type\" content=\"article\" \/>\n<meta property=\"og:title\" content=\"Bookeo: recensione software gestionale parrucchieri - Accurate Reviews\" \/>\n<meta property=\"og:description\" content=\"Bookeo: recensione software per parrucchieri che include funzionalit\u00e0 come \u00a0calendario, database clienti, pagamenti e pianificazione online.\" \/>\n<meta property=\"og:url\" content=\"https:\/\/www.accuratereviews.com\/it\/gestionale-per-parrucchieri\/bookeo-recensione\/\" \/>\n<meta property=\"og:site_name\" content=\"Accurate Reviews\" \/>\n<meta property=\"article:modified_time\" content=\"2024-04-03T10:12:49+00:00\" \/>\n<meta property=\"og:image\" content=\"https:\/\/www.accuratereviews.com\/wp-content\/uploads\/2024\/04\/Bookeo.jpeg\" \/>\n\t<meta property=\"og:image:width\" content=\"600\" \/>\n\t<meta property=\"og:image:height\" content=\"315\" \/>\n\t<meta property=\"og:image:type\" content=\"image\/jpeg\" \/>\n<meta name=\"twitter:card\" content=\"summary_large_image\" \/>\n<meta name=\"twitter:label1\" content=\"Tempo di lettura stimato\" \/>\n\t<meta name=\"twitter:data1\" content=\"6 minuti\" \/>\n<script type=\"application\/ld+json\" class=\"yoast-schema-graph\">{\"@context\":\"https:\\\/\\\/schema.org\",\"@graph\":[{\"@type\":\"WebPage\",\"@id\":\"https:\\\/\\\/www.accuratereviews.com\\\/it\\\/gestionale-per-parrucchieri\\\/bookeo-recensione\\\/\",\"url\":\"https:\\\/\\\/www.accuratereviews.com\\\/it\\\/gestionale-per-parrucchieri\\\/bookeo-recensione\\\/\",\"name\":\"Bookeo: recensione software gestionale parrucchieri - Accurate Reviews\",\"isPartOf\":{\"@id\":\"https:\\\/\\\/www.accuratereviews.com\\\/it\\\/#website\"},\"primaryImageOfPage\":{\"@id\":\"https:\\\/\\\/www.accuratereviews.com\\\/it\\\/gestionale-per-parrucchieri\\\/bookeo-recensione\\\/#primaryimage\"},\"image\":{\"@id\":\"https:\\\/\\\/www.accuratereviews.com\\\/it\\\/gestionale-per-parrucchieri\\\/bookeo-recensione\\\/#primaryimage\"},\"thumbnailUrl\":\"https:\\\/\\\/www.accuratereviews.com\\\/wp-content\\\/uploads\\\/2024\\\/04\\\/Bookeo.jpeg\",\"datePublished\":\"2024-04-02T18:45:31+00:00\",\"dateModified\":\"2024-04-03T10:12:49+00:00\",\"description\":\"Bookeo: recensione software per parrucchieri che include funzionalit\u00e0 come \u00a0calendario, database clienti, pagamenti e pianificazione online.\",\"breadcrumb\":{\"@id\":\"https:\\\/\\\/www.accuratereviews.com\\\/it\\\/gestionale-per-parrucchieri\\\/bookeo-recensione\\\/#breadcrumb\"},\"inLanguage\":\"it-IT\",\"potentialAction\":[{\"@type\":\"ReadAction\",\"target\":[\"https:\\\/\\\/www.accuratereviews.com\\\/it\\\/gestionale-per-parrucchieri\\\/bookeo-recensione\\\/\"]}]},{\"@type\":\"ImageObject\",\"inLanguage\":\"it-IT\",\"@id\":\"https:\\\/\\\/www.accuratereviews.com\\\/it\\\/gestionale-per-parrucchieri\\\/bookeo-recensione\\\/#primaryimage\",\"url\":\"https:\\\/\\\/www.accuratereviews.com\\\/wp-content\\\/uploads\\\/2024\\\/04\\\/Bookeo.jpeg\",\"contentUrl\":\"https:\\\/\\\/www.accuratereviews.com\\\/wp-content\\\/uploads\\\/2024\\\/04\\\/Bookeo.jpeg\",\"width\":600,\"height\":315},{\"@type\":\"BreadcrumbList\",\"@id\":\"https:\\\/\\\/www.accuratereviews.com\\\/it\\\/gestionale-per-parrucchieri\\\/bookeo-recensione\\\/#breadcrumb\",\"itemListElement\":[{\"@type\":\"ListItem\",\"position\":1,\"name\":\"Home\",\"item\":\"https:\\\/\\\/www.accuratereviews.com\\\/it\\\/\"},{\"@type\":\"ListItem\",\"position\":2,\"name\":\"Gestionale per parrucchieri\",\"item\":\"https:\\\/\\\/www.accuratereviews.com\\\/it\\\/gestionale-per-parrucchieri\\\/\"},{\"@type\":\"ListItem\",\"position\":3,\"name\":\"Bookeo\"}]},{\"@type\":\"WebSite\",\"@id\":\"https:\\\/\\\/www.accuratereviews.com\\\/it\\\/#website\",\"url\":\"https:\\\/\\\/www.accuratereviews.com\\\/it\\\/\",\"name\":\"Accurate Reviews\",\"description\":\"\",\"potentialAction\":[{\"@type\":\"SearchAction\",\"target\":{\"@type\":\"EntryPoint\",\"urlTemplate\":\"https:\\\/\\\/www.accuratereviews.com\\\/it\\\/?s={search_term_string}\"},\"query-input\":{\"@type\":\"PropertyValueSpecification\",\"valueRequired\":true,\"valueName\":\"search_term_string\"}}],\"inLanguage\":\"it-IT\"}]}<\/script>\n<!-- \/ Yoast SEO plugin. -->","yoast_head_json":{"title":"Bookeo: recensione software gestionale parrucchieri - Accurate Reviews","description":"Bookeo: recensione software per parrucchieri che include funzionalit\u00e0 come \u00a0calendario, database clienti, pagamenti e pianificazione online.","robots":{"index":"index","follow":"follow","max-snippet":"max-snippet:-1","max-image-preview":"max-image-preview:large","max-video-preview":"max-video-preview:-1"},"canonical":"https:\/\/www.accuratereviews.com\/it\/gestionale-per-parrucchieri\/bookeo-recensione\/","og_locale":"it_IT","og_type":"article","og_title":"Bookeo: recensione software gestionale parrucchieri - Accurate Reviews","og_description":"Bookeo: recensione software per parrucchieri che include funzionalit\u00e0 come \u00a0calendario, database clienti, pagamenti e pianificazione online.","og_url":"https:\/\/www.accuratereviews.com\/it\/gestionale-per-parrucchieri\/bookeo-recensione\/","og_site_name":"Accurate Reviews","article_modified_time":"2024-04-03T10:12:49+00:00","og_image":[{"width":600,"height":315,"url":"https:\/\/www.accuratereviews.com\/wp-content\/uploads\/2024\/04\/Bookeo.jpeg","type":"image\/jpeg"}],"twitter_card":"summary_large_image","twitter_misc":{"Tempo di lettura stimato":"6 minuti"},"schema":{"@context":"https:\/\/schema.org","@graph":[{"@type":"WebPage","@id":"https:\/\/www.accuratereviews.com\/it\/gestionale-per-parrucchieri\/bookeo-recensione\/","url":"https:\/\/www.accuratereviews.com\/it\/gestionale-per-parrucchieri\/bookeo-recensione\/","name":"Bookeo: recensione software gestionale parrucchieri - Accurate Reviews","isPartOf":{"@id":"https:\/\/www.accuratereviews.com\/it\/#website"},"primaryImageOfPage":{"@id":"https:\/\/www.accuratereviews.com\/it\/gestionale-per-parrucchieri\/bookeo-recensione\/#primaryimage"},"image":{"@id":"https:\/\/www.accuratereviews.com\/it\/gestionale-per-parrucchieri\/bookeo-recensione\/#primaryimage"},"thumbnailUrl":"https:\/\/www.accuratereviews.com\/wp-content\/uploads\/2024\/04\/Bookeo.jpeg","datePublished":"2024-04-02T18:45:31+00:00","dateModified":"2024-04-03T10:12:49+00:00","description":"Bookeo: recensione software per parrucchieri che include funzionalit\u00e0 come \u00a0calendario, database clienti, pagamenti e pianificazione online.","breadcrumb":{"@id":"https:\/\/www.accuratereviews.com\/it\/gestionale-per-parrucchieri\/bookeo-recensione\/#breadcrumb"},"inLanguage":"it-IT","potentialAction":[{"@type":"ReadAction","target":["https:\/\/www.accuratereviews.com\/it\/gestionale-per-parrucchieri\/bookeo-recensione\/"]}]},{"@type":"ImageObject","inLanguage":"it-IT","@id":"https:\/\/www.accuratereviews.com\/it\/gestionale-per-parrucchieri\/bookeo-recensione\/#primaryimage","url":"https:\/\/www.accuratereviews.com\/wp-content\/uploads\/2024\/04\/Bookeo.jpeg","contentUrl":"https:\/\/www.accuratereviews.com\/wp-content\/uploads\/2024\/04\/Bookeo.jpeg","width":600,"height":315},{"@type":"BreadcrumbList","@id":"https:\/\/www.accuratereviews.com\/it\/gestionale-per-parrucchieri\/bookeo-recensione\/#breadcrumb","itemListElement":[{"@type":"ListItem","position":1,"name":"Home","item":"https:\/\/www.accuratereviews.com\/it\/"},{"@type":"ListItem","position":2,"name":"Gestionale per parrucchieri","item":"https:\/\/www.accuratereviews.com\/it\/gestionale-per-parrucchieri\/"},{"@type":"ListItem","position":3,"name":"Bookeo"}]},{"@type":"WebSite","@id":"https:\/\/www.accuratereviews.com\/it\/#website","url":"https:\/\/www.accuratereviews.com\/it\/","name":"Accurate Reviews","description":"","potentialAction":[{"@type":"SearchAction","target":{"@type":"EntryPoint","urlTemplate":"https:\/\/www.accuratereviews.com\/it\/?s={search_term_string}"},"query-input":{"@type":"PropertyValueSpecification","valueRequired":true,"valueName":"search_term_string"}}],"inLanguage":"it-IT"}]}},"_links":{"self":[{"href":"https:\/\/www.accuratereviews.com\/it\/wp-json\/wp\/v2\/pages\/75695","targetHints":{"allow":["GET"]}}],"collection":[{"href":"https:\/\/www.accuratereviews.com\/it\/wp-json\/wp\/v2\/pages"}],"about":[{"href":"https:\/\/www.accuratereviews.com\/it\/wp-json\/wp\/v2\/types\/page"}],"author":[{"embeddable":true,"href":"https:\/\/www.accuratereviews.com\/it\/wp-json\/wp\/v2\/users\/19"}],"replies":[{"embeddable":true,"href":"https:\/\/www.accuratereviews.com\/it\/wp-json\/wp\/v2\/comments?post=75695"}],"version-history":[{"count":12,"href":"https:\/\/www.accuratereviews.com\/it\/wp-json\/wp\/v2\/pages\/75695\/revisions"}],"predecessor-version":[{"id":75733,"href":"https:\/\/www.accuratereviews.com\/it\/wp-json\/wp\/v2\/pages\/75695\/revisions\/75733"}],"up":[{"embeddable":true,"href":"https:\/\/www.accuratereviews.com\/it\/wp-json\/wp\/v2\/pages\/33071"}],"wp:featuredmedia":[{"embeddable":true,"href":"https:\/\/www.accuratereviews.com\/it\/wp-json\/wp\/v2\/media\/75696"}],"wp:attachment":[{"href":"https:\/\/www.accuratereviews.com\/it\/wp-json\/wp\/v2\/media?parent=75695"}],"wp:term":[{"taxonomy":"category","embeddable":true,"href":"https:\/\/www.accuratereviews.com\/it\/wp-json\/wp\/v2\/categories?post=75695"},{"taxonomy":"post_tag","embeddable":true,"href":"https:\/\/www.accuratereviews.com\/it\/wp-json\/wp\/v2\/tags?post=75695"},{"taxonomy":"features","embeddable":true,"href":"https:\/\/www.accuratereviews.com\/it\/wp-json\/wp\/v2\/features?post=75695"}],"curies":[{"name":"wp","href":"https:\/\/api.w.org\/{rel}","templated":true}]}}