{"id":75717,"date":"2024-04-03T12:45:49","date_gmt":"2024-04-03T12:45:49","guid":{"rendered":"https:\/\/www.accuratereviews.com\/?page_id=75717"},"modified":"2024-04-03T12:45:49","modified_gmt":"2024-04-03T12:45:49","slug":"saloniq-recensione","status":"publish","type":"page","link":"https:\/\/www.accuratereviews.com\/it\/gestionale-per-parrucchieri\/saloniq-recensione\/","title":{"rendered":"SaloniQ"},"content":{"rendered":"<p><strong>SaloniQ<\/strong> \u00e8 un <strong>software di prenotazione e marketing<\/strong> per saloni di tutti i tipi e dimensioni che aiuta gli utenti a tenere traccia delle prenotazioni online, degli appuntamenti dei clienti, delle scorte, nonch\u00e9 a gestire gli impegni tramite email e sms attraverso il sistema di marketing completamente automatizzato. I clienti possono prenotare e pagare online, anche tramite buoni regalo, aggiornare i propri profili cliente e compilare moduli di consulenza.<br \/>\n<strong>SaloniQ <\/strong>offre un calendario online completamente personalizzabile con temi di interfaccia personalizzabili e colori opzionali per abbinarsi al marchio dell&#8217;azienda. Le prenotazioni online, i compleanni dei clienti, le richieste o gli orari degli stilisti sono tutti codificati a colori per una comprensione visiva del programma della giornata. La <strong>funzionalit\u00e0 iQHub<\/strong> consente al personale di muoversi liberamente all&#8217;interno del salone per gestire gli arrivi, prendere prenotazioni o aggiornare i dettagli del cliente utilizzando un dispositivo tablet. I saloni possono accettare pagamenti online e tutti gli appuntamenti vengono sincronizzati automaticamente su tutti i dispositivi per eliminare il rischio di doppia prenotazione. Le funzionalit\u00e0 di marketing consentono agli utenti di inviare promemoria di prenotazione, messaggi di ringraziamento e altro ancora alla casella di posta elettronica o al dispositivo mobile dei propri clienti tramite sms. Gli utenti possono scegliere di ordinare le scorte in base ai livelli minimi o in base a ci\u00f2 che \u00e8 stato utilizzato. I report avanzati sulle scorte aiutano a eliminare gli sprechi o gli slittamenti delle scorte, rendendo la gestione delle scorte pi\u00f9 efficiente.<\/p>\n<h2>SALONIQ &#8211; TUTORIAL<\/h2>\n<div id=\"fluid-wrapper-counter-1\" class=\"g1-fluid-wrapper \" style=\"width:686px;\">\n<div style=\"padding-bottom:56.268221574344%;\"><iframe loading=\"lazy\" title=\"Hub Dashboards\" width=\"686\" height=\"386\" src=\"https:\/\/www.youtube.com\/embed\/rxtvirEM3qk?feature=oembed&amp;wmode=transparent&amp;autohide=1&amp;autoplay=0&amp;disablekb=0&amp;fs=1&amp;loop=0&amp;enablejsapi=1&amp;rel=0&amp;controls=2&amp;showinfo=0&amp;wmode=transparent&amp;autohide=2&amp;autoplay=0&amp;disablekb=0&amp;fs=1&amp;loop=0&amp;enablejsapi=1&amp;rel=0&amp;controls=2&amp;showinfo=1\" frameborder=\"0\" allow=\"accelerometer; autoplay; clipboard-write; encrypted-media; gyroscope; picture-in-picture; web-share\" referrerpolicy=\"strict-origin-when-cross-origin\" allowfullscreen><\/iframe><\/div>\n<\/div>\n<h3>SALONIQ &#8211; CARATTERISTICHE<\/h3>\n<ul>\n<li><strong>Prenotazioni on-line:<\/strong> prenotazione online semplice, veloce e flessibile. Il cliente pu\u00f2 aggiornare il proprio profilo, riprenotare e riprogrammare gli appuntamenti quando \u00e8 conveniente per lui.<\/li>\n<li><strong>Sms bidirezionali<\/strong>: \u00e8 dimostrato che inviare un sms bidirezionali riduce le mancate presentazioni del 40% rispetto ai messaggi unidirezionali, inoltre i tuoi clienti si aspettano e preferiscono comunicare in questo modo. Vedi immediatamente se un cliente desidera annullare o non riesce a confermare.<\/li>\n<li><strong>Consulenze digitali:<\/strong> mantenerti legale ed esclusivo. Test allergici, questionari pro visit, moduli di consultazione digitale, personalizzati da te.<br \/>\napp-salone<\/li>\n<li><strong>Lealt\u00e0<\/strong>: premiare le visite dei clienti con punti o una semplice app con timbro fedelt\u00e0 per far sapere al tuo cliente quanto apprezzi la sua clientela.<\/li>\n<li><strong>Applicazione di squadra<\/strong>: il team pu\u00f2 vedere immediatamente se \u00e8 in pista o fuori pista, visualizzare i clienti della giornata e persino effettuare le prenotazioni, se lo si desidera.<\/li>\n<li><strong>Monitoraggio disponibilit\u00e0 dipendenti<\/strong>: visibilit\u00e0 immediata sulle ferie prese, sulla malattia, sulla maternit\u00e0 e sui permessi non retribuiti.<\/li>\n<li><strong>Comunicazioni push<\/strong>: invia notifiche automatiche di fine giornata\/settimana\/mese al team con un&#8217;analisi dettagliata delle loro prestazioni.<\/li>\n<li><strong>Saloni multisede<\/strong>: possedere pi\u00f9 saloni non \u00e8 mai stato cos\u00ec facile da gestire utilizzando questo software con una vasta gamma di funzionalit\u00e0 interessanti e utili.<\/li>\n<li><strong>Pannello di controllo della squadra<\/strong>: osserva tutti i tuoi stilisti nel gruppo del tuo salone con la dashboard del team facile da usare. Tieni traccia istantaneamente in tempo reale di ogni membro del team classificato in base al suo indicatore di prestazione chiave (KPI)<\/li>\n<li><strong>Database clienti globale<\/strong>: un database clienti centrale significa che i record dei clienti sono facilmente visibili su pi\u00f9 siti. Inoltre, puoi selezionare singoli saloni e gruppi di clienti per le tue attivit\u00e0 di marketing del salone, in modo da sapere che ti stai rivolgendo al pubblico giusto.<\/li>\n<li><strong>Controllo globale delle scorte<\/strong>: il controllo delle scorte dei saloni di gruppo vanta una gamma di funzioni utili che rendono la gestione delle scorte un gioco da ragazzi. Il sistema ti offre una visibilit\u00e0 totale delle scorte su pi\u00f9 siti, rendendo le attivit\u00e0 che richiedono tempo come le modifiche dei prezzi globali facili e veloci.<\/li>\n<li><strong>Pagamenti integrati<\/strong>: elimina gli errori con i pagamenti integrati, l&#8217;importo passer\u00e0 direttamente al terminale della tua carta.<\/li>\n<\/ul>\n<h4>LE RECENSIONI DEGLI UTENTI<\/h4>\n<p><strong>Leon &#8220;Rinnovare il software di gestione del salone&#8221;<\/strong><br \/>\n<strong>Commenti<\/strong>: \u00c8 il software con il miglior rapporto qualit\u00e0-prezzo sul mercato con un servizio molto personalizzato.<br \/>\n<strong>Pro<\/strong>: \u00c8 accessibile ovunque vada dal mio laptop e dai dispositivi mobili, facile da navigare e comprendere.<br \/>\n<strong>Contro<\/strong>: Non esiste una versione desktop quando Internet\/server non \u00e8 disponibile<\/p>\n<p><strong>Theresa &#8220;Feedback Saloniq&#8221;<\/strong><br \/>\n<strong>Commenti<\/strong>: Ho avuto alcuni errori iniziali a livello umano, il team \u00e8 molto paziente nel risolverlo. \u00c8 bello andare avanti con l&#8217;allenamento quando dimentichi le cose.<br \/>\n<strong>Pro<\/strong>: \u00c8 facile e intuitivo orientarsi. Mi piace il fatto di poter accedere alle schede dei dati dei miei clienti con il semplice tocco di un pulsante.<br \/>\n<strong>Contro<\/strong>: Oltre a dover andare sull&#8217;hub per qualcosa, \u00e8 facile da usare<\/p>\n<p><strong>Christina &#8220;Funziona bene per chiunque abbia bisogno di questo tipo di software&#8221;<\/strong><br \/>\n<strong>Commenti<\/strong>: Nel complesso il software \u00e8 un ottimo programma per chi opera in questo settore<br \/>\n<strong>Pro<\/strong>: Ottimo software per chi opera in questo settore. Facile da usare e utilizzo semplice per molti manichini di computer e<br \/>\n<strong>Contro<\/strong>: Imparare tutti i pull down probabilmente non \u00e8 stata la mia parte preferita. Ma dopo aver capito che \u00e8 andato tutto bene<\/p>\n","protected":false},"excerpt":{"rendered":"<p>SaloniQ \u00e8 un software di prenotazione e marketing per saloni di tutti i tipi e dimensioni che aiuta gli utenti a tenere traccia delle prenotazioni online, degli appuntamenti dei clienti, delle scorte, nonch\u00e9 a gestire gli impegni tramite email e sms attraverso il sistema di marketing completamente automatizzato.<\/p>\n","protected":false},"author":19,"featured_media":75722,"parent":33071,"menu_order":0,"comment_status":"open","ping_status":"closed","template":"g1_template_page_review_new.php","meta":{"_acf_changed":false,"cwp_meta_box_check":"No","cwp_rev_product_name":"","cwp_rev_product_image":"","wppr_links":[],"cwp_rev_price":"","wppr_options":[],"wppr_pros":[],"wppr_cons":[],"_monsterinsights_skip_tracking":false,"_monsterinsights_sitenote_active":false,"_monsterinsights_sitenote_note":"","_monsterinsights_sitenote_category":0,"footnotes":""},"categories":[4186],"tags":[14947,4267,14950,15029,14949,14948],"features":[],"class_list":{"0":"post-75717","1":"page","2":"type-page","3":"status-publish","4":"has-post-thumbnail","6":"category-gestionali-per-parrucchieri","7":"tag-gestionale-parrucchieri","8":"tag-piattaforma-gestionale-parrucchieri","9":"tag-programma-gestionale-parrucchieri","10":"tag-saloniq","11":"tag-software-gestionale-parrucchieri","12":"tag-soluzione-gestionale-parrucchieri"},"wppr_data":{"cwp_meta_box_check":"No"},"acf":[],"yoast_head":"<!-- This site is optimized with the Yoast SEO plugin v27.4 - https:\/\/yoast.com\/product\/yoast-seo-wordpress\/ -->\n<title>SaloniQ: recensione software gestionale parrucchieri - Accurate Reviews<\/title>\n<meta name=\"description\" content=\"SaloniQ: recensione software di prenotazione e marketing per saloni di tutti i tipi e dimensioni per organizzare i tuoi appuntamenti al meglio\" \/>\n<meta name=\"robots\" content=\"index, follow, max-snippet:-1, max-image-preview:large, max-video-preview:-1\" \/>\n<link rel=\"canonical\" href=\"https:\/\/www.accuratereviews.com\/it\/gestionale-per-parrucchieri\/saloniq-recensione\/\" \/>\n<meta property=\"og:locale\" content=\"it_IT\" \/>\n<meta property=\"og:type\" content=\"article\" \/>\n<meta property=\"og:title\" content=\"SaloniQ: recensione software gestionale parrucchieri - Accurate Reviews\" \/>\n<meta property=\"og:description\" content=\"SaloniQ: recensione software di prenotazione e marketing per saloni di tutti i tipi e dimensioni per organizzare i tuoi appuntamenti al meglio\" \/>\n<meta property=\"og:url\" content=\"https:\/\/www.accuratereviews.com\/it\/gestionale-per-parrucchieri\/saloniq-recensione\/\" \/>\n<meta property=\"og:site_name\" content=\"Accurate Reviews\" \/>\n<meta property=\"og:image\" content=\"https:\/\/www.accuratereviews.com\/wp-content\/uploads\/2024\/04\/SaloniQ.png\" \/>\n\t<meta property=\"og:image:width\" content=\"858\" \/>\n\t<meta property=\"og:image:height\" content=\"300\" \/>\n\t<meta property=\"og:image:type\" content=\"image\/png\" \/>\n<meta name=\"twitter:card\" content=\"summary_large_image\" \/>\n<meta name=\"twitter:label1\" content=\"Tempo di lettura stimato\" \/>\n\t<meta name=\"twitter:data1\" content=\"6 minuti\" \/>\n<script type=\"application\/ld+json\" class=\"yoast-schema-graph\">{\"@context\":\"https:\\\/\\\/schema.org\",\"@graph\":[{\"@type\":\"WebPage\",\"@id\":\"https:\\\/\\\/www.accuratereviews.com\\\/it\\\/gestionale-per-parrucchieri\\\/saloniq-recensione\\\/\",\"url\":\"https:\\\/\\\/www.accuratereviews.com\\\/it\\\/gestionale-per-parrucchieri\\\/saloniq-recensione\\\/\",\"name\":\"SaloniQ: recensione software gestionale parrucchieri - Accurate Reviews\",\"isPartOf\":{\"@id\":\"https:\\\/\\\/www.accuratereviews.com\\\/it\\\/#website\"},\"primaryImageOfPage\":{\"@id\":\"https:\\\/\\\/www.accuratereviews.com\\\/it\\\/gestionale-per-parrucchieri\\\/saloniq-recensione\\\/#primaryimage\"},\"image\":{\"@id\":\"https:\\\/\\\/www.accuratereviews.com\\\/it\\\/gestionale-per-parrucchieri\\\/saloniq-recensione\\\/#primaryimage\"},\"thumbnailUrl\":\"https:\\\/\\\/www.accuratereviews.com\\\/wp-content\\\/uploads\\\/2024\\\/04\\\/SaloniQ.png\",\"datePublished\":\"2024-04-03T12:45:49+00:00\",\"description\":\"SaloniQ: recensione software di prenotazione e marketing per saloni di tutti i tipi e dimensioni per organizzare i tuoi appuntamenti al meglio\",\"breadcrumb\":{\"@id\":\"https:\\\/\\\/www.accuratereviews.com\\\/it\\\/gestionale-per-parrucchieri\\\/saloniq-recensione\\\/#breadcrumb\"},\"inLanguage\":\"it-IT\",\"potentialAction\":[{\"@type\":\"ReadAction\",\"target\":[\"https:\\\/\\\/www.accuratereviews.com\\\/it\\\/gestionale-per-parrucchieri\\\/saloniq-recensione\\\/\"]}]},{\"@type\":\"ImageObject\",\"inLanguage\":\"it-IT\",\"@id\":\"https:\\\/\\\/www.accuratereviews.com\\\/it\\\/gestionale-per-parrucchieri\\\/saloniq-recensione\\\/#primaryimage\",\"url\":\"https:\\\/\\\/www.accuratereviews.com\\\/wp-content\\\/uploads\\\/2024\\\/04\\\/SaloniQ.png\",\"contentUrl\":\"https:\\\/\\\/www.accuratereviews.com\\\/wp-content\\\/uploads\\\/2024\\\/04\\\/SaloniQ.png\",\"width\":858,\"height\":300},{\"@type\":\"BreadcrumbList\",\"@id\":\"https:\\\/\\\/www.accuratereviews.com\\\/it\\\/gestionale-per-parrucchieri\\\/saloniq-recensione\\\/#breadcrumb\",\"itemListElement\":[{\"@type\":\"ListItem\",\"position\":1,\"name\":\"Home\",\"item\":\"https:\\\/\\\/www.accuratereviews.com\\\/it\\\/\"},{\"@type\":\"ListItem\",\"position\":2,\"name\":\"Gestionale per parrucchieri\",\"item\":\"https:\\\/\\\/www.accuratereviews.com\\\/it\\\/gestionale-per-parrucchieri\\\/\"},{\"@type\":\"ListItem\",\"position\":3,\"name\":\"SaloniQ\"}]},{\"@type\":\"WebSite\",\"@id\":\"https:\\\/\\\/www.accuratereviews.com\\\/it\\\/#website\",\"url\":\"https:\\\/\\\/www.accuratereviews.com\\\/it\\\/\",\"name\":\"Accurate Reviews\",\"description\":\"\",\"potentialAction\":[{\"@type\":\"SearchAction\",\"target\":{\"@type\":\"EntryPoint\",\"urlTemplate\":\"https:\\\/\\\/www.accuratereviews.com\\\/it\\\/?s={search_term_string}\"},\"query-input\":{\"@type\":\"PropertyValueSpecification\",\"valueRequired\":true,\"valueName\":\"search_term_string\"}}],\"inLanguage\":\"it-IT\"}]}<\/script>\n<!-- \/ Yoast SEO plugin. -->","yoast_head_json":{"title":"SaloniQ: recensione software gestionale parrucchieri - Accurate Reviews","description":"SaloniQ: recensione software di prenotazione e marketing per saloni di tutti i tipi e dimensioni per organizzare i tuoi appuntamenti al meglio","robots":{"index":"index","follow":"follow","max-snippet":"max-snippet:-1","max-image-preview":"max-image-preview:large","max-video-preview":"max-video-preview:-1"},"canonical":"https:\/\/www.accuratereviews.com\/it\/gestionale-per-parrucchieri\/saloniq-recensione\/","og_locale":"it_IT","og_type":"article","og_title":"SaloniQ: recensione software gestionale parrucchieri - Accurate Reviews","og_description":"SaloniQ: recensione software di prenotazione e marketing per saloni di tutti i tipi e dimensioni per organizzare i tuoi appuntamenti al meglio","og_url":"https:\/\/www.accuratereviews.com\/it\/gestionale-per-parrucchieri\/saloniq-recensione\/","og_site_name":"Accurate Reviews","og_image":[{"width":858,"height":300,"url":"https:\/\/www.accuratereviews.com\/wp-content\/uploads\/2024\/04\/SaloniQ.png","type":"image\/png"}],"twitter_card":"summary_large_image","twitter_misc":{"Tempo di lettura stimato":"6 minuti"},"schema":{"@context":"https:\/\/schema.org","@graph":[{"@type":"WebPage","@id":"https:\/\/www.accuratereviews.com\/it\/gestionale-per-parrucchieri\/saloniq-recensione\/","url":"https:\/\/www.accuratereviews.com\/it\/gestionale-per-parrucchieri\/saloniq-recensione\/","name":"SaloniQ: recensione software gestionale parrucchieri - Accurate Reviews","isPartOf":{"@id":"https:\/\/www.accuratereviews.com\/it\/#website"},"primaryImageOfPage":{"@id":"https:\/\/www.accuratereviews.com\/it\/gestionale-per-parrucchieri\/saloniq-recensione\/#primaryimage"},"image":{"@id":"https:\/\/www.accuratereviews.com\/it\/gestionale-per-parrucchieri\/saloniq-recensione\/#primaryimage"},"thumbnailUrl":"https:\/\/www.accuratereviews.com\/wp-content\/uploads\/2024\/04\/SaloniQ.png","datePublished":"2024-04-03T12:45:49+00:00","description":"SaloniQ: recensione software di prenotazione e marketing per saloni di tutti i tipi e dimensioni per organizzare i tuoi appuntamenti al meglio","breadcrumb":{"@id":"https:\/\/www.accuratereviews.com\/it\/gestionale-per-parrucchieri\/saloniq-recensione\/#breadcrumb"},"inLanguage":"it-IT","potentialAction":[{"@type":"ReadAction","target":["https:\/\/www.accuratereviews.com\/it\/gestionale-per-parrucchieri\/saloniq-recensione\/"]}]},{"@type":"ImageObject","inLanguage":"it-IT","@id":"https:\/\/www.accuratereviews.com\/it\/gestionale-per-parrucchieri\/saloniq-recensione\/#primaryimage","url":"https:\/\/www.accuratereviews.com\/wp-content\/uploads\/2024\/04\/SaloniQ.png","contentUrl":"https:\/\/www.accuratereviews.com\/wp-content\/uploads\/2024\/04\/SaloniQ.png","width":858,"height":300},{"@type":"BreadcrumbList","@id":"https:\/\/www.accuratereviews.com\/it\/gestionale-per-parrucchieri\/saloniq-recensione\/#breadcrumb","itemListElement":[{"@type":"ListItem","position":1,"name":"Home","item":"https:\/\/www.accuratereviews.com\/it\/"},{"@type":"ListItem","position":2,"name":"Gestionale per parrucchieri","item":"https:\/\/www.accuratereviews.com\/it\/gestionale-per-parrucchieri\/"},{"@type":"ListItem","position":3,"name":"SaloniQ"}]},{"@type":"WebSite","@id":"https:\/\/www.accuratereviews.com\/it\/#website","url":"https:\/\/www.accuratereviews.com\/it\/","name":"Accurate Reviews","description":"","potentialAction":[{"@type":"SearchAction","target":{"@type":"EntryPoint","urlTemplate":"https:\/\/www.accuratereviews.com\/it\/?s={search_term_string}"},"query-input":{"@type":"PropertyValueSpecification","valueRequired":true,"valueName":"search_term_string"}}],"inLanguage":"it-IT"}]}},"_links":{"self":[{"href":"https:\/\/www.accuratereviews.com\/it\/wp-json\/wp\/v2\/pages\/75717","targetHints":{"allow":["GET"]}}],"collection":[{"href":"https:\/\/www.accuratereviews.com\/it\/wp-json\/wp\/v2\/pages"}],"about":[{"href":"https:\/\/www.accuratereviews.com\/it\/wp-json\/wp\/v2\/types\/page"}],"author":[{"embeddable":true,"href":"https:\/\/www.accuratereviews.com\/it\/wp-json\/wp\/v2\/users\/19"}],"replies":[{"embeddable":true,"href":"https:\/\/www.accuratereviews.com\/it\/wp-json\/wp\/v2\/comments?post=75717"}],"version-history":[{"count":14,"href":"https:\/\/www.accuratereviews.com\/it\/wp-json\/wp\/v2\/pages\/75717\/revisions"}],"predecessor-version":[{"id":75747,"href":"https:\/\/www.accuratereviews.com\/it\/wp-json\/wp\/v2\/pages\/75717\/revisions\/75747"}],"up":[{"embeddable":true,"href":"https:\/\/www.accuratereviews.com\/it\/wp-json\/wp\/v2\/pages\/33071"}],"wp:featuredmedia":[{"embeddable":true,"href":"https:\/\/www.accuratereviews.com\/it\/wp-json\/wp\/v2\/media\/75722"}],"wp:attachment":[{"href":"https:\/\/www.accuratereviews.com\/it\/wp-json\/wp\/v2\/media?parent=75717"}],"wp:term":[{"taxonomy":"category","embeddable":true,"href":"https:\/\/www.accuratereviews.com\/it\/wp-json\/wp\/v2\/categories?post=75717"},{"taxonomy":"post_tag","embeddable":true,"href":"https:\/\/www.accuratereviews.com\/it\/wp-json\/wp\/v2\/tags?post=75717"},{"taxonomy":"features","embeddable":true,"href":"https:\/\/www.accuratereviews.com\/it\/wp-json\/wp\/v2\/features?post=75717"}],"curies":[{"name":"wp","href":"https:\/\/api.w.org\/{rel}","templated":true}]}}