{"id":75748,"date":"2024-04-04T15:12:19","date_gmt":"2024-04-04T15:12:19","guid":{"rendered":"https:\/\/www.accuratereviews.com\/?page_id=75748"},"modified":"2024-04-05T10:49:21","modified_gmt":"2024-04-05T10:49:21","slug":"mycuts-recensione","status":"publish","type":"page","link":"https:\/\/www.accuratereviews.com\/it\/gestionale-per-parrucchieri\/mycuts-recensione\/","title":{"rendered":"MyCuts"},"content":{"rendered":"<p><strong>MyCuts<\/strong> \u00e8 una<strong> soluzione di gestione e pianificazione<\/strong> delle prenotazioni online per parrucchieri disponibile su desktop o dispositivi mobili tramite app native iOS e Android. La soluzione fornisce un modo efficiente per tenere traccia degli appuntamenti giornalieri, visualizzare la cronologia dei clienti e automatizzare attivit\u00e0 come promemoria e monitoraggio dell&#8217;inventario. Gli appuntamenti possono essere programmati nel sistema utilizzando lo strumento calendario che pu\u00f2 essere visualizzato per mese, giorno o in formato elenco.<br \/>\nGli appuntamenti sono codificati a colori per evidenziare a quale stilista sono assegnati e i dipendenti possono filtrare i propri appuntamenti per prossimi, attuali o completati. Attivit\u00e0 come l&#8217;invio di promemoria e conferme possono essere automatizzate per evitare mancate presentazioni, con sms ed email attivati automaticamente a un orario predefinito prima degli appuntamenti. Per evitare l&#8217;inserimento di informazioni doppie o simili, \u00e8 possibile impostare appuntamenti ricorrenti per i clienti abituali e gli appuntamenti esistenti possono essere riorganizzati facilmente.<\/p>\n<h2>MYCUTS &#8211; TUTORIAL<\/h2>\n<div id=\"fluid-wrapper-counter-1\" class=\"g1-fluid-wrapper \" style=\"width:686px;\">\n<div style=\"padding-bottom:56.268221574344%;\"><iframe loading=\"lazy\" title=\"MyCuts Demo\" width=\"686\" height=\"386\" src=\"https:\/\/www.youtube.com\/embed\/YVa5e_LifmY?feature=oembed&amp;wmode=transparent&amp;autohide=1&amp;autoplay=0&amp;disablekb=0&amp;fs=1&amp;loop=0&amp;enablejsapi=1&amp;rel=0&amp;controls=2&amp;showinfo=0&amp;wmode=transparent&amp;autohide=2&amp;autoplay=0&amp;disablekb=0&amp;fs=1&amp;loop=0&amp;enablejsapi=1&amp;rel=0&amp;controls=2&amp;showinfo=1\" frameborder=\"0\" allow=\"accelerometer; autoplay; clipboard-write; encrypted-media; gyroscope; picture-in-picture; web-share\" referrerpolicy=\"strict-origin-when-cross-origin\" allowfullscreen><\/iframe><\/div>\n<\/div>\n<h3>MYCUTS &#8211; CARATTERISTICHE<\/h3>\n<ul>\n<li>Pianifica facilmente i tuoi appuntamenti con il calendario semplice e familiare.<\/li>\n<li>Visualizza i tuoi appuntamenti in quattro modi diversi: mese, settimana, giorno o elenco.<\/li>\n<li>Cerca i tuoi appuntamenti per nome del cliente, email o telefono.<\/li>\n<li>Invia conferme e promemoria degli appuntamenti tramite SMS ed email personalizzati.<\/li>\n<li>Crea facilmente appuntamenti ricorrenti in modo che ai tuoi clienti venga ricordato il loro prossimo appuntamento.<\/li>\n<li>Aggiungi blocchi di appuntamenti per controllare le doppie prenotazioni.<\/li>\n<li>Codifica a colori i tuoi appuntamenti per identificare rapidamente il tuo programma a colpo d&#8217;occhio.<\/li>\n<li>Crea il tuo sito di prenotazione online.\u00a0Visualizza a colpo d&#8217;occhio le tue richieste di prenotazione e &#8220;accettale&#8221; o &#8220;rifiutale&#8221;.<\/li>\n<li>Ricevi notifiche push sullo stato delle tue richieste di prenotazione.<\/li>\n<li>Visualizza informazioni dettagliate sulla tua attivit\u00e0.<\/li>\n<li>Controlla quali servizi visualizzare e la disponibilit\u00e0 del personale.<\/li>\n<li>Trova i tuoi clienti per nome, email o telefono e filtra per &#8220;programmati&#8221; o &#8220;non programmati&#8221;.<\/li>\n<li>Riprenota rapidamente qualsiasi cliente o visualizza la cronologia degli appuntamenti.<\/li>\n<li>Raccogli informazioni dettagliate sui tuoi clienti tra cui email, telefono, occupazione, allergie e altro ancora.<\/li>\n<li>Invia sms o email di massa personalizzati ai tuoi clienti.<\/li>\n<li>Cerca nel tuo inventario per nome o categoria dell&#8217;articolo e filtra per &#8220;in stock&#8221;, &#8220;basso&#8221; o &#8220;riordina&#8221;.<\/li>\n<li>Aggiungi o rimuovi facilmente le scorte dagli articoli del tuo inventario.<\/li>\n<li>Inserisci informazioni dettagliate sul tuo inventario, tra cui categoria, modello, fornitore e altro ancora.<\/li>\n<li>Esegui report per visualizzare l&#8217;inventario totale venduto per un determinato intervallo di date.<\/li>\n<li>Ricevi notifiche push per rimanere aggiornato sulla tua attivit\u00e0.<\/li>\n<\/ul>\n<h4>LE RECENSIONI DEGLI UTENTI<\/h4>\n<p><strong>Joan &#8220;La migliore app di sempre&#8221;<\/strong><br \/>\n<strong>Commenti<\/strong>: Ottimo servizio clienti.<br \/>\n<strong>Pro<\/strong>: I promemoria degli appuntamenti e quanto \u00e8 facile prenotare app ricorrenti.<br \/>\n<strong>Contro<\/strong>: A volte alcune email e promemoria non vengono inviati. Ma puoi facilmente vedere quali e spesso \u00e8 causa del server client.<\/p>\n<p><strong>Lauren &#8220;Ottima applicazione!&#8221;<\/strong><br \/>\n<strong>Commenti<\/strong>: L&#8217;anno scorso ho lasciato il mio lavoro orario in salone per dedicarmi a diventare un appaltatore indipendente e l&#8217;app MyCuts ha reso la transizione molto pi\u00f9 semplice. Finch\u00e9 utilizzo la mia licenza di cosmetologia, utilizzer\u00f2 MyCuts.<br \/>\n<strong>Pro<\/strong>: Molto facile da usare e mi piace il fatto che tenga traccia di tutti i tuoi clienti!<br \/>\n<strong>Contro<\/strong>: Niente in particolare. Non utilizzo l&#8217;opzione online, quindi vorrei poter scegliere un&#8217;opzione di pacchetto diversa che costa un po&#8217; meno mensilmente.<\/p>\n<p><strong>Melanie &#8220;Nel complesso un buon prodotto&#8221;<\/strong><br \/>\n<strong>Commenti<\/strong>: Nel complesso \u00e8 stata una buona esperienza.<br \/>\n<strong>Pro<\/strong>: Mi piace il regolare appuntamento automatico programmato.<br \/>\n<strong>Contro<\/strong>: Frustrante solo quando l&#8217;app va offline mentre sono in viaggio.<\/p>\n","protected":false},"excerpt":{"rendered":"<p>MyCuts \u00e8 una soluzione di gestione e pianificazione delle prenotazioni online per parrucchieri disponibile su desktop o dispositivi mobili tramite app native iOS e Android. La soluzione fornisce un modo efficiente per tenere traccia degli appuntamenti giornalieri, visualizzare la cronologia dei clienti e automatizzare attivit\u00e0 come promemoria e monitoraggio dell&#8217;inventario.<\/p>\n","protected":false},"author":19,"featured_media":75751,"parent":33071,"menu_order":0,"comment_status":"open","ping_status":"closed","template":"g1_template_page_review_new.php","meta":{"_acf_changed":false,"cwp_meta_box_check":"Yes","cwp_rev_product_name":"","cwp_rev_product_image":"","wppr_links":[],"cwp_rev_price":"0.00","wppr_options":[{"name":"Usability","value":"0"},{"name":"Speed","value":"0"},{"name":"Features","value":"0"},{"name":"Support","value":"0"},{"name":"Pricing","value":"0"}],"wppr_pros":["","","","",""],"wppr_cons":["","","","",""],"_monsterinsights_skip_tracking":false,"_monsterinsights_sitenote_active":false,"_monsterinsights_sitenote_note":"","_monsterinsights_sitenote_category":0,"footnotes":""},"categories":[4186],"tags":[14947,15032,4267,14950,14949,14948],"features":[],"class_list":{"0":"post-75748","1":"page","2":"type-page","3":"status-publish","4":"has-post-thumbnail","6":"category-gestionali-per-parrucchieri","7":"tag-gestionale-parrucchieri","8":"tag-mycuts","9":"tag-piattaforma-gestionale-parrucchieri","10":"tag-programma-gestionale-parrucchieri","11":"tag-software-gestionale-parrucchieri","12":"tag-soluzione-gestionale-parrucchieri"},"wppr_data":{"cwp_meta_box_check":"Yes","_wppr_review_template":"default","cwp_rev_product_image":"","cwp_image_link":"image","wppr_links":[],"cwp_rev_price":"0.00","wppr_pros":["","","","",""],"wppr_cons":["","","","",""],"wppr_rating":"0.00","wppr_options":{"1":{"name":"Usability","value":"0"},"2":{"name":"Speed","value":"0"},"3":{"name":"Features","value":"0"},"4":{"name":"Support","value":"0"},"5":{"name":"Pricing","value":"0"}},"wppr_review_type":"Product","wppr_review_custom_fields":{"additionalProperty":"","additionalType":"","aggregateRating":"","alternateName":"","audience":"","award":"","awards":"","brand":"","color":"","depth":"","description":"","disambiguatingDescription":"","gtin12":"","gtin13":"","gtin14":"","gtin8":"","height":"","identifier":"","image":"","isAccessoryOrSparePartFor":"","isConsumableFor":"","isRelatedTo":"","isSimilarTo":"","itemCondition":"","logo":"","mainEntityOfPage":"","manufacturer":"","material":"","model":"","mpn":"","name":"","offers":"","potentialAction":"","productID":"","productionDate":"","purchaseDate":"","releaseDate":"","review":"","reviews":"","sameAs":"","sku":"","slogan":"","subjectOf":"","url":"","weight":"","width":""}},"acf":[],"yoast_head":"<!-- This site is optimized with the Yoast SEO plugin v27.4 - https:\/\/yoast.com\/product\/yoast-seo-wordpress\/ -->\n<title>MyCuts: recensione software gestionale parrucchieri - Accurate Reviews<\/title>\n<meta name=\"description\" content=\"MyCuts: recensione soluzione di gestione e pianificazione delle prenotazioni per parrucchieri, disponibile in versione desktop e mobile.\" \/>\n<meta name=\"robots\" content=\"index, follow, max-snippet:-1, max-image-preview:large, max-video-preview:-1\" \/>\n<link rel=\"canonical\" href=\"https:\/\/www.accuratereviews.com\/it\/gestionale-per-parrucchieri\/mycuts-recensione\/\" \/>\n<meta property=\"og:locale\" content=\"it_IT\" \/>\n<meta property=\"og:type\" content=\"article\" \/>\n<meta property=\"og:title\" content=\"MyCuts: recensione software gestionale parrucchieri - Accurate Reviews\" \/>\n<meta property=\"og:description\" content=\"MyCuts: recensione soluzione di gestione e pianificazione delle prenotazioni per parrucchieri, disponibile in versione desktop e mobile.\" \/>\n<meta property=\"og:url\" content=\"https:\/\/www.accuratereviews.com\/it\/gestionale-per-parrucchieri\/mycuts-recensione\/\" \/>\n<meta property=\"og:site_name\" content=\"Accurate Reviews\" \/>\n<meta property=\"article:modified_time\" content=\"2024-04-05T10:49:21+00:00\" \/>\n<meta property=\"og:image\" content=\"https:\/\/www.accuratereviews.com\/wp-content\/uploads\/2024\/04\/MyCuts.webp\" \/>\n\t<meta property=\"og:image:width\" content=\"256\" \/>\n\t<meta property=\"og:image:height\" content=\"256\" \/>\n\t<meta property=\"og:image:type\" content=\"image\/webp\" \/>\n<meta name=\"twitter:card\" content=\"summary_large_image\" \/>\n<meta name=\"twitter:label1\" content=\"Tempo di lettura stimato\" \/>\n\t<meta name=\"twitter:data1\" content=\"4 minuti\" \/>\n<script type=\"application\/ld+json\" class=\"yoast-schema-graph\">{\"@context\":\"https:\\\/\\\/schema.org\",\"@graph\":[{\"@type\":\"WebPage\",\"@id\":\"https:\\\/\\\/www.accuratereviews.com\\\/it\\\/gestionale-per-parrucchieri\\\/mycuts-recensione\\\/\",\"url\":\"https:\\\/\\\/www.accuratereviews.com\\\/it\\\/gestionale-per-parrucchieri\\\/mycuts-recensione\\\/\",\"name\":\"MyCuts: recensione software gestionale parrucchieri - Accurate Reviews\",\"isPartOf\":{\"@id\":\"https:\\\/\\\/www.accuratereviews.com\\\/it\\\/#website\"},\"primaryImageOfPage\":{\"@id\":\"https:\\\/\\\/www.accuratereviews.com\\\/it\\\/gestionale-per-parrucchieri\\\/mycuts-recensione\\\/#primaryimage\"},\"image\":{\"@id\":\"https:\\\/\\\/www.accuratereviews.com\\\/it\\\/gestionale-per-parrucchieri\\\/mycuts-recensione\\\/#primaryimage\"},\"thumbnailUrl\":\"https:\\\/\\\/www.accuratereviews.com\\\/wp-content\\\/uploads\\\/2024\\\/04\\\/MyCuts.webp\",\"datePublished\":\"2024-04-04T15:12:19+00:00\",\"dateModified\":\"2024-04-05T10:49:21+00:00\",\"description\":\"MyCuts: recensione soluzione di gestione e pianificazione delle prenotazioni per parrucchieri, disponibile in versione desktop e mobile.\",\"breadcrumb\":{\"@id\":\"https:\\\/\\\/www.accuratereviews.com\\\/it\\\/gestionale-per-parrucchieri\\\/mycuts-recensione\\\/#breadcrumb\"},\"inLanguage\":\"it-IT\",\"potentialAction\":[{\"@type\":\"ReadAction\",\"target\":[\"https:\\\/\\\/www.accuratereviews.com\\\/it\\\/gestionale-per-parrucchieri\\\/mycuts-recensione\\\/\"]}]},{\"@type\":\"ImageObject\",\"inLanguage\":\"it-IT\",\"@id\":\"https:\\\/\\\/www.accuratereviews.com\\\/it\\\/gestionale-per-parrucchieri\\\/mycuts-recensione\\\/#primaryimage\",\"url\":\"https:\\\/\\\/www.accuratereviews.com\\\/wp-content\\\/uploads\\\/2024\\\/04\\\/MyCuts.webp\",\"contentUrl\":\"https:\\\/\\\/www.accuratereviews.com\\\/wp-content\\\/uploads\\\/2024\\\/04\\\/MyCuts.webp\",\"width\":256,\"height\":256},{\"@type\":\"BreadcrumbList\",\"@id\":\"https:\\\/\\\/www.accuratereviews.com\\\/it\\\/gestionale-per-parrucchieri\\\/mycuts-recensione\\\/#breadcrumb\",\"itemListElement\":[{\"@type\":\"ListItem\",\"position\":1,\"name\":\"Home\",\"item\":\"https:\\\/\\\/www.accuratereviews.com\\\/it\\\/\"},{\"@type\":\"ListItem\",\"position\":2,\"name\":\"Gestionale per parrucchieri\",\"item\":\"https:\\\/\\\/www.accuratereviews.com\\\/it\\\/gestionale-per-parrucchieri\\\/\"},{\"@type\":\"ListItem\",\"position\":3,\"name\":\"MyCuts\"}]},{\"@type\":\"WebSite\",\"@id\":\"https:\\\/\\\/www.accuratereviews.com\\\/it\\\/#website\",\"url\":\"https:\\\/\\\/www.accuratereviews.com\\\/it\\\/\",\"name\":\"Accurate Reviews\",\"description\":\"\",\"potentialAction\":[{\"@type\":\"SearchAction\",\"target\":{\"@type\":\"EntryPoint\",\"urlTemplate\":\"https:\\\/\\\/www.accuratereviews.com\\\/it\\\/?s={search_term_string}\"},\"query-input\":{\"@type\":\"PropertyValueSpecification\",\"valueRequired\":true,\"valueName\":\"search_term_string\"}}],\"inLanguage\":\"it-IT\"}]}<\/script>\n<!-- \/ Yoast SEO plugin. -->","yoast_head_json":{"title":"MyCuts: recensione software gestionale parrucchieri - Accurate Reviews","description":"MyCuts: recensione soluzione di gestione e pianificazione delle prenotazioni per parrucchieri, disponibile in versione desktop e mobile.","robots":{"index":"index","follow":"follow","max-snippet":"max-snippet:-1","max-image-preview":"max-image-preview:large","max-video-preview":"max-video-preview:-1"},"canonical":"https:\/\/www.accuratereviews.com\/it\/gestionale-per-parrucchieri\/mycuts-recensione\/","og_locale":"it_IT","og_type":"article","og_title":"MyCuts: recensione software gestionale parrucchieri - Accurate Reviews","og_description":"MyCuts: recensione soluzione di gestione e pianificazione delle prenotazioni per parrucchieri, disponibile in versione desktop e mobile.","og_url":"https:\/\/www.accuratereviews.com\/it\/gestionale-per-parrucchieri\/mycuts-recensione\/","og_site_name":"Accurate Reviews","article_modified_time":"2024-04-05T10:49:21+00:00","og_image":[{"width":256,"height":256,"url":"https:\/\/www.accuratereviews.com\/wp-content\/uploads\/2024\/04\/MyCuts.webp","type":"image\/webp"}],"twitter_card":"summary_large_image","twitter_misc":{"Tempo di lettura stimato":"4 minuti"},"schema":{"@context":"https:\/\/schema.org","@graph":[{"@type":"WebPage","@id":"https:\/\/www.accuratereviews.com\/it\/gestionale-per-parrucchieri\/mycuts-recensione\/","url":"https:\/\/www.accuratereviews.com\/it\/gestionale-per-parrucchieri\/mycuts-recensione\/","name":"MyCuts: recensione software gestionale parrucchieri - Accurate Reviews","isPartOf":{"@id":"https:\/\/www.accuratereviews.com\/it\/#website"},"primaryImageOfPage":{"@id":"https:\/\/www.accuratereviews.com\/it\/gestionale-per-parrucchieri\/mycuts-recensione\/#primaryimage"},"image":{"@id":"https:\/\/www.accuratereviews.com\/it\/gestionale-per-parrucchieri\/mycuts-recensione\/#primaryimage"},"thumbnailUrl":"https:\/\/www.accuratereviews.com\/wp-content\/uploads\/2024\/04\/MyCuts.webp","datePublished":"2024-04-04T15:12:19+00:00","dateModified":"2024-04-05T10:49:21+00:00","description":"MyCuts: recensione soluzione di gestione e pianificazione delle prenotazioni per parrucchieri, disponibile in versione desktop e mobile.","breadcrumb":{"@id":"https:\/\/www.accuratereviews.com\/it\/gestionale-per-parrucchieri\/mycuts-recensione\/#breadcrumb"},"inLanguage":"it-IT","potentialAction":[{"@type":"ReadAction","target":["https:\/\/www.accuratereviews.com\/it\/gestionale-per-parrucchieri\/mycuts-recensione\/"]}]},{"@type":"ImageObject","inLanguage":"it-IT","@id":"https:\/\/www.accuratereviews.com\/it\/gestionale-per-parrucchieri\/mycuts-recensione\/#primaryimage","url":"https:\/\/www.accuratereviews.com\/wp-content\/uploads\/2024\/04\/MyCuts.webp","contentUrl":"https:\/\/www.accuratereviews.com\/wp-content\/uploads\/2024\/04\/MyCuts.webp","width":256,"height":256},{"@type":"BreadcrumbList","@id":"https:\/\/www.accuratereviews.com\/it\/gestionale-per-parrucchieri\/mycuts-recensione\/#breadcrumb","itemListElement":[{"@type":"ListItem","position":1,"name":"Home","item":"https:\/\/www.accuratereviews.com\/it\/"},{"@type":"ListItem","position":2,"name":"Gestionale per parrucchieri","item":"https:\/\/www.accuratereviews.com\/it\/gestionale-per-parrucchieri\/"},{"@type":"ListItem","position":3,"name":"MyCuts"}]},{"@type":"WebSite","@id":"https:\/\/www.accuratereviews.com\/it\/#website","url":"https:\/\/www.accuratereviews.com\/it\/","name":"Accurate Reviews","description":"","potentialAction":[{"@type":"SearchAction","target":{"@type":"EntryPoint","urlTemplate":"https:\/\/www.accuratereviews.com\/it\/?s={search_term_string}"},"query-input":{"@type":"PropertyValueSpecification","valueRequired":true,"valueName":"search_term_string"}}],"inLanguage":"it-IT"}]}},"_links":{"self":[{"href":"https:\/\/www.accuratereviews.com\/it\/wp-json\/wp\/v2\/pages\/75748","targetHints":{"allow":["GET"]}}],"collection":[{"href":"https:\/\/www.accuratereviews.com\/it\/wp-json\/wp\/v2\/pages"}],"about":[{"href":"https:\/\/www.accuratereviews.com\/it\/wp-json\/wp\/v2\/types\/page"}],"author":[{"embeddable":true,"href":"https:\/\/www.accuratereviews.com\/it\/wp-json\/wp\/v2\/users\/19"}],"replies":[{"embeddable":true,"href":"https:\/\/www.accuratereviews.com\/it\/wp-json\/wp\/v2\/comments?post=75748"}],"version-history":[{"count":8,"href":"https:\/\/www.accuratereviews.com\/it\/wp-json\/wp\/v2\/pages\/75748\/revisions"}],"predecessor-version":[{"id":75761,"href":"https:\/\/www.accuratereviews.com\/it\/wp-json\/wp\/v2\/pages\/75748\/revisions\/75761"}],"up":[{"embeddable":true,"href":"https:\/\/www.accuratereviews.com\/it\/wp-json\/wp\/v2\/pages\/33071"}],"wp:featuredmedia":[{"embeddable":true,"href":"https:\/\/www.accuratereviews.com\/it\/wp-json\/wp\/v2\/media\/75751"}],"wp:attachment":[{"href":"https:\/\/www.accuratereviews.com\/it\/wp-json\/wp\/v2\/media?parent=75748"}],"wp:term":[{"taxonomy":"category","embeddable":true,"href":"https:\/\/www.accuratereviews.com\/it\/wp-json\/wp\/v2\/categories?post=75748"},{"taxonomy":"post_tag","embeddable":true,"href":"https:\/\/www.accuratereviews.com\/it\/wp-json\/wp\/v2\/tags?post=75748"},{"taxonomy":"features","embeddable":true,"href":"https:\/\/www.accuratereviews.com\/it\/wp-json\/wp\/v2\/features?post=75748"}],"curies":[{"name":"wp","href":"https:\/\/api.w.org\/{rel}","templated":true}]}}