{"id":7575,"date":"2017-01-25T11:25:07","date_gmt":"2017-01-25T11:25:07","guid":{"rendered":"http:\/\/www.accuratereviews.com\/?page_id=7575\/"},"modified":"2019-06-11T05:22:51","modified_gmt":"2019-06-11T05:22:51","slug":"video-editing-guida-utente","status":"publish","type":"page","link":"https:\/\/www.accuratereviews.com\/it\/video-editing-guida-utente\/","title":{"rendered":"Software per il video editing"},"content":{"rendered":"<div id=\"attachment_2316\" style=\"width: 1290px\" class=\"wp-caption alignnone\"><img loading=\"lazy\" decoding=\"async\" aria-describedby=\"caption-attachment-2316\" class=\"size-full wp-image-2316\" src=\"http:\/\/www.accuratereviews.com\/wp-content\/uploads\/2015\/06\/video-598713_1280.jpg\" alt=\"Old-school video editing workstation.\" width=\"1280\" height=\"686\" srcset=\"https:\/\/www.accuratereviews.com\/wp-content\/uploads\/2015\/06\/video-598713_1280.jpg 1280w, https:\/\/www.accuratereviews.com\/wp-content\/uploads\/2015\/06\/video-598713_1280-300x161.jpg 300w, https:\/\/www.accuratereviews.com\/wp-content\/uploads\/2015\/06\/video-598713_1280-1024x549.jpg 1024w, https:\/\/www.accuratereviews.com\/wp-content\/uploads\/2015\/06\/video-598713_1280-233x125.jpg 233w, https:\/\/www.accuratereviews.com\/wp-content\/uploads\/2015\/06\/video-598713_1280-50x27.jpg 50w, https:\/\/www.accuratereviews.com\/wp-content\/uploads\/2015\/06\/video-598713_1280-968x519.jpg 968w, https:\/\/www.accuratereviews.com\/wp-content\/uploads\/2015\/06\/video-598713_1280-636x341.jpg 636w, https:\/\/www.accuratereviews.com\/wp-content\/uploads\/2015\/06\/video-598713_1280-320x172.jpg 320w, https:\/\/www.accuratereviews.com\/wp-content\/uploads\/2015\/06\/video-598713_1280-239x128.jpg 239w\" sizes=\"auto, (max-width: 1280px) 100vw, 1280px\" \/><p id=\"caption-attachment-2316\" class=\"wp-caption-text\">Postazione di editing video stile &#8220;old school&#8221;<\/p><\/div>\n<p><strong>Se hai mai usato un software di editing di foto o audio, ti troverai in un ambiente di editing simile<\/strong> e ti regolerai con relativa facilit\u00e0. Altrimenti, se sei un principiante, \u00e8 meglio iniziare con il manuale o la guida online per capire meglio il processo del software e come eseguire meglio il tuo compito.<\/p>\n<p><strong>Ogni programma di editing video che puoi trovare in giro ha le stesse caratteristiche di base<\/strong> che ti consentono di gestire le tue riprese, aggiungere una partitura musicale o alcune colonne sonore, mixare audio, titoli e transizioni. Molto spesso, ultimamente, molti software includono alcuni componenti aggiuntivi per catturare lo schermo, in modo da ottenere uno <strong>screencast eccellente per il tuo tutorial video<\/strong> o per qualsiasi altra ragione per cui hai bisogno di catturare il tuo schermo: quindi puoi modificare l&#8217;immagine acquisita come se fosse il filmato di una telecamera. A livello creativo, tutti questi software hanno molte caratteristiche comuni: ci\u00f2 che li distingue \u00e8 soprattutto la loro usabilit\u00e0 e interfaccia.<\/p>\n<p>Le migliori aziende di software mettono a frutto i loro siti web, cercando non solo di rispondere alle domande degli utenti (o prevenirle), o di risolvere dubbi sui loro prodotti, ma anche di educare l&#8217;utente inesperto all&#8217;editing video, persino alla produzione di video.<\/p>\n<p><strong>I software di editing video professionali,<\/strong> d&#8217;altro canto, sono definiti da altre caratteristiche, come la qualit\u00e0 degli effetti o dei titoli, dalle<strong> opzioni di correzione del colore o dalle funzioni di stabilizzazione<\/strong>, dalle risorse multi-cam e cos\u00ec via. Il tempo di elaborazione \u00e8 sicuramente qualcosa a cui pensare quando si sceglie il software, ma dipende anche dall&#8217;hardware (i computer pi\u00f9 recenti e potenti sono pi\u00f9 veloci di quelli obsoleti). <strong>Gli sviluppatori cercano costantemente di migliorare le funzionalit\u00e0 (come la velocit\u00e0) e ridurre lo stress sul sistema.<\/strong><\/p>\n<p>Naturalmente, tutto dipende da ci\u00f2 che cerchi: il video delle vacanze menzionato di sopra, o un video industriale per la tua azienda, o qualcosa di pi\u00f9 o qualcosa di completamente diverso. <strong>A seconda delle tue esigenze, c&#8217;\u00e8 sicuramente un software qui per aiutarti.<\/strong><\/p>\n","protected":false},"excerpt":{"rendered":"<p>Se hai mai usato un software di editing di foto o audio, ti troverai in un ambiente di editing simile e ti regolerai con relativa facilit\u00e0. Altrimenti, se sei un principiante, \u00e8 meglio iniziare con il manuale o la guida online per capire meglio il processo del software e come eseguire meglio il tuo compito. [&hellip;]<\/p>\n","protected":false},"author":16,"featured_media":0,"parent":0,"menu_order":7,"comment_status":"closed","ping_status":"closed","template":"g1_template_page_category_userguide.php","meta":{"_acf_changed":false,"cwp_meta_box_check":"No","cwp_rev_product_name":"","cwp_rev_product_image":"","wppr_links":[],"cwp_rev_price":"","wppr_options":[],"wppr_pros":[],"wppr_cons":[],"_monsterinsights_skip_tracking":false,"_monsterinsights_sitenote_active":false,"_monsterinsights_sitenote_note":"","_monsterinsights_sitenote_category":0,"footnotes":""},"categories":[169],"tags":[],"features":[],"class_list":{"0":"post-7575","1":"page","2":"type-page","3":"status-publish","5":"category-video-editing-software-it"},"wppr_data":{"cwp_meta_box_check":"No","cwp_rev_product_name":"","cwp_rev_product_image":"","cwp_image_link":"image","cwp_rev_price":""},"acf":[],"yoast_head":"<!-- This site is optimized with the Yoast SEO plugin v27.4 - https:\/\/yoast.com\/product\/yoast-seo-wordpress\/ -->\n<title>I migliori software di editing video: la guida utente - Accurate Reviews<\/title>\n<meta name=\"description\" content=\"I nostri esperti ti guidano nella scelta del migliore software di editing video che vada in contro alle tue esigenze professionali.\" \/>\n<meta name=\"robots\" content=\"index, follow, max-snippet:-1, max-image-preview:large, max-video-preview:-1\" \/>\n<link rel=\"canonical\" href=\"https:\/\/www.accuratereviews.com\/it\/video-editing-guida-utente\/\" \/>\n<meta property=\"og:locale\" content=\"it_IT\" \/>\n<meta property=\"og:type\" content=\"article\" \/>\n<meta property=\"og:title\" content=\"I migliori software di editing video: la guida utente - Accurate Reviews\" \/>\n<meta property=\"og:description\" content=\"I nostri esperti ti guidano nella scelta del migliore software di editing video che vada in contro alle tue esigenze professionali.\" \/>\n<meta property=\"og:url\" content=\"https:\/\/www.accuratereviews.com\/it\/video-editing-guida-utente\/\" \/>\n<meta property=\"og:site_name\" content=\"Accurate Reviews\" \/>\n<meta property=\"article:modified_time\" content=\"2019-06-11T05:22:51+00:00\" \/>\n<meta property=\"og:image\" content=\"http:\/\/www.accuratereviews.com\/wp-content\/uploads\/2015\/06\/video-598713_1280.jpg\" \/>\n<meta name=\"twitter:card\" content=\"summary_large_image\" \/>\n<meta name=\"twitter:label1\" content=\"Tempo di lettura stimato\" \/>\n\t<meta name=\"twitter:data1\" content=\"2 minuti\" \/>\n<script type=\"application\/ld+json\" class=\"yoast-schema-graph\">{\"@context\":\"https:\\\/\\\/schema.org\",\"@graph\":[{\"@type\":\"WebPage\",\"@id\":\"https:\\\/\\\/www.accuratereviews.com\\\/it\\\/video-editing-guida-utente\\\/\",\"url\":\"https:\\\/\\\/www.accuratereviews.com\\\/it\\\/video-editing-guida-utente\\\/\",\"name\":\"I migliori software di editing video: la guida utente - Accurate Reviews\",\"isPartOf\":{\"@id\":\"https:\\\/\\\/www.accuratereviews.com\\\/it\\\/#website\"},\"primaryImageOfPage\":{\"@id\":\"https:\\\/\\\/www.accuratereviews.com\\\/it\\\/video-editing-guida-utente\\\/#primaryimage\"},\"image\":{\"@id\":\"https:\\\/\\\/www.accuratereviews.com\\\/it\\\/video-editing-guida-utente\\\/#primaryimage\"},\"thumbnailUrl\":\"http:\\\/\\\/www.accuratereviews.com\\\/wp-content\\\/uploads\\\/2015\\\/06\\\/video-598713_1280.jpg\",\"datePublished\":\"2017-01-25T11:25:07+00:00\",\"dateModified\":\"2019-06-11T05:22:51+00:00\",\"description\":\"I nostri esperti ti guidano nella scelta del migliore software di editing video che vada in contro alle tue esigenze professionali.\",\"breadcrumb\":{\"@id\":\"https:\\\/\\\/www.accuratereviews.com\\\/it\\\/video-editing-guida-utente\\\/#breadcrumb\"},\"inLanguage\":\"it-IT\",\"potentialAction\":[{\"@type\":\"ReadAction\",\"target\":[\"https:\\\/\\\/www.accuratereviews.com\\\/it\\\/video-editing-guida-utente\\\/\"]}]},{\"@type\":\"ImageObject\",\"inLanguage\":\"it-IT\",\"@id\":\"https:\\\/\\\/www.accuratereviews.com\\\/it\\\/video-editing-guida-utente\\\/#primaryimage\",\"url\":\"http:\\\/\\\/www.accuratereviews.com\\\/wp-content\\\/uploads\\\/2015\\\/06\\\/video-598713_1280.jpg\",\"contentUrl\":\"http:\\\/\\\/www.accuratereviews.com\\\/wp-content\\\/uploads\\\/2015\\\/06\\\/video-598713_1280.jpg\"},{\"@type\":\"BreadcrumbList\",\"@id\":\"https:\\\/\\\/www.accuratereviews.com\\\/it\\\/video-editing-guida-utente\\\/#breadcrumb\",\"itemListElement\":[{\"@type\":\"ListItem\",\"position\":1,\"name\":\"Home\",\"item\":\"https:\\\/\\\/www.accuratereviews.com\\\/it\\\/\"},{\"@type\":\"ListItem\",\"position\":2,\"name\":\"Software per il video editing\"}]},{\"@type\":\"WebSite\",\"@id\":\"https:\\\/\\\/www.accuratereviews.com\\\/it\\\/#website\",\"url\":\"https:\\\/\\\/www.accuratereviews.com\\\/it\\\/\",\"name\":\"Accurate Reviews\",\"description\":\"\",\"potentialAction\":[{\"@type\":\"SearchAction\",\"target\":{\"@type\":\"EntryPoint\",\"urlTemplate\":\"https:\\\/\\\/www.accuratereviews.com\\\/it\\\/?s={search_term_string}\"},\"query-input\":{\"@type\":\"PropertyValueSpecification\",\"valueRequired\":true,\"valueName\":\"search_term_string\"}}],\"inLanguage\":\"it-IT\"}]}<\/script>\n<!-- \/ Yoast SEO plugin. -->","yoast_head_json":{"title":"I migliori software di editing video: la guida utente - Accurate Reviews","description":"I nostri esperti ti guidano nella scelta del migliore software di editing video che vada in contro alle tue esigenze professionali.","robots":{"index":"index","follow":"follow","max-snippet":"max-snippet:-1","max-image-preview":"max-image-preview:large","max-video-preview":"max-video-preview:-1"},"canonical":"https:\/\/www.accuratereviews.com\/it\/video-editing-guida-utente\/","og_locale":"it_IT","og_type":"article","og_title":"I migliori software di editing video: la guida utente - Accurate Reviews","og_description":"I nostri esperti ti guidano nella scelta del migliore software di editing video che vada in contro alle tue esigenze professionali.","og_url":"https:\/\/www.accuratereviews.com\/it\/video-editing-guida-utente\/","og_site_name":"Accurate Reviews","article_modified_time":"2019-06-11T05:22:51+00:00","og_image":[{"url":"http:\/\/www.accuratereviews.com\/wp-content\/uploads\/2015\/06\/video-598713_1280.jpg","type":"","width":"","height":""}],"twitter_card":"summary_large_image","twitter_misc":{"Tempo di lettura stimato":"2 minuti"},"schema":{"@context":"https:\/\/schema.org","@graph":[{"@type":"WebPage","@id":"https:\/\/www.accuratereviews.com\/it\/video-editing-guida-utente\/","url":"https:\/\/www.accuratereviews.com\/it\/video-editing-guida-utente\/","name":"I migliori software di editing video: la guida utente - Accurate Reviews","isPartOf":{"@id":"https:\/\/www.accuratereviews.com\/it\/#website"},"primaryImageOfPage":{"@id":"https:\/\/www.accuratereviews.com\/it\/video-editing-guida-utente\/#primaryimage"},"image":{"@id":"https:\/\/www.accuratereviews.com\/it\/video-editing-guida-utente\/#primaryimage"},"thumbnailUrl":"http:\/\/www.accuratereviews.com\/wp-content\/uploads\/2015\/06\/video-598713_1280.jpg","datePublished":"2017-01-25T11:25:07+00:00","dateModified":"2019-06-11T05:22:51+00:00","description":"I nostri esperti ti guidano nella scelta del migliore software di editing video che vada in contro alle tue esigenze professionali.","breadcrumb":{"@id":"https:\/\/www.accuratereviews.com\/it\/video-editing-guida-utente\/#breadcrumb"},"inLanguage":"it-IT","potentialAction":[{"@type":"ReadAction","target":["https:\/\/www.accuratereviews.com\/it\/video-editing-guida-utente\/"]}]},{"@type":"ImageObject","inLanguage":"it-IT","@id":"https:\/\/www.accuratereviews.com\/it\/video-editing-guida-utente\/#primaryimage","url":"http:\/\/www.accuratereviews.com\/wp-content\/uploads\/2015\/06\/video-598713_1280.jpg","contentUrl":"http:\/\/www.accuratereviews.com\/wp-content\/uploads\/2015\/06\/video-598713_1280.jpg"},{"@type":"BreadcrumbList","@id":"https:\/\/www.accuratereviews.com\/it\/video-editing-guida-utente\/#breadcrumb","itemListElement":[{"@type":"ListItem","position":1,"name":"Home","item":"https:\/\/www.accuratereviews.com\/it\/"},{"@type":"ListItem","position":2,"name":"Software per il video editing"}]},{"@type":"WebSite","@id":"https:\/\/www.accuratereviews.com\/it\/#website","url":"https:\/\/www.accuratereviews.com\/it\/","name":"Accurate Reviews","description":"","potentialAction":[{"@type":"SearchAction","target":{"@type":"EntryPoint","urlTemplate":"https:\/\/www.accuratereviews.com\/it\/?s={search_term_string}"},"query-input":{"@type":"PropertyValueSpecification","valueRequired":true,"valueName":"search_term_string"}}],"inLanguage":"it-IT"}]}},"_links":{"self":[{"href":"https:\/\/www.accuratereviews.com\/it\/wp-json\/wp\/v2\/pages\/7575","targetHints":{"allow":["GET"]}}],"collection":[{"href":"https:\/\/www.accuratereviews.com\/it\/wp-json\/wp\/v2\/pages"}],"about":[{"href":"https:\/\/www.accuratereviews.com\/it\/wp-json\/wp\/v2\/types\/page"}],"author":[{"embeddable":true,"href":"https:\/\/www.accuratereviews.com\/it\/wp-json\/wp\/v2\/users\/16"}],"replies":[{"embeddable":true,"href":"https:\/\/www.accuratereviews.com\/it\/wp-json\/wp\/v2\/comments?post=7575"}],"version-history":[{"count":4,"href":"https:\/\/www.accuratereviews.com\/it\/wp-json\/wp\/v2\/pages\/7575\/revisions"}],"predecessor-version":[{"id":15560,"href":"https:\/\/www.accuratereviews.com\/it\/wp-json\/wp\/v2\/pages\/7575\/revisions\/15560"}],"wp:attachment":[{"href":"https:\/\/www.accuratereviews.com\/it\/wp-json\/wp\/v2\/media?parent=7575"}],"wp:term":[{"taxonomy":"category","embeddable":true,"href":"https:\/\/www.accuratereviews.com\/it\/wp-json\/wp\/v2\/categories?post=7575"},{"taxonomy":"post_tag","embeddable":true,"href":"https:\/\/www.accuratereviews.com\/it\/wp-json\/wp\/v2\/tags?post=7575"},{"taxonomy":"features","embeddable":true,"href":"https:\/\/www.accuratereviews.com\/it\/wp-json\/wp\/v2\/features?post=7575"}],"curies":[{"name":"wp","href":"https:\/\/api.w.org\/{rel}","templated":true}]}}