{"id":75840,"date":"2024-04-09T17:08:42","date_gmt":"2024-04-09T17:08:42","guid":{"rendered":"https:\/\/www.accuratereviews.com\/?page_id=75840"},"modified":"2024-04-09T17:08:42","modified_gmt":"2024-04-09T17:08:42","slug":"shortcuts-recensione","status":"publish","type":"page","link":"https:\/\/www.accuratereviews.com\/it\/gestionale-per-parrucchieri\/shortcuts-recensione\/","title":{"rendered":"Shortcuts"},"content":{"rendered":"<p><strong>Shortcuts<\/strong> \u00e8 un <strong>software di gestione aziendale <\/strong>che possiede ampie opzioni di prenotazione degli appuntamenti, offrendo anche la possibilit\u00e0 di riprogrammarli e modificarli. Gli appuntamenti possono essere raggruppati insieme e possono essere impostati incontri ricorrenti per i clienti abituali. Gli strumenti di gestione della reception includono un sistema di punti vendita che consente l&#8217;elaborazione dei rimborsi e l&#8217;applicazione di sconti per soddisfare i clienti.<br \/>\nLe aziende possono gestire le proprie offerte di servizi e offrire ai clienti la possibilit\u00e0 di acquistare servizi in blocco. Le funzionalit\u00e0 di gestione del cliente consentono la registrazione di ogni interazione con il cliente, consentendo al personale di vendere in modo efficace prodotti e servizi. La gestione automatizzata dell&#8217;inventario fornisce notifiche per avvisare il personale su quando ordinare nuovi prodotti e la funzionalit\u00e0 di gestione delle risorse aiuta il personale a gestire i locali di servizio e\/o le attrezzature.<\/p>\n<h2>SHORTCUTS &#8211; TUTORIAL<\/h2>\n<div id=\"fluid-wrapper-counter-1\" class=\"g1-fluid-wrapper \" style=\"width:686px;\">\n<div style=\"padding-bottom:56.268221574344%;\"><iframe loading=\"lazy\" title=\"Shortcuts Software: Setting up Service Reporting Categories\" width=\"686\" height=\"386\" src=\"https:\/\/www.youtube.com\/embed\/Z7MdK-AP5x4?list=PL5Q1_sNEDH1eIpgU8CVUwLxay-g6N5MOQ\" frameborder=\"0\" allow=\"accelerometer; autoplay; clipboard-write; encrypted-media; gyroscope; picture-in-picture; web-share\" referrerpolicy=\"strict-origin-when-cross-origin\" allowfullscreen><\/iframe><\/div>\n<\/div>\n<h3>SHORTCUTS &#8211; CARATTERISTICHE<\/h3>\n<ul>\n<li><strong>Calendario:<\/strong> intuitiva rubrica degli appuntamenti touch-screen ti aiuta a gestire la tua giornata con facilit\u00e0. Flessibile e con uno stile adatto a te, ti consente di modificare, ridimensionare, riprogrammare e ripetere gli appuntamenti e raggruppare gli appuntamenti insieme, risparmiando tempo quando ne hai pi\u00f9 bisogno.<\/li>\n<li><strong>Punto vendita<\/strong>: semplifica la tua reception con l&#8217;elegante sistema punto vendita touch-screen. Puoi controllare rapidamente i clienti, rimborsare prodotti e servizi, applicare sconti e altro ancora.<\/li>\n<li><strong>Assistenza 24 ore su 24, 7 giorni su 7<\/strong>: goditi la tranquillit\u00e0 di sapere che puoi sempre parlare con una persona reale in caso di problemi tecnici.<\/li>\n<li><strong>Gestione del cliente:<\/strong> consenti al tuo personale di offrire agli ospiti un&#8217;esperienza eccezionale e di fare upselling senza ricorrere a presentazioni di vendita, aiutandoli a conoscere tutto sui tuoi clienti. Registra la cronologia di ciascun cliente, monitora i suoi progressi nel tempo e altro ancora.<\/li>\n<li><strong>Applicazioni mobili<\/strong>: sviluppano un&#8217;app mobile personalizzata che i tuoi ospiti potranno scaricare direttamente dall&#8217;app store. Avranno accesso immediato a notizie, offerte speciali e al loro saldo fedelt\u00e0, inoltre saranno in grado di gestire i propri appuntamenti, sempre e ovunque!<\/li>\n<li><strong>Gestione del servizio<\/strong>: configurare i tuoi servizi non \u00e8 mai stato cos\u00ec semplice. Con le scorciatoie, tutto ci\u00f2 di cui hai bisogno per gestire il menu di servizio \u00e8 a portata di mano, quindi tutto ci\u00f2 che devi fare \u00e8 configurarne uno, quindi lasciare che le tue impostazioni fluiscano nell&#8217;intero sistema.<\/li>\n<li><strong>Check-in automatico<\/strong>: riduci i tempi di attesa consentendo ai tuoi clienti di effettuare il check-in su un computer o tablet nella tua sala d&#8217;attesa o sul loro telefono cellulare se sono in viaggio. Fai sapere loro quanto devono aspettare con un tabellone digitale, aggiornato in tempo reale.<\/li>\n<li><strong>Gestione dei dipendenti<\/strong>: elimina lo stress dalla gestione di un team e sii il primo a conoscere i dettagli delle prestazioni dei tuoi dipendenti. Tieni d&#8217;occhio le vendite al dettaglio, le presenze e altro ancora, in modo da sapere quali conversazioni avviare e quando.<\/li>\n<li><strong>Prenotazione online:<\/strong> cattura ogni cliente permettendogli di prenotare online quando gli fa comodo. Puoi anche ridurre le mancate presentazioni chiedendo loro di pagare al momento della prenotazione.<\/li>\n<li><strong>Valutazioni e recensioni:<\/strong> scopri cosa pensano veramente i tuoi clienti e stronca eventuali reclami sul nascere con la funzione Valutazioni e recensioni. Invia loro automaticamente un&#8217;email dopo la loro visita chiedendo il loro feedback e condividi recensioni positive sul tuo sito web, sulla pagina dei social media o sul profilo mylocalsalon!<\/li>\n<\/ul>\n<h4>LE RECENSIONI DEGLI UTENTI<\/h4>\n<p><strong>Niamh &#8220;Shortcuts recensione&#8221;<\/strong><br \/>\n<strong>Commenti<\/strong>: Ho utilizzato le Shortcuts per il mio salone e recentemente ho aggiunto questo sistema alla mia nuova clinica che sto aprendo, siamo assolutamente soddisfatti del loro servizio clienti e di ci\u00f2 che possono offrire alla mia attivit\u00e0. Jay in particolare \u00e8 stato fantastico nell&#8217;assicurarsi che tutto procedesse senza intoppi per noi. Non potremmo raccomandarli abbastanza.<br \/>\n<strong>Pro<\/strong>: Questo \u00e8 un software semplice e veloce da utilizzare nel nostro affollato salone<br \/>\n<strong>Contro<\/strong>: A volte \u00e8 necessario riavviare il sistema perch\u00e9 potrebbe verificarsi un errore di sincronizzazione<\/p>\n<p><strong>Julie &#8220;Software facile da usare&#8221;<\/strong><br \/>\n<strong>Commenti<\/strong>: Siamo molto soddisfatti di Shortcuts nel nostro salone. Il supporto 24 ore su 24, 7 giorni su 7 \u00e8 stato fantastico.<br \/>\n<strong>Pro<\/strong>: Questo software per saloni \u00e8 davvero facile da usare. \u00c8 facile addestrare il mio staff a usarlo. Utilizziamo Shortcuts per pianificare gli appuntamenti con i clienti e per i punti vendita. La variet\u00e0 di report ed elenchi di marketing \u00e8 eccezionale.<br \/>\n<strong>Contro<\/strong>: Non abbiamo davvero avuto problemi con Shortcuts. Se non riuscissimo a capire qualcosa, il supporto \u00e8 eccezionale.<\/p>\n<p><strong>Katy\u00a0 &#8220;Perfetto per noi&#8221;<\/strong><br \/>\n<strong>Pro<\/strong>: Familiarit\u00e0 e facilit\u00e0 d&#8217;uso. l&#8217;azienda cerca sempre di migliorare funzionalit\u00e0 e caratteristiche<br \/>\n<strong>Contro<\/strong>: Vorrei avere accesso remoto a tutte le funzionalit\u00e0 in qualsiasi momento, come mente\/corpo<\/p>\n","protected":false},"excerpt":{"rendered":"<p>Shortcuts \u00e8 un software di gestione aziendale che possiede ampie opzioni di prenotazione degli appuntamenti, che offre anche la possibilit\u00e0 di riprogrammarli e modificarli. Gli appuntamenti possono essere raggruppati insieme e possono essere impostati incontri ricorrenti per i clienti abituali.<\/p>\n","protected":false},"author":19,"featured_media":75843,"parent":33071,"menu_order":0,"comment_status":"open","ping_status":"closed","template":"g1_template_page_review_new.php","meta":{"_acf_changed":false,"cwp_meta_box_check":"No","cwp_rev_product_name":"","cwp_rev_product_image":"","wppr_links":[],"cwp_rev_price":"","wppr_options":[],"wppr_pros":[],"wppr_cons":[],"_monsterinsights_skip_tracking":false,"_monsterinsights_sitenote_active":false,"_monsterinsights_sitenote_note":"","_monsterinsights_sitenote_category":0,"footnotes":""},"categories":[4186],"tags":[14947,4267,14950,15040,14949,14948],"features":[],"class_list":{"0":"post-75840","1":"page","2":"type-page","3":"status-publish","4":"has-post-thumbnail","6":"category-gestionali-per-parrucchieri","7":"tag-gestionale-parrucchieri","8":"tag-piattaforma-gestionale-parrucchieri","9":"tag-programma-gestionale-parrucchieri","10":"tag-shortcuts","11":"tag-software-gestionale-parrucchieri","12":"tag-soluzione-gestionale-parrucchieri"},"wppr_data":{"cwp_meta_box_check":"No"},"acf":[],"yoast_head":"<!-- This site is optimized with the Yoast SEO plugin v27.4 - https:\/\/yoast.com\/product\/yoast-seo-wordpress\/ -->\n<title>Shortcuts: recensione software gestionale parrucchieri - Accurate Reviews<\/title>\n<meta name=\"description\" content=\"Shortcuts: recensione software di gestione aziendale che possiede ampie opzioni di prenotazione degli appuntamenti.\" \/>\n<meta name=\"robots\" content=\"index, follow, max-snippet:-1, max-image-preview:large, max-video-preview:-1\" \/>\n<link rel=\"canonical\" href=\"https:\/\/www.accuratereviews.com\/it\/gestionale-per-parrucchieri\/shortcuts-recensione\/\" \/>\n<meta property=\"og:locale\" content=\"it_IT\" \/>\n<meta property=\"og:type\" content=\"article\" \/>\n<meta property=\"og:title\" content=\"Shortcuts: recensione software gestionale parrucchieri - Accurate Reviews\" \/>\n<meta property=\"og:description\" content=\"Shortcuts: recensione software di gestione aziendale che possiede ampie opzioni di prenotazione degli appuntamenti.\" \/>\n<meta property=\"og:url\" content=\"https:\/\/www.accuratereviews.com\/it\/gestionale-per-parrucchieri\/shortcuts-recensione\/\" \/>\n<meta property=\"og:site_name\" content=\"Accurate Reviews\" \/>\n<meta property=\"og:image\" content=\"https:\/\/www.accuratereviews.com\/wp-content\/uploads\/2024\/04\/Shortcuts.jpeg\" \/>\n\t<meta property=\"og:image:width\" content=\"200\" \/>\n\t<meta property=\"og:image:height\" content=\"200\" \/>\n\t<meta property=\"og:image:type\" content=\"image\/jpeg\" \/>\n<meta name=\"twitter:card\" content=\"summary_large_image\" \/>\n<meta name=\"twitter:label1\" content=\"Tempo di lettura stimato\" \/>\n\t<meta name=\"twitter:data1\" content=\"6 minuti\" \/>\n<script type=\"application\/ld+json\" class=\"yoast-schema-graph\">{\"@context\":\"https:\\\/\\\/schema.org\",\"@graph\":[{\"@type\":\"WebPage\",\"@id\":\"https:\\\/\\\/www.accuratereviews.com\\\/it\\\/gestionale-per-parrucchieri\\\/shortcuts-recensione\\\/\",\"url\":\"https:\\\/\\\/www.accuratereviews.com\\\/it\\\/gestionale-per-parrucchieri\\\/shortcuts-recensione\\\/\",\"name\":\"Shortcuts: recensione software gestionale parrucchieri - Accurate Reviews\",\"isPartOf\":{\"@id\":\"https:\\\/\\\/www.accuratereviews.com\\\/it\\\/#website\"},\"primaryImageOfPage\":{\"@id\":\"https:\\\/\\\/www.accuratereviews.com\\\/it\\\/gestionale-per-parrucchieri\\\/shortcuts-recensione\\\/#primaryimage\"},\"image\":{\"@id\":\"https:\\\/\\\/www.accuratereviews.com\\\/it\\\/gestionale-per-parrucchieri\\\/shortcuts-recensione\\\/#primaryimage\"},\"thumbnailUrl\":\"https:\\\/\\\/www.accuratereviews.com\\\/wp-content\\\/uploads\\\/2024\\\/04\\\/Shortcuts.jpeg\",\"datePublished\":\"2024-04-09T17:08:42+00:00\",\"description\":\"Shortcuts: recensione software di gestione aziendale che possiede ampie opzioni di prenotazione degli appuntamenti.\",\"breadcrumb\":{\"@id\":\"https:\\\/\\\/www.accuratereviews.com\\\/it\\\/gestionale-per-parrucchieri\\\/shortcuts-recensione\\\/#breadcrumb\"},\"inLanguage\":\"it-IT\",\"potentialAction\":[{\"@type\":\"ReadAction\",\"target\":[\"https:\\\/\\\/www.accuratereviews.com\\\/it\\\/gestionale-per-parrucchieri\\\/shortcuts-recensione\\\/\"]}]},{\"@type\":\"ImageObject\",\"inLanguage\":\"it-IT\",\"@id\":\"https:\\\/\\\/www.accuratereviews.com\\\/it\\\/gestionale-per-parrucchieri\\\/shortcuts-recensione\\\/#primaryimage\",\"url\":\"https:\\\/\\\/www.accuratereviews.com\\\/wp-content\\\/uploads\\\/2024\\\/04\\\/Shortcuts.jpeg\",\"contentUrl\":\"https:\\\/\\\/www.accuratereviews.com\\\/wp-content\\\/uploads\\\/2024\\\/04\\\/Shortcuts.jpeg\",\"width\":200,\"height\":200},{\"@type\":\"BreadcrumbList\",\"@id\":\"https:\\\/\\\/www.accuratereviews.com\\\/it\\\/gestionale-per-parrucchieri\\\/shortcuts-recensione\\\/#breadcrumb\",\"itemListElement\":[{\"@type\":\"ListItem\",\"position\":1,\"name\":\"Home\",\"item\":\"https:\\\/\\\/www.accuratereviews.com\\\/it\\\/\"},{\"@type\":\"ListItem\",\"position\":2,\"name\":\"Gestionale per parrucchieri\",\"item\":\"https:\\\/\\\/www.accuratereviews.com\\\/it\\\/gestionale-per-parrucchieri\\\/\"},{\"@type\":\"ListItem\",\"position\":3,\"name\":\"Shortcuts\"}]},{\"@type\":\"WebSite\",\"@id\":\"https:\\\/\\\/www.accuratereviews.com\\\/it\\\/#website\",\"url\":\"https:\\\/\\\/www.accuratereviews.com\\\/it\\\/\",\"name\":\"Accurate Reviews\",\"description\":\"\",\"potentialAction\":[{\"@type\":\"SearchAction\",\"target\":{\"@type\":\"EntryPoint\",\"urlTemplate\":\"https:\\\/\\\/www.accuratereviews.com\\\/it\\\/?s={search_term_string}\"},\"query-input\":{\"@type\":\"PropertyValueSpecification\",\"valueRequired\":true,\"valueName\":\"search_term_string\"}}],\"inLanguage\":\"it-IT\"}]}<\/script>\n<!-- \/ Yoast SEO plugin. -->","yoast_head_json":{"title":"Shortcuts: recensione software gestionale parrucchieri - Accurate Reviews","description":"Shortcuts: recensione software di gestione aziendale che possiede ampie opzioni di prenotazione degli appuntamenti.","robots":{"index":"index","follow":"follow","max-snippet":"max-snippet:-1","max-image-preview":"max-image-preview:large","max-video-preview":"max-video-preview:-1"},"canonical":"https:\/\/www.accuratereviews.com\/it\/gestionale-per-parrucchieri\/shortcuts-recensione\/","og_locale":"it_IT","og_type":"article","og_title":"Shortcuts: recensione software gestionale parrucchieri - Accurate Reviews","og_description":"Shortcuts: recensione software di gestione aziendale che possiede ampie opzioni di prenotazione degli appuntamenti.","og_url":"https:\/\/www.accuratereviews.com\/it\/gestionale-per-parrucchieri\/shortcuts-recensione\/","og_site_name":"Accurate Reviews","og_image":[{"width":200,"height":200,"url":"https:\/\/www.accuratereviews.com\/wp-content\/uploads\/2024\/04\/Shortcuts.jpeg","type":"image\/jpeg"}],"twitter_card":"summary_large_image","twitter_misc":{"Tempo di lettura stimato":"6 minuti"},"schema":{"@context":"https:\/\/schema.org","@graph":[{"@type":"WebPage","@id":"https:\/\/www.accuratereviews.com\/it\/gestionale-per-parrucchieri\/shortcuts-recensione\/","url":"https:\/\/www.accuratereviews.com\/it\/gestionale-per-parrucchieri\/shortcuts-recensione\/","name":"Shortcuts: recensione software gestionale parrucchieri - Accurate Reviews","isPartOf":{"@id":"https:\/\/www.accuratereviews.com\/it\/#website"},"primaryImageOfPage":{"@id":"https:\/\/www.accuratereviews.com\/it\/gestionale-per-parrucchieri\/shortcuts-recensione\/#primaryimage"},"image":{"@id":"https:\/\/www.accuratereviews.com\/it\/gestionale-per-parrucchieri\/shortcuts-recensione\/#primaryimage"},"thumbnailUrl":"https:\/\/www.accuratereviews.com\/wp-content\/uploads\/2024\/04\/Shortcuts.jpeg","datePublished":"2024-04-09T17:08:42+00:00","description":"Shortcuts: recensione software di gestione aziendale che possiede ampie opzioni di prenotazione degli appuntamenti.","breadcrumb":{"@id":"https:\/\/www.accuratereviews.com\/it\/gestionale-per-parrucchieri\/shortcuts-recensione\/#breadcrumb"},"inLanguage":"it-IT","potentialAction":[{"@type":"ReadAction","target":["https:\/\/www.accuratereviews.com\/it\/gestionale-per-parrucchieri\/shortcuts-recensione\/"]}]},{"@type":"ImageObject","inLanguage":"it-IT","@id":"https:\/\/www.accuratereviews.com\/it\/gestionale-per-parrucchieri\/shortcuts-recensione\/#primaryimage","url":"https:\/\/www.accuratereviews.com\/wp-content\/uploads\/2024\/04\/Shortcuts.jpeg","contentUrl":"https:\/\/www.accuratereviews.com\/wp-content\/uploads\/2024\/04\/Shortcuts.jpeg","width":200,"height":200},{"@type":"BreadcrumbList","@id":"https:\/\/www.accuratereviews.com\/it\/gestionale-per-parrucchieri\/shortcuts-recensione\/#breadcrumb","itemListElement":[{"@type":"ListItem","position":1,"name":"Home","item":"https:\/\/www.accuratereviews.com\/it\/"},{"@type":"ListItem","position":2,"name":"Gestionale per parrucchieri","item":"https:\/\/www.accuratereviews.com\/it\/gestionale-per-parrucchieri\/"},{"@type":"ListItem","position":3,"name":"Shortcuts"}]},{"@type":"WebSite","@id":"https:\/\/www.accuratereviews.com\/it\/#website","url":"https:\/\/www.accuratereviews.com\/it\/","name":"Accurate Reviews","description":"","potentialAction":[{"@type":"SearchAction","target":{"@type":"EntryPoint","urlTemplate":"https:\/\/www.accuratereviews.com\/it\/?s={search_term_string}"},"query-input":{"@type":"PropertyValueSpecification","valueRequired":true,"valueName":"search_term_string"}}],"inLanguage":"it-IT"}]}},"_links":{"self":[{"href":"https:\/\/www.accuratereviews.com\/it\/wp-json\/wp\/v2\/pages\/75840","targetHints":{"allow":["GET"]}}],"collection":[{"href":"https:\/\/www.accuratereviews.com\/it\/wp-json\/wp\/v2\/pages"}],"about":[{"href":"https:\/\/www.accuratereviews.com\/it\/wp-json\/wp\/v2\/types\/page"}],"author":[{"embeddable":true,"href":"https:\/\/www.accuratereviews.com\/it\/wp-json\/wp\/v2\/users\/19"}],"replies":[{"embeddable":true,"href":"https:\/\/www.accuratereviews.com\/it\/wp-json\/wp\/v2\/comments?post=75840"}],"version-history":[{"count":10,"href":"https:\/\/www.accuratereviews.com\/it\/wp-json\/wp\/v2\/pages\/75840\/revisions"}],"predecessor-version":[{"id":75860,"href":"https:\/\/www.accuratereviews.com\/it\/wp-json\/wp\/v2\/pages\/75840\/revisions\/75860"}],"up":[{"embeddable":true,"href":"https:\/\/www.accuratereviews.com\/it\/wp-json\/wp\/v2\/pages\/33071"}],"wp:featuredmedia":[{"embeddable":true,"href":"https:\/\/www.accuratereviews.com\/it\/wp-json\/wp\/v2\/media\/75843"}],"wp:attachment":[{"href":"https:\/\/www.accuratereviews.com\/it\/wp-json\/wp\/v2\/media?parent=75840"}],"wp:term":[{"taxonomy":"category","embeddable":true,"href":"https:\/\/www.accuratereviews.com\/it\/wp-json\/wp\/v2\/categories?post=75840"},{"taxonomy":"post_tag","embeddable":true,"href":"https:\/\/www.accuratereviews.com\/it\/wp-json\/wp\/v2\/tags?post=75840"},{"taxonomy":"features","embeddable":true,"href":"https:\/\/www.accuratereviews.com\/it\/wp-json\/wp\/v2\/features?post=75840"}],"curies":[{"name":"wp","href":"https:\/\/api.w.org\/{rel}","templated":true}]}}