{"id":75862,"date":"2024-04-10T17:02:55","date_gmt":"2024-04-10T17:02:55","guid":{"rendered":"https:\/\/www.accuratereviews.com\/?page_id=75862"},"modified":"2024-04-11T09:32:14","modified_gmt":"2024-04-11T09:32:14","slug":"ovatu-recensione","status":"publish","type":"page","link":"https:\/\/www.accuratereviews.com\/it\/gestionale-per-parrucchieri\/ovatu-recensione\/","title":{"rendered":"Ovatu"},"content":{"rendered":"<p><strong>Ovatu<\/strong> \u00e8 un fornitore di <strong>software di prenotazione per saloni e spa<\/strong> di livello mondiale con promemoria, opzioni di prenotazione online, strumenti di marketing e altro ancora. Il programma personalizza l&#8217;intera esperienza di prenotazione in base al tuo marchio e aiuta a convertire pi\u00f9 persone in clienti a lungo termine.<br \/>\nCon l&#8217;obiettivo di aiutare le aziende a organizzare tempo, personale e risorse,<strong> Ovatu Manager<\/strong> vanta funzionalit\u00e0 tra cui pianificazione di gruppo, promemoria via sms ed email, report in tempo reale, prenotazione online, integrazione con social media, punto vendita (POS) e altro ancora. Ogni volta che viene effettuata una prenotazione il calendario si aggiorna su tutti i dispositivi per evitare doppie prenotazioni o sovrapposizioni di programma, e i dipendenti possono ricevere avvisi quando si verificano modifiche al loro programma. Per una maggiore organizzazione, il personale pu\u00f2 aggiungere note sugli appuntamenti, codificare con colori i propri appuntamenti e impostare tipi di stato personalizzati per comprendere a colpo d&#8217;occhio il proprio programma.<\/p>\n<h2>OVATU &#8211; TUTORIAL<\/h2>\n<div id=\"fluid-wrapper-counter-1\" class=\"g1-fluid-wrapper \" style=\"width:686px;\">\n<div style=\"padding-bottom:56.268221574344%;\"><iframe loading=\"lazy\" title=\"Ovatu - Overview of the System\" width=\"686\" height=\"386\" src=\"https:\/\/www.youtube.com\/embed\/cThpwTVjlBY?feature=oembed&amp;wmode=transparent&amp;autohide=1&amp;autoplay=0&amp;disablekb=0&amp;fs=1&amp;loop=0&amp;enablejsapi=1&amp;rel=0&amp;controls=2&amp;showinfo=0&amp;wmode=transparent&amp;autohide=2&amp;autoplay=0&amp;disablekb=0&amp;fs=1&amp;loop=0&amp;enablejsapi=1&amp;rel=0&amp;controls=2&amp;showinfo=1\" frameborder=\"0\" allow=\"accelerometer; autoplay; clipboard-write; encrypted-media; gyroscope; picture-in-picture; web-share\" referrerpolicy=\"strict-origin-when-cross-origin\" allowfullscreen><\/iframe><\/div>\n<\/div>\n<h3>OVATU &#8211; CARATTERISTICHE<\/h3>\n<ul>\n<li><strong>Pagamenti e POS<\/strong>: flessibilit\u00e0 per scegliere il metodo di pagamento adatto a te e ai tuoi clienti. Accetta pagamenti online, in negozio o in movimento. Accetta contanti, carte, buoni regalo e altro ancora.<\/li>\n<li><strong>Segnale di prenotazione<\/strong>: i tuoi clienti possono prenotare rapidamente e facilmente un appuntamento senza mai uscire dalla pagina.<\/li>\n<li><strong>Widget<\/strong>: se i mini-siti e i beacon di prenotazione non fanno per te, adorerai il widget di prenotazione: incorpora il widget di prenotazione direttamente in una pagina del tuo sito web aziendale, personalizzalo per adattarlo ai tuoi colori e alle tue esigenze.<\/li>\n<li><strong>Accesso cliente<\/strong>: offri ai tuoi clienti una bellissima piattaforma per gestire il loro account. Consenti ai clienti di riprogrammare facilmente gli appuntamenti, pagare le fatture, visualizzare le carte regalo, trasferire i saldi e lasciare recensioni!<\/li>\n<li><strong>Carte regalo:<\/strong> vendi buoni regalo (certificati) online e in negozio e consenti ai tuoi clienti di riscattare i loro coupon online!<\/li>\n<li><strong>Galleria<\/strong>: mostra il tuo lavoro con una galleria di foto sul tuo sito.<\/li>\n<li><strong>Temi e marchio<\/strong>: un sito di prenotazione online personalizzabile ospitato sul programma, con il tuo marchio personale e il dominio esclusivo book.app. Personalizza colori, caratteri, immagini e altro ancora!<\/li>\n<li><strong>Inventario<\/strong>: comprendi quanti prodotti hai, quali prodotti sono in vendita e quando \u00e8 necessario rifornirle.<\/li>\n<li><strong>Rapporti<\/strong>: la suite di reporting ti aiuta a creare un&#8217;istantanea completa non solo della tua attivit\u00e0, ma anche a comprendere i tuoi prodotti in modo pi\u00f9 dettagliato.<\/li>\n<li><strong>Marche<\/strong>: crea marchi e associali a prodotti pertinenti. Fornendoti maggiori informazioni su come vendono.<\/li>\n<li><strong>Fornitori<\/strong>: gestisci pi\u00f9 fornitori con ordini di prodotti monitorati all&#8217;interno della soluzione per aiutarti a rimanere aggiornato sugli ordini in arrivo.<\/li>\n<li><strong>Categorie<\/strong>: gestisci le categorie di prodotti e assegnale ai tuoi prodotti per aiutarti a rimanere organizzato.<\/li>\n<\/ul>\n<h4>LE RECENSIONI DEGLI UTENTI<\/h4>\n<p><strong>Holly &#8220;I miei pazienti lo adorano!&#8221;<\/strong><br \/>\n<strong>Commenti<\/strong>: Non ho tanti appuntamenti mancati, i miei pazienti adorano la semplicit\u00e0 della prenotazione online.<br \/>\n<strong>Pro<\/strong>: facilit\u00e0 d&#8217;uso per i miei pazienti, semplice per me. Non ho la reception quindi mi aiuta con il mio tempo. non prenoto pi\u00f9 molti appuntamenti telefonicamente.<br \/>\n<strong>Contro<\/strong>: creare i moduli \u00e8 stato un po&#8217; complicato, non capisco tutta la terminologia quindi non sono sicuro a cosa servano alcune cose. Ma questo \u00e8 un problema mio, penso.<\/p>\n<p><strong>Andrea &#8220;Le cose migliorano sempre di pi\u00f9&#8221;<\/strong><br \/>\n<strong>Commenti<\/strong>: Eccellente<br \/>\n<strong>Pro<\/strong>: Economico, basato sul cloud, funziona come 2 membri dello staff. Lo uso sul mio MAC, iPhone e iPad. Le versioni di aggiornamento migliorano sempre di pi\u00f9 e sembrano davvero pulite e facili da navigare. Rispondono molto rapidamente anche alle domande. I clienti possono prenotare 24 ore su 24, 7 giorni su 7, ha anche tutte le funzionalit\u00e0, adoro, adoro, adoro! Ora con l&#8217;opzione lista d&#8217;attesa migliorata \u00e8 ancora meglio. Posso sviluppare i miei moduli di consenso che vengono inviati quando un cliente prenota online.<br \/>\n<strong>Contro<\/strong>: Non c&#8217;\u00e8 niente che non mi piaccia. Lavoro con questa azienda ormai da molti anni e man mano che crescono e sviluppano il prodotto, migliora sempre di pi\u00f9.<\/p>\n<p><strong>Fay &#8220;Eccellente&#8221;<\/strong><br \/>\n<strong>Commenti<\/strong>: Uso Ovatu da 9,5 anni ormai ed \u00e8 fantastico. Il servizio clienti non \u00e8 secondo a nessuno. La facilit\u00e0 di progettazione del sistema \u00e8 brillante anche per i tecnofobi come me. Fa tutto ci\u00f2 di cui ho bisogno e avere accesso con la punta delle dita a tutti gli appuntamenti dei miei clienti e consultare la cronologia \u00e8 fantastico.<br \/>\n<strong>Pro<\/strong>: Ovatu \u00e8 cos\u00ec facile da usare. Posso vedere facilmente la mia agenda settimanale e prenotare gli appuntamenti \u00e8 semplicissimo.<br \/>\n<strong>Contro<\/strong>: La cosa che manca a Ovatu per me sono i segmenti temporali per i clienti. Ad esempio, avere clienti serali in un segmento in modo che solo loro possano prenotare appuntamenti dopo le 17:00<\/p>\n","protected":false},"excerpt":{"rendered":"<p>Ovatu \u00e8 un fornitore di software di prenotazione per saloni e spa di livello mondiale con promemoria, opzioni di prenotazione online, strumenti di marketing e altro ancora. Il programma personalizza l&#8217;intera esperienza di prenotazione in base al tuo marchio e aiuta a convertire pi\u00f9 persone in clienti a lungo termine.<\/p>\n","protected":false},"author":19,"featured_media":75863,"parent":33071,"menu_order":0,"comment_status":"open","ping_status":"closed","template":"g1_template_page_review_new.php","meta":{"_acf_changed":false,"cwp_meta_box_check":"No","cwp_rev_product_name":"","cwp_rev_product_image":"","wppr_links":[],"cwp_rev_price":"","wppr_options":[],"wppr_pros":[],"wppr_cons":[],"_monsterinsights_skip_tracking":false,"_monsterinsights_sitenote_active":false,"_monsterinsights_sitenote_note":"","_monsterinsights_sitenote_category":0,"footnotes":""},"categories":[4186],"tags":[14947,15041,4267,14950,14949,14948],"features":[],"class_list":{"0":"post-75862","1":"page","2":"type-page","3":"status-publish","4":"has-post-thumbnail","6":"category-gestionali-per-parrucchieri","7":"tag-gestionale-parrucchieri","8":"tag-ovatu","9":"tag-piattaforma-gestionale-parrucchieri","10":"tag-programma-gestionale-parrucchieri","11":"tag-software-gestionale-parrucchieri","12":"tag-soluzione-gestionale-parrucchieri"},"wppr_data":{"cwp_meta_box_check":"No"},"acf":[],"yoast_head":"<!-- This site is optimized with the Yoast SEO plugin v27.4 - https:\/\/yoast.com\/product\/yoast-seo-wordpress\/ -->\n<title>Ovatu: recensione software gestionale parrucchieri - Accurate Reviews<\/title>\n<meta name=\"description\" content=\"Ovatu: recensione software di prenotazione per saloni e spa con promemoria, strumenti di marketing e altro ancora.\" \/>\n<meta name=\"robots\" content=\"index, follow, max-snippet:-1, max-image-preview:large, max-video-preview:-1\" \/>\n<link rel=\"canonical\" href=\"https:\/\/www.accuratereviews.com\/it\/gestionale-per-parrucchieri\/ovatu-recensione\/\" \/>\n<meta property=\"og:locale\" content=\"it_IT\" \/>\n<meta property=\"og:type\" content=\"article\" \/>\n<meta property=\"og:title\" content=\"Ovatu: recensione software gestionale parrucchieri - Accurate Reviews\" \/>\n<meta property=\"og:description\" content=\"Ovatu: recensione software di prenotazione per saloni e spa con promemoria, strumenti di marketing e altro ancora.\" \/>\n<meta property=\"og:url\" content=\"https:\/\/www.accuratereviews.com\/it\/gestionale-per-parrucchieri\/ovatu-recensione\/\" \/>\n<meta property=\"og:site_name\" content=\"Accurate Reviews\" \/>\n<meta property=\"article:modified_time\" content=\"2024-04-11T09:32:14+00:00\" \/>\n<meta property=\"og:image\" content=\"https:\/\/www.accuratereviews.com\/wp-content\/uploads\/2024\/04\/ovatu.webp\" \/>\n\t<meta property=\"og:image:width\" content=\"543\" \/>\n\t<meta property=\"og:image:height\" content=\"200\" \/>\n\t<meta property=\"og:image:type\" content=\"image\/webp\" \/>\n<meta name=\"twitter:card\" content=\"summary_large_image\" \/>\n<meta name=\"twitter:label1\" content=\"Tempo di lettura stimato\" \/>\n\t<meta name=\"twitter:data1\" content=\"6 minuti\" \/>\n<script type=\"application\/ld+json\" class=\"yoast-schema-graph\">{\"@context\":\"https:\\\/\\\/schema.org\",\"@graph\":[{\"@type\":\"WebPage\",\"@id\":\"https:\\\/\\\/www.accuratereviews.com\\\/it\\\/gestionale-per-parrucchieri\\\/ovatu-recensione\\\/\",\"url\":\"https:\\\/\\\/www.accuratereviews.com\\\/it\\\/gestionale-per-parrucchieri\\\/ovatu-recensione\\\/\",\"name\":\"Ovatu: recensione software gestionale parrucchieri - Accurate Reviews\",\"isPartOf\":{\"@id\":\"https:\\\/\\\/www.accuratereviews.com\\\/it\\\/#website\"},\"primaryImageOfPage\":{\"@id\":\"https:\\\/\\\/www.accuratereviews.com\\\/it\\\/gestionale-per-parrucchieri\\\/ovatu-recensione\\\/#primaryimage\"},\"image\":{\"@id\":\"https:\\\/\\\/www.accuratereviews.com\\\/it\\\/gestionale-per-parrucchieri\\\/ovatu-recensione\\\/#primaryimage\"},\"thumbnailUrl\":\"https:\\\/\\\/www.accuratereviews.com\\\/wp-content\\\/uploads\\\/2024\\\/04\\\/ovatu.webp\",\"datePublished\":\"2024-04-10T17:02:55+00:00\",\"dateModified\":\"2024-04-11T09:32:14+00:00\",\"description\":\"Ovatu: recensione software di prenotazione per saloni e spa con promemoria, strumenti di marketing e altro ancora.\",\"breadcrumb\":{\"@id\":\"https:\\\/\\\/www.accuratereviews.com\\\/it\\\/gestionale-per-parrucchieri\\\/ovatu-recensione\\\/#breadcrumb\"},\"inLanguage\":\"it-IT\",\"potentialAction\":[{\"@type\":\"ReadAction\",\"target\":[\"https:\\\/\\\/www.accuratereviews.com\\\/it\\\/gestionale-per-parrucchieri\\\/ovatu-recensione\\\/\"]}]},{\"@type\":\"ImageObject\",\"inLanguage\":\"it-IT\",\"@id\":\"https:\\\/\\\/www.accuratereviews.com\\\/it\\\/gestionale-per-parrucchieri\\\/ovatu-recensione\\\/#primaryimage\",\"url\":\"https:\\\/\\\/www.accuratereviews.com\\\/wp-content\\\/uploads\\\/2024\\\/04\\\/ovatu.webp\",\"contentUrl\":\"https:\\\/\\\/www.accuratereviews.com\\\/wp-content\\\/uploads\\\/2024\\\/04\\\/ovatu.webp\",\"width\":543,\"height\":200},{\"@type\":\"BreadcrumbList\",\"@id\":\"https:\\\/\\\/www.accuratereviews.com\\\/it\\\/gestionale-per-parrucchieri\\\/ovatu-recensione\\\/#breadcrumb\",\"itemListElement\":[{\"@type\":\"ListItem\",\"position\":1,\"name\":\"Home\",\"item\":\"https:\\\/\\\/www.accuratereviews.com\\\/it\\\/\"},{\"@type\":\"ListItem\",\"position\":2,\"name\":\"Gestionale per parrucchieri\",\"item\":\"https:\\\/\\\/www.accuratereviews.com\\\/it\\\/gestionale-per-parrucchieri\\\/\"},{\"@type\":\"ListItem\",\"position\":3,\"name\":\"Ovatu\"}]},{\"@type\":\"WebSite\",\"@id\":\"https:\\\/\\\/www.accuratereviews.com\\\/it\\\/#website\",\"url\":\"https:\\\/\\\/www.accuratereviews.com\\\/it\\\/\",\"name\":\"Accurate Reviews\",\"description\":\"\",\"potentialAction\":[{\"@type\":\"SearchAction\",\"target\":{\"@type\":\"EntryPoint\",\"urlTemplate\":\"https:\\\/\\\/www.accuratereviews.com\\\/it\\\/?s={search_term_string}\"},\"query-input\":{\"@type\":\"PropertyValueSpecification\",\"valueRequired\":true,\"valueName\":\"search_term_string\"}}],\"inLanguage\":\"it-IT\"}]}<\/script>\n<!-- \/ Yoast SEO plugin. -->","yoast_head_json":{"title":"Ovatu: recensione software gestionale parrucchieri - Accurate Reviews","description":"Ovatu: recensione software di prenotazione per saloni e spa con promemoria, strumenti di marketing e altro ancora.","robots":{"index":"index","follow":"follow","max-snippet":"max-snippet:-1","max-image-preview":"max-image-preview:large","max-video-preview":"max-video-preview:-1"},"canonical":"https:\/\/www.accuratereviews.com\/it\/gestionale-per-parrucchieri\/ovatu-recensione\/","og_locale":"it_IT","og_type":"article","og_title":"Ovatu: recensione software gestionale parrucchieri - Accurate Reviews","og_description":"Ovatu: recensione software di prenotazione per saloni e spa con promemoria, strumenti di marketing e altro ancora.","og_url":"https:\/\/www.accuratereviews.com\/it\/gestionale-per-parrucchieri\/ovatu-recensione\/","og_site_name":"Accurate Reviews","article_modified_time":"2024-04-11T09:32:14+00:00","og_image":[{"width":543,"height":200,"url":"https:\/\/www.accuratereviews.com\/wp-content\/uploads\/2024\/04\/ovatu.webp","type":"image\/webp"}],"twitter_card":"summary_large_image","twitter_misc":{"Tempo di lettura stimato":"6 minuti"},"schema":{"@context":"https:\/\/schema.org","@graph":[{"@type":"WebPage","@id":"https:\/\/www.accuratereviews.com\/it\/gestionale-per-parrucchieri\/ovatu-recensione\/","url":"https:\/\/www.accuratereviews.com\/it\/gestionale-per-parrucchieri\/ovatu-recensione\/","name":"Ovatu: recensione software gestionale parrucchieri - Accurate Reviews","isPartOf":{"@id":"https:\/\/www.accuratereviews.com\/it\/#website"},"primaryImageOfPage":{"@id":"https:\/\/www.accuratereviews.com\/it\/gestionale-per-parrucchieri\/ovatu-recensione\/#primaryimage"},"image":{"@id":"https:\/\/www.accuratereviews.com\/it\/gestionale-per-parrucchieri\/ovatu-recensione\/#primaryimage"},"thumbnailUrl":"https:\/\/www.accuratereviews.com\/wp-content\/uploads\/2024\/04\/ovatu.webp","datePublished":"2024-04-10T17:02:55+00:00","dateModified":"2024-04-11T09:32:14+00:00","description":"Ovatu: recensione software di prenotazione per saloni e spa con promemoria, strumenti di marketing e altro ancora.","breadcrumb":{"@id":"https:\/\/www.accuratereviews.com\/it\/gestionale-per-parrucchieri\/ovatu-recensione\/#breadcrumb"},"inLanguage":"it-IT","potentialAction":[{"@type":"ReadAction","target":["https:\/\/www.accuratereviews.com\/it\/gestionale-per-parrucchieri\/ovatu-recensione\/"]}]},{"@type":"ImageObject","inLanguage":"it-IT","@id":"https:\/\/www.accuratereviews.com\/it\/gestionale-per-parrucchieri\/ovatu-recensione\/#primaryimage","url":"https:\/\/www.accuratereviews.com\/wp-content\/uploads\/2024\/04\/ovatu.webp","contentUrl":"https:\/\/www.accuratereviews.com\/wp-content\/uploads\/2024\/04\/ovatu.webp","width":543,"height":200},{"@type":"BreadcrumbList","@id":"https:\/\/www.accuratereviews.com\/it\/gestionale-per-parrucchieri\/ovatu-recensione\/#breadcrumb","itemListElement":[{"@type":"ListItem","position":1,"name":"Home","item":"https:\/\/www.accuratereviews.com\/it\/"},{"@type":"ListItem","position":2,"name":"Gestionale per parrucchieri","item":"https:\/\/www.accuratereviews.com\/it\/gestionale-per-parrucchieri\/"},{"@type":"ListItem","position":3,"name":"Ovatu"}]},{"@type":"WebSite","@id":"https:\/\/www.accuratereviews.com\/it\/#website","url":"https:\/\/www.accuratereviews.com\/it\/","name":"Accurate Reviews","description":"","potentialAction":[{"@type":"SearchAction","target":{"@type":"EntryPoint","urlTemplate":"https:\/\/www.accuratereviews.com\/it\/?s={search_term_string}"},"query-input":{"@type":"PropertyValueSpecification","valueRequired":true,"valueName":"search_term_string"}}],"inLanguage":"it-IT"}]}},"_links":{"self":[{"href":"https:\/\/www.accuratereviews.com\/it\/wp-json\/wp\/v2\/pages\/75862","targetHints":{"allow":["GET"]}}],"collection":[{"href":"https:\/\/www.accuratereviews.com\/it\/wp-json\/wp\/v2\/pages"}],"about":[{"href":"https:\/\/www.accuratereviews.com\/it\/wp-json\/wp\/v2\/types\/page"}],"author":[{"embeddable":true,"href":"https:\/\/www.accuratereviews.com\/it\/wp-json\/wp\/v2\/users\/19"}],"replies":[{"embeddable":true,"href":"https:\/\/www.accuratereviews.com\/it\/wp-json\/wp\/v2\/comments?post=75862"}],"version-history":[{"count":8,"href":"https:\/\/www.accuratereviews.com\/it\/wp-json\/wp\/v2\/pages\/75862\/revisions"}],"predecessor-version":[{"id":75874,"href":"https:\/\/www.accuratereviews.com\/it\/wp-json\/wp\/v2\/pages\/75862\/revisions\/75874"}],"up":[{"embeddable":true,"href":"https:\/\/www.accuratereviews.com\/it\/wp-json\/wp\/v2\/pages\/33071"}],"wp:featuredmedia":[{"embeddable":true,"href":"https:\/\/www.accuratereviews.com\/it\/wp-json\/wp\/v2\/media\/75863"}],"wp:attachment":[{"href":"https:\/\/www.accuratereviews.com\/it\/wp-json\/wp\/v2\/media?parent=75862"}],"wp:term":[{"taxonomy":"category","embeddable":true,"href":"https:\/\/www.accuratereviews.com\/it\/wp-json\/wp\/v2\/categories?post=75862"},{"taxonomy":"post_tag","embeddable":true,"href":"https:\/\/www.accuratereviews.com\/it\/wp-json\/wp\/v2\/tags?post=75862"},{"taxonomy":"features","embeddable":true,"href":"https:\/\/www.accuratereviews.com\/it\/wp-json\/wp\/v2\/features?post=75862"}],"curies":[{"name":"wp","href":"https:\/\/api.w.org\/{rel}","templated":true}]}}