{"id":75876,"date":"2024-04-11T10:26:58","date_gmt":"2024-04-11T10:26:58","guid":{"rendered":"https:\/\/www.accuratereviews.com\/?page_id=75876"},"modified":"2024-04-14T19:59:52","modified_gmt":"2024-04-14T19:59:52","slug":"eznet-scheduler-recensione","status":"publish","type":"page","link":"https:\/\/www.accuratereviews.com\/it\/gestionale-per-parrucchieri\/eznet-scheduler-recensione\/","title":{"rendered":"EZnet Scheduler"},"content":{"rendered":"<p><strong>EZnet Scheduler<\/strong> \u00e8 un<strong> software di pianificazione degli appuntamenti<\/strong> basato su <strong>cloud<\/strong> che consente agli utenti di accedere ai dettagli degli appuntamenti da dispositivi mobili. Ha il pi\u00f9 potente sistema di notifica Smart Status disponibile ovunque. Un flag di stato pu\u00f2 inviare avvisi di azioni personalizzate ai dipendenti o ai clienti per inviare sondaggi o semplicemente per dire &#8220;grazie&#8221;. Il software aiuta le aziende a ridurre gli appuntamenti per mancata presentazione, gestire le risorse, ottimizzare l&#8217;efficienza dei dipendenti ed evitare doppie prenotazioni. Flessibile, adattabile e scalabile \u00e8 adatto alle esigenze di aziende di tutte le dimensioni, dalla pi\u00f9 piccola alla pi\u00f9 grande. <strong>EZnet Scheduler<\/strong> offre la possibilit\u00e0 di pianificare appuntamenti online, inviare notifiche di testo, email o vocali ed esportare i dati dell&#8217;utente per l&#8217;analisi. Permette inoltre di aggiungere note sugli appuntamenti, accettare pagamenti con carta di credito, accedere su tutti i dispositivi mobili, creare moduli e campi personalizzati e proteggere i dati dei clienti con crittografia SSL.<\/p>\n<h2>EZNET SCHEDULER &#8211; TUTORIAL<\/h2>\n<div id=\"fluid-wrapper-counter-1\" class=\"g1-fluid-wrapper \" style=\"width:686px;\">\n<div style=\"padding-bottom:56.268221574344%;\"><iframe loading=\"lazy\" title=\"IntelliVu Spa\" width=\"515\" height=\"386\" src=\"https:\/\/www.youtube.com\/embed\/ntCWxDvzpa4?feature=oembed&amp;wmode=transparent&amp;autohide=1&amp;autoplay=0&amp;disablekb=0&amp;fs=1&amp;loop=0&amp;enablejsapi=1&amp;rel=0&amp;controls=2&amp;showinfo=0&amp;wmode=transparent&amp;autohide=2&amp;autoplay=0&amp;disablekb=0&amp;fs=1&amp;loop=0&amp;enablejsapi=1&amp;rel=0&amp;controls=2&amp;showinfo=1\" frameborder=\"0\" allow=\"accelerometer; autoplay; clipboard-write; encrypted-media; gyroscope; picture-in-picture; web-share\" referrerpolicy=\"strict-origin-when-cross-origin\" allowfullscreen><\/iframe><\/div>\n<\/div>\n<h3>EZNET SCHEDULER &#8211; CARATTERISTICHE<\/h3>\n<ul>\n<li><strong>Pianificatore SaaS basato su cloud<\/strong>: soluzione ospitata nel cloud, non devi installare, configurare, aggiornare o mantenere nulla i tecnici si occuperanno di tutto.<\/li>\n<li><strong>Appuntamenti drag-and-drop<\/strong>: il programma ti consente di trascinare e rilasciare gli appuntamenti, ridimensionare la durata degli appuntamenti, creare appuntamenti ricorrenti, codificare con colori e molto altro.<\/li>\n<li><strong>Promemoria e notifiche illimitati tramite sms ed email<\/strong>: raggiungi il tuo cliente con notifiche e promemoria illimitati tramite email e messaggi di testo. Le notifiche possono essere attivate su una variet\u00e0 di azioni con messaggi completamente personalizzabili.<\/li>\n<li><strong>Prenota pi\u00f9 appuntamenti per fascia oraria<\/strong>: la soluzione ti consente di prenotare appuntamenti sovrapposti, appuntamenti multipli per fascia oraria e appuntamenti di gruppo.<\/li>\n<li><strong>Appuntamenti con codice colore<\/strong>: ti consente di codificare a colori gli appuntamenti e le colonne del calendario per una facile visualizzazione.<\/li>\n<li><strong>Accedi su tutti i dispositivi<\/strong>: utilizza il programma su un PC, laptop, tablet o smartphone (Apple\/Windows\/Android)<\/li>\n<li><strong>Crea e visualizza gli orari bloccati<\/strong>: blocca gli orari nella tua agenda per occasioni speciali, giorni liberi, giorni di malattia ed eventuali eventi aziendali speciali.<\/li>\n<li><strong>Gestisci pi\u00f9 uffici e personale<\/strong>: pianifica pi\u00f9 uffici su un unico programmatore. Gli appuntamenti possono essere assegnati a pi\u00f9 membri dello staff.<\/li>\n<li><strong>Aggiornamenti di stato in tempo reale<\/strong>: visualizza gli appuntamenti programmati, modificati e cancellati in tempo reale in modo che tu e il tuo staff non perdiate mai un colpo.<\/li>\n<li><strong>Crea campi modulo personalizzati<\/strong>: crea campi personalizzati per inserire tutte le informazioni necessarie sugli appuntamenti in modo da poter indirizzare gli appuntamenti al personale appropriato. Il bonus aggiuntivo \u00e8 un ulteriore livello di personalizzazione per i tuoi clienti.<\/li>\n<li><strong>Notifiche telefoniche automatizzate con opzioni interattive<\/strong>: per i clienti che preferiscono il contatto telefonico, \u00e8 possibile inviare messaggi vocali automatizzati e completamente personalizzabili per confermare, annullare o riprogrammare i propri appuntamenti, il tutto tramite il menu interattivo. La tua agenda rifletter\u00e0 automaticamente lo stato dell&#8217;appuntamento in tempo reale e le fasce orarie dell&#8217;appuntamento cancellato appariranno come nuovamente disponibili.<\/li>\n<\/ul>\n<h4>LE RECENSIONI DEGLI UTENTI<\/h4>\n<p><strong>Jessica &#8220;Lo adoro!&#8221;<\/strong><br \/>\n<strong>Pro<\/strong>: La possibilit\u00e0 di pianificare pi\u00f9 app e contrassegnarle di conseguenza.<br \/>\n<strong>Contro<\/strong>: Il timeout \u00e8 cos\u00ec rapido e le dimensioni di stampa ridotte quando si tenta di stampare.<\/p>\n<p><strong>Brad &#8220;Settore dei servizi facile facile facile&#8221;<\/strong><br \/>\n<strong>Pro<\/strong>: Semplice da imparare e configurare. Non eccessivamente costoso. Non passeremo da una scheda di programmazione Manuel a questa ed \u00e8 stata una transizione apparentemente meno impegnativa.<br \/>\n<strong>Contro<\/strong>: L&#8217;unica cosa che manca \u00e8 la possibilit\u00e0 di eseguire la scansione in un ordine di lavoro precedente per poter fare riferimento all&#8217;ultimo lavoro durante la pianificazione di un cliente.<\/p>\n<p><strong>Ronald &#8220;La soluzione perfetta per la nostra azienda!&#8221;<\/strong><br \/>\n<strong>Pro<\/strong>: ci fornisce un&#8217;opzione di pianificazione accurata e affidabile basata sul cloud, completamente personalizzabile senza spendere una fortuna.<br \/>\n<strong>Contro<\/strong>: EZNet Scheduler funziona perfettamente per l&#8217;applicazione di cui avevamo bisogno. Abbiamo esaminato diverse altre applicazioni ed era l&#8217;unico che soddisfaceva completamente le nostre esigenze.<\/p>\n","protected":false},"excerpt":{"rendered":"<p>EZnet Scheduler \u00e8 un software di pianificazione degli appuntamenti basato su cloud che consente agli utenti di accedere ai dettagli degli appuntamenti da dispositivi mobili. Ha il pi\u00f9 potente sistema di notifica Smart Status disponibile ovunque. Un flag di stato pu\u00f2 inviare avvisi di azioni personalizzate ai dipendenti o ai clienti per inviare sondaggi o semplicemente per dire &#8220;grazie&#8221;.<\/p>\n","protected":false},"author":19,"featured_media":75883,"parent":33071,"menu_order":0,"comment_status":"open","ping_status":"closed","template":"g1_template_page_review_new.php","meta":{"_acf_changed":false,"cwp_meta_box_check":"No","cwp_rev_product_name":"","cwp_rev_product_image":"","wppr_links":[],"cwp_rev_price":"","wppr_options":[],"wppr_pros":[],"wppr_cons":[],"_monsterinsights_skip_tracking":false,"_monsterinsights_sitenote_active":false,"_monsterinsights_sitenote_note":"","_monsterinsights_sitenote_category":0,"footnotes":""},"categories":[4186],"tags":[15042,14947,4267,14950,14949,14948],"features":[],"class_list":{"0":"post-75876","1":"page","2":"type-page","3":"status-publish","4":"has-post-thumbnail","6":"category-gestionali-per-parrucchieri","7":"tag-eznet-scheduler","8":"tag-gestionale-parrucchieri","9":"tag-piattaforma-gestionale-parrucchieri","10":"tag-programma-gestionale-parrucchieri","11":"tag-software-gestionale-parrucchieri","12":"tag-soluzione-gestionale-parrucchieri"},"wppr_data":{"cwp_meta_box_check":"No"},"acf":[],"yoast_head":"<!-- This site is optimized with the Yoast SEO plugin v27.4 - https:\/\/yoast.com\/product\/yoast-seo-wordpress\/ -->\n<title>EZnet Schedule: recensione software gestionale parrucchieri - Accurate Reviews<\/title>\n<meta name=\"description\" content=\"EZnet Scheduler: recensione software di pianificazione degli appuntamenti basato su cloud che consente agli utenti di accedere da qualsiasi dispositivo.\" \/>\n<meta name=\"robots\" content=\"index, follow, max-snippet:-1, max-image-preview:large, max-video-preview:-1\" \/>\n<link rel=\"canonical\" href=\"https:\/\/www.accuratereviews.com\/it\/gestionale-per-parrucchieri\/eznet-scheduler-recensione\/\" \/>\n<meta property=\"og:locale\" content=\"it_IT\" \/>\n<meta property=\"og:type\" content=\"article\" \/>\n<meta property=\"og:title\" content=\"EZnet Schedule: recensione software gestionale parrucchieri - Accurate Reviews\" \/>\n<meta property=\"og:description\" content=\"EZnet Scheduler: recensione software di pianificazione degli appuntamenti basato su cloud che consente agli utenti di accedere da qualsiasi dispositivo.\" \/>\n<meta property=\"og:url\" content=\"https:\/\/www.accuratereviews.com\/it\/gestionale-per-parrucchieri\/eznet-scheduler-recensione\/\" \/>\n<meta property=\"og:site_name\" content=\"Accurate Reviews\" \/>\n<meta property=\"article:modified_time\" content=\"2024-04-14T19:59:52+00:00\" \/>\n<meta property=\"og:image\" content=\"https:\/\/www.accuratereviews.com\/wp-content\/uploads\/2024\/04\/EZnet-Scheduler-2.png\" \/>\n\t<meta property=\"og:image:width\" content=\"756\" \/>\n\t<meta property=\"og:image:height\" content=\"307\" \/>\n\t<meta property=\"og:image:type\" content=\"image\/png\" \/>\n<meta name=\"twitter:card\" content=\"summary_large_image\" \/>\n<meta name=\"twitter:label1\" content=\"Tempo di lettura stimato\" \/>\n\t<meta name=\"twitter:data1\" content=\"5 minuti\" \/>\n<script type=\"application\/ld+json\" class=\"yoast-schema-graph\">{\"@context\":\"https:\\\/\\\/schema.org\",\"@graph\":[{\"@type\":\"WebPage\",\"@id\":\"https:\\\/\\\/www.accuratereviews.com\\\/it\\\/gestionale-per-parrucchieri\\\/eznet-scheduler-recensione\\\/\",\"url\":\"https:\\\/\\\/www.accuratereviews.com\\\/it\\\/gestionale-per-parrucchieri\\\/eznet-scheduler-recensione\\\/\",\"name\":\"EZnet Schedule: recensione software gestionale parrucchieri - Accurate Reviews\",\"isPartOf\":{\"@id\":\"https:\\\/\\\/www.accuratereviews.com\\\/it\\\/#website\"},\"primaryImageOfPage\":{\"@id\":\"https:\\\/\\\/www.accuratereviews.com\\\/it\\\/gestionale-per-parrucchieri\\\/eznet-scheduler-recensione\\\/#primaryimage\"},\"image\":{\"@id\":\"https:\\\/\\\/www.accuratereviews.com\\\/it\\\/gestionale-per-parrucchieri\\\/eznet-scheduler-recensione\\\/#primaryimage\"},\"thumbnailUrl\":\"https:\\\/\\\/www.accuratereviews.com\\\/wp-content\\\/uploads\\\/2024\\\/04\\\/EZnet-Scheduler-2.png\",\"datePublished\":\"2024-04-11T10:26:58+00:00\",\"dateModified\":\"2024-04-14T19:59:52+00:00\",\"description\":\"EZnet Scheduler: recensione software di pianificazione degli appuntamenti basato su cloud che consente agli utenti di accedere da qualsiasi dispositivo.\",\"breadcrumb\":{\"@id\":\"https:\\\/\\\/www.accuratereviews.com\\\/it\\\/gestionale-per-parrucchieri\\\/eznet-scheduler-recensione\\\/#breadcrumb\"},\"inLanguage\":\"it-IT\",\"potentialAction\":[{\"@type\":\"ReadAction\",\"target\":[\"https:\\\/\\\/www.accuratereviews.com\\\/it\\\/gestionale-per-parrucchieri\\\/eznet-scheduler-recensione\\\/\"]}]},{\"@type\":\"ImageObject\",\"inLanguage\":\"it-IT\",\"@id\":\"https:\\\/\\\/www.accuratereviews.com\\\/it\\\/gestionale-per-parrucchieri\\\/eznet-scheduler-recensione\\\/#primaryimage\",\"url\":\"https:\\\/\\\/www.accuratereviews.com\\\/wp-content\\\/uploads\\\/2024\\\/04\\\/EZnet-Scheduler-2.png\",\"contentUrl\":\"https:\\\/\\\/www.accuratereviews.com\\\/wp-content\\\/uploads\\\/2024\\\/04\\\/EZnet-Scheduler-2.png\",\"width\":756,\"height\":307},{\"@type\":\"BreadcrumbList\",\"@id\":\"https:\\\/\\\/www.accuratereviews.com\\\/it\\\/gestionale-per-parrucchieri\\\/eznet-scheduler-recensione\\\/#breadcrumb\",\"itemListElement\":[{\"@type\":\"ListItem\",\"position\":1,\"name\":\"Home\",\"item\":\"https:\\\/\\\/www.accuratereviews.com\\\/it\\\/\"},{\"@type\":\"ListItem\",\"position\":2,\"name\":\"Gestionale per parrucchieri\",\"item\":\"https:\\\/\\\/www.accuratereviews.com\\\/it\\\/gestionale-per-parrucchieri\\\/\"},{\"@type\":\"ListItem\",\"position\":3,\"name\":\"EZnet Scheduler\"}]},{\"@type\":\"WebSite\",\"@id\":\"https:\\\/\\\/www.accuratereviews.com\\\/it\\\/#website\",\"url\":\"https:\\\/\\\/www.accuratereviews.com\\\/it\\\/\",\"name\":\"Accurate Reviews\",\"description\":\"\",\"potentialAction\":[{\"@type\":\"SearchAction\",\"target\":{\"@type\":\"EntryPoint\",\"urlTemplate\":\"https:\\\/\\\/www.accuratereviews.com\\\/it\\\/?s={search_term_string}\"},\"query-input\":{\"@type\":\"PropertyValueSpecification\",\"valueRequired\":true,\"valueName\":\"search_term_string\"}}],\"inLanguage\":\"it-IT\"}]}<\/script>\n<!-- \/ Yoast SEO plugin. -->","yoast_head_json":{"title":"EZnet Schedule: recensione software gestionale parrucchieri - Accurate Reviews","description":"EZnet Scheduler: recensione software di pianificazione degli appuntamenti basato su cloud che consente agli utenti di accedere da qualsiasi dispositivo.","robots":{"index":"index","follow":"follow","max-snippet":"max-snippet:-1","max-image-preview":"max-image-preview:large","max-video-preview":"max-video-preview:-1"},"canonical":"https:\/\/www.accuratereviews.com\/it\/gestionale-per-parrucchieri\/eznet-scheduler-recensione\/","og_locale":"it_IT","og_type":"article","og_title":"EZnet Schedule: recensione software gestionale parrucchieri - Accurate Reviews","og_description":"EZnet Scheduler: recensione software di pianificazione degli appuntamenti basato su cloud che consente agli utenti di accedere da qualsiasi dispositivo.","og_url":"https:\/\/www.accuratereviews.com\/it\/gestionale-per-parrucchieri\/eznet-scheduler-recensione\/","og_site_name":"Accurate Reviews","article_modified_time":"2024-04-14T19:59:52+00:00","og_image":[{"width":756,"height":307,"url":"https:\/\/www.accuratereviews.com\/wp-content\/uploads\/2024\/04\/EZnet-Scheduler-2.png","type":"image\/png"}],"twitter_card":"summary_large_image","twitter_misc":{"Tempo di lettura stimato":"5 minuti"},"schema":{"@context":"https:\/\/schema.org","@graph":[{"@type":"WebPage","@id":"https:\/\/www.accuratereviews.com\/it\/gestionale-per-parrucchieri\/eznet-scheduler-recensione\/","url":"https:\/\/www.accuratereviews.com\/it\/gestionale-per-parrucchieri\/eznet-scheduler-recensione\/","name":"EZnet Schedule: recensione software gestionale parrucchieri - Accurate Reviews","isPartOf":{"@id":"https:\/\/www.accuratereviews.com\/it\/#website"},"primaryImageOfPage":{"@id":"https:\/\/www.accuratereviews.com\/it\/gestionale-per-parrucchieri\/eznet-scheduler-recensione\/#primaryimage"},"image":{"@id":"https:\/\/www.accuratereviews.com\/it\/gestionale-per-parrucchieri\/eznet-scheduler-recensione\/#primaryimage"},"thumbnailUrl":"https:\/\/www.accuratereviews.com\/wp-content\/uploads\/2024\/04\/EZnet-Scheduler-2.png","datePublished":"2024-04-11T10:26:58+00:00","dateModified":"2024-04-14T19:59:52+00:00","description":"EZnet Scheduler: recensione software di pianificazione degli appuntamenti basato su cloud che consente agli utenti di accedere da qualsiasi dispositivo.","breadcrumb":{"@id":"https:\/\/www.accuratereviews.com\/it\/gestionale-per-parrucchieri\/eznet-scheduler-recensione\/#breadcrumb"},"inLanguage":"it-IT","potentialAction":[{"@type":"ReadAction","target":["https:\/\/www.accuratereviews.com\/it\/gestionale-per-parrucchieri\/eznet-scheduler-recensione\/"]}]},{"@type":"ImageObject","inLanguage":"it-IT","@id":"https:\/\/www.accuratereviews.com\/it\/gestionale-per-parrucchieri\/eznet-scheduler-recensione\/#primaryimage","url":"https:\/\/www.accuratereviews.com\/wp-content\/uploads\/2024\/04\/EZnet-Scheduler-2.png","contentUrl":"https:\/\/www.accuratereviews.com\/wp-content\/uploads\/2024\/04\/EZnet-Scheduler-2.png","width":756,"height":307},{"@type":"BreadcrumbList","@id":"https:\/\/www.accuratereviews.com\/it\/gestionale-per-parrucchieri\/eznet-scheduler-recensione\/#breadcrumb","itemListElement":[{"@type":"ListItem","position":1,"name":"Home","item":"https:\/\/www.accuratereviews.com\/it\/"},{"@type":"ListItem","position":2,"name":"Gestionale per parrucchieri","item":"https:\/\/www.accuratereviews.com\/it\/gestionale-per-parrucchieri\/"},{"@type":"ListItem","position":3,"name":"EZnet Scheduler"}]},{"@type":"WebSite","@id":"https:\/\/www.accuratereviews.com\/it\/#website","url":"https:\/\/www.accuratereviews.com\/it\/","name":"Accurate Reviews","description":"","potentialAction":[{"@type":"SearchAction","target":{"@type":"EntryPoint","urlTemplate":"https:\/\/www.accuratereviews.com\/it\/?s={search_term_string}"},"query-input":{"@type":"PropertyValueSpecification","valueRequired":true,"valueName":"search_term_string"}}],"inLanguage":"it-IT"}]}},"_links":{"self":[{"href":"https:\/\/www.accuratereviews.com\/it\/wp-json\/wp\/v2\/pages\/75876","targetHints":{"allow":["GET"]}}],"collection":[{"href":"https:\/\/www.accuratereviews.com\/it\/wp-json\/wp\/v2\/pages"}],"about":[{"href":"https:\/\/www.accuratereviews.com\/it\/wp-json\/wp\/v2\/types\/page"}],"author":[{"embeddable":true,"href":"https:\/\/www.accuratereviews.com\/it\/wp-json\/wp\/v2\/users\/19"}],"replies":[{"embeddable":true,"href":"https:\/\/www.accuratereviews.com\/it\/wp-json\/wp\/v2\/comments?post=75876"}],"version-history":[{"count":8,"href":"https:\/\/www.accuratereviews.com\/it\/wp-json\/wp\/v2\/pages\/75876\/revisions"}],"predecessor-version":[{"id":75929,"href":"https:\/\/www.accuratereviews.com\/it\/wp-json\/wp\/v2\/pages\/75876\/revisions\/75929"}],"up":[{"embeddable":true,"href":"https:\/\/www.accuratereviews.com\/it\/wp-json\/wp\/v2\/pages\/33071"}],"wp:featuredmedia":[{"embeddable":true,"href":"https:\/\/www.accuratereviews.com\/it\/wp-json\/wp\/v2\/media\/75883"}],"wp:attachment":[{"href":"https:\/\/www.accuratereviews.com\/it\/wp-json\/wp\/v2\/media?parent=75876"}],"wp:term":[{"taxonomy":"category","embeddable":true,"href":"https:\/\/www.accuratereviews.com\/it\/wp-json\/wp\/v2\/categories?post=75876"},{"taxonomy":"post_tag","embeddable":true,"href":"https:\/\/www.accuratereviews.com\/it\/wp-json\/wp\/v2\/tags?post=75876"},{"taxonomy":"features","embeddable":true,"href":"https:\/\/www.accuratereviews.com\/it\/wp-json\/wp\/v2\/features?post=75876"}],"curies":[{"name":"wp","href":"https:\/\/api.w.org\/{rel}","templated":true}]}}