{"id":75894,"date":"2024-04-12T19:38:48","date_gmt":"2024-04-12T19:38:48","guid":{"rendered":"https:\/\/www.accuratereviews.com\/?page_id=75894"},"modified":"2024-04-15T09:11:59","modified_gmt":"2024-04-15T09:11:59","slug":"meevo-recensione","status":"publish","type":"page","link":"https:\/\/www.accuratereviews.com\/it\/gestionale-per-parrucchieri\/meevo-recensione\/","title":{"rendered":"Meevo"},"content":{"rendered":"<p><strong>Meevo<\/strong> \u00e8 il pluripremiato <strong>software di gestione aziendale<\/strong> per saloni e spa fornito dalla societ\u00e0 Millennium che offre tutto ci\u00f2 di cui hai bisogno per gestire e far crescere la tua attivit\u00e0. La tecnologia mobile e intuitiva ti garantisce di avere sempre accesso alla tua agenda e ai tuoi dati ovunque e su qualsiasi dispositivo. Utilizza la suite di marketing integrata per creare un marchio coerente, attirare nuovi clienti, migliorare la SEO locale e aumentare la visibilit\u00e0 online. Configura i controlli di sicurezza dall&#8217;accesso fuori sede e imposta gli accessi in base ai ruoli dei dipendenti.<\/p>\n<h2>MEEVO &#8211; TUTORIAL<\/h2>\n<div id=\"fluid-wrapper-counter-1\" class=\"g1-fluid-wrapper \" style=\"width:686px;\">\n<div style=\"padding-bottom:56.268221574344%;\"><iframe loading=\"lazy\" title=\"Why Salons and Spas Love Meevo\" width=\"686\" height=\"386\" src=\"https:\/\/www.youtube.com\/embed\/t-Mylxoh8LI?feature=oembed&amp;wmode=transparent&amp;autohide=1&amp;autoplay=0&amp;disablekb=0&amp;fs=1&amp;loop=0&amp;enablejsapi=1&amp;rel=0&amp;controls=2&amp;showinfo=0&amp;wmode=transparent&amp;autohide=2&amp;autoplay=0&amp;disablekb=0&amp;fs=1&amp;loop=0&amp;enablejsapi=1&amp;rel=0&amp;controls=2&amp;showinfo=1\" frameborder=\"0\" allow=\"accelerometer; autoplay; clipboard-write; encrypted-media; gyroscope; picture-in-picture; web-share\" referrerpolicy=\"strict-origin-when-cross-origin\" allowfullscreen><\/iframe><\/div>\n<\/div>\n<h3>MEEVO &#8211; CARATTERISTICHE<\/h3>\n<ul>\n<li><strong>Navigazione:<\/strong> visualizza e naviga in ogni area della tua attivit\u00e0 senza perdere dati.<\/li>\n<li><strong>Prenotazione<\/strong>: pianifica, modifica o annulla gli appuntamenti in pochi secondi con l&#8217;assistente alla prenotazione, Convobar.<\/li>\n<li><strong>Mobilit\u00e0<\/strong>: gestisci pianificazioni, modifica appuntamenti ed esegui report da qualsiasi dispositivo.<\/li>\n<li><strong>Centro intelligente<\/strong>: crea una dashboard personalizzabile per consentire a ogni dipendente di supervisionare l&#8217;attivit\u00e0.<\/li>\n<li><strong>Pagamenti POS e carte di credito<\/strong>: semplifica il processo di pagamento con un semplice sistema di pagamento integrato.<\/li>\n<li><strong>Gestione dei clienti:<\/strong> crea esperienze cliente personalizzate in tutte le sedi.<\/li>\n<li><strong>Obiettivi<\/strong>: stabilisci obiettivi aziendali, modifica l&#8217;impostazione degli obiettivi e monitora le prestazioni dei dipendenti.<\/li>\n<li><strong>Gestione dei dipendenti<\/strong>: semplifica la gestione dei dipendenti con pianificazione, sicurezza, orologio e altro ancora.<\/li>\n<li><strong>Sicurezza<\/strong>: i ruoli di sicurezza personalizzati rafforzano la tua sicurezza e danno potere al tuo team.<\/li>\n<li><strong>Rapporti<\/strong>: tieni traccia della crescita dei dipendenti e dell&#8217;azienda attraverso i report e le metriche aziendali.<\/li>\n<li><strong>Adesioni<\/strong>: migliora la fidelizzazione dei clienti ricorrenti e la frequenza delle visite attraverso la creazione di programmi di abbonamento.<\/li>\n<li><strong>Inventario<\/strong>: gestisci e monitora l&#8217;inventario con l&#8217;accesso mobile al tuo sistema.<\/li>\n<li><strong>Gestione delle risorse<\/strong>: semplifica la prenotazione delle sale, monitora le apparecchiature e automatizza la rotazione delle risorse.<\/li>\n<li><strong>Ufficio centrale<\/strong>: gestisci facilmente ogni sede dalla dashboard dell&#8217;ufficio centrale.<\/li>\n<li><strong>Analisi delle prestazioni della posta elettronica<\/strong>: comprendi meglio le prestazioni della posta elettronica e apporta miglioramenti che portano a una reale crescita aziendale.<\/li>\n<li><strong>Campagne email automatizzate<\/strong>: invia email personalizzate a segmenti di pubblico specifici in orari predeterminati.<\/li>\n<li><strong>Elenchi clienti segmentati<\/strong>: crea elenchi personalizzati per inviare email personalizzate a gruppi di clienti specifici.<\/li>\n<li><strong>Analisi della presenza online<\/strong>: ottieni una visione olistica delle impressioni totali, dei clic e di altri dati per comprendere i tuoi clienti.<\/li>\n<li><strong>Gestione SEO locale<\/strong>: gestisci e migliora i risultati della tua ricerca locale per acquisire nuovi clienti e far crescere la tua attivit\u00e0.<\/li>\n<li><strong>Valutazione 5 stelle<\/strong>: avvisa automaticamente i visitatori tramite email o sms per valutare il loro servizio e fornitore di servizi.<\/li>\n<li><strong>Pubblicazione social<\/strong>: aggiungi contenuti alle pagine di localizzazione di Facebook e ai profili Google My Business.<\/li>\n<\/ul>\n<h4>LE RECENSIONE DEGLI UTENTI<\/h4>\n<p><strong>Paula &#8220;Lo adoro&#8221;<\/strong><br \/>\n<strong>Commenti<\/strong>: ADORO MEEVO! Tutto ci\u00f2 che lo riguarda, dalla pianificazione, alla prenotazione, al libro paga, ai rapporti, \u00e8 semplicemente fantastico.<br \/>\n<strong>Pro<\/strong>: Onestamente non c&#8217;\u00e8 niente che non amo di Meevo! L&#8217;ho usato in una struttura che gestivo in precedenza ed \u00e8 stato un gioco da ragazzi coinvolgerlo quando stavamo cercando una nuova piattaforma da utilizzare nel mio ultimo lavoro.<br \/>\n<strong>Contro<\/strong>: Che in qualche modo i clienti spesso si confondono quando effettuano prenotazioni online e prenotano pi\u00f9 servizi per se stessi quando cercano di prenotare per un gruppo. Quindi, poich\u00e9 richiediamo un deposito per la prenotazione online, pu\u00f2 essere difficile ottenere che il deposito venga applicato all&#8217;appuntamento corretto una volta che l&#8217;ospite in servizio \u00e8 stato corretto.<\/p>\n<p><strong>Kelly &#8220;Utente multisede&#8221;<\/strong><br \/>\n<strong>Pro<\/strong>: Meevo offre molti grandi vantaggi per pi\u00f9 sedi. \u00c8 facile spostarsi tra le posizioni. L&#8217;ufficio centrale \u00e8 fantastico per vedere singoli numeri o dati combinati.<br \/>\n<strong>Contro<\/strong>: Vorrei che alcuni rapporti fossero personalizzabili per ottenere i dati specifici di cui abbiamo bisogno. Sarebbe anche bello vedere una piattaforma di premi\/incentivi per il personale. Qualcosa che possiamo impostare per riconoscere quando poi raggiungiamo gli obiettivi. Sarebbe anche bello se interagisse di pi\u00f9 con Aveda per gli aumenti automatici dei prezzi.<\/p>\n<p><strong>Abigail &#8220;Meevo ha cambiato la mia attivit\u00e0!&#8221;<\/strong><br \/>\n<strong>Commenti<\/strong>: Adoro usare Meevo. Lo consiglio a chiunque stia cercando un software di prenotazione migliore!<br \/>\n<strong>Pro<\/strong>: Meevo rende semplicissimo prenotare, effettuare il checkout e gestire i clienti! L&#8217;assistenza clienti \u00e8 alle stelle, incredibile! La quantit\u00e0 di report di cui dispone Meevo mi consente di vedere esattamente come sta andando la mia attivit\u00e0. Tutti i loro strumenti e funzionalit\u00e0 mi consentono di gestire efficacemente la mia attivit\u00e0 senza dover indovinare!<br \/>\n<strong>Contro<\/strong>: Meevo ha un programma di prenotazione online non eccezionale. Ricevo 3-5 chiamate a settimana con clienti che si lamentano di quanto non sia facile da usare. Vorrei che ci fosse un modo per personalizzare la prenotazione online o almeno renderla anche esteticamente pi\u00f9 gradevole. Certo, Meevo ha apportato modifiche vantaggiose al processo di prenotazione online ed \u00e8 pi\u00f9 facile da usare rispetto a prima.<\/p>\n","protected":false},"excerpt":{"rendered":"<p>Meevo \u00e8 il pluripremiato software di gestione aziendale per saloni e spa fornito dalla societ\u00e0 Millennium che offre tutto ci\u00f2 di cui hai bisogno per gestire e far crescere la tua attivit\u00e0. La tecnologia mobile e intuitiva ti garantisce di avere sempre accesso alla tua agenda e ai tuoi dati ovunque e su qualsiasi dispositivo.<\/p>\n","protected":false},"author":19,"featured_media":75895,"parent":33071,"menu_order":0,"comment_status":"open","ping_status":"closed","template":"g1_template_page_review_new.php","meta":{"_acf_changed":false,"cwp_meta_box_check":"No","cwp_rev_product_name":"","cwp_rev_product_image":"","wppr_links":[],"cwp_rev_price":"","wppr_options":[],"wppr_pros":[],"wppr_cons":[],"_monsterinsights_skip_tracking":false,"_monsterinsights_sitenote_active":false,"_monsterinsights_sitenote_note":"","_monsterinsights_sitenote_category":0,"footnotes":""},"categories":[4186],"tags":[14947,15043,4267,14950,14949,14948],"features":[],"class_list":{"0":"post-75894","1":"page","2":"type-page","3":"status-publish","4":"has-post-thumbnail","6":"category-gestionali-per-parrucchieri","7":"tag-gestionale-parrucchieri","8":"tag-meevo","9":"tag-piattaforma-gestionale-parrucchieri","10":"tag-programma-gestionale-parrucchieri","11":"tag-software-gestionale-parrucchieri","12":"tag-soluzione-gestionale-parrucchieri"},"wppr_data":{"cwp_meta_box_check":"No"},"acf":[],"yoast_head":"<!-- This site is optimized with the Yoast SEO plugin v27.4 - https:\/\/yoast.com\/product\/yoast-seo-wordpress\/ -->\n<title>Meevo: recensione software gestionale parrucchieri - Accurate Reviews<\/title>\n<meta name=\"description\" content=\"Meevo: recensione software di gestione aziendale per saloni e spa che offre tutto ci\u00f2 di cui hai bisogno per far crescere la tua attivit\u00e0.\" \/>\n<meta name=\"robots\" content=\"index, follow, max-snippet:-1, max-image-preview:large, max-video-preview:-1\" \/>\n<link rel=\"canonical\" href=\"https:\/\/www.accuratereviews.com\/it\/gestionale-per-parrucchieri\/meevo-recensione\/\" \/>\n<meta property=\"og:locale\" content=\"it_IT\" \/>\n<meta property=\"og:type\" content=\"article\" \/>\n<meta property=\"og:title\" content=\"Meevo: recensione software gestionale parrucchieri - Accurate Reviews\" \/>\n<meta property=\"og:description\" content=\"Meevo: recensione software di gestione aziendale per saloni e spa che offre tutto ci\u00f2 di cui hai bisogno per far crescere la tua attivit\u00e0.\" \/>\n<meta property=\"og:url\" content=\"https:\/\/www.accuratereviews.com\/it\/gestionale-per-parrucchieri\/meevo-recensione\/\" \/>\n<meta property=\"og:site_name\" content=\"Accurate Reviews\" \/>\n<meta property=\"article:modified_time\" content=\"2024-04-15T09:11:59+00:00\" \/>\n<meta property=\"og:image\" content=\"https:\/\/www.accuratereviews.com\/wp-content\/uploads\/2024\/04\/meevo.png\" \/>\n\t<meta property=\"og:image:width\" content=\"600\" \/>\n\t<meta property=\"og:image:height\" content=\"315\" \/>\n\t<meta property=\"og:image:type\" content=\"image\/png\" \/>\n<meta name=\"twitter:card\" content=\"summary_large_image\" \/>\n<meta name=\"twitter:label1\" content=\"Tempo di lettura stimato\" \/>\n\t<meta name=\"twitter:data1\" content=\"6 minuti\" \/>\n<script type=\"application\/ld+json\" class=\"yoast-schema-graph\">{\"@context\":\"https:\\\/\\\/schema.org\",\"@graph\":[{\"@type\":\"WebPage\",\"@id\":\"https:\\\/\\\/www.accuratereviews.com\\\/it\\\/gestionale-per-parrucchieri\\\/meevo-recensione\\\/\",\"url\":\"https:\\\/\\\/www.accuratereviews.com\\\/it\\\/gestionale-per-parrucchieri\\\/meevo-recensione\\\/\",\"name\":\"Meevo: recensione software gestionale parrucchieri - Accurate Reviews\",\"isPartOf\":{\"@id\":\"https:\\\/\\\/www.accuratereviews.com\\\/it\\\/#website\"},\"primaryImageOfPage\":{\"@id\":\"https:\\\/\\\/www.accuratereviews.com\\\/it\\\/gestionale-per-parrucchieri\\\/meevo-recensione\\\/#primaryimage\"},\"image\":{\"@id\":\"https:\\\/\\\/www.accuratereviews.com\\\/it\\\/gestionale-per-parrucchieri\\\/meevo-recensione\\\/#primaryimage\"},\"thumbnailUrl\":\"https:\\\/\\\/www.accuratereviews.com\\\/wp-content\\\/uploads\\\/2024\\\/04\\\/meevo.png\",\"datePublished\":\"2024-04-12T19:38:48+00:00\",\"dateModified\":\"2024-04-15T09:11:59+00:00\",\"description\":\"Meevo: recensione software di gestione aziendale per saloni e spa che offre tutto ci\u00f2 di cui hai bisogno per far crescere la tua attivit\u00e0.\",\"breadcrumb\":{\"@id\":\"https:\\\/\\\/www.accuratereviews.com\\\/it\\\/gestionale-per-parrucchieri\\\/meevo-recensione\\\/#breadcrumb\"},\"inLanguage\":\"it-IT\",\"potentialAction\":[{\"@type\":\"ReadAction\",\"target\":[\"https:\\\/\\\/www.accuratereviews.com\\\/it\\\/gestionale-per-parrucchieri\\\/meevo-recensione\\\/\"]}]},{\"@type\":\"ImageObject\",\"inLanguage\":\"it-IT\",\"@id\":\"https:\\\/\\\/www.accuratereviews.com\\\/it\\\/gestionale-per-parrucchieri\\\/meevo-recensione\\\/#primaryimage\",\"url\":\"https:\\\/\\\/www.accuratereviews.com\\\/wp-content\\\/uploads\\\/2024\\\/04\\\/meevo.png\",\"contentUrl\":\"https:\\\/\\\/www.accuratereviews.com\\\/wp-content\\\/uploads\\\/2024\\\/04\\\/meevo.png\",\"width\":600,\"height\":315},{\"@type\":\"BreadcrumbList\",\"@id\":\"https:\\\/\\\/www.accuratereviews.com\\\/it\\\/gestionale-per-parrucchieri\\\/meevo-recensione\\\/#breadcrumb\",\"itemListElement\":[{\"@type\":\"ListItem\",\"position\":1,\"name\":\"Home\",\"item\":\"https:\\\/\\\/www.accuratereviews.com\\\/it\\\/\"},{\"@type\":\"ListItem\",\"position\":2,\"name\":\"Gestionale per parrucchieri\",\"item\":\"https:\\\/\\\/www.accuratereviews.com\\\/it\\\/gestionale-per-parrucchieri\\\/\"},{\"@type\":\"ListItem\",\"position\":3,\"name\":\"Meevo\"}]},{\"@type\":\"WebSite\",\"@id\":\"https:\\\/\\\/www.accuratereviews.com\\\/it\\\/#website\",\"url\":\"https:\\\/\\\/www.accuratereviews.com\\\/it\\\/\",\"name\":\"Accurate Reviews\",\"description\":\"\",\"potentialAction\":[{\"@type\":\"SearchAction\",\"target\":{\"@type\":\"EntryPoint\",\"urlTemplate\":\"https:\\\/\\\/www.accuratereviews.com\\\/it\\\/?s={search_term_string}\"},\"query-input\":{\"@type\":\"PropertyValueSpecification\",\"valueRequired\":true,\"valueName\":\"search_term_string\"}}],\"inLanguage\":\"it-IT\"}]}<\/script>\n<!-- \/ Yoast SEO plugin. -->","yoast_head_json":{"title":"Meevo: recensione software gestionale parrucchieri - Accurate Reviews","description":"Meevo: recensione software di gestione aziendale per saloni e spa che offre tutto ci\u00f2 di cui hai bisogno per far crescere la tua attivit\u00e0.","robots":{"index":"index","follow":"follow","max-snippet":"max-snippet:-1","max-image-preview":"max-image-preview:large","max-video-preview":"max-video-preview:-1"},"canonical":"https:\/\/www.accuratereviews.com\/it\/gestionale-per-parrucchieri\/meevo-recensione\/","og_locale":"it_IT","og_type":"article","og_title":"Meevo: recensione software gestionale parrucchieri - Accurate Reviews","og_description":"Meevo: recensione software di gestione aziendale per saloni e spa che offre tutto ci\u00f2 di cui hai bisogno per far crescere la tua attivit\u00e0.","og_url":"https:\/\/www.accuratereviews.com\/it\/gestionale-per-parrucchieri\/meevo-recensione\/","og_site_name":"Accurate Reviews","article_modified_time":"2024-04-15T09:11:59+00:00","og_image":[{"width":600,"height":315,"url":"https:\/\/www.accuratereviews.com\/wp-content\/uploads\/2024\/04\/meevo.png","type":"image\/png"}],"twitter_card":"summary_large_image","twitter_misc":{"Tempo di lettura stimato":"6 minuti"},"schema":{"@context":"https:\/\/schema.org","@graph":[{"@type":"WebPage","@id":"https:\/\/www.accuratereviews.com\/it\/gestionale-per-parrucchieri\/meevo-recensione\/","url":"https:\/\/www.accuratereviews.com\/it\/gestionale-per-parrucchieri\/meevo-recensione\/","name":"Meevo: recensione software gestionale parrucchieri - Accurate Reviews","isPartOf":{"@id":"https:\/\/www.accuratereviews.com\/it\/#website"},"primaryImageOfPage":{"@id":"https:\/\/www.accuratereviews.com\/it\/gestionale-per-parrucchieri\/meevo-recensione\/#primaryimage"},"image":{"@id":"https:\/\/www.accuratereviews.com\/it\/gestionale-per-parrucchieri\/meevo-recensione\/#primaryimage"},"thumbnailUrl":"https:\/\/www.accuratereviews.com\/wp-content\/uploads\/2024\/04\/meevo.png","datePublished":"2024-04-12T19:38:48+00:00","dateModified":"2024-04-15T09:11:59+00:00","description":"Meevo: recensione software di gestione aziendale per saloni e spa che offre tutto ci\u00f2 di cui hai bisogno per far crescere la tua attivit\u00e0.","breadcrumb":{"@id":"https:\/\/www.accuratereviews.com\/it\/gestionale-per-parrucchieri\/meevo-recensione\/#breadcrumb"},"inLanguage":"it-IT","potentialAction":[{"@type":"ReadAction","target":["https:\/\/www.accuratereviews.com\/it\/gestionale-per-parrucchieri\/meevo-recensione\/"]}]},{"@type":"ImageObject","inLanguage":"it-IT","@id":"https:\/\/www.accuratereviews.com\/it\/gestionale-per-parrucchieri\/meevo-recensione\/#primaryimage","url":"https:\/\/www.accuratereviews.com\/wp-content\/uploads\/2024\/04\/meevo.png","contentUrl":"https:\/\/www.accuratereviews.com\/wp-content\/uploads\/2024\/04\/meevo.png","width":600,"height":315},{"@type":"BreadcrumbList","@id":"https:\/\/www.accuratereviews.com\/it\/gestionale-per-parrucchieri\/meevo-recensione\/#breadcrumb","itemListElement":[{"@type":"ListItem","position":1,"name":"Home","item":"https:\/\/www.accuratereviews.com\/it\/"},{"@type":"ListItem","position":2,"name":"Gestionale per parrucchieri","item":"https:\/\/www.accuratereviews.com\/it\/gestionale-per-parrucchieri\/"},{"@type":"ListItem","position":3,"name":"Meevo"}]},{"@type":"WebSite","@id":"https:\/\/www.accuratereviews.com\/it\/#website","url":"https:\/\/www.accuratereviews.com\/it\/","name":"Accurate Reviews","description":"","potentialAction":[{"@type":"SearchAction","target":{"@type":"EntryPoint","urlTemplate":"https:\/\/www.accuratereviews.com\/it\/?s={search_term_string}"},"query-input":{"@type":"PropertyValueSpecification","valueRequired":true,"valueName":"search_term_string"}}],"inLanguage":"it-IT"}]}},"_links":{"self":[{"href":"https:\/\/www.accuratereviews.com\/it\/wp-json\/wp\/v2\/pages\/75894","targetHints":{"allow":["GET"]}}],"collection":[{"href":"https:\/\/www.accuratereviews.com\/it\/wp-json\/wp\/v2\/pages"}],"about":[{"href":"https:\/\/www.accuratereviews.com\/it\/wp-json\/wp\/v2\/types\/page"}],"author":[{"embeddable":true,"href":"https:\/\/www.accuratereviews.com\/it\/wp-json\/wp\/v2\/users\/19"}],"replies":[{"embeddable":true,"href":"https:\/\/www.accuratereviews.com\/it\/wp-json\/wp\/v2\/comments?post=75894"}],"version-history":[{"count":9,"href":"https:\/\/www.accuratereviews.com\/it\/wp-json\/wp\/v2\/pages\/75894\/revisions"}],"predecessor-version":[{"id":75951,"href":"https:\/\/www.accuratereviews.com\/it\/wp-json\/wp\/v2\/pages\/75894\/revisions\/75951"}],"up":[{"embeddable":true,"href":"https:\/\/www.accuratereviews.com\/it\/wp-json\/wp\/v2\/pages\/33071"}],"wp:featuredmedia":[{"embeddable":true,"href":"https:\/\/www.accuratereviews.com\/it\/wp-json\/wp\/v2\/media\/75895"}],"wp:attachment":[{"href":"https:\/\/www.accuratereviews.com\/it\/wp-json\/wp\/v2\/media?parent=75894"}],"wp:term":[{"taxonomy":"category","embeddable":true,"href":"https:\/\/www.accuratereviews.com\/it\/wp-json\/wp\/v2\/categories?post=75894"},{"taxonomy":"post_tag","embeddable":true,"href":"https:\/\/www.accuratereviews.com\/it\/wp-json\/wp\/v2\/tags?post=75894"},{"taxonomy":"features","embeddable":true,"href":"https:\/\/www.accuratereviews.com\/it\/wp-json\/wp\/v2\/features?post=75894"}],"curies":[{"name":"wp","href":"https:\/\/api.w.org\/{rel}","templated":true}]}}