{"id":75932,"date":"2024-04-15T16:52:54","date_gmt":"2024-04-15T16:52:54","guid":{"rendered":"https:\/\/www.accuratereviews.com\/?page_id=75932"},"modified":"2024-05-01T19:38:15","modified_gmt":"2024-05-01T19:38:15","slug":"treatwel-recensione","status":"publish","type":"page","link":"https:\/\/www.accuratereviews.com\/it\/gestionale-per-parrucchieri\/treatwel-recensione\/","title":{"rendered":"Treatwell"},"content":{"rendered":"<p><strong>Treatwell<\/strong> \u00e8 la soluzione tutto in uno <strong>per i saloni di bellezza, i barbieri, parrucchieri <\/strong>e non solo. Con il software di gestione intelligente del salone, puoi fare affari nel miglior modo possibile, gestire gli appuntamenti in pochi clic e ridurre le mancate presentazioni con promemoria sms gratuiti.<br \/>\nInoltre, con <strong>Treatwell<\/strong> riesci ad aumentare la fidelizzazione con un marketing mirato, sfruttare gli insight aziendali con report basati sui dati, organizzare il personale, le scorte, i pagamenti e altro ancora in un unico posto.<\/p>\n<h2>TREATWELL &#8211; TUTORIAL<\/h2>\n<div id=\"fluid-wrapper-counter-1\" class=\"g1-fluid-wrapper \" style=\"width:686px;\">\n<div style=\"padding-bottom:56.268221574344%;\"><iframe loading=\"lazy\" title=\"Gestione voucher e gift cards | PC\" width=\"515\" height=\"386\" src=\"https:\/\/www.youtube.com\/embed\/MWC9hi24bpc?feature=oembed&amp;wmode=transparent&amp;autohide=1&amp;autoplay=0&amp;disablekb=0&amp;fs=1&amp;loop=0&amp;enablejsapi=1&amp;rel=0&amp;controls=2&amp;showinfo=0&amp;wmode=transparent&amp;autohide=2&amp;autoplay=0&amp;disablekb=0&amp;fs=1&amp;loop=0&amp;enablejsapi=1&amp;rel=0&amp;controls=2&amp;showinfo=1\" frameborder=\"0\" allow=\"accelerometer; autoplay; clipboard-write; encrypted-media; gyroscope; picture-in-picture; web-share\" referrerpolicy=\"strict-origin-when-cross-origin\" allowfullscreen><\/iframe><\/div>\n<\/div>\n<h3>TREATWELL &#8211; CARATTERISTICHE<\/h3>\n<ul>\n<li><strong>Addio appuntamenti dimenticati<\/strong>: il gestionale invia in completa autonomia sms, illimitati e gratuiti, di promemoria e conferma appuntamento.<\/li>\n<li><strong>Il tuo salone in tasca:<\/strong> la tua agenda \u00e8 consultabile da Mac, pc, tablet, iPad e Smartphone. Avrai il pieno controllo a portata di smartphone.<\/li>\n<li><strong>Gestione personale<\/strong>: turni, ferie, produttivit\u00e0, servizi attivi e preferenze. Con l&#8217;agenda puoi organizzare le giornate dei tuoi collaboratori in pochi click.<\/li>\n<li><strong>Appuntamenti da Facebook &amp; Instagram<\/strong>: potrai avere sulle tue pagine Facebook e Instagram il pulsante &#8216;Prenota ora&#8217; e dare cos\u00ec l&#8217;opportunit\u00e0 a tutti i tuoi clienti di prenotare 24 ore su 24, 7 giorni su 7. La tua agenda sar\u00e0 sempre sincronizzata.<\/li>\n<li><strong>Indicazione sui motori di ricerca:<\/strong> ti aiuter\u00e0 a far s\u00ec che il tuo salone sia sempre tra i primi risultati delle ricerche degli utenti. Farsi notare dai nuovi clienti sar\u00e0 a costo 0.<\/li>\n<li><strong>Vetrina in linea<\/strong>: avrai un mini sito web con tanto di fotografie, il tuo listino prezzi completo e la descrizione della storia del tuo salone.<\/li>\n<li><strong>Clienti<\/strong>: dona ai tuoi clienti una coccola speciale. Crea sconti, promozioni, pacchetti e abbonamenti vendibili online. Scegli i trattamenti che vuoi scontare quando e come vuoi, anche da un momento all&#8217;altro.<\/li>\n<li><strong>Comunicare non \u00e8 mai stato cos\u00ec semplice<\/strong>: invia ai tuoi clienti sms ed email personalizzabili al 100%, aggiungi testi, immagini e dai sfogo alla tua creativit\u00e0 in pochi passaggi.<\/li>\n<li><strong>Fai vivere l\u2019esperienza del tuo salone<\/strong>: genera sconti e bonus per far sentire i tuoi clienti ancora pi\u00f9 speciali aumentando la fidelizzazione ed il fatturato, senza sforzi.<\/li>\n<li><strong>Vendi velocemente i prodotti:<\/strong> puoi vendere i tuoi prodotti nel momento del check out e aggiungere anche uno sconto. Il magazzino si aggiorna in automatico.<\/li>\n<li><strong>Chiusura cassa in 1 minuto:<\/strong> chiudi la giornata lavorativa in un clic. Via email ti arriver\u00e0 un report con un riepilogo completo della giornata. D\u00ec basta a calcolatrice e conti!<\/li>\n<li><strong>Ordini online quando vuoi<\/strong>: dal gestionale puoi inviare i nuovi ordini ai tuoi fornitori con un clic, in qualsiasi momento anche di sabato e domenica, e lo storico ordini rimane sempre aggiornato in tempo reale.<\/li>\n<li><strong>Carico e scarico prodotti<\/strong>: quando ti arrivano i prodotti dai tuoi fornitori puoi aggiornare il magazzino in un attimo. Il gestionale aggiorna automaticamente le nuove quantit\u00e0. Puoi scaricare i prodotti ad uso interno in un passaggio cos\u00ec saprai cosa utilizzi e la quantit\u00e0, evitando gli sprechi.<\/li>\n<li><strong>Motiva il tuo Team<\/strong>: confronta le statistiche di vendita di servizi e prodotti cos\u00ec sar\u00e0 ancora pi\u00f9 semplice stabilire obiettivi stimolanti ed efficaci per la tua attivit\u00e0.<\/li>\n<\/ul>\n<h4>LE RECENSIONI DEGLI UTENTI<\/h4>\n<p><strong>Maria Tiziana &#8220;Di facle utilizzo&#8221;<\/strong><br \/>\n<strong>Pro<\/strong>: Facile da utilizzare come agenda ma non come messaggi alle clienti<br \/>\n<strong>Contro<\/strong>: I promemoria dei clienti all&#8217;inizio erano perfetti. C&#8217;era sia comunicazione dell&#8217;appuntamento che promemoria 24 h prima. Quest&#8217;ultimo ed completamente sparito, mentre nel primo addirittura non specifica ora e gg. Se sono pi\u00f9 di 2 appuntamenti ne segnala solo 1<\/p>\n<p><strong>Nicola &#8220;la soluzione per agenda e ricevute fiscali migliori&#8221;<\/strong><br \/>\n<strong>Pro<\/strong>: il vantaggio di un&#8217;agenda aggiornata in tempo reale e la facilit\u00e0 di gestire ogni aspetto in totale autonomia ed ottima assistenza per la parte fiscale<br \/>\n<strong>Contro<\/strong>: bisognerebbe migliorare e rimanere aggiornati con le nuove normative nazionali e tendenze del lavoro come il lavoro condiviso con altri professionisti ed affitto di poltrona<\/p>\n<p><strong>Viviana &#8220;Software per incrementare la clientela&#8221;<\/strong><br \/>\n<strong>Commenti<\/strong>: Fantastico software che aiuta ad avere popolarit\u00e0, gestire la clientela senza potersi scordare nulla al contrario delle chiamate in cui magari dopo aver chiuso con la cliente , non ricordi qualche particolare che possa esserti sfuggito .Geniale ed utile , da poter usare ovunque ci si trova!<br \/>\n<strong>Pro<\/strong>: Da la possibilit\u00e0 di evitare chiamate e messaggi , e gestire tutto a portata di click in pochi passaggi. Il cliente cos\u00ec potr\u00e0 prenotare il suo appuntamento in totale autonomia gestendo anche l&#8217;orario che preferisce! Meglio di cos\u00ec?<br \/>\n<strong>Contro<\/strong>: Al momento non c&#8217;\u00e8 nulla che non piace. Lo trovo geniale e di facile utilizzo.<\/p>\n","protected":false},"excerpt":{"rendered":"<p>Treatwell \u00e8 la soluzione tutto in uno per i saloni di bellezza, i barbieri, parrucchieri e non solo. Con il software di gestione intelligente del salone, puoi fare affari nel miglior modo possibile, gestire gli appuntamenti in pochi clic e ridurre le mancate presentazioni con promemoria sms gratuiti.<\/p>\n","protected":false},"author":19,"featured_media":75939,"parent":33071,"menu_order":0,"comment_status":"open","ping_status":"closed","template":"g1_template_page_review_new.php","meta":{"_acf_changed":false,"cwp_meta_box_check":"No","cwp_rev_product_name":"","cwp_rev_product_image":"","wppr_links":[],"cwp_rev_price":"","wppr_options":[],"wppr_pros":[],"wppr_cons":[],"_monsterinsights_skip_tracking":false,"_monsterinsights_sitenote_active":false,"_monsterinsights_sitenote_note":"","_monsterinsights_sitenote_category":0,"footnotes":""},"categories":[4186],"tags":[14960,4267,14950,14949,14948,15048],"features":[],"class_list":{"0":"post-75932","1":"page","2":"type-page","3":"status-publish","4":"has-post-thumbnail","6":"category-gestionali-per-parrucchieri","7":"tag-gestione-parrucchieri","8":"tag-piattaforma-gestionale-parrucchieri","9":"tag-programma-gestionale-parrucchieri","10":"tag-software-gestionale-parrucchieri","11":"tag-soluzione-gestionale-parrucchieri","12":"tag-treatwell-business"},"wppr_data":{"cwp_meta_box_check":"No"},"acf":[],"yoast_head":"<!-- This site is optimized with the Yoast SEO plugin v27.4 - https:\/\/yoast.com\/product\/yoast-seo-wordpress\/ -->\n<title>Treatwell: recensione software gestionale parrucchieri - Accurate Reviews<\/title>\n<meta name=\"description\" content=\"Treatwell: recensione soluzione gestionale per parrucchieri, barbieri e non solo. Ti consente di fare affari nel miglior modo possibile.\" \/>\n<meta name=\"robots\" content=\"index, follow, max-snippet:-1, max-image-preview:large, max-video-preview:-1\" \/>\n<link rel=\"canonical\" href=\"https:\/\/www.accuratereviews.com\/it\/gestionale-per-parrucchieri\/treatwel-recensione\/\" \/>\n<meta property=\"og:locale\" content=\"it_IT\" \/>\n<meta property=\"og:type\" content=\"article\" \/>\n<meta property=\"og:title\" content=\"Treatwell: recensione software gestionale parrucchieri - Accurate Reviews\" \/>\n<meta property=\"og:description\" content=\"Treatwell: recensione soluzione gestionale per parrucchieri, barbieri e non solo. Ti consente di fare affari nel miglior modo possibile.\" \/>\n<meta property=\"og:url\" content=\"https:\/\/www.accuratereviews.com\/it\/gestionale-per-parrucchieri\/treatwel-recensione\/\" \/>\n<meta property=\"og:site_name\" content=\"Accurate Reviews\" \/>\n<meta property=\"article:modified_time\" content=\"2024-05-01T19:38:15+00:00\" \/>\n<meta property=\"og:image\" content=\"https:\/\/www.accuratereviews.com\/wp-content\/uploads\/2024\/04\/treatwell.png\" \/>\n\t<meta property=\"og:image:width\" content=\"720\" \/>\n\t<meta property=\"og:image:height\" content=\"720\" \/>\n\t<meta property=\"og:image:type\" content=\"image\/png\" \/>\n<meta name=\"twitter:card\" content=\"summary_large_image\" \/>\n<meta name=\"twitter:label1\" content=\"Tempo di lettura stimato\" \/>\n\t<meta name=\"twitter:data1\" content=\"5 minuti\" \/>\n<script type=\"application\/ld+json\" class=\"yoast-schema-graph\">{\"@context\":\"https:\\\/\\\/schema.org\",\"@graph\":[{\"@type\":\"WebPage\",\"@id\":\"https:\\\/\\\/www.accuratereviews.com\\\/it\\\/gestionale-per-parrucchieri\\\/treatwel-recensione\\\/\",\"url\":\"https:\\\/\\\/www.accuratereviews.com\\\/it\\\/gestionale-per-parrucchieri\\\/treatwel-recensione\\\/\",\"name\":\"Treatwell: recensione software gestionale parrucchieri - Accurate Reviews\",\"isPartOf\":{\"@id\":\"https:\\\/\\\/www.accuratereviews.com\\\/it\\\/#website\"},\"primaryImageOfPage\":{\"@id\":\"https:\\\/\\\/www.accuratereviews.com\\\/it\\\/gestionale-per-parrucchieri\\\/treatwel-recensione\\\/#primaryimage\"},\"image\":{\"@id\":\"https:\\\/\\\/www.accuratereviews.com\\\/it\\\/gestionale-per-parrucchieri\\\/treatwel-recensione\\\/#primaryimage\"},\"thumbnailUrl\":\"https:\\\/\\\/www.accuratereviews.com\\\/wp-content\\\/uploads\\\/2024\\\/04\\\/treatwell.png\",\"datePublished\":\"2024-04-15T16:52:54+00:00\",\"dateModified\":\"2024-05-01T19:38:15+00:00\",\"description\":\"Treatwell: recensione soluzione gestionale per parrucchieri, barbieri e non solo. Ti consente di fare affari nel miglior modo possibile.\",\"breadcrumb\":{\"@id\":\"https:\\\/\\\/www.accuratereviews.com\\\/it\\\/gestionale-per-parrucchieri\\\/treatwel-recensione\\\/#breadcrumb\"},\"inLanguage\":\"it-IT\",\"potentialAction\":[{\"@type\":\"ReadAction\",\"target\":[\"https:\\\/\\\/www.accuratereviews.com\\\/it\\\/gestionale-per-parrucchieri\\\/treatwel-recensione\\\/\"]}]},{\"@type\":\"ImageObject\",\"inLanguage\":\"it-IT\",\"@id\":\"https:\\\/\\\/www.accuratereviews.com\\\/it\\\/gestionale-per-parrucchieri\\\/treatwel-recensione\\\/#primaryimage\",\"url\":\"https:\\\/\\\/www.accuratereviews.com\\\/wp-content\\\/uploads\\\/2024\\\/04\\\/treatwell.png\",\"contentUrl\":\"https:\\\/\\\/www.accuratereviews.com\\\/wp-content\\\/uploads\\\/2024\\\/04\\\/treatwell.png\",\"width\":720,\"height\":720},{\"@type\":\"BreadcrumbList\",\"@id\":\"https:\\\/\\\/www.accuratereviews.com\\\/it\\\/gestionale-per-parrucchieri\\\/treatwel-recensione\\\/#breadcrumb\",\"itemListElement\":[{\"@type\":\"ListItem\",\"position\":1,\"name\":\"Home\",\"item\":\"https:\\\/\\\/www.accuratereviews.com\\\/it\\\/\"},{\"@type\":\"ListItem\",\"position\":2,\"name\":\"Gestionale per parrucchieri\",\"item\":\"https:\\\/\\\/www.accuratereviews.com\\\/it\\\/gestionale-per-parrucchieri\\\/\"},{\"@type\":\"ListItem\",\"position\":3,\"name\":\"Treatwell\"}]},{\"@type\":\"WebSite\",\"@id\":\"https:\\\/\\\/www.accuratereviews.com\\\/it\\\/#website\",\"url\":\"https:\\\/\\\/www.accuratereviews.com\\\/it\\\/\",\"name\":\"Accurate Reviews\",\"description\":\"\",\"potentialAction\":[{\"@type\":\"SearchAction\",\"target\":{\"@type\":\"EntryPoint\",\"urlTemplate\":\"https:\\\/\\\/www.accuratereviews.com\\\/it\\\/?s={search_term_string}\"},\"query-input\":{\"@type\":\"PropertyValueSpecification\",\"valueRequired\":true,\"valueName\":\"search_term_string\"}}],\"inLanguage\":\"it-IT\"}]}<\/script>\n<!-- \/ Yoast SEO plugin. -->","yoast_head_json":{"title":"Treatwell: recensione software gestionale parrucchieri - Accurate Reviews","description":"Treatwell: recensione soluzione gestionale per parrucchieri, barbieri e non solo. Ti consente di fare affari nel miglior modo possibile.","robots":{"index":"index","follow":"follow","max-snippet":"max-snippet:-1","max-image-preview":"max-image-preview:large","max-video-preview":"max-video-preview:-1"},"canonical":"https:\/\/www.accuratereviews.com\/it\/gestionale-per-parrucchieri\/treatwel-recensione\/","og_locale":"it_IT","og_type":"article","og_title":"Treatwell: recensione software gestionale parrucchieri - Accurate Reviews","og_description":"Treatwell: recensione soluzione gestionale per parrucchieri, barbieri e non solo. Ti consente di fare affari nel miglior modo possibile.","og_url":"https:\/\/www.accuratereviews.com\/it\/gestionale-per-parrucchieri\/treatwel-recensione\/","og_site_name":"Accurate Reviews","article_modified_time":"2024-05-01T19:38:15+00:00","og_image":[{"width":720,"height":720,"url":"https:\/\/www.accuratereviews.com\/wp-content\/uploads\/2024\/04\/treatwell.png","type":"image\/png"}],"twitter_card":"summary_large_image","twitter_misc":{"Tempo di lettura stimato":"5 minuti"},"schema":{"@context":"https:\/\/schema.org","@graph":[{"@type":"WebPage","@id":"https:\/\/www.accuratereviews.com\/it\/gestionale-per-parrucchieri\/treatwel-recensione\/","url":"https:\/\/www.accuratereviews.com\/it\/gestionale-per-parrucchieri\/treatwel-recensione\/","name":"Treatwell: recensione software gestionale parrucchieri - Accurate Reviews","isPartOf":{"@id":"https:\/\/www.accuratereviews.com\/it\/#website"},"primaryImageOfPage":{"@id":"https:\/\/www.accuratereviews.com\/it\/gestionale-per-parrucchieri\/treatwel-recensione\/#primaryimage"},"image":{"@id":"https:\/\/www.accuratereviews.com\/it\/gestionale-per-parrucchieri\/treatwel-recensione\/#primaryimage"},"thumbnailUrl":"https:\/\/www.accuratereviews.com\/wp-content\/uploads\/2024\/04\/treatwell.png","datePublished":"2024-04-15T16:52:54+00:00","dateModified":"2024-05-01T19:38:15+00:00","description":"Treatwell: recensione soluzione gestionale per parrucchieri, barbieri e non solo. Ti consente di fare affari nel miglior modo possibile.","breadcrumb":{"@id":"https:\/\/www.accuratereviews.com\/it\/gestionale-per-parrucchieri\/treatwel-recensione\/#breadcrumb"},"inLanguage":"it-IT","potentialAction":[{"@type":"ReadAction","target":["https:\/\/www.accuratereviews.com\/it\/gestionale-per-parrucchieri\/treatwel-recensione\/"]}]},{"@type":"ImageObject","inLanguage":"it-IT","@id":"https:\/\/www.accuratereviews.com\/it\/gestionale-per-parrucchieri\/treatwel-recensione\/#primaryimage","url":"https:\/\/www.accuratereviews.com\/wp-content\/uploads\/2024\/04\/treatwell.png","contentUrl":"https:\/\/www.accuratereviews.com\/wp-content\/uploads\/2024\/04\/treatwell.png","width":720,"height":720},{"@type":"BreadcrumbList","@id":"https:\/\/www.accuratereviews.com\/it\/gestionale-per-parrucchieri\/treatwel-recensione\/#breadcrumb","itemListElement":[{"@type":"ListItem","position":1,"name":"Home","item":"https:\/\/www.accuratereviews.com\/it\/"},{"@type":"ListItem","position":2,"name":"Gestionale per parrucchieri","item":"https:\/\/www.accuratereviews.com\/it\/gestionale-per-parrucchieri\/"},{"@type":"ListItem","position":3,"name":"Treatwell"}]},{"@type":"WebSite","@id":"https:\/\/www.accuratereviews.com\/it\/#website","url":"https:\/\/www.accuratereviews.com\/it\/","name":"Accurate Reviews","description":"","potentialAction":[{"@type":"SearchAction","target":{"@type":"EntryPoint","urlTemplate":"https:\/\/www.accuratereviews.com\/it\/?s={search_term_string}"},"query-input":{"@type":"PropertyValueSpecification","valueRequired":true,"valueName":"search_term_string"}}],"inLanguage":"it-IT"}]}},"_links":{"self":[{"href":"https:\/\/www.accuratereviews.com\/it\/wp-json\/wp\/v2\/pages\/75932","targetHints":{"allow":["GET"]}}],"collection":[{"href":"https:\/\/www.accuratereviews.com\/it\/wp-json\/wp\/v2\/pages"}],"about":[{"href":"https:\/\/www.accuratereviews.com\/it\/wp-json\/wp\/v2\/types\/page"}],"author":[{"embeddable":true,"href":"https:\/\/www.accuratereviews.com\/it\/wp-json\/wp\/v2\/users\/19"}],"replies":[{"embeddable":true,"href":"https:\/\/www.accuratereviews.com\/it\/wp-json\/wp\/v2\/comments?post=75932"}],"version-history":[{"count":16,"href":"https:\/\/www.accuratereviews.com\/it\/wp-json\/wp\/v2\/pages\/75932\/revisions"}],"predecessor-version":[{"id":76334,"href":"https:\/\/www.accuratereviews.com\/it\/wp-json\/wp\/v2\/pages\/75932\/revisions\/76334"}],"up":[{"embeddable":true,"href":"https:\/\/www.accuratereviews.com\/it\/wp-json\/wp\/v2\/pages\/33071"}],"wp:featuredmedia":[{"embeddable":true,"href":"https:\/\/www.accuratereviews.com\/it\/wp-json\/wp\/v2\/media\/75939"}],"wp:attachment":[{"href":"https:\/\/www.accuratereviews.com\/it\/wp-json\/wp\/v2\/media?parent=75932"}],"wp:term":[{"taxonomy":"category","embeddable":true,"href":"https:\/\/www.accuratereviews.com\/it\/wp-json\/wp\/v2\/categories?post=75932"},{"taxonomy":"post_tag","embeddable":true,"href":"https:\/\/www.accuratereviews.com\/it\/wp-json\/wp\/v2\/tags?post=75932"},{"taxonomy":"features","embeddable":true,"href":"https:\/\/www.accuratereviews.com\/it\/wp-json\/wp\/v2\/features?post=75932"}],"curies":[{"name":"wp","href":"https:\/\/api.w.org\/{rel}","templated":true}]}}