{"id":75974,"date":"2024-04-16T16:51:52","date_gmt":"2024-04-16T16:51:52","guid":{"rendered":"https:\/\/www.accuratereviews.com\/?page_id=75974"},"modified":"2024-04-17T09:31:34","modified_gmt":"2024-04-17T09:31:34","slug":"goldie-recensione","status":"publish","type":"page","link":"https:\/\/www.accuratereviews.com\/it\/gestionale-per-parrucchieri\/goldie-recensione\/","title":{"rendered":"Goldie"},"content":{"rendered":"<p><strong>Goldie<\/strong> (precedentemente conosciuto come Appointfix) \u00e8 un&#8217;ottima app di <strong>pianificazione degli appuntamenti<\/strong> per gestire e far crescere la tua attivit\u00e0. Pianifica facilmente gli appuntamenti, invia promemoria automatici degli appuntamenti, ottieni uno straordinario sito web di prenotazione online gratuito, accetta depositi ed elabora pagamenti solo con il tuo telefono, visualizza rapporti aziendali, invia messaggi di marketing, conserva le note dei clienti e la cronologia degli appuntamenti, ecc.<br \/>\nIl programma si sincronizza con Google &amp; Calendario Apple, mantenendo tutti i tuoi impegni in un&#8217;unica app. <strong>Goldie<\/strong> gode della fiducia di oltre 100.000 professionisti del fitness e della bellezza.<\/p>\n<h2>GOLDIE &#8211; TUTORIAL<\/h2>\n<div id=\"fluid-wrapper-counter-1\" class=\"g1-fluid-wrapper \" style=\"width:686px;\">\n<div style=\"padding-bottom:56.268221574344%;\"><iframe loading=\"lazy\" title=\"Getting Started with Goldie Payments\" width=\"686\" height=\"386\" src=\"https:\/\/www.youtube.com\/embed\/sk_qcu-mtt8?feature=oembed&amp;wmode=transparent&amp;autohide=1&amp;autoplay=0&amp;disablekb=0&amp;fs=1&amp;loop=0&amp;enablejsapi=1&amp;rel=0&amp;controls=2&amp;showinfo=0&amp;wmode=transparent&amp;autohide=2&amp;autoplay=0&amp;disablekb=0&amp;fs=1&amp;loop=0&amp;enablejsapi=1&amp;rel=0&amp;controls=2&amp;showinfo=1\" frameborder=\"0\" allow=\"accelerometer; autoplay; clipboard-write; encrypted-media; gyroscope; picture-in-picture; web-share\" referrerpolicy=\"strict-origin-when-cross-origin\" allowfullscreen><\/iframe><\/div>\n<\/div>\n<h3>GOLDIE &#8211; CARATTERISTICHE<\/h3>\n<ul>\n<li><strong>Pianificazione degli appuntamenti<\/strong> semplice e veloce.<\/li>\n<li><strong>Messaggi di promemoria<\/strong>: riduci gli appuntamenti mancati e assicurati che i clienti si presentino quando dovrebbero inviando promemoria via sms per gli appuntamenti.<\/li>\n<li><strong>Gestione clienti<\/strong>: cerca facilmente i clienti per visualizzarne la cronologia, le note o gli appuntamenti imminenti.<\/li>\n<li><strong>Sito web di prenotazione online gratuito<\/strong>: accetta le prenotazioni dei clienti 24 ore su 24, 7 giorni su 7, in base al tuo programma, tramite il tuo sito web personale. Stupisci e informa i potenziali clienti con una presenza online professionale.<\/li>\n<li><strong>Offerte di servizi<\/strong>: definisci i tuoi servizi impostando il prezzo e la durata o personalizzali con i colori.<\/li>\n<li><strong>Messaggi di marketing<\/strong>: invia promemoria di nuova prenotazione ai clienti che non vedi da un po&#8217;. Oppure invia sms di massa ai tuoi clienti con una promozione!<\/li>\n<li><strong>Calendario<\/strong>: sfoglia facilmente il calendario degli appuntamenti con le visualizzazioni Giorno, Tre giorni, Settimana, Mese e Mini mese. La tua agenda appuntamenti non \u00e8 mai stata cos\u00ec accessibile.<\/li>\n<li><strong>Sincronizzazione con i calendari Apple e Google<\/strong>: ora \u00e8 facile tenere traccia di tutti i tuoi appuntamenti personali e aziendali in un unico posto.<\/li>\n<li><strong>Dispositivi illimitati<\/strong>: tutto nella soluzione si sincronizza istantaneamente su tutti i tuoi dispositivi: telefoni, tablet o computer.<\/li>\n<li><strong>Rapporti sulle entrate:<\/strong> visualizza i tuoi guadagni, i servizi e i clienti con le migliori prestazioni.<\/li>\n<li><strong>Depositi per appuntamenti<\/strong>: richiedi un deposito quando i clienti prenotano online per proteggerti dalle mancate presentazioni.<\/li>\n<li><strong>Pagamenti<\/strong>: elimina il mal di testa derivante dalla gestione di contanti o pagamenti complicati. I tuoi clienti possono pagare online in tutta sicurezza comodamente dal loro cellulare.<\/li>\n<li><strong>Appuntamenti ricorrenti o di gruppo:<\/strong> imposta appuntamenti ricorrenti o aggiungi pi\u00f9 persone a un appuntamento.<\/li>\n<li><strong>Rapporti avanzati sui ricavi:<\/strong> esamina il tuo mese suddiviso per servizio o clienti per identificare nuove opportunit\u00e0 per aumentare i tuoi guadagni.<\/li>\n<li><strong>Modelli di messaggi multipli<\/strong>: imposta modelli per inviare ai clienti messaggi automatici personalizzati come conferme di prenotazione, promemoria e follow-up.<\/li>\n<li><strong>Gestione del team:<\/strong> aggiungi i membri dello staff, concedi le autorizzazioni corrette a ciascun utente e organizza in modo efficace il tuo team in un unico posto.<\/li>\n<\/ul>\n<h4>LE RECENSIONI DEGLI UTENTI<\/h4>\n<p><strong>Cinzia &#8220;Pianificazione semplice&#8221;<\/strong><br \/>\n<strong>Commenti<\/strong>: Per adesso \u00e8 ottima, mi permette di gestire al meglio i clienti e anche avendola installata da poco ho subito notato i risultati e la funzionalit\u00e0 che ha in questo ambito di gestione. Molto utile per la pianificazione del lavoro e i pagamenti<br \/>\n<strong>Pro<\/strong>: Non avevo mai provato un software che gestisse il flusso di lavoro e dei clienti e devo dire che \u00e8 veramente molto utile. La possibilit\u00e0 di prenotazione autonoma da parte dei clienti \u00e8 stra itilet<br \/>\n<strong>Contro<\/strong>: La uso da poco tempo e devo dire che ancora non ho scoperto tutte le sue funzionalit\u00e0 ma mi pare un ottimo prodotto per la tipologia di gestione.<\/p>\n<p><strong>Cheyenne &#8220;Recensione onesta da parte di un&#8217;azienda onesta&#8221;<\/strong><br \/>\n<strong>Pro<\/strong>: pianificazione del cliente promemoria utenti illimitati<br \/>\n<strong>Contro<\/strong>: nessun posto dove caricare documenti. non \u00e8 possibile allegare pi\u00f9 membri dello staff non posso ripetere i giorni liberi. non \u00e8 possibile ingrandire la schermata del calendario. nessuna posizione multipla per i numeri di telefono. nessuna posizione multipla per gli indirizzi. nessun campo personalizzabile nel profilo cliente.<\/p>\n<p><strong>Lina &#8220;Favoloso e facile da usare&#8221;<\/strong><br \/>\n<strong>Commenti<\/strong>: Molto utile, fa risparmiare tempo a me e ai miei clienti<br \/>\n<strong>Pro<\/strong>: Facile da usare, ha molte buone funzionalit\u00e0<br \/>\n<strong>Contro<\/strong>: Mi piace assolutamente tutto, non c&#8217;\u00e8 niente che vorrei cambiare<\/p>\n","protected":false},"excerpt":{"rendered":"<p>Goldie (precedentemente conosciuto come Appointfix) \u00e8 un&#8217;ottima app di pianificazione degli appuntamenti per gestire e far crescere la tua attivit\u00e0. Pianifica facilmente gli appuntamenti, invia promemoria automatici degli appuntamenti, ottieni uno straordinario sito web di prenotazione online gratuito, accetta depositi ed elabora pagamenti solo con il tuo telefono, visualizza rapporti aziendali, invia messaggi di marketing, conserva le note dei clienti e la cronologia degli appuntamenti, ecc.<\/p>\n","protected":false},"author":19,"featured_media":75978,"parent":33071,"menu_order":0,"comment_status":"open","ping_status":"closed","template":"g1_template_page_review_new.php","meta":{"_acf_changed":false,"cwp_meta_box_check":"No","cwp_rev_product_name":"","cwp_rev_product_image":"","wppr_links":[],"cwp_rev_price":"","wppr_options":[],"wppr_pros":[],"wppr_cons":[],"_monsterinsights_skip_tracking":false,"_monsterinsights_sitenote_active":false,"_monsterinsights_sitenote_note":"","_monsterinsights_sitenote_category":0,"footnotes":""},"categories":[4186],"tags":[14947,15049,4267,14950,14949,14948],"features":[],"class_list":{"0":"post-75974","1":"page","2":"type-page","3":"status-publish","4":"has-post-thumbnail","6":"category-gestionali-per-parrucchieri","7":"tag-gestionale-parrucchieri","8":"tag-goldie","9":"tag-piattaforma-gestionale-parrucchieri","10":"tag-programma-gestionale-parrucchieri","11":"tag-software-gestionale-parrucchieri","12":"tag-soluzione-gestionale-parrucchieri"},"wppr_data":{"cwp_meta_box_check":"No"},"acf":[],"yoast_head":"<!-- This site is optimized with the Yoast SEO plugin v27.4 - https:\/\/yoast.com\/product\/yoast-seo-wordpress\/ -->\n<title>Goldie: recensione software gestionale parrucchieri - Accurate Reviews<\/title>\n<meta name=\"description\" content=\"Goldie: recensione app di pianificazione degli appuntamenti per gestire e far crescere la tua attivit\u00e0 in modo semplice e veloce.\" \/>\n<meta name=\"robots\" content=\"index, follow, max-snippet:-1, max-image-preview:large, max-video-preview:-1\" \/>\n<link rel=\"canonical\" href=\"https:\/\/www.accuratereviews.com\/it\/gestionale-per-parrucchieri\/goldie-recensione\/\" \/>\n<meta property=\"og:locale\" content=\"it_IT\" \/>\n<meta property=\"og:type\" content=\"article\" \/>\n<meta property=\"og:title\" content=\"Goldie: recensione software gestionale parrucchieri - Accurate Reviews\" \/>\n<meta property=\"og:description\" content=\"Goldie: recensione app di pianificazione degli appuntamenti per gestire e far crescere la tua attivit\u00e0 in modo semplice e veloce.\" \/>\n<meta property=\"og:url\" content=\"https:\/\/www.accuratereviews.com\/it\/gestionale-per-parrucchieri\/goldie-recensione\/\" \/>\n<meta property=\"og:site_name\" content=\"Accurate Reviews\" \/>\n<meta property=\"article:modified_time\" content=\"2024-04-17T09:31:34+00:00\" \/>\n<meta property=\"og:image\" content=\"https:\/\/www.accuratereviews.com\/wp-content\/uploads\/2024\/04\/Goldie.png\" \/>\n\t<meta property=\"og:image:width\" content=\"512\" \/>\n\t<meta property=\"og:image:height\" content=\"512\" \/>\n\t<meta property=\"og:image:type\" content=\"image\/png\" \/>\n<meta name=\"twitter:card\" content=\"summary_large_image\" \/>\n<meta name=\"twitter:label1\" content=\"Tempo di lettura stimato\" \/>\n\t<meta name=\"twitter:data1\" content=\"5 minuti\" \/>\n<script type=\"application\/ld+json\" class=\"yoast-schema-graph\">{\"@context\":\"https:\\\/\\\/schema.org\",\"@graph\":[{\"@type\":\"WebPage\",\"@id\":\"https:\\\/\\\/www.accuratereviews.com\\\/it\\\/gestionale-per-parrucchieri\\\/goldie-recensione\\\/\",\"url\":\"https:\\\/\\\/www.accuratereviews.com\\\/it\\\/gestionale-per-parrucchieri\\\/goldie-recensione\\\/\",\"name\":\"Goldie: recensione software gestionale parrucchieri - Accurate Reviews\",\"isPartOf\":{\"@id\":\"https:\\\/\\\/www.accuratereviews.com\\\/it\\\/#website\"},\"primaryImageOfPage\":{\"@id\":\"https:\\\/\\\/www.accuratereviews.com\\\/it\\\/gestionale-per-parrucchieri\\\/goldie-recensione\\\/#primaryimage\"},\"image\":{\"@id\":\"https:\\\/\\\/www.accuratereviews.com\\\/it\\\/gestionale-per-parrucchieri\\\/goldie-recensione\\\/#primaryimage\"},\"thumbnailUrl\":\"https:\\\/\\\/www.accuratereviews.com\\\/wp-content\\\/uploads\\\/2024\\\/04\\\/Goldie.png\",\"datePublished\":\"2024-04-16T16:51:52+00:00\",\"dateModified\":\"2024-04-17T09:31:34+00:00\",\"description\":\"Goldie: recensione app di pianificazione degli appuntamenti per gestire e far crescere la tua attivit\u00e0 in modo semplice e veloce.\",\"breadcrumb\":{\"@id\":\"https:\\\/\\\/www.accuratereviews.com\\\/it\\\/gestionale-per-parrucchieri\\\/goldie-recensione\\\/#breadcrumb\"},\"inLanguage\":\"it-IT\",\"potentialAction\":[{\"@type\":\"ReadAction\",\"target\":[\"https:\\\/\\\/www.accuratereviews.com\\\/it\\\/gestionale-per-parrucchieri\\\/goldie-recensione\\\/\"]}]},{\"@type\":\"ImageObject\",\"inLanguage\":\"it-IT\",\"@id\":\"https:\\\/\\\/www.accuratereviews.com\\\/it\\\/gestionale-per-parrucchieri\\\/goldie-recensione\\\/#primaryimage\",\"url\":\"https:\\\/\\\/www.accuratereviews.com\\\/wp-content\\\/uploads\\\/2024\\\/04\\\/Goldie.png\",\"contentUrl\":\"https:\\\/\\\/www.accuratereviews.com\\\/wp-content\\\/uploads\\\/2024\\\/04\\\/Goldie.png\",\"width\":512,\"height\":512},{\"@type\":\"BreadcrumbList\",\"@id\":\"https:\\\/\\\/www.accuratereviews.com\\\/it\\\/gestionale-per-parrucchieri\\\/goldie-recensione\\\/#breadcrumb\",\"itemListElement\":[{\"@type\":\"ListItem\",\"position\":1,\"name\":\"Home\",\"item\":\"https:\\\/\\\/www.accuratereviews.com\\\/it\\\/\"},{\"@type\":\"ListItem\",\"position\":2,\"name\":\"Gestionale per parrucchieri\",\"item\":\"https:\\\/\\\/www.accuratereviews.com\\\/it\\\/gestionale-per-parrucchieri\\\/\"},{\"@type\":\"ListItem\",\"position\":3,\"name\":\"Goldie\"}]},{\"@type\":\"WebSite\",\"@id\":\"https:\\\/\\\/www.accuratereviews.com\\\/it\\\/#website\",\"url\":\"https:\\\/\\\/www.accuratereviews.com\\\/it\\\/\",\"name\":\"Accurate Reviews\",\"description\":\"\",\"potentialAction\":[{\"@type\":\"SearchAction\",\"target\":{\"@type\":\"EntryPoint\",\"urlTemplate\":\"https:\\\/\\\/www.accuratereviews.com\\\/it\\\/?s={search_term_string}\"},\"query-input\":{\"@type\":\"PropertyValueSpecification\",\"valueRequired\":true,\"valueName\":\"search_term_string\"}}],\"inLanguage\":\"it-IT\"}]}<\/script>\n<!-- \/ Yoast SEO plugin. -->","yoast_head_json":{"title":"Goldie: recensione software gestionale parrucchieri - Accurate Reviews","description":"Goldie: recensione app di pianificazione degli appuntamenti per gestire e far crescere la tua attivit\u00e0 in modo semplice e veloce.","robots":{"index":"index","follow":"follow","max-snippet":"max-snippet:-1","max-image-preview":"max-image-preview:large","max-video-preview":"max-video-preview:-1"},"canonical":"https:\/\/www.accuratereviews.com\/it\/gestionale-per-parrucchieri\/goldie-recensione\/","og_locale":"it_IT","og_type":"article","og_title":"Goldie: recensione software gestionale parrucchieri - Accurate Reviews","og_description":"Goldie: recensione app di pianificazione degli appuntamenti per gestire e far crescere la tua attivit\u00e0 in modo semplice e veloce.","og_url":"https:\/\/www.accuratereviews.com\/it\/gestionale-per-parrucchieri\/goldie-recensione\/","og_site_name":"Accurate Reviews","article_modified_time":"2024-04-17T09:31:34+00:00","og_image":[{"width":512,"height":512,"url":"https:\/\/www.accuratereviews.com\/wp-content\/uploads\/2024\/04\/Goldie.png","type":"image\/png"}],"twitter_card":"summary_large_image","twitter_misc":{"Tempo di lettura stimato":"5 minuti"},"schema":{"@context":"https:\/\/schema.org","@graph":[{"@type":"WebPage","@id":"https:\/\/www.accuratereviews.com\/it\/gestionale-per-parrucchieri\/goldie-recensione\/","url":"https:\/\/www.accuratereviews.com\/it\/gestionale-per-parrucchieri\/goldie-recensione\/","name":"Goldie: recensione software gestionale parrucchieri - Accurate Reviews","isPartOf":{"@id":"https:\/\/www.accuratereviews.com\/it\/#website"},"primaryImageOfPage":{"@id":"https:\/\/www.accuratereviews.com\/it\/gestionale-per-parrucchieri\/goldie-recensione\/#primaryimage"},"image":{"@id":"https:\/\/www.accuratereviews.com\/it\/gestionale-per-parrucchieri\/goldie-recensione\/#primaryimage"},"thumbnailUrl":"https:\/\/www.accuratereviews.com\/wp-content\/uploads\/2024\/04\/Goldie.png","datePublished":"2024-04-16T16:51:52+00:00","dateModified":"2024-04-17T09:31:34+00:00","description":"Goldie: recensione app di pianificazione degli appuntamenti per gestire e far crescere la tua attivit\u00e0 in modo semplice e veloce.","breadcrumb":{"@id":"https:\/\/www.accuratereviews.com\/it\/gestionale-per-parrucchieri\/goldie-recensione\/#breadcrumb"},"inLanguage":"it-IT","potentialAction":[{"@type":"ReadAction","target":["https:\/\/www.accuratereviews.com\/it\/gestionale-per-parrucchieri\/goldie-recensione\/"]}]},{"@type":"ImageObject","inLanguage":"it-IT","@id":"https:\/\/www.accuratereviews.com\/it\/gestionale-per-parrucchieri\/goldie-recensione\/#primaryimage","url":"https:\/\/www.accuratereviews.com\/wp-content\/uploads\/2024\/04\/Goldie.png","contentUrl":"https:\/\/www.accuratereviews.com\/wp-content\/uploads\/2024\/04\/Goldie.png","width":512,"height":512},{"@type":"BreadcrumbList","@id":"https:\/\/www.accuratereviews.com\/it\/gestionale-per-parrucchieri\/goldie-recensione\/#breadcrumb","itemListElement":[{"@type":"ListItem","position":1,"name":"Home","item":"https:\/\/www.accuratereviews.com\/it\/"},{"@type":"ListItem","position":2,"name":"Gestionale per parrucchieri","item":"https:\/\/www.accuratereviews.com\/it\/gestionale-per-parrucchieri\/"},{"@type":"ListItem","position":3,"name":"Goldie"}]},{"@type":"WebSite","@id":"https:\/\/www.accuratereviews.com\/it\/#website","url":"https:\/\/www.accuratereviews.com\/it\/","name":"Accurate Reviews","description":"","potentialAction":[{"@type":"SearchAction","target":{"@type":"EntryPoint","urlTemplate":"https:\/\/www.accuratereviews.com\/it\/?s={search_term_string}"},"query-input":{"@type":"PropertyValueSpecification","valueRequired":true,"valueName":"search_term_string"}}],"inLanguage":"it-IT"}]}},"_links":{"self":[{"href":"https:\/\/www.accuratereviews.com\/it\/wp-json\/wp\/v2\/pages\/75974","targetHints":{"allow":["GET"]}}],"collection":[{"href":"https:\/\/www.accuratereviews.com\/it\/wp-json\/wp\/v2\/pages"}],"about":[{"href":"https:\/\/www.accuratereviews.com\/it\/wp-json\/wp\/v2\/types\/page"}],"author":[{"embeddable":true,"href":"https:\/\/www.accuratereviews.com\/it\/wp-json\/wp\/v2\/users\/19"}],"replies":[{"embeddable":true,"href":"https:\/\/www.accuratereviews.com\/it\/wp-json\/wp\/v2\/comments?post=75974"}],"version-history":[{"count":11,"href":"https:\/\/www.accuratereviews.com\/it\/wp-json\/wp\/v2\/pages\/75974\/revisions"}],"predecessor-version":[{"id":76006,"href":"https:\/\/www.accuratereviews.com\/it\/wp-json\/wp\/v2\/pages\/75974\/revisions\/76006"}],"up":[{"embeddable":true,"href":"https:\/\/www.accuratereviews.com\/it\/wp-json\/wp\/v2\/pages\/33071"}],"wp:featuredmedia":[{"embeddable":true,"href":"https:\/\/www.accuratereviews.com\/it\/wp-json\/wp\/v2\/media\/75978"}],"wp:attachment":[{"href":"https:\/\/www.accuratereviews.com\/it\/wp-json\/wp\/v2\/media?parent=75974"}],"wp:term":[{"taxonomy":"category","embeddable":true,"href":"https:\/\/www.accuratereviews.com\/it\/wp-json\/wp\/v2\/categories?post=75974"},{"taxonomy":"post_tag","embeddable":true,"href":"https:\/\/www.accuratereviews.com\/it\/wp-json\/wp\/v2\/tags?post=75974"},{"taxonomy":"features","embeddable":true,"href":"https:\/\/www.accuratereviews.com\/it\/wp-json\/wp\/v2\/features?post=75974"}],"curies":[{"name":"wp","href":"https:\/\/api.w.org\/{rel}","templated":true}]}}