{"id":75990,"date":"2024-04-17T13:35:32","date_gmt":"2024-04-17T13:35:32","guid":{"rendered":"https:\/\/www.accuratereviews.com\/?page_id=75990"},"modified":"2024-04-18T07:02:02","modified_gmt":"2024-04-18T07:02:02","slug":"simplespa-recensione","status":"publish","type":"page","link":"https:\/\/www.accuratereviews.com\/it\/gestionale-per-parrucchieri\/simplespa-recensione\/","title":{"rendered":"SimpleSpa"},"content":{"rendered":"<p><strong>SimpleSpa<\/strong> \u00e8 un<strong> software di gestione di saloni e spa<\/strong>,\u00a0basato sul <strong>cloud<\/strong>, che consente agli utenti di gestire clienti, appuntamenti, orari del personale, pagamenti, sconti, spese e altro ancora. Il sistema \u00e8 progettato per aziende di qualsiasi dimensione e include un sistema di punti vendita (POS) integrato, pulsanti di prenotazione online e funzionalit\u00e0 di elaborazione delle carte di credito.<br \/>\n<strong>SimpleSpa<\/strong> offre a ciascuna azienda la propria pagina di prenotazione, dove i clienti possono prenotare un appuntamento online e gli utenti possono anche incorporare un pulsante &#8220;Prenota ora&#8221; nel proprio sito web. Ai clienti vengono inviate automaticamente email di conferma della prenotazione, con un link per aggiungere l&#8217;appuntamento al proprio calendario personale. \u00c8 possibile inviare promemoria personalizzabili tramite email o sms per ridurre le mancate presentazioni e gli appuntamenti sono codificati a colori sul calendario in base al loro stato. \u00c8 possibile prenotare pi\u00f9 appuntamenti per cliente, con consolidamento automatico in un&#8217;unica transazione alla cassa.<\/p>\n<h2><a href=\"https:\/\/www.accuratereviews.com\/wp-content\/uploads\/2024\/04\/Screenshot-2024-04-17-alle-10.28.39.png\"><img loading=\"lazy\" decoding=\"async\" class=\"aligncenter wp-image-75997 size-large\" src=\"https:\/\/www.accuratereviews.com\/wp-content\/uploads\/2024\/04\/Screenshot-2024-04-17-alle-10.28.39-1024x546.png\" alt=\"\" width=\"686\" height=\"366\" srcset=\"https:\/\/www.accuratereviews.com\/wp-content\/uploads\/2024\/04\/Screenshot-2024-04-17-alle-10.28.39-1024x546.png 1024w, https:\/\/www.accuratereviews.com\/wp-content\/uploads\/2024\/04\/Screenshot-2024-04-17-alle-10.28.39-300x160.png 300w, https:\/\/www.accuratereviews.com\/wp-content\/uploads\/2024\/04\/Screenshot-2024-04-17-alle-10.28.39-768x410.png 768w, https:\/\/www.accuratereviews.com\/wp-content\/uploads\/2024\/04\/Screenshot-2024-04-17-alle-10.28.39-1536x820.png 1536w, https:\/\/www.accuratereviews.com\/wp-content\/uploads\/2024\/04\/Screenshot-2024-04-17-alle-10.28.39-2048x1093.png 2048w, https:\/\/www.accuratereviews.com\/wp-content\/uploads\/2024\/04\/Screenshot-2024-04-17-alle-10.28.39-50x27.png 50w, https:\/\/www.accuratereviews.com\/wp-content\/uploads\/2024\/04\/Screenshot-2024-04-17-alle-10.28.39-234x125.png 234w, https:\/\/www.accuratereviews.com\/wp-content\/uploads\/2024\/04\/Screenshot-2024-04-17-alle-10.28.39-968x517.png 968w, https:\/\/www.accuratereviews.com\/wp-content\/uploads\/2024\/04\/Screenshot-2024-04-17-alle-10.28.39-636x339.png 636w, https:\/\/www.accuratereviews.com\/wp-content\/uploads\/2024\/04\/Screenshot-2024-04-17-alle-10.28.39-320x171.png 320w, https:\/\/www.accuratereviews.com\/wp-content\/uploads\/2024\/04\/Screenshot-2024-04-17-alle-10.28.39-239x128.png 239w\" sizes=\"auto, (max-width: 686px) 100vw, 686px\" \/><\/a><\/h2>\n<h2>SIMPLESPA &#8211; CARATTERISTICHE<\/h2>\n<ul>\n<li>Prenotare un appuntamento \u00e8 un semplice processo passo passo con poche domande e risposte selezionate, senza lunghi moduli da compilare o dati complicati da inserire semplicemente semplice!<\/li>\n<li>Il tuo calendario mostra tutto il tuo staff. Grazie allo scorrimento semplice e al rilevamento automatico delle mansioni del personale, prenotare gli appuntamenti dal tuo calendario \u00e8 pi\u00f9 facile che mai<\/li>\n<li>Il programma ti consente di prenotare pi\u00f9 appuntamenti per cliente e di raggrupparli automaticamente quando \u00e8 il momento di effettuare il pagamento<\/li>\n<li>Vendi i tuoi prodotti e registra tali transazioni durante il checkout del cliente, l&#8217;inventario si adegua automaticamente.<\/li>\n<li>Ogni appuntamento \u00e8 codificato a colori in base allo stato e il pianificatore ti consente di personalizzare i colori dello stato in base a ci\u00f2 che preferisci<\/li>\n<li>Con il software per appuntamenti puoi vendere e consentire ai tuoi clienti di riscattare le loro carte regalo con il POS, i numeri delle carte regalo vengono generati automaticamente.<\/li>\n<li>Vendere servizi \u00e8 facile e il sistema rileva automaticamente quando i tuoi clienti hanno prenotato un servizio che faceva parte di un pacchetto acquistato<\/li>\n<li>Riduci le mancate presentazioni e aumenta la notoriet\u00e0 con notifiche automatiche personalizzabili degli appuntamenti via email o sms.<\/li>\n<\/ul>\n<h3>LE RECENSIONI DEGLI UTENTI<\/h3>\n<p><strong>Sierra &#8220;Facile da usare, affidabile&#8221;<\/strong><br \/>\n<strong>Pro<\/strong>: Adoro il modo in cui posso gestire facilmente gli appuntamenti. Il modo in cui memorizza i dati del cliente e le note SOAP \u00e8 davvero conveniente<br \/>\n<strong>Contro<\/strong>: L&#8217;unica cosa che cambierei \u00e8 il prezzo. Costa un po&#8217; ma ne vale la pena perch\u00e9 mi semplifica la vita<\/p>\n<p><strong>Julian &#8220;Piccolo fantastico software&#8221;<\/strong><br \/>\n<strong>Commenti<\/strong>: Avevamo un disperato bisogno di un software per spa per gestire in modo pi\u00f9 efficace le nostre prenotazioni e la comunicazione con i clienti. La funzione di messaggistica SMS ha fatto risparmiare un sacco di tempo e fatica da parte del personale.<br \/>\nCi sono stati alcuni piccoli intoppi con il caricamento del database, ma una volta risolti, tutto ha funzionato davvero bene.<br \/>\n<strong>Pro<\/strong>: Il software \u00e8 facile da usare, piuttosto intuitivo. Con un po&#8217; di tempo di installazione, dovrebbe soddisfare le esigenze di qualsiasi spa. Il prezzo \u00e8 eccellente e l&#8217;assistenza clienti \u00e8 sempre disponibile e utile.<br \/>\n<strong>Contro<\/strong>: Mancanza di integrazione con app e fornitori di terze parti.<\/p>\n<p><strong>Emmy &#8220;Facilit\u00e0 d&#8217;uso e intuitivo&#8221;<\/strong><br \/>\n<strong>Pro<\/strong>: Ci\u00f2 che ci piace di pi\u00f9 \u00e8 che il nostro team ha imparato facilmente a utilizzare SimpleSpa, il team di supporto era l\u00ec per me e i nostri utenti, la flessibilit\u00e0 nei report di cui avevamo bisogno su pi\u00f9 parametri e che hanno aggiunto per noi<br \/>\n<strong>Contro<\/strong>: L&#8217;unica difficolt\u00e0 che ho avuto \u00e8 stata l&#8217;aggiunta di moduli che il team di supporto ci ha aiutato con un modello di file Excel da compilare<\/p>\n","protected":false},"excerpt":{"rendered":"<p>SimpleSpa \u00e8 un software di gestione di saloni e spa,\u00a0basato sul cloud, che consente agli utenti di gestire clienti, appuntamenti, orari del personale, pagamenti, sconti, spese e altro ancora. Il sistema \u00e8 progettato per aziende di qualsiasi dimensione basate su appuntamento e include un sistema di punti vendita (POS) integrato, pulsanti di prenotazione online e funzionalit\u00e0 di elaborazione delle carte di credito.<\/p>\n","protected":false},"author":19,"featured_media":75991,"parent":33071,"menu_order":0,"comment_status":"open","ping_status":"closed","template":"g1_template_page_review_new.php","meta":{"_acf_changed":false,"cwp_meta_box_check":"No","cwp_rev_product_name":"","cwp_rev_product_image":"","wppr_links":[],"cwp_rev_price":"","wppr_options":[],"wppr_pros":[],"wppr_cons":[],"_monsterinsights_skip_tracking":false,"_monsterinsights_sitenote_active":false,"_monsterinsights_sitenote_note":"","_monsterinsights_sitenote_category":0,"footnotes":""},"categories":[4186],"tags":[14947,4267,14950,15050,14949,14948],"features":[],"class_list":{"0":"post-75990","1":"page","2":"type-page","3":"status-publish","4":"has-post-thumbnail","6":"category-gestionali-per-parrucchieri","7":"tag-gestionale-parrucchieri","8":"tag-piattaforma-gestionale-parrucchieri","9":"tag-programma-gestionale-parrucchieri","10":"tag-simplespa","11":"tag-software-gestionale-parrucchieri","12":"tag-soluzione-gestionale-parrucchieri"},"wppr_data":{"cwp_meta_box_check":"No"},"acf":[],"yoast_head":"<!-- This site is optimized with the Yoast SEO plugin v27.4 - https:\/\/yoast.com\/product\/yoast-seo-wordpress\/ -->\n<title>SimpleSpa: recensione software gestionale parrucchieri - Accurate Reviews<\/title>\n<meta name=\"description\" content=\"SimpleSpa: recensione software di gestione di saloni e spa\u00a0basato sul cloud che consente di gestire clienti, appuntamenti, orari e pagamenti.\" \/>\n<meta name=\"robots\" content=\"index, follow, max-snippet:-1, max-image-preview:large, max-video-preview:-1\" \/>\n<link rel=\"canonical\" href=\"https:\/\/www.accuratereviews.com\/it\/gestionale-per-parrucchieri\/simplespa-recensione\/\" \/>\n<meta property=\"og:locale\" content=\"it_IT\" \/>\n<meta property=\"og:type\" content=\"article\" \/>\n<meta property=\"og:title\" content=\"SimpleSpa: recensione software gestionale parrucchieri - Accurate Reviews\" \/>\n<meta property=\"og:description\" content=\"SimpleSpa: recensione software di gestione di saloni e spa\u00a0basato sul cloud che consente di gestire clienti, appuntamenti, orari e pagamenti.\" \/>\n<meta property=\"og:url\" content=\"https:\/\/www.accuratereviews.com\/it\/gestionale-per-parrucchieri\/simplespa-recensione\/\" \/>\n<meta property=\"og:site_name\" content=\"Accurate Reviews\" \/>\n<meta property=\"article:modified_time\" content=\"2024-04-18T07:02:02+00:00\" \/>\n<meta property=\"og:image\" content=\"https:\/\/www.accuratereviews.com\/wp-content\/uploads\/2024\/04\/SimpleSpa.png\" \/>\n\t<meta property=\"og:image:width\" content=\"200\" \/>\n\t<meta property=\"og:image:height\" content=\"200\" \/>\n\t<meta property=\"og:image:type\" content=\"image\/png\" \/>\n<meta name=\"twitter:card\" content=\"summary_large_image\" \/>\n<meta name=\"twitter:label1\" content=\"Tempo di lettura stimato\" \/>\n\t<meta name=\"twitter:data1\" content=\"5 minuti\" \/>\n<script type=\"application\/ld+json\" class=\"yoast-schema-graph\">{\"@context\":\"https:\\\/\\\/schema.org\",\"@graph\":[{\"@type\":\"WebPage\",\"@id\":\"https:\\\/\\\/www.accuratereviews.com\\\/it\\\/gestionale-per-parrucchieri\\\/simplespa-recensione\\\/\",\"url\":\"https:\\\/\\\/www.accuratereviews.com\\\/it\\\/gestionale-per-parrucchieri\\\/simplespa-recensione\\\/\",\"name\":\"SimpleSpa: recensione software gestionale parrucchieri - Accurate Reviews\",\"isPartOf\":{\"@id\":\"https:\\\/\\\/www.accuratereviews.com\\\/it\\\/#website\"},\"primaryImageOfPage\":{\"@id\":\"https:\\\/\\\/www.accuratereviews.com\\\/it\\\/gestionale-per-parrucchieri\\\/simplespa-recensione\\\/#primaryimage\"},\"image\":{\"@id\":\"https:\\\/\\\/www.accuratereviews.com\\\/it\\\/gestionale-per-parrucchieri\\\/simplespa-recensione\\\/#primaryimage\"},\"thumbnailUrl\":\"https:\\\/\\\/www.accuratereviews.com\\\/wp-content\\\/uploads\\\/2024\\\/04\\\/SimpleSpa.png\",\"datePublished\":\"2024-04-17T13:35:32+00:00\",\"dateModified\":\"2024-04-18T07:02:02+00:00\",\"description\":\"SimpleSpa: recensione software di gestione di saloni e spa\u00a0basato sul cloud che consente di gestire clienti, appuntamenti, orari e pagamenti.\",\"breadcrumb\":{\"@id\":\"https:\\\/\\\/www.accuratereviews.com\\\/it\\\/gestionale-per-parrucchieri\\\/simplespa-recensione\\\/#breadcrumb\"},\"inLanguage\":\"it-IT\",\"potentialAction\":[{\"@type\":\"ReadAction\",\"target\":[\"https:\\\/\\\/www.accuratereviews.com\\\/it\\\/gestionale-per-parrucchieri\\\/simplespa-recensione\\\/\"]}]},{\"@type\":\"ImageObject\",\"inLanguage\":\"it-IT\",\"@id\":\"https:\\\/\\\/www.accuratereviews.com\\\/it\\\/gestionale-per-parrucchieri\\\/simplespa-recensione\\\/#primaryimage\",\"url\":\"https:\\\/\\\/www.accuratereviews.com\\\/wp-content\\\/uploads\\\/2024\\\/04\\\/SimpleSpa.png\",\"contentUrl\":\"https:\\\/\\\/www.accuratereviews.com\\\/wp-content\\\/uploads\\\/2024\\\/04\\\/SimpleSpa.png\",\"width\":200,\"height\":200},{\"@type\":\"BreadcrumbList\",\"@id\":\"https:\\\/\\\/www.accuratereviews.com\\\/it\\\/gestionale-per-parrucchieri\\\/simplespa-recensione\\\/#breadcrumb\",\"itemListElement\":[{\"@type\":\"ListItem\",\"position\":1,\"name\":\"Home\",\"item\":\"https:\\\/\\\/www.accuratereviews.com\\\/it\\\/\"},{\"@type\":\"ListItem\",\"position\":2,\"name\":\"Gestionale per parrucchieri\",\"item\":\"https:\\\/\\\/www.accuratereviews.com\\\/it\\\/gestionale-per-parrucchieri\\\/\"},{\"@type\":\"ListItem\",\"position\":3,\"name\":\"SimpleSpa\"}]},{\"@type\":\"WebSite\",\"@id\":\"https:\\\/\\\/www.accuratereviews.com\\\/it\\\/#website\",\"url\":\"https:\\\/\\\/www.accuratereviews.com\\\/it\\\/\",\"name\":\"Accurate Reviews\",\"description\":\"\",\"potentialAction\":[{\"@type\":\"SearchAction\",\"target\":{\"@type\":\"EntryPoint\",\"urlTemplate\":\"https:\\\/\\\/www.accuratereviews.com\\\/it\\\/?s={search_term_string}\"},\"query-input\":{\"@type\":\"PropertyValueSpecification\",\"valueRequired\":true,\"valueName\":\"search_term_string\"}}],\"inLanguage\":\"it-IT\"}]}<\/script>\n<!-- \/ Yoast SEO plugin. -->","yoast_head_json":{"title":"SimpleSpa: recensione software gestionale parrucchieri - Accurate Reviews","description":"SimpleSpa: recensione software di gestione di saloni e spa\u00a0basato sul cloud che consente di gestire clienti, appuntamenti, orari e pagamenti.","robots":{"index":"index","follow":"follow","max-snippet":"max-snippet:-1","max-image-preview":"max-image-preview:large","max-video-preview":"max-video-preview:-1"},"canonical":"https:\/\/www.accuratereviews.com\/it\/gestionale-per-parrucchieri\/simplespa-recensione\/","og_locale":"it_IT","og_type":"article","og_title":"SimpleSpa: recensione software gestionale parrucchieri - Accurate Reviews","og_description":"SimpleSpa: recensione software di gestione di saloni e spa\u00a0basato sul cloud che consente di gestire clienti, appuntamenti, orari e pagamenti.","og_url":"https:\/\/www.accuratereviews.com\/it\/gestionale-per-parrucchieri\/simplespa-recensione\/","og_site_name":"Accurate Reviews","article_modified_time":"2024-04-18T07:02:02+00:00","og_image":[{"width":200,"height":200,"url":"https:\/\/www.accuratereviews.com\/wp-content\/uploads\/2024\/04\/SimpleSpa.png","type":"image\/png"}],"twitter_card":"summary_large_image","twitter_misc":{"Tempo di lettura stimato":"5 minuti"},"schema":{"@context":"https:\/\/schema.org","@graph":[{"@type":"WebPage","@id":"https:\/\/www.accuratereviews.com\/it\/gestionale-per-parrucchieri\/simplespa-recensione\/","url":"https:\/\/www.accuratereviews.com\/it\/gestionale-per-parrucchieri\/simplespa-recensione\/","name":"SimpleSpa: recensione software gestionale parrucchieri - Accurate Reviews","isPartOf":{"@id":"https:\/\/www.accuratereviews.com\/it\/#website"},"primaryImageOfPage":{"@id":"https:\/\/www.accuratereviews.com\/it\/gestionale-per-parrucchieri\/simplespa-recensione\/#primaryimage"},"image":{"@id":"https:\/\/www.accuratereviews.com\/it\/gestionale-per-parrucchieri\/simplespa-recensione\/#primaryimage"},"thumbnailUrl":"https:\/\/www.accuratereviews.com\/wp-content\/uploads\/2024\/04\/SimpleSpa.png","datePublished":"2024-04-17T13:35:32+00:00","dateModified":"2024-04-18T07:02:02+00:00","description":"SimpleSpa: recensione software di gestione di saloni e spa\u00a0basato sul cloud che consente di gestire clienti, appuntamenti, orari e pagamenti.","breadcrumb":{"@id":"https:\/\/www.accuratereviews.com\/it\/gestionale-per-parrucchieri\/simplespa-recensione\/#breadcrumb"},"inLanguage":"it-IT","potentialAction":[{"@type":"ReadAction","target":["https:\/\/www.accuratereviews.com\/it\/gestionale-per-parrucchieri\/simplespa-recensione\/"]}]},{"@type":"ImageObject","inLanguage":"it-IT","@id":"https:\/\/www.accuratereviews.com\/it\/gestionale-per-parrucchieri\/simplespa-recensione\/#primaryimage","url":"https:\/\/www.accuratereviews.com\/wp-content\/uploads\/2024\/04\/SimpleSpa.png","contentUrl":"https:\/\/www.accuratereviews.com\/wp-content\/uploads\/2024\/04\/SimpleSpa.png","width":200,"height":200},{"@type":"BreadcrumbList","@id":"https:\/\/www.accuratereviews.com\/it\/gestionale-per-parrucchieri\/simplespa-recensione\/#breadcrumb","itemListElement":[{"@type":"ListItem","position":1,"name":"Home","item":"https:\/\/www.accuratereviews.com\/it\/"},{"@type":"ListItem","position":2,"name":"Gestionale per parrucchieri","item":"https:\/\/www.accuratereviews.com\/it\/gestionale-per-parrucchieri\/"},{"@type":"ListItem","position":3,"name":"SimpleSpa"}]},{"@type":"WebSite","@id":"https:\/\/www.accuratereviews.com\/it\/#website","url":"https:\/\/www.accuratereviews.com\/it\/","name":"Accurate Reviews","description":"","potentialAction":[{"@type":"SearchAction","target":{"@type":"EntryPoint","urlTemplate":"https:\/\/www.accuratereviews.com\/it\/?s={search_term_string}"},"query-input":{"@type":"PropertyValueSpecification","valueRequired":true,"valueName":"search_term_string"}}],"inLanguage":"it-IT"}]}},"_links":{"self":[{"href":"https:\/\/www.accuratereviews.com\/it\/wp-json\/wp\/v2\/pages\/75990","targetHints":{"allow":["GET"]}}],"collection":[{"href":"https:\/\/www.accuratereviews.com\/it\/wp-json\/wp\/v2\/pages"}],"about":[{"href":"https:\/\/www.accuratereviews.com\/it\/wp-json\/wp\/v2\/types\/page"}],"author":[{"embeddable":true,"href":"https:\/\/www.accuratereviews.com\/it\/wp-json\/wp\/v2\/users\/19"}],"replies":[{"embeddable":true,"href":"https:\/\/www.accuratereviews.com\/it\/wp-json\/wp\/v2\/comments?post=75990"}],"version-history":[{"count":9,"href":"https:\/\/www.accuratereviews.com\/it\/wp-json\/wp\/v2\/pages\/75990\/revisions"}],"predecessor-version":[{"id":76021,"href":"https:\/\/www.accuratereviews.com\/it\/wp-json\/wp\/v2\/pages\/75990\/revisions\/76021"}],"up":[{"embeddable":true,"href":"https:\/\/www.accuratereviews.com\/it\/wp-json\/wp\/v2\/pages\/33071"}],"wp:featuredmedia":[{"embeddable":true,"href":"https:\/\/www.accuratereviews.com\/it\/wp-json\/wp\/v2\/media\/75991"}],"wp:attachment":[{"href":"https:\/\/www.accuratereviews.com\/it\/wp-json\/wp\/v2\/media?parent=75990"}],"wp:term":[{"taxonomy":"category","embeddable":true,"href":"https:\/\/www.accuratereviews.com\/it\/wp-json\/wp\/v2\/categories?post=75990"},{"taxonomy":"post_tag","embeddable":true,"href":"https:\/\/www.accuratereviews.com\/it\/wp-json\/wp\/v2\/tags?post=75990"},{"taxonomy":"features","embeddable":true,"href":"https:\/\/www.accuratereviews.com\/it\/wp-json\/wp\/v2\/features?post=75990"}],"curies":[{"name":"wp","href":"https:\/\/api.w.org\/{rel}","templated":true}]}}