{"id":76010,"date":"2024-04-17T21:08:40","date_gmt":"2024-04-17T21:08:40","guid":{"rendered":"https:\/\/www.accuratereviews.com\/?page_id=76010"},"modified":"2024-04-23T20:21:01","modified_gmt":"2024-04-23T20:21:01","slug":"leadmaster-recensione","status":"publish","type":"page","link":"https:\/\/www.accuratereviews.com\/it\/software-creare-landing-page\/leadmaster-recensione\/","title":{"rendered":"LeadMaster"},"content":{"rendered":"<p><strong>LeadMaster<\/strong> \u00e8 una <strong>piattaforma per creare landing page e marketing automation<\/strong> progettata per aiutare le aziende a catturare, nutrire e convertire i lead in clienti. Offre una vasta gamma di strumenti, tra cui form di acquisizione lead, tracciamento delle interazioni dei lead, automazione delle campagne di marketing e analisi delle performance.<br \/>\nCon <strong>LeadMaster<\/strong>, le aziende possono ottimizzare il processo di generazione di lead e migliorare il tasso di conversione, consentendo loro di crescere e avere successo nel mercato.<\/p>\n<h2>LEADMASTER &#8211; TUTORIAL<\/h2>\n<div id=\"fluid-wrapper-counter-1\" class=\"g1-fluid-wrapper \" style=\"width:686px;\">\n<div style=\"padding-bottom:56.268221574344%;\"><iframe loading=\"lazy\" title=\"Creating and Editing Landing Pages\" width=\"686\" height=\"386\" src=\"https:\/\/www.youtube.com\/embed\/kU5YSDCOddQ?feature=oembed&amp;wmode=transparent&amp;autohide=1&amp;autoplay=0&amp;disablekb=0&amp;fs=1&amp;loop=0&amp;enablejsapi=1&amp;rel=0&amp;controls=2&amp;showinfo=0&amp;wmode=transparent&amp;autohide=2&amp;autoplay=0&amp;disablekb=0&amp;fs=1&amp;loop=0&amp;enablejsapi=1&amp;rel=0&amp;controls=2&amp;showinfo=1\" frameborder=\"0\" allow=\"accelerometer; autoplay; clipboard-write; encrypted-media; gyroscope; picture-in-picture; web-share\" referrerpolicy=\"strict-origin-when-cross-origin\" allowfullscreen><\/iframe><\/div>\n<\/div>\n<h3>LEADMASTER &#8211; CARATTERISTICHE<\/h3>\n<ul>\n<li>Creazione di form di acquisizione lead personalizzati<\/li>\n<li>Tracciamento delle interazioni dei lead su diversi canali (siti web, e-mail, social media, ecc.)<\/li>\n<li>Automazione delle campagne di marketing e delle attivit\u00e0 di lead nurturing<\/li>\n<li>Gestione centralizzata dei lead e del processo di vendita<\/li>\n<li>Analisi delle performance delle campagne e dei lead<\/li>\n<li>Creazione e personalizzazione di landing page<\/li>\n<li>Integrazione con altri strumenti di marketing e CRM<\/li>\n<li>Monitoraggio e reportistica avanzata per valutare l&#8217;efficacia delle strategie di lead generation e marketing.<\/li>\n<\/ul>\n<h4>LE RECENSIONI DEGLI UTENTI<\/h4>\n<p><b>Moe &#8220;Leadmaster&#8221;<br \/>\n<\/b><b>Commenti:<\/b> Ottimo software<br \/>\n<b>Pro:<\/b> Ottimo software per chi lo usa per la prima volta. Si possono acquistare lead anche da fornitori diversi<br \/>\n<b>Contro:<\/b> \u00c8 troppo elementare. I testi automatici non sono abbastanza lunghi<\/p>\n<p><strong>Carl &#8220;Ottimo prodotto per il prezzo!<br \/>\n<\/strong><b>Pro:<\/b> L&#8217;invio di email e il monitoraggio dei clienti sono le caratteristiche migliori. Ha una serie di funzioni che devo ancora capire.<br \/>\n<b>Contro:<\/b> Il programma non \u00e8 facile da navigare come gli altri, ma vale il prezzo che costa!<\/p>\n<p><strong>Mert &#8220;Leadmaster \u00e8 l&#8217;unico per la gestione dei clienti&#8221;.<br \/>\n<\/strong><b>Commenti:<\/b> La media \u00e8 buona.<br \/>\n<b>Pro:<\/b> In primo luogo, mi \u00e8 piaciuto molto il servizio clienti, ho affrontato un paio di problemi e mi hanno risposto molto velocemente. La facilit\u00e0 di integrazione con altri software \u00e8 un&#8217;altra funzione efficace.<br \/>\n<b>Contro:<\/b> L&#8217;esecuzione del software \u00e8 un po&#8217; lenta, a volte \u00e8 necessario attendere per un certo periodo.<\/p>\n","protected":false},"excerpt":{"rendered":"<p>LeadMaster \u00e8 una piattaforma per creare landing page e marketing automation progettata per aiutare le aziende a catturare, nutrire e convertire i lead in clienti. Offre una vasta gamma di strumenti, tra cui form di acquisizione lead, tracciamento delle interazioni dei lead, automazione delle campagne di marketing e analisi delle performance.<\/p>\n","protected":false},"author":17,"featured_media":76011,"parent":58467,"menu_order":0,"comment_status":"open","ping_status":"closed","template":"g1_template_page_review_new.php","meta":{"_acf_changed":false,"cwp_meta_box_check":"No","cwp_rev_product_name":"","cwp_rev_product_image":"","wppr_links":[],"cwp_rev_price":"","wppr_options":[],"wppr_pros":[],"wppr_cons":[],"_monsterinsights_skip_tracking":false,"_monsterinsights_sitenote_active":false,"_monsterinsights_sitenote_note":"","_monsterinsights_sitenote_category":0,"footnotes":""},"categories":[12754],"tags":[12760,12810,12814,12776,12918],"features":[],"class_list":{"0":"post-76010","1":"page","2":"type-page","3":"status-publish","4":"has-post-thumbnail","6":"category-software-per-creare-landing-page-cat","7":"tag-app-per-creare-landing-page","8":"tag-creazione-landing-page","9":"tag-piattaforma-creazione-landing-page","10":"tag-programma-per-creare-landing-page","11":"tag-software-per-la-creazione-di-landing-page-gratuiti"},"wppr_data":{"cwp_meta_box_check":"No"},"acf":[],"yoast_head":"<!-- This site is optimized with the Yoast SEO plugin v27.4 - https:\/\/yoast.com\/product\/yoast-seo-wordpress\/ -->\n<title>LeadMaster: recensione software per creare landing page - Accurate Reviews<\/title>\n<meta name=\"description\" content=\"LeadMaster: recensione della piattaforma per creare landing page e marketing automation progettata per aiutare le aziende.\" \/>\n<meta name=\"robots\" content=\"index, follow, max-snippet:-1, max-image-preview:large, max-video-preview:-1\" \/>\n<link rel=\"canonical\" href=\"https:\/\/www.accuratereviews.com\/it\/software-creare-landing-page\/leadmaster-recensione\/\" \/>\n<meta property=\"og:locale\" content=\"it_IT\" \/>\n<meta property=\"og:type\" content=\"article\" \/>\n<meta property=\"og:title\" content=\"LeadMaster: recensione software per creare landing page - Accurate Reviews\" \/>\n<meta property=\"og:description\" content=\"LeadMaster: recensione della piattaforma per creare landing page e marketing automation progettata per aiutare le aziende.\" \/>\n<meta property=\"og:url\" content=\"https:\/\/www.accuratereviews.com\/it\/software-creare-landing-page\/leadmaster-recensione\/\" \/>\n<meta property=\"og:site_name\" content=\"Accurate Reviews\" \/>\n<meta property=\"article:modified_time\" content=\"2024-04-23T20:21:01+00:00\" \/>\n<meta property=\"og:image\" content=\"https:\/\/www.accuratereviews.com\/wp-content\/uploads\/2024\/04\/1cabebae51ed49b588d39225cb2a258a.png.jpeg\" \/>\n\t<meta property=\"og:image:width\" content=\"200\" \/>\n\t<meta property=\"og:image:height\" content=\"200\" \/>\n\t<meta property=\"og:image:type\" content=\"image\/jpeg\" \/>\n<meta name=\"twitter:card\" content=\"summary_large_image\" \/>\n<meta name=\"twitter:label1\" content=\"Tempo di lettura stimato\" \/>\n\t<meta name=\"twitter:data1\" content=\"3 minuti\" \/>\n<script type=\"application\/ld+json\" class=\"yoast-schema-graph\">{\"@context\":\"https:\\\/\\\/schema.org\",\"@graph\":[{\"@type\":\"WebPage\",\"@id\":\"https:\\\/\\\/www.accuratereviews.com\\\/it\\\/software-creare-landing-page\\\/leadmaster-recensione\\\/\",\"url\":\"https:\\\/\\\/www.accuratereviews.com\\\/it\\\/software-creare-landing-page\\\/leadmaster-recensione\\\/\",\"name\":\"LeadMaster: recensione software per creare landing page - Accurate Reviews\",\"isPartOf\":{\"@id\":\"https:\\\/\\\/www.accuratereviews.com\\\/it\\\/#website\"},\"primaryImageOfPage\":{\"@id\":\"https:\\\/\\\/www.accuratereviews.com\\\/it\\\/software-creare-landing-page\\\/leadmaster-recensione\\\/#primaryimage\"},\"image\":{\"@id\":\"https:\\\/\\\/www.accuratereviews.com\\\/it\\\/software-creare-landing-page\\\/leadmaster-recensione\\\/#primaryimage\"},\"thumbnailUrl\":\"https:\\\/\\\/www.accuratereviews.com\\\/wp-content\\\/uploads\\\/2024\\\/04\\\/1cabebae51ed49b588d39225cb2a258a.png.jpeg\",\"datePublished\":\"2024-04-17T21:08:40+00:00\",\"dateModified\":\"2024-04-23T20:21:01+00:00\",\"description\":\"LeadMaster: recensione della piattaforma per creare landing page e marketing automation progettata per aiutare le aziende.\",\"breadcrumb\":{\"@id\":\"https:\\\/\\\/www.accuratereviews.com\\\/it\\\/software-creare-landing-page\\\/leadmaster-recensione\\\/#breadcrumb\"},\"inLanguage\":\"it-IT\",\"potentialAction\":[{\"@type\":\"ReadAction\",\"target\":[\"https:\\\/\\\/www.accuratereviews.com\\\/it\\\/software-creare-landing-page\\\/leadmaster-recensione\\\/\"]}]},{\"@type\":\"ImageObject\",\"inLanguage\":\"it-IT\",\"@id\":\"https:\\\/\\\/www.accuratereviews.com\\\/it\\\/software-creare-landing-page\\\/leadmaster-recensione\\\/#primaryimage\",\"url\":\"https:\\\/\\\/www.accuratereviews.com\\\/wp-content\\\/uploads\\\/2024\\\/04\\\/1cabebae51ed49b588d39225cb2a258a.png.jpeg\",\"contentUrl\":\"https:\\\/\\\/www.accuratereviews.com\\\/wp-content\\\/uploads\\\/2024\\\/04\\\/1cabebae51ed49b588d39225cb2a258a.png.jpeg\",\"width\":200,\"height\":200},{\"@type\":\"BreadcrumbList\",\"@id\":\"https:\\\/\\\/www.accuratereviews.com\\\/it\\\/software-creare-landing-page\\\/leadmaster-recensione\\\/#breadcrumb\",\"itemListElement\":[{\"@type\":\"ListItem\",\"position\":1,\"name\":\"Home\",\"item\":\"https:\\\/\\\/www.accuratereviews.com\\\/it\\\/\"},{\"@type\":\"ListItem\",\"position\":2,\"name\":\"Software per creare landing page\",\"item\":\"https:\\\/\\\/www.accuratereviews.com\\\/it\\\/software-creare-landing-page\\\/\"},{\"@type\":\"ListItem\",\"position\":3,\"name\":\"LeadMaster\"}]},{\"@type\":\"WebSite\",\"@id\":\"https:\\\/\\\/www.accuratereviews.com\\\/it\\\/#website\",\"url\":\"https:\\\/\\\/www.accuratereviews.com\\\/it\\\/\",\"name\":\"Accurate Reviews\",\"description\":\"\",\"potentialAction\":[{\"@type\":\"SearchAction\",\"target\":{\"@type\":\"EntryPoint\",\"urlTemplate\":\"https:\\\/\\\/www.accuratereviews.com\\\/it\\\/?s={search_term_string}\"},\"query-input\":{\"@type\":\"PropertyValueSpecification\",\"valueRequired\":true,\"valueName\":\"search_term_string\"}}],\"inLanguage\":\"it-IT\"}]}<\/script>\n<!-- \/ Yoast SEO plugin. -->","yoast_head_json":{"title":"LeadMaster: recensione software per creare landing page - Accurate Reviews","description":"LeadMaster: recensione della piattaforma per creare landing page e marketing automation progettata per aiutare le aziende.","robots":{"index":"index","follow":"follow","max-snippet":"max-snippet:-1","max-image-preview":"max-image-preview:large","max-video-preview":"max-video-preview:-1"},"canonical":"https:\/\/www.accuratereviews.com\/it\/software-creare-landing-page\/leadmaster-recensione\/","og_locale":"it_IT","og_type":"article","og_title":"LeadMaster: recensione software per creare landing page - Accurate Reviews","og_description":"LeadMaster: recensione della piattaforma per creare landing page e marketing automation progettata per aiutare le aziende.","og_url":"https:\/\/www.accuratereviews.com\/it\/software-creare-landing-page\/leadmaster-recensione\/","og_site_name":"Accurate Reviews","article_modified_time":"2024-04-23T20:21:01+00:00","og_image":[{"width":200,"height":200,"url":"https:\/\/www.accuratereviews.com\/wp-content\/uploads\/2024\/04\/1cabebae51ed49b588d39225cb2a258a.png.jpeg","type":"image\/jpeg"}],"twitter_card":"summary_large_image","twitter_misc":{"Tempo di lettura stimato":"3 minuti"},"schema":{"@context":"https:\/\/schema.org","@graph":[{"@type":"WebPage","@id":"https:\/\/www.accuratereviews.com\/it\/software-creare-landing-page\/leadmaster-recensione\/","url":"https:\/\/www.accuratereviews.com\/it\/software-creare-landing-page\/leadmaster-recensione\/","name":"LeadMaster: recensione software per creare landing page - Accurate Reviews","isPartOf":{"@id":"https:\/\/www.accuratereviews.com\/it\/#website"},"primaryImageOfPage":{"@id":"https:\/\/www.accuratereviews.com\/it\/software-creare-landing-page\/leadmaster-recensione\/#primaryimage"},"image":{"@id":"https:\/\/www.accuratereviews.com\/it\/software-creare-landing-page\/leadmaster-recensione\/#primaryimage"},"thumbnailUrl":"https:\/\/www.accuratereviews.com\/wp-content\/uploads\/2024\/04\/1cabebae51ed49b588d39225cb2a258a.png.jpeg","datePublished":"2024-04-17T21:08:40+00:00","dateModified":"2024-04-23T20:21:01+00:00","description":"LeadMaster: recensione della piattaforma per creare landing page e marketing automation progettata per aiutare le aziende.","breadcrumb":{"@id":"https:\/\/www.accuratereviews.com\/it\/software-creare-landing-page\/leadmaster-recensione\/#breadcrumb"},"inLanguage":"it-IT","potentialAction":[{"@type":"ReadAction","target":["https:\/\/www.accuratereviews.com\/it\/software-creare-landing-page\/leadmaster-recensione\/"]}]},{"@type":"ImageObject","inLanguage":"it-IT","@id":"https:\/\/www.accuratereviews.com\/it\/software-creare-landing-page\/leadmaster-recensione\/#primaryimage","url":"https:\/\/www.accuratereviews.com\/wp-content\/uploads\/2024\/04\/1cabebae51ed49b588d39225cb2a258a.png.jpeg","contentUrl":"https:\/\/www.accuratereviews.com\/wp-content\/uploads\/2024\/04\/1cabebae51ed49b588d39225cb2a258a.png.jpeg","width":200,"height":200},{"@type":"BreadcrumbList","@id":"https:\/\/www.accuratereviews.com\/it\/software-creare-landing-page\/leadmaster-recensione\/#breadcrumb","itemListElement":[{"@type":"ListItem","position":1,"name":"Home","item":"https:\/\/www.accuratereviews.com\/it\/"},{"@type":"ListItem","position":2,"name":"Software per creare landing page","item":"https:\/\/www.accuratereviews.com\/it\/software-creare-landing-page\/"},{"@type":"ListItem","position":3,"name":"LeadMaster"}]},{"@type":"WebSite","@id":"https:\/\/www.accuratereviews.com\/it\/#website","url":"https:\/\/www.accuratereviews.com\/it\/","name":"Accurate Reviews","description":"","potentialAction":[{"@type":"SearchAction","target":{"@type":"EntryPoint","urlTemplate":"https:\/\/www.accuratereviews.com\/it\/?s={search_term_string}"},"query-input":{"@type":"PropertyValueSpecification","valueRequired":true,"valueName":"search_term_string"}}],"inLanguage":"it-IT"}]}},"_links":{"self":[{"href":"https:\/\/www.accuratereviews.com\/it\/wp-json\/wp\/v2\/pages\/76010","targetHints":{"allow":["GET"]}}],"collection":[{"href":"https:\/\/www.accuratereviews.com\/it\/wp-json\/wp\/v2\/pages"}],"about":[{"href":"https:\/\/www.accuratereviews.com\/it\/wp-json\/wp\/v2\/types\/page"}],"author":[{"embeddable":true,"href":"https:\/\/www.accuratereviews.com\/it\/wp-json\/wp\/v2\/users\/17"}],"replies":[{"embeddable":true,"href":"https:\/\/www.accuratereviews.com\/it\/wp-json\/wp\/v2\/comments?post=76010"}],"version-history":[{"count":2,"href":"https:\/\/www.accuratereviews.com\/it\/wp-json\/wp\/v2\/pages\/76010\/revisions"}],"predecessor-version":[{"id":76112,"href":"https:\/\/www.accuratereviews.com\/it\/wp-json\/wp\/v2\/pages\/76010\/revisions\/76112"}],"up":[{"embeddable":true,"href":"https:\/\/www.accuratereviews.com\/it\/wp-json\/wp\/v2\/pages\/58467"}],"wp:featuredmedia":[{"embeddable":true,"href":"https:\/\/www.accuratereviews.com\/it\/wp-json\/wp\/v2\/media\/76011"}],"wp:attachment":[{"href":"https:\/\/www.accuratereviews.com\/it\/wp-json\/wp\/v2\/media?parent=76010"}],"wp:term":[{"taxonomy":"category","embeddable":true,"href":"https:\/\/www.accuratereviews.com\/it\/wp-json\/wp\/v2\/categories?post=76010"},{"taxonomy":"post_tag","embeddable":true,"href":"https:\/\/www.accuratereviews.com\/it\/wp-json\/wp\/v2\/tags?post=76010"},{"taxonomy":"features","embeddable":true,"href":"https:\/\/www.accuratereviews.com\/it\/wp-json\/wp\/v2\/features?post=76010"}],"curies":[{"name":"wp","href":"https:\/\/api.w.org\/{rel}","templated":true}]}}