{"id":76022,"date":"2024-04-18T16:04:16","date_gmt":"2024-04-18T16:04:16","guid":{"rendered":"https:\/\/www.accuratereviews.com\/?page_id=76022"},"modified":"2024-04-19T10:35:43","modified_gmt":"2024-04-19T10:35:43","slug":"primo-recensione","status":"publish","type":"page","link":"https:\/\/www.accuratereviews.com\/it\/gestionale-per-parrucchieri\/primo-recensione\/","title":{"rendered":"Primo"},"content":{"rendered":"<p><strong>Primo<\/strong> \u00e8 un <strong>software<\/strong> in lingua italiana per la <strong>gestione<\/strong> <strong>di centri estetici e saloni di parrucchieri<\/strong>. La soluzione include strumenti per la gestione di clienti, appuntamenti, promemoria, abbonamenti e pagamenti anticipati, marketing e altro ancora. I gestori dei saloni possono lavorare da qualsiasi dispositivo abilitato a Internet per gestire prenotazioni e clienti.<br \/>\nIl calendario consente agli utenti di visualizzare e gestire la disponibilit\u00e0 di stilisti o estetisti e le risorse comprese stanze e attrezzature. Per aumentare la fedelt\u00e0 dei clienti, gli utenti possono stampare e gestire carte fedelt\u00e0, nonch\u00e9 inviare auguri di compleanno, promozioni e promemoria ai clienti tramite sms e WhatsApp.<\/p>\n<h2>PRIMO &#8211; TUTORIAL<\/h2>\n<div id=\"fluid-wrapper-counter-1\" class=\"g1-fluid-wrapper \" style=\"width:686px;\">\n<div style=\"padding-bottom:56.268221574344%;\"><iframe loading=\"lazy\" title=\"Il marketing semplice semplice, che tutti possono attivare. Gli auguri di compleanno.\" width=\"686\" height=\"386\" src=\"https:\/\/www.youtube.com\/embed\/8XxNOtLwoUE?feature=oembed&amp;wmode=transparent&amp;autohide=1&amp;autoplay=0&amp;disablekb=0&amp;fs=1&amp;loop=0&amp;enablejsapi=1&amp;rel=0&amp;controls=2&amp;showinfo=0&amp;wmode=transparent&amp;autohide=2&amp;autoplay=0&amp;disablekb=0&amp;fs=1&amp;loop=0&amp;enablejsapi=1&amp;rel=0&amp;controls=2&amp;showinfo=1\" frameborder=\"0\" allow=\"accelerometer; autoplay; clipboard-write; encrypted-media; gyroscope; picture-in-picture; web-share\" referrerpolicy=\"strict-origin-when-cross-origin\" allowfullscreen><\/iframe><\/div>\n<\/div>\n<h3>PRIMO &#8211; CARATTERISTICHE<\/h3>\n<ul>\n<li>Agenda appuntamenti<\/li>\n<li>Clienti illimitati e storico<\/li>\n<li>6 Operatori e 6 Risorse<\/li>\n<li>Incassi e sospesi<\/li>\n<li>Login max 1 dispositivo<\/li>\n<li>Collegamento Google Drive<\/li>\n<li>Promemoria appuntamenti e auguri di compleanno tramite sms<\/li>\n<li>Marketing automation<\/li>\n<li>Formazione illimitata<\/li>\n<li>Assistenza chat\/ticket<\/li>\n<li>Conferma appuntamenti WhatsApp<\/li>\n<li>Appuntamenti programmati<\/li>\n<li>Copia e Incolla appuntamenti<\/li>\n<li>Collegamento registratore di cassa<\/li>\n<li>Costi di gestione<\/li>\n<li>Landing page<\/li>\n<li>Widget e Statistiche Base<\/li>\n<li>Schede tecniche Clienti<\/li>\n<li>Abbonamenti e prepagate<\/li>\n<li>Gestione Magazzino<\/li>\n<\/ul>\n<h4>LE RECENSIONI DEGLI UTENTI<\/h4>\n<p><strong>Doriana &#8220;Finalmente seriet\u00e0&#8221;<\/strong><br \/>\n<strong>Commenti<\/strong>: Erano anni che cercavo qualcosa di semplice funzionale ed economico. L&#8217;ho trovato!!!!<br \/>\n<strong>Pro<\/strong>: Il prezzo \u00e8 pi\u00f9 basso del valore e la facilit\u00e0 di utilizzo<br \/>\n<strong>Contro<\/strong>: Al momento sempre soddisfatta non mi hanno mai deluso<\/p>\n<p><strong>Kathia &#8220;Praticit\u00e0&#8221;<\/strong><br \/>\n<strong>Pro<\/strong>: Primoincloud \u00e8 un prodotto davvero piacevole e facile da comprendere anche da chi come me \u00e8 alle prime armi con l\u2019agenda elettronica. Ottima la possibilit\u00e0 di aprire tichet x ogni problematica che non si riesce a risolvere\u2026 Lo uso da gennaio e fino adesso tutto ok!<br \/>\n<strong>Contro<\/strong>: Se proprio devo dire qualcosa consiglierei di impostare un appuntamento fisso in diretta x la prima installazione<\/p>\n<p><strong>Vita maria &#8220;Eccellente&#8221;<\/strong><br \/>\n<strong>Commenti<\/strong>: Eccellente. Lo consiglio. Molto facile da usare<br \/>\n<strong>Pro<\/strong>: Facile da usare Economico E grafica eccellente<br \/>\n<strong>Contro<\/strong>: Per ora nulla Sto ancora iniziando a lavorare<\/p>\n","protected":false},"excerpt":{"rendered":"<p>Primo \u00e8 un software in lingua italiana per la gestione di centri estetici e saloni di parrucchieri. La soluzione include strumenti per la gestione di clienti, appuntamenti, promemoria, abbonamenti e pagamenti anticipati, marketing e altro ancora. I gestori dei saloni possono lavorare da qualsiasi dispositivo abilitato a Internet per gestire prenotazioni e clienti.<\/p>\n","protected":false},"author":19,"featured_media":76024,"parent":33071,"menu_order":0,"comment_status":"open","ping_status":"closed","template":"g1_template_page_review_new.php","meta":{"_acf_changed":false,"cwp_meta_box_check":"Yes","cwp_rev_product_name":"","cwp_rev_product_image":"","wppr_links":[],"cwp_rev_price":"0.00","wppr_options":[{"name":"Usability","value":"0"},{"name":"Speed","value":"0"},{"name":"Features","value":"0"},{"name":"Support","value":"0"},{"name":"Pricing","value":"0"}],"wppr_pros":["","","","",""],"wppr_cons":["","","","",""],"_monsterinsights_skip_tracking":false,"_monsterinsights_sitenote_active":false,"_monsterinsights_sitenote_note":"","_monsterinsights_sitenote_category":0,"footnotes":""},"categories":[4186],"tags":[14947,4267,12841,14950,14949,14948],"features":[],"class_list":{"0":"post-76022","1":"page","2":"type-page","3":"status-publish","4":"has-post-thumbnail","6":"category-gestionali-per-parrucchieri","7":"tag-gestionale-parrucchieri","8":"tag-piattaforma-gestionale-parrucchieri","9":"tag-primo-it","10":"tag-programma-gestionale-parrucchieri","11":"tag-software-gestionale-parrucchieri","12":"tag-soluzione-gestionale-parrucchieri"},"wppr_data":{"cwp_meta_box_check":"Yes","_wppr_review_template":"default","cwp_rev_product_image":"","cwp_image_link":"image","wppr_links":[],"cwp_rev_price":"0.00","wppr_pros":["","","","",""],"wppr_cons":["","","","",""],"wppr_rating":"0.00","wppr_options":{"1":{"name":"Usability","value":"0"},"2":{"name":"Speed","value":"0"},"3":{"name":"Features","value":"0"},"4":{"name":"Support","value":"0"},"5":{"name":"Pricing","value":"0"}},"wppr_review_type":"Product","wppr_review_custom_fields":{"additionalProperty":"","additionalType":"","aggregateRating":"","alternateName":"","audience":"","award":"","awards":"","brand":"","color":"","depth":"","description":"","disambiguatingDescription":"","gtin12":"","gtin13":"","gtin14":"","gtin8":"","height":"","identifier":"","image":"","isAccessoryOrSparePartFor":"","isConsumableFor":"","isRelatedTo":"","isSimilarTo":"","itemCondition":"","logo":"","mainEntityOfPage":"","manufacturer":"","material":"","model":"","mpn":"","name":"","offers":"","potentialAction":"","productID":"","productionDate":"","purchaseDate":"","releaseDate":"","review":"","reviews":"","sameAs":"","sku":"","slogan":"","subjectOf":"","url":"","weight":"","width":""}},"acf":[],"yoast_head":"<!-- This site is optimized with the Yoast SEO plugin v27.4 - https:\/\/yoast.com\/product\/yoast-seo-wordpress\/ -->\n<title>Primo: recensione software gestionale parrucchieri - Accurate Reviews<\/title>\n<meta name=\"description\" content=\"Primo: recensione software in lingua italiana per la gestione di centri estetici e saloni di parrucchieri di qualsiasi dimensione.\" \/>\n<meta name=\"robots\" content=\"index, follow, max-snippet:-1, max-image-preview:large, max-video-preview:-1\" \/>\n<link rel=\"canonical\" href=\"https:\/\/www.accuratereviews.com\/it\/gestionale-per-parrucchieri\/primo-recensione\/\" \/>\n<meta property=\"og:locale\" content=\"it_IT\" \/>\n<meta property=\"og:type\" content=\"article\" \/>\n<meta property=\"og:title\" content=\"Primo: recensione software gestionale parrucchieri - Accurate Reviews\" \/>\n<meta property=\"og:description\" content=\"Primo: recensione software in lingua italiana per la gestione di centri estetici e saloni di parrucchieri di qualsiasi dimensione.\" \/>\n<meta property=\"og:url\" content=\"https:\/\/www.accuratereviews.com\/it\/gestionale-per-parrucchieri\/primo-recensione\/\" \/>\n<meta property=\"og:site_name\" content=\"Accurate Reviews\" \/>\n<meta property=\"article:modified_time\" content=\"2024-04-19T10:35:43+00:00\" \/>\n<meta property=\"og:image\" content=\"https:\/\/www.accuratereviews.com\/wp-content\/uploads\/2024\/04\/Screenshot-2024-04-18-alle-09.33.01.png\" \/>\n\t<meta property=\"og:image:width\" content=\"818\" \/>\n\t<meta property=\"og:image:height\" content=\"480\" \/>\n\t<meta property=\"og:image:type\" content=\"image\/png\" \/>\n<meta name=\"twitter:card\" content=\"summary_large_image\" \/>\n<meta name=\"twitter:label1\" content=\"Tempo di lettura stimato\" \/>\n\t<meta name=\"twitter:data1\" content=\"3 minuti\" \/>\n<script type=\"application\/ld+json\" class=\"yoast-schema-graph\">{\"@context\":\"https:\\\/\\\/schema.org\",\"@graph\":[{\"@type\":\"WebPage\",\"@id\":\"https:\\\/\\\/www.accuratereviews.com\\\/it\\\/gestionale-per-parrucchieri\\\/primo-recensione\\\/\",\"url\":\"https:\\\/\\\/www.accuratereviews.com\\\/it\\\/gestionale-per-parrucchieri\\\/primo-recensione\\\/\",\"name\":\"Primo: recensione software gestionale parrucchieri - Accurate Reviews\",\"isPartOf\":{\"@id\":\"https:\\\/\\\/www.accuratereviews.com\\\/it\\\/#website\"},\"primaryImageOfPage\":{\"@id\":\"https:\\\/\\\/www.accuratereviews.com\\\/it\\\/gestionale-per-parrucchieri\\\/primo-recensione\\\/#primaryimage\"},\"image\":{\"@id\":\"https:\\\/\\\/www.accuratereviews.com\\\/it\\\/gestionale-per-parrucchieri\\\/primo-recensione\\\/#primaryimage\"},\"thumbnailUrl\":\"https:\\\/\\\/www.accuratereviews.com\\\/wp-content\\\/uploads\\\/2024\\\/04\\\/Screenshot-2024-04-18-alle-09.33.01.png\",\"datePublished\":\"2024-04-18T16:04:16+00:00\",\"dateModified\":\"2024-04-19T10:35:43+00:00\",\"description\":\"Primo: recensione software in lingua italiana per la gestione di centri estetici e saloni di parrucchieri di qualsiasi dimensione.\",\"breadcrumb\":{\"@id\":\"https:\\\/\\\/www.accuratereviews.com\\\/it\\\/gestionale-per-parrucchieri\\\/primo-recensione\\\/#breadcrumb\"},\"inLanguage\":\"it-IT\",\"potentialAction\":[{\"@type\":\"ReadAction\",\"target\":[\"https:\\\/\\\/www.accuratereviews.com\\\/it\\\/gestionale-per-parrucchieri\\\/primo-recensione\\\/\"]}]},{\"@type\":\"ImageObject\",\"inLanguage\":\"it-IT\",\"@id\":\"https:\\\/\\\/www.accuratereviews.com\\\/it\\\/gestionale-per-parrucchieri\\\/primo-recensione\\\/#primaryimage\",\"url\":\"https:\\\/\\\/www.accuratereviews.com\\\/wp-content\\\/uploads\\\/2024\\\/04\\\/Screenshot-2024-04-18-alle-09.33.01.png\",\"contentUrl\":\"https:\\\/\\\/www.accuratereviews.com\\\/wp-content\\\/uploads\\\/2024\\\/04\\\/Screenshot-2024-04-18-alle-09.33.01.png\",\"width\":818,\"height\":480},{\"@type\":\"BreadcrumbList\",\"@id\":\"https:\\\/\\\/www.accuratereviews.com\\\/it\\\/gestionale-per-parrucchieri\\\/primo-recensione\\\/#breadcrumb\",\"itemListElement\":[{\"@type\":\"ListItem\",\"position\":1,\"name\":\"Home\",\"item\":\"https:\\\/\\\/www.accuratereviews.com\\\/it\\\/\"},{\"@type\":\"ListItem\",\"position\":2,\"name\":\"Gestionale per parrucchieri\",\"item\":\"https:\\\/\\\/www.accuratereviews.com\\\/it\\\/gestionale-per-parrucchieri\\\/\"},{\"@type\":\"ListItem\",\"position\":3,\"name\":\"Primo\"}]},{\"@type\":\"WebSite\",\"@id\":\"https:\\\/\\\/www.accuratereviews.com\\\/it\\\/#website\",\"url\":\"https:\\\/\\\/www.accuratereviews.com\\\/it\\\/\",\"name\":\"Accurate Reviews\",\"description\":\"\",\"potentialAction\":[{\"@type\":\"SearchAction\",\"target\":{\"@type\":\"EntryPoint\",\"urlTemplate\":\"https:\\\/\\\/www.accuratereviews.com\\\/it\\\/?s={search_term_string}\"},\"query-input\":{\"@type\":\"PropertyValueSpecification\",\"valueRequired\":true,\"valueName\":\"search_term_string\"}}],\"inLanguage\":\"it-IT\"}]}<\/script>\n<!-- \/ Yoast SEO plugin. -->","yoast_head_json":{"title":"Primo: recensione software gestionale parrucchieri - Accurate Reviews","description":"Primo: recensione software in lingua italiana per la gestione di centri estetici e saloni di parrucchieri di qualsiasi dimensione.","robots":{"index":"index","follow":"follow","max-snippet":"max-snippet:-1","max-image-preview":"max-image-preview:large","max-video-preview":"max-video-preview:-1"},"canonical":"https:\/\/www.accuratereviews.com\/it\/gestionale-per-parrucchieri\/primo-recensione\/","og_locale":"it_IT","og_type":"article","og_title":"Primo: recensione software gestionale parrucchieri - Accurate Reviews","og_description":"Primo: recensione software in lingua italiana per la gestione di centri estetici e saloni di parrucchieri di qualsiasi dimensione.","og_url":"https:\/\/www.accuratereviews.com\/it\/gestionale-per-parrucchieri\/primo-recensione\/","og_site_name":"Accurate Reviews","article_modified_time":"2024-04-19T10:35:43+00:00","og_image":[{"width":818,"height":480,"url":"https:\/\/www.accuratereviews.com\/wp-content\/uploads\/2024\/04\/Screenshot-2024-04-18-alle-09.33.01.png","type":"image\/png"}],"twitter_card":"summary_large_image","twitter_misc":{"Tempo di lettura stimato":"3 minuti"},"schema":{"@context":"https:\/\/schema.org","@graph":[{"@type":"WebPage","@id":"https:\/\/www.accuratereviews.com\/it\/gestionale-per-parrucchieri\/primo-recensione\/","url":"https:\/\/www.accuratereviews.com\/it\/gestionale-per-parrucchieri\/primo-recensione\/","name":"Primo: recensione software gestionale parrucchieri - Accurate Reviews","isPartOf":{"@id":"https:\/\/www.accuratereviews.com\/it\/#website"},"primaryImageOfPage":{"@id":"https:\/\/www.accuratereviews.com\/it\/gestionale-per-parrucchieri\/primo-recensione\/#primaryimage"},"image":{"@id":"https:\/\/www.accuratereviews.com\/it\/gestionale-per-parrucchieri\/primo-recensione\/#primaryimage"},"thumbnailUrl":"https:\/\/www.accuratereviews.com\/wp-content\/uploads\/2024\/04\/Screenshot-2024-04-18-alle-09.33.01.png","datePublished":"2024-04-18T16:04:16+00:00","dateModified":"2024-04-19T10:35:43+00:00","description":"Primo: recensione software in lingua italiana per la gestione di centri estetici e saloni di parrucchieri di qualsiasi dimensione.","breadcrumb":{"@id":"https:\/\/www.accuratereviews.com\/it\/gestionale-per-parrucchieri\/primo-recensione\/#breadcrumb"},"inLanguage":"it-IT","potentialAction":[{"@type":"ReadAction","target":["https:\/\/www.accuratereviews.com\/it\/gestionale-per-parrucchieri\/primo-recensione\/"]}]},{"@type":"ImageObject","inLanguage":"it-IT","@id":"https:\/\/www.accuratereviews.com\/it\/gestionale-per-parrucchieri\/primo-recensione\/#primaryimage","url":"https:\/\/www.accuratereviews.com\/wp-content\/uploads\/2024\/04\/Screenshot-2024-04-18-alle-09.33.01.png","contentUrl":"https:\/\/www.accuratereviews.com\/wp-content\/uploads\/2024\/04\/Screenshot-2024-04-18-alle-09.33.01.png","width":818,"height":480},{"@type":"BreadcrumbList","@id":"https:\/\/www.accuratereviews.com\/it\/gestionale-per-parrucchieri\/primo-recensione\/#breadcrumb","itemListElement":[{"@type":"ListItem","position":1,"name":"Home","item":"https:\/\/www.accuratereviews.com\/it\/"},{"@type":"ListItem","position":2,"name":"Gestionale per parrucchieri","item":"https:\/\/www.accuratereviews.com\/it\/gestionale-per-parrucchieri\/"},{"@type":"ListItem","position":3,"name":"Primo"}]},{"@type":"WebSite","@id":"https:\/\/www.accuratereviews.com\/it\/#website","url":"https:\/\/www.accuratereviews.com\/it\/","name":"Accurate Reviews","description":"","potentialAction":[{"@type":"SearchAction","target":{"@type":"EntryPoint","urlTemplate":"https:\/\/www.accuratereviews.com\/it\/?s={search_term_string}"},"query-input":{"@type":"PropertyValueSpecification","valueRequired":true,"valueName":"search_term_string"}}],"inLanguage":"it-IT"}]}},"_links":{"self":[{"href":"https:\/\/www.accuratereviews.com\/it\/wp-json\/wp\/v2\/pages\/76022","targetHints":{"allow":["GET"]}}],"collection":[{"href":"https:\/\/www.accuratereviews.com\/it\/wp-json\/wp\/v2\/pages"}],"about":[{"href":"https:\/\/www.accuratereviews.com\/it\/wp-json\/wp\/v2\/types\/page"}],"author":[{"embeddable":true,"href":"https:\/\/www.accuratereviews.com\/it\/wp-json\/wp\/v2\/users\/19"}],"replies":[{"embeddable":true,"href":"https:\/\/www.accuratereviews.com\/it\/wp-json\/wp\/v2\/comments?post=76022"}],"version-history":[{"count":7,"href":"https:\/\/www.accuratereviews.com\/it\/wp-json\/wp\/v2\/pages\/76022\/revisions"}],"predecessor-version":[{"id":76048,"href":"https:\/\/www.accuratereviews.com\/it\/wp-json\/wp\/v2\/pages\/76022\/revisions\/76048"}],"up":[{"embeddable":true,"href":"https:\/\/www.accuratereviews.com\/it\/wp-json\/wp\/v2\/pages\/33071"}],"wp:featuredmedia":[{"embeddable":true,"href":"https:\/\/www.accuratereviews.com\/it\/wp-json\/wp\/v2\/media\/76024"}],"wp:attachment":[{"href":"https:\/\/www.accuratereviews.com\/it\/wp-json\/wp\/v2\/media?parent=76022"}],"wp:term":[{"taxonomy":"category","embeddable":true,"href":"https:\/\/www.accuratereviews.com\/it\/wp-json\/wp\/v2\/categories?post=76022"},{"taxonomy":"post_tag","embeddable":true,"href":"https:\/\/www.accuratereviews.com\/it\/wp-json\/wp\/v2\/tags?post=76022"},{"taxonomy":"features","embeddable":true,"href":"https:\/\/www.accuratereviews.com\/it\/wp-json\/wp\/v2\/features?post=76022"}],"curies":[{"name":"wp","href":"https:\/\/api.w.org\/{rel}","templated":true}]}}