{"id":76087,"date":"2024-04-23T16:53:08","date_gmt":"2024-04-23T16:53:08","guid":{"rendered":"https:\/\/www.accuratereviews.com\/?page_id=76087"},"modified":"2024-04-23T16:53:08","modified_gmt":"2024-04-23T16:53:08","slug":"stedger-recensione","status":"publish","type":"page","link":"https:\/\/www.accuratereviews.com\/it\/piattaforme-di-dropshipping\/stedger-recensione\/","title":{"rendered":"Stedger"},"content":{"rendered":"<p><strong>Stedger<\/strong>\u00a0\u00e8 una <strong>soluzione dropshipping<\/strong> completa che aiuta gli utenti a eliminare le complessit\u00e0 associate alla gestione di estesi inventari di prodotti, pi\u00f9 clienti e fornitori e un elevato volume di transazioni. Con questa soluzione, gli utenti possono creare prodotti sul negozio online, mantenere aggiornati i dati dei prodotti e automatizzare gli <strong>ordini dropshipping<\/strong>, il tutto su una piattaforma centralizzata.<br \/>\n<strong>Stedger \u00a0<\/strong>consente agli utenti di effettuare automaticamente ordini, aggiornare lo stato e inviare informazioni di tracciabilit\u00e0 al cliente finale.<\/p>\n<h2>STEDGER &#8211; TUTORIAL<\/h2>\n<div id=\"fluid-wrapper-counter-1\" class=\"g1-fluid-wrapper \" style=\"width:686px;\">\n<div style=\"padding-bottom:56.268221574344%;\"><iframe loading=\"lazy\" title=\"Purchase Orders\" width=\"686\" height=\"386\" src=\"https:\/\/www.youtube.com\/embed\/UDfhlH3_Hi0?feature=oembed&amp;wmode=transparent&amp;autohide=1&amp;autoplay=0&amp;disablekb=0&amp;fs=1&amp;loop=0&amp;enablejsapi=1&amp;rel=0&amp;controls=2&amp;showinfo=0&amp;wmode=transparent&amp;autohide=2&amp;autoplay=0&amp;disablekb=0&amp;fs=1&amp;loop=0&amp;enablejsapi=1&amp;rel=0&amp;controls=2&amp;showinfo=1\" frameborder=\"0\" allow=\"accelerometer; autoplay; clipboard-write; encrypted-media; gyroscope; picture-in-picture; web-share\" referrerpolicy=\"strict-origin-when-cross-origin\" allowfullscreen><\/iframe><\/div>\n<\/div>\n<h3>STEDGER &#8211; CARATTERISTICHE<\/h3>\n<ul>\n<li><strong>Scegli e crea prodotti:<\/strong> accedi a tutti i prodotti dei tuoi fornitori collegati alla soluzione. Creali nel tuo negozio con 1 clic.<\/li>\n<li><strong>Rimani aggiornato<\/strong>: con i prodotti collegati tramite il programma, il tuo negozio \u00e8 sempre aggiornato con gli ultimi importi e prezzi delle scorte.<\/li>\n<li><strong>Ordini unificati<\/strong>: acquisti ordini al tuo magazzino o dropshipping ai tuoi clienti? La piattaforma gestisce entrambi per tutti i vostri fornitori.<\/li>\n<li><strong>Inizia in pochi minuti<\/strong>: con le integrazioni standard per tutte le principali piattaforme di eCommerce, puoi iniziare a utilizzare il software in pochi minuti.<\/li>\n<li><strong>Connettiti ai rivenditori<\/strong>: collabora con i tuoi rivenditori esistenti e trovane di nuovi nella rete di rivenditori della soluzione.<\/li>\n<\/ul>\n<h4>LE RECENSIONI DEGLI UTENTI<\/h4>\n<p><strong>Kasper &#8220;Facile ed efficace&#8221;<\/strong><br \/>\n<strong>Pro<\/strong>: La configurazione \u00e8 estremamente semplice. Eravamo in diretta con una gamma completa di prodotti in soli 30 minuti. Gli ordini fluiscono senza sforzo. Ogni volta che si verifica un problema, l&#8217;assistenza clienti risponde molto rapidamente ed \u00e8 sempre utile.<br \/>\n<strong>Contro<\/strong>: L&#8217;attuale rilevabilit\u00e0 e flessibilit\u00e0 sono un po&#8217; limitanti, se hai una grande quantit\u00e0 di prodotti pu\u00f2 essere difficile ordinare rapidamente e trovare esattamente quello che stai cercando.<\/p>\n<p><strong>Morten &#8220;Ottimo modo per integrarsi&#8221;<\/strong><br \/>\n<strong>Pro<\/strong>: Facile da usare e i clienti sono soddisfatti dell&#8217;integrazione rapida e semplice.<br \/>\n<strong>Contro<\/strong>: Erano necessarie un po&#8217; pi\u00f9 di opzioni per dati aggiuntivi, tuttavia, da allora il problema \u00e8 stato risolto.<\/p>\n<p><strong>Jannick &#8220;Buon prodotto e servizio eccellente&#8221;<\/strong><br \/>\n<strong>Pro<\/strong>: L&#8217;API funziona perfettamente e il servizio \u00e8 ottimo ogni volta che abbiamo domande e cos\u00ec via.<br \/>\n<strong>Contro<\/strong>: Non \u00e8 possibile filtrare per prodotti con\/senza immagini.<\/p>\n","protected":false},"excerpt":{"rendered":"<p>Stedger \u00e8 una soluzione dropshipping completa che aiuta gli utenti a eliminare le complessit\u00e0 associate alla gestione di estesi inventari di prodotti, pi\u00f9 clienti e fornitori e un elevato volume di transazioni. Con questa soluzione, gli utenti possono creare prodotti sul negozio online, mantenere aggiornati i dati dei prodotti e automatizzare gli ordini dropshipping, il tutto su una piattaforma centralizzata.<\/p>\n","protected":false},"author":19,"featured_media":76090,"parent":36249,"menu_order":0,"comment_status":"open","ping_status":"closed","template":"g1_template_page_review_new.php","meta":{"_acf_changed":false,"cwp_meta_box_check":"Yes","cwp_rev_product_name":"","cwp_rev_product_image":"","wppr_links":[],"cwp_rev_price":"0.00","wppr_options":[{"name":"Usability","value":"0"},{"name":"Speed","value":"0"},{"name":"Features","value":"0"},{"name":"Support","value":"0"},{"name":"Pricing","value":"0"}],"wppr_pros":["","","","",""],"wppr_cons":["","","","",""],"_monsterinsights_skip_tracking":false,"_monsterinsights_sitenote_active":false,"_monsterinsights_sitenote_note":"","_monsterinsights_sitenote_category":0,"footnotes":""},"categories":[4285],"tags":[5037,4292,4290,4287,4288,15061],"features":[],"class_list":{"0":"post-76087","1":"page","2":"type-page","3":"status-publish","4":"has-post-thumbnail","6":"category-piattaforme-di-dropshipping-categoria","7":"tag-dropshipping-it","8":"tag-piattaforma-di-dropshipping","9":"tag-programma-di-dropshipping","10":"tag-software-di-dropshipping","11":"tag-soluzione-di-dropshipping","12":"tag-stedger"},"wppr_data":{"cwp_meta_box_check":"Yes","_wppr_review_template":"default","cwp_rev_product_image":"","cwp_image_link":"image","wppr_links":[],"cwp_rev_price":"0.00","wppr_pros":["","","","",""],"wppr_cons":["","","","",""],"wppr_rating":"0.00","wppr_options":{"1":{"name":"Usability","value":"0"},"2":{"name":"Speed","value":"0"},"3":{"name":"Features","value":"0"},"4":{"name":"Support","value":"0"},"5":{"name":"Pricing","value":"0"}},"wppr_review_type":"Product","wppr_review_custom_fields":{"additionalProperty":"","additionalType":"","aggregateRating":"","alternateName":"","audience":"","award":"","awards":"","brand":"","color":"","depth":"","description":"","disambiguatingDescription":"","gtin12":"","gtin13":"","gtin14":"","gtin8":"","height":"","identifier":"","image":"","isAccessoryOrSparePartFor":"","isConsumableFor":"","isRelatedTo":"","isSimilarTo":"","itemCondition":"","logo":"","mainEntityOfPage":"","manufacturer":"","material":"","model":"","mpn":"","name":"","offers":"","potentialAction":"","productID":"","productionDate":"","purchaseDate":"","releaseDate":"","review":"","reviews":"","sameAs":"","sku":"","slogan":"","subjectOf":"","url":"","weight":"","width":""}},"acf":[],"yoast_head":"<!-- This site is optimized with the Yoast SEO plugin v27.4 - https:\/\/yoast.com\/product\/yoast-seo-wordpress\/ -->\n<title>Stedger: recensione software di dropshipping - Accurate Reviews<\/title>\n<meta name=\"description\" content=\"Stedger: recensione soluzione dropshipping completa che aiuta gli utenti a eliminare le complessit\u00e0 della gestione di estesi inventari.\" \/>\n<meta name=\"robots\" content=\"index, follow, max-snippet:-1, max-image-preview:large, max-video-preview:-1\" \/>\n<link rel=\"canonical\" href=\"https:\/\/www.accuratereviews.com\/it\/piattaforme-di-dropshipping\/stedger-recensione\/\" \/>\n<meta property=\"og:locale\" content=\"it_IT\" \/>\n<meta property=\"og:type\" content=\"article\" \/>\n<meta property=\"og:title\" content=\"Stedger: recensione software di dropshipping - Accurate Reviews\" \/>\n<meta property=\"og:description\" content=\"Stedger: recensione soluzione dropshipping completa che aiuta gli utenti a eliminare le complessit\u00e0 della gestione di estesi inventari.\" \/>\n<meta property=\"og:url\" content=\"https:\/\/www.accuratereviews.com\/it\/piattaforme-di-dropshipping\/stedger-recensione\/\" \/>\n<meta property=\"og:site_name\" content=\"Accurate Reviews\" \/>\n<meta property=\"og:image\" content=\"https:\/\/www.accuratereviews.com\/wp-content\/uploads\/2024\/04\/Stedger.png\" \/>\n\t<meta property=\"og:image:width\" content=\"1024\" \/>\n\t<meta property=\"og:image:height\" content=\"288\" \/>\n\t<meta property=\"og:image:type\" content=\"image\/png\" \/>\n<meta name=\"twitter:card\" content=\"summary_large_image\" \/>\n<meta name=\"twitter:label1\" content=\"Tempo di lettura stimato\" \/>\n\t<meta name=\"twitter:data1\" content=\"3 minuti\" \/>\n<script type=\"application\/ld+json\" class=\"yoast-schema-graph\">{\"@context\":\"https:\\\/\\\/schema.org\",\"@graph\":[{\"@type\":\"WebPage\",\"@id\":\"https:\\\/\\\/www.accuratereviews.com\\\/it\\\/piattaforme-di-dropshipping\\\/stedger-recensione\\\/\",\"url\":\"https:\\\/\\\/www.accuratereviews.com\\\/it\\\/piattaforme-di-dropshipping\\\/stedger-recensione\\\/\",\"name\":\"Stedger: recensione software di dropshipping - Accurate Reviews\",\"isPartOf\":{\"@id\":\"https:\\\/\\\/www.accuratereviews.com\\\/it\\\/#website\"},\"primaryImageOfPage\":{\"@id\":\"https:\\\/\\\/www.accuratereviews.com\\\/it\\\/piattaforme-di-dropshipping\\\/stedger-recensione\\\/#primaryimage\"},\"image\":{\"@id\":\"https:\\\/\\\/www.accuratereviews.com\\\/it\\\/piattaforme-di-dropshipping\\\/stedger-recensione\\\/#primaryimage\"},\"thumbnailUrl\":\"https:\\\/\\\/www.accuratereviews.com\\\/wp-content\\\/uploads\\\/2024\\\/04\\\/Stedger.png\",\"datePublished\":\"2024-04-23T16:53:08+00:00\",\"description\":\"Stedger: recensione soluzione dropshipping completa che aiuta gli utenti a eliminare le complessit\u00e0 della gestione di estesi inventari.\",\"breadcrumb\":{\"@id\":\"https:\\\/\\\/www.accuratereviews.com\\\/it\\\/piattaforme-di-dropshipping\\\/stedger-recensione\\\/#breadcrumb\"},\"inLanguage\":\"it-IT\",\"potentialAction\":[{\"@type\":\"ReadAction\",\"target\":[\"https:\\\/\\\/www.accuratereviews.com\\\/it\\\/piattaforme-di-dropshipping\\\/stedger-recensione\\\/\"]}]},{\"@type\":\"ImageObject\",\"inLanguage\":\"it-IT\",\"@id\":\"https:\\\/\\\/www.accuratereviews.com\\\/it\\\/piattaforme-di-dropshipping\\\/stedger-recensione\\\/#primaryimage\",\"url\":\"https:\\\/\\\/www.accuratereviews.com\\\/wp-content\\\/uploads\\\/2024\\\/04\\\/Stedger.png\",\"contentUrl\":\"https:\\\/\\\/www.accuratereviews.com\\\/wp-content\\\/uploads\\\/2024\\\/04\\\/Stedger.png\",\"width\":1024,\"height\":288},{\"@type\":\"BreadcrumbList\",\"@id\":\"https:\\\/\\\/www.accuratereviews.com\\\/it\\\/piattaforme-di-dropshipping\\\/stedger-recensione\\\/#breadcrumb\",\"itemListElement\":[{\"@type\":\"ListItem\",\"position\":1,\"name\":\"Home\",\"item\":\"https:\\\/\\\/www.accuratereviews.com\\\/it\\\/\"},{\"@type\":\"ListItem\",\"position\":2,\"name\":\"Piattaforme di dropshipping\",\"item\":\"https:\\\/\\\/www.accuratereviews.com\\\/it\\\/piattaforme-di-dropshipping\\\/\"},{\"@type\":\"ListItem\",\"position\":3,\"name\":\"Stedger\"}]},{\"@type\":\"WebSite\",\"@id\":\"https:\\\/\\\/www.accuratereviews.com\\\/it\\\/#website\",\"url\":\"https:\\\/\\\/www.accuratereviews.com\\\/it\\\/\",\"name\":\"Accurate Reviews\",\"description\":\"\",\"potentialAction\":[{\"@type\":\"SearchAction\",\"target\":{\"@type\":\"EntryPoint\",\"urlTemplate\":\"https:\\\/\\\/www.accuratereviews.com\\\/it\\\/?s={search_term_string}\"},\"query-input\":{\"@type\":\"PropertyValueSpecification\",\"valueRequired\":true,\"valueName\":\"search_term_string\"}}],\"inLanguage\":\"it-IT\"}]}<\/script>\n<!-- \/ Yoast SEO plugin. -->","yoast_head_json":{"title":"Stedger: recensione software di dropshipping - Accurate Reviews","description":"Stedger: recensione soluzione dropshipping completa che aiuta gli utenti a eliminare le complessit\u00e0 della gestione di estesi inventari.","robots":{"index":"index","follow":"follow","max-snippet":"max-snippet:-1","max-image-preview":"max-image-preview:large","max-video-preview":"max-video-preview:-1"},"canonical":"https:\/\/www.accuratereviews.com\/it\/piattaforme-di-dropshipping\/stedger-recensione\/","og_locale":"it_IT","og_type":"article","og_title":"Stedger: recensione software di dropshipping - Accurate Reviews","og_description":"Stedger: recensione soluzione dropshipping completa che aiuta gli utenti a eliminare le complessit\u00e0 della gestione di estesi inventari.","og_url":"https:\/\/www.accuratereviews.com\/it\/piattaforme-di-dropshipping\/stedger-recensione\/","og_site_name":"Accurate Reviews","og_image":[{"width":1024,"height":288,"url":"https:\/\/www.accuratereviews.com\/wp-content\/uploads\/2024\/04\/Stedger.png","type":"image\/png"}],"twitter_card":"summary_large_image","twitter_misc":{"Tempo di lettura stimato":"3 minuti"},"schema":{"@context":"https:\/\/schema.org","@graph":[{"@type":"WebPage","@id":"https:\/\/www.accuratereviews.com\/it\/piattaforme-di-dropshipping\/stedger-recensione\/","url":"https:\/\/www.accuratereviews.com\/it\/piattaforme-di-dropshipping\/stedger-recensione\/","name":"Stedger: recensione software di dropshipping - Accurate Reviews","isPartOf":{"@id":"https:\/\/www.accuratereviews.com\/it\/#website"},"primaryImageOfPage":{"@id":"https:\/\/www.accuratereviews.com\/it\/piattaforme-di-dropshipping\/stedger-recensione\/#primaryimage"},"image":{"@id":"https:\/\/www.accuratereviews.com\/it\/piattaforme-di-dropshipping\/stedger-recensione\/#primaryimage"},"thumbnailUrl":"https:\/\/www.accuratereviews.com\/wp-content\/uploads\/2024\/04\/Stedger.png","datePublished":"2024-04-23T16:53:08+00:00","description":"Stedger: recensione soluzione dropshipping completa che aiuta gli utenti a eliminare le complessit\u00e0 della gestione di estesi inventari.","breadcrumb":{"@id":"https:\/\/www.accuratereviews.com\/it\/piattaforme-di-dropshipping\/stedger-recensione\/#breadcrumb"},"inLanguage":"it-IT","potentialAction":[{"@type":"ReadAction","target":["https:\/\/www.accuratereviews.com\/it\/piattaforme-di-dropshipping\/stedger-recensione\/"]}]},{"@type":"ImageObject","inLanguage":"it-IT","@id":"https:\/\/www.accuratereviews.com\/it\/piattaforme-di-dropshipping\/stedger-recensione\/#primaryimage","url":"https:\/\/www.accuratereviews.com\/wp-content\/uploads\/2024\/04\/Stedger.png","contentUrl":"https:\/\/www.accuratereviews.com\/wp-content\/uploads\/2024\/04\/Stedger.png","width":1024,"height":288},{"@type":"BreadcrumbList","@id":"https:\/\/www.accuratereviews.com\/it\/piattaforme-di-dropshipping\/stedger-recensione\/#breadcrumb","itemListElement":[{"@type":"ListItem","position":1,"name":"Home","item":"https:\/\/www.accuratereviews.com\/it\/"},{"@type":"ListItem","position":2,"name":"Piattaforme di dropshipping","item":"https:\/\/www.accuratereviews.com\/it\/piattaforme-di-dropshipping\/"},{"@type":"ListItem","position":3,"name":"Stedger"}]},{"@type":"WebSite","@id":"https:\/\/www.accuratereviews.com\/it\/#website","url":"https:\/\/www.accuratereviews.com\/it\/","name":"Accurate Reviews","description":"","potentialAction":[{"@type":"SearchAction","target":{"@type":"EntryPoint","urlTemplate":"https:\/\/www.accuratereviews.com\/it\/?s={search_term_string}"},"query-input":{"@type":"PropertyValueSpecification","valueRequired":true,"valueName":"search_term_string"}}],"inLanguage":"it-IT"}]}},"_links":{"self":[{"href":"https:\/\/www.accuratereviews.com\/it\/wp-json\/wp\/v2\/pages\/76087","targetHints":{"allow":["GET"]}}],"collection":[{"href":"https:\/\/www.accuratereviews.com\/it\/wp-json\/wp\/v2\/pages"}],"about":[{"href":"https:\/\/www.accuratereviews.com\/it\/wp-json\/wp\/v2\/types\/page"}],"author":[{"embeddable":true,"href":"https:\/\/www.accuratereviews.com\/it\/wp-json\/wp\/v2\/users\/19"}],"replies":[{"embeddable":true,"href":"https:\/\/www.accuratereviews.com\/it\/wp-json\/wp\/v2\/comments?post=76087"}],"version-history":[{"count":5,"href":"https:\/\/www.accuratereviews.com\/it\/wp-json\/wp\/v2\/pages\/76087\/revisions"}],"predecessor-version":[{"id":76103,"href":"https:\/\/www.accuratereviews.com\/it\/wp-json\/wp\/v2\/pages\/76087\/revisions\/76103"}],"up":[{"embeddable":true,"href":"https:\/\/www.accuratereviews.com\/it\/wp-json\/wp\/v2\/pages\/36249"}],"wp:featuredmedia":[{"embeddable":true,"href":"https:\/\/www.accuratereviews.com\/it\/wp-json\/wp\/v2\/media\/76090"}],"wp:attachment":[{"href":"https:\/\/www.accuratereviews.com\/it\/wp-json\/wp\/v2\/media?parent=76087"}],"wp:term":[{"taxonomy":"category","embeddable":true,"href":"https:\/\/www.accuratereviews.com\/it\/wp-json\/wp\/v2\/categories?post=76087"},{"taxonomy":"post_tag","embeddable":true,"href":"https:\/\/www.accuratereviews.com\/it\/wp-json\/wp\/v2\/tags?post=76087"},{"taxonomy":"features","embeddable":true,"href":"https:\/\/www.accuratereviews.com\/it\/wp-json\/wp\/v2\/features?post=76087"}],"curies":[{"name":"wp","href":"https:\/\/api.w.org\/{rel}","templated":true}]}}