{"id":76146,"date":"2024-04-26T15:25:39","date_gmt":"2024-04-26T15:25:39","guid":{"rendered":"https:\/\/www.accuratereviews.com\/?page_id=76146"},"modified":"2024-04-29T09:18:39","modified_gmt":"2024-04-29T09:18:39","slug":"nautical-recensione","status":"publish","type":"page","link":"https:\/\/www.accuratereviews.com\/it\/piattaforme-di-dropshipping\/nautical-recensione\/","title":{"rendered":"Nautical"},"content":{"rendered":"<p><strong>Nautical<\/strong> \u00e8 un<strong> mercato multi-vendor<\/strong> e una <strong>piattaforma di dropshipping<\/strong> che supporta numerosi settori commerciali. Sfruttando il mercato asset-light o i modelli di dropshipping, le aziende possono gestire i cataloghi di prodotti, aumentare la portata dei clienti e costruire una catena di fornitura sostenibile riducendo al minimo i costi generali. Il software supporta integrazioni di terze parti con piattaforme come Stripe, Shopify e ShipStation, migliorando la flessibilit\u00e0 nelle operazioni.<br \/>\n<strong>Nautical<\/strong> offre ai team strumenti di ottimizzazione SEO per aiutare i clienti a trovare e accedere ai siti web dei marchi nelle ricerche su Internet. Gli utenti possono anche accedere alla piattaforma da varie console web, aumentando la comodit\u00e0 e \u00a0la soddisfazione dell&#8217;utente finale.<\/p>\n<h2>NAUTICAL &#8211; TUTORIAL<\/h2>\n<div id=\"fluid-wrapper-counter-1\" class=\"g1-fluid-wrapper \" style=\"width:686px;\">\n<div style=\"padding-bottom:56.268221574344%;\"><iframe loading=\"lazy\" title=\"Nautical: The Complete Multi-Vendor Commerce Platform\" width=\"686\" height=\"386\" src=\"https:\/\/www.youtube.com\/embed\/lTYh9Yq6cZ0?feature=oembed&amp;wmode=transparent&amp;autohide=1&amp;autoplay=0&amp;disablekb=0&amp;fs=1&amp;loop=0&amp;enablejsapi=1&amp;rel=0&amp;controls=2&amp;showinfo=0&amp;wmode=transparent&amp;autohide=2&amp;autoplay=0&amp;disablekb=0&amp;fs=1&amp;loop=0&amp;enablejsapi=1&amp;rel=0&amp;controls=2&amp;showinfo=1\" frameborder=\"0\" allow=\"accelerometer; autoplay; clipboard-write; encrypted-media; gyroscope; picture-in-picture; web-share\" referrerpolicy=\"strict-origin-when-cross-origin\" allowfullscreen><\/iframe><\/div>\n<\/div>\n<h3>NAUTICAL &#8211; CARATTERISTICHE<\/h3>\n<ul>\n<li><strong>Onboarding del fornitore<\/strong>: riduci il tempo impiegato per l&#8217;onboarding di fornitori su misura e abilita invece un orientamento semplificato attraverso la piattaforma.<\/li>\n<li><strong>Gestione dei contratti<\/strong>: contratto con i fornitori direttamente all&#8217;interno della soluzione. Crea i tuoi modelli di contratto per le diverse parti interessate e imposta commissioni granulari per ciascuna.<\/li>\n<li><strong>Caricamento di prodotti in blocco<\/strong>: fornisci ai fornitori un processo semplice per caricare i prodotti in blocco, in un formato con cui hanno familiarit\u00e0.<\/li>\n<li><strong>Gestione ordini multivenditore:<\/strong> tieni traccia dello stato degli ordini e degli aggiornamenti sulla consegna tra pi\u00f9 fornitori in un&#8217;unica dashboard unificata.<\/li>\n<li><strong>Calcolo della commissione<\/strong>: calcola le commissioni e regola i pagamenti sui singoli accordi con i venditori con strutture tariffarie uniche.<\/li>\n<li><strong>Architettura guidata dagli eventi:<\/strong> costruisci un&#8217;esperienza di acquisto unica utilizzando l&#8217;architettura basata sugli eventi. Oppure sfrutta le esperienze di riferimento per acquirenti e venditori per arrivare rapidamente sul mercato.<\/li>\n<\/ul>\n<h4>LE RECENSIONE DEGLI UTENTI<\/h4>\n<p><strong>Leslie &#8220;Ottimo strumento di gestione&#8221;<\/strong><br \/>\n<strong>Commenti<\/strong>: L&#8217;esperienza d&#8217;uso \u00e8 stata molto buona, eccellente e non ha nulla da invidiare ad altri tipi di strumenti sul mercato. Un grande punto a suo favore \u00e8 che \u00e8 economico e ha un buon supporto.<br \/>\n<strong>Pro<\/strong>: Mi piace questo strumento poich\u00e9 la nostra azienda fornisce solitamente servizi alla forza navale e questo software ci ha dato un&#8217;ottima idea per poter fatturare i nostri servizi forniti. \u00c8 molto preciso e affidabile, infatti \u00e8 uno dei nostri strumenti preferiti per commercializzare i nostri Servizi.<br \/>\n<strong>Contro<\/strong>: Per quanto riguarda gli inconvenienti che potrei dare a questo strumento non ne trovo, chiederei solo un po&#8217; pi\u00f9 di ottimizzazione perch\u00e9 per il resto \u00e8 molto buono.<\/p>\n<p><strong>Jordi &#8220;Buon partner per l&#8217;e-commerce&#8221;<\/strong><br \/>\n<strong>Commenti<\/strong>: \u00c8 un grande aiuto per la gestione di ecommerce di medie e grandi dimensioni.<br \/>\n<strong>Pro<\/strong>: Sottolineerei l&#8217;accesso tramite API, l&#8217;integrazione con Shopify e il caricamento di prodotti in blocco.<br \/>\n<strong>Contro<\/strong>: \u00c8 facile da usare ma la curva di apprendimento \u00e8 piuttosto complessa, soprattutto a causa delle numerose opzioni disponibili.<\/p>\n<p><strong>Royce &#8220;Velocit\u00e0 nel mercato&#8221;<\/strong><br \/>\n<strong>Commenti<\/strong>: La nostra esperienza con Nautical \u00e8 stata semplicemente fantastica. Il team Nautical \u00e8 un vero partner e siamo entusiasti di crescere con loro.<br \/>\n<strong>Pro<\/strong>: Il team nautico ha fatto di tutto per costruire il nostro Marketplace. La velocit\u00e0 di immissione sul mercato \u00e8 stata estremamente impressionante. Siamo passati dall&#8217;ideazione al progetto pilota in meno di 90 giorni!<br \/>\n<strong>Contro<\/strong>: Non c&#8217;\u00e8 nulla che non ci piace del software.<\/p>\n","protected":false},"excerpt":{"rendered":"<p>Nautical \u00e8 un mercato multi-vendor e una piattaforma di dropshipping che supporta numerosi settori commerciali. Sfruttando il mercato asset-light o i modelli di dropshipping, le aziende possono gestire i cataloghi di prodotti, aumentare la portata dei clienti e costruire una catena di fornitura sostenibile riducendo al minimo i costi generali.<\/p>\n","protected":false},"author":19,"featured_media":76149,"parent":36249,"menu_order":0,"comment_status":"open","ping_status":"closed","template":"g1_template_page_review_new.php","meta":{"_acf_changed":false,"cwp_meta_box_check":"No","cwp_rev_product_name":"","cwp_rev_product_image":"","wppr_links":[],"cwp_rev_price":"","wppr_options":[],"wppr_pros":[],"wppr_cons":[],"_monsterinsights_skip_tracking":false,"_monsterinsights_sitenote_active":false,"_monsterinsights_sitenote_note":"","_monsterinsights_sitenote_category":0,"footnotes":""},"categories":[4285],"tags":[5037,15065,4292,4290,4287,4288],"features":[],"class_list":{"0":"post-76146","1":"page","2":"type-page","3":"status-publish","4":"has-post-thumbnail","6":"category-piattaforme-di-dropshipping-categoria","7":"tag-dropshipping-it","8":"tag-nautical","9":"tag-piattaforma-di-dropshipping","10":"tag-programma-di-dropshipping","11":"tag-software-di-dropshipping","12":"tag-soluzione-di-dropshipping"},"wppr_data":{"cwp_meta_box_check":"No"},"acf":[],"yoast_head":"<!-- This site is optimized with the Yoast SEO plugin v27.4 - https:\/\/yoast.com\/product\/yoast-seo-wordpress\/ -->\n<title>Nautical: recensione software di dropshipping - Accurate Reviews<\/title>\n<meta name=\"description\" content=\"Nautical: recensione piattaforma di dropshipping che supporta numerosi settori commerciali sfruttando il mercato asset-light.\" \/>\n<meta name=\"robots\" content=\"index, follow, max-snippet:-1, max-image-preview:large, max-video-preview:-1\" \/>\n<link rel=\"canonical\" href=\"https:\/\/www.accuratereviews.com\/it\/piattaforme-di-dropshipping\/nautical-recensione\/\" \/>\n<meta property=\"og:locale\" content=\"it_IT\" \/>\n<meta property=\"og:type\" content=\"article\" \/>\n<meta property=\"og:title\" content=\"Nautical: recensione software di dropshipping - Accurate Reviews\" \/>\n<meta property=\"og:description\" content=\"Nautical: recensione piattaforma di dropshipping che supporta numerosi settori commerciali sfruttando il mercato asset-light.\" \/>\n<meta property=\"og:url\" content=\"https:\/\/www.accuratereviews.com\/it\/piattaforme-di-dropshipping\/nautical-recensione\/\" \/>\n<meta property=\"og:site_name\" content=\"Accurate Reviews\" \/>\n<meta property=\"article:modified_time\" content=\"2024-04-29T09:18:39+00:00\" \/>\n<meta property=\"og:image\" content=\"https:\/\/www.accuratereviews.com\/wp-content\/uploads\/2024\/04\/Screenshot-2024-04-26-alle-09.10.54.png\" \/>\n\t<meta property=\"og:image:width\" content=\"1078\" \/>\n\t<meta property=\"og:image:height\" content=\"356\" \/>\n\t<meta property=\"og:image:type\" content=\"image\/png\" \/>\n<meta name=\"twitter:card\" content=\"summary_large_image\" \/>\n<meta name=\"twitter:label1\" content=\"Tempo di lettura stimato\" \/>\n\t<meta name=\"twitter:data1\" content=\"4 minuti\" \/>\n<script type=\"application\/ld+json\" class=\"yoast-schema-graph\">{\"@context\":\"https:\\\/\\\/schema.org\",\"@graph\":[{\"@type\":\"WebPage\",\"@id\":\"https:\\\/\\\/www.accuratereviews.com\\\/it\\\/piattaforme-di-dropshipping\\\/nautical-recensione\\\/\",\"url\":\"https:\\\/\\\/www.accuratereviews.com\\\/it\\\/piattaforme-di-dropshipping\\\/nautical-recensione\\\/\",\"name\":\"Nautical: recensione software di dropshipping - Accurate Reviews\",\"isPartOf\":{\"@id\":\"https:\\\/\\\/www.accuratereviews.com\\\/it\\\/#website\"},\"primaryImageOfPage\":{\"@id\":\"https:\\\/\\\/www.accuratereviews.com\\\/it\\\/piattaforme-di-dropshipping\\\/nautical-recensione\\\/#primaryimage\"},\"image\":{\"@id\":\"https:\\\/\\\/www.accuratereviews.com\\\/it\\\/piattaforme-di-dropshipping\\\/nautical-recensione\\\/#primaryimage\"},\"thumbnailUrl\":\"https:\\\/\\\/www.accuratereviews.com\\\/wp-content\\\/uploads\\\/2024\\\/04\\\/Screenshot-2024-04-26-alle-09.10.54.png\",\"datePublished\":\"2024-04-26T15:25:39+00:00\",\"dateModified\":\"2024-04-29T09:18:39+00:00\",\"description\":\"Nautical: recensione piattaforma di dropshipping che supporta numerosi settori commerciali sfruttando il mercato asset-light.\",\"breadcrumb\":{\"@id\":\"https:\\\/\\\/www.accuratereviews.com\\\/it\\\/piattaforme-di-dropshipping\\\/nautical-recensione\\\/#breadcrumb\"},\"inLanguage\":\"it-IT\",\"potentialAction\":[{\"@type\":\"ReadAction\",\"target\":[\"https:\\\/\\\/www.accuratereviews.com\\\/it\\\/piattaforme-di-dropshipping\\\/nautical-recensione\\\/\"]}]},{\"@type\":\"ImageObject\",\"inLanguage\":\"it-IT\",\"@id\":\"https:\\\/\\\/www.accuratereviews.com\\\/it\\\/piattaforme-di-dropshipping\\\/nautical-recensione\\\/#primaryimage\",\"url\":\"https:\\\/\\\/www.accuratereviews.com\\\/wp-content\\\/uploads\\\/2024\\\/04\\\/Screenshot-2024-04-26-alle-09.10.54.png\",\"contentUrl\":\"https:\\\/\\\/www.accuratereviews.com\\\/wp-content\\\/uploads\\\/2024\\\/04\\\/Screenshot-2024-04-26-alle-09.10.54.png\",\"width\":1078,\"height\":356},{\"@type\":\"BreadcrumbList\",\"@id\":\"https:\\\/\\\/www.accuratereviews.com\\\/it\\\/piattaforme-di-dropshipping\\\/nautical-recensione\\\/#breadcrumb\",\"itemListElement\":[{\"@type\":\"ListItem\",\"position\":1,\"name\":\"Home\",\"item\":\"https:\\\/\\\/www.accuratereviews.com\\\/it\\\/\"},{\"@type\":\"ListItem\",\"position\":2,\"name\":\"Piattaforme di dropshipping\",\"item\":\"https:\\\/\\\/www.accuratereviews.com\\\/it\\\/piattaforme-di-dropshipping\\\/\"},{\"@type\":\"ListItem\",\"position\":3,\"name\":\"Nautical\"}]},{\"@type\":\"WebSite\",\"@id\":\"https:\\\/\\\/www.accuratereviews.com\\\/it\\\/#website\",\"url\":\"https:\\\/\\\/www.accuratereviews.com\\\/it\\\/\",\"name\":\"Accurate Reviews\",\"description\":\"\",\"potentialAction\":[{\"@type\":\"SearchAction\",\"target\":{\"@type\":\"EntryPoint\",\"urlTemplate\":\"https:\\\/\\\/www.accuratereviews.com\\\/it\\\/?s={search_term_string}\"},\"query-input\":{\"@type\":\"PropertyValueSpecification\",\"valueRequired\":true,\"valueName\":\"search_term_string\"}}],\"inLanguage\":\"it-IT\"}]}<\/script>\n<!-- \/ Yoast SEO plugin. -->","yoast_head_json":{"title":"Nautical: recensione software di dropshipping - Accurate Reviews","description":"Nautical: recensione piattaforma di dropshipping che supporta numerosi settori commerciali sfruttando il mercato asset-light.","robots":{"index":"index","follow":"follow","max-snippet":"max-snippet:-1","max-image-preview":"max-image-preview:large","max-video-preview":"max-video-preview:-1"},"canonical":"https:\/\/www.accuratereviews.com\/it\/piattaforme-di-dropshipping\/nautical-recensione\/","og_locale":"it_IT","og_type":"article","og_title":"Nautical: recensione software di dropshipping - Accurate Reviews","og_description":"Nautical: recensione piattaforma di dropshipping che supporta numerosi settori commerciali sfruttando il mercato asset-light.","og_url":"https:\/\/www.accuratereviews.com\/it\/piattaforme-di-dropshipping\/nautical-recensione\/","og_site_name":"Accurate Reviews","article_modified_time":"2024-04-29T09:18:39+00:00","og_image":[{"width":1078,"height":356,"url":"https:\/\/www.accuratereviews.com\/wp-content\/uploads\/2024\/04\/Screenshot-2024-04-26-alle-09.10.54.png","type":"image\/png"}],"twitter_card":"summary_large_image","twitter_misc":{"Tempo di lettura stimato":"4 minuti"},"schema":{"@context":"https:\/\/schema.org","@graph":[{"@type":"WebPage","@id":"https:\/\/www.accuratereviews.com\/it\/piattaforme-di-dropshipping\/nautical-recensione\/","url":"https:\/\/www.accuratereviews.com\/it\/piattaforme-di-dropshipping\/nautical-recensione\/","name":"Nautical: recensione software di dropshipping - Accurate Reviews","isPartOf":{"@id":"https:\/\/www.accuratereviews.com\/it\/#website"},"primaryImageOfPage":{"@id":"https:\/\/www.accuratereviews.com\/it\/piattaforme-di-dropshipping\/nautical-recensione\/#primaryimage"},"image":{"@id":"https:\/\/www.accuratereviews.com\/it\/piattaforme-di-dropshipping\/nautical-recensione\/#primaryimage"},"thumbnailUrl":"https:\/\/www.accuratereviews.com\/wp-content\/uploads\/2024\/04\/Screenshot-2024-04-26-alle-09.10.54.png","datePublished":"2024-04-26T15:25:39+00:00","dateModified":"2024-04-29T09:18:39+00:00","description":"Nautical: recensione piattaforma di dropshipping che supporta numerosi settori commerciali sfruttando il mercato asset-light.","breadcrumb":{"@id":"https:\/\/www.accuratereviews.com\/it\/piattaforme-di-dropshipping\/nautical-recensione\/#breadcrumb"},"inLanguage":"it-IT","potentialAction":[{"@type":"ReadAction","target":["https:\/\/www.accuratereviews.com\/it\/piattaforme-di-dropshipping\/nautical-recensione\/"]}]},{"@type":"ImageObject","inLanguage":"it-IT","@id":"https:\/\/www.accuratereviews.com\/it\/piattaforme-di-dropshipping\/nautical-recensione\/#primaryimage","url":"https:\/\/www.accuratereviews.com\/wp-content\/uploads\/2024\/04\/Screenshot-2024-04-26-alle-09.10.54.png","contentUrl":"https:\/\/www.accuratereviews.com\/wp-content\/uploads\/2024\/04\/Screenshot-2024-04-26-alle-09.10.54.png","width":1078,"height":356},{"@type":"BreadcrumbList","@id":"https:\/\/www.accuratereviews.com\/it\/piattaforme-di-dropshipping\/nautical-recensione\/#breadcrumb","itemListElement":[{"@type":"ListItem","position":1,"name":"Home","item":"https:\/\/www.accuratereviews.com\/it\/"},{"@type":"ListItem","position":2,"name":"Piattaforme di dropshipping","item":"https:\/\/www.accuratereviews.com\/it\/piattaforme-di-dropshipping\/"},{"@type":"ListItem","position":3,"name":"Nautical"}]},{"@type":"WebSite","@id":"https:\/\/www.accuratereviews.com\/it\/#website","url":"https:\/\/www.accuratereviews.com\/it\/","name":"Accurate Reviews","description":"","potentialAction":[{"@type":"SearchAction","target":{"@type":"EntryPoint","urlTemplate":"https:\/\/www.accuratereviews.com\/it\/?s={search_term_string}"},"query-input":{"@type":"PropertyValueSpecification","valueRequired":true,"valueName":"search_term_string"}}],"inLanguage":"it-IT"}]}},"_links":{"self":[{"href":"https:\/\/www.accuratereviews.com\/it\/wp-json\/wp\/v2\/pages\/76146","targetHints":{"allow":["GET"]}}],"collection":[{"href":"https:\/\/www.accuratereviews.com\/it\/wp-json\/wp\/v2\/pages"}],"about":[{"href":"https:\/\/www.accuratereviews.com\/it\/wp-json\/wp\/v2\/types\/page"}],"author":[{"embeddable":true,"href":"https:\/\/www.accuratereviews.com\/it\/wp-json\/wp\/v2\/users\/19"}],"replies":[{"embeddable":true,"href":"https:\/\/www.accuratereviews.com\/it\/wp-json\/wp\/v2\/comments?post=76146"}],"version-history":[{"count":11,"href":"https:\/\/www.accuratereviews.com\/it\/wp-json\/wp\/v2\/pages\/76146\/revisions"}],"predecessor-version":[{"id":76228,"href":"https:\/\/www.accuratereviews.com\/it\/wp-json\/wp\/v2\/pages\/76146\/revisions\/76228"}],"up":[{"embeddable":true,"href":"https:\/\/www.accuratereviews.com\/it\/wp-json\/wp\/v2\/pages\/36249"}],"wp:featuredmedia":[{"embeddable":true,"href":"https:\/\/www.accuratereviews.com\/it\/wp-json\/wp\/v2\/media\/76149"}],"wp:attachment":[{"href":"https:\/\/www.accuratereviews.com\/it\/wp-json\/wp\/v2\/media?parent=76146"}],"wp:term":[{"taxonomy":"category","embeddable":true,"href":"https:\/\/www.accuratereviews.com\/it\/wp-json\/wp\/v2\/categories?post=76146"},{"taxonomy":"post_tag","embeddable":true,"href":"https:\/\/www.accuratereviews.com\/it\/wp-json\/wp\/v2\/tags?post=76146"},{"taxonomy":"features","embeddable":true,"href":"https:\/\/www.accuratereviews.com\/it\/wp-json\/wp\/v2\/features?post=76146"}],"curies":[{"name":"wp","href":"https:\/\/api.w.org\/{rel}","templated":true}]}}