{"id":76161,"date":"2024-04-29T11:08:24","date_gmt":"2024-04-29T11:08:24","guid":{"rendered":"https:\/\/www.accuratereviews.com\/?page_id=76161"},"modified":"2024-05-02T09:54:23","modified_gmt":"2024-05-02T09:54:23","slug":"fabric-recensione","status":"publish","type":"page","link":"https:\/\/www.accuratereviews.com\/it\/piattaforme-di-dropshipping\/fabric-recensione\/","title":{"rendered":"Fabric"},"content":{"rendered":"<p><strong>Fabric<\/strong> \u00e8 una <strong>piattaforma di ecommerce headless<\/strong> progettata per aiutare le aziende a lanciare negozi online, gestire le informazioni sui prodotti, premiare i clienti e creare esperienze di acquisto personalizzate. Gli amministratori possono assegnare vari tipi di attributi tra cui numeri, testo, risorse, date e sequenze ai prodotti e utilizzare una dashboard per ottenere informazioni dettagliate sulle unit\u00e0 di magazzino (<strong>SKU<\/strong>) pubblicate.<br \/>\nUtilizzando le<strong> API REST<\/strong> di <strong>Fabric<\/strong>, le aziende possono separare il frontend dei propri canali di vendita dai sistemi backend per personalizzare le esperienze come aggiungere articoli al carrello, convalidare promozioni, recuperare dati in blocco e altro ancora. I gestori possono elaborare ordini da pi\u00f9 canali, tenere traccia delle attivit\u00e0 di magazzino e consentire ai clienti di suddividere i pagamenti tra carte regalo e carte di credito, PayPal e altre piattaforme.<\/p>\n<p><a href=\"https:\/\/www.accuratereviews.com\/wp-content\/uploads\/2024\/04\/Screenshot-2024-04-27-alle-11.51.50.png\"><img loading=\"lazy\" decoding=\"async\" class=\"aligncenter wp-image-76187 size-large\" src=\"https:\/\/www.accuratereviews.com\/wp-content\/uploads\/2024\/04\/Screenshot-2024-04-27-alle-11.51.50-1024x729.png\" alt=\"\" width=\"686\" height=\"488\" srcset=\"https:\/\/www.accuratereviews.com\/wp-content\/uploads\/2024\/04\/Screenshot-2024-04-27-alle-11.51.50-1024x729.png 1024w, https:\/\/www.accuratereviews.com\/wp-content\/uploads\/2024\/04\/Screenshot-2024-04-27-alle-11.51.50-300x213.png 300w, https:\/\/www.accuratereviews.com\/wp-content\/uploads\/2024\/04\/Screenshot-2024-04-27-alle-11.51.50-768x547.png 768w, https:\/\/www.accuratereviews.com\/wp-content\/uploads\/2024\/04\/Screenshot-2024-04-27-alle-11.51.50-1536x1093.png 1536w, https:\/\/www.accuratereviews.com\/wp-content\/uploads\/2024\/04\/Screenshot-2024-04-27-alle-11.51.50-50x36.png 50w, https:\/\/www.accuratereviews.com\/wp-content\/uploads\/2024\/04\/Screenshot-2024-04-27-alle-11.51.50-176x125.png 176w, https:\/\/www.accuratereviews.com\/wp-content\/uploads\/2024\/04\/Screenshot-2024-04-27-alle-11.51.50-968x689.png 968w, https:\/\/www.accuratereviews.com\/wp-content\/uploads\/2024\/04\/Screenshot-2024-04-27-alle-11.51.50-636x453.png 636w, https:\/\/www.accuratereviews.com\/wp-content\/uploads\/2024\/04\/Screenshot-2024-04-27-alle-11.51.50-320x228.png 320w, https:\/\/www.accuratereviews.com\/wp-content\/uploads\/2024\/04\/Screenshot-2024-04-27-alle-11.51.50-239x170.png 239w, https:\/\/www.accuratereviews.com\/wp-content\/uploads\/2024\/04\/Screenshot-2024-04-27-alle-11.51.50.png 1616w\" sizes=\"auto, (max-width: 686px) 100vw, 686px\" \/><\/a><\/p>\n<h2>FABRIC &#8211; CARATTERISTICHE<\/h2>\n<ul>\n<li><strong>Collegare<\/strong>: aggiungi rapidamente nuovi fornitori e prodotti con molteplici opzioni di connessione: connettori EDI, CSV, API (Shopify, BigCommerce, WooCommerce).<\/li>\n<li><strong>Effettuare transazioni:<\/strong> mantieni il controllo della tua esperienza cliente con notifiche di eventi quando un cliente effettua un ordine, il venditore spedisce l&#8217;ordine e altro ancora.<\/li>\n<li><strong>Crescere<\/strong>: esamina le prestazioni aziendali e collabora con pi\u00f9 marchi. Il team Servizi pu\u00f2 aiutarti a orientarti nella selezione di prodotti e fornitori.<\/li>\n<li><strong>Tecnologia moderna<\/strong>: l&#8217;architettura modulare, API-first, nativa del cloud e headless ti aiuta a ottenere flessibilit\u00e0, scalabilit\u00e0 e velocit\u00e0 nel commercio.<\/li>\n<li><strong>Adatto a commercianti e sviluppatori<\/strong>: facile da apprendere, semplice da configurare e facile da utilizzare per gli utenti non tecnici, il tutto attraverso un&#8217;unica potente interfaccia utente per i commercianti.<\/li>\n<li><strong>Veloce e flessibile<\/strong>: il modello di consumo modulare offre la flessibilit\u00e0 necessaria per far crescere la tua infrastruttura pezzo per pezzo e garantisce un time-to-value pi\u00f9 rapido.<\/li>\n<li><strong>Prodotti di merchandising<\/strong>: ottieni la libert\u00e0 di commercializzazione e sfrutta la potenza delle informazioni sui tuoi prodotti.<\/li>\n<li><strong>Prezzo e promozione<\/strong>: tutti gli strumenti per eseguire strategie di prezzo e promozione efficaci che convertono i clienti.<\/li>\n<li><strong>Gestisci inventario e ordini:<\/strong> un modo intelligente per visualizzare il tuo inventario multi-sede, tenere traccia degli ordini dei clienti ed evaderli.<\/li>\n<li><strong>Attiva un carrello digitale:<\/strong> abilita le transazioni online aggiungendo una pagina di pagamento e un carrello al tuo sito.<\/li>\n<li><strong>Promuovere l&#8217;eccellenza operativa<\/strong>: effettua caricamenti\/modifiche collettive, tagga lo stesso SKU in pi\u00f9 categorie e imposta regole per controllare le variabili di input.<\/li>\n<li><strong>Ripricing in tempo reale e batch<\/strong>: aggiorna i prezzi sul tuo negozio in tempo reale o pianifica gli aggiornamenti in una data specifica.<\/li>\n<li><strong>Listino prezzi<\/strong>: offrire strategie di prezzo e promozione a pi\u00f9 livelli e specifiche per il cliente.<\/li>\n<li><strong>Sconto a livello di carrello<\/strong>: offri uno sconto basato sul valore complessivo del carrello al termine di una vendita.<\/li>\n<li><strong>Prodotti in dropshipping<\/strong>: integra i tuoi fornitori e inizia a spedire in dropshipping prodotti selezionati in pochi giorni.<\/li>\n<li><strong>Sconto SKU<\/strong>: applica sconti a livello di articolo includendo o escludendo prodotti dalla promozione.<\/li>\n<li><strong>Arricchisci i dati per gli acquirenti:<\/strong> crea attributi per la vetrina: basati su formule, immagini e cos\u00ec via.<\/li>\n<li><strong>Sconto sulla spedizione<\/strong>: fornire spedizione gratuita o sconti sui costi di spedizione.<\/li>\n<\/ul>\n<h3>LE RECENSIONI DEGLI UTENTI<\/h3>\n<p><strong>Corey &#8220;Grande&#8221;<\/strong><br \/>\n<strong>Pro<\/strong>: Strumenti potenti e fantastiche funzionalit\u00e0. Ottima piattaforma<br \/>\n<strong>Contro<\/strong>: Il tempo necessario per il lancio \u00e8 stato pi\u00f9 lungo di quanto avremmo voluto, ma qualsiasi transizione di piattaforma presenta questi problemi.<\/p>\n<p><strong>Guy &#8220;Recensione fabric&#8221;<\/strong><br \/>\n<strong>Pro<\/strong>: Molto utile una volta utilizzato correttamente. La maggior parte delle funzionalit\u00e0 pu\u00f2 essere automatizzata, il che \u00e8 molto utile.<br \/>\n<strong>Contro<\/strong>: Richiede l&#8217;inclusione di utenti di terze parti, che possono essere difficili da convincere. Il caricamento del prodotto richiede molto tempo<\/p>\n<p><strong>Faisal &#8220;I migliori componenti di eComm headless della categoria&#8221;<\/strong><br \/>\n<strong>Commenti<\/strong>: Eccellente.<br \/>\n<strong>Pro<\/strong>: Facile da implementare e le prestazioni sono ottimizzate per soddisfare le tue esigenze. Facile da usare e l&#8217;adozione \u00e8 semplice.<br \/>\n<strong>Contro<\/strong>: L&#8217;integrazione iniziale dell&#8217;API potrebbe essere un po&#8217; complicata a causa della sua API bidirezionale ma una volta stabilita, funziona senza intoppi.<\/p>\n","protected":false},"excerpt":{"rendered":"<p>Fabric \u00e8 una piattaforma di ecommerce headless progettata per aiutare le aziende a lanciare negozi online, gestire le informazioni sui prodotti, premiare i clienti e creare esperienze di acquisto personalizzate. Gli amministratori possono assegnare vari tipi di attributi tra cui numeri, testo, risorse, date e sequenze ai prodotti e utilizzare una dashboard per ottenere informazioni dettagliate sulle unit\u00e0 di magazzino (SKU) pubblicate.<\/p>\n","protected":false},"author":19,"featured_media":76206,"parent":36249,"menu_order":0,"comment_status":"open","ping_status":"closed","template":"g1_template_page_review_new.php","meta":{"_acf_changed":false,"cwp_meta_box_check":"No","cwp_rev_product_name":"","cwp_rev_product_image":"","wppr_links":[],"cwp_rev_price":"","wppr_options":[],"wppr_pros":[],"wppr_cons":[],"_monsterinsights_skip_tracking":false,"_monsterinsights_sitenote_active":false,"_monsterinsights_sitenote_note":"","_monsterinsights_sitenote_category":0,"footnotes":""},"categories":[4285],"tags":[5037,15066,4292,4290,4287,4288],"features":[],"class_list":{"0":"post-76161","1":"page","2":"type-page","3":"status-publish","4":"has-post-thumbnail","6":"category-piattaforme-di-dropshipping-categoria","7":"tag-dropshipping-it","8":"tag-fabric","9":"tag-piattaforma-di-dropshipping","10":"tag-programma-di-dropshipping","11":"tag-software-di-dropshipping","12":"tag-soluzione-di-dropshipping"},"wppr_data":{"cwp_meta_box_check":"No"},"acf":[],"yoast_head":"<!-- This site is optimized with the Yoast SEO plugin v27.4 - https:\/\/yoast.com\/product\/yoast-seo-wordpress\/ -->\n<title>Fabric: recensione software di dropshipping - Accurate Reviews<\/title>\n<meta name=\"description\" content=\"Fabric: recensione software di ecommerce headless progettata per aiutare a lanciare negozi online e gestire le informazioni sui prodotti.\" \/>\n<meta name=\"robots\" content=\"index, follow, max-snippet:-1, max-image-preview:large, max-video-preview:-1\" \/>\n<link rel=\"canonical\" href=\"https:\/\/www.accuratereviews.com\/it\/piattaforme-di-dropshipping\/fabric-recensione\/\" \/>\n<meta property=\"og:locale\" content=\"it_IT\" \/>\n<meta property=\"og:type\" content=\"article\" \/>\n<meta property=\"og:title\" content=\"Fabric: recensione software di dropshipping - Accurate Reviews\" \/>\n<meta property=\"og:description\" content=\"Fabric: recensione software di ecommerce headless progettata per aiutare a lanciare negozi online e gestire le informazioni sui prodotti.\" \/>\n<meta property=\"og:url\" content=\"https:\/\/www.accuratereviews.com\/it\/piattaforme-di-dropshipping\/fabric-recensione\/\" \/>\n<meta property=\"og:site_name\" content=\"Accurate Reviews\" \/>\n<meta property=\"article:modified_time\" content=\"2024-05-02T09:54:23+00:00\" \/>\n<meta property=\"og:image\" content=\"https:\/\/www.accuratereviews.com\/wp-content\/uploads\/2024\/04\/Screenshot-2024-04-29-alle-10.22.22.png\" \/>\n\t<meta property=\"og:image:width\" content=\"826\" \/>\n\t<meta property=\"og:image:height\" content=\"328\" \/>\n\t<meta property=\"og:image:type\" content=\"image\/png\" \/>\n<meta name=\"twitter:card\" content=\"summary_large_image\" \/>\n<meta name=\"twitter:label1\" content=\"Tempo di lettura stimato\" \/>\n\t<meta name=\"twitter:data1\" content=\"5 minuti\" \/>\n<script type=\"application\/ld+json\" class=\"yoast-schema-graph\">{\"@context\":\"https:\\\/\\\/schema.org\",\"@graph\":[{\"@type\":\"WebPage\",\"@id\":\"https:\\\/\\\/www.accuratereviews.com\\\/it\\\/piattaforme-di-dropshipping\\\/fabric-recensione\\\/\",\"url\":\"https:\\\/\\\/www.accuratereviews.com\\\/it\\\/piattaforme-di-dropshipping\\\/fabric-recensione\\\/\",\"name\":\"Fabric: recensione software di dropshipping - Accurate Reviews\",\"isPartOf\":{\"@id\":\"https:\\\/\\\/www.accuratereviews.com\\\/it\\\/#website\"},\"primaryImageOfPage\":{\"@id\":\"https:\\\/\\\/www.accuratereviews.com\\\/it\\\/piattaforme-di-dropshipping\\\/fabric-recensione\\\/#primaryimage\"},\"image\":{\"@id\":\"https:\\\/\\\/www.accuratereviews.com\\\/it\\\/piattaforme-di-dropshipping\\\/fabric-recensione\\\/#primaryimage\"},\"thumbnailUrl\":\"https:\\\/\\\/www.accuratereviews.com\\\/wp-content\\\/uploads\\\/2024\\\/04\\\/Screenshot-2024-04-29-alle-10.22.22.png\",\"datePublished\":\"2024-04-29T11:08:24+00:00\",\"dateModified\":\"2024-05-02T09:54:23+00:00\",\"description\":\"Fabric: recensione software di ecommerce headless progettata per aiutare a lanciare negozi online e gestire le informazioni sui prodotti.\",\"breadcrumb\":{\"@id\":\"https:\\\/\\\/www.accuratereviews.com\\\/it\\\/piattaforme-di-dropshipping\\\/fabric-recensione\\\/#breadcrumb\"},\"inLanguage\":\"it-IT\",\"potentialAction\":[{\"@type\":\"ReadAction\",\"target\":[\"https:\\\/\\\/www.accuratereviews.com\\\/it\\\/piattaforme-di-dropshipping\\\/fabric-recensione\\\/\"]}]},{\"@type\":\"ImageObject\",\"inLanguage\":\"it-IT\",\"@id\":\"https:\\\/\\\/www.accuratereviews.com\\\/it\\\/piattaforme-di-dropshipping\\\/fabric-recensione\\\/#primaryimage\",\"url\":\"https:\\\/\\\/www.accuratereviews.com\\\/wp-content\\\/uploads\\\/2024\\\/04\\\/Screenshot-2024-04-29-alle-10.22.22.png\",\"contentUrl\":\"https:\\\/\\\/www.accuratereviews.com\\\/wp-content\\\/uploads\\\/2024\\\/04\\\/Screenshot-2024-04-29-alle-10.22.22.png\",\"width\":826,\"height\":328},{\"@type\":\"BreadcrumbList\",\"@id\":\"https:\\\/\\\/www.accuratereviews.com\\\/it\\\/piattaforme-di-dropshipping\\\/fabric-recensione\\\/#breadcrumb\",\"itemListElement\":[{\"@type\":\"ListItem\",\"position\":1,\"name\":\"Home\",\"item\":\"https:\\\/\\\/www.accuratereviews.com\\\/it\\\/\"},{\"@type\":\"ListItem\",\"position\":2,\"name\":\"Piattaforme di dropshipping\",\"item\":\"https:\\\/\\\/www.accuratereviews.com\\\/it\\\/piattaforme-di-dropshipping\\\/\"},{\"@type\":\"ListItem\",\"position\":3,\"name\":\"Fabric\"}]},{\"@type\":\"WebSite\",\"@id\":\"https:\\\/\\\/www.accuratereviews.com\\\/it\\\/#website\",\"url\":\"https:\\\/\\\/www.accuratereviews.com\\\/it\\\/\",\"name\":\"Accurate Reviews\",\"description\":\"\",\"potentialAction\":[{\"@type\":\"SearchAction\",\"target\":{\"@type\":\"EntryPoint\",\"urlTemplate\":\"https:\\\/\\\/www.accuratereviews.com\\\/it\\\/?s={search_term_string}\"},\"query-input\":{\"@type\":\"PropertyValueSpecification\",\"valueRequired\":true,\"valueName\":\"search_term_string\"}}],\"inLanguage\":\"it-IT\"}]}<\/script>\n<!-- \/ Yoast SEO plugin. -->","yoast_head_json":{"title":"Fabric: recensione software di dropshipping - Accurate Reviews","description":"Fabric: recensione software di ecommerce headless progettata per aiutare a lanciare negozi online e gestire le informazioni sui prodotti.","robots":{"index":"index","follow":"follow","max-snippet":"max-snippet:-1","max-image-preview":"max-image-preview:large","max-video-preview":"max-video-preview:-1"},"canonical":"https:\/\/www.accuratereviews.com\/it\/piattaforme-di-dropshipping\/fabric-recensione\/","og_locale":"it_IT","og_type":"article","og_title":"Fabric: recensione software di dropshipping - Accurate Reviews","og_description":"Fabric: recensione software di ecommerce headless progettata per aiutare a lanciare negozi online e gestire le informazioni sui prodotti.","og_url":"https:\/\/www.accuratereviews.com\/it\/piattaforme-di-dropshipping\/fabric-recensione\/","og_site_name":"Accurate Reviews","article_modified_time":"2024-05-02T09:54:23+00:00","og_image":[{"width":826,"height":328,"url":"https:\/\/www.accuratereviews.com\/wp-content\/uploads\/2024\/04\/Screenshot-2024-04-29-alle-10.22.22.png","type":"image\/png"}],"twitter_card":"summary_large_image","twitter_misc":{"Tempo di lettura stimato":"5 minuti"},"schema":{"@context":"https:\/\/schema.org","@graph":[{"@type":"WebPage","@id":"https:\/\/www.accuratereviews.com\/it\/piattaforme-di-dropshipping\/fabric-recensione\/","url":"https:\/\/www.accuratereviews.com\/it\/piattaforme-di-dropshipping\/fabric-recensione\/","name":"Fabric: recensione software di dropshipping - Accurate Reviews","isPartOf":{"@id":"https:\/\/www.accuratereviews.com\/it\/#website"},"primaryImageOfPage":{"@id":"https:\/\/www.accuratereviews.com\/it\/piattaforme-di-dropshipping\/fabric-recensione\/#primaryimage"},"image":{"@id":"https:\/\/www.accuratereviews.com\/it\/piattaforme-di-dropshipping\/fabric-recensione\/#primaryimage"},"thumbnailUrl":"https:\/\/www.accuratereviews.com\/wp-content\/uploads\/2024\/04\/Screenshot-2024-04-29-alle-10.22.22.png","datePublished":"2024-04-29T11:08:24+00:00","dateModified":"2024-05-02T09:54:23+00:00","description":"Fabric: recensione software di ecommerce headless progettata per aiutare a lanciare negozi online e gestire le informazioni sui prodotti.","breadcrumb":{"@id":"https:\/\/www.accuratereviews.com\/it\/piattaforme-di-dropshipping\/fabric-recensione\/#breadcrumb"},"inLanguage":"it-IT","potentialAction":[{"@type":"ReadAction","target":["https:\/\/www.accuratereviews.com\/it\/piattaforme-di-dropshipping\/fabric-recensione\/"]}]},{"@type":"ImageObject","inLanguage":"it-IT","@id":"https:\/\/www.accuratereviews.com\/it\/piattaforme-di-dropshipping\/fabric-recensione\/#primaryimage","url":"https:\/\/www.accuratereviews.com\/wp-content\/uploads\/2024\/04\/Screenshot-2024-04-29-alle-10.22.22.png","contentUrl":"https:\/\/www.accuratereviews.com\/wp-content\/uploads\/2024\/04\/Screenshot-2024-04-29-alle-10.22.22.png","width":826,"height":328},{"@type":"BreadcrumbList","@id":"https:\/\/www.accuratereviews.com\/it\/piattaforme-di-dropshipping\/fabric-recensione\/#breadcrumb","itemListElement":[{"@type":"ListItem","position":1,"name":"Home","item":"https:\/\/www.accuratereviews.com\/it\/"},{"@type":"ListItem","position":2,"name":"Piattaforme di dropshipping","item":"https:\/\/www.accuratereviews.com\/it\/piattaforme-di-dropshipping\/"},{"@type":"ListItem","position":3,"name":"Fabric"}]},{"@type":"WebSite","@id":"https:\/\/www.accuratereviews.com\/it\/#website","url":"https:\/\/www.accuratereviews.com\/it\/","name":"Accurate Reviews","description":"","potentialAction":[{"@type":"SearchAction","target":{"@type":"EntryPoint","urlTemplate":"https:\/\/www.accuratereviews.com\/it\/?s={search_term_string}"},"query-input":{"@type":"PropertyValueSpecification","valueRequired":true,"valueName":"search_term_string"}}],"inLanguage":"it-IT"}]}},"_links":{"self":[{"href":"https:\/\/www.accuratereviews.com\/it\/wp-json\/wp\/v2\/pages\/76161","targetHints":{"allow":["GET"]}}],"collection":[{"href":"https:\/\/www.accuratereviews.com\/it\/wp-json\/wp\/v2\/pages"}],"about":[{"href":"https:\/\/www.accuratereviews.com\/it\/wp-json\/wp\/v2\/types\/page"}],"author":[{"embeddable":true,"href":"https:\/\/www.accuratereviews.com\/it\/wp-json\/wp\/v2\/users\/19"}],"replies":[{"embeddable":true,"href":"https:\/\/www.accuratereviews.com\/it\/wp-json\/wp\/v2\/comments?post=76161"}],"version-history":[{"count":12,"href":"https:\/\/www.accuratereviews.com\/it\/wp-json\/wp\/v2\/pages\/76161\/revisions"}],"predecessor-version":[{"id":76349,"href":"https:\/\/www.accuratereviews.com\/it\/wp-json\/wp\/v2\/pages\/76161\/revisions\/76349"}],"up":[{"embeddable":true,"href":"https:\/\/www.accuratereviews.com\/it\/wp-json\/wp\/v2\/pages\/36249"}],"wp:featuredmedia":[{"embeddable":true,"href":"https:\/\/www.accuratereviews.com\/it\/wp-json\/wp\/v2\/media\/76206"}],"wp:attachment":[{"href":"https:\/\/www.accuratereviews.com\/it\/wp-json\/wp\/v2\/media?parent=76161"}],"wp:term":[{"taxonomy":"category","embeddable":true,"href":"https:\/\/www.accuratereviews.com\/it\/wp-json\/wp\/v2\/categories?post=76161"},{"taxonomy":"post_tag","embeddable":true,"href":"https:\/\/www.accuratereviews.com\/it\/wp-json\/wp\/v2\/tags?post=76161"},{"taxonomy":"features","embeddable":true,"href":"https:\/\/www.accuratereviews.com\/it\/wp-json\/wp\/v2\/features?post=76161"}],"curies":[{"name":"wp","href":"https:\/\/api.w.org\/{rel}","templated":true}]}}