{"id":76165,"date":"2024-04-26T18:35:45","date_gmt":"2024-04-26T18:35:45","guid":{"rendered":"https:\/\/www.accuratereviews.com\/?page_id=76165"},"modified":"2024-05-01T17:16:13","modified_gmt":"2024-05-01T17:16:13","slug":"hello-bar-recensione","status":"publish","type":"page","link":"https:\/\/www.accuratereviews.com\/it\/software-creare-landing-page\/hello-bar-recensione\/","title":{"rendered":"Hello Bar"},"content":{"rendered":"<p><strong>Hello Bar<\/strong> \u00e8\u00a0uno <strong>strumento di lead generation e marketing online<\/strong> che permette agli utenti di creare banner e notifiche personalizzate per il proprio sito web. Questi banner possono essere utilizzati per acquisire contatti, promuovere offerte speciali, indirizzare i visitatori verso contenuti specifici e molto altro ancora.<br \/>\n<strong>Hello Bar<\/strong> offre diverse opzioni per i tipi di notifiche, tra cui barre superiori, popup, slide-in e modali, permettendo agli utenti di scegliere ci\u00f2 che meglio si adatta alle loro esigenze. Si\u00a0integra con diversi strumenti di marketing e gestione dei contatti, come Mailchimp, HubSpot e altri, facilitando la gestione dei lead.<\/p>\n<h2>HELLO BAR &#8211; TUTORIAL<\/h2>\n<div id=\"fluid-wrapper-counter-1\" class=\"g1-fluid-wrapper \" style=\"width:686px;\">\n<div style=\"padding-bottom:56.268221574344%;\"><iframe loading=\"lazy\" title=\"Introduction to Hello Bar (free version)\" width=\"515\" height=\"386\" src=\"https:\/\/www.youtube.com\/embed\/TI0Adhs0j9k?feature=oembed&amp;wmode=transparent&amp;autohide=1&amp;autoplay=0&amp;disablekb=0&amp;fs=1&amp;loop=0&amp;enablejsapi=1&amp;rel=0&amp;controls=2&amp;showinfo=0&amp;wmode=transparent&amp;autohide=2&amp;autoplay=0&amp;disablekb=0&amp;fs=1&amp;loop=0&amp;enablejsapi=1&amp;rel=0&amp;controls=2&amp;showinfo=1\" frameborder=\"0\" allow=\"accelerometer; autoplay; clipboard-write; encrypted-media; gyroscope; picture-in-picture; web-share\" referrerpolicy=\"strict-origin-when-cross-origin\" allowfullscreen><\/iframe><\/div>\n<\/div>\n<h3>HELLO BAR &#8211; CARATTERISTICHE<\/h3>\n<ul>\n<li><strong>Temi<\/strong>: 100 temi precostituiti. Trova quello che si adatta allo stile del vostro marchio.<\/li>\n<li><strong>Styling<\/strong>: personalizzazione di qualsiasi elemento con l&#8217;editor visuale. Colore, dimensioni, layout e altro ancora.<\/li>\n<li><strong>Assistente al design<\/strong>: rileva automaticamente il design del sito e abbina colori, font e stile.<\/li>\n<li><strong>Targeting<\/strong>: mostra il messaggio giusto alla persona giusta al momento giusto.<\/li>\n<li><strong>Ubicazione<\/strong>: indirizza i visitatori in base alla citt\u00e0, allo stato, al paese e altro ancora.<\/li>\n<li><strong>Annuncio e campagna<\/strong>: indirizza i visitatori in base all&#8217;annuncio, alla campagna, alla fonte, al mezzo di comunicazione e altro ancora.<\/li>\n<li><strong>Data e ora<\/strong>: programma la messaggistica e le offerte in base all&#8217;ora, alla data, ai visitatori abituali e altro ancora.<\/li>\n<li><strong>Tracciamento e ottimizzazione<\/strong>: per vedere come si comportano le campagne e migliorarle.<\/li>\n<li><strong>Analytics<\/strong>: le metriche consentono di monitorare e analizzare le prestazioni. Scoprite cosa funziona e cosa dovete migliorare.<\/li>\n<li><strong>Rapporti personalizzati<\/strong>: crea rapporti personalizzati con i dati pi\u00f9 rilevanti per la vostra attivit\u00e0.<\/li>\n<li><strong>Test e ottimizzazione<\/strong>: esegui test A\/B per trovare campagne nuove e pi\u00f9 performanti.<\/li>\n<li><strong>Integrazioni<\/strong>: integrazioni precostituite con tutte le piattaforme e gli strumenti preferiti.<\/li>\n<\/ul>\n<h4>LE RECENSIONI DEGLI UTENTI<\/h4>\n<p><strong>Danielle &#8220;HelloBar \u00e8 semplice da utilizzare e fa il suo dovere&#8221;<\/strong><br \/>\nCommenti: Mi aiuta a convertire i visitatori e a curare dove voglio che vadano. Ho visto dall&#8217;heatmapping che le persone andavano alla hellobar prima di tutti i nostri CTA Buttons!<br \/>\nPro: Non sono un grande fan di sumome perch\u00e9 ci sono TROPPE OPZIONI. Uso HelloBar sulla maggior parte dei siti WordPress che gestisco. La cosa che preferisco \u00e8 la facilit\u00e0 di effettuare test A\/B.<br \/>\nContro: Devo usare Zapier per collegarlo a Ontraport. \u00c8 solo un piccolo inconveniente.<\/p>\n<p><strong>Foster &#8220;Recensione onesta di Hellobar&#8221;<\/strong><br \/>\nCommenti: Sono rimasto colpito da Hellobar per la sua opzione di targeting. Mi ha permesso di individuare il giusto insieme di pubblico che ho bisogno di convertire in clienti. Con questo incredibile strumento, \u00e8 molto facile generare lead informando il mio pubblico su una promozione.<br \/>\nPro: Hellobar \u00e8 uno strumento di lead capturing a 5 cifre e a prezzi accessibili, progettato per catturare e far crescere la vostra lista di email. Ha un&#8217;ottima interfaccia utente e popup leggeri che convertono molto velocemente il traffico in lead ideali.<br \/>\nContro: Hellobar \u00e8 stata una risorsa perfetta nel corso degli anni e conosco i suoi problemi.<\/p>\n<p><strong>Jenn &#8220;Ottimo prodotto, ma \u00e8 difficile ottenere assistenza&#8221;.<\/strong><br \/>\nCommenti: Nel complesso, la mia esperienza \u00e8 stata positiva. Devo dire che ho faticato a ottenere il supporto necessario per rispondere alle domande e risolvere i problemi. Non c&#8217;\u00e8 un numero da chiamare, ma solo una chat che impiega pi\u00f9 di un&#8217;ora per rispondere.<br \/>\nPro: Mi piace la facilit\u00e0 con cui \u00e8 possibile configurarlo e personalizzarlo per le diverse pagine.<br \/>\nContro: Il software non \u00e8 molto adatto a cose come l&#8217;aggiunta solo ai post e altre funzionalit\u00e0 che esistono in altri plugin di pop-up.<\/p>\n","protected":false},"excerpt":{"rendered":"<p>Hello Bar \u00e8\u00a0uno strumento di lead generation e marketing online che permette agli utenti di creare banner e notifiche personalizzate per il proprio sito web. Questi banner possono essere utilizzati per acquisire contatti, promuovere offerte speciali, indirizzare i visitatori verso contenuti specifici e molto altro ancora.<\/p>\n","protected":false},"author":17,"featured_media":76179,"parent":58467,"menu_order":0,"comment_status":"open","ping_status":"closed","template":"g1_template_page_review_new.php","meta":{"_acf_changed":false,"cwp_meta_box_check":"No","cwp_rev_product_name":"","cwp_rev_product_image":"","wppr_links":[],"cwp_rev_price":"","wppr_options":[],"wppr_pros":[],"wppr_cons":[],"_monsterinsights_skip_tracking":false,"_monsterinsights_sitenote_active":false,"_monsterinsights_sitenote_note":"","_monsterinsights_sitenote_category":0,"footnotes":""},"categories":[12754],"tags":[12760,12813,12756,12812,12758],"features":[],"class_list":{"0":"post-76165","1":"page","2":"type-page","3":"status-publish","4":"has-post-thumbnail","6":"category-software-per-creare-landing-page-cat","7":"tag-app-per-creare-landing-page","8":"tag-programma-creazione-landing-page","9":"tag-software-per-creare-landing-page","10":"tag-soluzione-creazione-landing-page","11":"tag-soluzione-per-creare-landing-page"},"wppr_data":{"cwp_meta_box_check":"No"},"acf":[],"yoast_head":"<!-- This site is optimized with the Yoast SEO plugin v27.4 - https:\/\/yoast.com\/product\/yoast-seo-wordpress\/ -->\n<title>Hello Bar: recensione software landing page - Accurate Reviews<\/title>\n<meta name=\"description\" content=\"Hello Bar: strumento di lead generation e marketing online che permette agli utenti di creare banner e landing page.\" \/>\n<meta name=\"robots\" content=\"index, follow, max-snippet:-1, max-image-preview:large, max-video-preview:-1\" \/>\n<link rel=\"canonical\" href=\"https:\/\/www.accuratereviews.com\/it\/software-creare-landing-page\/hello-bar-recensione\/\" \/>\n<meta property=\"og:locale\" content=\"it_IT\" \/>\n<meta property=\"og:type\" content=\"article\" \/>\n<meta property=\"og:title\" content=\"Hello Bar: recensione software landing page - Accurate Reviews\" \/>\n<meta property=\"og:description\" content=\"Hello Bar: strumento di lead generation e marketing online che permette agli utenti di creare banner e landing page.\" \/>\n<meta property=\"og:url\" content=\"https:\/\/www.accuratereviews.com\/it\/software-creare-landing-page\/hello-bar-recensione\/\" \/>\n<meta property=\"og:site_name\" content=\"Accurate Reviews\" \/>\n<meta property=\"article:modified_time\" content=\"2024-05-01T17:16:13+00:00\" \/>\n<meta property=\"og:image\" content=\"https:\/\/www.accuratereviews.com\/wp-content\/uploads\/2024\/04\/images-2.png\" \/>\n\t<meta property=\"og:image:width\" content=\"424\" \/>\n\t<meta property=\"og:image:height\" content=\"119\" \/>\n\t<meta property=\"og:image:type\" content=\"image\/png\" \/>\n<meta name=\"twitter:card\" content=\"summary_large_image\" \/>\n<meta name=\"twitter:label1\" content=\"Tempo di lettura stimato\" \/>\n\t<meta name=\"twitter:data1\" content=\"5 minuti\" \/>\n<script type=\"application\/ld+json\" class=\"yoast-schema-graph\">{\"@context\":\"https:\\\/\\\/schema.org\",\"@graph\":[{\"@type\":\"WebPage\",\"@id\":\"https:\\\/\\\/www.accuratereviews.com\\\/it\\\/software-creare-landing-page\\\/hello-bar-recensione\\\/\",\"url\":\"https:\\\/\\\/www.accuratereviews.com\\\/it\\\/software-creare-landing-page\\\/hello-bar-recensione\\\/\",\"name\":\"Hello Bar: recensione software landing page - Accurate Reviews\",\"isPartOf\":{\"@id\":\"https:\\\/\\\/www.accuratereviews.com\\\/it\\\/#website\"},\"primaryImageOfPage\":{\"@id\":\"https:\\\/\\\/www.accuratereviews.com\\\/it\\\/software-creare-landing-page\\\/hello-bar-recensione\\\/#primaryimage\"},\"image\":{\"@id\":\"https:\\\/\\\/www.accuratereviews.com\\\/it\\\/software-creare-landing-page\\\/hello-bar-recensione\\\/#primaryimage\"},\"thumbnailUrl\":\"https:\\\/\\\/www.accuratereviews.com\\\/wp-content\\\/uploads\\\/2024\\\/04\\\/images-2.png\",\"datePublished\":\"2024-04-26T18:35:45+00:00\",\"dateModified\":\"2024-05-01T17:16:13+00:00\",\"description\":\"Hello Bar: strumento di lead generation e marketing online che permette agli utenti di creare banner e landing page.\",\"breadcrumb\":{\"@id\":\"https:\\\/\\\/www.accuratereviews.com\\\/it\\\/software-creare-landing-page\\\/hello-bar-recensione\\\/#breadcrumb\"},\"inLanguage\":\"it-IT\",\"potentialAction\":[{\"@type\":\"ReadAction\",\"target\":[\"https:\\\/\\\/www.accuratereviews.com\\\/it\\\/software-creare-landing-page\\\/hello-bar-recensione\\\/\"]}]},{\"@type\":\"ImageObject\",\"inLanguage\":\"it-IT\",\"@id\":\"https:\\\/\\\/www.accuratereviews.com\\\/it\\\/software-creare-landing-page\\\/hello-bar-recensione\\\/#primaryimage\",\"url\":\"https:\\\/\\\/www.accuratereviews.com\\\/wp-content\\\/uploads\\\/2024\\\/04\\\/images-2.png\",\"contentUrl\":\"https:\\\/\\\/www.accuratereviews.com\\\/wp-content\\\/uploads\\\/2024\\\/04\\\/images-2.png\",\"width\":424,\"height\":119},{\"@type\":\"BreadcrumbList\",\"@id\":\"https:\\\/\\\/www.accuratereviews.com\\\/it\\\/software-creare-landing-page\\\/hello-bar-recensione\\\/#breadcrumb\",\"itemListElement\":[{\"@type\":\"ListItem\",\"position\":1,\"name\":\"Home\",\"item\":\"https:\\\/\\\/www.accuratereviews.com\\\/it\\\/\"},{\"@type\":\"ListItem\",\"position\":2,\"name\":\"Software per creare landing page\",\"item\":\"https:\\\/\\\/www.accuratereviews.com\\\/it\\\/software-creare-landing-page\\\/\"},{\"@type\":\"ListItem\",\"position\":3,\"name\":\"Hello Bar\"}]},{\"@type\":\"WebSite\",\"@id\":\"https:\\\/\\\/www.accuratereviews.com\\\/it\\\/#website\",\"url\":\"https:\\\/\\\/www.accuratereviews.com\\\/it\\\/\",\"name\":\"Accurate Reviews\",\"description\":\"\",\"potentialAction\":[{\"@type\":\"SearchAction\",\"target\":{\"@type\":\"EntryPoint\",\"urlTemplate\":\"https:\\\/\\\/www.accuratereviews.com\\\/it\\\/?s={search_term_string}\"},\"query-input\":{\"@type\":\"PropertyValueSpecification\",\"valueRequired\":true,\"valueName\":\"search_term_string\"}}],\"inLanguage\":\"it-IT\"}]}<\/script>\n<!-- \/ Yoast SEO plugin. -->","yoast_head_json":{"title":"Hello Bar: recensione software landing page - Accurate Reviews","description":"Hello Bar: strumento di lead generation e marketing online che permette agli utenti di creare banner e landing page.","robots":{"index":"index","follow":"follow","max-snippet":"max-snippet:-1","max-image-preview":"max-image-preview:large","max-video-preview":"max-video-preview:-1"},"canonical":"https:\/\/www.accuratereviews.com\/it\/software-creare-landing-page\/hello-bar-recensione\/","og_locale":"it_IT","og_type":"article","og_title":"Hello Bar: recensione software landing page - Accurate Reviews","og_description":"Hello Bar: strumento di lead generation e marketing online che permette agli utenti di creare banner e landing page.","og_url":"https:\/\/www.accuratereviews.com\/it\/software-creare-landing-page\/hello-bar-recensione\/","og_site_name":"Accurate Reviews","article_modified_time":"2024-05-01T17:16:13+00:00","og_image":[{"width":424,"height":119,"url":"https:\/\/www.accuratereviews.com\/wp-content\/uploads\/2024\/04\/images-2.png","type":"image\/png"}],"twitter_card":"summary_large_image","twitter_misc":{"Tempo di lettura stimato":"5 minuti"},"schema":{"@context":"https:\/\/schema.org","@graph":[{"@type":"WebPage","@id":"https:\/\/www.accuratereviews.com\/it\/software-creare-landing-page\/hello-bar-recensione\/","url":"https:\/\/www.accuratereviews.com\/it\/software-creare-landing-page\/hello-bar-recensione\/","name":"Hello Bar: recensione software landing page - Accurate Reviews","isPartOf":{"@id":"https:\/\/www.accuratereviews.com\/it\/#website"},"primaryImageOfPage":{"@id":"https:\/\/www.accuratereviews.com\/it\/software-creare-landing-page\/hello-bar-recensione\/#primaryimage"},"image":{"@id":"https:\/\/www.accuratereviews.com\/it\/software-creare-landing-page\/hello-bar-recensione\/#primaryimage"},"thumbnailUrl":"https:\/\/www.accuratereviews.com\/wp-content\/uploads\/2024\/04\/images-2.png","datePublished":"2024-04-26T18:35:45+00:00","dateModified":"2024-05-01T17:16:13+00:00","description":"Hello Bar: strumento di lead generation e marketing online che permette agli utenti di creare banner e landing page.","breadcrumb":{"@id":"https:\/\/www.accuratereviews.com\/it\/software-creare-landing-page\/hello-bar-recensione\/#breadcrumb"},"inLanguage":"it-IT","potentialAction":[{"@type":"ReadAction","target":["https:\/\/www.accuratereviews.com\/it\/software-creare-landing-page\/hello-bar-recensione\/"]}]},{"@type":"ImageObject","inLanguage":"it-IT","@id":"https:\/\/www.accuratereviews.com\/it\/software-creare-landing-page\/hello-bar-recensione\/#primaryimage","url":"https:\/\/www.accuratereviews.com\/wp-content\/uploads\/2024\/04\/images-2.png","contentUrl":"https:\/\/www.accuratereviews.com\/wp-content\/uploads\/2024\/04\/images-2.png","width":424,"height":119},{"@type":"BreadcrumbList","@id":"https:\/\/www.accuratereviews.com\/it\/software-creare-landing-page\/hello-bar-recensione\/#breadcrumb","itemListElement":[{"@type":"ListItem","position":1,"name":"Home","item":"https:\/\/www.accuratereviews.com\/it\/"},{"@type":"ListItem","position":2,"name":"Software per creare landing page","item":"https:\/\/www.accuratereviews.com\/it\/software-creare-landing-page\/"},{"@type":"ListItem","position":3,"name":"Hello Bar"}]},{"@type":"WebSite","@id":"https:\/\/www.accuratereviews.com\/it\/#website","url":"https:\/\/www.accuratereviews.com\/it\/","name":"Accurate Reviews","description":"","potentialAction":[{"@type":"SearchAction","target":{"@type":"EntryPoint","urlTemplate":"https:\/\/www.accuratereviews.com\/it\/?s={search_term_string}"},"query-input":{"@type":"PropertyValueSpecification","valueRequired":true,"valueName":"search_term_string"}}],"inLanguage":"it-IT"}]}},"_links":{"self":[{"href":"https:\/\/www.accuratereviews.com\/it\/wp-json\/wp\/v2\/pages\/76165","targetHints":{"allow":["GET"]}}],"collection":[{"href":"https:\/\/www.accuratereviews.com\/it\/wp-json\/wp\/v2\/pages"}],"about":[{"href":"https:\/\/www.accuratereviews.com\/it\/wp-json\/wp\/v2\/types\/page"}],"author":[{"embeddable":true,"href":"https:\/\/www.accuratereviews.com\/it\/wp-json\/wp\/v2\/users\/17"}],"replies":[{"embeddable":true,"href":"https:\/\/www.accuratereviews.com\/it\/wp-json\/wp\/v2\/comments?post=76165"}],"version-history":[{"count":6,"href":"https:\/\/www.accuratereviews.com\/it\/wp-json\/wp\/v2\/pages\/76165\/revisions"}],"predecessor-version":[{"id":76317,"href":"https:\/\/www.accuratereviews.com\/it\/wp-json\/wp\/v2\/pages\/76165\/revisions\/76317"}],"up":[{"embeddable":true,"href":"https:\/\/www.accuratereviews.com\/it\/wp-json\/wp\/v2\/pages\/58467"}],"wp:featuredmedia":[{"embeddable":true,"href":"https:\/\/www.accuratereviews.com\/it\/wp-json\/wp\/v2\/media\/76179"}],"wp:attachment":[{"href":"https:\/\/www.accuratereviews.com\/it\/wp-json\/wp\/v2\/media?parent=76165"}],"wp:term":[{"taxonomy":"category","embeddable":true,"href":"https:\/\/www.accuratereviews.com\/it\/wp-json\/wp\/v2\/categories?post=76165"},{"taxonomy":"post_tag","embeddable":true,"href":"https:\/\/www.accuratereviews.com\/it\/wp-json\/wp\/v2\/tags?post=76165"},{"taxonomy":"features","embeddable":true,"href":"https:\/\/www.accuratereviews.com\/it\/wp-json\/wp\/v2\/features?post=76165"}],"curies":[{"name":"wp","href":"https:\/\/api.w.org\/{rel}","templated":true}]}}