{"id":76275,"date":"2024-04-30T16:28:55","date_gmt":"2024-04-30T16:28:55","guid":{"rendered":"https:\/\/www.accuratereviews.com\/?page_id=76275"},"modified":"2024-05-09T10:11:46","modified_gmt":"2024-05-09T10:11:46","slug":"optiin-recensione","status":"publish","type":"page","link":"https:\/\/www.accuratereviews.com\/it\/software-creare-landing-page\/optiin-recensione\/","title":{"rendered":"Optiin"},"content":{"rendered":"<p><strong>Optiin<\/strong> \u00e8 una <strong>piattaforma di marketing online<\/strong> che offre strumenti avanzati per acquisire contatti e coinvolgere i visitatori dei siti web. Con una variet\u00e0 di funzionalit\u00e0 di personalizzazione e targeting, questo software consente agli utenti di creare campagne di marketing mirate per aumentare le conversioni e raccogliere lead.<br \/>\n<strong>Optiin<\/strong> offre agli utenti la possibilit\u00e0 di <strong>creare landing page personalizzate<\/strong> e altamente efficaci per le loro campagne di marketing online. La piattaforma fornisce una variet\u00e0 di modelli e strumenti di design intuitivi, consentendo agli utenti di creare landing page accattivanti in pochi semplici passaggi.<\/p>\n<h2>OPTIIN &#8211; TUTORIAL<\/h2>\n<div id=\"fluid-wrapper-counter-1\" class=\"g1-fluid-wrapper \" style=\"width:686px;\">\n<div style=\"padding-bottom:56.268221574344%;\"><iframe loading=\"lazy\" title=\"Optiin funnels introduction - Leadpages Alternative\" width=\"686\" height=\"386\" src=\"https:\/\/www.youtube.com\/embed\/sbG8inRSZ7k?feature=oembed&amp;wmode=transparent&amp;autohide=1&amp;autoplay=0&amp;disablekb=0&amp;fs=1&amp;loop=0&amp;enablejsapi=1&amp;rel=0&amp;controls=2&amp;showinfo=0&amp;wmode=transparent&amp;autohide=2&amp;autoplay=0&amp;disablekb=0&amp;fs=1&amp;loop=0&amp;enablejsapi=1&amp;rel=0&amp;controls=2&amp;showinfo=1\" frameborder=\"0\" allow=\"accelerometer; autoplay; clipboard-write; encrypted-media; gyroscope; picture-in-picture; web-share\" referrerpolicy=\"strict-origin-when-cross-origin\" allowfullscreen><\/iframe><\/div>\n<\/div>\n<h3>OPTTIN &#8211; CARATTERISTICHE<\/h3>\n<ul>\n<li><strong>Flessibilit\u00e0 di design totale:<\/strong> editor visivo drag-and-drop super facile da usare per costruire funnel di generazione di lead ad alta conversione in modo rapido.<\/li>\n<li><strong>Pi\u00f9 lead e conversioni:<\/strong> le tue pagine web sono sicure, ottimizzate per i dispositivi mobili e si caricano pi\u00f9 velocemente, garantendo tassi di conversione pi\u00f9 elevati.<\/li>\n<li><strong>Prenotazione appuntamenti<\/strong>: programma, organizza e gestisci facilmente le riunioni. Ottieni pi\u00f9 prenotazioni e appuntamenti.<\/li>\n<li><strong>Dimentica i plugin vulnerabili:<\/strong> aggiungi funzioni extra utilizzando widget integrati, moduli, timer per il conto alla rovescia, gallerie e molto altro. D\u00ec addio ai plugin.<\/li>\n<li><strong>Zero commissioni di transazione:<\/strong> crea negozi di e-commerce e vendi prodotti fisici o digitali. Crea abbonamenti o corsi online. Aggiungi checkout e carrelli personalizzati.<\/li>\n<li><strong>Aumenta vendite e profitti:<\/strong> automatizzazione dell&#8217;email marketing per incrementare i ricavi da email. Aggiungi membri, crea gruppi, tag, filtri e CRM integrato per rimanere sempre in contatto con i tuoi contatti.<\/li>\n<\/ul>\n<h4>LE RECENSIONI DEGLI UTENTI<\/h4>\n<p><strong>Piere &#8220;Fantastico&#8221;<\/strong><br \/>\nCommenti: Mi piace molto<br \/>\nPro: E &#8216;stato cos\u00ec facile da usare non ho avuto problemi con esso non ho nulla di cui lamentarsi<br \/>\nContro: Era cos\u00ec semplice che l&#8217;ho superata, ma era solo una rottura.<\/p>\n<p><strong>Berke Can &#8220;Creazione di un sito web veloce e silenzioso&#8221;<\/strong><br \/>\nPro: Optiin \u00e8 il modo pi\u00f9 veloce per lanciare un sito web grazie alle sue straordinarie funzionalit\u00e0 di costruzione di siti web.<br \/>\nContro: I prezzi di Optiin dovrebbero essere pi\u00f9 bassi e dovrebbero fornire migliori funzioni di sviluppo dell&#8217;interfaccia utente.<\/p>\n<p><strong>Betty &#8220;Funnel illimitati&#8221;<\/strong><br \/>\nCommenti: Molto soddisfatto<br \/>\nPro: Facilit\u00e0 d&#8217;uso e servizio clienti superbo.<br \/>\nContro: Numero limitato di imbuti, motivo per cui sono passato a Builderall. Pago 20 dollari in pi\u00f9 al mese rispetto ai 49 dollari mensili perch\u00e9 ho un numero illimitato di imbuti.<\/p>\n","protected":false},"excerpt":{"rendered":"<p>Optiin \u00e8 una piattaforma di marketing online che offre strumenti avanzati per acquisire contatti e coinvolgere i visitatori dei siti web. Con una variet\u00e0 di funzionalit\u00e0 di personalizzazione e targeting, questo software consente agli utenti di creare campagne di marketing mirate per aumentare le conversioni e raccogliere lead.<\/p>\n","protected":false},"author":17,"featured_media":76281,"parent":58467,"menu_order":0,"comment_status":"open","ping_status":"closed","template":"g1_template_page_review_new.php","meta":{"_acf_changed":false,"cwp_meta_box_check":"No","cwp_rev_product_name":"","cwp_rev_product_image":"","wppr_links":[],"cwp_rev_price":"","wppr_options":[],"wppr_pros":[],"wppr_cons":[],"_monsterinsights_skip_tracking":false,"_monsterinsights_sitenote_active":false,"_monsterinsights_sitenote_note":"","_monsterinsights_sitenote_category":0,"footnotes":""},"categories":[12754],"tags":[12759,12813,12756,12812,12758],"features":[],"class_list":{"0":"post-76275","1":"page","2":"type-page","3":"status-publish","4":"has-post-thumbnail","6":"category-software-per-creare-landing-page-cat","7":"tag-piattaforma-per-creare-landing-page","8":"tag-programma-creazione-landing-page","9":"tag-software-per-creare-landing-page","10":"tag-soluzione-creazione-landing-page","11":"tag-soluzione-per-creare-landing-page"},"wppr_data":{"cwp_meta_box_check":"No"},"acf":[],"yoast_head":"<!-- This site is optimized with the Yoast SEO plugin v27.4 - https:\/\/yoast.com\/product\/yoast-seo-wordpress\/ -->\n<title>Optiin: recensione software landing page - Accurate Reviews<\/title>\n<meta name=\"description\" content=\"Optiin: recensione piattaforma di marketing che offre strumenti avanzati per acquisire contatti e coinvolgere i visitatori dei siti web.\" \/>\n<meta name=\"robots\" content=\"index, follow, max-snippet:-1, max-image-preview:large, max-video-preview:-1\" \/>\n<link rel=\"canonical\" href=\"https:\/\/www.accuratereviews.com\/it\/software-creare-landing-page\/optiin-recensione\/\" \/>\n<meta property=\"og:locale\" content=\"it_IT\" \/>\n<meta property=\"og:type\" content=\"article\" \/>\n<meta property=\"og:title\" content=\"Optiin: recensione software landing page - Accurate Reviews\" \/>\n<meta property=\"og:description\" content=\"Optiin: recensione piattaforma di marketing che offre strumenti avanzati per acquisire contatti e coinvolgere i visitatori dei siti web.\" \/>\n<meta property=\"og:url\" content=\"https:\/\/www.accuratereviews.com\/it\/software-creare-landing-page\/optiin-recensione\/\" \/>\n<meta property=\"og:site_name\" content=\"Accurate Reviews\" \/>\n<meta property=\"article:modified_time\" content=\"2024-05-09T10:11:46+00:00\" \/>\n<meta property=\"og:image\" content=\"https:\/\/www.accuratereviews.com\/wp-content\/uploads\/2024\/04\/Screenshot-2024-04-29-alle-12.41.47.png\" \/>\n\t<meta property=\"og:image:width\" content=\"534\" \/>\n\t<meta property=\"og:image:height\" content=\"200\" \/>\n\t<meta property=\"og:image:type\" content=\"image\/png\" \/>\n<meta name=\"twitter:card\" content=\"summary_large_image\" \/>\n<meta name=\"twitter:label1\" content=\"Tempo di lettura stimato\" \/>\n\t<meta name=\"twitter:data1\" content=\"3 minuti\" \/>\n<script type=\"application\/ld+json\" class=\"yoast-schema-graph\">{\"@context\":\"https:\\\/\\\/schema.org\",\"@graph\":[{\"@type\":\"WebPage\",\"@id\":\"https:\\\/\\\/www.accuratereviews.com\\\/it\\\/software-creare-landing-page\\\/optiin-recensione\\\/\",\"url\":\"https:\\\/\\\/www.accuratereviews.com\\\/it\\\/software-creare-landing-page\\\/optiin-recensione\\\/\",\"name\":\"Optiin: recensione software landing page - Accurate Reviews\",\"isPartOf\":{\"@id\":\"https:\\\/\\\/www.accuratereviews.com\\\/it\\\/#website\"},\"primaryImageOfPage\":{\"@id\":\"https:\\\/\\\/www.accuratereviews.com\\\/it\\\/software-creare-landing-page\\\/optiin-recensione\\\/#primaryimage\"},\"image\":{\"@id\":\"https:\\\/\\\/www.accuratereviews.com\\\/it\\\/software-creare-landing-page\\\/optiin-recensione\\\/#primaryimage\"},\"thumbnailUrl\":\"https:\\\/\\\/www.accuratereviews.com\\\/wp-content\\\/uploads\\\/2024\\\/04\\\/Screenshot-2024-04-29-alle-12.41.47.png\",\"datePublished\":\"2024-04-30T16:28:55+00:00\",\"dateModified\":\"2024-05-09T10:11:46+00:00\",\"description\":\"Optiin: recensione piattaforma di marketing che offre strumenti avanzati per acquisire contatti e coinvolgere i visitatori dei siti web.\",\"breadcrumb\":{\"@id\":\"https:\\\/\\\/www.accuratereviews.com\\\/it\\\/software-creare-landing-page\\\/optiin-recensione\\\/#breadcrumb\"},\"inLanguage\":\"it-IT\",\"potentialAction\":[{\"@type\":\"ReadAction\",\"target\":[\"https:\\\/\\\/www.accuratereviews.com\\\/it\\\/software-creare-landing-page\\\/optiin-recensione\\\/\"]}]},{\"@type\":\"ImageObject\",\"inLanguage\":\"it-IT\",\"@id\":\"https:\\\/\\\/www.accuratereviews.com\\\/it\\\/software-creare-landing-page\\\/optiin-recensione\\\/#primaryimage\",\"url\":\"https:\\\/\\\/www.accuratereviews.com\\\/wp-content\\\/uploads\\\/2024\\\/04\\\/Screenshot-2024-04-29-alle-12.41.47.png\",\"contentUrl\":\"https:\\\/\\\/www.accuratereviews.com\\\/wp-content\\\/uploads\\\/2024\\\/04\\\/Screenshot-2024-04-29-alle-12.41.47.png\",\"width\":534,\"height\":200},{\"@type\":\"BreadcrumbList\",\"@id\":\"https:\\\/\\\/www.accuratereviews.com\\\/it\\\/software-creare-landing-page\\\/optiin-recensione\\\/#breadcrumb\",\"itemListElement\":[{\"@type\":\"ListItem\",\"position\":1,\"name\":\"Home\",\"item\":\"https:\\\/\\\/www.accuratereviews.com\\\/it\\\/\"},{\"@type\":\"ListItem\",\"position\":2,\"name\":\"Software per creare landing page\",\"item\":\"https:\\\/\\\/www.accuratereviews.com\\\/it\\\/software-creare-landing-page\\\/\"},{\"@type\":\"ListItem\",\"position\":3,\"name\":\"Optiin\"}]},{\"@type\":\"WebSite\",\"@id\":\"https:\\\/\\\/www.accuratereviews.com\\\/it\\\/#website\",\"url\":\"https:\\\/\\\/www.accuratereviews.com\\\/it\\\/\",\"name\":\"Accurate Reviews\",\"description\":\"\",\"potentialAction\":[{\"@type\":\"SearchAction\",\"target\":{\"@type\":\"EntryPoint\",\"urlTemplate\":\"https:\\\/\\\/www.accuratereviews.com\\\/it\\\/?s={search_term_string}\"},\"query-input\":{\"@type\":\"PropertyValueSpecification\",\"valueRequired\":true,\"valueName\":\"search_term_string\"}}],\"inLanguage\":\"it-IT\"}]}<\/script>\n<!-- \/ Yoast SEO plugin. -->","yoast_head_json":{"title":"Optiin: recensione software landing page - Accurate Reviews","description":"Optiin: recensione piattaforma di marketing che offre strumenti avanzati per acquisire contatti e coinvolgere i visitatori dei siti web.","robots":{"index":"index","follow":"follow","max-snippet":"max-snippet:-1","max-image-preview":"max-image-preview:large","max-video-preview":"max-video-preview:-1"},"canonical":"https:\/\/www.accuratereviews.com\/it\/software-creare-landing-page\/optiin-recensione\/","og_locale":"it_IT","og_type":"article","og_title":"Optiin: recensione software landing page - Accurate Reviews","og_description":"Optiin: recensione piattaforma di marketing che offre strumenti avanzati per acquisire contatti e coinvolgere i visitatori dei siti web.","og_url":"https:\/\/www.accuratereviews.com\/it\/software-creare-landing-page\/optiin-recensione\/","og_site_name":"Accurate Reviews","article_modified_time":"2024-05-09T10:11:46+00:00","og_image":[{"width":534,"height":200,"url":"https:\/\/www.accuratereviews.com\/wp-content\/uploads\/2024\/04\/Screenshot-2024-04-29-alle-12.41.47.png","type":"image\/png"}],"twitter_card":"summary_large_image","twitter_misc":{"Tempo di lettura stimato":"3 minuti"},"schema":{"@context":"https:\/\/schema.org","@graph":[{"@type":"WebPage","@id":"https:\/\/www.accuratereviews.com\/it\/software-creare-landing-page\/optiin-recensione\/","url":"https:\/\/www.accuratereviews.com\/it\/software-creare-landing-page\/optiin-recensione\/","name":"Optiin: recensione software landing page - Accurate Reviews","isPartOf":{"@id":"https:\/\/www.accuratereviews.com\/it\/#website"},"primaryImageOfPage":{"@id":"https:\/\/www.accuratereviews.com\/it\/software-creare-landing-page\/optiin-recensione\/#primaryimage"},"image":{"@id":"https:\/\/www.accuratereviews.com\/it\/software-creare-landing-page\/optiin-recensione\/#primaryimage"},"thumbnailUrl":"https:\/\/www.accuratereviews.com\/wp-content\/uploads\/2024\/04\/Screenshot-2024-04-29-alle-12.41.47.png","datePublished":"2024-04-30T16:28:55+00:00","dateModified":"2024-05-09T10:11:46+00:00","description":"Optiin: recensione piattaforma di marketing che offre strumenti avanzati per acquisire contatti e coinvolgere i visitatori dei siti web.","breadcrumb":{"@id":"https:\/\/www.accuratereviews.com\/it\/software-creare-landing-page\/optiin-recensione\/#breadcrumb"},"inLanguage":"it-IT","potentialAction":[{"@type":"ReadAction","target":["https:\/\/www.accuratereviews.com\/it\/software-creare-landing-page\/optiin-recensione\/"]}]},{"@type":"ImageObject","inLanguage":"it-IT","@id":"https:\/\/www.accuratereviews.com\/it\/software-creare-landing-page\/optiin-recensione\/#primaryimage","url":"https:\/\/www.accuratereviews.com\/wp-content\/uploads\/2024\/04\/Screenshot-2024-04-29-alle-12.41.47.png","contentUrl":"https:\/\/www.accuratereviews.com\/wp-content\/uploads\/2024\/04\/Screenshot-2024-04-29-alle-12.41.47.png","width":534,"height":200},{"@type":"BreadcrumbList","@id":"https:\/\/www.accuratereviews.com\/it\/software-creare-landing-page\/optiin-recensione\/#breadcrumb","itemListElement":[{"@type":"ListItem","position":1,"name":"Home","item":"https:\/\/www.accuratereviews.com\/it\/"},{"@type":"ListItem","position":2,"name":"Software per creare landing page","item":"https:\/\/www.accuratereviews.com\/it\/software-creare-landing-page\/"},{"@type":"ListItem","position":3,"name":"Optiin"}]},{"@type":"WebSite","@id":"https:\/\/www.accuratereviews.com\/it\/#website","url":"https:\/\/www.accuratereviews.com\/it\/","name":"Accurate Reviews","description":"","potentialAction":[{"@type":"SearchAction","target":{"@type":"EntryPoint","urlTemplate":"https:\/\/www.accuratereviews.com\/it\/?s={search_term_string}"},"query-input":{"@type":"PropertyValueSpecification","valueRequired":true,"valueName":"search_term_string"}}],"inLanguage":"it-IT"}]}},"_links":{"self":[{"href":"https:\/\/www.accuratereviews.com\/it\/wp-json\/wp\/v2\/pages\/76275","targetHints":{"allow":["GET"]}}],"collection":[{"href":"https:\/\/www.accuratereviews.com\/it\/wp-json\/wp\/v2\/pages"}],"about":[{"href":"https:\/\/www.accuratereviews.com\/it\/wp-json\/wp\/v2\/types\/page"}],"author":[{"embeddable":true,"href":"https:\/\/www.accuratereviews.com\/it\/wp-json\/wp\/v2\/users\/17"}],"replies":[{"embeddable":true,"href":"https:\/\/www.accuratereviews.com\/it\/wp-json\/wp\/v2\/comments?post=76275"}],"version-history":[{"count":1,"href":"https:\/\/www.accuratereviews.com\/it\/wp-json\/wp\/v2\/pages\/76275\/revisions"}],"predecessor-version":[{"id":76286,"href":"https:\/\/www.accuratereviews.com\/it\/wp-json\/wp\/v2\/pages\/76275\/revisions\/76286"}],"up":[{"embeddable":true,"href":"https:\/\/www.accuratereviews.com\/it\/wp-json\/wp\/v2\/pages\/58467"}],"wp:featuredmedia":[{"embeddable":true,"href":"https:\/\/www.accuratereviews.com\/it\/wp-json\/wp\/v2\/media\/76281"}],"wp:attachment":[{"href":"https:\/\/www.accuratereviews.com\/it\/wp-json\/wp\/v2\/media?parent=76275"}],"wp:term":[{"taxonomy":"category","embeddable":true,"href":"https:\/\/www.accuratereviews.com\/it\/wp-json\/wp\/v2\/categories?post=76275"},{"taxonomy":"post_tag","embeddable":true,"href":"https:\/\/www.accuratereviews.com\/it\/wp-json\/wp\/v2\/tags?post=76275"},{"taxonomy":"features","embeddable":true,"href":"https:\/\/www.accuratereviews.com\/it\/wp-json\/wp\/v2\/features?post=76275"}],"curies":[{"name":"wp","href":"https:\/\/api.w.org\/{rel}","templated":true}]}}