{"id":76337,"date":"2024-05-02T15:26:02","date_gmt":"2024-05-02T15:26:02","guid":{"rendered":"https:\/\/www.accuratereviews.com\/?page_id=76337"},"modified":"2024-05-02T15:26:02","modified_gmt":"2024-05-02T15:26:02","slug":"dsers-recensione","status":"publish","type":"page","link":"https:\/\/www.accuratereviews.com\/it\/piattaforme-di-dropshipping\/dsers-recensione\/","title":{"rendered":"DSers"},"content":{"rendered":"<p><strong>DSers<\/strong> \u00e8 un&#8217;app ai primi posti nell&#8217;app store di Shopify. Aiuta i <strong>dropshipper<\/strong> a risparmiare tempo per altre attivit\u00e0 come il marketing, la personalizzazione dei negozi o semplicemente per trascorrere una vacanza con i propri amici o familiari. Lo <strong>strumento dropshipping per AliExpress<\/strong> offre funzionalit\u00e0 straordinarie per automatizzare l&#8217;intero processo aziendale di dropshipping, dalla ricezione degli ordini dai clienti alla condivisione dello stato della spedizione con gli acquirenti.<br \/>\n<strong>DSers<\/strong> \u00e8 il risultato <strong>dropshipping<\/strong> ufficiale di AliExpress che ti consentir\u00e0 di esplorare centinaia di merchandiser in un unico posto. Altre funzionalit\u00e0 includono la determinazione del prezzo automatica, l&#8217;operazione di scorte multiple, la divisione del prodotto e cos\u00ec via. \u00c8 un ottimo servizio per coloro che desiderano ordinare pi\u00f9 di un singolo articolo su AliExpress!<\/p>\n<h2>DSERS &#8211; TUTORIAL<\/h2>\n<div id=\"fluid-wrapper-counter-1\" class=\"g1-fluid-wrapper \" style=\"width:686px;\">\n<div style=\"padding-bottom:56.268221574344%;\"><iframe loading=\"lazy\" title=\"COME TRASFERIRE I PRODOTTI SUL PROPRIO STORE ONLINE: ALIEXPRESS-DSERS-SHOPIFY, TUTORIAL CON ESEMPIO\" width=\"686\" height=\"386\" src=\"https:\/\/www.youtube.com\/embed\/QZ_jyo2fYco?feature=oembed&amp;wmode=transparent&amp;autohide=1&amp;autoplay=0&amp;disablekb=0&amp;fs=1&amp;loop=0&amp;enablejsapi=1&amp;rel=0&amp;controls=2&amp;showinfo=0&amp;wmode=transparent&amp;autohide=2&amp;autoplay=0&amp;disablekb=0&amp;fs=1&amp;loop=0&amp;enablejsapi=1&amp;rel=0&amp;controls=2&amp;showinfo=1\" frameborder=\"0\" allow=\"accelerometer; autoplay; clipboard-write; encrypted-media; gyroscope; picture-in-picture; web-share\" referrerpolicy=\"strict-origin-when-cross-origin\" allowfullscreen><\/iframe><\/div>\n<\/div>\n<h3>DSERS &#8211; CARATTERISTICHE<\/h3>\n<ul class=\"tw-list-disc tw-pl-xl\">\n<li class=\"tw-text-body-md tw-text-fg-tertiary tw-mb-lg\"><strong>Ottimizza i rivenditori<\/strong>: trova rivenditori economici che vendono lo stesso<\/li>\n<li class=\"tw-text-body-md tw-text-fg-tertiary tw-mb-lg\"><strong>Gestione prodotti<\/strong>: cerca, importa e modifica. Update automatico scorte e prezzi<\/li>\n<li class=\"tw-text-body-md tw-text-fg-tertiary tw-mb-lg\"><strong>Ordini grossi<\/strong>: effettua centinaia di ordini con un clic in qualche secondo<\/li>\n<li class=\"tw-text-body-md tw-text-fg-tertiary tw-mb-lg\"><strong>Automatizzazion<\/strong>e: traccia automaticamente l&#8217;ordine e lo stato del pacco<\/li>\n<li class=\"tw-text-body-md tw-text-fg-tertiary tw-mb-lg\"><strong>Gestisci<\/strong> diversi negozi Shopify con un solo account<\/li>\n<li><strong>Personalizzazione<\/strong>: \u00e8 possibile generare costi aggiuntivi in base alla richiesta specifica o al volume di utilizzo<\/li>\n<li><strong>Mappatura delle varianti<\/strong>: mappa ciascuna variante in base alla regione di destinazione<\/li>\n<li><strong>Regola di prezzo automatizzata<\/strong>: regole basate su margini di profitto, costi di spedizione, ecc.<\/li>\n<\/ul>\n<h4>LE RECENSIONI DEGLI UTENTI<\/h4>\n<p><strong>Mathonan L\u00e9b\u00e9 &#8220;Recensione&#8221;<\/strong><br \/>\n<strong>Commenti<\/strong>: Permette di fare commercio online, soddisfare i miei clienti e portare un profitto sostanziale alla mia attivit\u00e0.<br \/>\n<strong>Pro<\/strong>: Quello che mi ha colpito di pi\u00f9 di questo software \u00e8 che mi ha permesso di creare un clima di fiducia tra me e i miei clienti per la spedizione dei loro prodotti.<br \/>\n<strong>Contro<\/strong>: Dai miei test su questo software ho scoperto che i tempi di spedizione sono lunghi.<\/p>\n<p><strong>Max &#8220;Recensione di Dser&#8221;<\/strong><br \/>\n<strong>Commenti<\/strong>: \u00c8 un&#8217;applicazione che devo consigliare a chi gestisce il proprio business online.<br \/>\n<strong>Pro<\/strong>: la centralizzazione dei controlli e la semplicit\u00e0 di gestione sono gli aspetti che mi piacciono di questa applicazione<br \/>\n<strong>Contro<\/strong>: Non vedo alcun svantaggio nell&#8217;utilizzo di questa app<\/p>\n<p><strong>Alexandra &#8220;Miglior strumento di dropshipping&#8221;<\/strong><br \/>\n<strong>Pro<\/strong>: DSers semplifica il processo di evasione degli ordini sincronizzando automaticamente gli ordini dal tuo negozio e consentendoti di effettuare facilmente ordini con i fornitori su AliExpress.<br \/>\n<strong>Contro<\/strong>: DSers ha una curva di apprendimento, soprattutto per gli utenti che non conoscono il dropshipping o utilizzano strumenti di automazione.<\/p>\n","protected":false},"excerpt":{"rendered":"<p>DSers \u00e8 un&#8217;app ai primi posti nell&#8217;app store di Shopify. Aiuta i dropshipper a risparmiare tempo per altre attivit\u00e0 come il marketing, la personalizzazione dei negozi o semplicemente per trascorrere una vacanza con i propri amici o familiari. Lo strumento dropshipping per AliExpress offre funzionalit\u00e0 straordinarie per automatizzare l&#8217;intero processo aziendale di dropshipping, dalla ricezione degli ordini dai clienti alla condivisione dello stato della spedizione con gli acquirenti.<\/p>\n","protected":false},"author":19,"featured_media":76340,"parent":36249,"menu_order":0,"comment_status":"open","ping_status":"closed","template":"g1_template_page_review_new.php","meta":{"_acf_changed":false,"cwp_meta_box_check":"Yes","cwp_rev_product_name":"","cwp_rev_product_image":"","wppr_links":[],"cwp_rev_price":"0.00","wppr_options":[{"name":"Usability","value":"0"},{"name":"Speed","value":"0"},{"name":"Features","value":"0"},{"name":"Support","value":"0"},{"name":"Pricing","value":"0"}],"wppr_pros":["","","","",""],"wppr_cons":["","","","",""],"_monsterinsights_skip_tracking":false,"_monsterinsights_sitenote_active":false,"_monsterinsights_sitenote_note":"","_monsterinsights_sitenote_category":0,"footnotes":""},"categories":[4285],"tags":[5037,15073,4292,4290,4287,4288,11801],"features":[],"class_list":{"0":"post-76337","1":"page","2":"type-page","3":"status-publish","4":"has-post-thumbnail","6":"category-piattaforme-di-dropshipping-categoria","7":"tag-dropshipping-it","8":"tag-dsers","9":"tag-piattaforma-di-dropshipping","10":"tag-programma-di-dropshipping","11":"tag-software-di-dropshipping","12":"tag-soluzione-di-dropshipping","13":"tag-u"},"wppr_data":{"cwp_meta_box_check":"Yes","_wppr_review_template":"default","cwp_rev_product_image":"","cwp_image_link":"image","wppr_links":[],"cwp_rev_price":"0.00","wppr_pros":["","","","",""],"wppr_cons":["","","","",""],"wppr_rating":"0.00","wppr_options":{"1":{"name":"Usability","value":"0"},"2":{"name":"Speed","value":"0"},"3":{"name":"Features","value":"0"},"4":{"name":"Support","value":"0"},"5":{"name":"Pricing","value":"0"}},"wppr_review_type":"Product","wppr_review_custom_fields":{"additionalProperty":"","additionalType":"","aggregateRating":"","alternateName":"","audience":"","award":"","awards":"","brand":"","color":"","depth":"","description":"","disambiguatingDescription":"","gtin12":"","gtin13":"","gtin14":"","gtin8":"","height":"","identifier":"","image":"","isAccessoryOrSparePartFor":"","isConsumableFor":"","isRelatedTo":"","isSimilarTo":"","itemCondition":"","logo":"","mainEntityOfPage":"","manufacturer":"","material":"","model":"","mpn":"","name":"","offers":"","potentialAction":"","productID":"","productionDate":"","purchaseDate":"","releaseDate":"","review":"","reviews":"","sameAs":"","sku":"","slogan":"","subjectOf":"","url":"","weight":"","width":""}},"acf":[],"yoast_head":"<!-- This site is optimized with the Yoast SEO plugin v27.4 - https:\/\/yoast.com\/product\/yoast-seo-wordpress\/ -->\n<title>DSers: recensione software di dropshipping - Accurate Reviews<\/title>\n<meta name=\"description\" content=\"DSers: recensione soluzione che aiuta i dropshipper a risparmiare tempo per attivit\u00e0 come il marketing e la personalizzazione dei negozi.\" \/>\n<meta name=\"robots\" content=\"index, follow, max-snippet:-1, max-image-preview:large, max-video-preview:-1\" \/>\n<link rel=\"canonical\" href=\"https:\/\/www.accuratereviews.com\/it\/piattaforme-di-dropshipping\/dsers-recensione\/\" \/>\n<meta property=\"og:locale\" content=\"it_IT\" \/>\n<meta property=\"og:type\" content=\"article\" \/>\n<meta property=\"og:title\" content=\"DSers: recensione software di dropshipping - Accurate Reviews\" \/>\n<meta property=\"og:description\" content=\"DSers: recensione soluzione che aiuta i dropshipper a risparmiare tempo per attivit\u00e0 come il marketing e la personalizzazione dei negozi.\" \/>\n<meta property=\"og:url\" content=\"https:\/\/www.accuratereviews.com\/it\/piattaforme-di-dropshipping\/dsers-recensione\/\" \/>\n<meta property=\"og:site_name\" content=\"Accurate Reviews\" \/>\n<meta property=\"og:image\" content=\"https:\/\/www.accuratereviews.com\/wp-content\/uploads\/2024\/05\/DSers.png\" \/>\n\t<meta property=\"og:image:width\" content=\"215\" \/>\n\t<meta property=\"og:image:height\" content=\"215\" \/>\n\t<meta property=\"og:image:type\" content=\"image\/png\" \/>\n<meta name=\"twitter:card\" content=\"summary_large_image\" \/>\n<meta name=\"twitter:label1\" content=\"Tempo di lettura stimato\" \/>\n\t<meta name=\"twitter:data1\" content=\"3 minuti\" \/>\n<script type=\"application\/ld+json\" class=\"yoast-schema-graph\">{\"@context\":\"https:\\\/\\\/schema.org\",\"@graph\":[{\"@type\":\"WebPage\",\"@id\":\"https:\\\/\\\/www.accuratereviews.com\\\/it\\\/piattaforme-di-dropshipping\\\/dsers-recensione\\\/\",\"url\":\"https:\\\/\\\/www.accuratereviews.com\\\/it\\\/piattaforme-di-dropshipping\\\/dsers-recensione\\\/\",\"name\":\"DSers: recensione software di dropshipping - Accurate Reviews\",\"isPartOf\":{\"@id\":\"https:\\\/\\\/www.accuratereviews.com\\\/it\\\/#website\"},\"primaryImageOfPage\":{\"@id\":\"https:\\\/\\\/www.accuratereviews.com\\\/it\\\/piattaforme-di-dropshipping\\\/dsers-recensione\\\/#primaryimage\"},\"image\":{\"@id\":\"https:\\\/\\\/www.accuratereviews.com\\\/it\\\/piattaforme-di-dropshipping\\\/dsers-recensione\\\/#primaryimage\"},\"thumbnailUrl\":\"https:\\\/\\\/www.accuratereviews.com\\\/wp-content\\\/uploads\\\/2024\\\/05\\\/DSers.png\",\"datePublished\":\"2024-05-02T15:26:02+00:00\",\"description\":\"DSers: recensione soluzione che aiuta i dropshipper a risparmiare tempo per attivit\u00e0 come il marketing e la personalizzazione dei negozi.\",\"breadcrumb\":{\"@id\":\"https:\\\/\\\/www.accuratereviews.com\\\/it\\\/piattaforme-di-dropshipping\\\/dsers-recensione\\\/#breadcrumb\"},\"inLanguage\":\"it-IT\",\"potentialAction\":[{\"@type\":\"ReadAction\",\"target\":[\"https:\\\/\\\/www.accuratereviews.com\\\/it\\\/piattaforme-di-dropshipping\\\/dsers-recensione\\\/\"]}]},{\"@type\":\"ImageObject\",\"inLanguage\":\"it-IT\",\"@id\":\"https:\\\/\\\/www.accuratereviews.com\\\/it\\\/piattaforme-di-dropshipping\\\/dsers-recensione\\\/#primaryimage\",\"url\":\"https:\\\/\\\/www.accuratereviews.com\\\/wp-content\\\/uploads\\\/2024\\\/05\\\/DSers.png\",\"contentUrl\":\"https:\\\/\\\/www.accuratereviews.com\\\/wp-content\\\/uploads\\\/2024\\\/05\\\/DSers.png\",\"width\":215,\"height\":215},{\"@type\":\"BreadcrumbList\",\"@id\":\"https:\\\/\\\/www.accuratereviews.com\\\/it\\\/piattaforme-di-dropshipping\\\/dsers-recensione\\\/#breadcrumb\",\"itemListElement\":[{\"@type\":\"ListItem\",\"position\":1,\"name\":\"Home\",\"item\":\"https:\\\/\\\/www.accuratereviews.com\\\/it\\\/\"},{\"@type\":\"ListItem\",\"position\":2,\"name\":\"Piattaforme di dropshipping\",\"item\":\"https:\\\/\\\/www.accuratereviews.com\\\/it\\\/piattaforme-di-dropshipping\\\/\"},{\"@type\":\"ListItem\",\"position\":3,\"name\":\"DSers\"}]},{\"@type\":\"WebSite\",\"@id\":\"https:\\\/\\\/www.accuratereviews.com\\\/it\\\/#website\",\"url\":\"https:\\\/\\\/www.accuratereviews.com\\\/it\\\/\",\"name\":\"Accurate Reviews\",\"description\":\"\",\"potentialAction\":[{\"@type\":\"SearchAction\",\"target\":{\"@type\":\"EntryPoint\",\"urlTemplate\":\"https:\\\/\\\/www.accuratereviews.com\\\/it\\\/?s={search_term_string}\"},\"query-input\":{\"@type\":\"PropertyValueSpecification\",\"valueRequired\":true,\"valueName\":\"search_term_string\"}}],\"inLanguage\":\"it-IT\"}]}<\/script>\n<!-- \/ Yoast SEO plugin. -->","yoast_head_json":{"title":"DSers: recensione software di dropshipping - Accurate Reviews","description":"DSers: recensione soluzione che aiuta i dropshipper a risparmiare tempo per attivit\u00e0 come il marketing e la personalizzazione dei negozi.","robots":{"index":"index","follow":"follow","max-snippet":"max-snippet:-1","max-image-preview":"max-image-preview:large","max-video-preview":"max-video-preview:-1"},"canonical":"https:\/\/www.accuratereviews.com\/it\/piattaforme-di-dropshipping\/dsers-recensione\/","og_locale":"it_IT","og_type":"article","og_title":"DSers: recensione software di dropshipping - Accurate Reviews","og_description":"DSers: recensione soluzione che aiuta i dropshipper a risparmiare tempo per attivit\u00e0 come il marketing e la personalizzazione dei negozi.","og_url":"https:\/\/www.accuratereviews.com\/it\/piattaforme-di-dropshipping\/dsers-recensione\/","og_site_name":"Accurate Reviews","og_image":[{"width":215,"height":215,"url":"https:\/\/www.accuratereviews.com\/wp-content\/uploads\/2024\/05\/DSers.png","type":"image\/png"}],"twitter_card":"summary_large_image","twitter_misc":{"Tempo di lettura stimato":"3 minuti"},"schema":{"@context":"https:\/\/schema.org","@graph":[{"@type":"WebPage","@id":"https:\/\/www.accuratereviews.com\/it\/piattaforme-di-dropshipping\/dsers-recensione\/","url":"https:\/\/www.accuratereviews.com\/it\/piattaforme-di-dropshipping\/dsers-recensione\/","name":"DSers: recensione software di dropshipping - Accurate Reviews","isPartOf":{"@id":"https:\/\/www.accuratereviews.com\/it\/#website"},"primaryImageOfPage":{"@id":"https:\/\/www.accuratereviews.com\/it\/piattaforme-di-dropshipping\/dsers-recensione\/#primaryimage"},"image":{"@id":"https:\/\/www.accuratereviews.com\/it\/piattaforme-di-dropshipping\/dsers-recensione\/#primaryimage"},"thumbnailUrl":"https:\/\/www.accuratereviews.com\/wp-content\/uploads\/2024\/05\/DSers.png","datePublished":"2024-05-02T15:26:02+00:00","description":"DSers: recensione soluzione che aiuta i dropshipper a risparmiare tempo per attivit\u00e0 come il marketing e la personalizzazione dei negozi.","breadcrumb":{"@id":"https:\/\/www.accuratereviews.com\/it\/piattaforme-di-dropshipping\/dsers-recensione\/#breadcrumb"},"inLanguage":"it-IT","potentialAction":[{"@type":"ReadAction","target":["https:\/\/www.accuratereviews.com\/it\/piattaforme-di-dropshipping\/dsers-recensione\/"]}]},{"@type":"ImageObject","inLanguage":"it-IT","@id":"https:\/\/www.accuratereviews.com\/it\/piattaforme-di-dropshipping\/dsers-recensione\/#primaryimage","url":"https:\/\/www.accuratereviews.com\/wp-content\/uploads\/2024\/05\/DSers.png","contentUrl":"https:\/\/www.accuratereviews.com\/wp-content\/uploads\/2024\/05\/DSers.png","width":215,"height":215},{"@type":"BreadcrumbList","@id":"https:\/\/www.accuratereviews.com\/it\/piattaforme-di-dropshipping\/dsers-recensione\/#breadcrumb","itemListElement":[{"@type":"ListItem","position":1,"name":"Home","item":"https:\/\/www.accuratereviews.com\/it\/"},{"@type":"ListItem","position":2,"name":"Piattaforme di dropshipping","item":"https:\/\/www.accuratereviews.com\/it\/piattaforme-di-dropshipping\/"},{"@type":"ListItem","position":3,"name":"DSers"}]},{"@type":"WebSite","@id":"https:\/\/www.accuratereviews.com\/it\/#website","url":"https:\/\/www.accuratereviews.com\/it\/","name":"Accurate Reviews","description":"","potentialAction":[{"@type":"SearchAction","target":{"@type":"EntryPoint","urlTemplate":"https:\/\/www.accuratereviews.com\/it\/?s={search_term_string}"},"query-input":{"@type":"PropertyValueSpecification","valueRequired":true,"valueName":"search_term_string"}}],"inLanguage":"it-IT"}]}},"_links":{"self":[{"href":"https:\/\/www.accuratereviews.com\/it\/wp-json\/wp\/v2\/pages\/76337","targetHints":{"allow":["GET"]}}],"collection":[{"href":"https:\/\/www.accuratereviews.com\/it\/wp-json\/wp\/v2\/pages"}],"about":[{"href":"https:\/\/www.accuratereviews.com\/it\/wp-json\/wp\/v2\/types\/page"}],"author":[{"embeddable":true,"href":"https:\/\/www.accuratereviews.com\/it\/wp-json\/wp\/v2\/users\/19"}],"replies":[{"embeddable":true,"href":"https:\/\/www.accuratereviews.com\/it\/wp-json\/wp\/v2\/comments?post=76337"}],"version-history":[{"count":10,"href":"https:\/\/www.accuratereviews.com\/it\/wp-json\/wp\/v2\/pages\/76337\/revisions"}],"predecessor-version":[{"id":76354,"href":"https:\/\/www.accuratereviews.com\/it\/wp-json\/wp\/v2\/pages\/76337\/revisions\/76354"}],"up":[{"embeddable":true,"href":"https:\/\/www.accuratereviews.com\/it\/wp-json\/wp\/v2\/pages\/36249"}],"wp:featuredmedia":[{"embeddable":true,"href":"https:\/\/www.accuratereviews.com\/it\/wp-json\/wp\/v2\/media\/76340"}],"wp:attachment":[{"href":"https:\/\/www.accuratereviews.com\/it\/wp-json\/wp\/v2\/media?parent=76337"}],"wp:term":[{"taxonomy":"category","embeddable":true,"href":"https:\/\/www.accuratereviews.com\/it\/wp-json\/wp\/v2\/categories?post=76337"},{"taxonomy":"post_tag","embeddable":true,"href":"https:\/\/www.accuratereviews.com\/it\/wp-json\/wp\/v2\/tags?post=76337"},{"taxonomy":"features","embeddable":true,"href":"https:\/\/www.accuratereviews.com\/it\/wp-json\/wp\/v2\/features?post=76337"}],"curies":[{"name":"wp","href":"https:\/\/api.w.org\/{rel}","templated":true}]}}