{"id":76361,"date":"2024-05-03T15:13:13","date_gmt":"2024-05-03T15:13:13","guid":{"rendered":"https:\/\/www.accuratereviews.com\/?page_id=76361"},"modified":"2024-05-06T10:35:16","modified_gmt":"2024-05-06T10:35:16","slug":"turis-recensione","status":"publish","type":"page","link":"https:\/\/www.accuratereviews.com\/it\/piattaforme-di-dropshipping\/turis-recensione\/","title":{"rendered":"Turis"},"content":{"rendered":"<p><strong>Turis<\/strong> \u00e8 una<strong> piattaforma eCommerce all&#8217;ingrosso<\/strong> B2B che ti aiuta a vendere di pi\u00f9. Con questo software, offri ai tuoi rivenditori un&#8217;esperienza di ordine fluida, con il risultato di clienti pi\u00f9 soddisfatti, una migliore fidelizzazione dei clienti e pi\u00f9 vendite. <strong>Turis<\/strong> fornisce una piattaforma per ricevere richieste da nuovi rivenditori e creare automaticamente utenti per loro (l&#8217;onboarding di un nuovo rivenditore ora \u00e8 semplice come accettare un amico su Facebook). Inoltre, le aziende possono accettare fatture e pagamenti immediati come la carta di credito in base alle impostazioni del singolo rivenditore.<br \/>\nIncentiva i tuoi clienti a ordinare online e a riscuotere immediatamente il pagamento non c&#8217;\u00e8 bisogno di passare ore a ricordare loro le fatture in scadenza.<\/p>\n<h2>TURIS &#8211; TUTORIAL<\/h2>\n<div id=\"fluid-wrapper-counter-1\" class=\"g1-fluid-wrapper \" style=\"width:686px;\">\n<div style=\"padding-bottom:56.268221574344%;\"><iframe loading=\"lazy\" title=\"Turis - The Digital Wholesale Platform\" width=\"686\" height=\"386\" src=\"https:\/\/www.youtube.com\/embed\/aTrFXsT9XkA?feature=oembed&amp;wmode=transparent&amp;autohide=1&amp;autoplay=0&amp;disablekb=0&amp;fs=1&amp;loop=0&amp;enablejsapi=1&amp;rel=0&amp;controls=2&amp;showinfo=0&amp;wmode=transparent&amp;autohide=2&amp;autoplay=0&amp;disablekb=0&amp;fs=1&amp;loop=0&amp;enablejsapi=1&amp;rel=0&amp;controls=2&amp;showinfo=1\" frameborder=\"0\" allow=\"accelerometer; autoplay; clipboard-write; encrypted-media; gyroscope; picture-in-picture; web-share\" referrerpolicy=\"strict-origin-when-cross-origin\" allowfullscreen><\/iframe><\/div>\n<\/div>\n<h3>TURIST &#8211; CARATTERISTICHE<\/h3>\n<ul>\n<li><strong>Importazione di prodotti in blocco:<\/strong> carica facilmente l&#8217;intero catalogo prodotti o connettiti direttamente a origini dati esterne per la sincronizzazione continua.<\/li>\n<li><strong>Banca di contenuti automatizzata<\/strong>: abilita i download automatici di immagini e informazioni sui prodotti, mantenendo i tuoi rivenditori sempre informati.<\/li>\n<li><strong>Gestione diversificata dei dati<\/strong>: gestisci facilmente impostazioni fiscali complesse e opzioni multilingue, soddisfacendo le esigenze aziendali globali.<\/li>\n<li><strong>Profili dei rivenditori<\/strong>: crea profili dettagliati per i tuoi rivenditori, offrendo loro un accesso personalizzato per fare acquisti e gestire i loro ordini.<\/li>\n<li><strong>Gestione dinamica degli ordini:<\/strong> automatizza le notifiche e mantieni i tuoi clienti aggiornati sullo stato degli ordini, sulle modifiche e sugli aggiornamenti senza intervento manuale.<\/li>\n<li><strong>Integrazione degli agenti di vendita<\/strong>: assegna agli agenti di vendita la gestione degli ordini, fornendo un servizio personalizzato ai tuoi rivenditori.<\/li>\n<li><strong>API flessibili<\/strong>: estendi le funzionalit\u00e0 con l&#8217;API aperta e integra perfettamente oltre 4.000 piattaforme.<\/li>\n<li><strong>Vetrina personalizzata<\/strong>: implementa l&#8217;identit\u00e0 visiva del tuo marchio e personalizza il tuo ambiente di ecommerce B2B per riflettere il tuo stile unico.<\/li>\n<li><strong>Ordini rapidi e URL personalizzati:<\/strong> velocizza il processo di ordinazione e offri un dominio di acquisto personalizzato per un&#8217;esperienza cliente migliorata.<\/li>\n<li><strong>Opzioni di accesso individuali:<\/strong> concedi accessi personali ai tuoi acquirenti per favorire l&#8217;indipendenza e la sicurezza.<\/li>\n<li><strong>Supporto multilingue<\/strong>: abbatti le barriere linguistiche impostando lingue specifiche per diversi rivenditori, migliorando la loro esperienza di navigazione.<\/li>\n<li><strong>Notifiche in tempo reale<\/strong>: mantieni i tuoi clienti ben informati con aggiornamenti automatici sullo stato dei loro ordini e su eventuali nuove modifiche.<\/li>\n<\/ul>\n<h4>LE RECENSIONI DEGLI UTENTI<\/h4>\n<p><strong>Alessandro &#8220;Molto soddisfatto&#8221;<\/strong><br \/>\n<strong>Commenti<\/strong>: Siamo molto felici e soddisfatti<br \/>\n<strong>Pro<\/strong>: Realizza quasi tutto ci\u00f2 che fanno le altre piattaforme B2B, a una frazione del costo e con lo stesso servizio<br \/>\n<strong>Contro<\/strong>: La personalizzazione dell&#8217;utente sarebbe un grande vantaggio.<\/p>\n<p><strong>Sjoerd &#8220;TURIS per Riffle\/Snoozebaby&#8221;<\/strong><br \/>\n<strong>Commenti<\/strong>: grazie all&#8217;eccezionale supporto di [sensitive content hidden], TURIS ci ha fornito la piattaforma che stavamo cercando. e con la loro mentalit\u00e0 di miglioramento continuo, TURIS sar\u00e0 sempre migliore.<br \/>\n<strong>Pro<\/strong>: il pensiero dietro \u00e8 geniale. \u00e8 esattamente ci\u00f2 di cui un marchio (di moda) avrebbe bisogno. ovviamente, essendo relativamente nuovo, ci sono parti che necessitano di ulteriore sviluppo ma questo \u00e8 il bello di TURIS. qualsiasi commento (non importa quanti) viene preso sul serio. se possono lavorarci, lo faranno. se si tratta di uno sviluppo pi\u00f9 grande, verr\u00e0 inserito in un elenco. prima o poi tutti i suggerimenti e le idee verranno incorporati rendendo TURIS migliore ogni giorno<br \/>\n<strong>Contro<\/strong>: pi\u00f9 lavori con TURIS, meglio lo capisci. e anche quali funzionalit\u00e0 sono necessarie. alcuni problemi sembrano non logici o alcune funzionalit\u00e0 a volte sembrano carenti. ma se condividi queste esigenze e idee, sicuramente verranno prese in considerazione. siamo rimasti delusi dalla velocit\u00e0 di TURIS ma se la sono cavata bene e velocemente!<\/p>\n<p><strong>Troels &#8220;Turis+MOEBE&#8221;<\/strong><br \/>\n<strong>Commenti<\/strong>: Abbiamo un flusso degli ordini molto migliore dopo aver utilizzato Turis, meno ordini errati<br \/>\ngrazie ad una migliore comunicazione, ed \u00e8 molto pi\u00f9 facile comunicare una situazione di esaurimento.<br \/>\n<strong>Pro<\/strong>: Il front-end \u00e8 facile da usare per i nostri clienti e il flusso di posta dopo aver effettuato un ordine \u00e8 un servizio eccellente molto gestibile. Il processo di onboarding \u00e8 stato semplice, con un servizio eccellente da parte del team Turis.<br \/>\n<strong>Contro<\/strong>: La piattaforma non \u00e8 affatto difficile da usare. Potrebbe essere fantastico con qualche dato\/KPI in pi\u00f9, vendita media pr. rivenditore, quanto spesso il rivenditore utilizza la piattaforma, ecc.<\/p>\n","protected":false},"excerpt":{"rendered":"<p>Turis \u00e8 una piattaforma eCommerce all&#8217;ingrosso B2B che ti aiuta a vendere di pi\u00f9. Con questo software, offri ai tuoi rivenditori un&#8217;esperienza di ordine fluida, con il risultato di clienti pi\u00f9 soddisfatti, una migliore fidelizzazione dei clienti e pi\u00f9 vendite.<\/p>\n","protected":false},"author":19,"featured_media":76372,"parent":36249,"menu_order":0,"comment_status":"open","ping_status":"closed","template":"g1_template_page_review_new.php","meta":{"_acf_changed":false,"cwp_meta_box_check":"Yes","cwp_rev_product_name":"","cwp_rev_product_image":"","wppr_links":[],"cwp_rev_price":"0.00","wppr_options":[{"name":"Usability","value":"0"},{"name":"Speed","value":"0"},{"name":"Features","value":"0"},{"name":"Support","value":"0"},{"name":"Pricing","value":"0"}],"wppr_pros":["","","","",""],"wppr_cons":["","","","",""],"_monsterinsights_skip_tracking":false,"_monsterinsights_sitenote_active":false,"_monsterinsights_sitenote_note":"","_monsterinsights_sitenote_category":0,"footnotes":""},"categories":[4285],"tags":[5037,4292,4290,4287,4288,15075],"features":[],"class_list":{"0":"post-76361","1":"page","2":"type-page","3":"status-publish","4":"has-post-thumbnail","6":"category-piattaforme-di-dropshipping-categoria","7":"tag-dropshipping-it","8":"tag-piattaforma-di-dropshipping","9":"tag-programma-di-dropshipping","10":"tag-software-di-dropshipping","11":"tag-soluzione-di-dropshipping","12":"tag-turis"},"wppr_data":{"cwp_meta_box_check":"Yes","_wppr_review_template":"default","cwp_rev_product_image":"","cwp_image_link":"image","wppr_links":[],"cwp_rev_price":"0.00","wppr_pros":["","","","",""],"wppr_cons":["","","","",""],"wppr_rating":"0.00","wppr_options":{"1":{"name":"Usability","value":"0"},"2":{"name":"Speed","value":"0"},"3":{"name":"Features","value":"0"},"4":{"name":"Support","value":"0"},"5":{"name":"Pricing","value":"0"}},"wppr_review_type":"Product","wppr_review_custom_fields":{"additionalProperty":"","additionalType":"","aggregateRating":"","alternateName":"","audience":"","award":"","awards":"","brand":"","color":"","depth":"","description":"","disambiguatingDescription":"","gtin12":"","gtin13":"","gtin14":"","gtin8":"","height":"","identifier":"","image":"","isAccessoryOrSparePartFor":"","isConsumableFor":"","isRelatedTo":"","isSimilarTo":"","itemCondition":"","logo":"","mainEntityOfPage":"","manufacturer":"","material":"","model":"","mpn":"","name":"","offers":"","potentialAction":"","productID":"","productionDate":"","purchaseDate":"","releaseDate":"","review":"","reviews":"","sameAs":"","sku":"","slogan":"","subjectOf":"","url":"","weight":"","width":""}},"acf":[],"yoast_head":"<!-- This site is optimized with the Yoast SEO plugin v27.4 - https:\/\/yoast.com\/product\/yoast-seo-wordpress\/ -->\n<title>Turis: recensione software di dropshipping - Accurate Reviews<\/title>\n<meta name=\"description\" content=\"Turis: recensione piattaforma eCommerce all&#039;ingrosso B2B che ti aiuta a soddisfare maggiormente i tuoi clienti.\" \/>\n<meta name=\"robots\" content=\"index, follow, max-snippet:-1, max-image-preview:large, max-video-preview:-1\" \/>\n<link rel=\"canonical\" href=\"https:\/\/www.accuratereviews.com\/it\/piattaforme-di-dropshipping\/turis-recensione\/\" \/>\n<meta property=\"og:locale\" content=\"it_IT\" \/>\n<meta property=\"og:type\" content=\"article\" \/>\n<meta property=\"og:title\" content=\"Turis: recensione software di dropshipping - Accurate Reviews\" \/>\n<meta property=\"og:description\" content=\"Turis: recensione piattaforma eCommerce all&#039;ingrosso B2B che ti aiuta a soddisfare maggiormente i tuoi clienti.\" \/>\n<meta property=\"og:url\" content=\"https:\/\/www.accuratereviews.com\/it\/piattaforme-di-dropshipping\/turis-recensione\/\" \/>\n<meta property=\"og:site_name\" content=\"Accurate Reviews\" \/>\n<meta property=\"article:modified_time\" content=\"2024-05-06T10:35:16+00:00\" \/>\n<meta property=\"og:image\" content=\"https:\/\/www.accuratereviews.com\/wp-content\/uploads\/2024\/05\/Turis.png\" \/>\n\t<meta property=\"og:image:width\" content=\"225\" \/>\n\t<meta property=\"og:image:height\" content=\"225\" \/>\n\t<meta property=\"og:image:type\" content=\"image\/png\" \/>\n<meta name=\"twitter:card\" content=\"summary_large_image\" \/>\n<meta name=\"twitter:label1\" content=\"Tempo di lettura stimato\" \/>\n\t<meta name=\"twitter:data1\" content=\"5 minuti\" \/>\n<script type=\"application\/ld+json\" class=\"yoast-schema-graph\">{\"@context\":\"https:\\\/\\\/schema.org\",\"@graph\":[{\"@type\":\"WebPage\",\"@id\":\"https:\\\/\\\/www.accuratereviews.com\\\/it\\\/piattaforme-di-dropshipping\\\/turis-recensione\\\/\",\"url\":\"https:\\\/\\\/www.accuratereviews.com\\\/it\\\/piattaforme-di-dropshipping\\\/turis-recensione\\\/\",\"name\":\"Turis: recensione software di dropshipping - Accurate Reviews\",\"isPartOf\":{\"@id\":\"https:\\\/\\\/www.accuratereviews.com\\\/it\\\/#website\"},\"primaryImageOfPage\":{\"@id\":\"https:\\\/\\\/www.accuratereviews.com\\\/it\\\/piattaforme-di-dropshipping\\\/turis-recensione\\\/#primaryimage\"},\"image\":{\"@id\":\"https:\\\/\\\/www.accuratereviews.com\\\/it\\\/piattaforme-di-dropshipping\\\/turis-recensione\\\/#primaryimage\"},\"thumbnailUrl\":\"https:\\\/\\\/www.accuratereviews.com\\\/wp-content\\\/uploads\\\/2024\\\/05\\\/Turis.png\",\"datePublished\":\"2024-05-03T15:13:13+00:00\",\"dateModified\":\"2024-05-06T10:35:16+00:00\",\"description\":\"Turis: recensione piattaforma eCommerce all'ingrosso B2B che ti aiuta a soddisfare maggiormente i tuoi clienti.\",\"breadcrumb\":{\"@id\":\"https:\\\/\\\/www.accuratereviews.com\\\/it\\\/piattaforme-di-dropshipping\\\/turis-recensione\\\/#breadcrumb\"},\"inLanguage\":\"it-IT\",\"potentialAction\":[{\"@type\":\"ReadAction\",\"target\":[\"https:\\\/\\\/www.accuratereviews.com\\\/it\\\/piattaforme-di-dropshipping\\\/turis-recensione\\\/\"]}]},{\"@type\":\"ImageObject\",\"inLanguage\":\"it-IT\",\"@id\":\"https:\\\/\\\/www.accuratereviews.com\\\/it\\\/piattaforme-di-dropshipping\\\/turis-recensione\\\/#primaryimage\",\"url\":\"https:\\\/\\\/www.accuratereviews.com\\\/wp-content\\\/uploads\\\/2024\\\/05\\\/Turis.png\",\"contentUrl\":\"https:\\\/\\\/www.accuratereviews.com\\\/wp-content\\\/uploads\\\/2024\\\/05\\\/Turis.png\",\"width\":225,\"height\":225},{\"@type\":\"BreadcrumbList\",\"@id\":\"https:\\\/\\\/www.accuratereviews.com\\\/it\\\/piattaforme-di-dropshipping\\\/turis-recensione\\\/#breadcrumb\",\"itemListElement\":[{\"@type\":\"ListItem\",\"position\":1,\"name\":\"Home\",\"item\":\"https:\\\/\\\/www.accuratereviews.com\\\/it\\\/\"},{\"@type\":\"ListItem\",\"position\":2,\"name\":\"Piattaforme di dropshipping\",\"item\":\"https:\\\/\\\/www.accuratereviews.com\\\/it\\\/piattaforme-di-dropshipping\\\/\"},{\"@type\":\"ListItem\",\"position\":3,\"name\":\"Turis\"}]},{\"@type\":\"WebSite\",\"@id\":\"https:\\\/\\\/www.accuratereviews.com\\\/it\\\/#website\",\"url\":\"https:\\\/\\\/www.accuratereviews.com\\\/it\\\/\",\"name\":\"Accurate Reviews\",\"description\":\"\",\"potentialAction\":[{\"@type\":\"SearchAction\",\"target\":{\"@type\":\"EntryPoint\",\"urlTemplate\":\"https:\\\/\\\/www.accuratereviews.com\\\/it\\\/?s={search_term_string}\"},\"query-input\":{\"@type\":\"PropertyValueSpecification\",\"valueRequired\":true,\"valueName\":\"search_term_string\"}}],\"inLanguage\":\"it-IT\"}]}<\/script>\n<!-- \/ Yoast SEO plugin. -->","yoast_head_json":{"title":"Turis: recensione software di dropshipping - Accurate Reviews","description":"Turis: recensione piattaforma eCommerce all'ingrosso B2B che ti aiuta a soddisfare maggiormente i tuoi clienti.","robots":{"index":"index","follow":"follow","max-snippet":"max-snippet:-1","max-image-preview":"max-image-preview:large","max-video-preview":"max-video-preview:-1"},"canonical":"https:\/\/www.accuratereviews.com\/it\/piattaforme-di-dropshipping\/turis-recensione\/","og_locale":"it_IT","og_type":"article","og_title":"Turis: recensione software di dropshipping - Accurate Reviews","og_description":"Turis: recensione piattaforma eCommerce all'ingrosso B2B che ti aiuta a soddisfare maggiormente i tuoi clienti.","og_url":"https:\/\/www.accuratereviews.com\/it\/piattaforme-di-dropshipping\/turis-recensione\/","og_site_name":"Accurate Reviews","article_modified_time":"2024-05-06T10:35:16+00:00","og_image":[{"width":225,"height":225,"url":"https:\/\/www.accuratereviews.com\/wp-content\/uploads\/2024\/05\/Turis.png","type":"image\/png"}],"twitter_card":"summary_large_image","twitter_misc":{"Tempo di lettura stimato":"5 minuti"},"schema":{"@context":"https:\/\/schema.org","@graph":[{"@type":"WebPage","@id":"https:\/\/www.accuratereviews.com\/it\/piattaforme-di-dropshipping\/turis-recensione\/","url":"https:\/\/www.accuratereviews.com\/it\/piattaforme-di-dropshipping\/turis-recensione\/","name":"Turis: recensione software di dropshipping - Accurate Reviews","isPartOf":{"@id":"https:\/\/www.accuratereviews.com\/it\/#website"},"primaryImageOfPage":{"@id":"https:\/\/www.accuratereviews.com\/it\/piattaforme-di-dropshipping\/turis-recensione\/#primaryimage"},"image":{"@id":"https:\/\/www.accuratereviews.com\/it\/piattaforme-di-dropshipping\/turis-recensione\/#primaryimage"},"thumbnailUrl":"https:\/\/www.accuratereviews.com\/wp-content\/uploads\/2024\/05\/Turis.png","datePublished":"2024-05-03T15:13:13+00:00","dateModified":"2024-05-06T10:35:16+00:00","description":"Turis: recensione piattaforma eCommerce all'ingrosso B2B che ti aiuta a soddisfare maggiormente i tuoi clienti.","breadcrumb":{"@id":"https:\/\/www.accuratereviews.com\/it\/piattaforme-di-dropshipping\/turis-recensione\/#breadcrumb"},"inLanguage":"it-IT","potentialAction":[{"@type":"ReadAction","target":["https:\/\/www.accuratereviews.com\/it\/piattaforme-di-dropshipping\/turis-recensione\/"]}]},{"@type":"ImageObject","inLanguage":"it-IT","@id":"https:\/\/www.accuratereviews.com\/it\/piattaforme-di-dropshipping\/turis-recensione\/#primaryimage","url":"https:\/\/www.accuratereviews.com\/wp-content\/uploads\/2024\/05\/Turis.png","contentUrl":"https:\/\/www.accuratereviews.com\/wp-content\/uploads\/2024\/05\/Turis.png","width":225,"height":225},{"@type":"BreadcrumbList","@id":"https:\/\/www.accuratereviews.com\/it\/piattaforme-di-dropshipping\/turis-recensione\/#breadcrumb","itemListElement":[{"@type":"ListItem","position":1,"name":"Home","item":"https:\/\/www.accuratereviews.com\/it\/"},{"@type":"ListItem","position":2,"name":"Piattaforme di dropshipping","item":"https:\/\/www.accuratereviews.com\/it\/piattaforme-di-dropshipping\/"},{"@type":"ListItem","position":3,"name":"Turis"}]},{"@type":"WebSite","@id":"https:\/\/www.accuratereviews.com\/it\/#website","url":"https:\/\/www.accuratereviews.com\/it\/","name":"Accurate Reviews","description":"","potentialAction":[{"@type":"SearchAction","target":{"@type":"EntryPoint","urlTemplate":"https:\/\/www.accuratereviews.com\/it\/?s={search_term_string}"},"query-input":{"@type":"PropertyValueSpecification","valueRequired":true,"valueName":"search_term_string"}}],"inLanguage":"it-IT"}]}},"_links":{"self":[{"href":"https:\/\/www.accuratereviews.com\/it\/wp-json\/wp\/v2\/pages\/76361","targetHints":{"allow":["GET"]}}],"collection":[{"href":"https:\/\/www.accuratereviews.com\/it\/wp-json\/wp\/v2\/pages"}],"about":[{"href":"https:\/\/www.accuratereviews.com\/it\/wp-json\/wp\/v2\/types\/page"}],"author":[{"embeddable":true,"href":"https:\/\/www.accuratereviews.com\/it\/wp-json\/wp\/v2\/users\/19"}],"replies":[{"embeddable":true,"href":"https:\/\/www.accuratereviews.com\/it\/wp-json\/wp\/v2\/comments?post=76361"}],"version-history":[{"count":12,"href":"https:\/\/www.accuratereviews.com\/it\/wp-json\/wp\/v2\/pages\/76361\/revisions"}],"predecessor-version":[{"id":76409,"href":"https:\/\/www.accuratereviews.com\/it\/wp-json\/wp\/v2\/pages\/76361\/revisions\/76409"}],"up":[{"embeddable":true,"href":"https:\/\/www.accuratereviews.com\/it\/wp-json\/wp\/v2\/pages\/36249"}],"wp:featuredmedia":[{"embeddable":true,"href":"https:\/\/www.accuratereviews.com\/it\/wp-json\/wp\/v2\/media\/76372"}],"wp:attachment":[{"href":"https:\/\/www.accuratereviews.com\/it\/wp-json\/wp\/v2\/media?parent=76361"}],"wp:term":[{"taxonomy":"category","embeddable":true,"href":"https:\/\/www.accuratereviews.com\/it\/wp-json\/wp\/v2\/categories?post=76361"},{"taxonomy":"post_tag","embeddable":true,"href":"https:\/\/www.accuratereviews.com\/it\/wp-json\/wp\/v2\/tags?post=76361"},{"taxonomy":"features","embeddable":true,"href":"https:\/\/www.accuratereviews.com\/it\/wp-json\/wp\/v2\/features?post=76361"}],"curies":[{"name":"wp","href":"https:\/\/api.w.org\/{rel}","templated":true}]}}