{"id":76363,"date":"2024-05-03T07:47:41","date_gmt":"2024-05-03T07:47:41","guid":{"rendered":"https:\/\/www.accuratereviews.com\/?page_id=76363"},"modified":"2024-05-06T15:39:09","modified_gmt":"2024-05-06T15:39:09","slug":"knak-recensione","status":"publish","type":"page","link":"https:\/\/www.accuratereviews.com\/it\/software-creare-landing-page\/knak-recensione\/","title":{"rendered":"Knak"},"content":{"rendered":"<p><strong>Knak<\/strong> \u00e8 una <strong>piattaforma di automazione del marketing<\/strong> progettata per aiutare i professionisti del marketing a creare e gestire campagne di comunicazione efficaci, sfruttando strumenti avanzati e un&#8217;interfaccia user-friendly. Il software \u00e8 orientato a migliorare le prestazioni delle campagne di marketing, permettendo una gestione pi\u00f9 snella ed efficiente di diversi aspetti, tra cui email, eventi e landing page.<br \/>\nCon un&#8217;enfasi sulla semplicit\u00e0 e l&#8217;efficacia, <strong>Knak<\/strong> offre ai marketer un set di strumenti che consentono di creare contenuti coinvolgenti e misurare i risultati delle campagne in tempo reale.<\/p>\n<h2>KNAK &#8211; TUTORIAL<\/h2>\n<div id=\"fluid-wrapper-counter-1\" class=\"g1-fluid-wrapper \" style=\"width:686px;\">\n<div style=\"padding-bottom:56.268221574344%;\"><iframe loading=\"lazy\" title=\"What is Knak?\" width=\"686\" height=\"386\" src=\"https:\/\/www.youtube.com\/embed\/oE0ZH5SJxpM?feature=oembed&amp;wmode=transparent&amp;autohide=1&amp;autoplay=0&amp;disablekb=0&amp;fs=1&amp;loop=0&amp;enablejsapi=1&amp;rel=0&amp;controls=2&amp;showinfo=0&amp;wmode=transparent&amp;autohide=2&amp;autoplay=0&amp;disablekb=0&amp;fs=1&amp;loop=0&amp;enablejsapi=1&amp;rel=0&amp;controls=2&amp;showinfo=1\" frameborder=\"0\" allow=\"accelerometer; autoplay; clipboard-write; encrypted-media; gyroscope; picture-in-picture; web-share\" referrerpolicy=\"strict-origin-when-cross-origin\" allowfullscreen><\/iframe><\/div>\n<\/div>\n<h3>KNAK &#8211; CARATTERISTICHE<\/h3>\n<ul>\n<li><strong>Editor visivo:<\/strong> permette di creare contenuti personalizzati con facilit\u00e0 grazie a un editor drag-and-drop.<\/li>\n<li><strong>Modelli predefiniti:<\/strong> offre una variet\u00e0 di modelli predefiniti per email e landing page, personalizzabili in base alle esigenze dell&#8217;utente.<\/li>\n<li><strong>Integrazione con CRM:<\/strong> consente l&#8217;integrazione con sistemi CRM, facilitando la gestione dei dati dei clienti e la segmentazione.<\/li>\n<li><strong>Analisi dettagliate:<\/strong> fornisce informazioni approfondite sulle prestazioni delle campagne, aiutando a ottimizzare le strategie di marketing.<\/li>\n<li><strong>Automazione del flusso di lavoro:<\/strong> permette di automatizzare diverse attivit\u00e0 di marketing per risparmiare tempo e risorse.<\/li>\n<li><strong>Creazione landing page<\/strong>: offre strumenti intuitivi per progettare, personalizzare e pubblicare landing page efficaci, utilizzando un editor drag-and-drop che facilita la creazione di pagine anche per utenti senza esperienza di codifica.<\/li>\n<\/ul>\n<h4>LE RECENSIONI DEGLI UTENTI<\/h4>\n<p><strong>Tom &#8220;Facile da utilizzare, ottima integrazione con Marketo&#8221;<\/strong><br \/>\nCommenti: Abbiamo avuto un&#8217;ottima esperienza con Knak, che ha aggiunto molto valore e flessibilit\u00e0 al nostro processo di creazione delle email.<br \/>\nPro: La facilit\u00e0 d&#8217;uso per creare le email significa che chiunque nel team pu\u00f2 creare le email se necessario e la sincronizzazione con Marketo \u00e8 molto efficace.<br \/>\nContro: C&#8217;\u00e8 ben poco che non mi piace di Knak, non ho nulla da aggiungere.<\/p>\n<p><strong>Robert &#8220;Recensione di Knak da Dice&#8221;<\/strong><br \/>\nPro: Penso che il prodotto sia molto facile da usare quando si tratta di costruire un&#8217;email vuota, o da un modello gi\u00e0 fatto, di solito non ho problemi.<br \/>\nContro: Penso che l&#8217;organizzazione dell&#8217;email center e soprattutto della libreria di immagini potrebbe essere un po&#8217; migliore.<\/p>\n<p><strong>Jenny. &#8220;Ottimo prodotto&#8221;<\/strong><br \/>\nCommenti: Ottima esperienza nel complesso, continuate cos\u00ec!<br \/>\nPro: Molto facile da usare e molte grandi funzionalit\u00e0 aggiunte regolarmente. Le nostre email e landing page sono molto pi\u00f9 belle delle email standard di Marketo che avevamo prima.<br \/>\nContro: Non si tratta di un prodotto, ma ci sono alcune difficolt\u00e0 sul lato Marketo quando si modificano le email Marketo create in Knak.<\/p>\n","protected":false},"excerpt":{"rendered":"<p>Knak \u00e8 una piattaforma di automazione del marketing progettata per aiutare i professionisti del marketing a creare e gestire campagne di comunicazione efficaci, sfruttando strumenti avanzati e un&#8217;interfaccia user-friendly. Il software \u00e8 orientato a migliorare le prestazioni delle campagne di marketing, permettendo una gestione pi\u00f9 snella ed efficiente di diversi aspetti, tra cui email, eventi e landing page.<\/p>\n","protected":false},"author":17,"featured_media":76365,"parent":58467,"menu_order":0,"comment_status":"open","ping_status":"closed","template":"g1_template_page_review_new.php","meta":{"_acf_changed":false,"cwp_meta_box_check":"No","cwp_rev_product_name":"","cwp_rev_product_image":"","wppr_links":[],"cwp_rev_price":"","wppr_options":[],"wppr_pros":[],"wppr_cons":[],"_monsterinsights_skip_tracking":false,"_monsterinsights_sitenote_active":false,"_monsterinsights_sitenote_note":"","_monsterinsights_sitenote_category":0,"footnotes":""},"categories":[12754],"tags":[12759,12813,12811,12758],"features":[],"class_list":{"0":"post-76363","1":"page","2":"type-page","3":"status-publish","4":"has-post-thumbnail","6":"category-software-per-creare-landing-page-cat","7":"tag-piattaforma-per-creare-landing-page","8":"tag-programma-creazione-landing-page","9":"tag-software-creazione-landing-page","10":"tag-soluzione-per-creare-landing-page"},"wppr_data":{"cwp_meta_box_check":"No"},"acf":[],"yoast_head":"<!-- This site is optimized with the Yoast SEO plugin v27.4 - https:\/\/yoast.com\/product\/yoast-seo-wordpress\/ -->\n<title>Knak: recensione software landing page - Accurate Reviews<\/title>\n<meta name=\"description\" content=\"Knak: recensione piattaforma di automazione del marketing progettata per aiutare i professionisti del marketing.\" \/>\n<meta name=\"robots\" content=\"index, follow, max-snippet:-1, max-image-preview:large, max-video-preview:-1\" \/>\n<link rel=\"canonical\" href=\"https:\/\/www.accuratereviews.com\/it\/software-creare-landing-page\/knak-recensione\/\" \/>\n<meta property=\"og:locale\" content=\"it_IT\" \/>\n<meta property=\"og:type\" content=\"article\" \/>\n<meta property=\"og:title\" content=\"Knak: recensione software landing page - Accurate Reviews\" \/>\n<meta property=\"og:description\" content=\"Knak: recensione piattaforma di automazione del marketing progettata per aiutare i professionisti del marketing.\" \/>\n<meta property=\"og:url\" content=\"https:\/\/www.accuratereviews.com\/it\/software-creare-landing-page\/knak-recensione\/\" \/>\n<meta property=\"og:site_name\" content=\"Accurate Reviews\" \/>\n<meta property=\"article:modified_time\" content=\"2024-05-06T15:39:09+00:00\" \/>\n<meta property=\"og:image\" content=\"https:\/\/www.accuratereviews.com\/wp-content\/uploads\/2024\/05\/KSB5VWBA6JXM.png\" \/>\n\t<meta property=\"og:image:width\" content=\"1246\" \/>\n\t<meta property=\"og:image:height\" content=\"1246\" \/>\n\t<meta property=\"og:image:type\" content=\"image\/png\" \/>\n<meta name=\"twitter:card\" content=\"summary_large_image\" \/>\n<meta name=\"twitter:label1\" content=\"Tempo di lettura stimato\" \/>\n\t<meta name=\"twitter:data1\" content=\"4 minuti\" \/>\n<script type=\"application\/ld+json\" class=\"yoast-schema-graph\">{\"@context\":\"https:\\\/\\\/schema.org\",\"@graph\":[{\"@type\":\"WebPage\",\"@id\":\"https:\\\/\\\/www.accuratereviews.com\\\/it\\\/software-creare-landing-page\\\/knak-recensione\\\/\",\"url\":\"https:\\\/\\\/www.accuratereviews.com\\\/it\\\/software-creare-landing-page\\\/knak-recensione\\\/\",\"name\":\"Knak: recensione software landing page - Accurate Reviews\",\"isPartOf\":{\"@id\":\"https:\\\/\\\/www.accuratereviews.com\\\/it\\\/#website\"},\"primaryImageOfPage\":{\"@id\":\"https:\\\/\\\/www.accuratereviews.com\\\/it\\\/software-creare-landing-page\\\/knak-recensione\\\/#primaryimage\"},\"image\":{\"@id\":\"https:\\\/\\\/www.accuratereviews.com\\\/it\\\/software-creare-landing-page\\\/knak-recensione\\\/#primaryimage\"},\"thumbnailUrl\":\"https:\\\/\\\/www.accuratereviews.com\\\/wp-content\\\/uploads\\\/2024\\\/05\\\/KSB5VWBA6JXM.png\",\"datePublished\":\"2024-05-03T07:47:41+00:00\",\"dateModified\":\"2024-05-06T15:39:09+00:00\",\"description\":\"Knak: recensione piattaforma di automazione del marketing progettata per aiutare i professionisti del marketing.\",\"breadcrumb\":{\"@id\":\"https:\\\/\\\/www.accuratereviews.com\\\/it\\\/software-creare-landing-page\\\/knak-recensione\\\/#breadcrumb\"},\"inLanguage\":\"it-IT\",\"potentialAction\":[{\"@type\":\"ReadAction\",\"target\":[\"https:\\\/\\\/www.accuratereviews.com\\\/it\\\/software-creare-landing-page\\\/knak-recensione\\\/\"]}]},{\"@type\":\"ImageObject\",\"inLanguage\":\"it-IT\",\"@id\":\"https:\\\/\\\/www.accuratereviews.com\\\/it\\\/software-creare-landing-page\\\/knak-recensione\\\/#primaryimage\",\"url\":\"https:\\\/\\\/www.accuratereviews.com\\\/wp-content\\\/uploads\\\/2024\\\/05\\\/KSB5VWBA6JXM.png\",\"contentUrl\":\"https:\\\/\\\/www.accuratereviews.com\\\/wp-content\\\/uploads\\\/2024\\\/05\\\/KSB5VWBA6JXM.png\",\"width\":1246,\"height\":1246},{\"@type\":\"BreadcrumbList\",\"@id\":\"https:\\\/\\\/www.accuratereviews.com\\\/it\\\/software-creare-landing-page\\\/knak-recensione\\\/#breadcrumb\",\"itemListElement\":[{\"@type\":\"ListItem\",\"position\":1,\"name\":\"Home\",\"item\":\"https:\\\/\\\/www.accuratereviews.com\\\/it\\\/\"},{\"@type\":\"ListItem\",\"position\":2,\"name\":\"Software per creare landing page\",\"item\":\"https:\\\/\\\/www.accuratereviews.com\\\/it\\\/software-creare-landing-page\\\/\"},{\"@type\":\"ListItem\",\"position\":3,\"name\":\"Knak\"}]},{\"@type\":\"WebSite\",\"@id\":\"https:\\\/\\\/www.accuratereviews.com\\\/it\\\/#website\",\"url\":\"https:\\\/\\\/www.accuratereviews.com\\\/it\\\/\",\"name\":\"Accurate Reviews\",\"description\":\"\",\"potentialAction\":[{\"@type\":\"SearchAction\",\"target\":{\"@type\":\"EntryPoint\",\"urlTemplate\":\"https:\\\/\\\/www.accuratereviews.com\\\/it\\\/?s={search_term_string}\"},\"query-input\":{\"@type\":\"PropertyValueSpecification\",\"valueRequired\":true,\"valueName\":\"search_term_string\"}}],\"inLanguage\":\"it-IT\"}]}<\/script>\n<!-- \/ Yoast SEO plugin. -->","yoast_head_json":{"title":"Knak: recensione software landing page - Accurate Reviews","description":"Knak: recensione piattaforma di automazione del marketing progettata per aiutare i professionisti del marketing.","robots":{"index":"index","follow":"follow","max-snippet":"max-snippet:-1","max-image-preview":"max-image-preview:large","max-video-preview":"max-video-preview:-1"},"canonical":"https:\/\/www.accuratereviews.com\/it\/software-creare-landing-page\/knak-recensione\/","og_locale":"it_IT","og_type":"article","og_title":"Knak: recensione software landing page - Accurate Reviews","og_description":"Knak: recensione piattaforma di automazione del marketing progettata per aiutare i professionisti del marketing.","og_url":"https:\/\/www.accuratereviews.com\/it\/software-creare-landing-page\/knak-recensione\/","og_site_name":"Accurate Reviews","article_modified_time":"2024-05-06T15:39:09+00:00","og_image":[{"width":1246,"height":1246,"url":"https:\/\/www.accuratereviews.com\/wp-content\/uploads\/2024\/05\/KSB5VWBA6JXM.png","type":"image\/png"}],"twitter_card":"summary_large_image","twitter_misc":{"Tempo di lettura stimato":"4 minuti"},"schema":{"@context":"https:\/\/schema.org","@graph":[{"@type":"WebPage","@id":"https:\/\/www.accuratereviews.com\/it\/software-creare-landing-page\/knak-recensione\/","url":"https:\/\/www.accuratereviews.com\/it\/software-creare-landing-page\/knak-recensione\/","name":"Knak: recensione software landing page - Accurate Reviews","isPartOf":{"@id":"https:\/\/www.accuratereviews.com\/it\/#website"},"primaryImageOfPage":{"@id":"https:\/\/www.accuratereviews.com\/it\/software-creare-landing-page\/knak-recensione\/#primaryimage"},"image":{"@id":"https:\/\/www.accuratereviews.com\/it\/software-creare-landing-page\/knak-recensione\/#primaryimage"},"thumbnailUrl":"https:\/\/www.accuratereviews.com\/wp-content\/uploads\/2024\/05\/KSB5VWBA6JXM.png","datePublished":"2024-05-03T07:47:41+00:00","dateModified":"2024-05-06T15:39:09+00:00","description":"Knak: recensione piattaforma di automazione del marketing progettata per aiutare i professionisti del marketing.","breadcrumb":{"@id":"https:\/\/www.accuratereviews.com\/it\/software-creare-landing-page\/knak-recensione\/#breadcrumb"},"inLanguage":"it-IT","potentialAction":[{"@type":"ReadAction","target":["https:\/\/www.accuratereviews.com\/it\/software-creare-landing-page\/knak-recensione\/"]}]},{"@type":"ImageObject","inLanguage":"it-IT","@id":"https:\/\/www.accuratereviews.com\/it\/software-creare-landing-page\/knak-recensione\/#primaryimage","url":"https:\/\/www.accuratereviews.com\/wp-content\/uploads\/2024\/05\/KSB5VWBA6JXM.png","contentUrl":"https:\/\/www.accuratereviews.com\/wp-content\/uploads\/2024\/05\/KSB5VWBA6JXM.png","width":1246,"height":1246},{"@type":"BreadcrumbList","@id":"https:\/\/www.accuratereviews.com\/it\/software-creare-landing-page\/knak-recensione\/#breadcrumb","itemListElement":[{"@type":"ListItem","position":1,"name":"Home","item":"https:\/\/www.accuratereviews.com\/it\/"},{"@type":"ListItem","position":2,"name":"Software per creare landing page","item":"https:\/\/www.accuratereviews.com\/it\/software-creare-landing-page\/"},{"@type":"ListItem","position":3,"name":"Knak"}]},{"@type":"WebSite","@id":"https:\/\/www.accuratereviews.com\/it\/#website","url":"https:\/\/www.accuratereviews.com\/it\/","name":"Accurate Reviews","description":"","potentialAction":[{"@type":"SearchAction","target":{"@type":"EntryPoint","urlTemplate":"https:\/\/www.accuratereviews.com\/it\/?s={search_term_string}"},"query-input":{"@type":"PropertyValueSpecification","valueRequired":true,"valueName":"search_term_string"}}],"inLanguage":"it-IT"}]}},"_links":{"self":[{"href":"https:\/\/www.accuratereviews.com\/it\/wp-json\/wp\/v2\/pages\/76363","targetHints":{"allow":["GET"]}}],"collection":[{"href":"https:\/\/www.accuratereviews.com\/it\/wp-json\/wp\/v2\/pages"}],"about":[{"href":"https:\/\/www.accuratereviews.com\/it\/wp-json\/wp\/v2\/types\/page"}],"author":[{"embeddable":true,"href":"https:\/\/www.accuratereviews.com\/it\/wp-json\/wp\/v2\/users\/17"}],"replies":[{"embeddable":true,"href":"https:\/\/www.accuratereviews.com\/it\/wp-json\/wp\/v2\/comments?post=76363"}],"version-history":[{"count":2,"href":"https:\/\/www.accuratereviews.com\/it\/wp-json\/wp\/v2\/pages\/76363\/revisions"}],"predecessor-version":[{"id":76421,"href":"https:\/\/www.accuratereviews.com\/it\/wp-json\/wp\/v2\/pages\/76363\/revisions\/76421"}],"up":[{"embeddable":true,"href":"https:\/\/www.accuratereviews.com\/it\/wp-json\/wp\/v2\/pages\/58467"}],"wp:featuredmedia":[{"embeddable":true,"href":"https:\/\/www.accuratereviews.com\/it\/wp-json\/wp\/v2\/media\/76365"}],"wp:attachment":[{"href":"https:\/\/www.accuratereviews.com\/it\/wp-json\/wp\/v2\/media?parent=76363"}],"wp:term":[{"taxonomy":"category","embeddable":true,"href":"https:\/\/www.accuratereviews.com\/it\/wp-json\/wp\/v2\/categories?post=76363"},{"taxonomy":"post_tag","embeddable":true,"href":"https:\/\/www.accuratereviews.com\/it\/wp-json\/wp\/v2\/tags?post=76363"},{"taxonomy":"features","embeddable":true,"href":"https:\/\/www.accuratereviews.com\/it\/wp-json\/wp\/v2\/features?post=76363"}],"curies":[{"name":"wp","href":"https:\/\/api.w.org\/{rel}","templated":true}]}}