{"id":76389,"date":"2024-05-06T18:50:48","date_gmt":"2024-05-06T18:50:48","guid":{"rendered":"https:\/\/www.accuratereviews.com\/?page_id=76389"},"modified":"2024-05-06T18:50:48","modified_gmt":"2024-05-06T18:50:48","slug":"jazva-recensione","status":"publish","type":"page","link":"https:\/\/www.accuratereviews.com\/it\/piattaforme-di-dropshipping\/jazva-recensione\/","title":{"rendered":"Jazva"},"content":{"rendered":"<p><strong>Jazva<\/strong> \u00e8 un <strong>software di gestione dell&#8217;ecommerce<\/strong> all-in-one creato per rivenditori e grossisti che desiderano ampliare la propria attivit\u00e0. Il software personalizzabile offre elenchi multicanale, gestione dell&#8217;inventario, evasione degli ordini e spedizione, il tutto gestito tramite un&#8217;unica piattaforma, mantenendo tutti i dati centralizzati.<br \/>\n<strong>Jazva<\/strong> si connette con i pi\u00f9 grandi marketplace e canali di vendita del mondo, tra cui Amazon, eBay, Walmart, Shopify e Magento. \u00a0Gli utenti possono personalizzare tutti i livelli necessari per le informazioni sulle imposte sui prezzi e sulla spedizione specifiche del cliente. Possono acquistare inoltre una licenza in base al volume degli ordini, ai canali di vendita e alle funzionalit\u00e0 desiderate. Jazva \u00e8 attualmente disponibile solo negli Stati Uniti.<\/p>\n<h2>JAZVA &#8211; TUTORIAL<\/h2>\n<div id=\"fluid-wrapper-counter-1\" class=\"g1-fluid-wrapper \" style=\"width:686px;\">\n<div style=\"padding-bottom:56.268221574344%;\"><iframe loading=\"lazy\" title=\"Adding Shipping Carriers (Endicia Tutorial)\" width=\"686\" height=\"386\" src=\"https:\/\/www.youtube.com\/embed\/Xqye9OWAicQ?feature=oembed&amp;wmode=transparent&amp;autohide=1&amp;autoplay=0&amp;disablekb=0&amp;fs=1&amp;loop=0&amp;enablejsapi=1&amp;rel=0&amp;controls=2&amp;showinfo=0&amp;wmode=transparent&amp;autohide=2&amp;autoplay=0&amp;disablekb=0&amp;fs=1&amp;loop=0&amp;enablejsapi=1&amp;rel=0&amp;controls=2&amp;showinfo=1\" frameborder=\"0\" allow=\"accelerometer; autoplay; clipboard-write; encrypted-media; gyroscope; picture-in-picture; web-share\" referrerpolicy=\"strict-origin-when-cross-origin\" allowfullscreen><\/iframe><\/div>\n<\/div>\n<h3>JAZVA &#8211; CARATTERISTICHE<\/h3>\n<ul>\n<li><strong>Strumento di elenco multicanale<\/strong>: la soluzione vanta un lungo e crescente elenco di integrazioni con i principali marketplace, carrelli e soluzioni per punti vendita.<\/li>\n<li><strong>Elenchi prodotti<\/strong>: modifica, elenca o elimina migliaia di prodotti con pochi clic.<\/li>\n<li><strong>Kit, pacchetti ed elenchi ombra<\/strong>: espandi la tua offerta di prodotti senza aggiungere altro inventario.<\/li>\n<li><strong>Amazon Repricer:<\/strong> mantieni un vantaggio con lo strumento di repricing Amazon integrato.<\/li>\n<li><strong>Repricer eBay<\/strong>: regola automaticamente i prezzi dei prodotti in base alla concorrenza di eBay.<\/li>\n<li><strong>Prezzi multilivello per clienti B2B<\/strong>: applica coupon e sconti per i clienti all&#8217;ingrosso.<\/li>\n<li><strong>Funzionalit\u00e0 di elenco flessibili<\/strong>: ottimizza le tue inserzioni creando pi\u00f9 profili di inserzioni, immagini specifiche per canale e modelli personalizzati.<\/li>\n<li><strong>Conti multi-negozio<\/strong>: connetti e gestisci pi\u00f9 negozi web da un&#8217;unica piattaforma.<\/li>\n<li><strong>Aumento della velocit\u00e0:<\/strong> ti consente di semplificare i processi aziendali nell&#8217;intera organizzazione, consentendo una crescita semplice e accelerata.<\/li>\n<li><strong>Interfaccia utente semplificata<\/strong>: tra tutte le soluzioni software multicanale disponibili, nessun&#8217;altra piattaforma consente un controllo cos\u00ec semplice sui processi di vendita. L&#8217;interfaccia intuitiva ti consente di entrare subito in azione senza molta formazione o una lunga curva di apprendimento.<\/li>\n<li><strong>App mobile per la gestione dell&#8217;inventario<\/strong>: l&#8217;app iOS semplifica il conteggio, la ricezione e la spedizione dell&#8217;inventario da qualsiasi magazzino.<\/li>\n<li><strong>Previsione dell&#8217;inventario<\/strong>: il motore di analisi predittiva di Jazva calcola quotidianamente le proiezioni di ciascun articolo e pu\u00f2 pianificare automaticamente gli ordini di acquisto.<\/li>\n<\/ul>\n<h4>LE RECENSIONE DEGLI UTENTI<\/h4>\n<p><strong>Areane &#8220;Buon prodotto&#8221;<\/strong><br \/>\n<strong>Pro<\/strong>: Un software consigliato per un&#8217;azienda di logistica che ha realmente bisogno della gestione delle scorte. \u00c8 molto facile da usare e conveniente.<br \/>\n<strong>Contro<\/strong>: Continua semplicemente a offrire un buon servizio clienti.<\/p>\n<p><strong>Peter &#8220;Funzioni caricate!&#8221;<\/strong><br \/>\n<strong>Pro<\/strong>: Tante funzioni e dati chiari. Rende molto semplice l&#8217;invio di articoli a pi\u00f9 mercati.<br \/>\n<strong>Contro<\/strong>: A volte \u00e8 necessario correggere le inserzioni ebay poich\u00e9 i campi per Amazon ed ebay sono diversi.<\/p>\n<p><strong>Herman &#8220;Ottimo software facile da usare&#8221;<\/strong><br \/>\n<strong>Commenti<\/strong>: Nel complesso ottimo e facile da usare<br \/>\n<strong>Pro<\/strong>: Facile ricerca degli ordini e dei clienti esistenti<br \/>\n<strong>Contro<\/strong>: Se un cliente ordina pi\u00f9 di 50 volte durante la ricerca di quel cliente, il motore di ricerca non verr\u00e0 visualizzato. Dichiarer\u00e0 troppi ordini e ci costringer\u00e0 a cercare in modo pi\u00f9 definito e specifico<\/p>\n","protected":false},"excerpt":{"rendered":"<p>Jazva \u00e8 un software di gestione dell&#8217;ecommerce all-in-one creato per rivenditori e grossisti che desiderano ampliare la propria attivit\u00e0. Il software personalizzabile offre elenchi multicanale, gestione dell&#8217;inventario, evasione degli ordini e spedizione, il tutto gestito tramite un&#8217;unica piattaforma, mantenendo tutti i dati centralizzati.<\/p>\n","protected":false},"author":19,"featured_media":76400,"parent":36249,"menu_order":0,"comment_status":"open","ping_status":"closed","template":"g1_template_page_review_new.php","meta":{"_acf_changed":false,"cwp_meta_box_check":"No","cwp_rev_product_name":"","cwp_rev_product_image":"","wppr_links":[],"cwp_rev_price":"","wppr_options":[],"wppr_pros":[],"wppr_cons":[],"_monsterinsights_skip_tracking":false,"_monsterinsights_sitenote_active":false,"_monsterinsights_sitenote_note":"","_monsterinsights_sitenote_category":0,"footnotes":""},"categories":[4285],"tags":[5037,15076,4292,4290,4287,4288],"features":[],"class_list":{"0":"post-76389","1":"page","2":"type-page","3":"status-publish","4":"has-post-thumbnail","6":"category-piattaforme-di-dropshipping-categoria","7":"tag-dropshipping-it","8":"tag-jazva","9":"tag-piattaforma-di-dropshipping","10":"tag-programma-di-dropshipping","11":"tag-software-di-dropshipping","12":"tag-soluzione-di-dropshipping"},"wppr_data":{"cwp_meta_box_check":"No"},"acf":[],"yoast_head":"<!-- This site is optimized with the Yoast SEO plugin v27.4 - https:\/\/yoast.com\/product\/yoast-seo-wordpress\/ -->\n<title>Jazva: recensione software di dropshipping - Accurate Reviews<\/title>\n<meta name=\"description\" content=\"Jazva: recensione software di dropshipping all-in-one creato per rivenditori e grossisti che desiderano ampliare la propria attivit\u00e0\" \/>\n<meta name=\"robots\" content=\"index, follow, max-snippet:-1, max-image-preview:large, max-video-preview:-1\" \/>\n<link rel=\"canonical\" href=\"https:\/\/www.accuratereviews.com\/it\/piattaforme-di-dropshipping\/jazva-recensione\/\" \/>\n<meta property=\"og:locale\" content=\"it_IT\" \/>\n<meta property=\"og:type\" content=\"article\" \/>\n<meta property=\"og:title\" content=\"Jazva: recensione software di dropshipping - Accurate Reviews\" \/>\n<meta property=\"og:description\" content=\"Jazva: recensione software di dropshipping all-in-one creato per rivenditori e grossisti che desiderano ampliare la propria attivit\u00e0\" \/>\n<meta property=\"og:url\" content=\"https:\/\/www.accuratereviews.com\/it\/piattaforme-di-dropshipping\/jazva-recensione\/\" \/>\n<meta property=\"og:site_name\" content=\"Accurate Reviews\" \/>\n<meta property=\"og:image\" content=\"https:\/\/www.accuratereviews.com\/wp-content\/uploads\/2024\/05\/jazva2.png\" \/>\n\t<meta property=\"og:image:width\" content=\"225\" \/>\n\t<meta property=\"og:image:height\" content=\"225\" \/>\n\t<meta property=\"og:image:type\" content=\"image\/png\" \/>\n<meta name=\"twitter:card\" content=\"summary_large_image\" \/>\n<meta name=\"twitter:label1\" content=\"Tempo di lettura stimato\" \/>\n\t<meta name=\"twitter:data1\" content=\"4 minuti\" \/>\n<script type=\"application\/ld+json\" class=\"yoast-schema-graph\">{\"@context\":\"https:\\\/\\\/schema.org\",\"@graph\":[{\"@type\":\"WebPage\",\"@id\":\"https:\\\/\\\/www.accuratereviews.com\\\/it\\\/piattaforme-di-dropshipping\\\/jazva-recensione\\\/\",\"url\":\"https:\\\/\\\/www.accuratereviews.com\\\/it\\\/piattaforme-di-dropshipping\\\/jazva-recensione\\\/\",\"name\":\"Jazva: recensione software di dropshipping - Accurate Reviews\",\"isPartOf\":{\"@id\":\"https:\\\/\\\/www.accuratereviews.com\\\/it\\\/#website\"},\"primaryImageOfPage\":{\"@id\":\"https:\\\/\\\/www.accuratereviews.com\\\/it\\\/piattaforme-di-dropshipping\\\/jazva-recensione\\\/#primaryimage\"},\"image\":{\"@id\":\"https:\\\/\\\/www.accuratereviews.com\\\/it\\\/piattaforme-di-dropshipping\\\/jazva-recensione\\\/#primaryimage\"},\"thumbnailUrl\":\"https:\\\/\\\/www.accuratereviews.com\\\/wp-content\\\/uploads\\\/2024\\\/05\\\/jazva2.png\",\"datePublished\":\"2024-05-06T18:50:48+00:00\",\"description\":\"Jazva: recensione software di dropshipping all-in-one creato per rivenditori e grossisti che desiderano ampliare la propria attivit\u00e0\",\"breadcrumb\":{\"@id\":\"https:\\\/\\\/www.accuratereviews.com\\\/it\\\/piattaforme-di-dropshipping\\\/jazva-recensione\\\/#breadcrumb\"},\"inLanguage\":\"it-IT\",\"potentialAction\":[{\"@type\":\"ReadAction\",\"target\":[\"https:\\\/\\\/www.accuratereviews.com\\\/it\\\/piattaforme-di-dropshipping\\\/jazva-recensione\\\/\"]}]},{\"@type\":\"ImageObject\",\"inLanguage\":\"it-IT\",\"@id\":\"https:\\\/\\\/www.accuratereviews.com\\\/it\\\/piattaforme-di-dropshipping\\\/jazva-recensione\\\/#primaryimage\",\"url\":\"https:\\\/\\\/www.accuratereviews.com\\\/wp-content\\\/uploads\\\/2024\\\/05\\\/jazva2.png\",\"contentUrl\":\"https:\\\/\\\/www.accuratereviews.com\\\/wp-content\\\/uploads\\\/2024\\\/05\\\/jazva2.png\",\"width\":225,\"height\":225},{\"@type\":\"BreadcrumbList\",\"@id\":\"https:\\\/\\\/www.accuratereviews.com\\\/it\\\/piattaforme-di-dropshipping\\\/jazva-recensione\\\/#breadcrumb\",\"itemListElement\":[{\"@type\":\"ListItem\",\"position\":1,\"name\":\"Home\",\"item\":\"https:\\\/\\\/www.accuratereviews.com\\\/it\\\/\"},{\"@type\":\"ListItem\",\"position\":2,\"name\":\"Piattaforme di dropshipping\",\"item\":\"https:\\\/\\\/www.accuratereviews.com\\\/it\\\/piattaforme-di-dropshipping\\\/\"},{\"@type\":\"ListItem\",\"position\":3,\"name\":\"Jazva\"}]},{\"@type\":\"WebSite\",\"@id\":\"https:\\\/\\\/www.accuratereviews.com\\\/it\\\/#website\",\"url\":\"https:\\\/\\\/www.accuratereviews.com\\\/it\\\/\",\"name\":\"Accurate Reviews\",\"description\":\"\",\"potentialAction\":[{\"@type\":\"SearchAction\",\"target\":{\"@type\":\"EntryPoint\",\"urlTemplate\":\"https:\\\/\\\/www.accuratereviews.com\\\/it\\\/?s={search_term_string}\"},\"query-input\":{\"@type\":\"PropertyValueSpecification\",\"valueRequired\":true,\"valueName\":\"search_term_string\"}}],\"inLanguage\":\"it-IT\"}]}<\/script>\n<!-- \/ Yoast SEO plugin. -->","yoast_head_json":{"title":"Jazva: recensione software di dropshipping - Accurate Reviews","description":"Jazva: recensione software di dropshipping all-in-one creato per rivenditori e grossisti che desiderano ampliare la propria attivit\u00e0","robots":{"index":"index","follow":"follow","max-snippet":"max-snippet:-1","max-image-preview":"max-image-preview:large","max-video-preview":"max-video-preview:-1"},"canonical":"https:\/\/www.accuratereviews.com\/it\/piattaforme-di-dropshipping\/jazva-recensione\/","og_locale":"it_IT","og_type":"article","og_title":"Jazva: recensione software di dropshipping - Accurate Reviews","og_description":"Jazva: recensione software di dropshipping all-in-one creato per rivenditori e grossisti che desiderano ampliare la propria attivit\u00e0","og_url":"https:\/\/www.accuratereviews.com\/it\/piattaforme-di-dropshipping\/jazva-recensione\/","og_site_name":"Accurate Reviews","og_image":[{"width":225,"height":225,"url":"https:\/\/www.accuratereviews.com\/wp-content\/uploads\/2024\/05\/jazva2.png","type":"image\/png"}],"twitter_card":"summary_large_image","twitter_misc":{"Tempo di lettura stimato":"4 minuti"},"schema":{"@context":"https:\/\/schema.org","@graph":[{"@type":"WebPage","@id":"https:\/\/www.accuratereviews.com\/it\/piattaforme-di-dropshipping\/jazva-recensione\/","url":"https:\/\/www.accuratereviews.com\/it\/piattaforme-di-dropshipping\/jazva-recensione\/","name":"Jazva: recensione software di dropshipping - Accurate Reviews","isPartOf":{"@id":"https:\/\/www.accuratereviews.com\/it\/#website"},"primaryImageOfPage":{"@id":"https:\/\/www.accuratereviews.com\/it\/piattaforme-di-dropshipping\/jazva-recensione\/#primaryimage"},"image":{"@id":"https:\/\/www.accuratereviews.com\/it\/piattaforme-di-dropshipping\/jazva-recensione\/#primaryimage"},"thumbnailUrl":"https:\/\/www.accuratereviews.com\/wp-content\/uploads\/2024\/05\/jazva2.png","datePublished":"2024-05-06T18:50:48+00:00","description":"Jazva: recensione software di dropshipping all-in-one creato per rivenditori e grossisti che desiderano ampliare la propria attivit\u00e0","breadcrumb":{"@id":"https:\/\/www.accuratereviews.com\/it\/piattaforme-di-dropshipping\/jazva-recensione\/#breadcrumb"},"inLanguage":"it-IT","potentialAction":[{"@type":"ReadAction","target":["https:\/\/www.accuratereviews.com\/it\/piattaforme-di-dropshipping\/jazva-recensione\/"]}]},{"@type":"ImageObject","inLanguage":"it-IT","@id":"https:\/\/www.accuratereviews.com\/it\/piattaforme-di-dropshipping\/jazva-recensione\/#primaryimage","url":"https:\/\/www.accuratereviews.com\/wp-content\/uploads\/2024\/05\/jazva2.png","contentUrl":"https:\/\/www.accuratereviews.com\/wp-content\/uploads\/2024\/05\/jazva2.png","width":225,"height":225},{"@type":"BreadcrumbList","@id":"https:\/\/www.accuratereviews.com\/it\/piattaforme-di-dropshipping\/jazva-recensione\/#breadcrumb","itemListElement":[{"@type":"ListItem","position":1,"name":"Home","item":"https:\/\/www.accuratereviews.com\/it\/"},{"@type":"ListItem","position":2,"name":"Piattaforme di dropshipping","item":"https:\/\/www.accuratereviews.com\/it\/piattaforme-di-dropshipping\/"},{"@type":"ListItem","position":3,"name":"Jazva"}]},{"@type":"WebSite","@id":"https:\/\/www.accuratereviews.com\/it\/#website","url":"https:\/\/www.accuratereviews.com\/it\/","name":"Accurate Reviews","description":"","potentialAction":[{"@type":"SearchAction","target":{"@type":"EntryPoint","urlTemplate":"https:\/\/www.accuratereviews.com\/it\/?s={search_term_string}"},"query-input":{"@type":"PropertyValueSpecification","valueRequired":true,"valueName":"search_term_string"}}],"inLanguage":"it-IT"}]}},"_links":{"self":[{"href":"https:\/\/www.accuratereviews.com\/it\/wp-json\/wp\/v2\/pages\/76389","targetHints":{"allow":["GET"]}}],"collection":[{"href":"https:\/\/www.accuratereviews.com\/it\/wp-json\/wp\/v2\/pages"}],"about":[{"href":"https:\/\/www.accuratereviews.com\/it\/wp-json\/wp\/v2\/types\/page"}],"author":[{"embeddable":true,"href":"https:\/\/www.accuratereviews.com\/it\/wp-json\/wp\/v2\/users\/19"}],"replies":[{"embeddable":true,"href":"https:\/\/www.accuratereviews.com\/it\/wp-json\/wp\/v2\/comments?post=76389"}],"version-history":[{"count":9,"href":"https:\/\/www.accuratereviews.com\/it\/wp-json\/wp\/v2\/pages\/76389\/revisions"}],"predecessor-version":[{"id":76423,"href":"https:\/\/www.accuratereviews.com\/it\/wp-json\/wp\/v2\/pages\/76389\/revisions\/76423"}],"up":[{"embeddable":true,"href":"https:\/\/www.accuratereviews.com\/it\/wp-json\/wp\/v2\/pages\/36249"}],"wp:featuredmedia":[{"embeddable":true,"href":"https:\/\/www.accuratereviews.com\/it\/wp-json\/wp\/v2\/media\/76400"}],"wp:attachment":[{"href":"https:\/\/www.accuratereviews.com\/it\/wp-json\/wp\/v2\/media?parent=76389"}],"wp:term":[{"taxonomy":"category","embeddable":true,"href":"https:\/\/www.accuratereviews.com\/it\/wp-json\/wp\/v2\/categories?post=76389"},{"taxonomy":"post_tag","embeddable":true,"href":"https:\/\/www.accuratereviews.com\/it\/wp-json\/wp\/v2\/tags?post=76389"},{"taxonomy":"features","embeddable":true,"href":"https:\/\/www.accuratereviews.com\/it\/wp-json\/wp\/v2\/features?post=76389"}],"curies":[{"name":"wp","href":"https:\/\/api.w.org\/{rel}","templated":true}]}}