{"id":76428,"date":"2024-05-07T17:07:12","date_gmt":"2024-05-07T17:07:12","guid":{"rendered":"https:\/\/www.accuratereviews.com\/?page_id=76428"},"modified":"2024-05-08T09:16:38","modified_gmt":"2024-05-08T09:16:38","slug":"fishbowl-recensione","status":"publish","type":"page","link":"https:\/\/www.accuratereviews.com\/it\/piattaforme-di-dropshipping\/fishbowl-recensione\/","title":{"rendered":"Fishbowl"},"content":{"rendered":"<p><strong>Fishbowl<\/strong> \u00e8 una soluzione completa per la<strong> produzione e la gestione delle scorte<\/strong> che aiuta ad affrontare le tendenze della domanda e a gestire i problemi di fornitura. Progettate per automatizzare il processo di produzione, le funzionalit\u00e0 di <strong>Fishbowl<\/strong> includono ordini e strumenti di pianificazione del lavoro per massimizzare l&#8217;efficienza produttiva. Trasforma e migliora il tuo processo di produzione con il software completo di produzione e gestione dell&#8217;inventario di magazzino. L&#8217;approccio incentrato sull&#8217;inventario migliora l&#8217;efficienza attraverso l&#8217;automazione strategica che offre alla tua azienda in crescita il controllo necessario per ridurre i costi e massimizzare la produttivit\u00e0.<br \/>\nLa soluzione offre <strong>approfondimenti e raccolta dati<\/strong> in tempo reale per garantire agli imprenditori la totale trasparenza durante ogni fase operativa, dandoti il potere di prendere decisioni sui prezzi precise e tempestive.<\/p>\n<h2>FISHBOWL &#8211; TUTORIAL<\/h2>\n<div id=\"fluid-wrapper-counter-1\" class=\"g1-fluid-wrapper \" style=\"width:686px;\">\n<div style=\"padding-bottom:56.268221574344%;\"><iframe loading=\"lazy\" title=\"Fishbowl Drive | Cloud-Based Inventory &amp; Warehousing\" width=\"686\" height=\"386\" src=\"https:\/\/www.youtube.com\/embed\/2NeeJi2qDS8?feature=oembed&amp;wmode=transparent&amp;autohide=1&amp;autoplay=0&amp;disablekb=0&amp;fs=1&amp;loop=0&amp;enablejsapi=1&amp;rel=0&amp;controls=2&amp;showinfo=0&amp;wmode=transparent&amp;autohide=2&amp;autoplay=0&amp;disablekb=0&amp;fs=1&amp;loop=0&amp;enablejsapi=1&amp;rel=0&amp;controls=2&amp;showinfo=1\" frameborder=\"0\" allow=\"accelerometer; autoplay; clipboard-write; encrypted-media; gyroscope; picture-in-picture; web-share\" referrerpolicy=\"strict-origin-when-cross-origin\" allowfullscreen><\/iframe><\/div>\n<\/div>\n<h3>FISHBOWL &#8211; CARATTERISTICHE<\/h3>\n<ul>\n<li><strong>Inventario in tempo reale:<\/strong> aumenta la tracciabilit\u00e0 ed elimina l&#8217;immissione di dati errati<\/li>\n<li><strong>Monitoraggio di parti e risorse<\/strong>: tieni traccia e gestisci le attrezzature aziendali essenziali, dalle forniture alle flotte<\/li>\n<li><strong>Acquisto automatico<\/strong>: aggiorna automaticamente l&#8217;inventario, riconcilia la contabilit\u00e0 e calcola i costi reali e logistici<\/li>\n<li><strong>Ricevi merci<\/strong>: imposta punti di riordino, automatizza i flussi di lavoro e personalizza il processo di approvazione<\/li>\n<li><strong>Gestione dei fornitori<\/strong>: gestisci costi, tempi di consegna e numeri di parte tra una variet\u00e0 di fornitori<\/li>\n<li><strong>Ecommerce<\/strong>: collega gli ordini di vendita al sistema di inventario e imposta punti di prezzo personalizzati<\/li>\n<li><strong>Kitting<\/strong>: raggruppare i prodotti li rende facili da vendere e convenienti da acquistare<\/li>\n<li><strong>Gestione degli ordin<\/strong>i: un&#8217;unica piattaforma gestisce l&#8217;intero spettro del tuo sistema di ordini<\/li>\n<li><strong>Punto vendita:<\/strong> collega gli ordini di vendita al sistema di inventario e imposta punti di prezzo personalizzati<\/li>\n<li><strong>Distinta base (BOM)<\/strong>: gestisci prodotti finiti semplici o configurabili per costruzioni singole o multiple<\/li>\n<li><strong>Ordini di produzione e di lavoro<\/strong>: collega la gestione dell&#8217;inventario e le vendite direttamente al tuo processo di produzione<\/li>\n<li><strong>Pianificazione delle risorse materiali:<\/strong> scopri quando e dove sono necessarie le parti e monitora i progressi<\/li>\n<li><strong>Monitoraggio del tempo e costo del lavoro<\/strong>: assicurati che le risorse di cui hai bisogno siano allocate correttamente per un successo misurabile<\/li>\n<li><strong>Logistica di terze parti<\/strong>: nei magazzini o in transito, tieni traccia dell&#8217;inventario per ciascun proprietario<\/li>\n<li><strong>Gestione multisede<\/strong>: tieni traccia e gestisci il tuo inventario ovunque e in qualsiasi momento<\/li>\n<li><strong>L&#8217;evasione degli ordini<\/strong>: dagli ordini di vendita e di trasferimento ai resi di credito e agli RMA, gestisci con facilit\u00e0 le tue operazioni di magazzino<\/li>\n<li><strong>Scegli e imballa<\/strong>: scansiona facilmente gli articoli e semplifica le operazioni di magazzino<\/li>\n<li><strong>Contabilit\u00e0<\/strong>: collega il tuo inventario e la tua produzione a potenti soluzioni contabili<\/li>\n<li><strong>Rapporti personalizzati<\/strong>: tieni traccia dei dettagli pi\u00f9 importanti per la tua attivit\u00e0<\/li>\n<\/ul>\n<h4>LE RECENSIONI DEGLI UTENTI<\/h4>\n<p><strong>Kevin &#8220;Sistema ERP intuitivo&#8221;<\/strong><br \/>\n<strong>Pro<\/strong>: Facile da usare e documentazione di supporto completa<br \/>\n<strong>Contro<\/strong>: Il costo sembra elevato per il programma rispetto ad altri servizi<\/p>\n<p><strong>Mario &#8220;Distributore di pavimenti utilizzando Fishbowl&#8221;<\/strong><br \/>\n<strong>Commenti<\/strong>: Fin dall&#8217;inizio sono stati schietti e onesti e hanno giocato dapprima dandomi un prezzo molto alto e poi abbassandolo del 50% come altre societ\u00e0 con cui ho avuto a che fare. \u00c8 bello avere conversazioni schiette e oneste senza fallire, come se stessi ricevendo una proposta di vendita da un&#8217;azienda che vuole solo fare la vendita. Il loro personale interno \u00e8 stato molto professionale fin dall&#8217;inizio e durante tutto il processo fino ad ora.<br \/>\n<strong>Pro<\/strong>: Tutte le informazioni pertinenti che il mio staff pu\u00f2 utilizzare per aiutare meglio i nostri clienti.<br \/>\n<strong>Contro<\/strong>: Impostazione di tutte le informazioni. Sebbene dispongano di fogli di calcolo che puoi compilare, ci vuole comunque un po&#8217; di tempo per raccogliere tutte le informazioni per inserirle nel sistema come qualsiasi altra azienda.<\/p>\n<p><strong>Whitney &#8220;Non so davvero come avremmo funzionato senza di lui&#8221;<\/strong><br \/>\n<strong>Commenti<\/strong>: \u00c8 stato fantastico. Ogni volta che ho avuto un problema, il team di supporto \u00e8 stato incredibilmente disponibile ad aiutarmi.<br \/>\n<strong>Pro<\/strong>: Fishbowl \u00e8 stato un vero toccasana man mano che la nostra attivit\u00e0 \u00e8 cresciuta. Prima i nostri processi erano incredibilmente manuali e analogici, e quindi suscettibili a molti pi\u00f9 errori umani. Il tempo che stiamo risparmiando non dovendo sfogliare manualmente le stime di vendita stampate e poi girare per il magazzino per vedere se abbiamo l&#8217;inventario a portata di mano per soddisfarle \u00e8 assolutamente incommensurabile. Molti processi sono automatizzati, il che ha migliorato drasticamente la nostra precisione ed efficienza, e quindi i nostri profitti. Se non avessimo utilizzato Fishbowl, sono certo che la nostra attivit\u00e0 non sarebbe stata in grado di crescere al ritmo attuale, quindi credo fermamente che l&#8217;investimento sia stato pi\u00f9 che ripagato e, per quanto ne so, stai a malapena scalfendo la superficie con le sue capacit\u00e0.<br \/>\n<strong>Contro<\/strong>: \u00c8 un software, quindi avr\u00e0 i suoi bug di tanto in tanto. Fortunatamente, tutto ci\u00f2 che ho notato \u00e8 stato, nel peggiore dei casi, un piccolo inconveniente; nulla ha reso in alcun modo imprecisi i nostri dati. La modifica dei rapporti fosse un po&#8217; pi\u00f9 facile da usare. Se potessi aggiungere facilmente un filtro specifico a un report, potrei essere sostanzialmente pi\u00f9 efficiente.<\/p>\n","protected":false},"excerpt":{"rendered":"<p>Fishbowl \u00e8 una soluzione completa per la produzione e la gestione delle scorte che aiuta ad affrontare le tendenze della domanda e a gestire i problemi di fornitura. Progettate per automatizzare il processo di produzione, le funzionalit\u00e0 di Fishbowl includono ordini e strumenti di pianificazione del lavoro per massimizzare l&#8217;efficienza produttiva.<\/p>\n","protected":false},"author":19,"featured_media":76432,"parent":36249,"menu_order":0,"comment_status":"open","ping_status":"closed","template":"g1_template_page_review_new.php","meta":{"_acf_changed":false,"cwp_meta_box_check":"Yes","cwp_rev_product_name":"","cwp_rev_product_image":"","wppr_links":[],"cwp_rev_price":"0.00","wppr_options":[{"name":"Usability","value":"0"},{"name":"Speed","value":"0"},{"name":"Features","value":"0"},{"name":"Support","value":"0"},{"name":"Pricing","value":"0"}],"wppr_pros":["","","","",""],"wppr_cons":["","","","",""],"_monsterinsights_skip_tracking":false,"_monsterinsights_sitenote_active":false,"_monsterinsights_sitenote_note":"","_monsterinsights_sitenote_category":0,"footnotes":""},"categories":[4285],"tags":[5037,15077,4292,4290,4287,4288],"features":[],"class_list":{"0":"post-76428","1":"page","2":"type-page","3":"status-publish","4":"has-post-thumbnail","6":"category-piattaforme-di-dropshipping-categoria","7":"tag-dropshipping-it","8":"tag-fishbowl","9":"tag-piattaforma-di-dropshipping","10":"tag-programma-di-dropshipping","11":"tag-software-di-dropshipping","12":"tag-soluzione-di-dropshipping"},"wppr_data":{"cwp_meta_box_check":"Yes","_wppr_review_template":"default","cwp_rev_product_image":"","cwp_image_link":"image","wppr_links":[],"cwp_rev_price":"0.00","wppr_pros":["","","","",""],"wppr_cons":["","","","",""],"wppr_rating":"0.00","wppr_options":{"1":{"name":"Usability","value":"0"},"2":{"name":"Speed","value":"0"},"3":{"name":"Features","value":"0"},"4":{"name":"Support","value":"0"},"5":{"name":"Pricing","value":"0"}},"wppr_review_type":"Product","wppr_review_custom_fields":{"additionalProperty":"","additionalType":"","aggregateRating":"","alternateName":"","audience":"","award":"","awards":"","brand":"","color":"","depth":"","description":"","disambiguatingDescription":"","gtin12":"","gtin13":"","gtin14":"","gtin8":"","height":"","identifier":"","image":"","isAccessoryOrSparePartFor":"","isConsumableFor":"","isRelatedTo":"","isSimilarTo":"","itemCondition":"","logo":"","mainEntityOfPage":"","manufacturer":"","material":"","model":"","mpn":"","name":"","offers":"","potentialAction":"","productID":"","productionDate":"","purchaseDate":"","releaseDate":"","review":"","reviews":"","sameAs":"","sku":"","slogan":"","subjectOf":"","url":"","weight":"","width":""}},"acf":[],"yoast_head":"<!-- This site is optimized with the Yoast SEO plugin v27.4 - https:\/\/yoast.com\/product\/yoast-seo-wordpress\/ -->\n<title>Fishbowl: recensione software di dropshipping - Accurate Reviews<\/title>\n<meta name=\"description\" content=\"Fishbowl: recensione soluzione per la produzione e la gestione delle scorte che aiuta ad affrontare le tendenze della domanda.\" \/>\n<meta name=\"robots\" content=\"index, follow, max-snippet:-1, max-image-preview:large, max-video-preview:-1\" \/>\n<link rel=\"canonical\" href=\"https:\/\/www.accuratereviews.com\/it\/piattaforme-di-dropshipping\/fishbowl-recensione\/\" \/>\n<meta property=\"og:locale\" content=\"it_IT\" \/>\n<meta property=\"og:type\" content=\"article\" \/>\n<meta property=\"og:title\" content=\"Fishbowl: recensione software di dropshipping - Accurate Reviews\" \/>\n<meta property=\"og:description\" content=\"Fishbowl: recensione soluzione per la produzione e la gestione delle scorte che aiuta ad affrontare le tendenze della domanda.\" \/>\n<meta property=\"og:url\" content=\"https:\/\/www.accuratereviews.com\/it\/piattaforme-di-dropshipping\/fishbowl-recensione\/\" \/>\n<meta property=\"og:site_name\" content=\"Accurate Reviews\" \/>\n<meta property=\"article:modified_time\" content=\"2024-05-08T09:16:38+00:00\" \/>\n<meta property=\"og:image\" content=\"https:\/\/www.accuratereviews.com\/wp-content\/uploads\/2024\/05\/Fishbowl.png\" \/>\n\t<meta property=\"og:image:width\" content=\"310\" \/>\n\t<meta property=\"og:image:height\" content=\"310\" \/>\n\t<meta property=\"og:image:type\" content=\"image\/png\" \/>\n<meta name=\"twitter:card\" content=\"summary_large_image\" \/>\n<meta name=\"twitter:label1\" content=\"Tempo di lettura stimato\" \/>\n\t<meta name=\"twitter:data1\" content=\"6 minuti\" \/>\n<script type=\"application\/ld+json\" class=\"yoast-schema-graph\">{\"@context\":\"https:\\\/\\\/schema.org\",\"@graph\":[{\"@type\":\"WebPage\",\"@id\":\"https:\\\/\\\/www.accuratereviews.com\\\/it\\\/piattaforme-di-dropshipping\\\/fishbowl-recensione\\\/\",\"url\":\"https:\\\/\\\/www.accuratereviews.com\\\/it\\\/piattaforme-di-dropshipping\\\/fishbowl-recensione\\\/\",\"name\":\"Fishbowl: recensione software di dropshipping - Accurate Reviews\",\"isPartOf\":{\"@id\":\"https:\\\/\\\/www.accuratereviews.com\\\/it\\\/#website\"},\"primaryImageOfPage\":{\"@id\":\"https:\\\/\\\/www.accuratereviews.com\\\/it\\\/piattaforme-di-dropshipping\\\/fishbowl-recensione\\\/#primaryimage\"},\"image\":{\"@id\":\"https:\\\/\\\/www.accuratereviews.com\\\/it\\\/piattaforme-di-dropshipping\\\/fishbowl-recensione\\\/#primaryimage\"},\"thumbnailUrl\":\"https:\\\/\\\/www.accuratereviews.com\\\/wp-content\\\/uploads\\\/2024\\\/05\\\/Fishbowl.png\",\"datePublished\":\"2024-05-07T17:07:12+00:00\",\"dateModified\":\"2024-05-08T09:16:38+00:00\",\"description\":\"Fishbowl: recensione soluzione per la produzione e la gestione delle scorte che aiuta ad affrontare le tendenze della domanda.\",\"breadcrumb\":{\"@id\":\"https:\\\/\\\/www.accuratereviews.com\\\/it\\\/piattaforme-di-dropshipping\\\/fishbowl-recensione\\\/#breadcrumb\"},\"inLanguage\":\"it-IT\",\"potentialAction\":[{\"@type\":\"ReadAction\",\"target\":[\"https:\\\/\\\/www.accuratereviews.com\\\/it\\\/piattaforme-di-dropshipping\\\/fishbowl-recensione\\\/\"]}]},{\"@type\":\"ImageObject\",\"inLanguage\":\"it-IT\",\"@id\":\"https:\\\/\\\/www.accuratereviews.com\\\/it\\\/piattaforme-di-dropshipping\\\/fishbowl-recensione\\\/#primaryimage\",\"url\":\"https:\\\/\\\/www.accuratereviews.com\\\/wp-content\\\/uploads\\\/2024\\\/05\\\/Fishbowl.png\",\"contentUrl\":\"https:\\\/\\\/www.accuratereviews.com\\\/wp-content\\\/uploads\\\/2024\\\/05\\\/Fishbowl.png\",\"width\":310,\"height\":310},{\"@type\":\"BreadcrumbList\",\"@id\":\"https:\\\/\\\/www.accuratereviews.com\\\/it\\\/piattaforme-di-dropshipping\\\/fishbowl-recensione\\\/#breadcrumb\",\"itemListElement\":[{\"@type\":\"ListItem\",\"position\":1,\"name\":\"Home\",\"item\":\"https:\\\/\\\/www.accuratereviews.com\\\/it\\\/\"},{\"@type\":\"ListItem\",\"position\":2,\"name\":\"Piattaforme di dropshipping\",\"item\":\"https:\\\/\\\/www.accuratereviews.com\\\/it\\\/piattaforme-di-dropshipping\\\/\"},{\"@type\":\"ListItem\",\"position\":3,\"name\":\"Fishbowl\"}]},{\"@type\":\"WebSite\",\"@id\":\"https:\\\/\\\/www.accuratereviews.com\\\/it\\\/#website\",\"url\":\"https:\\\/\\\/www.accuratereviews.com\\\/it\\\/\",\"name\":\"Accurate Reviews\",\"description\":\"\",\"potentialAction\":[{\"@type\":\"SearchAction\",\"target\":{\"@type\":\"EntryPoint\",\"urlTemplate\":\"https:\\\/\\\/www.accuratereviews.com\\\/it\\\/?s={search_term_string}\"},\"query-input\":{\"@type\":\"PropertyValueSpecification\",\"valueRequired\":true,\"valueName\":\"search_term_string\"}}],\"inLanguage\":\"it-IT\"}]}<\/script>\n<!-- \/ Yoast SEO plugin. -->","yoast_head_json":{"title":"Fishbowl: recensione software di dropshipping - Accurate Reviews","description":"Fishbowl: recensione soluzione per la produzione e la gestione delle scorte che aiuta ad affrontare le tendenze della domanda.","robots":{"index":"index","follow":"follow","max-snippet":"max-snippet:-1","max-image-preview":"max-image-preview:large","max-video-preview":"max-video-preview:-1"},"canonical":"https:\/\/www.accuratereviews.com\/it\/piattaforme-di-dropshipping\/fishbowl-recensione\/","og_locale":"it_IT","og_type":"article","og_title":"Fishbowl: recensione software di dropshipping - Accurate Reviews","og_description":"Fishbowl: recensione soluzione per la produzione e la gestione delle scorte che aiuta ad affrontare le tendenze della domanda.","og_url":"https:\/\/www.accuratereviews.com\/it\/piattaforme-di-dropshipping\/fishbowl-recensione\/","og_site_name":"Accurate Reviews","article_modified_time":"2024-05-08T09:16:38+00:00","og_image":[{"width":310,"height":310,"url":"https:\/\/www.accuratereviews.com\/wp-content\/uploads\/2024\/05\/Fishbowl.png","type":"image\/png"}],"twitter_card":"summary_large_image","twitter_misc":{"Tempo di lettura stimato":"6 minuti"},"schema":{"@context":"https:\/\/schema.org","@graph":[{"@type":"WebPage","@id":"https:\/\/www.accuratereviews.com\/it\/piattaforme-di-dropshipping\/fishbowl-recensione\/","url":"https:\/\/www.accuratereviews.com\/it\/piattaforme-di-dropshipping\/fishbowl-recensione\/","name":"Fishbowl: recensione software di dropshipping - Accurate Reviews","isPartOf":{"@id":"https:\/\/www.accuratereviews.com\/it\/#website"},"primaryImageOfPage":{"@id":"https:\/\/www.accuratereviews.com\/it\/piattaforme-di-dropshipping\/fishbowl-recensione\/#primaryimage"},"image":{"@id":"https:\/\/www.accuratereviews.com\/it\/piattaforme-di-dropshipping\/fishbowl-recensione\/#primaryimage"},"thumbnailUrl":"https:\/\/www.accuratereviews.com\/wp-content\/uploads\/2024\/05\/Fishbowl.png","datePublished":"2024-05-07T17:07:12+00:00","dateModified":"2024-05-08T09:16:38+00:00","description":"Fishbowl: recensione soluzione per la produzione e la gestione delle scorte che aiuta ad affrontare le tendenze della domanda.","breadcrumb":{"@id":"https:\/\/www.accuratereviews.com\/it\/piattaforme-di-dropshipping\/fishbowl-recensione\/#breadcrumb"},"inLanguage":"it-IT","potentialAction":[{"@type":"ReadAction","target":["https:\/\/www.accuratereviews.com\/it\/piattaforme-di-dropshipping\/fishbowl-recensione\/"]}]},{"@type":"ImageObject","inLanguage":"it-IT","@id":"https:\/\/www.accuratereviews.com\/it\/piattaforme-di-dropshipping\/fishbowl-recensione\/#primaryimage","url":"https:\/\/www.accuratereviews.com\/wp-content\/uploads\/2024\/05\/Fishbowl.png","contentUrl":"https:\/\/www.accuratereviews.com\/wp-content\/uploads\/2024\/05\/Fishbowl.png","width":310,"height":310},{"@type":"BreadcrumbList","@id":"https:\/\/www.accuratereviews.com\/it\/piattaforme-di-dropshipping\/fishbowl-recensione\/#breadcrumb","itemListElement":[{"@type":"ListItem","position":1,"name":"Home","item":"https:\/\/www.accuratereviews.com\/it\/"},{"@type":"ListItem","position":2,"name":"Piattaforme di dropshipping","item":"https:\/\/www.accuratereviews.com\/it\/piattaforme-di-dropshipping\/"},{"@type":"ListItem","position":3,"name":"Fishbowl"}]},{"@type":"WebSite","@id":"https:\/\/www.accuratereviews.com\/it\/#website","url":"https:\/\/www.accuratereviews.com\/it\/","name":"Accurate Reviews","description":"","potentialAction":[{"@type":"SearchAction","target":{"@type":"EntryPoint","urlTemplate":"https:\/\/www.accuratereviews.com\/it\/?s={search_term_string}"},"query-input":{"@type":"PropertyValueSpecification","valueRequired":true,"valueName":"search_term_string"}}],"inLanguage":"it-IT"}]}},"_links":{"self":[{"href":"https:\/\/www.accuratereviews.com\/it\/wp-json\/wp\/v2\/pages\/76428","targetHints":{"allow":["GET"]}}],"collection":[{"href":"https:\/\/www.accuratereviews.com\/it\/wp-json\/wp\/v2\/pages"}],"about":[{"href":"https:\/\/www.accuratereviews.com\/it\/wp-json\/wp\/v2\/types\/page"}],"author":[{"embeddable":true,"href":"https:\/\/www.accuratereviews.com\/it\/wp-json\/wp\/v2\/users\/19"}],"replies":[{"embeddable":true,"href":"https:\/\/www.accuratereviews.com\/it\/wp-json\/wp\/v2\/comments?post=76428"}],"version-history":[{"count":8,"href":"https:\/\/www.accuratereviews.com\/it\/wp-json\/wp\/v2\/pages\/76428\/revisions"}],"predecessor-version":[{"id":76545,"href":"https:\/\/www.accuratereviews.com\/it\/wp-json\/wp\/v2\/pages\/76428\/revisions\/76545"}],"up":[{"embeddable":true,"href":"https:\/\/www.accuratereviews.com\/it\/wp-json\/wp\/v2\/pages\/36249"}],"wp:featuredmedia":[{"embeddable":true,"href":"https:\/\/www.accuratereviews.com\/it\/wp-json\/wp\/v2\/media\/76432"}],"wp:attachment":[{"href":"https:\/\/www.accuratereviews.com\/it\/wp-json\/wp\/v2\/media?parent=76428"}],"wp:term":[{"taxonomy":"category","embeddable":true,"href":"https:\/\/www.accuratereviews.com\/it\/wp-json\/wp\/v2\/categories?post=76428"},{"taxonomy":"post_tag","embeddable":true,"href":"https:\/\/www.accuratereviews.com\/it\/wp-json\/wp\/v2\/tags?post=76428"},{"taxonomy":"features","embeddable":true,"href":"https:\/\/www.accuratereviews.com\/it\/wp-json\/wp\/v2\/features?post=76428"}],"curies":[{"name":"wp","href":"https:\/\/api.w.org\/{rel}","templated":true}]}}