{"id":7650,"date":"2017-01-30T16:41:02","date_gmt":"2017-01-30T16:41:02","guid":{"rendered":"http:\/\/www.accuratereviews.com\/?page_id=7650\/"},"modified":"2017-05-03T07:48:01","modified_gmt":"2017-05-03T07:48:01","slug":"atom-2","status":"publish","type":"page","link":"https:\/\/www.accuratereviews.com\/it\/i-migliori-text-editor-lista\/atom-2\/","title":{"rendered":"Atom"},"content":{"rendered":"<p><iframe loading=\"lazy\" src=\"https:\/\/www.youtube.com\/embed\/Y7aEiVwBAdk\" width=\"860\" height=\"483\" frameborder=\"0\" allowfullscreen=\"allowfullscreen\"><\/iframe><\/p>\n<p>Mentre molti text editor come Notepad++ sembrino essere partiti come editor di testo semplice e poi abbiano aggiunto funzioni che potessero essere utili agli sviluppatori, <strong>Atom sembra essere nato tentendo a mente proprio gli sviluppatori<\/strong>. Non \u00e8 una sorpresa, visto che \u00e8 prodotto da GitHub. Il programma si definisce un text editor, ma finisce per essere una piattaforma per scrivere codice altamente personalizzabile, <strong>in grado di offrire quasi ogni funzione che uno sviluppatore potrebbe volere\u2026 ed \u00e8 gratuito<\/strong>.<\/p>\n<p>Installando il software su macOS, Windows o Linux, e otterrete un programma molto utile. L\u2019autocompletamento ridurr\u00e0 i vostri bug e la velocit\u00e0 con cui scrivete. <strong>Il browser del file system vi permette di aprire un singolo file, un intero progetto e addirittura pi\u00f9 progetti, all\u2019interno di una singola finestra<\/strong>. Le tab vi danno diversi pannelli, cos\u00ec che possiate lavorare al codice di pi\u00f9 file contemporaneamente, e il sistema di ricerca vi permette di sostituire del testo con un singolo click. \u00c8 tutto molto semplice ed efficiente.<\/p>\n<p><strong>Ma dove Atom brilla, \u00e8 nelle possibilit\u00e0 di personalizzazione<\/strong>. Trovate quattro UI e otto temi per la sintassi del codice, cos\u00ec che possiate scegliere il tema migliore che non vi disturbi la vista. Se nessun tema vi soddisfa, potete installarne altri che sono stati creati dalla comunit\u00e0 di Atom, e anche prepararne di vostri, usando CSS\/Less o aggiungere funzioni attraverso HTML e JavaScript. Una guida dettagliata vi mostrer\u00e0 come fare, passo passo. <strong>La guida, tra le altre cose, \u00e8 uno dei migliori esempi di scrittura tecnica che ci siano in giro<\/strong>.<\/p>\n<p><img loading=\"lazy\" decoding=\"async\" class=\"alignnone size-full wp-image-7617\" src=\"http:\/\/www.accuratereviews.com\/wp-content\/uploads\/2017\/01\/atom.png\" alt=\"atom\" width=\"860\" height=\"390\" srcset=\"https:\/\/www.accuratereviews.com\/wp-content\/uploads\/2017\/01\/atom.png 860w, https:\/\/www.accuratereviews.com\/wp-content\/uploads\/2017\/01\/atom-300x136.png 300w, https:\/\/www.accuratereviews.com\/wp-content\/uploads\/2017\/01\/atom-768x348.png 768w, https:\/\/www.accuratereviews.com\/wp-content\/uploads\/2017\/01\/atom-260x118.png 260w, https:\/\/www.accuratereviews.com\/wp-content\/uploads\/2017\/01\/atom-50x23.png 50w, https:\/\/www.accuratereviews.com\/wp-content\/uploads\/2017\/01\/atom-636x288.png 636w, https:\/\/www.accuratereviews.com\/wp-content\/uploads\/2017\/01\/atom-320x145.png 320w, https:\/\/www.accuratereviews.com\/wp-content\/uploads\/2017\/01\/atom-239x108.png 239w\" sizes=\"auto, (max-width: 860px) 100vw, 860px\" \/><\/p>\n<p>Ma non avrete bisogno di aggiungere molto, dal momento che <strong>Atom \u00e8 fornito di tantissime estensioni che aggiungono diverse funzioni al programma<\/strong>. Al momento, esistono pi\u00f9 di 5500 estensioni a vostra disposizione: potrete aggiungere la possibilit\u00e0 di vedere l\u2019intero codice, un elenco delle icone ordinate per estensione, un orologio incluso nella barra di stato. Alcune delle funzioni di base di Atom sono, in effetti, estensioni gi\u00e0 installate.<\/p>\n<p><strong>Le critiche ad Atom riguardo pi\u00f9 che altro l\u2019essere un po\u2019 lento in alcune occasioni<\/strong>, specialmente quando ci spostiamo tra le tab, ma la flessibilit\u00e0 infinita di questo text editor implica che Atom potr\u00e0 avere qualsiasi cosa possiate aver bisogno. Se Notepad++ \u00e8 il Notepad dei text editor, allora Atom \u00e8 l\u2019equivalente di Chrome, completo di estensioni e personalizzazioni.<\/p>\n","protected":false},"excerpt":{"rendered":"<p>Mentre molti text editor come Notepad++ sembrino essere partiti come editor di testo semplice e poi abbiano aggiunto funzioni che potessero essere utili agli sviluppatori, Atom sembra essere nato tentendo a mente proprio gli sviluppatori.<\/p>\n","protected":false},"author":16,"featured_media":0,"parent":7660,"menu_order":1,"comment_status":"open","ping_status":"closed","template":"g1_template_page_review_new.php","meta":{"_acf_changed":false,"cwp_meta_box_check":"Yes","cwp_rev_product_name":"","cwp_rev_product_image":"","wppr_links":[],"cwp_rev_price":"","wppr_options":[],"wppr_pros":[],"wppr_cons":[],"_monsterinsights_skip_tracking":false,"_monsterinsights_sitenote_active":false,"_monsterinsights_sitenote_note":"","_monsterinsights_sitenote_category":0,"footnotes":""},"categories":[171],"tags":[],"features":[],"class_list":{"0":"post-7650","1":"page","2":"type-page","3":"status-publish","5":"category-text-editor-it"},"wppr_data":{"cwp_meta_box_check":"Yes","cwp_rev_product_name":"","cwp_rev_product_image":"","cwp_image_link":"image","cwp_rev_price":"","wppr_rating":"0.00"},"acf":[],"yoast_head":"<!-- This site is optimized with the Yoast SEO plugin v27.4 - https:\/\/yoast.com\/product\/yoast-seo-wordpress\/ -->\n<title>Atom review of the best coding text editor| Accurate Reviews<\/title>\n<meta name=\"description\" content=\"Atom is a a highly customizable, very powerful and still dead simple to use text editor, perfect for your coding needs. It&#039;s free and multi-platform.\" \/>\n<meta name=\"robots\" content=\"index, follow, max-snippet:-1, max-image-preview:large, max-video-preview:-1\" \/>\n<link rel=\"canonical\" href=\"https:\/\/www.accuratereviews.com\/it\/i-migliori-text-editor-lista\/atom-2\/\" \/>\n<meta property=\"og:locale\" content=\"it_IT\" \/>\n<meta property=\"og:type\" content=\"article\" \/>\n<meta property=\"og:title\" content=\"Atom review of the best coding text editor| Accurate Reviews\" \/>\n<meta property=\"og:description\" content=\"Atom is a a highly customizable, very powerful and still dead simple to use text editor, perfect for your coding needs. It&#039;s free and multi-platform.\" \/>\n<meta property=\"og:url\" content=\"https:\/\/www.accuratereviews.com\/it\/i-migliori-text-editor-lista\/atom-2\/\" \/>\n<meta property=\"og:site_name\" content=\"Accurate Reviews\" \/>\n<meta property=\"article:modified_time\" content=\"2017-05-03T07:48:01+00:00\" \/>\n<meta property=\"og:image\" content=\"http:\/\/www.accuratereviews.com\/wp-content\/uploads\/2017\/01\/atom.png\" \/>\n<meta name=\"twitter:card\" content=\"summary_large_image\" \/>\n<meta name=\"twitter:label1\" content=\"Tempo di lettura stimato\" \/>\n\t<meta name=\"twitter:data1\" content=\"2 minuti\" \/>\n<script type=\"application\/ld+json\" class=\"yoast-schema-graph\">{\"@context\":\"https:\\\/\\\/schema.org\",\"@graph\":[{\"@type\":\"WebPage\",\"@id\":\"https:\\\/\\\/www.accuratereviews.com\\\/it\\\/i-migliori-text-editor-lista\\\/atom-2\\\/\",\"url\":\"https:\\\/\\\/www.accuratereviews.com\\\/it\\\/i-migliori-text-editor-lista\\\/atom-2\\\/\",\"name\":\"Atom review of the best coding text editor| Accurate Reviews\",\"isPartOf\":{\"@id\":\"https:\\\/\\\/www.accuratereviews.com\\\/it\\\/#website\"},\"primaryImageOfPage\":{\"@id\":\"https:\\\/\\\/www.accuratereviews.com\\\/it\\\/i-migliori-text-editor-lista\\\/atom-2\\\/#primaryimage\"},\"image\":{\"@id\":\"https:\\\/\\\/www.accuratereviews.com\\\/it\\\/i-migliori-text-editor-lista\\\/atom-2\\\/#primaryimage\"},\"thumbnailUrl\":\"http:\\\/\\\/www.accuratereviews.com\\\/wp-content\\\/uploads\\\/2017\\\/01\\\/atom.png\",\"datePublished\":\"2017-01-30T16:41:02+00:00\",\"dateModified\":\"2017-05-03T07:48:01+00:00\",\"description\":\"Atom is a a highly customizable, very powerful and still dead simple to use text editor, perfect for your coding needs. It's free and multi-platform.\",\"breadcrumb\":{\"@id\":\"https:\\\/\\\/www.accuratereviews.com\\\/it\\\/i-migliori-text-editor-lista\\\/atom-2\\\/#breadcrumb\"},\"inLanguage\":\"it-IT\",\"potentialAction\":[{\"@type\":\"ReadAction\",\"target\":[\"https:\\\/\\\/www.accuratereviews.com\\\/it\\\/i-migliori-text-editor-lista\\\/atom-2\\\/\"]}]},{\"@type\":\"ImageObject\",\"inLanguage\":\"it-IT\",\"@id\":\"https:\\\/\\\/www.accuratereviews.com\\\/it\\\/i-migliori-text-editor-lista\\\/atom-2\\\/#primaryimage\",\"url\":\"http:\\\/\\\/www.accuratereviews.com\\\/wp-content\\\/uploads\\\/2017\\\/01\\\/atom.png\",\"contentUrl\":\"http:\\\/\\\/www.accuratereviews.com\\\/wp-content\\\/uploads\\\/2017\\\/01\\\/atom.png\"},{\"@type\":\"BreadcrumbList\",\"@id\":\"https:\\\/\\\/www.accuratereviews.com\\\/it\\\/i-migliori-text-editor-lista\\\/atom-2\\\/#breadcrumb\",\"itemListElement\":[{\"@type\":\"ListItem\",\"position\":1,\"name\":\"Home\",\"item\":\"https:\\\/\\\/www.accuratereviews.com\\\/it\\\/\"},{\"@type\":\"ListItem\",\"position\":2,\"name\":\"I migliori text editor\",\"item\":\"https:\\\/\\\/www.accuratereviews.com\\\/it\\\/i-migliori-text-editor-lista\\\/\"},{\"@type\":\"ListItem\",\"position\":3,\"name\":\"Atom\"}]},{\"@type\":\"WebSite\",\"@id\":\"https:\\\/\\\/www.accuratereviews.com\\\/it\\\/#website\",\"url\":\"https:\\\/\\\/www.accuratereviews.com\\\/it\\\/\",\"name\":\"Accurate Reviews\",\"description\":\"\",\"potentialAction\":[{\"@type\":\"SearchAction\",\"target\":{\"@type\":\"EntryPoint\",\"urlTemplate\":\"https:\\\/\\\/www.accuratereviews.com\\\/it\\\/?s={search_term_string}\"},\"query-input\":{\"@type\":\"PropertyValueSpecification\",\"valueRequired\":true,\"valueName\":\"search_term_string\"}}],\"inLanguage\":\"it-IT\"}]}<\/script>\n<!-- \/ Yoast SEO plugin. -->","yoast_head_json":{"title":"Atom review of the best coding text editor| Accurate Reviews","description":"Atom is a a highly customizable, very powerful and still dead simple to use text editor, perfect for your coding needs. It's free and multi-platform.","robots":{"index":"index","follow":"follow","max-snippet":"max-snippet:-1","max-image-preview":"max-image-preview:large","max-video-preview":"max-video-preview:-1"},"canonical":"https:\/\/www.accuratereviews.com\/it\/i-migliori-text-editor-lista\/atom-2\/","og_locale":"it_IT","og_type":"article","og_title":"Atom review of the best coding text editor| Accurate Reviews","og_description":"Atom is a a highly customizable, very powerful and still dead simple to use text editor, perfect for your coding needs. It's free and multi-platform.","og_url":"https:\/\/www.accuratereviews.com\/it\/i-migliori-text-editor-lista\/atom-2\/","og_site_name":"Accurate Reviews","article_modified_time":"2017-05-03T07:48:01+00:00","og_image":[{"url":"http:\/\/www.accuratereviews.com\/wp-content\/uploads\/2017\/01\/atom.png","type":"","width":"","height":""}],"twitter_card":"summary_large_image","twitter_misc":{"Tempo di lettura stimato":"2 minuti"},"schema":{"@context":"https:\/\/schema.org","@graph":[{"@type":"WebPage","@id":"https:\/\/www.accuratereviews.com\/it\/i-migliori-text-editor-lista\/atom-2\/","url":"https:\/\/www.accuratereviews.com\/it\/i-migliori-text-editor-lista\/atom-2\/","name":"Atom review of the best coding text editor| Accurate Reviews","isPartOf":{"@id":"https:\/\/www.accuratereviews.com\/it\/#website"},"primaryImageOfPage":{"@id":"https:\/\/www.accuratereviews.com\/it\/i-migliori-text-editor-lista\/atom-2\/#primaryimage"},"image":{"@id":"https:\/\/www.accuratereviews.com\/it\/i-migliori-text-editor-lista\/atom-2\/#primaryimage"},"thumbnailUrl":"http:\/\/www.accuratereviews.com\/wp-content\/uploads\/2017\/01\/atom.png","datePublished":"2017-01-30T16:41:02+00:00","dateModified":"2017-05-03T07:48:01+00:00","description":"Atom is a a highly customizable, very powerful and still dead simple to use text editor, perfect for your coding needs. It's free and multi-platform.","breadcrumb":{"@id":"https:\/\/www.accuratereviews.com\/it\/i-migliori-text-editor-lista\/atom-2\/#breadcrumb"},"inLanguage":"it-IT","potentialAction":[{"@type":"ReadAction","target":["https:\/\/www.accuratereviews.com\/it\/i-migliori-text-editor-lista\/atom-2\/"]}]},{"@type":"ImageObject","inLanguage":"it-IT","@id":"https:\/\/www.accuratereviews.com\/it\/i-migliori-text-editor-lista\/atom-2\/#primaryimage","url":"http:\/\/www.accuratereviews.com\/wp-content\/uploads\/2017\/01\/atom.png","contentUrl":"http:\/\/www.accuratereviews.com\/wp-content\/uploads\/2017\/01\/atom.png"},{"@type":"BreadcrumbList","@id":"https:\/\/www.accuratereviews.com\/it\/i-migliori-text-editor-lista\/atom-2\/#breadcrumb","itemListElement":[{"@type":"ListItem","position":1,"name":"Home","item":"https:\/\/www.accuratereviews.com\/it\/"},{"@type":"ListItem","position":2,"name":"I migliori text editor","item":"https:\/\/www.accuratereviews.com\/it\/i-migliori-text-editor-lista\/"},{"@type":"ListItem","position":3,"name":"Atom"}]},{"@type":"WebSite","@id":"https:\/\/www.accuratereviews.com\/it\/#website","url":"https:\/\/www.accuratereviews.com\/it\/","name":"Accurate Reviews","description":"","potentialAction":[{"@type":"SearchAction","target":{"@type":"EntryPoint","urlTemplate":"https:\/\/www.accuratereviews.com\/it\/?s={search_term_string}"},"query-input":{"@type":"PropertyValueSpecification","valueRequired":true,"valueName":"search_term_string"}}],"inLanguage":"it-IT"}]}},"_links":{"self":[{"href":"https:\/\/www.accuratereviews.com\/it\/wp-json\/wp\/v2\/pages\/7650","targetHints":{"allow":["GET"]}}],"collection":[{"href":"https:\/\/www.accuratereviews.com\/it\/wp-json\/wp\/v2\/pages"}],"about":[{"href":"https:\/\/www.accuratereviews.com\/it\/wp-json\/wp\/v2\/types\/page"}],"author":[{"embeddable":true,"href":"https:\/\/www.accuratereviews.com\/it\/wp-json\/wp\/v2\/users\/16"}],"replies":[{"embeddable":true,"href":"https:\/\/www.accuratereviews.com\/it\/wp-json\/wp\/v2\/comments?post=7650"}],"version-history":[{"count":4,"href":"https:\/\/www.accuratereviews.com\/it\/wp-json\/wp\/v2\/pages\/7650\/revisions"}],"predecessor-version":[{"id":9237,"href":"https:\/\/www.accuratereviews.com\/it\/wp-json\/wp\/v2\/pages\/7650\/revisions\/9237"}],"up":[{"embeddable":true,"href":"https:\/\/www.accuratereviews.com\/it\/wp-json\/wp\/v2\/pages\/7660"}],"wp:attachment":[{"href":"https:\/\/www.accuratereviews.com\/it\/wp-json\/wp\/v2\/media?parent=7650"}],"wp:term":[{"taxonomy":"category","embeddable":true,"href":"https:\/\/www.accuratereviews.com\/it\/wp-json\/wp\/v2\/categories?post=7650"},{"taxonomy":"post_tag","embeddable":true,"href":"https:\/\/www.accuratereviews.com\/it\/wp-json\/wp\/v2\/tags?post=7650"},{"taxonomy":"features","embeddable":true,"href":"https:\/\/www.accuratereviews.com\/it\/wp-json\/wp\/v2\/features?post=7650"}],"curies":[{"name":"wp","href":"https:\/\/api.w.org\/{rel}","templated":true}]}}