{"id":7652,"date":"2017-01-30T14:53:59","date_gmt":"2017-01-30T14:53:59","guid":{"rendered":"http:\/\/www.accuratereviews.com\/?page_id=7652\/"},"modified":"2017-05-05T13:41:41","modified_gmt":"2017-05-05T13:41:41","slug":"i-migliori-text-editor","status":"publish","type":"page","link":"https:\/\/www.accuratereviews.com\/it\/i-migliori-text-editor\/","title":{"rendered":"I migliori text editor"},"content":{"rendered":"<p><img loading=\"lazy\" decoding=\"async\" class=\"alignnone size-full wp-image-9354\" src=\"http:\/\/www.accuratereviews.com\/wp-content\/uploads\/2017\/01\/text-editor.jpg\" alt=\"text editor\" width=\"1000\" height=\"667\" srcset=\"https:\/\/www.accuratereviews.com\/wp-content\/uploads\/2017\/01\/text-editor.jpg 1000w, https:\/\/www.accuratereviews.com\/wp-content\/uploads\/2017\/01\/text-editor-300x200.jpg 300w, https:\/\/www.accuratereviews.com\/wp-content\/uploads\/2017\/01\/text-editor-768x512.jpg 768w, https:\/\/www.accuratereviews.com\/wp-content\/uploads\/2017\/01\/text-editor-187x125.jpg 187w, https:\/\/www.accuratereviews.com\/wp-content\/uploads\/2017\/01\/text-editor-50x33.jpg 50w, https:\/\/www.accuratereviews.com\/wp-content\/uploads\/2017\/01\/text-editor-968x646.jpg 968w, https:\/\/www.accuratereviews.com\/wp-content\/uploads\/2017\/01\/text-editor-636x424.jpg 636w, https:\/\/www.accuratereviews.com\/wp-content\/uploads\/2017\/01\/text-editor-320x213.jpg 320w, https:\/\/www.accuratereviews.com\/wp-content\/uploads\/2017\/01\/text-editor-239x159.jpg 239w\" sizes=\"auto, (max-width: 1000px) 100vw, 1000px\" \/><\/p>\n<p>Tutto il codice che compone i siti, le applicazioni che usiamo sul nostro smartphone, i sistemi operativi che gestiscono le operazioni finanziarie: <strong>tutto ci\u00f2 che di informatico usiamo nella vita comune \u00e8, in essenza, del testo<\/strong>. Pertanto con l\u2019aumentare della complessit\u00e0 del software negli anni sono aumentate anche le capacit\u00e0 degli strumenti, portando sul mercato IDE (integrated development environment, cio\u00e8 applicazioni talmente complesse da permettere appunto la creazione di applicazioni stratificate. <strong>Oggi esistono molti tipi di text editor, dai pi\u00f9 minimalistici nell\u2019approccio e nelle funzionalit\u00e0<\/strong> (chi ha un blog e deve ogni tanto modificare qualche cosa per caricarla su WordPress non ha bisogno di un software troppo complesso), <strong>a quelli in grado di creare siti complessi e con molte funzioni<\/strong>. Con l\u2019esplosione di smartphone e tablet, poi, poter intervenire su una pagina che funziona male anche mentre si \u00e8 sul treno per andare in vacanza \u00e8 diventato fondamentale. (Eviteremo in questa sede di commentare quanto questo modo di lavorare sia poco sano e porti a seri problemi.)<\/p>\n<p><strong>Praticamente tutti i text editor sul mercato oggi aiutano la scrittura del codice attraverso una serie di colori per evidenziare in maniera diversa le diverse parti di un documento<\/strong>. Alcuni aiutano l\u2019utente anticipando le sue mosse, per esempio chiudendo automaticamente parentesi o altri marcatori. <strong>I migliori strumenti per lo sviluppo poi includono anche la possibilit\u00e0 di controllare il codice, effettuando un debugging pi\u00f9 o meno preciso<\/strong> &#8211; e in questi casi, anche un controllo superficiale alla ricerca di stupidi refusi pu\u00f2 essere una salvezza.<\/p>\n<p><strong>Ovviamente il supporto per mobile \u00e8 qualcosa che a oggi \u00e8 molto limitato<\/strong>, perch\u00e9 per quanto possano essere grandi i tablet moderni, parte del loro schermo verr\u00e0 comunque usato per la tastiera virtuale. In questo senso probabilmente molte app per Android o iOS permettono soltanto la modifica veloce o la correzione di codice gi\u00e0 scritto, ed \u00e8 giusto cos\u00ec.<\/p>\n<p>Infine, <strong>dipende tutto dalle dimensioni del vostro progetto<\/strong>. Un sito di una sola pagina che mostri il vostro portfolio \u00e8 una cosa gestibile con un text editor gratuito e con relativamente poche funzionalit\u00e0. <strong>Se dovete sviluppare applicazioni per ambiti professionali forse \u00e8 il caso di utilizzare addirittura strumenti pi\u00f9 complessi<\/strong>.<\/p>\n","protected":false},"excerpt":{"rendered":"<p>Tutto il codice che compone i siti, le applicazioni che usiamo sul nostro smartphone, i sistemi operativi che gestiscono le operazioni finanziarie: tutto ci\u00f2 che di informatico usiamo nella vita comune \u00e8, in essenza, del testo. Pertanto con l\u2019aumentare della complessit\u00e0 del software negli anni sono aumentate anche le capacit\u00e0 degli strumenti, portando sul mercato [&hellip;]<\/p>\n","protected":false},"author":16,"featured_media":0,"parent":0,"menu_order":0,"comment_status":"closed","ping_status":"closed","template":"g1_template_page_category_userguide.php","meta":{"_acf_changed":false,"cwp_meta_box_check":"No","cwp_rev_product_name":"","cwp_rev_product_image":"","wppr_links":[],"cwp_rev_price":"","wppr_options":[],"wppr_pros":[],"wppr_cons":[],"_monsterinsights_skip_tracking":false,"_monsterinsights_sitenote_active":false,"_monsterinsights_sitenote_note":"","_monsterinsights_sitenote_category":0,"footnotes":""},"categories":[171],"tags":[],"features":[],"class_list":{"0":"post-7652","1":"page","2":"type-page","3":"status-publish","5":"category-text-editor-it"},"wppr_data":{"cwp_meta_box_check":"No"},"acf":[],"yoast_head":"<!-- This site is optimized with the Yoast SEO plugin v27.4 - https:\/\/yoast.com\/product\/yoast-seo-wordpress\/ -->\n<title>Trovate i migliori software: text editor | Accurate Reviews<\/title>\n<meta name=\"description\" content=\"Avete bisogno di un text editor per un progetto personale, oppure per costruire il sito aziendale? Nessun problema, vi spiegheremo cosa cercare.\" \/>\n<meta name=\"robots\" content=\"index, follow, max-snippet:-1, max-image-preview:large, max-video-preview:-1\" \/>\n<link rel=\"canonical\" href=\"https:\/\/www.accuratereviews.com\/it\/i-migliori-text-editor\/\" \/>\n<meta property=\"og:locale\" content=\"it_IT\" \/>\n<meta property=\"og:type\" content=\"article\" \/>\n<meta property=\"og:title\" content=\"Trovate i migliori software: text editor | Accurate Reviews\" \/>\n<meta property=\"og:description\" content=\"Avete bisogno di un text editor per un progetto personale, oppure per costruire il sito aziendale? Nessun problema, vi spiegheremo cosa cercare.\" \/>\n<meta property=\"og:url\" content=\"https:\/\/www.accuratereviews.com\/it\/i-migliori-text-editor\/\" \/>\n<meta property=\"og:site_name\" content=\"Accurate Reviews\" \/>\n<meta property=\"article:modified_time\" content=\"2017-05-05T13:41:41+00:00\" \/>\n<meta property=\"og:image\" content=\"http:\/\/www.accuratereviews.com\/wp-content\/uploads\/2017\/01\/text-editor.jpg\" \/>\n<meta name=\"twitter:card\" content=\"summary_large_image\" \/>\n<meta name=\"twitter:label1\" content=\"Tempo di lettura stimato\" \/>\n\t<meta name=\"twitter:data1\" content=\"2 minuti\" \/>\n<script type=\"application\/ld+json\" class=\"yoast-schema-graph\">{\"@context\":\"https:\\\/\\\/schema.org\",\"@graph\":[{\"@type\":\"WebPage\",\"@id\":\"https:\\\/\\\/www.accuratereviews.com\\\/it\\\/i-migliori-text-editor\\\/\",\"url\":\"https:\\\/\\\/www.accuratereviews.com\\\/it\\\/i-migliori-text-editor\\\/\",\"name\":\"Trovate i migliori software: text editor | Accurate Reviews\",\"isPartOf\":{\"@id\":\"https:\\\/\\\/www.accuratereviews.com\\\/it\\\/#website\"},\"primaryImageOfPage\":{\"@id\":\"https:\\\/\\\/www.accuratereviews.com\\\/it\\\/i-migliori-text-editor\\\/#primaryimage\"},\"image\":{\"@id\":\"https:\\\/\\\/www.accuratereviews.com\\\/it\\\/i-migliori-text-editor\\\/#primaryimage\"},\"thumbnailUrl\":\"http:\\\/\\\/www.accuratereviews.com\\\/wp-content\\\/uploads\\\/2017\\\/01\\\/text-editor.jpg\",\"datePublished\":\"2017-01-30T14:53:59+00:00\",\"dateModified\":\"2017-05-05T13:41:41+00:00\",\"description\":\"Avete bisogno di un text editor per un progetto personale, oppure per costruire il sito aziendale? Nessun problema, vi spiegheremo cosa cercare.\",\"breadcrumb\":{\"@id\":\"https:\\\/\\\/www.accuratereviews.com\\\/it\\\/i-migliori-text-editor\\\/#breadcrumb\"},\"inLanguage\":\"it-IT\",\"potentialAction\":[{\"@type\":\"ReadAction\",\"target\":[\"https:\\\/\\\/www.accuratereviews.com\\\/it\\\/i-migliori-text-editor\\\/\"]}]},{\"@type\":\"ImageObject\",\"inLanguage\":\"it-IT\",\"@id\":\"https:\\\/\\\/www.accuratereviews.com\\\/it\\\/i-migliori-text-editor\\\/#primaryimage\",\"url\":\"http:\\\/\\\/www.accuratereviews.com\\\/wp-content\\\/uploads\\\/2017\\\/01\\\/text-editor.jpg\",\"contentUrl\":\"http:\\\/\\\/www.accuratereviews.com\\\/wp-content\\\/uploads\\\/2017\\\/01\\\/text-editor.jpg\"},{\"@type\":\"BreadcrumbList\",\"@id\":\"https:\\\/\\\/www.accuratereviews.com\\\/it\\\/i-migliori-text-editor\\\/#breadcrumb\",\"itemListElement\":[{\"@type\":\"ListItem\",\"position\":1,\"name\":\"Home\",\"item\":\"https:\\\/\\\/www.accuratereviews.com\\\/it\\\/\"},{\"@type\":\"ListItem\",\"position\":2,\"name\":\"I migliori text editor\"}]},{\"@type\":\"WebSite\",\"@id\":\"https:\\\/\\\/www.accuratereviews.com\\\/it\\\/#website\",\"url\":\"https:\\\/\\\/www.accuratereviews.com\\\/it\\\/\",\"name\":\"Accurate Reviews\",\"description\":\"\",\"potentialAction\":[{\"@type\":\"SearchAction\",\"target\":{\"@type\":\"EntryPoint\",\"urlTemplate\":\"https:\\\/\\\/www.accuratereviews.com\\\/it\\\/?s={search_term_string}\"},\"query-input\":{\"@type\":\"PropertyValueSpecification\",\"valueRequired\":true,\"valueName\":\"search_term_string\"}}],\"inLanguage\":\"it-IT\"}]}<\/script>\n<!-- \/ Yoast SEO plugin. -->","yoast_head_json":{"title":"Trovate i migliori software: text editor | Accurate Reviews","description":"Avete bisogno di un text editor per un progetto personale, oppure per costruire il sito aziendale? Nessun problema, vi spiegheremo cosa cercare.","robots":{"index":"index","follow":"follow","max-snippet":"max-snippet:-1","max-image-preview":"max-image-preview:large","max-video-preview":"max-video-preview:-1"},"canonical":"https:\/\/www.accuratereviews.com\/it\/i-migliori-text-editor\/","og_locale":"it_IT","og_type":"article","og_title":"Trovate i migliori software: text editor | Accurate Reviews","og_description":"Avete bisogno di un text editor per un progetto personale, oppure per costruire il sito aziendale? Nessun problema, vi spiegheremo cosa cercare.","og_url":"https:\/\/www.accuratereviews.com\/it\/i-migliori-text-editor\/","og_site_name":"Accurate Reviews","article_modified_time":"2017-05-05T13:41:41+00:00","og_image":[{"url":"http:\/\/www.accuratereviews.com\/wp-content\/uploads\/2017\/01\/text-editor.jpg","type":"","width":"","height":""}],"twitter_card":"summary_large_image","twitter_misc":{"Tempo di lettura stimato":"2 minuti"},"schema":{"@context":"https:\/\/schema.org","@graph":[{"@type":"WebPage","@id":"https:\/\/www.accuratereviews.com\/it\/i-migliori-text-editor\/","url":"https:\/\/www.accuratereviews.com\/it\/i-migliori-text-editor\/","name":"Trovate i migliori software: text editor | Accurate Reviews","isPartOf":{"@id":"https:\/\/www.accuratereviews.com\/it\/#website"},"primaryImageOfPage":{"@id":"https:\/\/www.accuratereviews.com\/it\/i-migliori-text-editor\/#primaryimage"},"image":{"@id":"https:\/\/www.accuratereviews.com\/it\/i-migliori-text-editor\/#primaryimage"},"thumbnailUrl":"http:\/\/www.accuratereviews.com\/wp-content\/uploads\/2017\/01\/text-editor.jpg","datePublished":"2017-01-30T14:53:59+00:00","dateModified":"2017-05-05T13:41:41+00:00","description":"Avete bisogno di un text editor per un progetto personale, oppure per costruire il sito aziendale? Nessun problema, vi spiegheremo cosa cercare.","breadcrumb":{"@id":"https:\/\/www.accuratereviews.com\/it\/i-migliori-text-editor\/#breadcrumb"},"inLanguage":"it-IT","potentialAction":[{"@type":"ReadAction","target":["https:\/\/www.accuratereviews.com\/it\/i-migliori-text-editor\/"]}]},{"@type":"ImageObject","inLanguage":"it-IT","@id":"https:\/\/www.accuratereviews.com\/it\/i-migliori-text-editor\/#primaryimage","url":"http:\/\/www.accuratereviews.com\/wp-content\/uploads\/2017\/01\/text-editor.jpg","contentUrl":"http:\/\/www.accuratereviews.com\/wp-content\/uploads\/2017\/01\/text-editor.jpg"},{"@type":"BreadcrumbList","@id":"https:\/\/www.accuratereviews.com\/it\/i-migliori-text-editor\/#breadcrumb","itemListElement":[{"@type":"ListItem","position":1,"name":"Home","item":"https:\/\/www.accuratereviews.com\/it\/"},{"@type":"ListItem","position":2,"name":"I migliori text editor"}]},{"@type":"WebSite","@id":"https:\/\/www.accuratereviews.com\/it\/#website","url":"https:\/\/www.accuratereviews.com\/it\/","name":"Accurate Reviews","description":"","potentialAction":[{"@type":"SearchAction","target":{"@type":"EntryPoint","urlTemplate":"https:\/\/www.accuratereviews.com\/it\/?s={search_term_string}"},"query-input":{"@type":"PropertyValueSpecification","valueRequired":true,"valueName":"search_term_string"}}],"inLanguage":"it-IT"}]}},"_links":{"self":[{"href":"https:\/\/www.accuratereviews.com\/it\/wp-json\/wp\/v2\/pages\/7652","targetHints":{"allow":["GET"]}}],"collection":[{"href":"https:\/\/www.accuratereviews.com\/it\/wp-json\/wp\/v2\/pages"}],"about":[{"href":"https:\/\/www.accuratereviews.com\/it\/wp-json\/wp\/v2\/types\/page"}],"author":[{"embeddable":true,"href":"https:\/\/www.accuratereviews.com\/it\/wp-json\/wp\/v2\/users\/16"}],"replies":[{"embeddable":true,"href":"https:\/\/www.accuratereviews.com\/it\/wp-json\/wp\/v2\/comments?post=7652"}],"version-history":[{"count":6,"href":"https:\/\/www.accuratereviews.com\/it\/wp-json\/wp\/v2\/pages\/7652\/revisions"}],"predecessor-version":[{"id":9357,"href":"https:\/\/www.accuratereviews.com\/it\/wp-json\/wp\/v2\/pages\/7652\/revisions\/9357"}],"wp:attachment":[{"href":"https:\/\/www.accuratereviews.com\/it\/wp-json\/wp\/v2\/media?parent=7652"}],"wp:term":[{"taxonomy":"category","embeddable":true,"href":"https:\/\/www.accuratereviews.com\/it\/wp-json\/wp\/v2\/categories?post=7652"},{"taxonomy":"post_tag","embeddable":true,"href":"https:\/\/www.accuratereviews.com\/it\/wp-json\/wp\/v2\/tags?post=7652"},{"taxonomy":"features","embeddable":true,"href":"https:\/\/www.accuratereviews.com\/it\/wp-json\/wp\/v2\/features?post=7652"}],"curies":[{"name":"wp","href":"https:\/\/api.w.org\/{rel}","templated":true}]}}