{"id":76536,"date":"2024-05-08T21:13:40","date_gmt":"2024-05-08T21:13:40","guid":{"rendered":"https:\/\/www.accuratereviews.com\/?page_id=76536"},"modified":"2024-05-08T21:13:40","modified_gmt":"2024-05-08T21:13:40","slug":"sellerchamp-recensione","status":"publish","type":"page","link":"https:\/\/www.accuratereviews.com\/it\/piattaforme-di-dropshipping\/sellerchamp-recensione\/","title":{"rendered":"SellerChamp"},"content":{"rendered":"<p><strong>SellerChamp<\/strong> \u00e8 una <strong>soluzione di eCommerce<\/strong> multicanale basata su <strong>cloud<\/strong> progettata per aiutare le piccole e grandi imprese a gestire inserzioni, ripricing e cross-selling su varie piattaforme online. La piattaforma estrae automaticamente i dettagli, le caratteristiche e le immagini del prodotto tramite codici prodotto universali (UPC) o numeri di identificazione standard Amazon (ASIN). Le caratteristiche principali includono la gestione dell&#8217;inventario e del catalogo, la sincronizzazione dei dati, la gestione degli ordini e l&#8217;integrazione del marketplace. La tecnologia di intelligenza artificiale valuta e adegua i prezzi utilizzando prezzi concorrenti e dati di vendita.<br \/>\n<strong>SellerChamp<\/strong> consente agli utenti di gestire pi\u00f9 account, prodotti e spedizioni tramite Single Sign-On e accesso centralizzato. La funzionalit\u00e0 di stampa automatica aiuta gli utenti a etichettare, imballare e inviare automaticamente i pacchi per la spedizione.<\/p>\n<h2>SELLERCHAMP &#8211; TUTORIAL<\/h2>\n<div id=\"fluid-wrapper-counter-1\" class=\"g1-fluid-wrapper \" style=\"width:686px;\">\n<div style=\"padding-bottom:56.268221574344%;\"><iframe loading=\"lazy\" title=\"How to Assign Item Location in SellerChamp\" width=\"686\" height=\"386\" src=\"https:\/\/www.youtube.com\/embed\/QRICf79dlS8?list=PLAQ4f85wtJsSEyHZhVSk01W6LGVRxfmuW\" frameborder=\"0\" allow=\"accelerometer; autoplay; clipboard-write; encrypted-media; gyroscope; picture-in-picture; web-share\" referrerpolicy=\"strict-origin-when-cross-origin\" allowfullscreen><\/iframe><\/div>\n<\/div>\n<h3>SELLERCHAMP &#8211; CARATTERISTICHE<\/h3>\n<ul>\n<li>Elenca facilmente migliaia di prodotti in modo veloce su pi\u00f9 canali<\/li>\n<li>L&#8217;assistente intelligente che rende le inserzioni sui marketplace un gioco da ragazzi<\/li>\n<li>Scansiona il codice a barre del tuo articolo o carica in blocco un file e lascia che il programma faccia il lavoro.<\/li>\n<li>Recupereremo automaticamente i dati completi del prodotto, tra cui descrizione, caratteristiche, foto multiple, pesi\/dimensioni, specifiche dell&#8217;articolo, variazioni, ecc.<\/li>\n<li>Utilizza la app mobile per scattare foto, creare pacchetti\/kit e personalizzare facilmente i dati di prodotto per ciascun canale di vendita.<\/li>\n<li>Che si tratti di eBay, Amazon, Etsy, Walmart o qualsiasi altro mercato su cui vendi, sincronizza e gestisci facilmente il tuo inventario su pi\u00f9 canali.<\/li>\n<li>Utilizza la potente funzionalit\u00e0 di integrazione dei canali per effettuare vendite incrociate del tuo articolo su pi\u00f9 canali.<\/li>\n<li>Imposta le regole per specificare il prezzo di importazione e i campi da sincronizzare.<\/li>\n<li>Supporto completo per la sincronizzazione di varianti, bundle e kit su tutti i canali.<\/li>\n<li>Attiva le importazioni automatiche per importare automaticamente gli articoli su tutti i tuoi canali ogni 24 ore<\/li>\n<li>Gestisci tutti i tuoi ordini da una dashboard centralizzata<\/li>\n<li>Crea il tuo flusso di lavoro tramite tag personalizzati e distinte di imballaggio personalizzate<\/li>\n<li>Utilizza il repricing intelligente per ridefinire il prezzo degli articoli in base alla concorrenza o alla velocit\u00e0 delle vendite.<\/li>\n<li>Garantisci pi\u00f9 vittorie nella Buy Box con Intelligent RePricer.<\/li>\n<li>Imposta pi\u00f9 RePricer e varia facilmente le regole tra i tuoi articoli.<\/li>\n<li>Trova report intelligenti sui canali di vendita e ottimizza i tuoi profitti.<\/li>\n<li>Scopri le aree di miglioramento per le tue spese e altre spese.<\/li>\n<li>Ottimizza la tua strategia di vendita complessiva confrontando report mensili o trimestrali.<\/li>\n<li>Ottieni report sull&#8217;inventario in tempo reale in modo da non rimanere mai senza strumenti e poter vendere con facilit\u00e0.<\/li>\n<li>Tutti i resoconti dei tuoi acquisti accessibili in un batter d&#8217;occhio.<\/li>\n<li>Tieni sotto controllo tutti i tuoi ordini su vari canali, il tutto da un&#8217;unica dashboard.<\/li>\n<li>Connettiti a pi\u00f9 fornitori tramite FTP o API.<\/li>\n<li>Regole avanzate di personalizzazione del feed per impostare esclusioni, quantit\u00e0 e prezzi.<\/li>\n<\/ul>\n<h4>LE RECENSIONI DEGLI UTENTI<\/h4>\n<p><strong>Barbara &#8220;Fantastico prodotto&#8221;<\/strong><br \/>\n<strong>Pro<\/strong>: Il servizio clienti \u00e8 eccellente e il prodotto funziona come dovrebbe, senza problemi.<br \/>\n<strong>Contro<\/strong>: Nessuno: \u00e8 il miglior software di gestione dell&#8217;inventario che abbiamo utilizzato.<\/p>\n<p><strong>Tom &#8220;Perfetto per l&#8217;ecommerce DTC&#8221;<\/strong><br \/>\n<strong>Pro<\/strong>: Puoi chiaramente dire che il prodotto \u00e8 stato progettato da persone che hanno familiarit\u00e0 con i flussi di lavoro associati all&#8217;ecommerce. Continuo ad apprezzare Sellerchamp e faccio molto affidamento su di esso durante tutta la giornata lavorativa. Lo trovo molto affidabile e preciso. Mi piace davvero lavorarci.<br \/>\n<strong>Contro<\/strong>: Forse un po&#8217; caro, ma le caratteristiche che offre lo rendono utile.<\/p>\n<p><strong>Dex &#8220;Altamente raccomandato!&#8221;<\/strong><br \/>\n<strong>Commenti<\/strong>: Altamente raccomandato. Sono molto disponibili e ti forniranno aggiornamenti e risolveranno immediatamente il problema.<br \/>\n<strong>Pro<\/strong>: Sono molto professionali. Ti forniranno un aggiornamento sul problema e lo risolveranno il prima possibile.<br \/>\n<strong>Contro<\/strong>: L&#8217;integrazione \u00e8 stata eccellente. Tuttavia, a volte potremmo riscontrare dei bug, ma \u00e8 solo un problema di back-end e il team IT lo risolver\u00e0 immediatamente.<\/p>\n","protected":false},"excerpt":{"rendered":"<p>SellerChamp \u00e8 una soluzione di eCommerce multicanale basata su cloud progettata per aiutare le piccole e grandi imprese a gestire inserzioni, ripricing e cross-selling su varie piattaforme online. La piattaforma estrae automaticamente i dettagli, le caratteristiche e le immagini del prodotto tramite codici prodotto universali (UPC) o numeri di identificazione standard Amazon (ASIN).<\/p>\n","protected":false},"author":19,"featured_media":76538,"parent":36249,"menu_order":0,"comment_status":"open","ping_status":"closed","template":"g1_template_page_review_new.php","meta":{"_acf_changed":false,"cwp_meta_box_check":"Yes","cwp_rev_product_name":"","cwp_rev_product_image":"","wppr_links":[],"cwp_rev_price":"0.00","wppr_options":[{"name":"Usability","value":"0"},{"name":"Speed","value":"0"},{"name":"Features","value":"0"},{"name":"Support","value":"0"},{"name":"Pricing","value":"0"}],"wppr_pros":["","","","",""],"wppr_cons":["","","","",""],"_monsterinsights_skip_tracking":false,"_monsterinsights_sitenote_active":false,"_monsterinsights_sitenote_note":"","_monsterinsights_sitenote_category":0,"footnotes":""},"categories":[4285],"tags":[5037,4292,4290,15080,4287,4288],"features":[],"class_list":{"0":"post-76536","1":"page","2":"type-page","3":"status-publish","4":"has-post-thumbnail","6":"category-piattaforme-di-dropshipping-categoria","7":"tag-dropshipping-it","8":"tag-piattaforma-di-dropshipping","9":"tag-programma-di-dropshipping","10":"tag-sellerchamp","11":"tag-software-di-dropshipping","12":"tag-soluzione-di-dropshipping"},"wppr_data":{"cwp_meta_box_check":"Yes","_wppr_review_template":"default","cwp_rev_product_image":"","cwp_image_link":"image","wppr_links":[],"cwp_rev_price":"0.00","wppr_pros":["","","","",""],"wppr_cons":["","","","",""],"wppr_rating":"0.00","wppr_options":{"1":{"name":"Usability","value":"0"},"2":{"name":"Speed","value":"0"},"3":{"name":"Features","value":"0"},"4":{"name":"Support","value":"0"},"5":{"name":"Pricing","value":"0"}},"wppr_review_type":"Product","wppr_review_custom_fields":{"additionalProperty":"","additionalType":"","aggregateRating":"","alternateName":"","audience":"","award":"","awards":"","brand":"","color":"","depth":"","description":"","disambiguatingDescription":"","gtin12":"","gtin13":"","gtin14":"","gtin8":"","height":"","identifier":"","image":"","isAccessoryOrSparePartFor":"","isConsumableFor":"","isRelatedTo":"","isSimilarTo":"","itemCondition":"","logo":"","mainEntityOfPage":"","manufacturer":"","material":"","model":"","mpn":"","name":"","offers":"","potentialAction":"","productID":"","productionDate":"","purchaseDate":"","releaseDate":"","review":"","reviews":"","sameAs":"","sku":"","slogan":"","subjectOf":"","url":"","weight":"","width":""}},"acf":[],"yoast_head":"<!-- This site is optimized with the Yoast SEO plugin v27.4 - https:\/\/yoast.com\/product\/yoast-seo-wordpress\/ -->\n<title>SellerChamp: recensione software di dropshipping - Accurate Reviews<\/title>\n<meta name=\"description\" content=\"SellerChamp: recensione soluzione di eCommerce multicanale basata su cloud progettata per aiutare le piccole e grandi imprese.\" \/>\n<meta name=\"robots\" content=\"index, follow, max-snippet:-1, max-image-preview:large, max-video-preview:-1\" \/>\n<link rel=\"canonical\" href=\"https:\/\/www.accuratereviews.com\/it\/piattaforme-di-dropshipping\/sellerchamp-recensione\/\" \/>\n<meta property=\"og:locale\" content=\"it_IT\" \/>\n<meta property=\"og:type\" content=\"article\" \/>\n<meta property=\"og:title\" content=\"SellerChamp: recensione software di dropshipping - Accurate Reviews\" \/>\n<meta property=\"og:description\" content=\"SellerChamp: recensione soluzione di eCommerce multicanale basata su cloud progettata per aiutare le piccole e grandi imprese.\" \/>\n<meta property=\"og:url\" content=\"https:\/\/www.accuratereviews.com\/it\/piattaforme-di-dropshipping\/sellerchamp-recensione\/\" \/>\n<meta property=\"og:site_name\" content=\"Accurate Reviews\" \/>\n<meta property=\"og:image\" content=\"https:\/\/www.accuratereviews.com\/wp-content\/uploads\/2024\/05\/SellerChamp.png\" \/>\n\t<meta property=\"og:image:width\" content=\"726\" \/>\n\t<meta property=\"og:image:height\" content=\"739\" \/>\n\t<meta property=\"og:image:type\" content=\"image\/png\" \/>\n<meta name=\"twitter:card\" content=\"summary_large_image\" \/>\n<meta name=\"twitter:label1\" content=\"Tempo di lettura stimato\" \/>\n\t<meta name=\"twitter:data1\" content=\"5 minuti\" \/>\n<script type=\"application\/ld+json\" class=\"yoast-schema-graph\">{\"@context\":\"https:\\\/\\\/schema.org\",\"@graph\":[{\"@type\":\"WebPage\",\"@id\":\"https:\\\/\\\/www.accuratereviews.com\\\/it\\\/piattaforme-di-dropshipping\\\/sellerchamp-recensione\\\/\",\"url\":\"https:\\\/\\\/www.accuratereviews.com\\\/it\\\/piattaforme-di-dropshipping\\\/sellerchamp-recensione\\\/\",\"name\":\"SellerChamp: recensione software di dropshipping - Accurate Reviews\",\"isPartOf\":{\"@id\":\"https:\\\/\\\/www.accuratereviews.com\\\/it\\\/#website\"},\"primaryImageOfPage\":{\"@id\":\"https:\\\/\\\/www.accuratereviews.com\\\/it\\\/piattaforme-di-dropshipping\\\/sellerchamp-recensione\\\/#primaryimage\"},\"image\":{\"@id\":\"https:\\\/\\\/www.accuratereviews.com\\\/it\\\/piattaforme-di-dropshipping\\\/sellerchamp-recensione\\\/#primaryimage\"},\"thumbnailUrl\":\"https:\\\/\\\/www.accuratereviews.com\\\/wp-content\\\/uploads\\\/2024\\\/05\\\/SellerChamp.png\",\"datePublished\":\"2024-05-08T21:13:40+00:00\",\"description\":\"SellerChamp: recensione soluzione di eCommerce multicanale basata su cloud progettata per aiutare le piccole e grandi imprese.\",\"breadcrumb\":{\"@id\":\"https:\\\/\\\/www.accuratereviews.com\\\/it\\\/piattaforme-di-dropshipping\\\/sellerchamp-recensione\\\/#breadcrumb\"},\"inLanguage\":\"it-IT\",\"potentialAction\":[{\"@type\":\"ReadAction\",\"target\":[\"https:\\\/\\\/www.accuratereviews.com\\\/it\\\/piattaforme-di-dropshipping\\\/sellerchamp-recensione\\\/\"]}]},{\"@type\":\"ImageObject\",\"inLanguage\":\"it-IT\",\"@id\":\"https:\\\/\\\/www.accuratereviews.com\\\/it\\\/piattaforme-di-dropshipping\\\/sellerchamp-recensione\\\/#primaryimage\",\"url\":\"https:\\\/\\\/www.accuratereviews.com\\\/wp-content\\\/uploads\\\/2024\\\/05\\\/SellerChamp.png\",\"contentUrl\":\"https:\\\/\\\/www.accuratereviews.com\\\/wp-content\\\/uploads\\\/2024\\\/05\\\/SellerChamp.png\",\"width\":726,\"height\":739},{\"@type\":\"BreadcrumbList\",\"@id\":\"https:\\\/\\\/www.accuratereviews.com\\\/it\\\/piattaforme-di-dropshipping\\\/sellerchamp-recensione\\\/#breadcrumb\",\"itemListElement\":[{\"@type\":\"ListItem\",\"position\":1,\"name\":\"Home\",\"item\":\"https:\\\/\\\/www.accuratereviews.com\\\/it\\\/\"},{\"@type\":\"ListItem\",\"position\":2,\"name\":\"Piattaforme di dropshipping\",\"item\":\"https:\\\/\\\/www.accuratereviews.com\\\/it\\\/piattaforme-di-dropshipping\\\/\"},{\"@type\":\"ListItem\",\"position\":3,\"name\":\"SellerChamp\"}]},{\"@type\":\"WebSite\",\"@id\":\"https:\\\/\\\/www.accuratereviews.com\\\/it\\\/#website\",\"url\":\"https:\\\/\\\/www.accuratereviews.com\\\/it\\\/\",\"name\":\"Accurate Reviews\",\"description\":\"\",\"potentialAction\":[{\"@type\":\"SearchAction\",\"target\":{\"@type\":\"EntryPoint\",\"urlTemplate\":\"https:\\\/\\\/www.accuratereviews.com\\\/it\\\/?s={search_term_string}\"},\"query-input\":{\"@type\":\"PropertyValueSpecification\",\"valueRequired\":true,\"valueName\":\"search_term_string\"}}],\"inLanguage\":\"it-IT\"}]}<\/script>\n<!-- \/ Yoast SEO plugin. -->","yoast_head_json":{"title":"SellerChamp: recensione software di dropshipping - Accurate Reviews","description":"SellerChamp: recensione soluzione di eCommerce multicanale basata su cloud progettata per aiutare le piccole e grandi imprese.","robots":{"index":"index","follow":"follow","max-snippet":"max-snippet:-1","max-image-preview":"max-image-preview:large","max-video-preview":"max-video-preview:-1"},"canonical":"https:\/\/www.accuratereviews.com\/it\/piattaforme-di-dropshipping\/sellerchamp-recensione\/","og_locale":"it_IT","og_type":"article","og_title":"SellerChamp: recensione software di dropshipping - Accurate Reviews","og_description":"SellerChamp: recensione soluzione di eCommerce multicanale basata su cloud progettata per aiutare le piccole e grandi imprese.","og_url":"https:\/\/www.accuratereviews.com\/it\/piattaforme-di-dropshipping\/sellerchamp-recensione\/","og_site_name":"Accurate Reviews","og_image":[{"width":726,"height":739,"url":"https:\/\/www.accuratereviews.com\/wp-content\/uploads\/2024\/05\/SellerChamp.png","type":"image\/png"}],"twitter_card":"summary_large_image","twitter_misc":{"Tempo di lettura stimato":"5 minuti"},"schema":{"@context":"https:\/\/schema.org","@graph":[{"@type":"WebPage","@id":"https:\/\/www.accuratereviews.com\/it\/piattaforme-di-dropshipping\/sellerchamp-recensione\/","url":"https:\/\/www.accuratereviews.com\/it\/piattaforme-di-dropshipping\/sellerchamp-recensione\/","name":"SellerChamp: recensione software di dropshipping - Accurate Reviews","isPartOf":{"@id":"https:\/\/www.accuratereviews.com\/it\/#website"},"primaryImageOfPage":{"@id":"https:\/\/www.accuratereviews.com\/it\/piattaforme-di-dropshipping\/sellerchamp-recensione\/#primaryimage"},"image":{"@id":"https:\/\/www.accuratereviews.com\/it\/piattaforme-di-dropshipping\/sellerchamp-recensione\/#primaryimage"},"thumbnailUrl":"https:\/\/www.accuratereviews.com\/wp-content\/uploads\/2024\/05\/SellerChamp.png","datePublished":"2024-05-08T21:13:40+00:00","description":"SellerChamp: recensione soluzione di eCommerce multicanale basata su cloud progettata per aiutare le piccole e grandi imprese.","breadcrumb":{"@id":"https:\/\/www.accuratereviews.com\/it\/piattaforme-di-dropshipping\/sellerchamp-recensione\/#breadcrumb"},"inLanguage":"it-IT","potentialAction":[{"@type":"ReadAction","target":["https:\/\/www.accuratereviews.com\/it\/piattaforme-di-dropshipping\/sellerchamp-recensione\/"]}]},{"@type":"ImageObject","inLanguage":"it-IT","@id":"https:\/\/www.accuratereviews.com\/it\/piattaforme-di-dropshipping\/sellerchamp-recensione\/#primaryimage","url":"https:\/\/www.accuratereviews.com\/wp-content\/uploads\/2024\/05\/SellerChamp.png","contentUrl":"https:\/\/www.accuratereviews.com\/wp-content\/uploads\/2024\/05\/SellerChamp.png","width":726,"height":739},{"@type":"BreadcrumbList","@id":"https:\/\/www.accuratereviews.com\/it\/piattaforme-di-dropshipping\/sellerchamp-recensione\/#breadcrumb","itemListElement":[{"@type":"ListItem","position":1,"name":"Home","item":"https:\/\/www.accuratereviews.com\/it\/"},{"@type":"ListItem","position":2,"name":"Piattaforme di dropshipping","item":"https:\/\/www.accuratereviews.com\/it\/piattaforme-di-dropshipping\/"},{"@type":"ListItem","position":3,"name":"SellerChamp"}]},{"@type":"WebSite","@id":"https:\/\/www.accuratereviews.com\/it\/#website","url":"https:\/\/www.accuratereviews.com\/it\/","name":"Accurate Reviews","description":"","potentialAction":[{"@type":"SearchAction","target":{"@type":"EntryPoint","urlTemplate":"https:\/\/www.accuratereviews.com\/it\/?s={search_term_string}"},"query-input":{"@type":"PropertyValueSpecification","valueRequired":true,"valueName":"search_term_string"}}],"inLanguage":"it-IT"}]}},"_links":{"self":[{"href":"https:\/\/www.accuratereviews.com\/it\/wp-json\/wp\/v2\/pages\/76536","targetHints":{"allow":["GET"]}}],"collection":[{"href":"https:\/\/www.accuratereviews.com\/it\/wp-json\/wp\/v2\/pages"}],"about":[{"href":"https:\/\/www.accuratereviews.com\/it\/wp-json\/wp\/v2\/types\/page"}],"author":[{"embeddable":true,"href":"https:\/\/www.accuratereviews.com\/it\/wp-json\/wp\/v2\/users\/19"}],"replies":[{"embeddable":true,"href":"https:\/\/www.accuratereviews.com\/it\/wp-json\/wp\/v2\/comments?post=76536"}],"version-history":[{"count":10,"href":"https:\/\/www.accuratereviews.com\/it\/wp-json\/wp\/v2\/pages\/76536\/revisions"}],"predecessor-version":[{"id":76573,"href":"https:\/\/www.accuratereviews.com\/it\/wp-json\/wp\/v2\/pages\/76536\/revisions\/76573"}],"up":[{"embeddable":true,"href":"https:\/\/www.accuratereviews.com\/it\/wp-json\/wp\/v2\/pages\/36249"}],"wp:featuredmedia":[{"embeddable":true,"href":"https:\/\/www.accuratereviews.com\/it\/wp-json\/wp\/v2\/media\/76538"}],"wp:attachment":[{"href":"https:\/\/www.accuratereviews.com\/it\/wp-json\/wp\/v2\/media?parent=76536"}],"wp:term":[{"taxonomy":"category","embeddable":true,"href":"https:\/\/www.accuratereviews.com\/it\/wp-json\/wp\/v2\/categories?post=76536"},{"taxonomy":"post_tag","embeddable":true,"href":"https:\/\/www.accuratereviews.com\/it\/wp-json\/wp\/v2\/tags?post=76536"},{"taxonomy":"features","embeddable":true,"href":"https:\/\/www.accuratereviews.com\/it\/wp-json\/wp\/v2\/features?post=76536"}],"curies":[{"name":"wp","href":"https:\/\/api.w.org\/{rel}","templated":true}]}}