{"id":76585,"date":"2024-05-09T16:07:56","date_gmt":"2024-05-09T16:07:56","guid":{"rendered":"https:\/\/www.accuratereviews.com\/?page_id=76585"},"modified":"2024-05-09T16:07:56","modified_gmt":"2024-05-09T16:07:56","slug":"sps-commerce-recensione","status":"publish","type":"page","link":"https:\/\/www.accuratereviews.com\/it\/piattaforme-di-dropshipping\/sps-commerce-recensione\/","title":{"rendered":"SPS Commerce"},"content":{"rendered":"<p><strong>SPS Commerce Fulfillment<\/strong> \u00e8 una soluzione EDI, basata su <strong>cloud<\/strong>, le funzionalit\u00e0 principali includono la gestione degli ordini, il monitoraggio dello stato, la gestione delle fatture e la funzionalit\u00e0 di ricerca. La piattaforma \u00e8 <strong>dotata di un dashboard<\/strong> delle attivit\u00e0, che consente agli amministratori di visualizzare nuovi ordini, articoli pronti per la conferma o la spedizione, ordini mancanti e altro ancora.<br \/>\n<strong>SPS Commerce Fulfillment <\/strong>consente ai team di archiviare documenti, fatture, avvisi di spedizione e informazioni contabili su un portale centralizzato. Inoltre, i manager possono connettere il sistema con partner commerciali, ricevere notifiche per il completamento delle attivit\u00e0 e automatizzare la sincronizzazione dei dati per garantire la precisione. La soluzione \u00e8 veloce, affidabile e scalabile e pu\u00f2 gestire i requisiti di evasione pi\u00f9 complessi per qualsiasi partner commerciale, attraverso qualsiasi canale, inclusi negozi, ecommerce e marketplace.<\/p>\n<h2>SPS COMMERCE &#8211; TUTORIAL<\/h2>\n<div id=\"fluid-wrapper-counter-1\" class=\"g1-fluid-wrapper \" style=\"width:686px;\">\n<div style=\"padding-bottom:56.268221574344%;\"><iframe loading=\"lazy\" title=\"Acumatica 2022 Enhancement Release Webinar\" width=\"686\" height=\"386\" src=\"https:\/\/www.youtube.com\/embed\/2rnTTuKPJO4?feature=oembed&amp;wmode=transparent&amp;autohide=1&amp;autoplay=0&amp;disablekb=0&amp;fs=1&amp;loop=0&amp;enablejsapi=1&amp;rel=0&amp;controls=2&amp;showinfo=0&amp;wmode=transparent&amp;autohide=2&amp;autoplay=0&amp;disablekb=0&amp;fs=1&amp;loop=0&amp;enablejsapi=1&amp;rel=0&amp;controls=2&amp;showinfo=1\" frameborder=\"0\" allow=\"accelerometer; autoplay; clipboard-write; encrypted-media; gyroscope; picture-in-picture; web-share\" referrerpolicy=\"strict-origin-when-cross-origin\" allowfullscreen><\/iframe><\/div>\n<\/div>\n<h3>SPS COMMERCE &#8211; CARATTERISTICHE<\/h3>\n<ul>\n<li>Prodotti: ottieni funzionalit\u00e0 EDI, raggiungi la conformit\u00e0, connetti sistemi e partner commerciali integrati<\/li>\n<li>Assortimento: soluzione completa per informazioni di prodotto complete e accurate su tutti i canali<\/li>\n<li>Comunit\u00e0: affida agli esperti la manutenzione della community dei tuoi partner commerciali e il processo di onboarding<\/li>\n<li>Centrale degli ordini: semplifica il modo in cui crei e gestisci gli ordini digitali su tutti i tuoi canali e fornitori<\/li>\n<li>Analitica: trasforma i dati in informazioni significative per vincere su tutti i canali di vendita<\/li>\n<li>SPS per 3PL: standardizza e automatizza le comunicazioni con i clienti per operazioni semplici.<\/li>\n<li>Test e certificazione EDI: soddisfa i requisiti di conformit\u00e0 dei tuoi partner commerciali e clienti<\/li>\n<li>Convalida i dati in base a regole aziendali per identificare e correggere gli errori<\/li>\n<li>Trasforma i dati automaticamente mappando i tuoi dati alle regole aziendali uniche dei tuoi partner commerciali<\/li>\n<li>Individua opportunit\u00e0 di rifornimento<\/li>\n<li>Rimani aggiornato sui KPI che ti interessano, tra cui sell-through, margine lordo, inventario disponibile e altro ancora<\/li>\n<\/ul>\n<h4>LE RECENSIONI DEGLI UTENTI<\/h4>\n<p><strong>Laura &#8220;Adoro l&#8217;SPS&#8221;<\/strong><br \/>\n<strong>Commenti<\/strong>: Adoro SPS e sono cos\u00ec felice che siamo passati da Gentran.<br \/>\n<strong>Pro<\/strong>: Se non sei un esperto di EDI, o anche se lo sei, SPS \u00e8 un&#8217;ottima opzione perch\u00e9 \u00e8 molto facile da usare e fa risparmiare un&#8217;enorme quantit\u00e0 di tempo. Ho sempre gestito l&#8217;EDI per l&#8217;azienda, ma \u00e8 stato facile formare anche altre persone nella nostra azienda a utilizzare il software. Il team \u00e8 cordiale, attento e disponibile. Praticamente fanno tutte le cose difficili per te.<br \/>\n<strong>Contro<\/strong>: Non ci sono molti contro. Se dovessi citarne uno, sarebbe che i &#8220;suggerimenti&#8221; non sono sempre molto utili, ma puoi trovare la risposta in altri modi.<\/p>\n<p><strong>Travis &#8220;Supporto di livello superiore&#8221;<\/strong><br \/>\n<strong>Commenti<\/strong>: Nel complesso siamo molto soddisfatti per il servizio che ci viene offerto.<br \/>\n<strong>Pro<\/strong>: Utilizzo SPS Commerce da molti anni e apprezzo il supporto dedicato del nostro account manager e del suo team. Per domande tecniche, il team di supporto di SPS Commerce \u00e8 pronto a rispondere e ad aiutare!<br \/>\n<strong>Contro<\/strong>: Una piccola area di miglioramento pu\u00f2 riguardare la gestione di grandi quantit\u00e0 di dati da parte dei documenti e il loro salvataggio corretto.<\/p>\n<p><strong>Luis &#8220;Vantaggi del flusso di lavoro SPS&#8221;<\/strong><br \/>\n<strong>Commenti<\/strong>: Il supporto SPS non \u00e8 secondo a nessuno. Se riscontri un problema, contattali semplicemente e sarai sicuro di ottenere una risoluzione rapida.<br \/>\n<strong>Pro<\/strong>: SPS \u00e8 una piattaforma molto facile da usare. Le notifiche in tempo reale ti consentono di ricevere e modificare gli ordini nuovi\/correnti per un numero di clienti.<br \/>\n<strong>Contro<\/strong>: Non tutti i clienti offrono le stesse opzioni in SPS per modificare\/eliminare ordini e fatture. Ci\u00f2 significa che molto probabilmente dovrai contattare l&#8217;assistenza ad un certo punto per ricevere istruzioni su come navigare.<\/p>\n","protected":false},"excerpt":{"rendered":"<p>SPS Commerce Fulfillment \u00e8 una soluzione EDI basata su cloud\u00a0 le funzionalit\u00e0 principali includono la gestione degli ordini, il monitoraggio dello stato, la gestione delle fatture e la funzionalit\u00e0 di ricerca. La piattaforma \u00e8 dotata di un dashboard delle attivit\u00e0, che consente agli amministratori di visualizzare nuovi ordini, articoli pronti per la conferma o la spedizione, ordini mancanti e altro ancora.<\/p>\n","protected":false},"author":19,"featured_media":76593,"parent":36249,"menu_order":0,"comment_status":"open","ping_status":"closed","template":"g1_template_page_review_new.php","meta":{"_acf_changed":false,"cwp_meta_box_check":"No","cwp_rev_product_name":"","cwp_rev_product_image":"","wppr_links":[],"cwp_rev_price":"","wppr_options":[],"wppr_pros":[],"wppr_cons":[],"_monsterinsights_skip_tracking":false,"_monsterinsights_sitenote_active":false,"_monsterinsights_sitenote_note":"","_monsterinsights_sitenote_category":0,"footnotes":""},"categories":[4285],"tags":[5037,4292,4290,4287,4288,15084],"features":[],"class_list":{"0":"post-76585","1":"page","2":"type-page","3":"status-publish","4":"has-post-thumbnail","6":"category-piattaforme-di-dropshipping-categoria","7":"tag-dropshipping-it","8":"tag-piattaforma-di-dropshipping","9":"tag-programma-di-dropshipping","10":"tag-software-di-dropshipping","11":"tag-soluzione-di-dropshipping","12":"tag-sps-commerce"},"wppr_data":{"cwp_meta_box_check":"No"},"acf":[],"yoast_head":"<!-- This site is optimized with the Yoast SEO plugin v27.4 - https:\/\/yoast.com\/product\/yoast-seo-wordpress\/ -->\n<title>SPS Commerce: recensione piattaforma dropshipping - Accurate Reviews<\/title>\n<meta name=\"description\" content=\"SPS Commerce: recensione soluzione EDI per la gestione degli ordini, il monitoraggio dello stato, le fatture e la funzionalit\u00e0 di ricerca\" \/>\n<meta name=\"robots\" content=\"index, follow, max-snippet:-1, max-image-preview:large, max-video-preview:-1\" \/>\n<link rel=\"canonical\" href=\"https:\/\/www.accuratereviews.com\/it\/piattaforme-di-dropshipping\/sps-commerce-recensione\/\" \/>\n<meta property=\"og:locale\" content=\"it_IT\" \/>\n<meta property=\"og:type\" content=\"article\" \/>\n<meta property=\"og:title\" content=\"SPS Commerce: recensione piattaforma dropshipping - Accurate Reviews\" \/>\n<meta property=\"og:description\" content=\"SPS Commerce: recensione soluzione EDI per la gestione degli ordini, il monitoraggio dello stato, le fatture e la funzionalit\u00e0 di ricerca\" \/>\n<meta property=\"og:url\" content=\"https:\/\/www.accuratereviews.com\/it\/piattaforme-di-dropshipping\/sps-commerce-recensione\/\" \/>\n<meta property=\"og:site_name\" content=\"Accurate Reviews\" \/>\n<meta property=\"og:image\" content=\"https:\/\/www.accuratereviews.com\/wp-content\/uploads\/2024\/05\/SPS-Commerce2.png\" \/>\n\t<meta property=\"og:image:width\" content=\"600\" \/>\n\t<meta property=\"og:image:height\" content=\"435\" \/>\n\t<meta property=\"og:image:type\" content=\"image\/png\" \/>\n<meta name=\"twitter:card\" content=\"summary_large_image\" \/>\n<meta name=\"twitter:label1\" content=\"Tempo di lettura stimato\" \/>\n\t<meta name=\"twitter:data1\" content=\"4 minuti\" \/>\n<script type=\"application\/ld+json\" class=\"yoast-schema-graph\">{\"@context\":\"https:\\\/\\\/schema.org\",\"@graph\":[{\"@type\":\"WebPage\",\"@id\":\"https:\\\/\\\/www.accuratereviews.com\\\/it\\\/piattaforme-di-dropshipping\\\/sps-commerce-recensione\\\/\",\"url\":\"https:\\\/\\\/www.accuratereviews.com\\\/it\\\/piattaforme-di-dropshipping\\\/sps-commerce-recensione\\\/\",\"name\":\"SPS Commerce: recensione piattaforma dropshipping - Accurate Reviews\",\"isPartOf\":{\"@id\":\"https:\\\/\\\/www.accuratereviews.com\\\/it\\\/#website\"},\"primaryImageOfPage\":{\"@id\":\"https:\\\/\\\/www.accuratereviews.com\\\/it\\\/piattaforme-di-dropshipping\\\/sps-commerce-recensione\\\/#primaryimage\"},\"image\":{\"@id\":\"https:\\\/\\\/www.accuratereviews.com\\\/it\\\/piattaforme-di-dropshipping\\\/sps-commerce-recensione\\\/#primaryimage\"},\"thumbnailUrl\":\"https:\\\/\\\/www.accuratereviews.com\\\/wp-content\\\/uploads\\\/2024\\\/05\\\/SPS-Commerce2.png\",\"datePublished\":\"2024-05-09T16:07:56+00:00\",\"description\":\"SPS Commerce: recensione soluzione EDI per la gestione degli ordini, il monitoraggio dello stato, le fatture e la funzionalit\u00e0 di ricerca\",\"breadcrumb\":{\"@id\":\"https:\\\/\\\/www.accuratereviews.com\\\/it\\\/piattaforme-di-dropshipping\\\/sps-commerce-recensione\\\/#breadcrumb\"},\"inLanguage\":\"it-IT\",\"potentialAction\":[{\"@type\":\"ReadAction\",\"target\":[\"https:\\\/\\\/www.accuratereviews.com\\\/it\\\/piattaforme-di-dropshipping\\\/sps-commerce-recensione\\\/\"]}]},{\"@type\":\"ImageObject\",\"inLanguage\":\"it-IT\",\"@id\":\"https:\\\/\\\/www.accuratereviews.com\\\/it\\\/piattaforme-di-dropshipping\\\/sps-commerce-recensione\\\/#primaryimage\",\"url\":\"https:\\\/\\\/www.accuratereviews.com\\\/wp-content\\\/uploads\\\/2024\\\/05\\\/SPS-Commerce2.png\",\"contentUrl\":\"https:\\\/\\\/www.accuratereviews.com\\\/wp-content\\\/uploads\\\/2024\\\/05\\\/SPS-Commerce2.png\",\"width\":600,\"height\":435},{\"@type\":\"BreadcrumbList\",\"@id\":\"https:\\\/\\\/www.accuratereviews.com\\\/it\\\/piattaforme-di-dropshipping\\\/sps-commerce-recensione\\\/#breadcrumb\",\"itemListElement\":[{\"@type\":\"ListItem\",\"position\":1,\"name\":\"Home\",\"item\":\"https:\\\/\\\/www.accuratereviews.com\\\/it\\\/\"},{\"@type\":\"ListItem\",\"position\":2,\"name\":\"Piattaforme di dropshipping\",\"item\":\"https:\\\/\\\/www.accuratereviews.com\\\/it\\\/piattaforme-di-dropshipping\\\/\"},{\"@type\":\"ListItem\",\"position\":3,\"name\":\"SPS Commerce\"}]},{\"@type\":\"WebSite\",\"@id\":\"https:\\\/\\\/www.accuratereviews.com\\\/it\\\/#website\",\"url\":\"https:\\\/\\\/www.accuratereviews.com\\\/it\\\/\",\"name\":\"Accurate Reviews\",\"description\":\"\",\"potentialAction\":[{\"@type\":\"SearchAction\",\"target\":{\"@type\":\"EntryPoint\",\"urlTemplate\":\"https:\\\/\\\/www.accuratereviews.com\\\/it\\\/?s={search_term_string}\"},\"query-input\":{\"@type\":\"PropertyValueSpecification\",\"valueRequired\":true,\"valueName\":\"search_term_string\"}}],\"inLanguage\":\"it-IT\"}]}<\/script>\n<!-- \/ Yoast SEO plugin. -->","yoast_head_json":{"title":"SPS Commerce: recensione piattaforma dropshipping - Accurate Reviews","description":"SPS Commerce: recensione soluzione EDI per la gestione degli ordini, il monitoraggio dello stato, le fatture e la funzionalit\u00e0 di ricerca","robots":{"index":"index","follow":"follow","max-snippet":"max-snippet:-1","max-image-preview":"max-image-preview:large","max-video-preview":"max-video-preview:-1"},"canonical":"https:\/\/www.accuratereviews.com\/it\/piattaforme-di-dropshipping\/sps-commerce-recensione\/","og_locale":"it_IT","og_type":"article","og_title":"SPS Commerce: recensione piattaforma dropshipping - Accurate Reviews","og_description":"SPS Commerce: recensione soluzione EDI per la gestione degli ordini, il monitoraggio dello stato, le fatture e la funzionalit\u00e0 di ricerca","og_url":"https:\/\/www.accuratereviews.com\/it\/piattaforme-di-dropshipping\/sps-commerce-recensione\/","og_site_name":"Accurate Reviews","og_image":[{"width":600,"height":435,"url":"https:\/\/www.accuratereviews.com\/wp-content\/uploads\/2024\/05\/SPS-Commerce2.png","type":"image\/png"}],"twitter_card":"summary_large_image","twitter_misc":{"Tempo di lettura stimato":"4 minuti"},"schema":{"@context":"https:\/\/schema.org","@graph":[{"@type":"WebPage","@id":"https:\/\/www.accuratereviews.com\/it\/piattaforme-di-dropshipping\/sps-commerce-recensione\/","url":"https:\/\/www.accuratereviews.com\/it\/piattaforme-di-dropshipping\/sps-commerce-recensione\/","name":"SPS Commerce: recensione piattaforma dropshipping - Accurate Reviews","isPartOf":{"@id":"https:\/\/www.accuratereviews.com\/it\/#website"},"primaryImageOfPage":{"@id":"https:\/\/www.accuratereviews.com\/it\/piattaforme-di-dropshipping\/sps-commerce-recensione\/#primaryimage"},"image":{"@id":"https:\/\/www.accuratereviews.com\/it\/piattaforme-di-dropshipping\/sps-commerce-recensione\/#primaryimage"},"thumbnailUrl":"https:\/\/www.accuratereviews.com\/wp-content\/uploads\/2024\/05\/SPS-Commerce2.png","datePublished":"2024-05-09T16:07:56+00:00","description":"SPS Commerce: recensione soluzione EDI per la gestione degli ordini, il monitoraggio dello stato, le fatture e la funzionalit\u00e0 di ricerca","breadcrumb":{"@id":"https:\/\/www.accuratereviews.com\/it\/piattaforme-di-dropshipping\/sps-commerce-recensione\/#breadcrumb"},"inLanguage":"it-IT","potentialAction":[{"@type":"ReadAction","target":["https:\/\/www.accuratereviews.com\/it\/piattaforme-di-dropshipping\/sps-commerce-recensione\/"]}]},{"@type":"ImageObject","inLanguage":"it-IT","@id":"https:\/\/www.accuratereviews.com\/it\/piattaforme-di-dropshipping\/sps-commerce-recensione\/#primaryimage","url":"https:\/\/www.accuratereviews.com\/wp-content\/uploads\/2024\/05\/SPS-Commerce2.png","contentUrl":"https:\/\/www.accuratereviews.com\/wp-content\/uploads\/2024\/05\/SPS-Commerce2.png","width":600,"height":435},{"@type":"BreadcrumbList","@id":"https:\/\/www.accuratereviews.com\/it\/piattaforme-di-dropshipping\/sps-commerce-recensione\/#breadcrumb","itemListElement":[{"@type":"ListItem","position":1,"name":"Home","item":"https:\/\/www.accuratereviews.com\/it\/"},{"@type":"ListItem","position":2,"name":"Piattaforme di dropshipping","item":"https:\/\/www.accuratereviews.com\/it\/piattaforme-di-dropshipping\/"},{"@type":"ListItem","position":3,"name":"SPS Commerce"}]},{"@type":"WebSite","@id":"https:\/\/www.accuratereviews.com\/it\/#website","url":"https:\/\/www.accuratereviews.com\/it\/","name":"Accurate Reviews","description":"","potentialAction":[{"@type":"SearchAction","target":{"@type":"EntryPoint","urlTemplate":"https:\/\/www.accuratereviews.com\/it\/?s={search_term_string}"},"query-input":{"@type":"PropertyValueSpecification","valueRequired":true,"valueName":"search_term_string"}}],"inLanguage":"it-IT"}]}},"_links":{"self":[{"href":"https:\/\/www.accuratereviews.com\/it\/wp-json\/wp\/v2\/pages\/76585","targetHints":{"allow":["GET"]}}],"collection":[{"href":"https:\/\/www.accuratereviews.com\/it\/wp-json\/wp\/v2\/pages"}],"about":[{"href":"https:\/\/www.accuratereviews.com\/it\/wp-json\/wp\/v2\/types\/page"}],"author":[{"embeddable":true,"href":"https:\/\/www.accuratereviews.com\/it\/wp-json\/wp\/v2\/users\/19"}],"replies":[{"embeddable":true,"href":"https:\/\/www.accuratereviews.com\/it\/wp-json\/wp\/v2\/comments?post=76585"}],"version-history":[{"count":12,"href":"https:\/\/www.accuratereviews.com\/it\/wp-json\/wp\/v2\/pages\/76585\/revisions"}],"predecessor-version":[{"id":76608,"href":"https:\/\/www.accuratereviews.com\/it\/wp-json\/wp\/v2\/pages\/76585\/revisions\/76608"}],"up":[{"embeddable":true,"href":"https:\/\/www.accuratereviews.com\/it\/wp-json\/wp\/v2\/pages\/36249"}],"wp:featuredmedia":[{"embeddable":true,"href":"https:\/\/www.accuratereviews.com\/it\/wp-json\/wp\/v2\/media\/76593"}],"wp:attachment":[{"href":"https:\/\/www.accuratereviews.com\/it\/wp-json\/wp\/v2\/media?parent=76585"}],"wp:term":[{"taxonomy":"category","embeddable":true,"href":"https:\/\/www.accuratereviews.com\/it\/wp-json\/wp\/v2\/categories?post=76585"},{"taxonomy":"post_tag","embeddable":true,"href":"https:\/\/www.accuratereviews.com\/it\/wp-json\/wp\/v2\/tags?post=76585"},{"taxonomy":"features","embeddable":true,"href":"https:\/\/www.accuratereviews.com\/it\/wp-json\/wp\/v2\/features?post=76585"}],"curies":[{"name":"wp","href":"https:\/\/api.w.org\/{rel}","templated":true}]}}