{"id":76609,"date":"2024-05-10T14:32:58","date_gmt":"2024-05-10T14:32:58","guid":{"rendered":"https:\/\/www.accuratereviews.com\/?page_id=76609"},"modified":"2024-05-13T09:36:27","modified_gmt":"2024-05-13T09:36:27","slug":"owl-recensione","status":"publish","type":"page","link":"https:\/\/www.accuratereviews.com\/it\/piattaforme-esami-online-lista\/owl-recensione\/","title":{"rendered":"OWL"},"content":{"rendered":"<p><strong>OWL<\/strong> \u00e8 una <strong>soluzione di test online<\/strong> che consente di creare esami, automatizzare i flussi di lavoro di valutazione e gestire i candidati. La piattaforma consente agli utenti di creare notifiche per gli eventi e inviare avvisi email ad amministratori o candidati utilizzando modelli personalizzabili. Permette agli utenti di creare test online, aggiungere video, audio, testo o immagini, randomizzare domande, controllare i tempi di risposta e caricare file multimediali utilizzando un&#8217;<strong>interfaccia drag-and-drop<\/strong>. La biblioteca aiuta i professionisti ad accedere a numerosi modelli di test e valutazioni delle competenze linguistiche in varie lingue come francese, tedesco, italiano e altre. Studenti o candidati possono utilizzare la piattaforma per completare i processi di registrazione per test di autovalutazione, posizionamento o certificazione e scegliere di ricevere email di conferma dopo il completamento. Inoltre, i valutatori possono utilizzare il modulo valutatore per rivedere le risposte dei candidati utilizzando rubriche personalizzate o guide di punteggio, fornire feedback e aggiungere commenti audio per dimostrare le risposte orali corrette.<\/p>\n<h2>OWL &#8211; TUTORIAL<\/h2>\n<div id=\"fluid-wrapper-counter-1\" class=\"g1-fluid-wrapper \" style=\"width:686px;\">\n<div style=\"padding-bottom:56.268221574344%;\"><iframe loading=\"lazy\" title=\"OWL Dynamic Feedback\" width=\"686\" height=\"386\" src=\"https:\/\/www.youtube.com\/embed\/5Fj2_ouvFyg?feature=oembed&amp;wmode=transparent&amp;autohide=1&amp;autoplay=0&amp;disablekb=0&amp;fs=1&amp;loop=0&amp;enablejsapi=1&amp;rel=0&amp;controls=2&amp;showinfo=0&amp;wmode=transparent&amp;autohide=2&amp;autoplay=0&amp;disablekb=0&amp;fs=1&amp;loop=0&amp;enablejsapi=1&amp;rel=0&amp;controls=2&amp;showinfo=1\" frameborder=\"0\" allow=\"accelerometer; autoplay; clipboard-write; encrypted-media; gyroscope; picture-in-picture; web-share\" referrerpolicy=\"strict-origin-when-cross-origin\" allowfullscreen><\/iframe><\/div>\n<\/div>\n<h3>OWL &#8211; CARATTERISTICHE<\/h3>\n<ul>\n<li>Sondaggio<\/li>\n<li>Domande a scelta multipla<\/li>\n<li>Risposta ponderata a scelta multipla<\/li>\n<li>Vero\/falso o s\u00ec\/no<\/li>\n<li>Carica 2 istruzioni audio per articolo<\/li>\n<li>Carica immagini su Opzioni MC<\/li>\n<li>Numero massimo di riproduzioni audio per test<\/li>\n<li>Carica video<\/li>\n<li>Ridimensionamento immagine personalizzato<\/li>\n<li>Condivisione di contenuti digitali<\/li>\n<li>Pianifica e monitora i test da qualsiasi luogo<\/li>\n<li>Feedback statico personalizzato di fine test<\/li>\n<li>Display orizzontale o verticale a scelta multipla<\/li>\n<li>Tastiera virtuale con oltre 215 layout<\/li>\n<li>Funzionalit\u00e0 audio nella lingua di destinazione<\/li>\n<li>Interfaccia utente localizzata in 24 lingue<\/li>\n<li>Monitoraggio webcam<\/li>\n<li>Punteggio automatico con pi\u00f9 risposte corrette<\/li>\n<li>Visualizza e regola il contrassegno della risposta<\/li>\n<li>Pubblicare i risultati per la revisione dei partecipanti al test<\/li>\n<li>Creazione di rubriche personalizzate<\/li>\n<li>Commenti audio<\/li>\n<li>Crea PDF di risposta<\/li>\n<li>Esportazione dati e integrazione di sistema<\/li>\n<li>Personalizzato con punteggio automatico<\/li>\n<\/ul>\n<h4>LE RECENSIONI DEGLI UTENTI<\/h4>\n<p><strong>Susan &#8220;Usiamo OWL per esami ad alto rischio, attivit\u00e0 pratiche, compiti a casa e quiz in classe.&#8221;<\/strong><br \/>\n<strong>Pro<\/strong>: La capacit\u00e0 di creare valutazioni orali e la flessibilit\u00e0 dei formati dei test. Usiamo OWL per testare tutte e 4 le modalit\u00e0 comunicative. Avere la possibilit\u00e0 di mettere alla prova gli studenti che parlano li incoraggia davvero a parlare in classe. Lo usiamo per creare autentiche valutazioni del mondo reale e attivit\u00e0 pratiche. Gli studenti sono in grado di accedere ai compiti al di fuori della classe e questo porta l&#8217;apprendimento oltre il tipico periodo in classe.<br \/>\n<strong>Contro<\/strong>: Poich\u00e9 non \u00e8 gratuito, temo che il nostro distretto scolastico interromper\u00e0 il nostro abbonamento e perder\u00f2 molte ore di lavoro.<\/p>\n<p><strong>Casey &#8220;\u00c8 forte&#8221;<\/strong><br \/>\n<strong>Commenti<\/strong>: Nel complesso \u00e8 abbastanza divertente sui vari punti di vista e su come interagisce con i relatori che presentano.<br \/>\n<strong>Pro<\/strong>: La parte migliore della configurazione \u00e8 che \u00e8 molto facile iniziare, si connette facilmente con il tuo software per riunioni e ti segue per tutta la stanza.<br \/>\n<strong>Contro<\/strong>: Avremmo voluto che ci fossero pi\u00f9 funzionalit\u00e0.<\/p>\n","protected":false},"excerpt":{"rendered":"<p>OWL \u00e8 una soluzione di test online che consente di creare esami, automatizzare i flussi di lavoro di valutazione e gestire i candidati. La piattaforma consente agli utenti di creare notifiche per gli eventi e inviare avvisi email ad amministratori o candidati utilizzando modelli personalizzabili. <\/p>\n","protected":false},"author":19,"featured_media":76610,"parent":34687,"menu_order":0,"comment_status":"open","ping_status":"closed","template":"g1_template_page_review_new.php","meta":{"_acf_changed":false,"cwp_meta_box_check":"Yes","cwp_rev_product_name":"","cwp_rev_product_image":"","wppr_links":[],"cwp_rev_price":"0.00","wppr_options":[{"name":"Usability","value":"0"},{"name":"Speed","value":"0"},{"name":"Features","value":"0"},{"name":"Support","value":"0"},{"name":"Pricing","value":"0"}],"wppr_pros":["","","","",""],"wppr_cons":["","","","",""],"_monsterinsights_skip_tracking":false,"_monsterinsights_sitenote_active":false,"_monsterinsights_sitenote_note":"","_monsterinsights_sitenote_category":0,"footnotes":""},"categories":[4660],"tags":[4662,15085,4661,4664,4663,4688],"features":[],"class_list":{"0":"post-76609","1":"page","2":"type-page","3":"status-publish","4":"has-post-thumbnail","6":"category-piattaforme-di-esami-online","7":"tag-esami-online","8":"tag-owl","9":"tag-piattaforma-esami-online","10":"tag-programma-esami-online","11":"tag-software-esami-online","12":"tag-soluzione-esami-online"},"wppr_data":{"cwp_meta_box_check":"Yes","_wppr_review_template":"default","cwp_rev_product_image":"","cwp_image_link":"image","wppr_links":[],"cwp_rev_price":"0.00","wppr_pros":["","","","",""],"wppr_cons":["","","","",""],"wppr_rating":"0.00","wppr_options":{"1":{"name":"Usability","value":"0"},"2":{"name":"Speed","value":"0"},"3":{"name":"Features","value":"0"},"4":{"name":"Support","value":"0"},"5":{"name":"Pricing","value":"0"}},"wppr_review_type":"Product","wppr_review_custom_fields":{"additionalProperty":"","additionalType":"","aggregateRating":"","alternateName":"","audience":"","award":"","awards":"","brand":"","color":"","depth":"","description":"","disambiguatingDescription":"","gtin12":"","gtin13":"","gtin14":"","gtin8":"","height":"","identifier":"","image":"","isAccessoryOrSparePartFor":"","isConsumableFor":"","isRelatedTo":"","isSimilarTo":"","itemCondition":"","logo":"","mainEntityOfPage":"","manufacturer":"","material":"","model":"","mpn":"","name":"","offers":"","potentialAction":"","productID":"","productionDate":"","purchaseDate":"","releaseDate":"","review":"","reviews":"","sameAs":"","sku":"","slogan":"","subjectOf":"","url":"","weight":"","width":""}},"acf":[],"yoast_head":"<!-- This site is optimized with the Yoast SEO plugin v27.4 - https:\/\/yoast.com\/product\/yoast-seo-wordpress\/ -->\n<title>OWL: recensione piattaforma esami online - Accurate Reviews<\/title>\n<meta name=\"description\" content=\"OWL: recensione soluzione di test online che consente di creare esami, automatizzare i flussi di lavoro di valutazione e gestire i candidati.\" \/>\n<meta name=\"robots\" content=\"index, follow, max-snippet:-1, max-image-preview:large, max-video-preview:-1\" \/>\n<link rel=\"canonical\" href=\"https:\/\/www.accuratereviews.com\/it\/piattaforme-esami-online-lista\/owl-recensione\/\" \/>\n<meta property=\"og:locale\" content=\"it_IT\" \/>\n<meta property=\"og:type\" content=\"article\" \/>\n<meta property=\"og:title\" content=\"OWL: recensione piattaforma esami online - Accurate Reviews\" \/>\n<meta property=\"og:description\" content=\"OWL: recensione soluzione di test online che consente di creare esami, automatizzare i flussi di lavoro di valutazione e gestire i candidati.\" \/>\n<meta property=\"og:url\" content=\"https:\/\/www.accuratereviews.com\/it\/piattaforme-esami-online-lista\/owl-recensione\/\" \/>\n<meta property=\"og:site_name\" content=\"Accurate Reviews\" \/>\n<meta property=\"article:modified_time\" content=\"2024-05-13T09:36:27+00:00\" \/>\n<meta property=\"og:image\" content=\"https:\/\/www.accuratereviews.com\/wp-content\/uploads\/2024\/05\/OWL.png\" \/>\n\t<meta property=\"og:image:width\" content=\"300\" \/>\n\t<meta property=\"og:image:height\" content=\"287\" \/>\n\t<meta property=\"og:image:type\" content=\"image\/png\" \/>\n<meta name=\"twitter:card\" content=\"summary_large_image\" \/>\n<meta name=\"twitter:label1\" content=\"Tempo di lettura stimato\" \/>\n\t<meta name=\"twitter:data1\" content=\"4 minuti\" \/>\n<script type=\"application\/ld+json\" class=\"yoast-schema-graph\">{\"@context\":\"https:\\\/\\\/schema.org\",\"@graph\":[{\"@type\":\"WebPage\",\"@id\":\"https:\\\/\\\/www.accuratereviews.com\\\/it\\\/piattaforme-esami-online-lista\\\/owl-recensione\\\/\",\"url\":\"https:\\\/\\\/www.accuratereviews.com\\\/it\\\/piattaforme-esami-online-lista\\\/owl-recensione\\\/\",\"name\":\"OWL: recensione piattaforma esami online - Accurate Reviews\",\"isPartOf\":{\"@id\":\"https:\\\/\\\/www.accuratereviews.com\\\/it\\\/#website\"},\"primaryImageOfPage\":{\"@id\":\"https:\\\/\\\/www.accuratereviews.com\\\/it\\\/piattaforme-esami-online-lista\\\/owl-recensione\\\/#primaryimage\"},\"image\":{\"@id\":\"https:\\\/\\\/www.accuratereviews.com\\\/it\\\/piattaforme-esami-online-lista\\\/owl-recensione\\\/#primaryimage\"},\"thumbnailUrl\":\"https:\\\/\\\/www.accuratereviews.com\\\/wp-content\\\/uploads\\\/2024\\\/05\\\/OWL.png\",\"datePublished\":\"2024-05-10T14:32:58+00:00\",\"dateModified\":\"2024-05-13T09:36:27+00:00\",\"description\":\"OWL: recensione soluzione di test online che consente di creare esami, automatizzare i flussi di lavoro di valutazione e gestire i candidati.\",\"breadcrumb\":{\"@id\":\"https:\\\/\\\/www.accuratereviews.com\\\/it\\\/piattaforme-esami-online-lista\\\/owl-recensione\\\/#breadcrumb\"},\"inLanguage\":\"it-IT\",\"potentialAction\":[{\"@type\":\"ReadAction\",\"target\":[\"https:\\\/\\\/www.accuratereviews.com\\\/it\\\/piattaforme-esami-online-lista\\\/owl-recensione\\\/\"]}]},{\"@type\":\"ImageObject\",\"inLanguage\":\"it-IT\",\"@id\":\"https:\\\/\\\/www.accuratereviews.com\\\/it\\\/piattaforme-esami-online-lista\\\/owl-recensione\\\/#primaryimage\",\"url\":\"https:\\\/\\\/www.accuratereviews.com\\\/wp-content\\\/uploads\\\/2024\\\/05\\\/OWL.png\",\"contentUrl\":\"https:\\\/\\\/www.accuratereviews.com\\\/wp-content\\\/uploads\\\/2024\\\/05\\\/OWL.png\",\"width\":300,\"height\":287},{\"@type\":\"BreadcrumbList\",\"@id\":\"https:\\\/\\\/www.accuratereviews.com\\\/it\\\/piattaforme-esami-online-lista\\\/owl-recensione\\\/#breadcrumb\",\"itemListElement\":[{\"@type\":\"ListItem\",\"position\":1,\"name\":\"Home\",\"item\":\"https:\\\/\\\/www.accuratereviews.com\\\/it\\\/\"},{\"@type\":\"ListItem\",\"position\":2,\"name\":\"Piattaforme di esami online\",\"item\":\"https:\\\/\\\/www.accuratereviews.com\\\/it\\\/piattaforme-esami-online-lista\\\/\"},{\"@type\":\"ListItem\",\"position\":3,\"name\":\"OWL\"}]},{\"@type\":\"WebSite\",\"@id\":\"https:\\\/\\\/www.accuratereviews.com\\\/it\\\/#website\",\"url\":\"https:\\\/\\\/www.accuratereviews.com\\\/it\\\/\",\"name\":\"Accurate Reviews\",\"description\":\"\",\"potentialAction\":[{\"@type\":\"SearchAction\",\"target\":{\"@type\":\"EntryPoint\",\"urlTemplate\":\"https:\\\/\\\/www.accuratereviews.com\\\/it\\\/?s={search_term_string}\"},\"query-input\":{\"@type\":\"PropertyValueSpecification\",\"valueRequired\":true,\"valueName\":\"search_term_string\"}}],\"inLanguage\":\"it-IT\"}]}<\/script>\n<!-- \/ Yoast SEO plugin. -->","yoast_head_json":{"title":"OWL: recensione piattaforma esami online - Accurate Reviews","description":"OWL: recensione soluzione di test online che consente di creare esami, automatizzare i flussi di lavoro di valutazione e gestire i candidati.","robots":{"index":"index","follow":"follow","max-snippet":"max-snippet:-1","max-image-preview":"max-image-preview:large","max-video-preview":"max-video-preview:-1"},"canonical":"https:\/\/www.accuratereviews.com\/it\/piattaforme-esami-online-lista\/owl-recensione\/","og_locale":"it_IT","og_type":"article","og_title":"OWL: recensione piattaforma esami online - Accurate Reviews","og_description":"OWL: recensione soluzione di test online che consente di creare esami, automatizzare i flussi di lavoro di valutazione e gestire i candidati.","og_url":"https:\/\/www.accuratereviews.com\/it\/piattaforme-esami-online-lista\/owl-recensione\/","og_site_name":"Accurate Reviews","article_modified_time":"2024-05-13T09:36:27+00:00","og_image":[{"width":300,"height":287,"url":"https:\/\/www.accuratereviews.com\/wp-content\/uploads\/2024\/05\/OWL.png","type":"image\/png"}],"twitter_card":"summary_large_image","twitter_misc":{"Tempo di lettura stimato":"4 minuti"},"schema":{"@context":"https:\/\/schema.org","@graph":[{"@type":"WebPage","@id":"https:\/\/www.accuratereviews.com\/it\/piattaforme-esami-online-lista\/owl-recensione\/","url":"https:\/\/www.accuratereviews.com\/it\/piattaforme-esami-online-lista\/owl-recensione\/","name":"OWL: recensione piattaforma esami online - Accurate Reviews","isPartOf":{"@id":"https:\/\/www.accuratereviews.com\/it\/#website"},"primaryImageOfPage":{"@id":"https:\/\/www.accuratereviews.com\/it\/piattaforme-esami-online-lista\/owl-recensione\/#primaryimage"},"image":{"@id":"https:\/\/www.accuratereviews.com\/it\/piattaforme-esami-online-lista\/owl-recensione\/#primaryimage"},"thumbnailUrl":"https:\/\/www.accuratereviews.com\/wp-content\/uploads\/2024\/05\/OWL.png","datePublished":"2024-05-10T14:32:58+00:00","dateModified":"2024-05-13T09:36:27+00:00","description":"OWL: recensione soluzione di test online che consente di creare esami, automatizzare i flussi di lavoro di valutazione e gestire i candidati.","breadcrumb":{"@id":"https:\/\/www.accuratereviews.com\/it\/piattaforme-esami-online-lista\/owl-recensione\/#breadcrumb"},"inLanguage":"it-IT","potentialAction":[{"@type":"ReadAction","target":["https:\/\/www.accuratereviews.com\/it\/piattaforme-esami-online-lista\/owl-recensione\/"]}]},{"@type":"ImageObject","inLanguage":"it-IT","@id":"https:\/\/www.accuratereviews.com\/it\/piattaforme-esami-online-lista\/owl-recensione\/#primaryimage","url":"https:\/\/www.accuratereviews.com\/wp-content\/uploads\/2024\/05\/OWL.png","contentUrl":"https:\/\/www.accuratereviews.com\/wp-content\/uploads\/2024\/05\/OWL.png","width":300,"height":287},{"@type":"BreadcrumbList","@id":"https:\/\/www.accuratereviews.com\/it\/piattaforme-esami-online-lista\/owl-recensione\/#breadcrumb","itemListElement":[{"@type":"ListItem","position":1,"name":"Home","item":"https:\/\/www.accuratereviews.com\/it\/"},{"@type":"ListItem","position":2,"name":"Piattaforme di esami online","item":"https:\/\/www.accuratereviews.com\/it\/piattaforme-esami-online-lista\/"},{"@type":"ListItem","position":3,"name":"OWL"}]},{"@type":"WebSite","@id":"https:\/\/www.accuratereviews.com\/it\/#website","url":"https:\/\/www.accuratereviews.com\/it\/","name":"Accurate Reviews","description":"","potentialAction":[{"@type":"SearchAction","target":{"@type":"EntryPoint","urlTemplate":"https:\/\/www.accuratereviews.com\/it\/?s={search_term_string}"},"query-input":{"@type":"PropertyValueSpecification","valueRequired":true,"valueName":"search_term_string"}}],"inLanguage":"it-IT"}]}},"_links":{"self":[{"href":"https:\/\/www.accuratereviews.com\/it\/wp-json\/wp\/v2\/pages\/76609","targetHints":{"allow":["GET"]}}],"collection":[{"href":"https:\/\/www.accuratereviews.com\/it\/wp-json\/wp\/v2\/pages"}],"about":[{"href":"https:\/\/www.accuratereviews.com\/it\/wp-json\/wp\/v2\/types\/page"}],"author":[{"embeddable":true,"href":"https:\/\/www.accuratereviews.com\/it\/wp-json\/wp\/v2\/users\/19"}],"replies":[{"embeddable":true,"href":"https:\/\/www.accuratereviews.com\/it\/wp-json\/wp\/v2\/comments?post=76609"}],"version-history":[{"count":9,"href":"https:\/\/www.accuratereviews.com\/it\/wp-json\/wp\/v2\/pages\/76609\/revisions"}],"predecessor-version":[{"id":76647,"href":"https:\/\/www.accuratereviews.com\/it\/wp-json\/wp\/v2\/pages\/76609\/revisions\/76647"}],"up":[{"embeddable":true,"href":"https:\/\/www.accuratereviews.com\/it\/wp-json\/wp\/v2\/pages\/34687"}],"wp:featuredmedia":[{"embeddable":true,"href":"https:\/\/www.accuratereviews.com\/it\/wp-json\/wp\/v2\/media\/76610"}],"wp:attachment":[{"href":"https:\/\/www.accuratereviews.com\/it\/wp-json\/wp\/v2\/media?parent=76609"}],"wp:term":[{"taxonomy":"category","embeddable":true,"href":"https:\/\/www.accuratereviews.com\/it\/wp-json\/wp\/v2\/categories?post=76609"},{"taxonomy":"post_tag","embeddable":true,"href":"https:\/\/www.accuratereviews.com\/it\/wp-json\/wp\/v2\/tags?post=76609"},{"taxonomy":"features","embeddable":true,"href":"https:\/\/www.accuratereviews.com\/it\/wp-json\/wp\/v2\/features?post=76609"}],"curies":[{"name":"wp","href":"https:\/\/api.w.org\/{rel}","templated":true}]}}