{"id":76623,"date":"2024-05-14T10:58:37","date_gmt":"2024-05-14T10:58:37","guid":{"rendered":"https:\/\/www.accuratereviews.com\/?page_id=76623"},"modified":"2024-05-14T10:58:37","modified_gmt":"2024-05-14T10:58:37","slug":"stripo-email-recensione","status":"publish","type":"page","link":"https:\/\/www.accuratereviews.com\/it\/software-creare-firme-email\/stripo-email-recensione\/","title":{"rendered":"Stripo.email"},"content":{"rendered":"<p class=\"h3 mb-2\"><strong>Stripo.email<\/strong> offre uno <strong>strumento di generazione di firme digitali per email<\/strong>, che consente agli utenti di creare firme professionali e personalizzate per le loro comunicazioni. Questo strumento consente di aggiungere un tocco personale alle email e di includere informazioni aziendali importanti, come nome, ruolo, contatti e link ai social media.<br \/>\nEssendo uno strumento basato sul web, <strong>Stripo.email<\/strong> \u00e8 compatibile con qualsiasi sistema operativo moderno, come Windows, macOS, Linux, iOS e Android, purch\u00e9 si utilizzi un browser web aggiornato. \u00c8 utilizzato da marketer, professionisti, aziende e freelancer che desiderano migliorare l&#8217;aspetto delle proprie email e garantire una comunicazione coerente e professionale.<\/p>\n<h2>STRIPO.EMAIL &#8211; TUTORIAL<\/h2>\n<div id=\"fluid-wrapper-counter-1\" class=\"g1-fluid-wrapper \" style=\"width:686px;\">\n<div style=\"padding-bottom:56.268221574344%;\"><iframe loading=\"lazy\" title=\"How to create a signature and footer in Stripo\" width=\"686\" height=\"386\" src=\"https:\/\/www.youtube.com\/embed\/kWvgZh3U0oY?feature=oembed&amp;wmode=transparent&amp;autohide=1&amp;autoplay=0&amp;disablekb=0&amp;fs=1&amp;loop=0&amp;enablejsapi=1&amp;rel=0&amp;controls=2&amp;showinfo=0&amp;wmode=transparent&amp;autohide=2&amp;autoplay=0&amp;disablekb=0&amp;fs=1&amp;loop=0&amp;enablejsapi=1&amp;rel=0&amp;controls=2&amp;showinfo=1\" frameborder=\"0\" allow=\"accelerometer; autoplay; clipboard-write; encrypted-media; gyroscope; picture-in-picture; web-share\" referrerpolicy=\"strict-origin-when-cross-origin\" allowfullscreen><\/iframe><\/div>\n<\/div>\n<h3>STRIPO.EMAIL &#8211; CARATTERISTICHE<\/h3>\n<ul>\n<li><strong>Modelli personalizzabili:<\/strong> gli utenti possono creare firme digitali utilizzando modelli predefiniti che possono essere personalizzati con colori, caratteri e layout.<\/li>\n<li><strong>Aggiunta di informazioni aziendali:<\/strong> consente di aggiungere informazioni come nome, ruolo, numero di telefono, indirizzo email e link ai social media.<\/li>\n<li><strong>Integrazione di immagini:<\/strong> gli utenti possono aggiungere loghi aziendali o immagini personalizzate per migliorare l&#8217;aspetto della firma.<\/li>\n<li><strong>Anteprima in tempo reale:<\/strong> gli utenti possono visualizzare l&#8217;anteprima della firma in tempo reale durante la creazione.<\/li>\n<li><strong>Compatibilit\u00e0 con vari client di posta:<\/strong> le firme create sono compatibili con i principali client di posta elettronica.<\/li>\n<\/ul>\n<h4>LE RECENSIONI DEGLI UTENTI<\/h4>\n<p><strong>Roberta &#8220;Lo consiglio vivamente!&#8221;<\/strong><br \/>\nPro: Stripo.email \u00e8 stato uno strumento prezioso per la nostra organizzazione non profit che si occupa di persone affette da rare patologie neuroimmuni. Ha reso la progettazione delle email un gioco da ragazzi, permettendoci di creare contenuti visivamente accattivanti e coinvolgenti senza sforzo. L&#8217;interfaccia user-friendly e i modelli personalizzabili ci hanno fatto risparmiare tempo e fatica, permettendoci di concentrarci maggiormente sulla nostra causa. Nel complesso, Stripo.email si \u00e8 dimostrato un servizio eccellente per le nostre esigenze di progettazione di e-mail.<br \/>\nContro: Non ho punti negativi in questo momento.<\/p>\n<p><strong>Marika &#8220;Stripo.email si \u00e8 rivelato un creatore di modelli di email affidabile&#8221;<\/strong><br \/>\nPro: Sono impressionata dalla facilit\u00e0 d&#8217;uso e dalle capacit\u00e0 di Stripo.email. Stripo.email ha un&#8217;interfaccia intuitiva. Stripo.email \u00e8 cos\u00ec gestibile.<br \/>\nContro: Stripo.email non mi dispiace. Stripo.email \u00e8 il migliore.<\/p>\n<p><strong>Chibuike &#8220;La mia esperienza con Stripo.email&#8221;<\/strong><br \/>\nCommenti: Lo uso nel mio ufficio per i modelli di email che voglio codificare. Mi d\u00e0 la possibilit\u00e0 di risolvere alcuni problemi con il codice.<br \/>\nPro: Mi piace la fluidit\u00e0 e la pulizia delle pagine dell&#8217;interfaccia utente. Inoltre, mi piacciono i vari formati di output che offre per visualizzare l&#8217;anteprima dei modelli di email prima della pubblicazione.<br \/>\nContro: Il fatto che la maggior parte dei modelli che mi piacciono siano premium mi fa venire i brividi.<\/p>\n","protected":false},"excerpt":{"rendered":"<p>Stripo.email offre uno strumento di generazione di firme digitali per email, che consente agli utenti di creare firme professionali e personalizzate per le loro comunicazioni. Questo strumento consente di aggiungere un tocco personale alle email e di includere informazioni aziendali importanti, come nome, ruolo, contatti e link ai social media.<\/p>\n","protected":false},"author":17,"featured_media":76629,"parent":57751,"menu_order":0,"comment_status":"open","ping_status":"closed","template":"g1_template_page_review_new.php","meta":{"_acf_changed":false,"cwp_meta_box_check":"No","cwp_rev_product_name":"","cwp_rev_product_image":"","wppr_links":[],"cwp_rev_price":"","wppr_options":[],"wppr_pros":[],"wppr_cons":[],"_monsterinsights_skip_tracking":false,"_monsterinsights_sitenote_active":false,"_monsterinsights_sitenote_note":"","_monsterinsights_sitenote_category":0,"footnotes":""},"categories":[12645],"tags":[12652,12670,12649,12651,12742],"features":[],"class_list":{"0":"post-76623","1":"page","2":"type-page","3":"status-publish","4":"has-post-thumbnail","6":"category-software-firme-email-cat","7":"tag-app-per-creare-firme-per-email","8":"tag-creare-firme-per-email","9":"tag-piattaforma-per-creare-firme-per-email","10":"tag-programma-per-creare-firme-per-email","11":"tag-soluzione-per-creare-firme-email"},"wppr_data":{"cwp_meta_box_check":"No"},"acf":[],"yoast_head":"<!-- This site is optimized with the Yoast SEO plugin v27.4 - https:\/\/yoast.com\/product\/yoast-seo-wordpress\/ -->\n<title>Stripo.email: recensione software creare firme per email - Accurate Reviews<\/title>\n<meta name=\"description\" content=\"Stripo.email: recensione dello strumento di generazione di firme digitali per email, che consente agli utenti di creare firme professionali.\" \/>\n<meta name=\"robots\" content=\"index, follow, max-snippet:-1, max-image-preview:large, max-video-preview:-1\" \/>\n<link rel=\"canonical\" href=\"https:\/\/www.accuratereviews.com\/it\/software-creare-firme-email\/stripo-email-recensione\/\" \/>\n<meta property=\"og:locale\" content=\"it_IT\" \/>\n<meta property=\"og:type\" content=\"article\" \/>\n<meta property=\"og:title\" content=\"Stripo.email: recensione software creare firme per email - Accurate Reviews\" \/>\n<meta property=\"og:description\" content=\"Stripo.email: recensione dello strumento di generazione di firme digitali per email, che consente agli utenti di creare firme professionali.\" \/>\n<meta property=\"og:url\" content=\"https:\/\/www.accuratereviews.com\/it\/software-creare-firme-email\/stripo-email-recensione\/\" \/>\n<meta property=\"og:site_name\" content=\"Accurate Reviews\" \/>\n<meta property=\"og:image\" content=\"https:\/\/www.accuratereviews.com\/wp-content\/uploads\/2024\/05\/images-1.png\" \/>\n\t<meta property=\"og:image:width\" content=\"506\" \/>\n\t<meta property=\"og:image:height\" content=\"200\" \/>\n\t<meta property=\"og:image:type\" content=\"image\/png\" \/>\n<meta name=\"twitter:card\" content=\"summary_large_image\" \/>\n<meta name=\"twitter:label1\" content=\"Tempo di lettura stimato\" \/>\n\t<meta name=\"twitter:data1\" content=\"4 minuti\" \/>\n<script type=\"application\/ld+json\" class=\"yoast-schema-graph\">{\"@context\":\"https:\\\/\\\/schema.org\",\"@graph\":[{\"@type\":\"WebPage\",\"@id\":\"https:\\\/\\\/www.accuratereviews.com\\\/it\\\/software-creare-firme-email\\\/stripo-email-recensione\\\/\",\"url\":\"https:\\\/\\\/www.accuratereviews.com\\\/it\\\/software-creare-firme-email\\\/stripo-email-recensione\\\/\",\"name\":\"Stripo.email: recensione software creare firme per email - Accurate Reviews\",\"isPartOf\":{\"@id\":\"https:\\\/\\\/www.accuratereviews.com\\\/it\\\/#website\"},\"primaryImageOfPage\":{\"@id\":\"https:\\\/\\\/www.accuratereviews.com\\\/it\\\/software-creare-firme-email\\\/stripo-email-recensione\\\/#primaryimage\"},\"image\":{\"@id\":\"https:\\\/\\\/www.accuratereviews.com\\\/it\\\/software-creare-firme-email\\\/stripo-email-recensione\\\/#primaryimage\"},\"thumbnailUrl\":\"https:\\\/\\\/www.accuratereviews.com\\\/wp-content\\\/uploads\\\/2024\\\/05\\\/images-1.png\",\"datePublished\":\"2024-05-14T10:58:37+00:00\",\"description\":\"Stripo.email: recensione dello strumento di generazione di firme digitali per email, che consente agli utenti di creare firme professionali.\",\"breadcrumb\":{\"@id\":\"https:\\\/\\\/www.accuratereviews.com\\\/it\\\/software-creare-firme-email\\\/stripo-email-recensione\\\/#breadcrumb\"},\"inLanguage\":\"it-IT\",\"potentialAction\":[{\"@type\":\"ReadAction\",\"target\":[\"https:\\\/\\\/www.accuratereviews.com\\\/it\\\/software-creare-firme-email\\\/stripo-email-recensione\\\/\"]}]},{\"@type\":\"ImageObject\",\"inLanguage\":\"it-IT\",\"@id\":\"https:\\\/\\\/www.accuratereviews.com\\\/it\\\/software-creare-firme-email\\\/stripo-email-recensione\\\/#primaryimage\",\"url\":\"https:\\\/\\\/www.accuratereviews.com\\\/wp-content\\\/uploads\\\/2024\\\/05\\\/images-1.png\",\"contentUrl\":\"https:\\\/\\\/www.accuratereviews.com\\\/wp-content\\\/uploads\\\/2024\\\/05\\\/images-1.png\",\"width\":506,\"height\":200},{\"@type\":\"BreadcrumbList\",\"@id\":\"https:\\\/\\\/www.accuratereviews.com\\\/it\\\/software-creare-firme-email\\\/stripo-email-recensione\\\/#breadcrumb\",\"itemListElement\":[{\"@type\":\"ListItem\",\"position\":1,\"name\":\"Home\",\"item\":\"https:\\\/\\\/www.accuratereviews.com\\\/it\\\/\"},{\"@type\":\"ListItem\",\"position\":2,\"name\":\"Software per creare firme per email\",\"item\":\"https:\\\/\\\/www.accuratereviews.com\\\/it\\\/software-creare-firme-email\\\/\"},{\"@type\":\"ListItem\",\"position\":3,\"name\":\"Stripo.email\"}]},{\"@type\":\"WebSite\",\"@id\":\"https:\\\/\\\/www.accuratereviews.com\\\/it\\\/#website\",\"url\":\"https:\\\/\\\/www.accuratereviews.com\\\/it\\\/\",\"name\":\"Accurate Reviews\",\"description\":\"\",\"potentialAction\":[{\"@type\":\"SearchAction\",\"target\":{\"@type\":\"EntryPoint\",\"urlTemplate\":\"https:\\\/\\\/www.accuratereviews.com\\\/it\\\/?s={search_term_string}\"},\"query-input\":{\"@type\":\"PropertyValueSpecification\",\"valueRequired\":true,\"valueName\":\"search_term_string\"}}],\"inLanguage\":\"it-IT\"}]}<\/script>\n<!-- \/ Yoast SEO plugin. -->","yoast_head_json":{"title":"Stripo.email: recensione software creare firme per email - Accurate Reviews","description":"Stripo.email: recensione dello strumento di generazione di firme digitali per email, che consente agli utenti di creare firme professionali.","robots":{"index":"index","follow":"follow","max-snippet":"max-snippet:-1","max-image-preview":"max-image-preview:large","max-video-preview":"max-video-preview:-1"},"canonical":"https:\/\/www.accuratereviews.com\/it\/software-creare-firme-email\/stripo-email-recensione\/","og_locale":"it_IT","og_type":"article","og_title":"Stripo.email: recensione software creare firme per email - Accurate Reviews","og_description":"Stripo.email: recensione dello strumento di generazione di firme digitali per email, che consente agli utenti di creare firme professionali.","og_url":"https:\/\/www.accuratereviews.com\/it\/software-creare-firme-email\/stripo-email-recensione\/","og_site_name":"Accurate Reviews","og_image":[{"width":506,"height":200,"url":"https:\/\/www.accuratereviews.com\/wp-content\/uploads\/2024\/05\/images-1.png","type":"image\/png"}],"twitter_card":"summary_large_image","twitter_misc":{"Tempo di lettura stimato":"4 minuti"},"schema":{"@context":"https:\/\/schema.org","@graph":[{"@type":"WebPage","@id":"https:\/\/www.accuratereviews.com\/it\/software-creare-firme-email\/stripo-email-recensione\/","url":"https:\/\/www.accuratereviews.com\/it\/software-creare-firme-email\/stripo-email-recensione\/","name":"Stripo.email: recensione software creare firme per email - Accurate Reviews","isPartOf":{"@id":"https:\/\/www.accuratereviews.com\/it\/#website"},"primaryImageOfPage":{"@id":"https:\/\/www.accuratereviews.com\/it\/software-creare-firme-email\/stripo-email-recensione\/#primaryimage"},"image":{"@id":"https:\/\/www.accuratereviews.com\/it\/software-creare-firme-email\/stripo-email-recensione\/#primaryimage"},"thumbnailUrl":"https:\/\/www.accuratereviews.com\/wp-content\/uploads\/2024\/05\/images-1.png","datePublished":"2024-05-14T10:58:37+00:00","description":"Stripo.email: recensione dello strumento di generazione di firme digitali per email, che consente agli utenti di creare firme professionali.","breadcrumb":{"@id":"https:\/\/www.accuratereviews.com\/it\/software-creare-firme-email\/stripo-email-recensione\/#breadcrumb"},"inLanguage":"it-IT","potentialAction":[{"@type":"ReadAction","target":["https:\/\/www.accuratereviews.com\/it\/software-creare-firme-email\/stripo-email-recensione\/"]}]},{"@type":"ImageObject","inLanguage":"it-IT","@id":"https:\/\/www.accuratereviews.com\/it\/software-creare-firme-email\/stripo-email-recensione\/#primaryimage","url":"https:\/\/www.accuratereviews.com\/wp-content\/uploads\/2024\/05\/images-1.png","contentUrl":"https:\/\/www.accuratereviews.com\/wp-content\/uploads\/2024\/05\/images-1.png","width":506,"height":200},{"@type":"BreadcrumbList","@id":"https:\/\/www.accuratereviews.com\/it\/software-creare-firme-email\/stripo-email-recensione\/#breadcrumb","itemListElement":[{"@type":"ListItem","position":1,"name":"Home","item":"https:\/\/www.accuratereviews.com\/it\/"},{"@type":"ListItem","position":2,"name":"Software per creare firme per email","item":"https:\/\/www.accuratereviews.com\/it\/software-creare-firme-email\/"},{"@type":"ListItem","position":3,"name":"Stripo.email"}]},{"@type":"WebSite","@id":"https:\/\/www.accuratereviews.com\/it\/#website","url":"https:\/\/www.accuratereviews.com\/it\/","name":"Accurate Reviews","description":"","potentialAction":[{"@type":"SearchAction","target":{"@type":"EntryPoint","urlTemplate":"https:\/\/www.accuratereviews.com\/it\/?s={search_term_string}"},"query-input":{"@type":"PropertyValueSpecification","valueRequired":true,"valueName":"search_term_string"}}],"inLanguage":"it-IT"}]}},"_links":{"self":[{"href":"https:\/\/www.accuratereviews.com\/it\/wp-json\/wp\/v2\/pages\/76623","targetHints":{"allow":["GET"]}}],"collection":[{"href":"https:\/\/www.accuratereviews.com\/it\/wp-json\/wp\/v2\/pages"}],"about":[{"href":"https:\/\/www.accuratereviews.com\/it\/wp-json\/wp\/v2\/types\/page"}],"author":[{"embeddable":true,"href":"https:\/\/www.accuratereviews.com\/it\/wp-json\/wp\/v2\/users\/17"}],"replies":[{"embeddable":true,"href":"https:\/\/www.accuratereviews.com\/it\/wp-json\/wp\/v2\/comments?post=76623"}],"version-history":[{"count":3,"href":"https:\/\/www.accuratereviews.com\/it\/wp-json\/wp\/v2\/pages\/76623\/revisions"}],"predecessor-version":[{"id":76675,"href":"https:\/\/www.accuratereviews.com\/it\/wp-json\/wp\/v2\/pages\/76623\/revisions\/76675"}],"up":[{"embeddable":true,"href":"https:\/\/www.accuratereviews.com\/it\/wp-json\/wp\/v2\/pages\/57751"}],"wp:featuredmedia":[{"embeddable":true,"href":"https:\/\/www.accuratereviews.com\/it\/wp-json\/wp\/v2\/media\/76629"}],"wp:attachment":[{"href":"https:\/\/www.accuratereviews.com\/it\/wp-json\/wp\/v2\/media?parent=76623"}],"wp:term":[{"taxonomy":"category","embeddable":true,"href":"https:\/\/www.accuratereviews.com\/it\/wp-json\/wp\/v2\/categories?post=76623"},{"taxonomy":"post_tag","embeddable":true,"href":"https:\/\/www.accuratereviews.com\/it\/wp-json\/wp\/v2\/tags?post=76623"},{"taxonomy":"features","embeddable":true,"href":"https:\/\/www.accuratereviews.com\/it\/wp-json\/wp\/v2\/features?post=76623"}],"curies":[{"name":"wp","href":"https:\/\/api.w.org\/{rel}","templated":true}]}}