{"id":7666,"date":"2017-01-31T08:47:02","date_gmt":"2017-01-31T08:47:02","guid":{"rendered":"http:\/\/www.accuratereviews.com\/?page_id=7666\/"},"modified":"2017-05-03T07:53:19","modified_gmt":"2017-05-03T07:53:19","slug":"brackets","status":"publish","type":"page","link":"https:\/\/www.accuratereviews.com\/it\/i-migliori-text-editor-lista\/brackets\/","title":{"rendered":"Brackets"},"content":{"rendered":"<p><img loading=\"lazy\" decoding=\"async\" src=\"http:\/\/www.accuratereviews.com\/wp-content\/uploads\/2017\/01\/brackets.png\" alt=\"brackets\" width=\"1150\" height=\"371\" class=\"alignnone size-full wp-image-7626\" srcset=\"https:\/\/www.accuratereviews.com\/wp-content\/uploads\/2017\/01\/brackets.png 1150w, https:\/\/www.accuratereviews.com\/wp-content\/uploads\/2017\/01\/brackets-300x97.png 300w, https:\/\/www.accuratereviews.com\/wp-content\/uploads\/2017\/01\/brackets-768x248.png 768w, https:\/\/www.accuratereviews.com\/wp-content\/uploads\/2017\/01\/brackets-1024x330.png 1024w, https:\/\/www.accuratereviews.com\/wp-content\/uploads\/2017\/01\/brackets-260x84.png 260w, https:\/\/www.accuratereviews.com\/wp-content\/uploads\/2017\/01\/brackets-50x16.png 50w, https:\/\/www.accuratereviews.com\/wp-content\/uploads\/2017\/01\/brackets-968x312.png 968w, https:\/\/www.accuratereviews.com\/wp-content\/uploads\/2017\/01\/brackets-636x205.png 636w, https:\/\/www.accuratereviews.com\/wp-content\/uploads\/2017\/01\/brackets-320x103.png 320w, https:\/\/www.accuratereviews.com\/wp-content\/uploads\/2017\/01\/brackets-239x77.png 239w\" sizes=\"auto, (max-width: 1150px) 100vw, 1150px\" \/><\/p>\n<p>Lanciato alla fine del 2014, <strong>Brackets \u00e8 un editor di testo piuttosto leggero<\/strong> creato da Adobe. Mentre altri text editor provano a soddisfare le pi\u00f9 disparate esigenze degli sviluppatori, <strong>Brackets si rivolge direttamente a web designer e sviluppatori front-end<\/strong>. Gli strumenti visivi sono integrati nell&#8217;editor e il software \u00e8 pensato per rendere semplice il design direttamente nel browser. Al posto di offrire supporto ogni sorta di linguaggio di programmazione esistente, <strong>Brackets si concentra in particolare sugli utilizzatori di Javascript, CSS e HTML<\/strong>.<\/p>\n<p>Modifica Rapida \u00e8, ad esempio, una delle funzionalit\u00e0 principali offerte dal software e permette la modifica di CSS in linea. Semplicemente posizionando il cursore su un ID e selezionando un paio di chiavi sar\u00e0 possibile vedere tutti i selettori CSS con la rispettiva ID in una finestra in linea. \u00c8 un <strong>approccio certamente pi\u00f9 ordinato e pulito<\/strong>, risparmiandoci la fatica di avere a che fare con i pop-up. L&#8217;Anteprima Live \u00e8 un&#8217;altra delle funzionalit\u00e0 caratteristiche di Brackets e permette di <strong>vedere in tempo reale su schermo tutte le modifiche apportate su CSS e HTML<\/strong>. <\/p>\n<p>Brackets evidenzia anche la presenza di supporto ai preprocessori. Le funzionalit\u00e0 di Modifica rapida e Live Highlight funzionano con file LESS e SCSS che, secondo Adobe, rendono pi\u00f9 semplice e rapido il lavoro.<\/p>\n<p>Brackets viene rilasciato con licenza MIT, una scelta particolare per un colosso come Adobe, ma permette agli sviluppatori interessati di <strong>creare un fork del codice e personalizzare il software<\/strong>. Si tratta di un processo piuttosto complesso rispetto alla semplice personalizzazione dell&#8217;interfaccia offerta da altri text editor concorrenti, ma Brackets permette agli sviluppatori di creare estensioni da utilizzare liberamente. Tra queste troviamo Emmet, per la modifica rapida di CSS e JavaScript, e Beautify, per la formattazione di file Javascript, HTML e CSS files. Esiste anche l&#8217;estensione per l&#8217;integrazione con GitHub. Chi fosse interessato trova anche dei temi pronti, alcuni dei quali sembrano replicare Dreamweaver. <\/p>\n<p><strong>Brackets \u00e8 uno strumento sufficientemente flessibile <\/strong>e Adobe aiuta gli sviluppatori a creare estensioni e utilizzare il text editor al meglio delle sue potenzialit\u00e0. <\/p>\n","protected":false},"excerpt":{"rendered":"<p>Lanciato alla fine del 2014, Brackets \u00e8 un editor di testo piuttosto leggero creato da Adobe. Mentre altri text editor provano a soddisfare le pi\u00f9 disparate esigenze degli sviluppatori, Brackets si rivolge direttamente a web designer e sviluppatori front-end. Gli strumenti visivi sono integrati nell&#8217;editor e il software \u00e8 pensato per rendere semplice il design direttamente nel browser. <\/p>\n","protected":false},"author":16,"featured_media":0,"parent":7660,"menu_order":1,"comment_status":"open","ping_status":"closed","template":"g1_template_page_review_new.php","meta":{"_acf_changed":false,"cwp_meta_box_check":"Yes","cwp_rev_product_name":"","cwp_rev_product_image":"","wppr_links":[],"cwp_rev_price":"","wppr_options":[],"wppr_pros":[],"wppr_cons":[],"_monsterinsights_skip_tracking":false,"_monsterinsights_sitenote_active":false,"_monsterinsights_sitenote_note":"","_monsterinsights_sitenote_category":0,"footnotes":""},"categories":[171],"tags":[],"features":[],"class_list":{"0":"post-7666","1":"page","2":"type-page","3":"status-publish","5":"category-text-editor-it"},"wppr_data":{"cwp_meta_box_check":"Yes","cwp_rev_product_name":"","cwp_rev_product_image":"","cwp_image_link":"image","cwp_rev_price":"","wppr_rating":"0.00"},"acf":[],"yoast_head":"<!-- This site is optimized with the Yoast SEO plugin v27.4 - https:\/\/yoast.com\/product\/yoast-seo-wordpress\/ -->\n<title>Brackets Recensione Miglior Text Editor | Accurate Reviews<\/title>\n<meta name=\"description\" content=\"Brackets \u00e8 un text editor creato da Adobe e pensato in particolare per gli sviluppatori che si occupano di Javascript, CSS e HTML.\" \/>\n<meta name=\"robots\" content=\"index, follow, max-snippet:-1, max-image-preview:large, max-video-preview:-1\" \/>\n<link rel=\"canonical\" href=\"https:\/\/www.accuratereviews.com\/it\/i-migliori-text-editor-lista\/brackets\/\" \/>\n<meta property=\"og:locale\" content=\"it_IT\" \/>\n<meta property=\"og:type\" content=\"article\" \/>\n<meta property=\"og:title\" content=\"Brackets Recensione Miglior Text Editor | Accurate Reviews\" \/>\n<meta property=\"og:description\" content=\"Brackets \u00e8 un text editor creato da Adobe e pensato in particolare per gli sviluppatori che si occupano di Javascript, CSS e HTML.\" \/>\n<meta property=\"og:url\" content=\"https:\/\/www.accuratereviews.com\/it\/i-migliori-text-editor-lista\/brackets\/\" \/>\n<meta property=\"og:site_name\" content=\"Accurate Reviews\" \/>\n<meta property=\"article:modified_time\" content=\"2017-05-03T07:53:19+00:00\" \/>\n<meta property=\"og:image\" content=\"http:\/\/www.accuratereviews.com\/wp-content\/uploads\/2017\/01\/brackets.png\" \/>\n<meta name=\"twitter:card\" content=\"summary_large_image\" \/>\n<meta name=\"twitter:label1\" content=\"Tempo di lettura stimato\" \/>\n\t<meta name=\"twitter:data1\" content=\"2 minuti\" \/>\n<script type=\"application\/ld+json\" class=\"yoast-schema-graph\">{\"@context\":\"https:\\\/\\\/schema.org\",\"@graph\":[{\"@type\":\"WebPage\",\"@id\":\"https:\\\/\\\/www.accuratereviews.com\\\/it\\\/i-migliori-text-editor-lista\\\/brackets\\\/\",\"url\":\"https:\\\/\\\/www.accuratereviews.com\\\/it\\\/i-migliori-text-editor-lista\\\/brackets\\\/\",\"name\":\"Brackets Recensione Miglior Text Editor | Accurate Reviews\",\"isPartOf\":{\"@id\":\"https:\\\/\\\/www.accuratereviews.com\\\/it\\\/#website\"},\"primaryImageOfPage\":{\"@id\":\"https:\\\/\\\/www.accuratereviews.com\\\/it\\\/i-migliori-text-editor-lista\\\/brackets\\\/#primaryimage\"},\"image\":{\"@id\":\"https:\\\/\\\/www.accuratereviews.com\\\/it\\\/i-migliori-text-editor-lista\\\/brackets\\\/#primaryimage\"},\"thumbnailUrl\":\"http:\\\/\\\/www.accuratereviews.com\\\/wp-content\\\/uploads\\\/2017\\\/01\\\/brackets.png\",\"datePublished\":\"2017-01-31T08:47:02+00:00\",\"dateModified\":\"2017-05-03T07:53:19+00:00\",\"description\":\"Brackets \u00e8 un text editor creato da Adobe e pensato in particolare per gli sviluppatori che si occupano di Javascript, CSS e HTML.\",\"breadcrumb\":{\"@id\":\"https:\\\/\\\/www.accuratereviews.com\\\/it\\\/i-migliori-text-editor-lista\\\/brackets\\\/#breadcrumb\"},\"inLanguage\":\"it-IT\",\"potentialAction\":[{\"@type\":\"ReadAction\",\"target\":[\"https:\\\/\\\/www.accuratereviews.com\\\/it\\\/i-migliori-text-editor-lista\\\/brackets\\\/\"]}]},{\"@type\":\"ImageObject\",\"inLanguage\":\"it-IT\",\"@id\":\"https:\\\/\\\/www.accuratereviews.com\\\/it\\\/i-migliori-text-editor-lista\\\/brackets\\\/#primaryimage\",\"url\":\"http:\\\/\\\/www.accuratereviews.com\\\/wp-content\\\/uploads\\\/2017\\\/01\\\/brackets.png\",\"contentUrl\":\"http:\\\/\\\/www.accuratereviews.com\\\/wp-content\\\/uploads\\\/2017\\\/01\\\/brackets.png\"},{\"@type\":\"BreadcrumbList\",\"@id\":\"https:\\\/\\\/www.accuratereviews.com\\\/it\\\/i-migliori-text-editor-lista\\\/brackets\\\/#breadcrumb\",\"itemListElement\":[{\"@type\":\"ListItem\",\"position\":1,\"name\":\"Home\",\"item\":\"https:\\\/\\\/www.accuratereviews.com\\\/it\\\/\"},{\"@type\":\"ListItem\",\"position\":2,\"name\":\"I migliori text editor\",\"item\":\"https:\\\/\\\/www.accuratereviews.com\\\/it\\\/i-migliori-text-editor-lista\\\/\"},{\"@type\":\"ListItem\",\"position\":3,\"name\":\"Brackets\"}]},{\"@type\":\"WebSite\",\"@id\":\"https:\\\/\\\/www.accuratereviews.com\\\/it\\\/#website\",\"url\":\"https:\\\/\\\/www.accuratereviews.com\\\/it\\\/\",\"name\":\"Accurate Reviews\",\"description\":\"\",\"potentialAction\":[{\"@type\":\"SearchAction\",\"target\":{\"@type\":\"EntryPoint\",\"urlTemplate\":\"https:\\\/\\\/www.accuratereviews.com\\\/it\\\/?s={search_term_string}\"},\"query-input\":{\"@type\":\"PropertyValueSpecification\",\"valueRequired\":true,\"valueName\":\"search_term_string\"}}],\"inLanguage\":\"it-IT\"}]}<\/script>\n<!-- \/ Yoast SEO plugin. -->","yoast_head_json":{"title":"Brackets Recensione Miglior Text Editor | Accurate Reviews","description":"Brackets \u00e8 un text editor creato da Adobe e pensato in particolare per gli sviluppatori che si occupano di Javascript, CSS e HTML.","robots":{"index":"index","follow":"follow","max-snippet":"max-snippet:-1","max-image-preview":"max-image-preview:large","max-video-preview":"max-video-preview:-1"},"canonical":"https:\/\/www.accuratereviews.com\/it\/i-migliori-text-editor-lista\/brackets\/","og_locale":"it_IT","og_type":"article","og_title":"Brackets Recensione Miglior Text Editor | Accurate Reviews","og_description":"Brackets \u00e8 un text editor creato da Adobe e pensato in particolare per gli sviluppatori che si occupano di Javascript, CSS e HTML.","og_url":"https:\/\/www.accuratereviews.com\/it\/i-migliori-text-editor-lista\/brackets\/","og_site_name":"Accurate Reviews","article_modified_time":"2017-05-03T07:53:19+00:00","og_image":[{"url":"http:\/\/www.accuratereviews.com\/wp-content\/uploads\/2017\/01\/brackets.png","type":"","width":"","height":""}],"twitter_card":"summary_large_image","twitter_misc":{"Tempo di lettura stimato":"2 minuti"},"schema":{"@context":"https:\/\/schema.org","@graph":[{"@type":"WebPage","@id":"https:\/\/www.accuratereviews.com\/it\/i-migliori-text-editor-lista\/brackets\/","url":"https:\/\/www.accuratereviews.com\/it\/i-migliori-text-editor-lista\/brackets\/","name":"Brackets Recensione Miglior Text Editor | Accurate Reviews","isPartOf":{"@id":"https:\/\/www.accuratereviews.com\/it\/#website"},"primaryImageOfPage":{"@id":"https:\/\/www.accuratereviews.com\/it\/i-migliori-text-editor-lista\/brackets\/#primaryimage"},"image":{"@id":"https:\/\/www.accuratereviews.com\/it\/i-migliori-text-editor-lista\/brackets\/#primaryimage"},"thumbnailUrl":"http:\/\/www.accuratereviews.com\/wp-content\/uploads\/2017\/01\/brackets.png","datePublished":"2017-01-31T08:47:02+00:00","dateModified":"2017-05-03T07:53:19+00:00","description":"Brackets \u00e8 un text editor creato da Adobe e pensato in particolare per gli sviluppatori che si occupano di Javascript, CSS e HTML.","breadcrumb":{"@id":"https:\/\/www.accuratereviews.com\/it\/i-migliori-text-editor-lista\/brackets\/#breadcrumb"},"inLanguage":"it-IT","potentialAction":[{"@type":"ReadAction","target":["https:\/\/www.accuratereviews.com\/it\/i-migliori-text-editor-lista\/brackets\/"]}]},{"@type":"ImageObject","inLanguage":"it-IT","@id":"https:\/\/www.accuratereviews.com\/it\/i-migliori-text-editor-lista\/brackets\/#primaryimage","url":"http:\/\/www.accuratereviews.com\/wp-content\/uploads\/2017\/01\/brackets.png","contentUrl":"http:\/\/www.accuratereviews.com\/wp-content\/uploads\/2017\/01\/brackets.png"},{"@type":"BreadcrumbList","@id":"https:\/\/www.accuratereviews.com\/it\/i-migliori-text-editor-lista\/brackets\/#breadcrumb","itemListElement":[{"@type":"ListItem","position":1,"name":"Home","item":"https:\/\/www.accuratereviews.com\/it\/"},{"@type":"ListItem","position":2,"name":"I migliori text editor","item":"https:\/\/www.accuratereviews.com\/it\/i-migliori-text-editor-lista\/"},{"@type":"ListItem","position":3,"name":"Brackets"}]},{"@type":"WebSite","@id":"https:\/\/www.accuratereviews.com\/it\/#website","url":"https:\/\/www.accuratereviews.com\/it\/","name":"Accurate Reviews","description":"","potentialAction":[{"@type":"SearchAction","target":{"@type":"EntryPoint","urlTemplate":"https:\/\/www.accuratereviews.com\/it\/?s={search_term_string}"},"query-input":{"@type":"PropertyValueSpecification","valueRequired":true,"valueName":"search_term_string"}}],"inLanguage":"it-IT"}]}},"_links":{"self":[{"href":"https:\/\/www.accuratereviews.com\/it\/wp-json\/wp\/v2\/pages\/7666","targetHints":{"allow":["GET"]}}],"collection":[{"href":"https:\/\/www.accuratereviews.com\/it\/wp-json\/wp\/v2\/pages"}],"about":[{"href":"https:\/\/www.accuratereviews.com\/it\/wp-json\/wp\/v2\/types\/page"}],"author":[{"embeddable":true,"href":"https:\/\/www.accuratereviews.com\/it\/wp-json\/wp\/v2\/users\/16"}],"replies":[{"embeddable":true,"href":"https:\/\/www.accuratereviews.com\/it\/wp-json\/wp\/v2\/comments?post=7666"}],"version-history":[{"count":7,"href":"https:\/\/www.accuratereviews.com\/it\/wp-json\/wp\/v2\/pages\/7666\/revisions"}],"predecessor-version":[{"id":9238,"href":"https:\/\/www.accuratereviews.com\/it\/wp-json\/wp\/v2\/pages\/7666\/revisions\/9238"}],"up":[{"embeddable":true,"href":"https:\/\/www.accuratereviews.com\/it\/wp-json\/wp\/v2\/pages\/7660"}],"wp:attachment":[{"href":"https:\/\/www.accuratereviews.com\/it\/wp-json\/wp\/v2\/media?parent=7666"}],"wp:term":[{"taxonomy":"category","embeddable":true,"href":"https:\/\/www.accuratereviews.com\/it\/wp-json\/wp\/v2\/categories?post=7666"},{"taxonomy":"post_tag","embeddable":true,"href":"https:\/\/www.accuratereviews.com\/it\/wp-json\/wp\/v2\/tags?post=7666"},{"taxonomy":"features","embeddable":true,"href":"https:\/\/www.accuratereviews.com\/it\/wp-json\/wp\/v2\/features?post=7666"}],"curies":[{"name":"wp","href":"https:\/\/api.w.org\/{rel}","templated":true}]}}