{"id":7677,"date":"2017-02-13T13:46:15","date_gmt":"2017-02-13T13:46:15","guid":{"rendered":"http:\/\/www.accuratereviews.com\/?page_id=7677\/"},"modified":"2017-05-03T08:06:50","modified_gmt":"2017-05-03T08:06:50","slug":"notepad","status":"publish","type":"page","link":"https:\/\/www.accuratereviews.com\/it\/i-migliori-text-editor-lista\/notepad\/","title":{"rendered":"Notepad++"},"content":{"rendered":"<p><img loading=\"lazy\" decoding=\"async\" class=\"alignnone size-full wp-image-7636\" src=\"http:\/\/www.accuratereviews.com\/wp-content\/uploads\/2017\/01\/notepad.png\" alt=\"notepad++\" width=\"803\" height=\"695\" srcset=\"https:\/\/www.accuratereviews.com\/wp-content\/uploads\/2017\/01\/notepad.png 803w, https:\/\/www.accuratereviews.com\/wp-content\/uploads\/2017\/01\/notepad-300x260.png 300w, https:\/\/www.accuratereviews.com\/wp-content\/uploads\/2017\/01\/notepad-768x665.png 768w, https:\/\/www.accuratereviews.com\/wp-content\/uploads\/2017\/01\/notepad-144x125.png 144w, https:\/\/www.accuratereviews.com\/wp-content\/uploads\/2017\/01\/notepad-50x43.png 50w, https:\/\/www.accuratereviews.com\/wp-content\/uploads\/2017\/01\/notepad-636x550.png 636w, https:\/\/www.accuratereviews.com\/wp-content\/uploads\/2017\/01\/notepad-320x277.png 320w, https:\/\/www.accuratereviews.com\/wp-content\/uploads\/2017\/01\/notepad-239x207.png 239w\" sizes=\"auto, (max-width: 803px) 100vw, 803px\" \/><\/p>\n<p>Uno degli slogan che Notepad++ utilizza per promuoversi riguarda una feature che pochi software includono: ottimizzando il maggior numero di routine possibili, secondo gli sviluppatori <strong> Notepad++ sta cercando di ridurre le emissioni di anidride carbonica nel mondo<\/strong>. Ci\u00f2 avviene perch\u00e9 il software richiede meno potenza alla CPU e il computer pu\u00f2 ridurre il consumo di energia elettrica richiesta, salvaguardando &#8211; nel suo piccolo &#8211; l&#8217;ambiente. <Strong> Notepad++ \u00e8 quindi uno strumento ecologico<\/strong> secondo quanto dichiarato, ma nella realt\u00e0 dei fatti, finch\u00e9 il software non offre tutto ci\u00f2 che gli utenti chiedono, sar\u00e0 difficile che venga utilizzato su ampia scala e che quindi salvi l&#8217;ambiente come vorrebbe. <\/p>\n<p>In larga misura, <strong> Notepad++, che gira solo su Windows, riesce a fare ci\u00f2 che serve<\/strong>. Creato nel 2003, ha avuto parecchio tempo per maturare e svilupparsi, rimanendo popolare tra gli sviluppatori che lo hanno utilizzato dalle origini. I commenti degli utilizzatori di vecchia data, ormai zoccolo duro e fedele, sono tutti estremamente positivi, alcuni continuano a trovarlo l&#8217;editor per eccellenza, addirittura non ne vengono sottolineati aspetti negativi.<\/p>\n<p><strong>Notepad++ sembra semplice tanto quanto l&#8217;applicazione Notepad preinstallata su Windows<\/strong>, ma offre un gran numero di funzionalit\u00e0 in pi\u00f9 che rendono questo text editor utile per gli sviluppatori. La pi\u00f9 importante \u00e8 la capacit\u00e0 di creare tab che permettono agli sviluppatori di tenere aperti pi\u00f9 file allo stesso momento. La barra del men\u00f9 di default include opzioni per l&#8217;editing, liste di funzioni, mappe documento e la capacit\u00e0 di utilizzare le cartelle come area di lavoro. <strong>Il software supporta un ampio numero di linguaggi di programmazione<\/strong>, da ActionScript a YAML. A estendere le funzionalit\u00e0 di questo text editor vi sono numerosi plugin che includono convertitori e strumenti MIME. La funzione di macro-registrazione che compare nella barra dei menu potrebbe non essere cos\u00ec utile come sembra, ma il completamento automatico, sia per le parole che per le funzioni, contribuir\u00e0 ad accelerare il lavoro di compilazione. <strong>L&#8217;utente pu\u00f2 inoltre scegliere come evidenziare il codice e i selettori<\/strong>.<\/p>\n<p>Scegliere un text editor poco pi\u00f9 avanzato rispetto al Notepad di Windows poteva bastare una decina di anni fa, ma al giorno d&#8217;oggi gli sviluppatori hanno a disposizione una vasta scelta di alternative dal design pi\u00f9 gradevole e aggiornato e dalle funzionalit\u00e0 ancora pi\u00f9 interessanti. <strong>Notepad++ non \u00e8 dotato di pacchetti di funzionalit\u00e0 aggiuntive, ad esempio, caratteristica invece presente in tutti i nuovi concorrenti<\/strong>. Il livello di personalizzazione offerta \u00e8 piuttosto base e diversi utenti si sono lamentati della lentezza del software. <\/p>\n<p>Nonostante ci\u00f2, se siete sviluppatori in cerca di un sistema gratuito e user-friendly in cui programmare in HTML, CSS, Ruby e un gran numero di altri linguaggi, Notepad++ potrebbe essere una buona scelta.<\/p>\n","protected":false},"excerpt":{"rendered":"<p>Uno degli slogan che Notepad++ utilizza per promuoversi riguarda una feature che pochi software includono: ottimizzando il maggior numero di routine possibili, secondo gli sviluppatori Notepad++ sta cercando di ridurre le emissioni di anidride carbonica nel mondo. Ci\u00f2 avviene perch\u00e9 il software richiede meno potenza alla CPU e il computer pu\u00f2 ridurre il consumo di energia elettrica richiesta.<\/p>\n","protected":false},"author":16,"featured_media":0,"parent":7660,"menu_order":1,"comment_status":"open","ping_status":"closed","template":"g1_template_page_review_new.php","meta":{"_acf_changed":false,"cwp_meta_box_check":"Yes","cwp_rev_product_name":"","cwp_rev_product_image":"","wppr_links":[],"cwp_rev_price":"","wppr_options":[],"wppr_pros":[],"wppr_cons":[],"_monsterinsights_skip_tracking":false,"_monsterinsights_sitenote_active":false,"_monsterinsights_sitenote_note":"","_monsterinsights_sitenote_category":0,"footnotes":""},"categories":[171],"tags":[],"features":[],"class_list":{"0":"post-7677","1":"page","2":"type-page","3":"status-publish","5":"category-text-editor-it"},"wppr_data":{"cwp_meta_box_check":"Yes","cwp_rev_product_name":"","cwp_rev_product_image":"","cwp_image_link":"image","cwp_rev_price":"","wppr_rating":"0.00"},"acf":[],"yoast_head":"<!-- This site is optimized with the Yoast SEO plugin v27.4 - https:\/\/yoast.com\/product\/yoast-seo-wordpress\/ -->\n<title>Notepad++ Recensione dei migliori Text Editor | Accurate Reviews<\/title>\n<meta name=\"description\" content=\"Notepead++ \u00e8 un text editor gratuito per Windows che punta alla semplicit\u00e0 di utilizzo e cerca di salvare l&#039;ambiente riducendo il consumo.\" \/>\n<meta name=\"robots\" content=\"index, follow, max-snippet:-1, max-image-preview:large, max-video-preview:-1\" \/>\n<link rel=\"canonical\" href=\"https:\/\/www.accuratereviews.com\/it\/i-migliori-text-editor-lista\/notepad\/\" \/>\n<meta property=\"og:locale\" content=\"it_IT\" \/>\n<meta property=\"og:type\" content=\"article\" \/>\n<meta property=\"og:title\" content=\"Notepad++ Recensione dei migliori Text Editor | Accurate Reviews\" \/>\n<meta property=\"og:description\" content=\"Notepead++ \u00e8 un text editor gratuito per Windows che punta alla semplicit\u00e0 di utilizzo e cerca di salvare l&#039;ambiente riducendo il consumo.\" \/>\n<meta property=\"og:url\" content=\"https:\/\/www.accuratereviews.com\/it\/i-migliori-text-editor-lista\/notepad\/\" \/>\n<meta property=\"og:site_name\" content=\"Accurate Reviews\" \/>\n<meta property=\"article:modified_time\" content=\"2017-05-03T08:06:50+00:00\" \/>\n<meta property=\"og:image\" content=\"http:\/\/www.accuratereviews.com\/wp-content\/uploads\/2017\/01\/notepad.png\" \/>\n<meta name=\"twitter:card\" content=\"summary_large_image\" \/>\n<meta name=\"twitter:label1\" content=\"Tempo di lettura stimato\" \/>\n\t<meta name=\"twitter:data1\" content=\"2 minuti\" \/>\n<script type=\"application\/ld+json\" class=\"yoast-schema-graph\">{\"@context\":\"https:\\\/\\\/schema.org\",\"@graph\":[{\"@type\":\"WebPage\",\"@id\":\"https:\\\/\\\/www.accuratereviews.com\\\/it\\\/i-migliori-text-editor-lista\\\/notepad\\\/\",\"url\":\"https:\\\/\\\/www.accuratereviews.com\\\/it\\\/i-migliori-text-editor-lista\\\/notepad\\\/\",\"name\":\"Notepad++ Recensione dei migliori Text Editor | Accurate Reviews\",\"isPartOf\":{\"@id\":\"https:\\\/\\\/www.accuratereviews.com\\\/it\\\/#website\"},\"primaryImageOfPage\":{\"@id\":\"https:\\\/\\\/www.accuratereviews.com\\\/it\\\/i-migliori-text-editor-lista\\\/notepad\\\/#primaryimage\"},\"image\":{\"@id\":\"https:\\\/\\\/www.accuratereviews.com\\\/it\\\/i-migliori-text-editor-lista\\\/notepad\\\/#primaryimage\"},\"thumbnailUrl\":\"http:\\\/\\\/www.accuratereviews.com\\\/wp-content\\\/uploads\\\/2017\\\/01\\\/notepad.png\",\"datePublished\":\"2017-02-13T13:46:15+00:00\",\"dateModified\":\"2017-05-03T08:06:50+00:00\",\"description\":\"Notepead++ \u00e8 un text editor gratuito per Windows che punta alla semplicit\u00e0 di utilizzo e cerca di salvare l'ambiente riducendo il consumo.\",\"breadcrumb\":{\"@id\":\"https:\\\/\\\/www.accuratereviews.com\\\/it\\\/i-migliori-text-editor-lista\\\/notepad\\\/#breadcrumb\"},\"inLanguage\":\"it-IT\",\"potentialAction\":[{\"@type\":\"ReadAction\",\"target\":[\"https:\\\/\\\/www.accuratereviews.com\\\/it\\\/i-migliori-text-editor-lista\\\/notepad\\\/\"]}]},{\"@type\":\"ImageObject\",\"inLanguage\":\"it-IT\",\"@id\":\"https:\\\/\\\/www.accuratereviews.com\\\/it\\\/i-migliori-text-editor-lista\\\/notepad\\\/#primaryimage\",\"url\":\"http:\\\/\\\/www.accuratereviews.com\\\/wp-content\\\/uploads\\\/2017\\\/01\\\/notepad.png\",\"contentUrl\":\"http:\\\/\\\/www.accuratereviews.com\\\/wp-content\\\/uploads\\\/2017\\\/01\\\/notepad.png\"},{\"@type\":\"BreadcrumbList\",\"@id\":\"https:\\\/\\\/www.accuratereviews.com\\\/it\\\/i-migliori-text-editor-lista\\\/notepad\\\/#breadcrumb\",\"itemListElement\":[{\"@type\":\"ListItem\",\"position\":1,\"name\":\"Home\",\"item\":\"https:\\\/\\\/www.accuratereviews.com\\\/it\\\/\"},{\"@type\":\"ListItem\",\"position\":2,\"name\":\"I migliori text editor\",\"item\":\"https:\\\/\\\/www.accuratereviews.com\\\/it\\\/i-migliori-text-editor-lista\\\/\"},{\"@type\":\"ListItem\",\"position\":3,\"name\":\"Notepad++\"}]},{\"@type\":\"WebSite\",\"@id\":\"https:\\\/\\\/www.accuratereviews.com\\\/it\\\/#website\",\"url\":\"https:\\\/\\\/www.accuratereviews.com\\\/it\\\/\",\"name\":\"Accurate Reviews\",\"description\":\"\",\"potentialAction\":[{\"@type\":\"SearchAction\",\"target\":{\"@type\":\"EntryPoint\",\"urlTemplate\":\"https:\\\/\\\/www.accuratereviews.com\\\/it\\\/?s={search_term_string}\"},\"query-input\":{\"@type\":\"PropertyValueSpecification\",\"valueRequired\":true,\"valueName\":\"search_term_string\"}}],\"inLanguage\":\"it-IT\"}]}<\/script>\n<!-- \/ Yoast SEO plugin. -->","yoast_head_json":{"title":"Notepad++ Recensione dei migliori Text Editor | Accurate Reviews","description":"Notepead++ \u00e8 un text editor gratuito per Windows che punta alla semplicit\u00e0 di utilizzo e cerca di salvare l'ambiente riducendo il consumo.","robots":{"index":"index","follow":"follow","max-snippet":"max-snippet:-1","max-image-preview":"max-image-preview:large","max-video-preview":"max-video-preview:-1"},"canonical":"https:\/\/www.accuratereviews.com\/it\/i-migliori-text-editor-lista\/notepad\/","og_locale":"it_IT","og_type":"article","og_title":"Notepad++ Recensione dei migliori Text Editor | Accurate Reviews","og_description":"Notepead++ \u00e8 un text editor gratuito per Windows che punta alla semplicit\u00e0 di utilizzo e cerca di salvare l'ambiente riducendo il consumo.","og_url":"https:\/\/www.accuratereviews.com\/it\/i-migliori-text-editor-lista\/notepad\/","og_site_name":"Accurate Reviews","article_modified_time":"2017-05-03T08:06:50+00:00","og_image":[{"url":"http:\/\/www.accuratereviews.com\/wp-content\/uploads\/2017\/01\/notepad.png","type":"","width":"","height":""}],"twitter_card":"summary_large_image","twitter_misc":{"Tempo di lettura stimato":"2 minuti"},"schema":{"@context":"https:\/\/schema.org","@graph":[{"@type":"WebPage","@id":"https:\/\/www.accuratereviews.com\/it\/i-migliori-text-editor-lista\/notepad\/","url":"https:\/\/www.accuratereviews.com\/it\/i-migliori-text-editor-lista\/notepad\/","name":"Notepad++ Recensione dei migliori Text Editor | Accurate Reviews","isPartOf":{"@id":"https:\/\/www.accuratereviews.com\/it\/#website"},"primaryImageOfPage":{"@id":"https:\/\/www.accuratereviews.com\/it\/i-migliori-text-editor-lista\/notepad\/#primaryimage"},"image":{"@id":"https:\/\/www.accuratereviews.com\/it\/i-migliori-text-editor-lista\/notepad\/#primaryimage"},"thumbnailUrl":"http:\/\/www.accuratereviews.com\/wp-content\/uploads\/2017\/01\/notepad.png","datePublished":"2017-02-13T13:46:15+00:00","dateModified":"2017-05-03T08:06:50+00:00","description":"Notepead++ \u00e8 un text editor gratuito per Windows che punta alla semplicit\u00e0 di utilizzo e cerca di salvare l'ambiente riducendo il consumo.","breadcrumb":{"@id":"https:\/\/www.accuratereviews.com\/it\/i-migliori-text-editor-lista\/notepad\/#breadcrumb"},"inLanguage":"it-IT","potentialAction":[{"@type":"ReadAction","target":["https:\/\/www.accuratereviews.com\/it\/i-migliori-text-editor-lista\/notepad\/"]}]},{"@type":"ImageObject","inLanguage":"it-IT","@id":"https:\/\/www.accuratereviews.com\/it\/i-migliori-text-editor-lista\/notepad\/#primaryimage","url":"http:\/\/www.accuratereviews.com\/wp-content\/uploads\/2017\/01\/notepad.png","contentUrl":"http:\/\/www.accuratereviews.com\/wp-content\/uploads\/2017\/01\/notepad.png"},{"@type":"BreadcrumbList","@id":"https:\/\/www.accuratereviews.com\/it\/i-migliori-text-editor-lista\/notepad\/#breadcrumb","itemListElement":[{"@type":"ListItem","position":1,"name":"Home","item":"https:\/\/www.accuratereviews.com\/it\/"},{"@type":"ListItem","position":2,"name":"I migliori text editor","item":"https:\/\/www.accuratereviews.com\/it\/i-migliori-text-editor-lista\/"},{"@type":"ListItem","position":3,"name":"Notepad++"}]},{"@type":"WebSite","@id":"https:\/\/www.accuratereviews.com\/it\/#website","url":"https:\/\/www.accuratereviews.com\/it\/","name":"Accurate Reviews","description":"","potentialAction":[{"@type":"SearchAction","target":{"@type":"EntryPoint","urlTemplate":"https:\/\/www.accuratereviews.com\/it\/?s={search_term_string}"},"query-input":{"@type":"PropertyValueSpecification","valueRequired":true,"valueName":"search_term_string"}}],"inLanguage":"it-IT"}]}},"_links":{"self":[{"href":"https:\/\/www.accuratereviews.com\/it\/wp-json\/wp\/v2\/pages\/7677","targetHints":{"allow":["GET"]}}],"collection":[{"href":"https:\/\/www.accuratereviews.com\/it\/wp-json\/wp\/v2\/pages"}],"about":[{"href":"https:\/\/www.accuratereviews.com\/it\/wp-json\/wp\/v2\/types\/page"}],"author":[{"embeddable":true,"href":"https:\/\/www.accuratereviews.com\/it\/wp-json\/wp\/v2\/users\/16"}],"replies":[{"embeddable":true,"href":"https:\/\/www.accuratereviews.com\/it\/wp-json\/wp\/v2\/comments?post=7677"}],"version-history":[{"count":4,"href":"https:\/\/www.accuratereviews.com\/it\/wp-json\/wp\/v2\/pages\/7677\/revisions"}],"predecessor-version":[{"id":9251,"href":"https:\/\/www.accuratereviews.com\/it\/wp-json\/wp\/v2\/pages\/7677\/revisions\/9251"}],"up":[{"embeddable":true,"href":"https:\/\/www.accuratereviews.com\/it\/wp-json\/wp\/v2\/pages\/7660"}],"wp:attachment":[{"href":"https:\/\/www.accuratereviews.com\/it\/wp-json\/wp\/v2\/media?parent=7677"}],"wp:term":[{"taxonomy":"category","embeddable":true,"href":"https:\/\/www.accuratereviews.com\/it\/wp-json\/wp\/v2\/categories?post=7677"},{"taxonomy":"post_tag","embeddable":true,"href":"https:\/\/www.accuratereviews.com\/it\/wp-json\/wp\/v2\/tags?post=7677"},{"taxonomy":"features","embeddable":true,"href":"https:\/\/www.accuratereviews.com\/it\/wp-json\/wp\/v2\/features?post=7677"}],"curies":[{"name":"wp","href":"https:\/\/api.w.org\/{rel}","templated":true}]}}