{"id":76794,"date":"2024-05-21T16:20:28","date_gmt":"2024-05-21T16:20:28","guid":{"rendered":"https:\/\/www.accuratereviews.com\/?page_id=76794"},"modified":"2025-11-20T15:22:06","modified_gmt":"2025-11-20T15:22:06","slug":"questbase-recensione","status":"publish","type":"page","link":"https:\/\/www.accuratereviews.com\/it\/piattaforme-esami-online-lista\/questbase-recensione\/","title":{"rendered":"QuestBase"},"content":{"rendered":"<p><strong>QuestBase<\/strong> \u00e8 un&#8217;applicazione basata sul web che consente alle organizzazioni di<strong> creare e gestire test,<\/strong> valutazioni, esami e certificazioni. Fornisce una piattaforma completa per tutte le esigenze di test incentrate sugli studenti, dall&#8217;integrazione dei registri dei voti alla reportistica e all&#8217;analisi.<br \/>\nGli utenti possono creare verifiche o saggi a scelta multipla, impostare la durata di ciascuna domanda e decidere i criteri di superamento o fallimento degli esami. Le aziende possono generare certificati inclusi loghi e modelli di diploma e progettare report professionali utilizzando modelli integrati. Inoltre, <strong>Questbase<\/strong> consente agli utenti di condividere i test con gli insegnanti attraverso un database sicuro.<\/p>\n<h2><a href=\"https:\/\/www.accuratereviews.com\/wp-content\/uploads\/2024\/05\/Screenshot-2024-05-21-alle-10.48.42.png\"><img loading=\"lazy\" decoding=\"async\" class=\"aligncenter wp-image-76800 size-large\" src=\"https:\/\/www.accuratereviews.com\/wp-content\/uploads\/2024\/05\/Screenshot-2024-05-21-alle-10.48.42-1024x326.png\" alt=\"\" width=\"686\" height=\"218\" srcset=\"https:\/\/www.accuratereviews.com\/wp-content\/uploads\/2024\/05\/Screenshot-2024-05-21-alle-10.48.42-1024x326.png 1024w, https:\/\/www.accuratereviews.com\/wp-content\/uploads\/2024\/05\/Screenshot-2024-05-21-alle-10.48.42-300x95.png 300w, https:\/\/www.accuratereviews.com\/wp-content\/uploads\/2024\/05\/Screenshot-2024-05-21-alle-10.48.42-768x244.png 768w, https:\/\/www.accuratereviews.com\/wp-content\/uploads\/2024\/05\/Screenshot-2024-05-21-alle-10.48.42-1536x489.png 1536w, https:\/\/www.accuratereviews.com\/wp-content\/uploads\/2024\/05\/Screenshot-2024-05-21-alle-10.48.42-2048x652.png 2048w, https:\/\/www.accuratereviews.com\/wp-content\/uploads\/2024\/05\/Screenshot-2024-05-21-alle-10.48.42-50x16.png 50w, https:\/\/www.accuratereviews.com\/wp-content\/uploads\/2024\/05\/Screenshot-2024-05-21-alle-10.48.42-260x83.png 260w, https:\/\/www.accuratereviews.com\/wp-content\/uploads\/2024\/05\/Screenshot-2024-05-21-alle-10.48.42-968x308.png 968w, https:\/\/www.accuratereviews.com\/wp-content\/uploads\/2024\/05\/Screenshot-2024-05-21-alle-10.48.42-636x202.png 636w, https:\/\/www.accuratereviews.com\/wp-content\/uploads\/2024\/05\/Screenshot-2024-05-21-alle-10.48.42-320x102.png 320w, https:\/\/www.accuratereviews.com\/wp-content\/uploads\/2024\/05\/Screenshot-2024-05-21-alle-10.48.42-239x76.png 239w\" sizes=\"auto, (max-width: 686px) 100vw, 686px\" \/><\/a><\/h2>\n<h2>QUESTBASE &#8211; CARATTERISTICHE<\/h2>\n<ul>\n<li><strong>Inserimento casuale delle domande<\/strong>: organizza le domande in cartelle e decidi come la soluzione andr\u00e0 a popolare il tuo questionario, anche tramite blocchi di domande per argomento<\/li>\n<li><strong>Valutazione avanzata in punti o percentuale<\/strong>: imposta un punteggio di superamento in punti o in percentuale, oppure crea la tua scala di valutazione avanzata.<\/li>\n<li><strong>Esportazione massiccia dei compiti:<\/strong> con 3 clic puoi esportare un archivio unico con tutti i compiti svolti dalla tua classe, gi\u00e0 rinominati con nome e cognome dello studente.<\/li>\n<li><strong>Importazione rapida delle domande<\/strong>: importa centinaia di domande tramite un modello Excel<\/li>\n<li><strong>Browser sicuro per verifiche sicure<\/strong>: abbatti drasticamente la probabilit\u00e0 che i tuoi studenti copino tramite il browser dedicato del programma.<\/li>\n<li><strong>Statistiche avanzate per studenti:<\/strong> analizza l\u2019andamento di ciascuno studente e monitora a quali domande ha risposto meglio o peggio<\/li>\n<li><strong>Crea una banca dati scolastica<\/strong>: condividi intere cartelle di domande, di questionari e di studenti con i tuoi colleghi.<\/li>\n<li><strong>Niente pi\u00f9 carta, archivia in digitale<\/strong>: in pochi clic puoi esportare un unico archivio con tutti i compiti svolti dalla tua classe, gi\u00e0 rinominati con nome e cognome dello studente. Gi\u00e0 pronti da archiviare.<\/li>\n<li><strong>Obiettivi<\/strong>: imposta pi\u00f9 obiettivi all&#8217;interno della stessa verifica per valutare diverse competenze o aree di competenza.<\/li>\n<li><strong>Salva le risposte in tempo reale<\/strong>: la soluzione salva le risposte in tempo reale e ti permette di far recuperare il compito da dove si \u00e8 interrotto.<\/li>\n<\/ul>\n<h3>LE RECENSIONI DEGLI UTENTI<\/h3>\n<p><strong>Stefano &#8220;Una svolta&#8221;<\/strong><br \/>\n<strong>Commenti<\/strong>: QuestBase mi permette con facilit\u00e0 di creare i miei test online, mi supporta\/alleggerisce la correzione dei compiti e mantiene traccia dei risultati dei questionari svolti.<br \/>\n<strong>Pro<\/strong>: Il software permette di comporre e di tenere traccia di tutti i questionari destinati agli studenti dei propri corsi. Mi piace molto la possibilit\u00e0 di poter scaricare i singoli test e di avere un report immediati da restituire ai discenti. Perfetta la possibilit\u00e0 di personalizzare ogni singolo svolgimento.<br \/>\n<strong>Contro<\/strong>: Forse non \u00e8 cos\u00ec intuitivo al primo utilizzo ed alcuni funzionalit\u00e0 sono ancora &#8220;oscure&#8221; (non si capiscono molto bene cosa facciano e quali siano i loro effetti).<\/p>\n<p><strong>Hannie &#8220;Ottimo software per fare test ed esami&#8221;<\/strong><br \/>\n<strong>Commenti<\/strong>: \u00e8 facile monitorare e testare i progressi degli alunni in diretta durante la didattica a distanza<br \/>\n<strong>Pro<\/strong>: Facile da usare, diverse funzionalit\u00e0 possibili<br \/>\n<strong>Contro<\/strong>: Mi manca una lavagna in modo che gli studenti possano disegnare la risposta oppure puoi utilizzare i grafici nel test.<\/p>\n<p><strong>Lara &#8220;La mia recensione&#8221;<\/strong><br \/>\n<strong>Commenti<\/strong>: Mi \u00e8 piaciuto molto i primi anni, dopo l&#8217;aggiornamento comincio a cercare nuovi programmi. Semplicemente non \u00e8 pi\u00f9 facile da usare.<br \/>\n<strong>Pro<\/strong>: \u00c8 facile da usare per i miei studenti e per me essere in grado di creare e inviare.<br \/>\n<strong>Contro<\/strong>: La versione precedente era molto pi\u00f9 facile da usare durante la creazione di valutazioni e l&#8217;estrazione di dati. La nuova versione \u00e8 molto difficile da usare.<\/p>\n","protected":false},"excerpt":{"rendered":"<p>QuestBase \u00e8 un&#8217;applicazione basata sul web che consente alle organizzazioni di creare e gestire test, valutazioni, esami e certificazioni. Fornisce una piattaforma completa per tutte le esigenze di test incentrate sugli studenti, dall&#8217;integrazione dei registri dei voti alla reportistica e all&#8217;analisi.<\/p>\n","protected":false},"author":19,"featured_media":76795,"parent":34687,"menu_order":0,"comment_status":"open","ping_status":"closed","template":"g1_template_page_review_new.php","meta":{"_acf_changed":false,"cwp_meta_box_check":"Yes","cwp_rev_product_name":"","cwp_rev_product_image":"","wppr_links":[],"cwp_rev_price":"0.00","wppr_options":[{"name":"Usability","value":"0"},{"name":"Speed","value":"0"},{"name":"Features","value":"0"},{"name":"Support","value":"0"},{"name":"Pricing","value":"0"}],"wppr_pros":["","","","",""],"wppr_cons":["","","","",""],"_monsterinsights_skip_tracking":false,"_monsterinsights_sitenote_active":false,"_monsterinsights_sitenote_note":"","_monsterinsights_sitenote_category":0,"footnotes":""},"categories":[4660],"tags":[4662,4661,4664,15094,4663,15095],"features":[],"class_list":{"0":"post-76794","1":"page","2":"type-page","3":"status-publish","4":"has-post-thumbnail","6":"category-piattaforme-di-esami-online","7":"tag-esami-online","8":"tag-piattaforma-esami-online","9":"tag-programma-esami-online","10":"tag-questbase","11":"tag-software-esami-online","12":"tag-soluzione-esame-online"},"wppr_data":{"cwp_meta_box_check":"Yes","_wppr_review_template":"default","cwp_rev_product_image":"","cwp_image_link":"image","wppr_links":[],"cwp_rev_price":"0.00","wppr_pros":["","","","",""],"wppr_cons":["","","","",""],"wppr_rating":"0.00","wppr_options":{"1":{"name":"Usability","value":"0"},"2":{"name":"Speed","value":"0"},"3":{"name":"Features","value":"0"},"4":{"name":"Support","value":"0"},"5":{"name":"Pricing","value":"0"}},"wppr_review_type":"Product","wppr_review_custom_fields":{"additionalProperty":"","additionalType":"","aggregateRating":"","alternateName":"","audience":"","award":"","awards":"","brand":"","color":"","depth":"","description":"","disambiguatingDescription":"","gtin12":"","gtin13":"","gtin14":"","gtin8":"","height":"","identifier":"","image":"","isAccessoryOrSparePartFor":"","isConsumableFor":"","isRelatedTo":"","isSimilarTo":"","itemCondition":"","logo":"","mainEntityOfPage":"","manufacturer":"","material":"","model":"","mpn":"","name":"","offers":"","potentialAction":"","productID":"","productionDate":"","purchaseDate":"","releaseDate":"","review":"","reviews":"","sameAs":"","sku":"","slogan":"","subjectOf":"","url":"","weight":"","width":""}},"acf":[],"yoast_head":"<!-- This site is optimized with the Yoast SEO plugin v27.4 - https:\/\/yoast.com\/product\/yoast-seo-wordpress\/ -->\n<title>QuestBase: recensione software esami online - Accurate Reviews<\/title>\n<meta name=\"description\" content=\"QuestBase: recensione applicazione basata sul web che consente alle organizzazioni di creare e gestire test, valutazioni e certificazioni.\" \/>\n<meta name=\"robots\" content=\"index, follow, max-snippet:-1, max-image-preview:large, max-video-preview:-1\" \/>\n<link rel=\"canonical\" href=\"https:\/\/www.accuratereviews.com\/it\/piattaforme-esami-online-lista\/questbase-recensione\/\" \/>\n<meta property=\"og:locale\" content=\"it_IT\" \/>\n<meta property=\"og:type\" content=\"article\" \/>\n<meta property=\"og:title\" content=\"QuestBase: recensione software esami online - Accurate Reviews\" \/>\n<meta property=\"og:description\" content=\"QuestBase: recensione applicazione basata sul web che consente alle organizzazioni di creare e gestire test, valutazioni e certificazioni.\" \/>\n<meta property=\"og:url\" content=\"https:\/\/www.accuratereviews.com\/it\/piattaforme-esami-online-lista\/questbase-recensione\/\" \/>\n<meta property=\"og:site_name\" content=\"Accurate Reviews\" \/>\n<meta property=\"article:modified_time\" content=\"2025-11-20T15:22:06+00:00\" \/>\n<meta property=\"og:image\" content=\"https:\/\/www.accuratereviews.com\/wp-content\/uploads\/2024\/05\/https-questbase.com_.png\" \/>\n\t<meta property=\"og:image:width\" content=\"249\" \/>\n\t<meta property=\"og:image:height\" content=\"249\" \/>\n\t<meta property=\"og:image:type\" content=\"image\/png\" \/>\n<meta name=\"twitter:card\" content=\"summary_large_image\" \/>\n<meta name=\"twitter:label1\" content=\"Tempo di lettura stimato\" \/>\n\t<meta name=\"twitter:data1\" content=\"5 minuti\" \/>\n<script type=\"application\/ld+json\" class=\"yoast-schema-graph\">{\"@context\":\"https:\\\/\\\/schema.org\",\"@graph\":[{\"@type\":\"WebPage\",\"@id\":\"https:\\\/\\\/www.accuratereviews.com\\\/it\\\/piattaforme-esami-online-lista\\\/questbase-recensione\\\/\",\"url\":\"https:\\\/\\\/www.accuratereviews.com\\\/it\\\/piattaforme-esami-online-lista\\\/questbase-recensione\\\/\",\"name\":\"QuestBase: recensione software esami online - Accurate Reviews\",\"isPartOf\":{\"@id\":\"https:\\\/\\\/www.accuratereviews.com\\\/it\\\/#website\"},\"primaryImageOfPage\":{\"@id\":\"https:\\\/\\\/www.accuratereviews.com\\\/it\\\/piattaforme-esami-online-lista\\\/questbase-recensione\\\/#primaryimage\"},\"image\":{\"@id\":\"https:\\\/\\\/www.accuratereviews.com\\\/it\\\/piattaforme-esami-online-lista\\\/questbase-recensione\\\/#primaryimage\"},\"thumbnailUrl\":\"https:\\\/\\\/www.accuratereviews.com\\\/wp-content\\\/uploads\\\/2024\\\/05\\\/https-questbase.com_.png\",\"datePublished\":\"2024-05-21T16:20:28+00:00\",\"dateModified\":\"2025-11-20T15:22:06+00:00\",\"description\":\"QuestBase: recensione applicazione basata sul web che consente alle organizzazioni di creare e gestire test, valutazioni e certificazioni.\",\"breadcrumb\":{\"@id\":\"https:\\\/\\\/www.accuratereviews.com\\\/it\\\/piattaforme-esami-online-lista\\\/questbase-recensione\\\/#breadcrumb\"},\"inLanguage\":\"it-IT\",\"potentialAction\":[{\"@type\":\"ReadAction\",\"target\":[\"https:\\\/\\\/www.accuratereviews.com\\\/it\\\/piattaforme-esami-online-lista\\\/questbase-recensione\\\/\"]}]},{\"@type\":\"ImageObject\",\"inLanguage\":\"it-IT\",\"@id\":\"https:\\\/\\\/www.accuratereviews.com\\\/it\\\/piattaforme-esami-online-lista\\\/questbase-recensione\\\/#primaryimage\",\"url\":\"https:\\\/\\\/www.accuratereviews.com\\\/wp-content\\\/uploads\\\/2024\\\/05\\\/https-questbase.com_.png\",\"contentUrl\":\"https:\\\/\\\/www.accuratereviews.com\\\/wp-content\\\/uploads\\\/2024\\\/05\\\/https-questbase.com_.png\",\"width\":249,\"height\":249},{\"@type\":\"BreadcrumbList\",\"@id\":\"https:\\\/\\\/www.accuratereviews.com\\\/it\\\/piattaforme-esami-online-lista\\\/questbase-recensione\\\/#breadcrumb\",\"itemListElement\":[{\"@type\":\"ListItem\",\"position\":1,\"name\":\"Home\",\"item\":\"https:\\\/\\\/www.accuratereviews.com\\\/it\\\/\"},{\"@type\":\"ListItem\",\"position\":2,\"name\":\"Piattaforme di esami online\",\"item\":\"https:\\\/\\\/www.accuratereviews.com\\\/it\\\/piattaforme-esami-online-lista\\\/\"},{\"@type\":\"ListItem\",\"position\":3,\"name\":\"QuestBase\"}]},{\"@type\":\"WebSite\",\"@id\":\"https:\\\/\\\/www.accuratereviews.com\\\/it\\\/#website\",\"url\":\"https:\\\/\\\/www.accuratereviews.com\\\/it\\\/\",\"name\":\"Accurate Reviews\",\"description\":\"\",\"potentialAction\":[{\"@type\":\"SearchAction\",\"target\":{\"@type\":\"EntryPoint\",\"urlTemplate\":\"https:\\\/\\\/www.accuratereviews.com\\\/it\\\/?s={search_term_string}\"},\"query-input\":{\"@type\":\"PropertyValueSpecification\",\"valueRequired\":true,\"valueName\":\"search_term_string\"}}],\"inLanguage\":\"it-IT\"}]}<\/script>\n<!-- \/ Yoast SEO plugin. -->","yoast_head_json":{"title":"QuestBase: recensione software esami online - Accurate Reviews","description":"QuestBase: recensione applicazione basata sul web che consente alle organizzazioni di creare e gestire test, valutazioni e certificazioni.","robots":{"index":"index","follow":"follow","max-snippet":"max-snippet:-1","max-image-preview":"max-image-preview:large","max-video-preview":"max-video-preview:-1"},"canonical":"https:\/\/www.accuratereviews.com\/it\/piattaforme-esami-online-lista\/questbase-recensione\/","og_locale":"it_IT","og_type":"article","og_title":"QuestBase: recensione software esami online - Accurate Reviews","og_description":"QuestBase: recensione applicazione basata sul web che consente alle organizzazioni di creare e gestire test, valutazioni e certificazioni.","og_url":"https:\/\/www.accuratereviews.com\/it\/piattaforme-esami-online-lista\/questbase-recensione\/","og_site_name":"Accurate Reviews","article_modified_time":"2025-11-20T15:22:06+00:00","og_image":[{"width":249,"height":249,"url":"https:\/\/www.accuratereviews.com\/wp-content\/uploads\/2024\/05\/https-questbase.com_.png","type":"image\/png"}],"twitter_card":"summary_large_image","twitter_misc":{"Tempo di lettura stimato":"5 minuti"},"schema":{"@context":"https:\/\/schema.org","@graph":[{"@type":"WebPage","@id":"https:\/\/www.accuratereviews.com\/it\/piattaforme-esami-online-lista\/questbase-recensione\/","url":"https:\/\/www.accuratereviews.com\/it\/piattaforme-esami-online-lista\/questbase-recensione\/","name":"QuestBase: recensione software esami online - Accurate Reviews","isPartOf":{"@id":"https:\/\/www.accuratereviews.com\/it\/#website"},"primaryImageOfPage":{"@id":"https:\/\/www.accuratereviews.com\/it\/piattaforme-esami-online-lista\/questbase-recensione\/#primaryimage"},"image":{"@id":"https:\/\/www.accuratereviews.com\/it\/piattaforme-esami-online-lista\/questbase-recensione\/#primaryimage"},"thumbnailUrl":"https:\/\/www.accuratereviews.com\/wp-content\/uploads\/2024\/05\/https-questbase.com_.png","datePublished":"2024-05-21T16:20:28+00:00","dateModified":"2025-11-20T15:22:06+00:00","description":"QuestBase: recensione applicazione basata sul web che consente alle organizzazioni di creare e gestire test, valutazioni e certificazioni.","breadcrumb":{"@id":"https:\/\/www.accuratereviews.com\/it\/piattaforme-esami-online-lista\/questbase-recensione\/#breadcrumb"},"inLanguage":"it-IT","potentialAction":[{"@type":"ReadAction","target":["https:\/\/www.accuratereviews.com\/it\/piattaforme-esami-online-lista\/questbase-recensione\/"]}]},{"@type":"ImageObject","inLanguage":"it-IT","@id":"https:\/\/www.accuratereviews.com\/it\/piattaforme-esami-online-lista\/questbase-recensione\/#primaryimage","url":"https:\/\/www.accuratereviews.com\/wp-content\/uploads\/2024\/05\/https-questbase.com_.png","contentUrl":"https:\/\/www.accuratereviews.com\/wp-content\/uploads\/2024\/05\/https-questbase.com_.png","width":249,"height":249},{"@type":"BreadcrumbList","@id":"https:\/\/www.accuratereviews.com\/it\/piattaforme-esami-online-lista\/questbase-recensione\/#breadcrumb","itemListElement":[{"@type":"ListItem","position":1,"name":"Home","item":"https:\/\/www.accuratereviews.com\/it\/"},{"@type":"ListItem","position":2,"name":"Piattaforme di esami online","item":"https:\/\/www.accuratereviews.com\/it\/piattaforme-esami-online-lista\/"},{"@type":"ListItem","position":3,"name":"QuestBase"}]},{"@type":"WebSite","@id":"https:\/\/www.accuratereviews.com\/it\/#website","url":"https:\/\/www.accuratereviews.com\/it\/","name":"Accurate Reviews","description":"","potentialAction":[{"@type":"SearchAction","target":{"@type":"EntryPoint","urlTemplate":"https:\/\/www.accuratereviews.com\/it\/?s={search_term_string}"},"query-input":{"@type":"PropertyValueSpecification","valueRequired":true,"valueName":"search_term_string"}}],"inLanguage":"it-IT"}]}},"_links":{"self":[{"href":"https:\/\/www.accuratereviews.com\/it\/wp-json\/wp\/v2\/pages\/76794","targetHints":{"allow":["GET"]}}],"collection":[{"href":"https:\/\/www.accuratereviews.com\/it\/wp-json\/wp\/v2\/pages"}],"about":[{"href":"https:\/\/www.accuratereviews.com\/it\/wp-json\/wp\/v2\/types\/page"}],"author":[{"embeddable":true,"href":"https:\/\/www.accuratereviews.com\/it\/wp-json\/wp\/v2\/users\/19"}],"replies":[{"embeddable":true,"href":"https:\/\/www.accuratereviews.com\/it\/wp-json\/wp\/v2\/comments?post=76794"}],"version-history":[{"count":9,"href":"https:\/\/www.accuratereviews.com\/it\/wp-json\/wp\/v2\/pages\/76794\/revisions"}],"predecessor-version":[{"id":105139,"href":"https:\/\/www.accuratereviews.com\/it\/wp-json\/wp\/v2\/pages\/76794\/revisions\/105139"}],"up":[{"embeddable":true,"href":"https:\/\/www.accuratereviews.com\/it\/wp-json\/wp\/v2\/pages\/34687"}],"wp:featuredmedia":[{"embeddable":true,"href":"https:\/\/www.accuratereviews.com\/it\/wp-json\/wp\/v2\/media\/76795"}],"wp:attachment":[{"href":"https:\/\/www.accuratereviews.com\/it\/wp-json\/wp\/v2\/media?parent=76794"}],"wp:term":[{"taxonomy":"category","embeddable":true,"href":"https:\/\/www.accuratereviews.com\/it\/wp-json\/wp\/v2\/categories?post=76794"},{"taxonomy":"post_tag","embeddable":true,"href":"https:\/\/www.accuratereviews.com\/it\/wp-json\/wp\/v2\/tags?post=76794"},{"taxonomy":"features","embeddable":true,"href":"https:\/\/www.accuratereviews.com\/it\/wp-json\/wp\/v2\/features?post=76794"}],"curies":[{"name":"wp","href":"https:\/\/api.w.org\/{rel}","templated":true}]}}