{"id":76813,"date":"2024-05-22T20:24:53","date_gmt":"2024-05-22T20:24:53","guid":{"rendered":"https:\/\/www.accuratereviews.com\/?page_id=76813"},"modified":"2024-05-22T20:24:53","modified_gmt":"2024-05-22T20:24:53","slug":"examjet-recensione","status":"publish","type":"page","link":"https:\/\/www.accuratereviews.com\/it\/piattaforme-esami-online-lista\/examjet-recensione\/","title":{"rendered":"ExamJet"},"content":{"rendered":"<p><strong>ExamJet<\/strong> \u00e8 uno strumento che aiuta gli insegnanti a <strong>valutare le conoscenze dei propri studenti<\/strong>. \u00c8 una piattaforma online progettata per scuole e universit\u00e0 per migliorare i processi dei test e la gestione dei registri. Con questa soluzione, gli insegnanti possono gestire migliaia di valutazioni degli studenti ogni giorno e ottenere un feedback immediato sui loro progressi.<br \/>\nSemplifica l&#8217;archiviazione e l&#8217;organizzazione di migliaia di domande. Puoi ordinarli in categorie e conservarli in un unico posto, per trovare rapidamente ci\u00f2 di cui hai bisogno. La <strong>funzione Tester<\/strong> \u00e8 uno strumento facile da usare che consente agli studenti di dimostrare le proprie capacit\u00e0. Possono accedere alle verifiche da qualsiasi luogo utilizzando u n computer o un telefono. Semplifica il processo di analisi dei risultati dei test, offrendo agli insegnanti informazioni rapide sul rendimento dei loro studenti. Queste informazioni servono per migliorare i metodi di insegnamento e offrire istruzioni personalizzate agli studenti che ne hanno bisogno.<\/p>\n<h2>EXAMJET &#8211; TUTORIAL<\/h2>\n<div id=\"fluid-wrapper-counter-1\" class=\"g1-fluid-wrapper \" style=\"width:686px;\">\n<div style=\"padding-bottom:56.268221574344%;\"><iframe loading=\"lazy\" title=\"ExamJet Branding\" width=\"515\" height=\"386\" src=\"https:\/\/www.youtube.com\/embed\/YFgwaaCBdXo?feature=oembed&amp;wmode=transparent&amp;autohide=1&amp;autoplay=0&amp;disablekb=0&amp;fs=1&amp;loop=0&amp;enablejsapi=1&amp;rel=0&amp;controls=2&amp;showinfo=0&amp;wmode=transparent&amp;autohide=2&amp;autoplay=0&amp;disablekb=0&amp;fs=1&amp;loop=0&amp;enablejsapi=1&amp;rel=0&amp;controls=2&amp;showinfo=1\" frameborder=\"0\" allow=\"accelerometer; autoplay; clipboard-write; encrypted-media; gyroscope; picture-in-picture; web-share\" referrerpolicy=\"strict-origin-when-cross-origin\" allowfullscreen><\/iframe><\/div>\n<\/div>\n<h3>EXAMJET &#8211; CARATTERISTICHE<\/h3>\n<ul>\n<li><strong>Gestisci le domande<\/strong>: consente una facile organizzazione e archiviazione di migliaia di domande ordinandole in categorie e conservando i dati correlati in un unico posto. Ci\u00f2 rende pi\u00f9 veloce e conveniente l&#8217;accesso alle informazioni importanti senza dover cercare in cartelle o database infiniti.<\/li>\n<li><strong>Pubblica test:<\/strong> permette di personalizzare il tuo test scegliendo banche di domande, gruppi di studenti e scale di valutazione. Puoi anche rendere il tuo test aperto al pubblico con preferenze e limiti di tempo specificati.<\/li>\n<li><strong>Gestisci gruppi di studenti<\/strong>: lascia agli insegnanti l&#8217;opportunit\u00e0 di organizzare gli studenti in base alle loro esigenze e preferenze individuali o alla struttura dell&#8217;organizzazione. Questo approccio semplifica l&#8217;assegnazione di quiz, il monitoraggio dei progressi degli studenti e l&#8217;analisi efficiente dei risultati per un ulteriore sviluppo. Consente inoltre agli studenti di trarre vantaggio dall&#8217;essere raggruppati in pi\u00f9 cluster per accedere a vari approcci di apprendimento adatti a loro.<\/li>\n<li><strong>Analisi dei risultati<\/strong>: fornisce analisi dei test accessibili che fanno risparmiare tempo agli insegnanti e semplificano il processo di monitoraggio delle prestazioni degli studenti. L&#8217;analisi dei test offre dati tempestivi che offrono agli istruttori potenziali soluzioni per soddisfare le esigenze dei singoli studenti e fornire istruzioni personalizzate.<\/li>\n<li><strong>Metti alla prova le conoscenze degli studenti<\/strong>: la funzione Tester fornisce una soluzione semplicistica che consente agli studenti di mostrare le proprie capacit\u00e0 in modo efficiente. Gli studenti possono accedere ai propri esami su laptop o telefoni, indipendentemente da dove si trovino. Progettato per rendere il processo semplice e veloce, consentendo agli studenti di dedicare pi\u00f9 tempo ad affinare le proprie capacit\u00e0 anzich\u00e9 stressarsi per i test.<\/li>\n<\/ul>\n<h4>LE RECENSIONI DEGLI UTENTI<\/h4>\n<p><strong>Ajeet &#8220;Piattaforma d&#8217;esame&#8221;<\/strong><br \/>\n<strong>Commenti<\/strong>: Examjet ha svolto un ottimo lavoro nel creare una piattaforma per selezionare in modo efficiente i candidati in un breve lasso di tempo.<br \/>\n<strong>Pro<\/strong>: Examjet \u00e8 un&#8217;accattivante piattaforma di formazione online. Le sue caratteristiche principali sono la facilitazione degli esami online e l&#8217;aiuto agli istruttori nello svolgimento delle lezioni in modo efficace.<br \/>\n<strong>Contro<\/strong>: a volte si interrompe, impedendoci di accedere ai nostri studi, come frequentare le lezioni, inviare test e compiti e comunicare con gli istruttori.<\/p>\n<p><strong>Neeraj &#8220;Recensione ExamJet&#8221;<\/strong><br \/>\n<strong>Commenti<\/strong>: L&#8217;esperienza complessiva \u00e8 buona.<br \/>\n<strong>Pro<\/strong>: Il programma dell&#8217;esame \u00e8 molto utile. Funziona in modo fluido, quindi possiamo preparare il test con un mese di anticipo. \u00c8 facile da usare. \u00c8 un sistema online per gli istituti di istruzione.<br \/>\n<strong>Contro<\/strong>: A volte ci vuole molto tempo per aprirsi. Dovrebbe essere pi\u00f9 attraente.<\/p>\n<p><strong>Supriya &#8220;Per la gestione degli esami, ExamJet \u00e8 un eccellente software basato su cloud.&#8221;<\/strong><br \/>\n<strong>Commenti<\/strong>: ExamJet \u00e8 un ottimo strumento per la gestione degli esami. Lavoro con esperienze di apprendimento e, in base a ci\u00f2 che so, questo software basato su cloud \u00e8 davvero utile per creare diversi tipi di domande come scelta multipla, vero\/falso, riempimento di spazi vuoti e saggio. \u00c8 anche facile tenere traccia dei progressi. Nel complesso, sono davvero soddisfatto di questo software.<br \/>\n<strong>Pro<\/strong>: ExamJet pu\u00f2 gestire diversi stili di domande come scelta multipla, vero\/falso, riempimento di spazi vuoti e saggi. Questa flessibilit\u00e0 aiuta il mio team a realizzare esami adatti alle esigenze dei nostri clienti e studenti. ExamJet ci fornisce inoltre numerosi report e dati dettagliati per seguire il rendimento degli studenti, scoprire dove possono fare meglio e decidere come migliorare la loro formazione.<br \/>\n<strong>Contro<\/strong>: ExamJet non ha tutte le funzionalit\u00e0 come i test adattivi. A volte \u00e8 difficile collegarlo ad altri sistemi.<\/p>\n","protected":false},"excerpt":{"rendered":"<p>ExamJet \u00e8 uno strumento che aiuta gli insegnanti a valutare le conoscenze dei propri studenti. \u00c8 una piattaforma online progettata per scuole e universit\u00e0 per migliorare i processi dei test e la gestione dei registri. Con questa soluzione, gli insegnanti possono gestire migliaia di valutazioni degli studenti ogni giorno e ottenere un feedback immediato sui loro progressi.<\/p>\n","protected":false},"author":19,"featured_media":76817,"parent":34687,"menu_order":0,"comment_status":"open","ping_status":"closed","template":"g1_template_page_review_new.php","meta":{"_acf_changed":false,"cwp_meta_box_check":"No","cwp_rev_product_name":"","cwp_rev_product_image":"","wppr_links":[],"cwp_rev_price":"","wppr_options":[],"wppr_pros":[],"wppr_cons":[],"_monsterinsights_skip_tracking":false,"_monsterinsights_sitenote_active":false,"_monsterinsights_sitenote_note":"","_monsterinsights_sitenote_category":0,"footnotes":""},"categories":[4660],"tags":[4662,15096,4661,4664,4663,4688],"features":[],"class_list":{"0":"post-76813","1":"page","2":"type-page","3":"status-publish","4":"has-post-thumbnail","6":"category-piattaforme-di-esami-online","7":"tag-esami-online","8":"tag-examjet","9":"tag-piattaforma-esami-online","10":"tag-programma-esami-online","11":"tag-software-esami-online","12":"tag-soluzione-esami-online"},"wppr_data":{"cwp_meta_box_check":"No"},"acf":[],"yoast_head":"<!-- This site is optimized with the Yoast SEO plugin v27.4 - https:\/\/yoast.com\/product\/yoast-seo-wordpress\/ -->\n<title>ExamJet: recensione software esami online - Accurate Reviews<\/title>\n<meta name=\"description\" content=\"ExamJet: recensione strumento che aiuta gli insegnanti a valutare le conoscenze dei propri studenti con test online.\" \/>\n<meta name=\"robots\" content=\"index, follow, max-snippet:-1, max-image-preview:large, max-video-preview:-1\" \/>\n<link rel=\"canonical\" href=\"https:\/\/www.accuratereviews.com\/it\/piattaforme-esami-online-lista\/examjet-recensione\/\" \/>\n<meta property=\"og:locale\" content=\"it_IT\" \/>\n<meta property=\"og:type\" content=\"article\" \/>\n<meta property=\"og:title\" content=\"ExamJet: recensione software esami online - Accurate Reviews\" \/>\n<meta property=\"og:description\" content=\"ExamJet: recensione strumento che aiuta gli insegnanti a valutare le conoscenze dei propri studenti con test online.\" \/>\n<meta property=\"og:url\" content=\"https:\/\/www.accuratereviews.com\/it\/piattaforme-esami-online-lista\/examjet-recensione\/\" \/>\n<meta property=\"og:site_name\" content=\"Accurate Reviews\" \/>\n<meta property=\"og:image\" content=\"https:\/\/www.accuratereviews.com\/wp-content\/uploads\/2024\/05\/ExamJet-Logo.png\" \/>\n\t<meta property=\"og:image:width\" content=\"415\" \/>\n\t<meta property=\"og:image:height\" content=\"415\" \/>\n\t<meta property=\"og:image:type\" content=\"image\/png\" \/>\n<meta name=\"twitter:card\" content=\"summary_large_image\" \/>\n<meta name=\"twitter:label1\" content=\"Tempo di lettura stimato\" \/>\n\t<meta name=\"twitter:data1\" content=\"5 minuti\" \/>\n<script type=\"application\/ld+json\" class=\"yoast-schema-graph\">{\"@context\":\"https:\\\/\\\/schema.org\",\"@graph\":[{\"@type\":\"WebPage\",\"@id\":\"https:\\\/\\\/www.accuratereviews.com\\\/it\\\/piattaforme-esami-online-lista\\\/examjet-recensione\\\/\",\"url\":\"https:\\\/\\\/www.accuratereviews.com\\\/it\\\/piattaforme-esami-online-lista\\\/examjet-recensione\\\/\",\"name\":\"ExamJet: recensione software esami online - Accurate Reviews\",\"isPartOf\":{\"@id\":\"https:\\\/\\\/www.accuratereviews.com\\\/it\\\/#website\"},\"primaryImageOfPage\":{\"@id\":\"https:\\\/\\\/www.accuratereviews.com\\\/it\\\/piattaforme-esami-online-lista\\\/examjet-recensione\\\/#primaryimage\"},\"image\":{\"@id\":\"https:\\\/\\\/www.accuratereviews.com\\\/it\\\/piattaforme-esami-online-lista\\\/examjet-recensione\\\/#primaryimage\"},\"thumbnailUrl\":\"https:\\\/\\\/www.accuratereviews.com\\\/wp-content\\\/uploads\\\/2024\\\/05\\\/ExamJet-Logo.png\",\"datePublished\":\"2024-05-22T20:24:53+00:00\",\"description\":\"ExamJet: recensione strumento che aiuta gli insegnanti a valutare le conoscenze dei propri studenti con test online.\",\"breadcrumb\":{\"@id\":\"https:\\\/\\\/www.accuratereviews.com\\\/it\\\/piattaforme-esami-online-lista\\\/examjet-recensione\\\/#breadcrumb\"},\"inLanguage\":\"it-IT\",\"potentialAction\":[{\"@type\":\"ReadAction\",\"target\":[\"https:\\\/\\\/www.accuratereviews.com\\\/it\\\/piattaforme-esami-online-lista\\\/examjet-recensione\\\/\"]}]},{\"@type\":\"ImageObject\",\"inLanguage\":\"it-IT\",\"@id\":\"https:\\\/\\\/www.accuratereviews.com\\\/it\\\/piattaforme-esami-online-lista\\\/examjet-recensione\\\/#primaryimage\",\"url\":\"https:\\\/\\\/www.accuratereviews.com\\\/wp-content\\\/uploads\\\/2024\\\/05\\\/ExamJet-Logo.png\",\"contentUrl\":\"https:\\\/\\\/www.accuratereviews.com\\\/wp-content\\\/uploads\\\/2024\\\/05\\\/ExamJet-Logo.png\",\"width\":415,\"height\":415},{\"@type\":\"BreadcrumbList\",\"@id\":\"https:\\\/\\\/www.accuratereviews.com\\\/it\\\/piattaforme-esami-online-lista\\\/examjet-recensione\\\/#breadcrumb\",\"itemListElement\":[{\"@type\":\"ListItem\",\"position\":1,\"name\":\"Home\",\"item\":\"https:\\\/\\\/www.accuratereviews.com\\\/it\\\/\"},{\"@type\":\"ListItem\",\"position\":2,\"name\":\"Piattaforme di esami online\",\"item\":\"https:\\\/\\\/www.accuratereviews.com\\\/it\\\/piattaforme-esami-online-lista\\\/\"},{\"@type\":\"ListItem\",\"position\":3,\"name\":\"ExamJet\"}]},{\"@type\":\"WebSite\",\"@id\":\"https:\\\/\\\/www.accuratereviews.com\\\/it\\\/#website\",\"url\":\"https:\\\/\\\/www.accuratereviews.com\\\/it\\\/\",\"name\":\"Accurate Reviews\",\"description\":\"\",\"potentialAction\":[{\"@type\":\"SearchAction\",\"target\":{\"@type\":\"EntryPoint\",\"urlTemplate\":\"https:\\\/\\\/www.accuratereviews.com\\\/it\\\/?s={search_term_string}\"},\"query-input\":{\"@type\":\"PropertyValueSpecification\",\"valueRequired\":true,\"valueName\":\"search_term_string\"}}],\"inLanguage\":\"it-IT\"}]}<\/script>\n<!-- \/ Yoast SEO plugin. -->","yoast_head_json":{"title":"ExamJet: recensione software esami online - Accurate Reviews","description":"ExamJet: recensione strumento che aiuta gli insegnanti a valutare le conoscenze dei propri studenti con test online.","robots":{"index":"index","follow":"follow","max-snippet":"max-snippet:-1","max-image-preview":"max-image-preview:large","max-video-preview":"max-video-preview:-1"},"canonical":"https:\/\/www.accuratereviews.com\/it\/piattaforme-esami-online-lista\/examjet-recensione\/","og_locale":"it_IT","og_type":"article","og_title":"ExamJet: recensione software esami online - Accurate Reviews","og_description":"ExamJet: recensione strumento che aiuta gli insegnanti a valutare le conoscenze dei propri studenti con test online.","og_url":"https:\/\/www.accuratereviews.com\/it\/piattaforme-esami-online-lista\/examjet-recensione\/","og_site_name":"Accurate Reviews","og_image":[{"width":415,"height":415,"url":"https:\/\/www.accuratereviews.com\/wp-content\/uploads\/2024\/05\/ExamJet-Logo.png","type":"image\/png"}],"twitter_card":"summary_large_image","twitter_misc":{"Tempo di lettura stimato":"5 minuti"},"schema":{"@context":"https:\/\/schema.org","@graph":[{"@type":"WebPage","@id":"https:\/\/www.accuratereviews.com\/it\/piattaforme-esami-online-lista\/examjet-recensione\/","url":"https:\/\/www.accuratereviews.com\/it\/piattaforme-esami-online-lista\/examjet-recensione\/","name":"ExamJet: recensione software esami online - Accurate Reviews","isPartOf":{"@id":"https:\/\/www.accuratereviews.com\/it\/#website"},"primaryImageOfPage":{"@id":"https:\/\/www.accuratereviews.com\/it\/piattaforme-esami-online-lista\/examjet-recensione\/#primaryimage"},"image":{"@id":"https:\/\/www.accuratereviews.com\/it\/piattaforme-esami-online-lista\/examjet-recensione\/#primaryimage"},"thumbnailUrl":"https:\/\/www.accuratereviews.com\/wp-content\/uploads\/2024\/05\/ExamJet-Logo.png","datePublished":"2024-05-22T20:24:53+00:00","description":"ExamJet: recensione strumento che aiuta gli insegnanti a valutare le conoscenze dei propri studenti con test online.","breadcrumb":{"@id":"https:\/\/www.accuratereviews.com\/it\/piattaforme-esami-online-lista\/examjet-recensione\/#breadcrumb"},"inLanguage":"it-IT","potentialAction":[{"@type":"ReadAction","target":["https:\/\/www.accuratereviews.com\/it\/piattaforme-esami-online-lista\/examjet-recensione\/"]}]},{"@type":"ImageObject","inLanguage":"it-IT","@id":"https:\/\/www.accuratereviews.com\/it\/piattaforme-esami-online-lista\/examjet-recensione\/#primaryimage","url":"https:\/\/www.accuratereviews.com\/wp-content\/uploads\/2024\/05\/ExamJet-Logo.png","contentUrl":"https:\/\/www.accuratereviews.com\/wp-content\/uploads\/2024\/05\/ExamJet-Logo.png","width":415,"height":415},{"@type":"BreadcrumbList","@id":"https:\/\/www.accuratereviews.com\/it\/piattaforme-esami-online-lista\/examjet-recensione\/#breadcrumb","itemListElement":[{"@type":"ListItem","position":1,"name":"Home","item":"https:\/\/www.accuratereviews.com\/it\/"},{"@type":"ListItem","position":2,"name":"Piattaforme di esami online","item":"https:\/\/www.accuratereviews.com\/it\/piattaforme-esami-online-lista\/"},{"@type":"ListItem","position":3,"name":"ExamJet"}]},{"@type":"WebSite","@id":"https:\/\/www.accuratereviews.com\/it\/#website","url":"https:\/\/www.accuratereviews.com\/it\/","name":"Accurate Reviews","description":"","potentialAction":[{"@type":"SearchAction","target":{"@type":"EntryPoint","urlTemplate":"https:\/\/www.accuratereviews.com\/it\/?s={search_term_string}"},"query-input":{"@type":"PropertyValueSpecification","valueRequired":true,"valueName":"search_term_string"}}],"inLanguage":"it-IT"}]}},"_links":{"self":[{"href":"https:\/\/www.accuratereviews.com\/it\/wp-json\/wp\/v2\/pages\/76813","targetHints":{"allow":["GET"]}}],"collection":[{"href":"https:\/\/www.accuratereviews.com\/it\/wp-json\/wp\/v2\/pages"}],"about":[{"href":"https:\/\/www.accuratereviews.com\/it\/wp-json\/wp\/v2\/types\/page"}],"author":[{"embeddable":true,"href":"https:\/\/www.accuratereviews.com\/it\/wp-json\/wp\/v2\/users\/19"}],"replies":[{"embeddable":true,"href":"https:\/\/www.accuratereviews.com\/it\/wp-json\/wp\/v2\/comments?post=76813"}],"version-history":[{"count":5,"href":"https:\/\/www.accuratereviews.com\/it\/wp-json\/wp\/v2\/pages\/76813\/revisions"}],"predecessor-version":[{"id":76838,"href":"https:\/\/www.accuratereviews.com\/it\/wp-json\/wp\/v2\/pages\/76813\/revisions\/76838"}],"up":[{"embeddable":true,"href":"https:\/\/www.accuratereviews.com\/it\/wp-json\/wp\/v2\/pages\/34687"}],"wp:featuredmedia":[{"embeddable":true,"href":"https:\/\/www.accuratereviews.com\/it\/wp-json\/wp\/v2\/media\/76817"}],"wp:attachment":[{"href":"https:\/\/www.accuratereviews.com\/it\/wp-json\/wp\/v2\/media?parent=76813"}],"wp:term":[{"taxonomy":"category","embeddable":true,"href":"https:\/\/www.accuratereviews.com\/it\/wp-json\/wp\/v2\/categories?post=76813"},{"taxonomy":"post_tag","embeddable":true,"href":"https:\/\/www.accuratereviews.com\/it\/wp-json\/wp\/v2\/tags?post=76813"},{"taxonomy":"features","embeddable":true,"href":"https:\/\/www.accuratereviews.com\/it\/wp-json\/wp\/v2\/features?post=76813"}],"curies":[{"name":"wp","href":"https:\/\/api.w.org\/{rel}","templated":true}]}}