{"id":76839,"date":"2024-05-23T13:31:09","date_gmt":"2024-05-23T13:31:09","guid":{"rendered":"https:\/\/www.accuratereviews.com\/?page_id=76839"},"modified":"2024-05-23T13:31:09","modified_gmt":"2024-05-23T13:31:09","slug":"exam-net-recensione","status":"publish","type":"page","link":"https:\/\/www.accuratereviews.com\/it\/piattaforme-esami-online-lista\/exam-net-recensione\/","title":{"rendered":"Exam.net"},"content":{"rendered":"<p><strong>Exam.net<\/strong> \u00e8 una <strong>piattaforma per esami online<\/strong> che aiuta le organizzazioni a condurre valutazioni digitali e a gestire la supervisione degli esami nelle scuole e nelle universit\u00e0. Permette agli insegnanti di creare nuovi esami all&#8217;interno della piattaforma, che possono essere corretti automaticamente, o caricare quelli esistenti come file PDF. Consente agli studenti di condurre esami senza creare account e di accedere ai risultati tramite download, stampe o esportazioni su Google Drive, OneDrive e altre piattaforme.<br \/>\n<strong>Exam.net<\/strong> permette, inoltre, alle organizzazioni di integrare la piattaforma con Google Classroom. \u00c8 la piattaforma pi\u00f9 utilizzata per gli esami digitali nelle scuole svedesi e viene utilizzata per gli esami nazionali del paese.<\/p>\n<h2>EXAM.NET &#8211; TUTORIAL<\/h2>\n<div id=\"fluid-wrapper-counter-1\" class=\"g1-fluid-wrapper \" style=\"width:686px;\">\n<div style=\"padding-bottom:56.268221574344%;\"><iframe loading=\"lazy\" title=\"Create your first test \/\/ Exam.net teacher training video series\" width=\"686\" height=\"386\" src=\"https:\/\/www.youtube.com\/embed\/F1q0qE0Ysk4?feature=oembed&amp;wmode=transparent&amp;autohide=1&amp;autoplay=0&amp;disablekb=0&amp;fs=1&amp;loop=0&amp;enablejsapi=1&amp;rel=0&amp;controls=2&amp;showinfo=0&amp;wmode=transparent&amp;autohide=2&amp;autoplay=0&amp;disablekb=0&amp;fs=1&amp;loop=0&amp;enablejsapi=1&amp;rel=0&amp;controls=2&amp;showinfo=1\" frameborder=\"0\" allow=\"accelerometer; autoplay; clipboard-write; encrypted-media; gyroscope; picture-in-picture; web-share\" referrerpolicy=\"strict-origin-when-cross-origin\" allowfullscreen><\/iframe><\/div>\n<\/div>\n<h3>EXAM.NET &#8211; CARATTERISTICHE<\/h3>\n<ul>\n<li>Crea un esame in pochi minuti caricando un esame preesistente in formato PDF<\/li>\n<li>Valorizza ogni studente personalizzando gli esami in base alle esigenze individuali di ognuno di loro<\/li>\n<li>Previeni gli imbrogli con la modalit\u00e0 sicura di blocco del browser<\/li>\n<li>Acquisisci gli esami secondo il tuo metodo. Da soli o attraverso un LMS. Online oppure offline. Con o senza allegati scritti a mano.<\/li>\n<li>Valuta automaticamente i tuoi esami in base alle regole che hai impostato o scegli di valutarli manualmente<\/li>\n<li>Le prove con valutazione automatica vi consentono di risparmiare tempo in modo da potervi concentrare su attivit\u00e0 pi\u00f9 significative e fornire prontamente feedback ai vostri studenti.<\/li>\n<li>Automatizza il flusso di lavoro con la programmazione d&#8217;inizio e di esame finale.<\/li>\n<li>Garantisci integrit\u00e0 accademica con le funzioni di sicurezza e correzione.<\/li>\n<\/ul>\n<h4>LE RECENSIONI DEGLI UTENTI<\/h4>\n<p><strong>Petter &#8220;Exam-net come insegnante di lingue&#8221;<\/strong><br \/>\n<strong>Commenti<\/strong>: In generale davvero buono ma necessita di miglioramenti.<br \/>\n<strong>Pro<\/strong>: Gli esami corretti automaticamente sono fantastici. Mi fanno risparmiare molto tempo che posso dedicare ai miei studenti.<br \/>\n<strong>Contro<\/strong>: \u00c8 ancora piuttosto complicato da usare e non \u00e8 facile ottenere l\u2019assistenza clienti. Vorrei utilizzare un esame pi\u00f9 volte ed \u00e8 difficile trovare la funzione.<\/p>\n<p><strong>Nasirudeen &#8220;Recensione di Adegboye N.L Exam.net&#8221;<\/strong><br \/>\n<strong>Commenti<\/strong>: Finora l&#8217;esperienza \u00e8 stata eccellente e ho consigliato Exam.net a tantissime organizzazioni e individui.<br \/>\n<strong>Pro<\/strong>: Il prodotto \u00e8 facile da usare e il software viene solitamente aggiornato con nuove funzioni.<br \/>\n<strong>Contro<\/strong>: Impossibile scaricare i punteggi totali in formato Excel<\/p>\n<p><strong>Antonius &#8220;Miglioramento continuo&#8221;<\/strong><br \/>\n<strong>Commenti<\/strong>: mi aiuta molto nel progettare gli esami per le attivit\u00e0 di apprendimento come i diagrammi colorati nelle domande e nel monitorare gli studenti negli esami e includere il riepilogo dell&#8217;analisi delle domande<br \/>\n<strong>Pro<\/strong>: Valutazione e sicurezza, incluso il riepilogo dell&#8217;analisi delle domande<br \/>\n<strong>Contro<\/strong>: \u00c8 necessaria una connessione Internet stabile ed \u00e8 un po&#8217; complicato scrivere formule di fisica e matematica per gli studenti perch\u00e9 utilizzano le tastiere<\/p>\n","protected":false},"excerpt":{"rendered":"<p>Exam.net \u00e8 una piattaforma per esami online che aiuta le organizzazioni a condurre valutazioni digitali e a gestire la supervisione degli esami nelle scuole e nelle universit\u00e0. Permette agli insegnanti di creare nuovi esami all&#8217;interno della piattaforma, che possono essere corretti automaticamente, o caricare quelli esistenti come file PDF<\/p>\n","protected":false},"author":19,"featured_media":76840,"parent":34687,"menu_order":0,"comment_status":"open","ping_status":"closed","template":"g1_template_page_review_new.php","meta":{"_acf_changed":false,"cwp_meta_box_check":"No","cwp_rev_product_name":"","cwp_rev_product_image":"","wppr_links":[],"cwp_rev_price":"","wppr_options":[],"wppr_pros":[],"wppr_cons":[],"_monsterinsights_skip_tracking":false,"_monsterinsights_sitenote_active":false,"_monsterinsights_sitenote_note":"","_monsterinsights_sitenote_category":0,"footnotes":""},"categories":[4660],"tags":[4662,15099,4661,4664,4663,4688],"features":[],"class_list":{"0":"post-76839","1":"page","2":"type-page","3":"status-publish","4":"has-post-thumbnail","6":"category-piattaforme-di-esami-online","7":"tag-esami-online","8":"tag-exam-net","9":"tag-piattaforma-esami-online","10":"tag-programma-esami-online","11":"tag-software-esami-online","12":"tag-soluzione-esami-online"},"wppr_data":{"cwp_meta_box_check":"No"},"acf":[],"yoast_head":"<!-- This site is optimized with the Yoast SEO plugin v27.4 - https:\/\/yoast.com\/product\/yoast-seo-wordpress\/ -->\n<title>Exam.net: recensione software esami online - Accurate Reviews<\/title>\n<meta name=\"description\" content=\"Exam.net: recensione piattaforma per esami online che aiuta le organizzazioni a condurre valutazioni digitali e a gestire la supervisione.\" \/>\n<meta name=\"robots\" content=\"index, follow, max-snippet:-1, max-image-preview:large, max-video-preview:-1\" \/>\n<link rel=\"canonical\" href=\"https:\/\/www.accuratereviews.com\/it\/piattaforme-esami-online-lista\/exam-net-recensione\/\" \/>\n<meta property=\"og:locale\" content=\"it_IT\" \/>\n<meta property=\"og:type\" content=\"article\" \/>\n<meta property=\"og:title\" content=\"Exam.net: recensione software esami online - Accurate Reviews\" \/>\n<meta property=\"og:description\" content=\"Exam.net: recensione piattaforma per esami online che aiuta le organizzazioni a condurre valutazioni digitali e a gestire la supervisione.\" \/>\n<meta property=\"og:url\" content=\"https:\/\/www.accuratereviews.com\/it\/piattaforme-esami-online-lista\/exam-net-recensione\/\" \/>\n<meta property=\"og:site_name\" content=\"Accurate Reviews\" \/>\n<meta property=\"og:image\" content=\"https:\/\/www.accuratereviews.com\/wp-content\/uploads\/2024\/05\/Exam.net_.png\" \/>\n\t<meta property=\"og:image:width\" content=\"300\" \/>\n\t<meta property=\"og:image:height\" content=\"300\" \/>\n\t<meta property=\"og:image:type\" content=\"image\/png\" \/>\n<meta name=\"twitter:card\" content=\"summary_large_image\" \/>\n<meta name=\"twitter:label1\" content=\"Tempo di lettura stimato\" \/>\n\t<meta name=\"twitter:data1\" content=\"4 minuti\" \/>\n<script type=\"application\/ld+json\" class=\"yoast-schema-graph\">{\"@context\":\"https:\\\/\\\/schema.org\",\"@graph\":[{\"@type\":\"WebPage\",\"@id\":\"https:\\\/\\\/www.accuratereviews.com\\\/it\\\/piattaforme-esami-online-lista\\\/exam-net-recensione\\\/\",\"url\":\"https:\\\/\\\/www.accuratereviews.com\\\/it\\\/piattaforme-esami-online-lista\\\/exam-net-recensione\\\/\",\"name\":\"Exam.net: recensione software esami online - Accurate Reviews\",\"isPartOf\":{\"@id\":\"https:\\\/\\\/www.accuratereviews.com\\\/it\\\/#website\"},\"primaryImageOfPage\":{\"@id\":\"https:\\\/\\\/www.accuratereviews.com\\\/it\\\/piattaforme-esami-online-lista\\\/exam-net-recensione\\\/#primaryimage\"},\"image\":{\"@id\":\"https:\\\/\\\/www.accuratereviews.com\\\/it\\\/piattaforme-esami-online-lista\\\/exam-net-recensione\\\/#primaryimage\"},\"thumbnailUrl\":\"https:\\\/\\\/www.accuratereviews.com\\\/wp-content\\\/uploads\\\/2024\\\/05\\\/Exam.net_.png\",\"datePublished\":\"2024-05-23T13:31:09+00:00\",\"description\":\"Exam.net: recensione piattaforma per esami online che aiuta le organizzazioni a condurre valutazioni digitali e a gestire la supervisione.\",\"breadcrumb\":{\"@id\":\"https:\\\/\\\/www.accuratereviews.com\\\/it\\\/piattaforme-esami-online-lista\\\/exam-net-recensione\\\/#breadcrumb\"},\"inLanguage\":\"it-IT\",\"potentialAction\":[{\"@type\":\"ReadAction\",\"target\":[\"https:\\\/\\\/www.accuratereviews.com\\\/it\\\/piattaforme-esami-online-lista\\\/exam-net-recensione\\\/\"]}]},{\"@type\":\"ImageObject\",\"inLanguage\":\"it-IT\",\"@id\":\"https:\\\/\\\/www.accuratereviews.com\\\/it\\\/piattaforme-esami-online-lista\\\/exam-net-recensione\\\/#primaryimage\",\"url\":\"https:\\\/\\\/www.accuratereviews.com\\\/wp-content\\\/uploads\\\/2024\\\/05\\\/Exam.net_.png\",\"contentUrl\":\"https:\\\/\\\/www.accuratereviews.com\\\/wp-content\\\/uploads\\\/2024\\\/05\\\/Exam.net_.png\",\"width\":300,\"height\":300},{\"@type\":\"BreadcrumbList\",\"@id\":\"https:\\\/\\\/www.accuratereviews.com\\\/it\\\/piattaforme-esami-online-lista\\\/exam-net-recensione\\\/#breadcrumb\",\"itemListElement\":[{\"@type\":\"ListItem\",\"position\":1,\"name\":\"Home\",\"item\":\"https:\\\/\\\/www.accuratereviews.com\\\/it\\\/\"},{\"@type\":\"ListItem\",\"position\":2,\"name\":\"Piattaforme di esami online\",\"item\":\"https:\\\/\\\/www.accuratereviews.com\\\/it\\\/piattaforme-esami-online-lista\\\/\"},{\"@type\":\"ListItem\",\"position\":3,\"name\":\"Exam.net\"}]},{\"@type\":\"WebSite\",\"@id\":\"https:\\\/\\\/www.accuratereviews.com\\\/it\\\/#website\",\"url\":\"https:\\\/\\\/www.accuratereviews.com\\\/it\\\/\",\"name\":\"Accurate Reviews\",\"description\":\"\",\"potentialAction\":[{\"@type\":\"SearchAction\",\"target\":{\"@type\":\"EntryPoint\",\"urlTemplate\":\"https:\\\/\\\/www.accuratereviews.com\\\/it\\\/?s={search_term_string}\"},\"query-input\":{\"@type\":\"PropertyValueSpecification\",\"valueRequired\":true,\"valueName\":\"search_term_string\"}}],\"inLanguage\":\"it-IT\"}]}<\/script>\n<!-- \/ Yoast SEO plugin. -->","yoast_head_json":{"title":"Exam.net: recensione software esami online - Accurate Reviews","description":"Exam.net: recensione piattaforma per esami online che aiuta le organizzazioni a condurre valutazioni digitali e a gestire la supervisione.","robots":{"index":"index","follow":"follow","max-snippet":"max-snippet:-1","max-image-preview":"max-image-preview:large","max-video-preview":"max-video-preview:-1"},"canonical":"https:\/\/www.accuratereviews.com\/it\/piattaforme-esami-online-lista\/exam-net-recensione\/","og_locale":"it_IT","og_type":"article","og_title":"Exam.net: recensione software esami online - Accurate Reviews","og_description":"Exam.net: recensione piattaforma per esami online che aiuta le organizzazioni a condurre valutazioni digitali e a gestire la supervisione.","og_url":"https:\/\/www.accuratereviews.com\/it\/piattaforme-esami-online-lista\/exam-net-recensione\/","og_site_name":"Accurate Reviews","og_image":[{"width":300,"height":300,"url":"https:\/\/www.accuratereviews.com\/wp-content\/uploads\/2024\/05\/Exam.net_.png","type":"image\/png"}],"twitter_card":"summary_large_image","twitter_misc":{"Tempo di lettura stimato":"4 minuti"},"schema":{"@context":"https:\/\/schema.org","@graph":[{"@type":"WebPage","@id":"https:\/\/www.accuratereviews.com\/it\/piattaforme-esami-online-lista\/exam-net-recensione\/","url":"https:\/\/www.accuratereviews.com\/it\/piattaforme-esami-online-lista\/exam-net-recensione\/","name":"Exam.net: recensione software esami online - Accurate Reviews","isPartOf":{"@id":"https:\/\/www.accuratereviews.com\/it\/#website"},"primaryImageOfPage":{"@id":"https:\/\/www.accuratereviews.com\/it\/piattaforme-esami-online-lista\/exam-net-recensione\/#primaryimage"},"image":{"@id":"https:\/\/www.accuratereviews.com\/it\/piattaforme-esami-online-lista\/exam-net-recensione\/#primaryimage"},"thumbnailUrl":"https:\/\/www.accuratereviews.com\/wp-content\/uploads\/2024\/05\/Exam.net_.png","datePublished":"2024-05-23T13:31:09+00:00","description":"Exam.net: recensione piattaforma per esami online che aiuta le organizzazioni a condurre valutazioni digitali e a gestire la supervisione.","breadcrumb":{"@id":"https:\/\/www.accuratereviews.com\/it\/piattaforme-esami-online-lista\/exam-net-recensione\/#breadcrumb"},"inLanguage":"it-IT","potentialAction":[{"@type":"ReadAction","target":["https:\/\/www.accuratereviews.com\/it\/piattaforme-esami-online-lista\/exam-net-recensione\/"]}]},{"@type":"ImageObject","inLanguage":"it-IT","@id":"https:\/\/www.accuratereviews.com\/it\/piattaforme-esami-online-lista\/exam-net-recensione\/#primaryimage","url":"https:\/\/www.accuratereviews.com\/wp-content\/uploads\/2024\/05\/Exam.net_.png","contentUrl":"https:\/\/www.accuratereviews.com\/wp-content\/uploads\/2024\/05\/Exam.net_.png","width":300,"height":300},{"@type":"BreadcrumbList","@id":"https:\/\/www.accuratereviews.com\/it\/piattaforme-esami-online-lista\/exam-net-recensione\/#breadcrumb","itemListElement":[{"@type":"ListItem","position":1,"name":"Home","item":"https:\/\/www.accuratereviews.com\/it\/"},{"@type":"ListItem","position":2,"name":"Piattaforme di esami online","item":"https:\/\/www.accuratereviews.com\/it\/piattaforme-esami-online-lista\/"},{"@type":"ListItem","position":3,"name":"Exam.net"}]},{"@type":"WebSite","@id":"https:\/\/www.accuratereviews.com\/it\/#website","url":"https:\/\/www.accuratereviews.com\/it\/","name":"Accurate Reviews","description":"","potentialAction":[{"@type":"SearchAction","target":{"@type":"EntryPoint","urlTemplate":"https:\/\/www.accuratereviews.com\/it\/?s={search_term_string}"},"query-input":{"@type":"PropertyValueSpecification","valueRequired":true,"valueName":"search_term_string"}}],"inLanguage":"it-IT"}]}},"_links":{"self":[{"href":"https:\/\/www.accuratereviews.com\/it\/wp-json\/wp\/v2\/pages\/76839","targetHints":{"allow":["GET"]}}],"collection":[{"href":"https:\/\/www.accuratereviews.com\/it\/wp-json\/wp\/v2\/pages"}],"about":[{"href":"https:\/\/www.accuratereviews.com\/it\/wp-json\/wp\/v2\/types\/page"}],"author":[{"embeddable":true,"href":"https:\/\/www.accuratereviews.com\/it\/wp-json\/wp\/v2\/users\/19"}],"replies":[{"embeddable":true,"href":"https:\/\/www.accuratereviews.com\/it\/wp-json\/wp\/v2\/comments?post=76839"}],"version-history":[{"count":5,"href":"https:\/\/www.accuratereviews.com\/it\/wp-json\/wp\/v2\/pages\/76839\/revisions"}],"predecessor-version":[{"id":76863,"href":"https:\/\/www.accuratereviews.com\/it\/wp-json\/wp\/v2\/pages\/76839\/revisions\/76863"}],"up":[{"embeddable":true,"href":"https:\/\/www.accuratereviews.com\/it\/wp-json\/wp\/v2\/pages\/34687"}],"wp:featuredmedia":[{"embeddable":true,"href":"https:\/\/www.accuratereviews.com\/it\/wp-json\/wp\/v2\/media\/76840"}],"wp:attachment":[{"href":"https:\/\/www.accuratereviews.com\/it\/wp-json\/wp\/v2\/media?parent=76839"}],"wp:term":[{"taxonomy":"category","embeddable":true,"href":"https:\/\/www.accuratereviews.com\/it\/wp-json\/wp\/v2\/categories?post=76839"},{"taxonomy":"post_tag","embeddable":true,"href":"https:\/\/www.accuratereviews.com\/it\/wp-json\/wp\/v2\/tags?post=76839"},{"taxonomy":"features","embeddable":true,"href":"https:\/\/www.accuratereviews.com\/it\/wp-json\/wp\/v2\/features?post=76839"}],"curies":[{"name":"wp","href":"https:\/\/api.w.org\/{rel}","templated":true}]}}