{"id":76868,"date":"2024-05-24T20:36:56","date_gmt":"2024-05-24T20:36:56","guid":{"rendered":"https:\/\/www.accuratereviews.com\/?page_id=76868"},"modified":"2024-05-24T20:36:56","modified_gmt":"2024-05-24T20:36:56","slug":"usa-testprep-recensione","status":"publish","type":"page","link":"https:\/\/www.accuratereviews.com\/it\/piattaforme-esami-online-lista\/usa-testprep-recensione\/","title":{"rendered":"USA TestPrep"},"content":{"rendered":"<p><strong>USATestPrep<\/strong> \u00e8 uno strumento di<strong> preparazione ai test<\/strong> progettato per supportare gli insegnanti in classe fornendo risorse curriculari e apprendimento personalizzato per le scuole K12. Con funzionalit\u00e0 come reporting distrettuale, valutazioni personalizzate, monitoraggio delle prestazioni, risorse didattiche, domande di preparazione ai test e altro ancora.<br \/>\n<strong>USATestPrep<\/strong> funge da assistente di classe per aiutare gli insegnanti a migliorare le prestazioni degli studenti rispetto agli standard statali e nazionali. Le risorse didattiche allineate allo stato sono integrate nell&#8217;interfaccia utente, incluso un archivio video con domande di comprensione, giochi, fogli di lavoro, puzzle interattivi, flashcard, fogli di lavoro stampabili e altro ancora, e un quadro di valutazione della classe mira a incoraggiare la partecipazione e aumentare la motivazione.<\/p>\n<h2>USATESTPREP &#8211; TUTORIAL<\/h2>\n<div id=\"fluid-wrapper-counter-1\" class=\"g1-fluid-wrapper \" style=\"width:686px;\">\n<div style=\"padding-bottom:56.268221574344%;\"><iframe loading=\"lazy\" title=\"USATestprep - Getting Started\" width=\"686\" height=\"386\" src=\"https:\/\/www.youtube.com\/embed\/Dk6R83dPDlM?feature=oembed&amp;wmode=transparent&amp;autohide=1&amp;autoplay=0&amp;disablekb=0&amp;fs=1&amp;loop=0&amp;enablejsapi=1&amp;rel=0&amp;controls=2&amp;showinfo=0&amp;wmode=transparent&amp;autohide=2&amp;autoplay=0&amp;disablekb=0&amp;fs=1&amp;loop=0&amp;enablejsapi=1&amp;rel=0&amp;controls=2&amp;showinfo=1\" frameborder=\"0\" allow=\"accelerometer; autoplay; clipboard-write; encrypted-media; gyroscope; picture-in-picture; web-share\" referrerpolicy=\"strict-origin-when-cross-origin\" allowfullscreen><\/iframe><\/div>\n<\/div>\n<h3>USATESTPREP &#8211; CARATTERISTICHE<\/h3>\n<ul>\n<li><strong>Sostegno a interi distretti scolastici<\/strong>: il prodotto \u00e8 una risorsa basata sui dati che pu\u00f2 aiutare tutti gli studenti, dalla scuola materna fino al 12\u00b0 grado, a padroneggiare gli standard statali. Ottimizza facilmente le tue risorse didattiche supplementari utilizzando i prodotti realmente personalizzati per gli studenti delle scuole elementari, medie e superiori.<\/li>\n<li><strong>Strumenti di riparazione affidabili:<\/strong> a soluzione aiuta gli insegnanti a monitorare i progressi dei singoli studenti a un livello pi\u00f9 profondo attraverso interventi correttivi e adattivi. Un semplice sistema di classificazione in punti suddivide ciascun dominio per vedere dove si trovano gli studenti rispetto agli standard statali.<\/li>\n<li><strong>Efficiente ed efficace<\/strong>: consenti alle tue scuole di accedere a oltre 300.000 articoli per fornire loro un punto di partenza invece di iniziare da zero. Semplifica inoltre la replica e la condivisione di valutazioni, compiti o altre attivit\u00e0 nella tua scuola o persino nel tuo distretto.<\/li>\n<li><strong>Monitoraggio distrettuale<\/strong>: il reporting distrettuale fornisce istantanee a livello di studente, classe, scuola e distretto. Monitora l&#8217;utilizzo della piattaforma e crea e visualizza valutazioni a livello di distretto. Visualizza i dati per domande e test pratici, ripetizioni di test, valutazioni o qualsiasi combinazione di questi compiti. Puoi anche esportare i dati in Excel per condividerli facilmente.<\/li>\n<li><strong>Piattaforma facilmente accessibile<\/strong>: accedi alla piattaforma da qualsiasi luogo con Wi-Fi e il tuo login univoco. Permette a insegnanti e amministratori di vedere facilmente i progressi in tempo reale. Inoltre, da agli insegnanti la possibilit\u00e0 di integrare facilmente le lezioni di Clever, ClassLink, Canvas e Google Classroom.<\/li>\n<\/ul>\n<h4>LE RECENSIONI DEGLI UTENTI<\/h4>\n<p><strong>Corey &#8220;Un capolavoro educativo&#8221;<\/strong><br \/>\n<strong>Pro<\/strong>: La funzionalit\u00e0 di questo progetto \u00e8 superiore a qualsiasi altra del suo genere. \u00c8 allineato specificamente agli standard che i miei studenti devono padroneggiare e differenziato per raggiungere ogni singolo studente. Questo rende la mia preparazione all&#8217;insegnamento e la collaborazione con i colleghi molto pi\u00f9 efficace ed efficiente. Lo consiglierei a qualsiasi insegnante di qualsiasi grado, area di contenuto e livello di studente.<br \/>\n<strong>Contro<\/strong>: Mi piacciono tutte le funzionalit\u00e0 di questo programma.<\/p>\n<p><strong>Amanda &#8220;Ottimo per gli studenti!&#8221;<\/strong><br \/>\n<strong>Commenti<\/strong>: \u00c8 stato meraviglioso per tutta la mia scuola. Inoltre, il servizio clienti \u00e8 stato estremamente utile quando necessario.<br \/>\n<strong>Pro<\/strong>: \u00c8 un programma facile da usare per gli studenti. Le domande sono un&#8217;ottima corrispondenza per il nostro test di stato. \u00c8 facile vedere la crescita e assegnare un lavoro personalizzato agli studenti. Amo questo programma!<br \/>\n<strong>Contro<\/strong>: Vorrei che il programma avesse la capacit\u00e0 di dividere gli studenti per sottogruppi. Ci\u00f2 aiuterebbe la mia raccolta di dati.<\/p>\n<p><strong>Melissa &#8220;Migliora i tuoi punteggi nei test con una pratica rigorosa.&#8221;<\/strong><br \/>\n<strong>Commenti<\/strong>: Ho dovuto contattare l&#8217;assistenza un paio di volte e sono sempre stati meravigliosi nell&#8217;aiutarmi.<br \/>\n<strong>Pro<\/strong>: Lo uso nella mia classe e con i miei figli che studiano a casa. Utilizzo USA Test Prep da 5 anni e lo considero uno strumento indispensabile per il mio insegnamento. Mi consente di assegnare agli studenti compiti personalizzati per il loro apprendimento e rende la valutazione molto semplice.<br \/>\n<strong>Contro<\/strong>: Non \u00e8 conveniente agli studenti di lingua spagnola che stanno solo imparando l&#8217;inglese. Come genitore che studia a casa, \u00e8 troppo costoso poich\u00e9 devo acquistare una materia alla volta.<\/p>\n","protected":false},"excerpt":{"rendered":"<p>USATestPrep \u00e8 uno strumento di preparazione ai test progettato per supportare gli insegnanti in classe fornendo risorse curriculari e apprendimento personalizzato per le scuole K12. Con funzionalit\u00e0 come reporting distrettuale, valutazioni personalizzate, monitoraggio delle prestazioni, risorse didattiche, domande di preparazione ai test e altro ancora.<\/p>\n","protected":false},"author":19,"featured_media":76870,"parent":34687,"menu_order":0,"comment_status":"open","ping_status":"closed","template":"g1_template_page_review_new.php","meta":{"_acf_changed":false,"cwp_meta_box_check":"Yes","cwp_rev_product_name":"","cwp_rev_product_image":"","wppr_links":[],"cwp_rev_price":"0.00","wppr_options":[{"name":"Usability","value":"0"},{"name":"Speed","value":"0"},{"name":"Features","value":"0"},{"name":"Support","value":"0"},{"name":"Pricing","value":"0"}],"wppr_pros":["","","","",""],"wppr_cons":["","","","",""],"_monsterinsights_skip_tracking":false,"_monsterinsights_sitenote_active":false,"_monsterinsights_sitenote_note":"","_monsterinsights_sitenote_category":0,"footnotes":""},"categories":[4660],"tags":[4662,4661,4664,4663,4688,4690],"features":[],"class_list":{"0":"post-76868","1":"page","2":"type-page","3":"status-publish","4":"has-post-thumbnail","6":"category-piattaforme-di-esami-online","7":"tag-esami-online","8":"tag-piattaforma-esami-online","9":"tag-programma-esami-online","10":"tag-software-esami-online","11":"tag-soluzione-esami-online","12":"tag-usatestprep"},"wppr_data":{"cwp_meta_box_check":"Yes","_wppr_review_template":"default","cwp_rev_product_image":"","cwp_image_link":"image","wppr_links":[],"cwp_rev_price":"0.00","wppr_pros":["","","","",""],"wppr_cons":["","","","",""],"wppr_rating":"0.00","wppr_options":{"1":{"name":"Usability","value":"0"},"2":{"name":"Speed","value":"0"},"3":{"name":"Features","value":"0"},"4":{"name":"Support","value":"0"},"5":{"name":"Pricing","value":"0"}},"wppr_review_type":"Product","wppr_review_custom_fields":{"additionalProperty":"","additionalType":"","aggregateRating":"","alternateName":"","audience":"","award":"","awards":"","brand":"","color":"","depth":"","description":"","disambiguatingDescription":"","gtin12":"","gtin13":"","gtin14":"","gtin8":"","height":"","identifier":"","image":"","isAccessoryOrSparePartFor":"","isConsumableFor":"","isRelatedTo":"","isSimilarTo":"","itemCondition":"","logo":"","mainEntityOfPage":"","manufacturer":"","material":"","model":"","mpn":"","name":"","offers":"","potentialAction":"","productID":"","productionDate":"","purchaseDate":"","releaseDate":"","review":"","reviews":"","sameAs":"","sku":"","slogan":"","subjectOf":"","url":"","weight":"","width":""}},"acf":[],"yoast_head":"<!-- This site is optimized with the Yoast SEO plugin v27.4 - https:\/\/yoast.com\/product\/yoast-seo-wordpress\/ -->\n<title>USATestPrep: recensione software esami online- Accurate Reviews<\/title>\n<meta name=\"description\" content=\"USATestPrep: recensione strumento di preparazione ai test progettato per supportare gli insegnanti in classe.\" \/>\n<meta name=\"robots\" content=\"index, follow, max-snippet:-1, max-image-preview:large, max-video-preview:-1\" \/>\n<link rel=\"canonical\" href=\"https:\/\/www.accuratereviews.com\/it\/piattaforme-esami-online-lista\/usa-testprep-recensione\/\" \/>\n<meta property=\"og:locale\" content=\"it_IT\" \/>\n<meta property=\"og:type\" content=\"article\" \/>\n<meta property=\"og:title\" content=\"USATestPrep: recensione software esami online- Accurate Reviews\" \/>\n<meta property=\"og:description\" content=\"USATestPrep: recensione strumento di preparazione ai test progettato per supportare gli insegnanti in classe.\" \/>\n<meta property=\"og:url\" content=\"https:\/\/www.accuratereviews.com\/it\/piattaforme-esami-online-lista\/usa-testprep-recensione\/\" \/>\n<meta property=\"og:site_name\" content=\"Accurate Reviews\" \/>\n<meta property=\"og:image\" content=\"https:\/\/www.accuratereviews.com\/wp-content\/uploads\/2024\/05\/USATestPrep.jpeg\" \/>\n\t<meta property=\"og:image:width\" content=\"200\" \/>\n\t<meta property=\"og:image:height\" content=\"200\" \/>\n\t<meta property=\"og:image:type\" content=\"image\/jpeg\" \/>\n<meta name=\"twitter:card\" content=\"summary_large_image\" \/>\n<meta name=\"twitter:label1\" content=\"Tempo di lettura stimato\" \/>\n\t<meta name=\"twitter:data1\" content=\"5 minuti\" \/>\n<script type=\"application\/ld+json\" class=\"yoast-schema-graph\">{\"@context\":\"https:\\\/\\\/schema.org\",\"@graph\":[{\"@type\":\"WebPage\",\"@id\":\"https:\\\/\\\/www.accuratereviews.com\\\/it\\\/piattaforme-esami-online-lista\\\/usa-testprep-recensione\\\/\",\"url\":\"https:\\\/\\\/www.accuratereviews.com\\\/it\\\/piattaforme-esami-online-lista\\\/usa-testprep-recensione\\\/\",\"name\":\"USATestPrep: recensione software esami online- Accurate Reviews\",\"isPartOf\":{\"@id\":\"https:\\\/\\\/www.accuratereviews.com\\\/it\\\/#website\"},\"primaryImageOfPage\":{\"@id\":\"https:\\\/\\\/www.accuratereviews.com\\\/it\\\/piattaforme-esami-online-lista\\\/usa-testprep-recensione\\\/#primaryimage\"},\"image\":{\"@id\":\"https:\\\/\\\/www.accuratereviews.com\\\/it\\\/piattaforme-esami-online-lista\\\/usa-testprep-recensione\\\/#primaryimage\"},\"thumbnailUrl\":\"https:\\\/\\\/www.accuratereviews.com\\\/wp-content\\\/uploads\\\/2024\\\/05\\\/USATestPrep.jpeg\",\"datePublished\":\"2024-05-24T20:36:56+00:00\",\"description\":\"USATestPrep: recensione strumento di preparazione ai test progettato per supportare gli insegnanti in classe.\",\"breadcrumb\":{\"@id\":\"https:\\\/\\\/www.accuratereviews.com\\\/it\\\/piattaforme-esami-online-lista\\\/usa-testprep-recensione\\\/#breadcrumb\"},\"inLanguage\":\"it-IT\",\"potentialAction\":[{\"@type\":\"ReadAction\",\"target\":[\"https:\\\/\\\/www.accuratereviews.com\\\/it\\\/piattaforme-esami-online-lista\\\/usa-testprep-recensione\\\/\"]}]},{\"@type\":\"ImageObject\",\"inLanguage\":\"it-IT\",\"@id\":\"https:\\\/\\\/www.accuratereviews.com\\\/it\\\/piattaforme-esami-online-lista\\\/usa-testprep-recensione\\\/#primaryimage\",\"url\":\"https:\\\/\\\/www.accuratereviews.com\\\/wp-content\\\/uploads\\\/2024\\\/05\\\/USATestPrep.jpeg\",\"contentUrl\":\"https:\\\/\\\/www.accuratereviews.com\\\/wp-content\\\/uploads\\\/2024\\\/05\\\/USATestPrep.jpeg\",\"width\":200,\"height\":200},{\"@type\":\"BreadcrumbList\",\"@id\":\"https:\\\/\\\/www.accuratereviews.com\\\/it\\\/piattaforme-esami-online-lista\\\/usa-testprep-recensione\\\/#breadcrumb\",\"itemListElement\":[{\"@type\":\"ListItem\",\"position\":1,\"name\":\"Home\",\"item\":\"https:\\\/\\\/www.accuratereviews.com\\\/it\\\/\"},{\"@type\":\"ListItem\",\"position\":2,\"name\":\"Piattaforme di esami online\",\"item\":\"https:\\\/\\\/www.accuratereviews.com\\\/it\\\/piattaforme-esami-online-lista\\\/\"},{\"@type\":\"ListItem\",\"position\":3,\"name\":\"USA TestPrep\"}]},{\"@type\":\"WebSite\",\"@id\":\"https:\\\/\\\/www.accuratereviews.com\\\/it\\\/#website\",\"url\":\"https:\\\/\\\/www.accuratereviews.com\\\/it\\\/\",\"name\":\"Accurate Reviews\",\"description\":\"\",\"potentialAction\":[{\"@type\":\"SearchAction\",\"target\":{\"@type\":\"EntryPoint\",\"urlTemplate\":\"https:\\\/\\\/www.accuratereviews.com\\\/it\\\/?s={search_term_string}\"},\"query-input\":{\"@type\":\"PropertyValueSpecification\",\"valueRequired\":true,\"valueName\":\"search_term_string\"}}],\"inLanguage\":\"it-IT\"}]}<\/script>\n<!-- \/ Yoast SEO plugin. -->","yoast_head_json":{"title":"USATestPrep: recensione software esami online- Accurate Reviews","description":"USATestPrep: recensione strumento di preparazione ai test progettato per supportare gli insegnanti in classe.","robots":{"index":"index","follow":"follow","max-snippet":"max-snippet:-1","max-image-preview":"max-image-preview:large","max-video-preview":"max-video-preview:-1"},"canonical":"https:\/\/www.accuratereviews.com\/it\/piattaforme-esami-online-lista\/usa-testprep-recensione\/","og_locale":"it_IT","og_type":"article","og_title":"USATestPrep: recensione software esami online- Accurate Reviews","og_description":"USATestPrep: recensione strumento di preparazione ai test progettato per supportare gli insegnanti in classe.","og_url":"https:\/\/www.accuratereviews.com\/it\/piattaforme-esami-online-lista\/usa-testprep-recensione\/","og_site_name":"Accurate Reviews","og_image":[{"width":200,"height":200,"url":"https:\/\/www.accuratereviews.com\/wp-content\/uploads\/2024\/05\/USATestPrep.jpeg","type":"image\/jpeg"}],"twitter_card":"summary_large_image","twitter_misc":{"Tempo di lettura stimato":"5 minuti"},"schema":{"@context":"https:\/\/schema.org","@graph":[{"@type":"WebPage","@id":"https:\/\/www.accuratereviews.com\/it\/piattaforme-esami-online-lista\/usa-testprep-recensione\/","url":"https:\/\/www.accuratereviews.com\/it\/piattaforme-esami-online-lista\/usa-testprep-recensione\/","name":"USATestPrep: recensione software esami online- Accurate Reviews","isPartOf":{"@id":"https:\/\/www.accuratereviews.com\/it\/#website"},"primaryImageOfPage":{"@id":"https:\/\/www.accuratereviews.com\/it\/piattaforme-esami-online-lista\/usa-testprep-recensione\/#primaryimage"},"image":{"@id":"https:\/\/www.accuratereviews.com\/it\/piattaforme-esami-online-lista\/usa-testprep-recensione\/#primaryimage"},"thumbnailUrl":"https:\/\/www.accuratereviews.com\/wp-content\/uploads\/2024\/05\/USATestPrep.jpeg","datePublished":"2024-05-24T20:36:56+00:00","description":"USATestPrep: recensione strumento di preparazione ai test progettato per supportare gli insegnanti in classe.","breadcrumb":{"@id":"https:\/\/www.accuratereviews.com\/it\/piattaforme-esami-online-lista\/usa-testprep-recensione\/#breadcrumb"},"inLanguage":"it-IT","potentialAction":[{"@type":"ReadAction","target":["https:\/\/www.accuratereviews.com\/it\/piattaforme-esami-online-lista\/usa-testprep-recensione\/"]}]},{"@type":"ImageObject","inLanguage":"it-IT","@id":"https:\/\/www.accuratereviews.com\/it\/piattaforme-esami-online-lista\/usa-testprep-recensione\/#primaryimage","url":"https:\/\/www.accuratereviews.com\/wp-content\/uploads\/2024\/05\/USATestPrep.jpeg","contentUrl":"https:\/\/www.accuratereviews.com\/wp-content\/uploads\/2024\/05\/USATestPrep.jpeg","width":200,"height":200},{"@type":"BreadcrumbList","@id":"https:\/\/www.accuratereviews.com\/it\/piattaforme-esami-online-lista\/usa-testprep-recensione\/#breadcrumb","itemListElement":[{"@type":"ListItem","position":1,"name":"Home","item":"https:\/\/www.accuratereviews.com\/it\/"},{"@type":"ListItem","position":2,"name":"Piattaforme di esami online","item":"https:\/\/www.accuratereviews.com\/it\/piattaforme-esami-online-lista\/"},{"@type":"ListItem","position":3,"name":"USA TestPrep"}]},{"@type":"WebSite","@id":"https:\/\/www.accuratereviews.com\/it\/#website","url":"https:\/\/www.accuratereviews.com\/it\/","name":"Accurate Reviews","description":"","potentialAction":[{"@type":"SearchAction","target":{"@type":"EntryPoint","urlTemplate":"https:\/\/www.accuratereviews.com\/it\/?s={search_term_string}"},"query-input":{"@type":"PropertyValueSpecification","valueRequired":true,"valueName":"search_term_string"}}],"inLanguage":"it-IT"}]}},"_links":{"self":[{"href":"https:\/\/www.accuratereviews.com\/it\/wp-json\/wp\/v2\/pages\/76868","targetHints":{"allow":["GET"]}}],"collection":[{"href":"https:\/\/www.accuratereviews.com\/it\/wp-json\/wp\/v2\/pages"}],"about":[{"href":"https:\/\/www.accuratereviews.com\/it\/wp-json\/wp\/v2\/types\/page"}],"author":[{"embeddable":true,"href":"https:\/\/www.accuratereviews.com\/it\/wp-json\/wp\/v2\/users\/19"}],"replies":[{"embeddable":true,"href":"https:\/\/www.accuratereviews.com\/it\/wp-json\/wp\/v2\/comments?post=76868"}],"version-history":[{"count":8,"href":"https:\/\/www.accuratereviews.com\/it\/wp-json\/wp\/v2\/pages\/76868\/revisions"}],"predecessor-version":[{"id":76881,"href":"https:\/\/www.accuratereviews.com\/it\/wp-json\/wp\/v2\/pages\/76868\/revisions\/76881"}],"up":[{"embeddable":true,"href":"https:\/\/www.accuratereviews.com\/it\/wp-json\/wp\/v2\/pages\/34687"}],"wp:featuredmedia":[{"embeddable":true,"href":"https:\/\/www.accuratereviews.com\/it\/wp-json\/wp\/v2\/media\/76870"}],"wp:attachment":[{"href":"https:\/\/www.accuratereviews.com\/it\/wp-json\/wp\/v2\/media?parent=76868"}],"wp:term":[{"taxonomy":"category","embeddable":true,"href":"https:\/\/www.accuratereviews.com\/it\/wp-json\/wp\/v2\/categories?post=76868"},{"taxonomy":"post_tag","embeddable":true,"href":"https:\/\/www.accuratereviews.com\/it\/wp-json\/wp\/v2\/tags?post=76868"},{"taxonomy":"features","embeddable":true,"href":"https:\/\/www.accuratereviews.com\/it\/wp-json\/wp\/v2\/features?post=76868"}],"curies":[{"name":"wp","href":"https:\/\/api.w.org\/{rel}","templated":true}]}}