{"id":76911,"date":"2024-05-28T18:50:44","date_gmt":"2024-05-28T18:50:44","guid":{"rendered":"https:\/\/www.accuratereviews.com\/?page_id=76911"},"modified":"2024-05-29T13:49:00","modified_gmt":"2024-05-29T13:49:00","slug":"dealpotential-recensione","status":"publish","type":"page","link":"https:\/\/www.accuratereviews.com\/it\/piattaforme-per-fundraising\/dealpotential-recensione\/","title":{"rendered":"DealPotential Entrepreneur Platform"},"content":{"rendered":"<p>Gli imprenditori sfruttano la<strong> piattaforma DealPotential<\/strong> come hub per creare presentazioni, analisi di mercato, modelli di business, piani di assunzione, strategie di crescita e altre informazioni cruciali ai potenziali investitori che cercano di diversificare il proprio portafoglio di investimenti nel settore tecnologico. Inoltre, fornisce un servizio completo di valutazione aziendale che utilizza cinque diversi metodi di valutazione, catturando il valore da diverse prospettive.<br \/>\nL&#8217;obiettivo finale di <strong>DealPotential<\/strong> \u00e8 migliorare l&#8217;accessibilit\u00e0 al capitale, consentendo a uno spettro pi\u00f9 ampio di individui di avviare, gestire e coltivare aziende redditizie e innovative. Promuovendo tale ambiente, mira a favorire la creazione di posti di lavoro e a contribuire alla crescita del panorama imprenditoriale. Con l&#8217;accesso a un <strong>database di oltre 28.000 societ\u00e0 di investimento<\/strong>, gli imprenditori possono tenersi aggiornati sui recenti investimenti nel loro mercato e settore. Fornisce anche un rapporto di valutazione totale che aiuta gli imprenditori a comprendere il loro vero valore quando partecipano a riunioni e trattative.<\/p>\n<h2>DEALPOTENTIAL ENTREPRENEUR PLATFORM &#8211; TUTORIAL<\/h2>\n<div id=\"fluid-wrapper-counter-1\" class=\"g1-fluid-wrapper \" style=\"width:686px;\">\n<div style=\"padding-bottom:56.268221574344%;\"><iframe loading=\"lazy\" title=\"DealPotential for Investors - Smart Investments, Simplified\" width=\"686\" height=\"386\" src=\"https:\/\/www.youtube.com\/embed\/lBfr1sPKusc?feature=oembed&amp;wmode=transparent&amp;autohide=1&amp;autoplay=0&amp;disablekb=0&amp;fs=1&amp;loop=0&amp;enablejsapi=1&amp;rel=0&amp;controls=2&amp;showinfo=0&amp;wmode=transparent&amp;autohide=2&amp;autoplay=0&amp;disablekb=0&amp;fs=1&amp;loop=0&amp;enablejsapi=1&amp;rel=0&amp;controls=2&amp;showinfo=1\" frameborder=\"0\" allow=\"accelerometer; autoplay; clipboard-write; encrypted-media; gyroscope; picture-in-picture; web-share\" referrerpolicy=\"strict-origin-when-cross-origin\" allowfullscreen><\/iframe><\/div>\n<\/div>\n<h3>DEALPOTENTIAL ENTREPRENEUR PLATFORM &#8211; CARATTERISTICHE<\/h3>\n<div class=\"QcsUad BDJ8fb BLojaf sMVRZe hCXDsb wneUed\">\n<div class=\"usGWQd\">\n<div class=\"KkbLmb\">\n<ul>\n<li class=\"lRu31\" dir=\"ltr\"><span class=\"HwtZe\" lang=\"it\"><span class=\"jCAhz ChMk0b\"><span class=\"ryNqvb\"><strong>Soluzione tutto in uno<\/strong>:<\/span><\/span> s<span class=\"jCAhz ChMk0b\"><span class=\"ryNqvb\">oluzione tutto in uno per la ricerca di affari, l&#8217;analisi e la valutazione di un&#8217;azienda, di un mercato, di un investimento o di una decisione aziendale.<\/span><\/span> <\/span><\/li>\n<li class=\"lRu31\" dir=\"ltr\"><span class=\"HwtZe\" lang=\"it\"><span class=\"jCAhz ChMk0b\"><span class=\"ryNqvb\"><strong>Dati attendibili<\/strong>: il programma<\/span><\/span><span class=\"jCAhz ChMk0b\"><span class=\"ryNqvb\"> ottiene dati da istituti finanziari e applica algoritmi per presentarli in un formato semplice e intuitivo.<\/span><\/span><\/span><\/li>\n<li class=\"lRu31\" dir=\"ltr\"><span class=\"HwtZe\" lang=\"it\"><span class=\"jCAhz ChMk0b\"><span class=\"ryNqvb\"><strong>Personalizzazione<\/strong>:<\/span><\/span> i<span class=\"jCAhz ChMk0b\"><span class=\"ryNqvb\">mposta le tue preferenze di investimento e ricevi tempestivamente una notifica sulla prossima opportunit\u00e0.<\/span><\/span> <span class=\"jCAhz ChMk0b\"><span class=\"ryNqvb\">Genera report su misura per la tua strategia.<\/span><\/span> <\/span><\/li>\n<li class=\"lRu31\" dir=\"ltr\"><span class=\"HwtZe\" lang=\"it\"><strong>Risparmia tempo<\/strong>:<span class=\"jCAhz ChMk0b\"><span class=\"ryNqvb\">\u00a0consente un accesso rapido e semplice a dati privati unici, facendoti risparmiare ore di ricerca e permettendoti di concentrarti su attivit\u00e0 strategiche.<\/span><\/span> <\/span><\/li>\n<li class=\"lRu31\" dir=\"ltr\"><span class=\"HwtZe\" lang=\"it\"><span class=\"jCAhz ChMk0b\"><span class=\"ryNqvb\"><strong>Segnali di crescita<\/strong>:<\/span><\/span> a<span class=\"jCAhz ChMk0b\"><span class=\"ryNqvb\">ggiornamenti in tempo reale su KPI importanti.<\/span><\/span> <span class=\"jCAhz ChMk0b\"><span class=\"ryNqvb\">Aziende con il maggior numero di assunzioni, nuovi clienti, il tasso di abbandono, l&#8217;aumento dei ricavi e altro ancora.<\/span><\/span> <\/span><\/li>\n<li class=\"lRu31\" dir=\"ltr\"><span class=\"HwtZe\" lang=\"it\"><span class=\"jCAhz ChMk0b\"><span class=\"ryNqvb\"><strong>Individua i concorrenti<\/strong>:<\/span><\/span> i<span class=\"jCAhz ChMk0b\"><span class=\"ryNqvb\">dentifica aziende simili, analizza le loro prestazioni e comprendi le dinamiche di mercato.<\/span><\/span> <\/span><\/li>\n<li class=\"lRu31\" dir=\"ltr\"><span class=\"HwtZe\" lang=\"it\"><span class=\"jCAhz ChMk0b\"><span class=\"ryNqvb\"><strong>Approfondimenti di mercato<\/strong>:<\/span><\/span> s<span class=\"jCAhz ChMk0b\"><span class=\"ryNqvb\">copri opportunit\u00e0 attraverso gli strumenti e funzionalit\u00e0 avanzati che ti consentono di analizzare le tendenze del mercato e ottenere informazioni approfondite su vari settori.<\/span><\/span> <\/span><\/li>\n<li class=\"lRu31\" dir=\"ltr\"><span class=\"HwtZe\" lang=\"it\"><span class=\"jCAhz ChMk0b\"><span class=\"ryNqvb\"><strong>Valutazioni di aziende private<\/strong>:<\/span><\/span> c<span class=\"jCAhz ChMk0b\"><span class=\"ryNqvb\">onfronta le aziende private e fai previsioni sul loro successo futuro attraverso dati altamente dettagliati.<\/span><\/span> <\/span><\/li>\n<li class=\"lRu31\" dir=\"ltr\"><span class=\"HwtZe\" lang=\"it\"><span class=\"jCAhz ChMk0b\"><span class=\"ryNqvb\"><strong>Ricerca avanzata<\/strong>:<\/span><\/span> f<span class=\"jCAhz ChMk0b\"><span class=\"ryNqvb\">iltra i risultati in base a criteri quali: settore, posizione, round e altro per trovare aziende che soddisfano le tue esigenze di investimento.<\/span><\/span> <\/span><\/li>\n<li class=\"lRu31\" dir=\"ltr\"><span class=\"HwtZe\" lang=\"it\"><span class=\"jCAhz ChMk0b\"><span class=\"ryNqvb\"><strong>Valutazioni<\/strong>:<\/span><\/span> d<span class=\"jCAhz ChMk0b\"><span class=\"ryNqvb\">ai un&#8217;occhiata all&#8217;ampio database che include multipli di valutazione e di ricavo.<\/span><\/span> <\/span><\/li>\n<li class=\"lRu31\" dir=\"ltr\"><span class=\"HwtZe\" lang=\"it\"><span class=\"jCAhz ChMk0b\"><span class=\"ryNqvb\"><strong>Dati di mercato previsionali<\/strong>:<\/span><\/span> i <span class=\"jCAhz ChMk0b\"><span class=\"ryNqvb\">dati di mercato previsionali e gli algoritmi avanzati della piattaforma ti consentono di prevedere le tendenze del mercato e stare al passo con la concorrenza.<\/span><\/span><\/span><\/li>\n<li class=\"lRu31\" dir=\"ltr\"><span class=\"HwtZe\" lang=\"it\"><span class=\"jCAhz ChMk0b\"><span class=\"ryNqvb\"><strong>Acquisizione<\/strong>:<\/span><\/span> c<span class=\"jCAhz ChMk0b\"><span class=\"ryNqvb\">on l&#8217;ampio database di societ\u00e0 private, puoi facilmente trovare potenziali opportunit\u00e0 di buyout e acquisire la societ\u00e0 giusta per il tuo portafoglio di investimenti.<\/span><\/span> <\/span><\/li>\n<li class=\"lRu31\" dir=\"ltr\"><span class=\"HwtZe\" lang=\"it\"><span class=\"jCAhz ChMk0b\"><span class=\"ryNqvb\"><strong>Dimensioni del mercato<\/strong>:<\/span><\/span> u<span class=\"jCAhz ChMk0b\"><span class=\"ryNqvb\">tilizza il database di stime sulle dimensioni del mercato per individuare i mercati pi\u00f9 promettenti per investimenti ed espansione.<\/span><\/span> <\/span><\/li>\n<li class=\"lRu31\" dir=\"ltr\"><span class=\"HwtZe\" lang=\"it\"><span class=\"jCAhz ChMk0b\"><span class=\"ryNqvb\"><strong>Profili aziendali<\/strong>:<\/span><\/span> o<span class=\"jCAhz ChMk0b\"><span class=\"ryNqvb\">ttieni un accesso aggiornato a un&#8217;ampia gamma di analisi diverse di societ\u00e0 e team e ai suoi ultimi round di finanziamento e valutazione.<\/span><\/span><\/span><\/li>\n<\/ul>\n<h4>LE RECENSIONE DEGLI UTENTI<\/h4>\n<p><strong>Ketil Holmboe &#8220;Facile e conveniente&#8221;<\/strong><br \/>\n<strong>Commenti<\/strong>: Purtroppo non siamo riusciti a completare il primo girone.<br \/>\n<strong>Pro<\/strong>: Aiuta a fare analisi e il potenziale per trovare investitori adatti.<br \/>\n<strong>Contro<\/strong>: Sembra un po&#8217; difficile entrare in contatto con potenziali investitori. Sembra anche che gli investimenti debbano essere relativamente elevati.<\/p>\n<p><strong>Pierre &#8220;Ottimo supporto per le startup&#8221;<\/strong><br \/>\n<strong>Commenti<\/strong>: In realt\u00e0 \u00e8 stato brillante e molto utile. La ricerca di finanziamenti non \u00e8 la mia competenza e lavorare con la piattaforma e con il team dietro DealPotential mi ha aiutato molto a capire meglio cosa vogliono gli investitori e come presentare loro correttamente le informazioni. Altamente raccomandato.<br \/>\n<strong>Pro<\/strong>: Ho adorato il supporto. Il team era sempre pronto ad aiutarmi quando avevo una domanda e faceva sempre il possibile. La piattaforma \u00e8 facile da usare e assolutamente fantastica per estrarre informazioni su investitori e indirizzi.<br \/>\n<strong>Contro<\/strong>: Penso che potrebbe essere pi\u00f9 semplice entrare in contatto con gli investitori. Ritengo inoltre che potrebbero essere offerti pi\u00f9 modelli o indicazioni su come generare un buon pitch deck. Ma sono sicuro che tutto questo arriver\u00e0. Penso anche che potrebbe esserci un uso migliore dei dati che inseriamo per generare presentazioni o dare suggerimenti sull&#8217;attivit\u00e0 in cui operiamo.<\/p>\n<\/div>\n<\/div>\n<\/div>\n","protected":false},"excerpt":{"rendered":"<p>Gli imprenditori sfruttano la piattaforma DealPotential come hub per creare presentazioni, analisi di mercato, modelli di business, piani di assunzione, strategie di crescita e altre informazioni cruciali ai potenziali investitori che cercano di diversificare il proprio portafoglio di investimenti nel settore tecnologico.<\/p>\n","protected":false},"author":19,"featured_media":76915,"parent":35419,"menu_order":0,"comment_status":"open","ping_status":"closed","template":"g1_template_page_review_new.php","meta":{"_acf_changed":false,"cwp_meta_box_check":"Yes","cwp_rev_product_name":"","cwp_rev_product_image":"","wppr_links":[],"cwp_rev_price":"0.00","wppr_options":[{"name":"Usability","value":"0"},{"name":"Speed","value":"0"},{"name":"Features","value":"0"},{"name":"Support","value":"0"},{"name":"Pricing","value":"0"}],"wppr_pros":["","","","",""],"wppr_cons":["","","","",""],"_monsterinsights_skip_tracking":false,"_monsterinsights_sitenote_active":false,"_monsterinsights_sitenote_note":"","_monsterinsights_sitenote_category":0,"footnotes":""},"categories":[4851],"tags":[4853,4852,4855,4859,4854,4909],"features":[],"class_list":{"0":"post-76911","1":"page","2":"type-page","3":"status-publish","4":"has-post-thumbnail","6":"category-piattaforme-per-fundraising-categoria","7":"tag-fundraising","8":"tag-piattaforma-per-fundraising","9":"tag-programma-per-fundraising","10":"tag-raccolta-fondi","11":"tag-software-per-fundraising","12":"tag-soluzione-per-fundraising"},"wppr_data":{"cwp_meta_box_check":"Yes","_wppr_review_template":"default","cwp_rev_product_image":"","cwp_image_link":"image","wppr_links":[],"cwp_rev_price":"0.00","wppr_pros":["","","","",""],"wppr_cons":["","","","",""],"wppr_rating":"0.00","wppr_options":{"1":{"name":"Usability","value":"0"},"2":{"name":"Speed","value":"0"},"3":{"name":"Features","value":"0"},"4":{"name":"Support","value":"0"},"5":{"name":"Pricing","value":"0"}},"wppr_review_type":"Product","wppr_review_custom_fields":{"additionalProperty":"","additionalType":"","aggregateRating":"","alternateName":"","audience":"","award":"","awards":"","brand":"","color":"","depth":"","description":"","disambiguatingDescription":"","gtin12":"","gtin13":"","gtin14":"","gtin8":"","height":"","identifier":"","image":"","isAccessoryOrSparePartFor":"","isConsumableFor":"","isRelatedTo":"","isSimilarTo":"","itemCondition":"","logo":"","mainEntityOfPage":"","manufacturer":"","material":"","model":"","mpn":"","name":"","offers":"","potentialAction":"","productID":"","productionDate":"","purchaseDate":"","releaseDate":"","review":"","reviews":"","sameAs":"","sku":"","slogan":"","subjectOf":"","url":"","weight":"","width":""}},"acf":[],"yoast_head":"<!-- This site is optimized with the Yoast SEO plugin v27.4 - https:\/\/yoast.com\/product\/yoast-seo-wordpress\/ -->\n<title>DealPotential: recensione software fundraising - Accurate Reviews<\/title>\n<meta name=\"description\" content=\"DealPotential: recensione soluzione per creare presentazioni, analisi di mercato, modelli di business, piani di assunzione e molto altro.\" \/>\n<meta name=\"robots\" content=\"index, follow, max-snippet:-1, max-image-preview:large, max-video-preview:-1\" \/>\n<link rel=\"canonical\" href=\"https:\/\/www.accuratereviews.com\/it\/piattaforme-per-fundraising\/dealpotential-recensione\/\" \/>\n<meta property=\"og:locale\" content=\"it_IT\" \/>\n<meta property=\"og:type\" content=\"article\" \/>\n<meta property=\"og:title\" content=\"DealPotential: recensione software fundraising - Accurate Reviews\" \/>\n<meta property=\"og:description\" content=\"DealPotential: recensione soluzione per creare presentazioni, analisi di mercato, modelli di business, piani di assunzione e molto altro.\" \/>\n<meta property=\"og:url\" content=\"https:\/\/www.accuratereviews.com\/it\/piattaforme-per-fundraising\/dealpotential-recensione\/\" \/>\n<meta property=\"og:site_name\" content=\"Accurate Reviews\" \/>\n<meta property=\"article:modified_time\" content=\"2024-05-29T13:49:00+00:00\" \/>\n<meta property=\"og:image\" content=\"https:\/\/www.accuratereviews.com\/wp-content\/uploads\/2024\/05\/DealPotential-Entrepreneur-Platform.png\" \/>\n\t<meta property=\"og:image:width\" content=\"904\" \/>\n\t<meta property=\"og:image:height\" content=\"754\" \/>\n\t<meta property=\"og:image:type\" content=\"image\/png\" \/>\n<meta name=\"twitter:card\" content=\"summary_large_image\" \/>\n<meta name=\"twitter:label1\" content=\"Tempo di lettura stimato\" \/>\n\t<meta name=\"twitter:data1\" content=\"5 minuti\" \/>\n<script type=\"application\/ld+json\" class=\"yoast-schema-graph\">{\"@context\":\"https:\\\/\\\/schema.org\",\"@graph\":[{\"@type\":\"WebPage\",\"@id\":\"https:\\\/\\\/www.accuratereviews.com\\\/it\\\/piattaforme-per-fundraising\\\/dealpotential-recensione\\\/\",\"url\":\"https:\\\/\\\/www.accuratereviews.com\\\/it\\\/piattaforme-per-fundraising\\\/dealpotential-recensione\\\/\",\"name\":\"DealPotential: recensione software fundraising - Accurate Reviews\",\"isPartOf\":{\"@id\":\"https:\\\/\\\/www.accuratereviews.com\\\/it\\\/#website\"},\"primaryImageOfPage\":{\"@id\":\"https:\\\/\\\/www.accuratereviews.com\\\/it\\\/piattaforme-per-fundraising\\\/dealpotential-recensione\\\/#primaryimage\"},\"image\":{\"@id\":\"https:\\\/\\\/www.accuratereviews.com\\\/it\\\/piattaforme-per-fundraising\\\/dealpotential-recensione\\\/#primaryimage\"},\"thumbnailUrl\":\"https:\\\/\\\/www.accuratereviews.com\\\/wp-content\\\/uploads\\\/2024\\\/05\\\/DealPotential-Entrepreneur-Platform.png\",\"datePublished\":\"2024-05-28T18:50:44+00:00\",\"dateModified\":\"2024-05-29T13:49:00+00:00\",\"description\":\"DealPotential: recensione soluzione per creare presentazioni, analisi di mercato, modelli di business, piani di assunzione e molto altro.\",\"breadcrumb\":{\"@id\":\"https:\\\/\\\/www.accuratereviews.com\\\/it\\\/piattaforme-per-fundraising\\\/dealpotential-recensione\\\/#breadcrumb\"},\"inLanguage\":\"it-IT\",\"potentialAction\":[{\"@type\":\"ReadAction\",\"target\":[\"https:\\\/\\\/www.accuratereviews.com\\\/it\\\/piattaforme-per-fundraising\\\/dealpotential-recensione\\\/\"]}]},{\"@type\":\"ImageObject\",\"inLanguage\":\"it-IT\",\"@id\":\"https:\\\/\\\/www.accuratereviews.com\\\/it\\\/piattaforme-per-fundraising\\\/dealpotential-recensione\\\/#primaryimage\",\"url\":\"https:\\\/\\\/www.accuratereviews.com\\\/wp-content\\\/uploads\\\/2024\\\/05\\\/DealPotential-Entrepreneur-Platform.png\",\"contentUrl\":\"https:\\\/\\\/www.accuratereviews.com\\\/wp-content\\\/uploads\\\/2024\\\/05\\\/DealPotential-Entrepreneur-Platform.png\",\"width\":904,\"height\":754},{\"@type\":\"BreadcrumbList\",\"@id\":\"https:\\\/\\\/www.accuratereviews.com\\\/it\\\/piattaforme-per-fundraising\\\/dealpotential-recensione\\\/#breadcrumb\",\"itemListElement\":[{\"@type\":\"ListItem\",\"position\":1,\"name\":\"Home\",\"item\":\"https:\\\/\\\/www.accuratereviews.com\\\/it\\\/\"},{\"@type\":\"ListItem\",\"position\":2,\"name\":\"Piattaforme per fundraising\",\"item\":\"https:\\\/\\\/www.accuratereviews.com\\\/it\\\/piattaforme-per-fundraising\\\/\"},{\"@type\":\"ListItem\",\"position\":3,\"name\":\"DealPotential Entrepreneur Platform\"}]},{\"@type\":\"WebSite\",\"@id\":\"https:\\\/\\\/www.accuratereviews.com\\\/it\\\/#website\",\"url\":\"https:\\\/\\\/www.accuratereviews.com\\\/it\\\/\",\"name\":\"Accurate Reviews\",\"description\":\"\",\"potentialAction\":[{\"@type\":\"SearchAction\",\"target\":{\"@type\":\"EntryPoint\",\"urlTemplate\":\"https:\\\/\\\/www.accuratereviews.com\\\/it\\\/?s={search_term_string}\"},\"query-input\":{\"@type\":\"PropertyValueSpecification\",\"valueRequired\":true,\"valueName\":\"search_term_string\"}}],\"inLanguage\":\"it-IT\"}]}<\/script>\n<!-- \/ Yoast SEO plugin. -->","yoast_head_json":{"title":"DealPotential: recensione software fundraising - Accurate Reviews","description":"DealPotential: recensione soluzione per creare presentazioni, analisi di mercato, modelli di business, piani di assunzione e molto altro.","robots":{"index":"index","follow":"follow","max-snippet":"max-snippet:-1","max-image-preview":"max-image-preview:large","max-video-preview":"max-video-preview:-1"},"canonical":"https:\/\/www.accuratereviews.com\/it\/piattaforme-per-fundraising\/dealpotential-recensione\/","og_locale":"it_IT","og_type":"article","og_title":"DealPotential: recensione software fundraising - Accurate Reviews","og_description":"DealPotential: recensione soluzione per creare presentazioni, analisi di mercato, modelli di business, piani di assunzione e molto altro.","og_url":"https:\/\/www.accuratereviews.com\/it\/piattaforme-per-fundraising\/dealpotential-recensione\/","og_site_name":"Accurate Reviews","article_modified_time":"2024-05-29T13:49:00+00:00","og_image":[{"width":904,"height":754,"url":"https:\/\/www.accuratereviews.com\/wp-content\/uploads\/2024\/05\/DealPotential-Entrepreneur-Platform.png","type":"image\/png"}],"twitter_card":"summary_large_image","twitter_misc":{"Tempo di lettura stimato":"5 minuti"},"schema":{"@context":"https:\/\/schema.org","@graph":[{"@type":"WebPage","@id":"https:\/\/www.accuratereviews.com\/it\/piattaforme-per-fundraising\/dealpotential-recensione\/","url":"https:\/\/www.accuratereviews.com\/it\/piattaforme-per-fundraising\/dealpotential-recensione\/","name":"DealPotential: recensione software fundraising - Accurate Reviews","isPartOf":{"@id":"https:\/\/www.accuratereviews.com\/it\/#website"},"primaryImageOfPage":{"@id":"https:\/\/www.accuratereviews.com\/it\/piattaforme-per-fundraising\/dealpotential-recensione\/#primaryimage"},"image":{"@id":"https:\/\/www.accuratereviews.com\/it\/piattaforme-per-fundraising\/dealpotential-recensione\/#primaryimage"},"thumbnailUrl":"https:\/\/www.accuratereviews.com\/wp-content\/uploads\/2024\/05\/DealPotential-Entrepreneur-Platform.png","datePublished":"2024-05-28T18:50:44+00:00","dateModified":"2024-05-29T13:49:00+00:00","description":"DealPotential: recensione soluzione per creare presentazioni, analisi di mercato, modelli di business, piani di assunzione e molto altro.","breadcrumb":{"@id":"https:\/\/www.accuratereviews.com\/it\/piattaforme-per-fundraising\/dealpotential-recensione\/#breadcrumb"},"inLanguage":"it-IT","potentialAction":[{"@type":"ReadAction","target":["https:\/\/www.accuratereviews.com\/it\/piattaforme-per-fundraising\/dealpotential-recensione\/"]}]},{"@type":"ImageObject","inLanguage":"it-IT","@id":"https:\/\/www.accuratereviews.com\/it\/piattaforme-per-fundraising\/dealpotential-recensione\/#primaryimage","url":"https:\/\/www.accuratereviews.com\/wp-content\/uploads\/2024\/05\/DealPotential-Entrepreneur-Platform.png","contentUrl":"https:\/\/www.accuratereviews.com\/wp-content\/uploads\/2024\/05\/DealPotential-Entrepreneur-Platform.png","width":904,"height":754},{"@type":"BreadcrumbList","@id":"https:\/\/www.accuratereviews.com\/it\/piattaforme-per-fundraising\/dealpotential-recensione\/#breadcrumb","itemListElement":[{"@type":"ListItem","position":1,"name":"Home","item":"https:\/\/www.accuratereviews.com\/it\/"},{"@type":"ListItem","position":2,"name":"Piattaforme per fundraising","item":"https:\/\/www.accuratereviews.com\/it\/piattaforme-per-fundraising\/"},{"@type":"ListItem","position":3,"name":"DealPotential Entrepreneur Platform"}]},{"@type":"WebSite","@id":"https:\/\/www.accuratereviews.com\/it\/#website","url":"https:\/\/www.accuratereviews.com\/it\/","name":"Accurate Reviews","description":"","potentialAction":[{"@type":"SearchAction","target":{"@type":"EntryPoint","urlTemplate":"https:\/\/www.accuratereviews.com\/it\/?s={search_term_string}"},"query-input":{"@type":"PropertyValueSpecification","valueRequired":true,"valueName":"search_term_string"}}],"inLanguage":"it-IT"}]}},"_links":{"self":[{"href":"https:\/\/www.accuratereviews.com\/it\/wp-json\/wp\/v2\/pages\/76911","targetHints":{"allow":["GET"]}}],"collection":[{"href":"https:\/\/www.accuratereviews.com\/it\/wp-json\/wp\/v2\/pages"}],"about":[{"href":"https:\/\/www.accuratereviews.com\/it\/wp-json\/wp\/v2\/types\/page"}],"author":[{"embeddable":true,"href":"https:\/\/www.accuratereviews.com\/it\/wp-json\/wp\/v2\/users\/19"}],"replies":[{"embeddable":true,"href":"https:\/\/www.accuratereviews.com\/it\/wp-json\/wp\/v2\/comments?post=76911"}],"version-history":[{"count":13,"href":"https:\/\/www.accuratereviews.com\/it\/wp-json\/wp\/v2\/pages\/76911\/revisions"}],"predecessor-version":[{"id":76961,"href":"https:\/\/www.accuratereviews.com\/it\/wp-json\/wp\/v2\/pages\/76911\/revisions\/76961"}],"up":[{"embeddable":true,"href":"https:\/\/www.accuratereviews.com\/it\/wp-json\/wp\/v2\/pages\/35419"}],"wp:featuredmedia":[{"embeddable":true,"href":"https:\/\/www.accuratereviews.com\/it\/wp-json\/wp\/v2\/media\/76915"}],"wp:attachment":[{"href":"https:\/\/www.accuratereviews.com\/it\/wp-json\/wp\/v2\/media?parent=76911"}],"wp:term":[{"taxonomy":"category","embeddable":true,"href":"https:\/\/www.accuratereviews.com\/it\/wp-json\/wp\/v2\/categories?post=76911"},{"taxonomy":"post_tag","embeddable":true,"href":"https:\/\/www.accuratereviews.com\/it\/wp-json\/wp\/v2\/tags?post=76911"},{"taxonomy":"features","embeddable":true,"href":"https:\/\/www.accuratereviews.com\/it\/wp-json\/wp\/v2\/features?post=76911"}],"curies":[{"name":"wp","href":"https:\/\/api.w.org\/{rel}","templated":true}]}}