{"id":76975,"date":"2024-05-30T16:48:41","date_gmt":"2024-05-30T16:48:41","guid":{"rendered":"https:\/\/www.accuratereviews.com\/?page_id=76975"},"modified":"2024-05-31T08:45:37","modified_gmt":"2024-05-31T08:45:37","slug":"aegis-crm-recensione","status":"publish","type":"page","link":"https:\/\/www.accuratereviews.com\/it\/piattaforme-per-fundraising\/aegis-crm-recensione\/","title":{"rendered":"Aegis CRM"},"content":{"rendered":"<p><strong>Aegis CRM<\/strong> \u00e8 una<strong> soluzione di raccolta fondi<\/strong> e gestione dei donatori, basata sul <strong>cloud<\/strong>, progettata per aiutare le organizzazioni no-profit a pianificare, eseguire e gestire campagne di donazioni su pi\u00f9 canali. La piattaforma \u00e8 dotata di una dashboard interattiva che consente ai manager di visualizzare le prestazioni della campagna, le entrate e le informazioni sui membri.\u00a0La soluzione offre una serie di funzionalit\u00e0 come amministrazione degli eventi, monitoraggio delle donazioni, database dei membri, gestione dell&#8217;inventario, pagine di destinazione, ripristino di emergenza, sicurezza dei dati, bilanciamento del carico e altro ancora.<br \/>\n<strong>Aegis CRM <\/strong>include anche un dashboard finanziario, che fornisce alle organizzazioni visibilit\u00e0 sui contributi, sulle entrate e sulle transazioni dei regali dei membri tramite analisi. Inoltre, si integra con lo strumento di email marketing di <strong>Mailchimp<\/strong>, che consente agli utenti di creare appelli personalizzati, segmentare i donatori e inviare email mirate.<a href=\"https:\/\/www.accuratereviews.com\/wp-content\/uploads\/2024\/05\/Screenshot-2024-05-30-alle-10.00.49.png\" data-wp-editing=\"1\"><img loading=\"lazy\" decoding=\"async\" class=\"aligncenter wp-image-76983 size-large\" src=\"https:\/\/www.accuratereviews.com\/wp-content\/uploads\/2024\/05\/Screenshot-2024-05-30-alle-10.00.49-1024x1001.png\" alt=\"\" width=\"686\" height=\"671\" srcset=\"https:\/\/www.accuratereviews.com\/wp-content\/uploads\/2024\/05\/Screenshot-2024-05-30-alle-10.00.49-1024x1001.png 1024w, https:\/\/www.accuratereviews.com\/wp-content\/uploads\/2024\/05\/Screenshot-2024-05-30-alle-10.00.49-300x293.png 300w, https:\/\/www.accuratereviews.com\/wp-content\/uploads\/2024\/05\/Screenshot-2024-05-30-alle-10.00.49-768x751.png 768w, https:\/\/www.accuratereviews.com\/wp-content\/uploads\/2024\/05\/Screenshot-2024-05-30-alle-10.00.49-1536x1501.png 1536w, https:\/\/www.accuratereviews.com\/wp-content\/uploads\/2024\/05\/Screenshot-2024-05-30-alle-10.00.49-50x50.png 50w, https:\/\/www.accuratereviews.com\/wp-content\/uploads\/2024\/05\/Screenshot-2024-05-30-alle-10.00.49-128x125.png 128w, https:\/\/www.accuratereviews.com\/wp-content\/uploads\/2024\/05\/Screenshot-2024-05-30-alle-10.00.49-968x946.png 968w, https:\/\/www.accuratereviews.com\/wp-content\/uploads\/2024\/05\/Screenshot-2024-05-30-alle-10.00.49-636x622.png 636w, https:\/\/www.accuratereviews.com\/wp-content\/uploads\/2024\/05\/Screenshot-2024-05-30-alle-10.00.49-320x313.png 320w, https:\/\/www.accuratereviews.com\/wp-content\/uploads\/2024\/05\/Screenshot-2024-05-30-alle-10.00.49-239x234.png 239w, https:\/\/www.accuratereviews.com\/wp-content\/uploads\/2024\/05\/Screenshot-2024-05-30-alle-10.00.49-55x55.png 55w, https:\/\/www.accuratereviews.com\/wp-content\/uploads\/2024\/05\/Screenshot-2024-05-30-alle-10.00.49.png 1684w\" sizes=\"auto, (max-width: 686px) 100vw, 686px\" \/><\/a><\/p>\n<h2><strong>AEGIS CRM &#8211; CARATTERISTICHE<\/strong><\/h2>\n<ul>\n<li>Reporting e analisi sofisticati<\/li>\n<li>Funzionalit\u00e0 dei donatori principali per coltivare e sollecitare donazioni importanti<\/li>\n<li>Capacit\u00e0 di gestire l&#8217;inventario e vendere merce online tramite e-store<\/li>\n<li>Tracciamento dei contatti del venditore<\/li>\n<li>Campi personalizzati, flag e funzionalit\u00e0 di raggruppamento per un accesso pi\u00f9 semplice ai dati<\/li>\n<li>Tieni traccia delle vendite dei biglietti, gestisci i volontari e coordina le attivit\u00e0 degli eventi<\/li>\n<li>Integrazione con Mailchimp<\/li>\n<li>\u00c8 possibile accedere alla soluzione ovunque e in qualsiasi momento perch\u00e9 viene fornito tramite Cloud ed \u00e8 compatibile con desktop, tablet o dispositivi mobili.<\/li>\n<\/ul>\n<h3>LE RECENSIONI DEGLI UTENTI<\/h3>\n<p><strong>Chris &#8220;Nel complesso soddisfatto. I servizi di supporto sono molto buoni.&#8221;<\/strong><br \/>\n<strong>Pro<\/strong>: Accesso al Web da qualsiasi luogo. Il modulo del profilo del donatore\/partner \u00e8 facile da navigare e mostra un&#8217;istantanea completa del coinvolgimento di una persona con l&#8217;organizzazione. I report analitici predeterminati sono facili e veloci da generare.<br \/>\n<strong>Contro<\/strong>: A mio avviso, alcune delle funzionalit\u00e0 pi\u00f9 importanti relative a ricorsi\/sollecitazioni ed eventi hanno ancora una visione dello sviluppatore per l&#8217;utente finale.<\/p>\n<p><strong>Tami &#8220;Aegis CRM \u00e8 il migliore della categoria, ma difficile da usare&#8221;<\/strong><br \/>\n<strong>Commenti<\/strong>: Un modo efficace per tenere traccia dei pazienti ma non necessariamente della documentazione associata a tali pazienti<br \/>\n<strong>Pro<\/strong>: Possibilit\u00e0 di accedere rapidamente alle cartelle cliniche dei pazienti e\/o dei dipendenti.<br \/>\n<strong>Contro<\/strong>: Penso che poich\u00e9 l&#8217;agenzia ha modificato questo software per farlo funzionare per un&#8217;agenzia sanitaria, ha fatto dei passi falsi.<\/p>\n<p><strong>Keri Ann &#8220;Mi piace come funziona AEGIS e adoro che ci sia un servizio clienti cos\u00ec cordiale quando ho bisogno di aiuto.&#8221;<\/strong><br \/>\n<strong>Pro<\/strong>: Il software \u00e8 molto facile da navigare. Nella maggior parte dei casi, le schede sono autoesplicative. I video &#8220;tutorial&#8221; sono stati molto utili quando ho iniziato a utilizzare il programma per la prima volta. Adoro la funzione Live Chat. Le persone con cui ho comunicato tramite chat dal vivo sono state molto disponibili, gentili e professionali.<br \/>\n<strong>Contro<\/strong>: Le domande e i rapporti possono essere frustranti. Devo ancora capire come generare effettivamente un report integrato. Le query sono fantastiche, ma a volte trovo che devo fare due diversi tipi di query e unirli per ottenere le informazioni che desidero. Ci\u00f2 pu\u00f2 richiedere molto tempo.<\/p>\n","protected":false},"excerpt":{"rendered":"<p>Aegis CRM \u00e8 una soluzione di raccolta fondi e gestione dei donatori, basata sul cloud, progettata per aiutare le organizzazioni no-profit a pianificare, eseguire e gestire campagne di donazioni su pi\u00f9 canali. La piattaforma \u00e8 dotata di una dashboard interattiva che consente ai manager di visualizzare le prestazioni della campagna, le entrate e le informazioni sui membri.\u00a0<\/p>\n","protected":false},"author":19,"featured_media":76978,"parent":35419,"menu_order":0,"comment_status":"open","ping_status":"closed","template":"g1_template_page_review_new.php","meta":{"_acf_changed":false,"cwp_meta_box_check":"Yes","cwp_rev_product_name":"","cwp_rev_product_image":"","wppr_links":[],"cwp_rev_price":"0.00","wppr_options":[{"name":"Usability","value":"0"},{"name":"Speed","value":"0"},{"name":"Features","value":"0"},{"name":"Support","value":"0"},{"name":"Pricing","value":"0"}],"wppr_pros":["","","","",""],"wppr_cons":["","","","",""],"_monsterinsights_skip_tracking":false,"_monsterinsights_sitenote_active":false,"_monsterinsights_sitenote_note":"","_monsterinsights_sitenote_category":0,"footnotes":""},"categories":[4851],"tags":[15103,2209,4852,4878,4855,4877,4859,4854,4875,4909,4876],"features":[],"class_list":{"0":"post-76975","1":"page","2":"type-page","3":"status-publish","4":"has-post-thumbnail","6":"category-piattaforme-per-fundraising-categoria","7":"tag-aegis-crm","8":"tag-piattaforma-di-raccolta-fondi","9":"tag-piattaforma-per-fundraising","10":"tag-piattaforma-raccolta-fondi","11":"tag-programma-per-fundraising","12":"tag-programma-raccolta-fondi","13":"tag-raccolta-fondi","14":"tag-software-per-fundraising","15":"tag-software-raccolta-fondi","16":"tag-soluzione-per-fundraising","17":"tag-soluzione-raccolta-fondi"},"wppr_data":{"cwp_meta_box_check":"Yes","_wppr_review_template":"default","cwp_rev_product_image":"","cwp_image_link":"image","wppr_links":[],"cwp_rev_price":"0.00","wppr_pros":["","","","",""],"wppr_cons":["","","","",""],"wppr_rating":"0.00","wppr_options":{"1":{"name":"Usability","value":"0"},"2":{"name":"Speed","value":"0"},"3":{"name":"Features","value":"0"},"4":{"name":"Support","value":"0"},"5":{"name":"Pricing","value":"0"}},"wppr_review_type":"Product","wppr_review_custom_fields":{"additionalProperty":"","additionalType":"","aggregateRating":"","alternateName":"","audience":"","award":"","awards":"","brand":"","color":"","depth":"","description":"","disambiguatingDescription":"","gtin12":"","gtin13":"","gtin14":"","gtin8":"","height":"","identifier":"","image":"","isAccessoryOrSparePartFor":"","isConsumableFor":"","isRelatedTo":"","isSimilarTo":"","itemCondition":"","logo":"","mainEntityOfPage":"","manufacturer":"","material":"","model":"","mpn":"","name":"","offers":"","potentialAction":"","productID":"","productionDate":"","purchaseDate":"","releaseDate":"","review":"","reviews":"","sameAs":"","sku":"","slogan":"","subjectOf":"","url":"","weight":"","width":""}},"acf":[],"yoast_head":"<!-- This site is optimized with the Yoast SEO plugin v27.4 - https:\/\/yoast.com\/product\/yoast-seo-wordpress\/ -->\n<title>Aegis CRM: recensione software per fundraising- Accurate Reviews<\/title>\n<meta name=\"description\" content=\"Aegis CRM: recensione soluzione di raccolta fondi e gestione dei donatori, progettata per aiutare le organizzazioni no-profit\" \/>\n<meta name=\"robots\" content=\"index, follow, max-snippet:-1, max-image-preview:large, max-video-preview:-1\" \/>\n<link rel=\"canonical\" href=\"https:\/\/www.accuratereviews.com\/it\/piattaforme-per-fundraising\/aegis-crm-recensione\/\" \/>\n<meta property=\"og:locale\" content=\"it_IT\" \/>\n<meta property=\"og:type\" content=\"article\" \/>\n<meta property=\"og:title\" content=\"Aegis CRM: recensione software per fundraising- Accurate Reviews\" \/>\n<meta property=\"og:description\" content=\"Aegis CRM: recensione soluzione di raccolta fondi e gestione dei donatori, progettata per aiutare le organizzazioni no-profit\" \/>\n<meta property=\"og:url\" content=\"https:\/\/www.accuratereviews.com\/it\/piattaforme-per-fundraising\/aegis-crm-recensione\/\" \/>\n<meta property=\"og:site_name\" content=\"Accurate Reviews\" \/>\n<meta property=\"article:modified_time\" content=\"2024-05-31T08:45:37+00:00\" \/>\n<meta property=\"og:image\" content=\"https:\/\/www.accuratereviews.com\/wp-content\/uploads\/2024\/05\/Aegis-CRM.webp\" \/>\n\t<meta property=\"og:image:width\" content=\"256\" \/>\n\t<meta property=\"og:image:height\" content=\"256\" \/>\n\t<meta property=\"og:image:type\" content=\"image\/webp\" \/>\n<meta name=\"twitter:card\" content=\"summary_large_image\" \/>\n<meta name=\"twitter:label1\" content=\"Tempo di lettura stimato\" \/>\n\t<meta name=\"twitter:data1\" content=\"4 minuti\" \/>\n<script type=\"application\/ld+json\" class=\"yoast-schema-graph\">{\"@context\":\"https:\\\/\\\/schema.org\",\"@graph\":[{\"@type\":\"WebPage\",\"@id\":\"https:\\\/\\\/www.accuratereviews.com\\\/it\\\/piattaforme-per-fundraising\\\/aegis-crm-recensione\\\/\",\"url\":\"https:\\\/\\\/www.accuratereviews.com\\\/it\\\/piattaforme-per-fundraising\\\/aegis-crm-recensione\\\/\",\"name\":\"Aegis CRM: recensione software per fundraising- Accurate Reviews\",\"isPartOf\":{\"@id\":\"https:\\\/\\\/www.accuratereviews.com\\\/it\\\/#website\"},\"primaryImageOfPage\":{\"@id\":\"https:\\\/\\\/www.accuratereviews.com\\\/it\\\/piattaforme-per-fundraising\\\/aegis-crm-recensione\\\/#primaryimage\"},\"image\":{\"@id\":\"https:\\\/\\\/www.accuratereviews.com\\\/it\\\/piattaforme-per-fundraising\\\/aegis-crm-recensione\\\/#primaryimage\"},\"thumbnailUrl\":\"https:\\\/\\\/www.accuratereviews.com\\\/wp-content\\\/uploads\\\/2024\\\/05\\\/Aegis-CRM.webp\",\"datePublished\":\"2024-05-30T16:48:41+00:00\",\"dateModified\":\"2024-05-31T08:45:37+00:00\",\"description\":\"Aegis CRM: recensione soluzione di raccolta fondi e gestione dei donatori, progettata per aiutare le organizzazioni no-profit\",\"breadcrumb\":{\"@id\":\"https:\\\/\\\/www.accuratereviews.com\\\/it\\\/piattaforme-per-fundraising\\\/aegis-crm-recensione\\\/#breadcrumb\"},\"inLanguage\":\"it-IT\",\"potentialAction\":[{\"@type\":\"ReadAction\",\"target\":[\"https:\\\/\\\/www.accuratereviews.com\\\/it\\\/piattaforme-per-fundraising\\\/aegis-crm-recensione\\\/\"]}]},{\"@type\":\"ImageObject\",\"inLanguage\":\"it-IT\",\"@id\":\"https:\\\/\\\/www.accuratereviews.com\\\/it\\\/piattaforme-per-fundraising\\\/aegis-crm-recensione\\\/#primaryimage\",\"url\":\"https:\\\/\\\/www.accuratereviews.com\\\/wp-content\\\/uploads\\\/2024\\\/05\\\/Aegis-CRM.webp\",\"contentUrl\":\"https:\\\/\\\/www.accuratereviews.com\\\/wp-content\\\/uploads\\\/2024\\\/05\\\/Aegis-CRM.webp\",\"width\":256,\"height\":256},{\"@type\":\"BreadcrumbList\",\"@id\":\"https:\\\/\\\/www.accuratereviews.com\\\/it\\\/piattaforme-per-fundraising\\\/aegis-crm-recensione\\\/#breadcrumb\",\"itemListElement\":[{\"@type\":\"ListItem\",\"position\":1,\"name\":\"Home\",\"item\":\"https:\\\/\\\/www.accuratereviews.com\\\/it\\\/\"},{\"@type\":\"ListItem\",\"position\":2,\"name\":\"Piattaforme per fundraising\",\"item\":\"https:\\\/\\\/www.accuratereviews.com\\\/it\\\/piattaforme-per-fundraising\\\/\"},{\"@type\":\"ListItem\",\"position\":3,\"name\":\"Aegis CRM\"}]},{\"@type\":\"WebSite\",\"@id\":\"https:\\\/\\\/www.accuratereviews.com\\\/it\\\/#website\",\"url\":\"https:\\\/\\\/www.accuratereviews.com\\\/it\\\/\",\"name\":\"Accurate Reviews\",\"description\":\"\",\"potentialAction\":[{\"@type\":\"SearchAction\",\"target\":{\"@type\":\"EntryPoint\",\"urlTemplate\":\"https:\\\/\\\/www.accuratereviews.com\\\/it\\\/?s={search_term_string}\"},\"query-input\":{\"@type\":\"PropertyValueSpecification\",\"valueRequired\":true,\"valueName\":\"search_term_string\"}}],\"inLanguage\":\"it-IT\"}]}<\/script>\n<!-- \/ Yoast SEO plugin. -->","yoast_head_json":{"title":"Aegis CRM: recensione software per fundraising- Accurate Reviews","description":"Aegis CRM: recensione soluzione di raccolta fondi e gestione dei donatori, progettata per aiutare le organizzazioni no-profit","robots":{"index":"index","follow":"follow","max-snippet":"max-snippet:-1","max-image-preview":"max-image-preview:large","max-video-preview":"max-video-preview:-1"},"canonical":"https:\/\/www.accuratereviews.com\/it\/piattaforme-per-fundraising\/aegis-crm-recensione\/","og_locale":"it_IT","og_type":"article","og_title":"Aegis CRM: recensione software per fundraising- Accurate Reviews","og_description":"Aegis CRM: recensione soluzione di raccolta fondi e gestione dei donatori, progettata per aiutare le organizzazioni no-profit","og_url":"https:\/\/www.accuratereviews.com\/it\/piattaforme-per-fundraising\/aegis-crm-recensione\/","og_site_name":"Accurate Reviews","article_modified_time":"2024-05-31T08:45:37+00:00","og_image":[{"width":256,"height":256,"url":"https:\/\/www.accuratereviews.com\/wp-content\/uploads\/2024\/05\/Aegis-CRM.webp","type":"image\/webp"}],"twitter_card":"summary_large_image","twitter_misc":{"Tempo di lettura stimato":"4 minuti"},"schema":{"@context":"https:\/\/schema.org","@graph":[{"@type":"WebPage","@id":"https:\/\/www.accuratereviews.com\/it\/piattaforme-per-fundraising\/aegis-crm-recensione\/","url":"https:\/\/www.accuratereviews.com\/it\/piattaforme-per-fundraising\/aegis-crm-recensione\/","name":"Aegis CRM: recensione software per fundraising- Accurate Reviews","isPartOf":{"@id":"https:\/\/www.accuratereviews.com\/it\/#website"},"primaryImageOfPage":{"@id":"https:\/\/www.accuratereviews.com\/it\/piattaforme-per-fundraising\/aegis-crm-recensione\/#primaryimage"},"image":{"@id":"https:\/\/www.accuratereviews.com\/it\/piattaforme-per-fundraising\/aegis-crm-recensione\/#primaryimage"},"thumbnailUrl":"https:\/\/www.accuratereviews.com\/wp-content\/uploads\/2024\/05\/Aegis-CRM.webp","datePublished":"2024-05-30T16:48:41+00:00","dateModified":"2024-05-31T08:45:37+00:00","description":"Aegis CRM: recensione soluzione di raccolta fondi e gestione dei donatori, progettata per aiutare le organizzazioni no-profit","breadcrumb":{"@id":"https:\/\/www.accuratereviews.com\/it\/piattaforme-per-fundraising\/aegis-crm-recensione\/#breadcrumb"},"inLanguage":"it-IT","potentialAction":[{"@type":"ReadAction","target":["https:\/\/www.accuratereviews.com\/it\/piattaforme-per-fundraising\/aegis-crm-recensione\/"]}]},{"@type":"ImageObject","inLanguage":"it-IT","@id":"https:\/\/www.accuratereviews.com\/it\/piattaforme-per-fundraising\/aegis-crm-recensione\/#primaryimage","url":"https:\/\/www.accuratereviews.com\/wp-content\/uploads\/2024\/05\/Aegis-CRM.webp","contentUrl":"https:\/\/www.accuratereviews.com\/wp-content\/uploads\/2024\/05\/Aegis-CRM.webp","width":256,"height":256},{"@type":"BreadcrumbList","@id":"https:\/\/www.accuratereviews.com\/it\/piattaforme-per-fundraising\/aegis-crm-recensione\/#breadcrumb","itemListElement":[{"@type":"ListItem","position":1,"name":"Home","item":"https:\/\/www.accuratereviews.com\/it\/"},{"@type":"ListItem","position":2,"name":"Piattaforme per fundraising","item":"https:\/\/www.accuratereviews.com\/it\/piattaforme-per-fundraising\/"},{"@type":"ListItem","position":3,"name":"Aegis CRM"}]},{"@type":"WebSite","@id":"https:\/\/www.accuratereviews.com\/it\/#website","url":"https:\/\/www.accuratereviews.com\/it\/","name":"Accurate Reviews","description":"","potentialAction":[{"@type":"SearchAction","target":{"@type":"EntryPoint","urlTemplate":"https:\/\/www.accuratereviews.com\/it\/?s={search_term_string}"},"query-input":{"@type":"PropertyValueSpecification","valueRequired":true,"valueName":"search_term_string"}}],"inLanguage":"it-IT"}]}},"_links":{"self":[{"href":"https:\/\/www.accuratereviews.com\/it\/wp-json\/wp\/v2\/pages\/76975","targetHints":{"allow":["GET"]}}],"collection":[{"href":"https:\/\/www.accuratereviews.com\/it\/wp-json\/wp\/v2\/pages"}],"about":[{"href":"https:\/\/www.accuratereviews.com\/it\/wp-json\/wp\/v2\/types\/page"}],"author":[{"embeddable":true,"href":"https:\/\/www.accuratereviews.com\/it\/wp-json\/wp\/v2\/users\/19"}],"replies":[{"embeddable":true,"href":"https:\/\/www.accuratereviews.com\/it\/wp-json\/wp\/v2\/comments?post=76975"}],"version-history":[{"count":13,"href":"https:\/\/www.accuratereviews.com\/it\/wp-json\/wp\/v2\/pages\/76975\/revisions"}],"predecessor-version":[{"id":77028,"href":"https:\/\/www.accuratereviews.com\/it\/wp-json\/wp\/v2\/pages\/76975\/revisions\/77028"}],"up":[{"embeddable":true,"href":"https:\/\/www.accuratereviews.com\/it\/wp-json\/wp\/v2\/pages\/35419"}],"wp:featuredmedia":[{"embeddable":true,"href":"https:\/\/www.accuratereviews.com\/it\/wp-json\/wp\/v2\/media\/76978"}],"wp:attachment":[{"href":"https:\/\/www.accuratereviews.com\/it\/wp-json\/wp\/v2\/media?parent=76975"}],"wp:term":[{"taxonomy":"category","embeddable":true,"href":"https:\/\/www.accuratereviews.com\/it\/wp-json\/wp\/v2\/categories?post=76975"},{"taxonomy":"post_tag","embeddable":true,"href":"https:\/\/www.accuratereviews.com\/it\/wp-json\/wp\/v2\/tags?post=76975"},{"taxonomy":"features","embeddable":true,"href":"https:\/\/www.accuratereviews.com\/it\/wp-json\/wp\/v2\/features?post=76975"}],"curies":[{"name":"wp","href":"https:\/\/api.w.org\/{rel}","templated":true}]}}