{"id":77034,"date":"2024-05-31T11:35:12","date_gmt":"2024-05-31T11:35:12","guid":{"rendered":"https:\/\/www.accuratereviews.com\/?page_id=77034"},"modified":"2024-05-31T11:35:12","modified_gmt":"2024-05-31T11:35:12","slug":"dropbox-sign-recensione","status":"publish","type":"page","link":"https:\/\/www.accuratereviews.com\/it\/software-creare-firme-email\/dropbox-sign-recensione\/","title":{"rendered":"Dropbox Sign"},"content":{"rendered":"<p><strong>Dropbox Sign<\/strong>, precedentemente noto come HelloSign, \u00e8 un software avanzato che permette alle aziende di digitalizzare e semplificare i <strong>processi di firma digitale<\/strong> e gestione dei documenti. Integrato con Dropbox, questo strumento offre un&#8217;esperienza senza soluzione di continuit\u00e0 per la gestione e la firma dei documenti direttamente dall&#8217;ecosistema Dropbox. <strong>Dropbox Sign<\/strong> si distingue per la sua facilit\u00e0 d&#8217;uso, sicurezza e conformit\u00e0 legale, rendendolo una scelta ideale per aziende di tutte le dimensioni che cercano di ottimizzare i processi di firma e migliorare l&#8217;efficienza operativa. La piattaforma consente agli utenti di inviare, firmare e gestire documenti in modo rapido e sicuro, riducendo la necessit\u00e0 di processi cartacei e migliorando la tracciabilit\u00e0 e l&#8217;organizzazione dei documenti.<\/p>\n<h2>DROPBOX SIGN &#8211; TUTORIAL<\/h2>\n<div id=\"fluid-wrapper-counter-1\" class=\"g1-fluid-wrapper \" style=\"width:686px;\">\n<div style=\"padding-bottom:56.268221574344%;\"><iframe loading=\"lazy\" title=\"How to Sign Documents Using Dropbox Sign | Dropbox Sign | Dropbox\" width=\"686\" height=\"386\" src=\"https:\/\/www.youtube.com\/embed\/HpfHMS-s2Qs?feature=oembed&amp;wmode=transparent&amp;autohide=1&amp;autoplay=0&amp;disablekb=0&amp;fs=1&amp;loop=0&amp;enablejsapi=1&amp;rel=0&amp;controls=2&amp;showinfo=0&amp;wmode=transparent&amp;autohide=2&amp;autoplay=0&amp;disablekb=0&amp;fs=1&amp;loop=0&amp;enablejsapi=1&amp;rel=0&amp;controls=2&amp;showinfo=1\" frameborder=\"0\" allow=\"accelerometer; autoplay; clipboard-write; encrypted-media; gyroscope; picture-in-picture; web-share\" referrerpolicy=\"strict-origin-when-cross-origin\" allowfullscreen><\/iframe><\/div>\n<\/div>\n<h3>DROPBOX SIGN &#8211; CARATTERISTICHE<\/h3>\n<ol>\n<li><strong>Firma digitale<\/strong>: firma elettronica sicura e legalmente vincolante per documenti.<\/li>\n<li><strong>Integrazione con dropbox<\/strong>: gestione e firma dei documenti direttamente all&#8217;interno di Dropbox.<\/li>\n<li><strong>Modelli di documenti<\/strong>: Crea e utilizza modelli predefiniti per risparmiare tempo.<\/li>\n<li><strong>Automazione dei flussi di lavoro<\/strong>: Automatizza l&#8217;invio e la firma dei documenti.<\/li>\n<li><strong>Audit trail completo<\/strong>: tracciabilit\u00e0 dettagliata di tutte le attivit\u00e0 legate ai documenti.<\/li>\n<li><strong>Notifiche e promemoria<\/strong>: invio automatico di notifiche e promemoria per la firma dei documenti.<\/li>\n<li><strong>Integrazione con altri strumenti<\/strong>: compatibilit\u00e0 con strumenti come Google Drive, Salesforce, e Slack.<\/li>\n<li><strong>Crittografia dei dati<\/strong>: protezione avanzata dei dati con crittografia end-to-end.<\/li>\n<li><strong>Gestione utenti<\/strong>: gestione centralizzata degli utenti e dei permessi all&#8217;interno dell&#8217;organizzazione.<\/li>\n<\/ol>\n<h4>LE RECENSIONI DEGLI UTENTI<\/h4>\n<p><strong>Elisa &#8220;Buon software per gestione di documenti&#8221;<\/strong><br \/>\nPro: \u00c8 molto facile e soprattutto \u00e8 molto valido per tenere i documenti archiviati e condividi in modo sicuro con altri utenti, la sicurezza \u00e8 importante e con questo sono soddisfatta. Anche il servizio di firma \u00e8 importante ed essenziale, soprattutto \u00e8 importante anche che questa opzione sia funzionale anche dal cellulare non essendo sempre al pc e questo software garantisce con successo questa funzione. Per questo mi sento molto di consigliare.<br \/>\nContro: Usandolo per lavoro ho avuto solo una complicazione a installarlo al pc ma era un problema del pc. Su altri dispositivi \u00e8 sempre andato bene.<\/p>\n<p><strong>Matteo &#8220;Per le firme digitali \u00e8 ottimo&#8221;<\/strong><br \/>\nPro: Ho usato questo software per mandare file ai miei clienti per ricevere una firma digitale, ma la cosa pi\u00f9 bella \u00e8 stato quando ho mandato il file a pi\u00f9 persone e ricevere cosi pi\u00f9 firme digitali.<br \/>\nContro: Per ora non ho riscontrato nessun inconveniente.<\/p>\n<p><strong>Marina &#8220;Firma innovativa&#8221;<\/strong><br \/>\nPro: I vantaggi sono diversi, l\u2019aspetto innovativo \u00e8 che si possono firmare, grazie a Dropbox sign, anche i PDF e documenti Word Si firmano i documenti in un istante e in modo personalizzato , inoltre quest\u2019app \u00e8 utilissima per organizzare i documenti<br \/>\nContro: A volte l\u2019app si impalla nel momento di firmare e quindi bisogna ricominciare con la modifica del documento daccapo.<\/p>\n","protected":false},"excerpt":{"rendered":"<p>Dropbox Sign, precedentemente noto come HelloSign, \u00e8 un software avanzato che permette alle aziende di digitalizzare e semplificare i processi di firma digitale e gestione dei documenti. Integrato con Dropbox, questo strumento offre un&#8217;esperienza senza soluzione di continuit\u00e0 per la gestione e la firma dei documenti direttamente dall&#8217;ecosistema Dropbox.<\/p>\n","protected":false},"author":17,"featured_media":77040,"parent":57751,"menu_order":0,"comment_status":"open","ping_status":"closed","template":"g1_template_page_review_new.php","meta":{"_acf_changed":false,"cwp_meta_box_check":"No","cwp_rev_product_name":"","cwp_rev_product_image":"","wppr_links":[],"cwp_rev_price":"","wppr_options":[],"wppr_pros":[],"wppr_cons":[],"_monsterinsights_skip_tracking":false,"_monsterinsights_sitenote_active":false,"_monsterinsights_sitenote_note":"","_monsterinsights_sitenote_category":0,"footnotes":""},"categories":[12645],"tags":[15107,374,12744,12743,12741,12742],"features":[],"class_list":{"0":"post-77034","1":"page","2":"type-page","3":"status-publish","4":"has-post-thumbnail","6":"category-software-firme-email-cat","7":"tag-firma","8":"tag-firma-digitale","9":"tag-piattaforma-per-creare-firme-email","10":"tag-programma-per-creare-firme-email","11":"tag-software-per-creare-firme-email","12":"tag-soluzione-per-creare-firme-email"},"wppr_data":{"cwp_meta_box_check":"No"},"acf":[],"yoast_head":"<!-- This site is optimized with the Yoast SEO plugin v27.4 - https:\/\/yoast.com\/product\/yoast-seo-wordpress\/ -->\n<title>Dropbox Sign: recensione software firma digitale - Accurate Reviews<\/title>\n<meta name=\"description\" content=\"Dropbox Sign: recensione del software avanzato che permette alle aziende di digitalizzare e semplificare i processi di firma digitale.\" \/>\n<meta name=\"robots\" content=\"index, follow, max-snippet:-1, max-image-preview:large, max-video-preview:-1\" \/>\n<link rel=\"canonical\" href=\"https:\/\/www.accuratereviews.com\/it\/software-creare-firme-email\/dropbox-sign-recensione\/\" \/>\n<meta property=\"og:locale\" content=\"it_IT\" \/>\n<meta property=\"og:type\" content=\"article\" \/>\n<meta property=\"og:title\" content=\"Dropbox Sign: recensione software firma digitale - Accurate Reviews\" \/>\n<meta property=\"og:description\" content=\"Dropbox Sign: recensione del software avanzato che permette alle aziende di digitalizzare e semplificare i processi di firma digitale.\" \/>\n<meta property=\"og:url\" content=\"https:\/\/www.accuratereviews.com\/it\/software-creare-firme-email\/dropbox-sign-recensione\/\" \/>\n<meta property=\"og:site_name\" content=\"Accurate Reviews\" \/>\n<meta property=\"og:image\" content=\"https:\/\/www.accuratereviews.com\/wp-content\/uploads\/2024\/05\/66328eaa34c793d9380fba4a_dropbox-sign-logo-header-1.jpeg\" \/>\n\t<meta property=\"og:image:width\" content=\"1440\" \/>\n\t<meta property=\"og:image:height\" content=\"590\" \/>\n\t<meta property=\"og:image:type\" content=\"image\/jpeg\" \/>\n<meta name=\"twitter:card\" content=\"summary_large_image\" \/>\n<meta name=\"twitter:label1\" content=\"Tempo di lettura stimato\" \/>\n\t<meta name=\"twitter:data1\" content=\"4 minuti\" \/>\n<script type=\"application\/ld+json\" class=\"yoast-schema-graph\">{\"@context\":\"https:\\\/\\\/schema.org\",\"@graph\":[{\"@type\":\"WebPage\",\"@id\":\"https:\\\/\\\/www.accuratereviews.com\\\/it\\\/software-creare-firme-email\\\/dropbox-sign-recensione\\\/\",\"url\":\"https:\\\/\\\/www.accuratereviews.com\\\/it\\\/software-creare-firme-email\\\/dropbox-sign-recensione\\\/\",\"name\":\"Dropbox Sign: recensione software firma digitale - Accurate Reviews\",\"isPartOf\":{\"@id\":\"https:\\\/\\\/www.accuratereviews.com\\\/it\\\/#website\"},\"primaryImageOfPage\":{\"@id\":\"https:\\\/\\\/www.accuratereviews.com\\\/it\\\/software-creare-firme-email\\\/dropbox-sign-recensione\\\/#primaryimage\"},\"image\":{\"@id\":\"https:\\\/\\\/www.accuratereviews.com\\\/it\\\/software-creare-firme-email\\\/dropbox-sign-recensione\\\/#primaryimage\"},\"thumbnailUrl\":\"https:\\\/\\\/www.accuratereviews.com\\\/wp-content\\\/uploads\\\/2024\\\/05\\\/66328eaa34c793d9380fba4a_dropbox-sign-logo-header-1.jpeg\",\"datePublished\":\"2024-05-31T11:35:12+00:00\",\"description\":\"Dropbox Sign: recensione del software avanzato che permette alle aziende di digitalizzare e semplificare i processi di firma digitale.\",\"breadcrumb\":{\"@id\":\"https:\\\/\\\/www.accuratereviews.com\\\/it\\\/software-creare-firme-email\\\/dropbox-sign-recensione\\\/#breadcrumb\"},\"inLanguage\":\"it-IT\",\"potentialAction\":[{\"@type\":\"ReadAction\",\"target\":[\"https:\\\/\\\/www.accuratereviews.com\\\/it\\\/software-creare-firme-email\\\/dropbox-sign-recensione\\\/\"]}]},{\"@type\":\"ImageObject\",\"inLanguage\":\"it-IT\",\"@id\":\"https:\\\/\\\/www.accuratereviews.com\\\/it\\\/software-creare-firme-email\\\/dropbox-sign-recensione\\\/#primaryimage\",\"url\":\"https:\\\/\\\/www.accuratereviews.com\\\/wp-content\\\/uploads\\\/2024\\\/05\\\/66328eaa34c793d9380fba4a_dropbox-sign-logo-header-1.jpeg\",\"contentUrl\":\"https:\\\/\\\/www.accuratereviews.com\\\/wp-content\\\/uploads\\\/2024\\\/05\\\/66328eaa34c793d9380fba4a_dropbox-sign-logo-header-1.jpeg\",\"width\":1440,\"height\":590},{\"@type\":\"BreadcrumbList\",\"@id\":\"https:\\\/\\\/www.accuratereviews.com\\\/it\\\/software-creare-firme-email\\\/dropbox-sign-recensione\\\/#breadcrumb\",\"itemListElement\":[{\"@type\":\"ListItem\",\"position\":1,\"name\":\"Home\",\"item\":\"https:\\\/\\\/www.accuratereviews.com\\\/it\\\/\"},{\"@type\":\"ListItem\",\"position\":2,\"name\":\"Software per creare firme per email\",\"item\":\"https:\\\/\\\/www.accuratereviews.com\\\/it\\\/software-creare-firme-email\\\/\"},{\"@type\":\"ListItem\",\"position\":3,\"name\":\"Dropbox Sign\"}]},{\"@type\":\"WebSite\",\"@id\":\"https:\\\/\\\/www.accuratereviews.com\\\/it\\\/#website\",\"url\":\"https:\\\/\\\/www.accuratereviews.com\\\/it\\\/\",\"name\":\"Accurate Reviews\",\"description\":\"\",\"potentialAction\":[{\"@type\":\"SearchAction\",\"target\":{\"@type\":\"EntryPoint\",\"urlTemplate\":\"https:\\\/\\\/www.accuratereviews.com\\\/it\\\/?s={search_term_string}\"},\"query-input\":{\"@type\":\"PropertyValueSpecification\",\"valueRequired\":true,\"valueName\":\"search_term_string\"}}],\"inLanguage\":\"it-IT\"}]}<\/script>\n<!-- \/ Yoast SEO plugin. -->","yoast_head_json":{"title":"Dropbox Sign: recensione software firma digitale - Accurate Reviews","description":"Dropbox Sign: recensione del software avanzato che permette alle aziende di digitalizzare e semplificare i processi di firma digitale.","robots":{"index":"index","follow":"follow","max-snippet":"max-snippet:-1","max-image-preview":"max-image-preview:large","max-video-preview":"max-video-preview:-1"},"canonical":"https:\/\/www.accuratereviews.com\/it\/software-creare-firme-email\/dropbox-sign-recensione\/","og_locale":"it_IT","og_type":"article","og_title":"Dropbox Sign: recensione software firma digitale - Accurate Reviews","og_description":"Dropbox Sign: recensione del software avanzato che permette alle aziende di digitalizzare e semplificare i processi di firma digitale.","og_url":"https:\/\/www.accuratereviews.com\/it\/software-creare-firme-email\/dropbox-sign-recensione\/","og_site_name":"Accurate Reviews","og_image":[{"width":1440,"height":590,"url":"https:\/\/www.accuratereviews.com\/wp-content\/uploads\/2024\/05\/66328eaa34c793d9380fba4a_dropbox-sign-logo-header-1.jpeg","type":"image\/jpeg"}],"twitter_card":"summary_large_image","twitter_misc":{"Tempo di lettura stimato":"4 minuti"},"schema":{"@context":"https:\/\/schema.org","@graph":[{"@type":"WebPage","@id":"https:\/\/www.accuratereviews.com\/it\/software-creare-firme-email\/dropbox-sign-recensione\/","url":"https:\/\/www.accuratereviews.com\/it\/software-creare-firme-email\/dropbox-sign-recensione\/","name":"Dropbox Sign: recensione software firma digitale - Accurate Reviews","isPartOf":{"@id":"https:\/\/www.accuratereviews.com\/it\/#website"},"primaryImageOfPage":{"@id":"https:\/\/www.accuratereviews.com\/it\/software-creare-firme-email\/dropbox-sign-recensione\/#primaryimage"},"image":{"@id":"https:\/\/www.accuratereviews.com\/it\/software-creare-firme-email\/dropbox-sign-recensione\/#primaryimage"},"thumbnailUrl":"https:\/\/www.accuratereviews.com\/wp-content\/uploads\/2024\/05\/66328eaa34c793d9380fba4a_dropbox-sign-logo-header-1.jpeg","datePublished":"2024-05-31T11:35:12+00:00","description":"Dropbox Sign: recensione del software avanzato che permette alle aziende di digitalizzare e semplificare i processi di firma digitale.","breadcrumb":{"@id":"https:\/\/www.accuratereviews.com\/it\/software-creare-firme-email\/dropbox-sign-recensione\/#breadcrumb"},"inLanguage":"it-IT","potentialAction":[{"@type":"ReadAction","target":["https:\/\/www.accuratereviews.com\/it\/software-creare-firme-email\/dropbox-sign-recensione\/"]}]},{"@type":"ImageObject","inLanguage":"it-IT","@id":"https:\/\/www.accuratereviews.com\/it\/software-creare-firme-email\/dropbox-sign-recensione\/#primaryimage","url":"https:\/\/www.accuratereviews.com\/wp-content\/uploads\/2024\/05\/66328eaa34c793d9380fba4a_dropbox-sign-logo-header-1.jpeg","contentUrl":"https:\/\/www.accuratereviews.com\/wp-content\/uploads\/2024\/05\/66328eaa34c793d9380fba4a_dropbox-sign-logo-header-1.jpeg","width":1440,"height":590},{"@type":"BreadcrumbList","@id":"https:\/\/www.accuratereviews.com\/it\/software-creare-firme-email\/dropbox-sign-recensione\/#breadcrumb","itemListElement":[{"@type":"ListItem","position":1,"name":"Home","item":"https:\/\/www.accuratereviews.com\/it\/"},{"@type":"ListItem","position":2,"name":"Software per creare firme per email","item":"https:\/\/www.accuratereviews.com\/it\/software-creare-firme-email\/"},{"@type":"ListItem","position":3,"name":"Dropbox Sign"}]},{"@type":"WebSite","@id":"https:\/\/www.accuratereviews.com\/it\/#website","url":"https:\/\/www.accuratereviews.com\/it\/","name":"Accurate Reviews","description":"","potentialAction":[{"@type":"SearchAction","target":{"@type":"EntryPoint","urlTemplate":"https:\/\/www.accuratereviews.com\/it\/?s={search_term_string}"},"query-input":{"@type":"PropertyValueSpecification","valueRequired":true,"valueName":"search_term_string"}}],"inLanguage":"it-IT"}]}},"_links":{"self":[{"href":"https:\/\/www.accuratereviews.com\/it\/wp-json\/wp\/v2\/pages\/77034","targetHints":{"allow":["GET"]}}],"collection":[{"href":"https:\/\/www.accuratereviews.com\/it\/wp-json\/wp\/v2\/pages"}],"about":[{"href":"https:\/\/www.accuratereviews.com\/it\/wp-json\/wp\/v2\/types\/page"}],"author":[{"embeddable":true,"href":"https:\/\/www.accuratereviews.com\/it\/wp-json\/wp\/v2\/users\/17"}],"replies":[{"embeddable":true,"href":"https:\/\/www.accuratereviews.com\/it\/wp-json\/wp\/v2\/comments?post=77034"}],"version-history":[{"count":2,"href":"https:\/\/www.accuratereviews.com\/it\/wp-json\/wp\/v2\/pages\/77034\/revisions"}],"predecessor-version":[{"id":77046,"href":"https:\/\/www.accuratereviews.com\/it\/wp-json\/wp\/v2\/pages\/77034\/revisions\/77046"}],"up":[{"embeddable":true,"href":"https:\/\/www.accuratereviews.com\/it\/wp-json\/wp\/v2\/pages\/57751"}],"wp:featuredmedia":[{"embeddable":true,"href":"https:\/\/www.accuratereviews.com\/it\/wp-json\/wp\/v2\/media\/77040"}],"wp:attachment":[{"href":"https:\/\/www.accuratereviews.com\/it\/wp-json\/wp\/v2\/media?parent=77034"}],"wp:term":[{"taxonomy":"category","embeddable":true,"href":"https:\/\/www.accuratereviews.com\/it\/wp-json\/wp\/v2\/categories?post=77034"},{"taxonomy":"post_tag","embeddable":true,"href":"https:\/\/www.accuratereviews.com\/it\/wp-json\/wp\/v2\/tags?post=77034"},{"taxonomy":"features","embeddable":true,"href":"https:\/\/www.accuratereviews.com\/it\/wp-json\/wp\/v2\/features?post=77034"}],"curies":[{"name":"wp","href":"https:\/\/api.w.org\/{rel}","templated":true}]}}